{"id":19296,"date":"2025-12-09T08:23:39","date_gmt":"2025-12-09T08:23:39","guid":{"rendered":"https:\/\/oreskylaw.com\/?page_id=19296"},"modified":"2026-01-26T08:21:51","modified_gmt":"2026-01-26T08:21:51","slug":"abogados-de-accidentes-de-lavaventanas","status":"publish","type":"page","link":"https:\/\/oreskylaw.com\/es\/nyc\/abogados-de-accidentes-de-lavaventanas\/","title":{"rendered":"Accidentes de Limpiadores De Ventanas"},"content":{"rendered":"<h2>Se fueron heridos en un Window Washer accidente?<\/h2>\n<p>Si usted o un ser querido fue lesionado en un accidente de limpiador de ventanas de gran altura, Oresky &amp; Associates, PLLC est\u00e1 listo para ayudar.<\/p>\n<h3>Hemos defendido v\u00edctimas de accidentes en New York por m\u00e1s de 30 a\u00f1os<\/h3>\n<p>Limpiadores de ventanas se ponen en gran riesgo ya que a menudo el trabajo en andamios en alturas elevadas. Si usted o un ser querido se ha lesionado en un accidente de limpiador de ventanas de gran altura, Oresky &amp; Associates, PLLC est\u00e1 listo para ayudar.<\/p>\n<p>Llame a un abogado\u00a0<strong>accidentes limpiador de ventanas<\/strong>\u00a0en la ciudad de New York hoy para una revisi\u00f3n del caso sin cargo al\u00a0<a href=\"tel:\">(929) 305-0949<\/a>. En nuestros m\u00e1s de 30 a\u00f1os, hemos recuperado m\u00e1s de $ 400 millones en da\u00f1os a trav\u00e9s de acuerdos y veredictos para clientes. Podemos ayudarle a buscar por da\u00f1os por el dolor y el sufrimiento causado por las lesiones, u otras p\u00e9rdidas que hayan sufrido debido a un accidente de la ciudad de New York limpiador de ventanas<\/p>\n<h2>Vamos a ayudarle a recuperar los da\u00f1os mientras usted se concentra en sentirse mejor<\/h2>\n<p>Nuestra firma ha asegurado asentamientos multimillonarios y veredictos para nuestros clientes y sus familias que han sufrido tragedias similares. No deje que nadie le diga que su estado de inmigraci\u00f3n le impide presentar una demanda o la recuperaci\u00f3n de da\u00f1os monetarios. Incluso si usted es indocumentado, a\u00fan puede emprende acciones legales si estuviera herido.<\/p>\n<p>\u00c9stos son s\u00f3lo algunos de los resultados de casos de nuestra firma para los trabajadores que resultaron heridas en el trabajo:<\/p>\n<ul>\n<li>$18 de millones de veredicto para un trabajador indocumentado que sufri\u00f3 heridas en un accidente de construcci\u00f3n<\/li>\n<li>$9.9 millones para un trabajador de la construcci\u00f3n que se lesion\u00f3 en el sitio<\/li>\n<li>$6.6 millones para un trabajador que cay\u00f3 desde una altura de elevaci\u00f3n de andamios<\/li>\n<li>$6 millones otorgados a un trabajador que se cay\u00f3 de una escalera<\/li>\n<li>$5.5 millones de won para un trabajador que se lesion\u00f3 en un colapso escalera<\/li>\n<\/ul>\n<p>Si bien los resultados anteriores no garantizan un resultado similar, Oresky &amp; Associates, PLLC tiene un profundo conocimiento de los casos de lesiones de trabajo. Vamos a utilizar este conocimiento en profundidad para buscar da\u00f1os de dinero por su dolor y sufrimiento (pasado y futuro) causada por sus lesiones.<\/p>\n<h2>Un R\u00e9cord de \u00e9xito basado en el trabajo duro y la dedicaci\u00f3n<\/h2>\n<p>Cuando se trata de litigios, no hay tiempo que perder. Una vez llame a nuestra oficina, podemos comenzar a construir su caso en la b\u00fasqueda de su compensaci\u00f3n. En tres cortos pasos, su camino legal puede empezar hoy.<\/p>\n<ul>\n<li><strong>Evaluaci\u00f3n gratuita de casos:\u00a0<\/strong>Llame a nuestra oficina, env\u00edenos un correo electr\u00f3nico, o converse con nosotros en l\u00ednea para recibir una evaluaci\u00f3n gratuita de su caso.<\/li>\n<li><strong>Inscr\u00edbase:\u00a0<\/strong>Luego de la revisi\u00f3n gratuita a su caso, podemos crear su perfil de cliente y recopilar la informaci\u00f3n que usted disponga.<\/li>\n<li><strong>Inicie su recuperaci\u00f3n:\u00a0<\/strong>Nos hacemos cargo de su caso, actualiz\u00e1ndole en la medida que avanza. Usted puede concentrarse en su salud a la par que nos enfocamos en su caso.<\/li>\n<\/ul>\n<img loading=\"lazy\" decoding=\"async\" class=\"aligncenter wp-image-11408 size-full\" src=\"https:\/\/oreskylaw.com\/wp-content\/uploads\/2026\/01\/bronx-construction-site-accident-attorney.webp\" alt=\"bronx construction site accident attorney\" width=\"746\" height=\"420\" srcset=\"https:\/\/oreskylaw.com\/wp-content\/uploads\/2026\/01\/bronx-construction-site-accident-attorney.webp 746w, https:\/\/oreskylaw.com\/wp-content\/uploads\/2026\/01\/bronx-construction-site-accident-attorney-300x169.webp 300w\" sizes=\"auto, (max-width: 746px) 100vw, 746px\" \/>\n<h2>Derecho de New York proporciona protecciones fuertes para arandelas de ventana<\/h2>\n<p>Nuestra empresa trabaja todos los d\u00edas con muchos casos relacionados con la Ley del Trabajo del Estado de New York La Ley del Trabajo, Secciones 240 (1) &amp; 202 proporcionan una fuerte protecci\u00f3n para los limpiadores de ventanas. As\u00ed que incluso si usted siente que puede ser parte de la culpa de su accidente, la ley puede sostener el propietario del edificio 100 por ciento responsable por su accidente. llamada nosotros hoy, y vamos a explicar c\u00f3mo la ley le protege.<\/p>\n<p>Un abogado de accidentes de limpiador de ventanas puede usted y su familia ayudar de muchas maneras, pero la m\u00e1s importante puede ser su salud. Si estaba gravemente herido en un accidente de limpiador de ventanas, usted podr\u00eda estar enfrentando un plazo ampliado. Nosotros nos ocupamos de llevar a cabo una compensaci\u00f3n para que pueda centrarse en su salud.<\/p>\n    <div class=\"cw-cta-box\">\n        <div class=\"cw-cta-box__inner \">\n            <div class=\"cw-cta-box__info\">\n                                    <div class=\"label\">\u00a1Llame ahora!<\/div>\n                            <\/div>\n                            <div class=\"contact-phone\">\n                    <a href=\"tel:7189939999\"\n                        aria-label=\"Tap to call button\">\n                        718-993-9999                    <\/a>\n                <\/div>\n                    <\/div>\n                    <a href=\"\/es\/contacto\/\"\n               class=\"cta-btn btn btn--primary btn\"\n               target=\"\">\n                Obtenga Una Consulta Gratuita            <\/a>\n            <\/div>\n    \n<h2>Usted podr\u00eda recuperar los da\u00f1os sin importar su estatus legal<\/h2>\n<p><img loading=\"lazy\" decoding=\"async\" class=\"size-full wp-image-11926 alignleft\" src=\"https:\/\/oreskylaw.com\/wp-content\/uploads\/2026\/01\/How-Do-I-Prove-Negligence-After-a-Construction-Accident-in-New-York.webp\" alt=\"ow Our Bronx Construction Accident Lawyers Can Help If You?ve Been Injured in an Excavation Accident\" width=\"300\" height=\"136\" \/>Si usted o un ser querido fue lesionado en un accidente de limpiador de ventanas Ciudad de New York, por favor contacto Oresky &amp; Associates, PLLC sobre la recuperaci\u00f3n de da\u00f1os monetarios por sus lesiones. Su jefe puede haber tratado de decirle que el estatus migratorio puede evitar que se acumule da\u00f1os-no lo hace.<\/p>\n<p>Usted tiene el derecho a pedir una indemnizaci\u00f3n y la justicia, incluso si usted no es un ciudadano naturalizado o legal. Un abogado de accidentes de limpiador de ventanas puede recoger pruebas, evaluar sus da\u00f1os, y buscar el dinero por da\u00f1os de todas las partes responsables.<\/p>\n<p>Por favor, p\u00f3ngase en contacto con nuestra firma para obtener m\u00e1s informaci\u00f3n sobre sus derechos legales cuando se trata de la recuperaci\u00f3n de da\u00f1os y perjuicios. Llame\u00a0<a href=\"tel:+19293050949\">(929) 305-0949<\/a>\u00a0para una revisi\u00f3n gratuita de su caso con un miembro de nuestro equipo.<\/p>\n<h3>Tenemos experiencia recuperaci\u00f3n de los da\u00f1os por accidentes Window Washer<\/h3>\n<p>Un abogado de accidente de limpiador de ventanas puede ayudar a recuperar da\u00f1os monetarios lesiones, p\u00e9rdida de salarios, beneficios de la uni\u00f3n, y otras p\u00e9rdidas.<\/p>\n<p>Estado de New York le permite pedir una indemnizaci\u00f3n por da\u00f1os y perjuicios econ\u00f3micos tales como:<\/p>\n<ul>\n<li>Honorarios de ambulancia<\/li>\n<li>La estancia hospitalaria<\/li>\n<li>Las visitas al m\u00e9dico<\/li>\n<li>El tratamiento m\u00e9dico<\/li>\n<li>Pruebas de diagn\u00f3stico m\u00e9dico<\/li>\n<li>Recetas<\/li>\n<li>La p\u00e9rdida de trabajo y salarios anteriores<\/li>\n<li>La p\u00e9rdida de trabajo futuro y los salarios futuros<\/li>\n<li>Perdidas beneficios de la uni\u00f3n<\/li>\n<\/ul>\n<p>Nuestra empresa tambi\u00e9n puede ayudar a recuperar los da\u00f1os no econ\u00f3micos despu\u00e9s de un accidente de limpiador de ventanas. \u00c9stos incluyen:<\/p>\n<ul>\n<li>Los da\u00f1os monetarios para el dolor y el sufrimiento causados por lesiones pasado<\/li>\n<li>Los da\u00f1os monetarios para el dolor y el sufrimiento causados por lesiones futuro<\/li>\n<li>El estr\u00e9s emocional de hacer frente a la lesi\u00f3n<\/li>\n<\/ul>\n<p><a href=\"https:\/\/oreskylaw.com\/es\/\">Oresky &amp; Associates, PLLC<\/a>\u00a0han estado ayudando a las personas heridas en la ciudad de New York durante tres d\u00e9cadas. Estamos aqu\u00ed para ayudar a usted y su familia.<\/p>\n<h2>\u00bfC\u00f3mo Lesiones Window Washer se producen<\/h2>\n<p>En nuestra experiencia como\u00a0<a href=\"https:\/\/oreskylaw.com\/es\/nyc-personal-injury-lawyers.html\">abogados<\/a>, las razones m\u00e1s comunes de estas lesiones incluyen:<\/p>\n<ul>\n<li>Defectuoso limpiador de ventanas andamio de construcci\u00f3n, inspecci\u00f3n o mantenimiento<\/li>\n<li>Equipo de seguridad inadecuada como arneses, cinturones de seguridad, o l\u00edneas de seguridad<\/li>\n<li>Defectuoso andamios<\/li>\n<li>La falta de equipo de seguridad adecuado y supervisi\u00f3n<\/li>\n<\/ul>\n<p>El sitio web de la\u00a0<a href=\"https:\/\/www.osha.gov\/pls\/imis\/AccidentSearch.search?acc_keyword=%2522Window%2520Washer%2522&amp;keyword_list=on\" target=\"_blank\" rel=\"nofollow noopener noreferrer\">Administraci\u00f3n de Seguridad y Salud (OSHA)<\/a>\u00a0enumera docenas de lesiones y muertes sufridas por los limpiadores de ventanas. Esta agencia federal tambi\u00e9n establece las directrices de seguridad para las empresas para que puedan mantener a sus trabajadores prevenir lesiones.<\/p>\n<p>Un abogado de accidentes de limpiador de ventanas en la ciudad de New York puede ayudar a usted y su familia una indemnizaci\u00f3n de modo que usted no tiene que sufrir financieramente por las lesiones que usted no caus\u00f3.<\/p>\n<h2>Oresky &amp; Associates, PLLC Mantiene las partes responsables Responsable<\/h2>\n<p>Nuestro equipo asegura pruebas, los testimonios y la documentaci\u00f3n para demostrar la responsabilidad. Esto puede incluir:<\/p>\n<ul>\n<li>Fotos de la escena del accidente<\/li>\n<li>Las declaraciones de testigos<\/li>\n<li>Videos del accidente<\/li>\n<\/ul>\n<p>Utilizamos esta informaci\u00f3n para luchar por la compensaci\u00f3n que usted y su familia merecen.<\/p>\n<h2>Protegemos sus derechos despu\u00e9s de un accidente<\/h2>\n<p>Los propietarios de edificios tienen el deber de cuidar a tomar medidas razonables para prevenir lesiones para los trabajadores que las ventanas limpiar y lavar. New York tiene muchos edificios de gran altura, lo que hace que estas medidas de seguridad a\u00fan m\u00e1s cr\u00edtica.<\/p>\n<p>Ciertos propietarios de edificios deben cumplir con las leyes estatales con respecto a los andamios y otros dispositivos necesarios para trabajos en alturas elevadas. Tenemos una comprensi\u00f3n en profundidad de New York Derecho Laboral \u00a7240 &amp; 202 y otras leyes estatales que se relacionan con la protecci\u00f3n de los limpiadores de ventanas. Estas leyes proporcionan una fuerte protecci\u00f3n para las personas que trabajan como limpiadores de ventanas.<\/p>\n<h3>Conoce tu Bajo derechos legales \u201cLey del Andamio\u201d<\/h3>\n<p>Un abogado de accidente de limpiador de ventanas examinar\u00e1 las circunstancias de su caso para determinar la responsabilidad por el propietario del edificio o administrador de la propiedad. Incluso si utiliza sus propias herramientas y equipos, todav\u00eda es la responsabilidad de ciertos propietarios de edificios o administradores de la propiedad para asegurarse de que las medidas de seguridad razonables est\u00e1n en su lugar.<\/p>\n","protected":false},"excerpt":{"rendered":"<p>Se fueron heridos en un Window Washer accidente? Si usted o un ser querido fue lesionado en un accidente de limpiador de ventanas de gran altura, Oresky &amp; Associates, PLLC est\u00e1 listo para ayudar. Hemos defendido v\u00edctimas de accidentes en New York por m\u00e1s de 30 a\u00f1os Limpiadores de ventanas se ponen en gran riesgo [&hellip;]<\/p>\n","protected":false},"author":9,"featured_media":0,"parent":18614,"menu_order":112,"comment_status":"closed","ping_status":"closed","template":"","meta":{"_acf_changed":false,"footnotes":""},"class_list":["post-19296","page","type-page","status-publish","hentry"],"acf":[],"yoast_head":"<!-- This site is optimized with the Yoast SEO plugin v27.3 - https:\/\/yoast.com\/product\/yoast-seo-wordpress\/ -->\n<title>Abogado de Accidentes de Limpiadores De Ventanas, NYC - Oresky &amp; Associates, PLLC<\/title>\n<meta name=\"description\" content=\"Nuestros abogados entienden los desaf\u00edos de los accidentes de limpieza de ventanas. Obtenga representaci\u00f3n legal. Ll\u00e1menos para evaluaci\u00f3n de su caso en NYC.\" \/>\n<meta name=\"robots\" content=\"index, follow, max-snippet:-1, max-image-preview:large, max-video-preview:-1\" \/>\n<link rel=\"canonical\" href=\"https:\/\/oreskylaw.com\/es\/nyc\/abogados-de-accidentes-de-lavaventanas\/\" \/>\n<meta property=\"og:locale\" content=\"es_ES\" \/>\n<meta property=\"og:type\" content=\"article\" \/>\n<meta property=\"og:title\" content=\"Abogado de Accidentes de Limpiadores De Ventanas, NYC - Oresky &amp; Associates, PLLC\" \/>\n<meta property=\"og:description\" content=\"Nuestros abogados entienden los desaf\u00edos de los accidentes de limpieza de ventanas. Obtenga representaci\u00f3n legal. Ll\u00e1menos para evaluaci\u00f3n de su caso en NYC.\" \/>\n<meta property=\"og:url\" content=\"https:\/\/oreskylaw.com\/es\/nyc\/abogados-de-accidentes-de-lavaventanas\/\" \/>\n<meta property=\"og:site_name\" content=\"Oresky &amp; Associates, PLLC\" \/>\n<meta property=\"article:publisher\" content=\"https:\/\/www.facebook.com\/Oreskylaw\/\" \/>\n<meta property=\"article:modified_time\" content=\"2026-01-26T08:21:51+00:00\" \/>\n<meta property=\"og:image\" content=\"https:\/\/oreskylaw.com\/wp-content\/uploads\/2026\/01\/bronx-construction-site-accident-attorney.webp\" \/>\n\t<meta property=\"og:image:width\" content=\"746\" \/>\n\t<meta property=\"og:image:height\" content=\"420\" \/>\n\t<meta property=\"og:image:type\" content=\"image\/webp\" \/>\n<meta name=\"twitter:card\" content=\"summary_large_image\" \/>\n<meta name=\"twitter:site\" content=\"@JacobOreskyLaw\" \/>\n<meta name=\"twitter:label1\" content=\"Tiempo de lectura\" \/>\n\t<meta name=\"twitter:data1\" content=\"7 minutos\" \/>\n<!-- \/ Yoast SEO plugin. -->","yoast_head_json":{"title":"Abogado de Accidentes de Limpiadores De Ventanas, NYC - Oresky & Associates, PLLC","description":"Nuestros abogados entienden los desaf\u00edos de los accidentes de limpieza de ventanas. Obtenga representaci\u00f3n legal. Ll\u00e1menos para evaluaci\u00f3n de su caso en NYC.","robots":{"index":"index","follow":"follow","max-snippet":"max-snippet:-1","max-image-preview":"max-image-preview:large","max-video-preview":"max-video-preview:-1"},"canonical":"https:\/\/oreskylaw.com\/es\/nyc\/abogados-de-accidentes-de-lavaventanas\/","og_locale":"es_ES","og_type":"article","og_title":"Abogado de Accidentes de Limpiadores De Ventanas, NYC - Oresky & Associates, PLLC","og_description":"Nuestros abogados entienden los desaf\u00edos de los accidentes de limpieza de ventanas. Obtenga representaci\u00f3n legal. Ll\u00e1menos para evaluaci\u00f3n de su caso en NYC.","og_url":"https:\/\/oreskylaw.com\/es\/nyc\/abogados-de-accidentes-de-lavaventanas\/","og_site_name":"Oresky &amp; Associates, PLLC","article_publisher":"https:\/\/www.facebook.com\/Oreskylaw\/","article_modified_time":"2026-01-26T08:21:51+00:00","og_image":[{"width":746,"height":420,"url":"https:\/\/oreskylaw.com\/wp-content\/uploads\/2026\/01\/bronx-construction-site-accident-attorney.webp","type":"image\/webp"}],"twitter_card":"summary_large_image","twitter_site":"@JacobOreskyLaw","twitter_misc":{"Tiempo de lectura":"7 minutos"},"schema":{"@context":"https:\/\/schema.org","@graph":[{"@type":"WebPage","@id":"https:\/\/oreskylaw.com\/es\/nyc\/abogados-de-accidentes-de-lavaventanas\/","url":"https:\/\/oreskylaw.com\/es\/nyc\/abogados-de-accidentes-de-lavaventanas\/","name":"Abogado de Accidentes de Limpiadores De Ventanas, NYC - Oresky & Associates, PLLC","isPartOf":{"@id":"https:\/\/oreskylaw.com\/es\/#website"},"primaryImageOfPage":{"@id":"https:\/\/oreskylaw.com\/es\/nyc\/abogados-de-accidentes-de-lavaventanas\/#primaryimage"},"image":{"@id":"https:\/\/oreskylaw.com\/es\/nyc\/abogados-de-accidentes-de-lavaventanas\/#primaryimage"},"thumbnailUrl":"https:\/\/oreskylaw.com\/wp-content\/uploads\/2026\/01\/bronx-construction-site-accident-attorney.webp","datePublished":"2025-12-09T08:23:39+00:00","dateModified":"2026-01-26T08:21:51+00:00","description":"Nuestros abogados entienden los desaf\u00edos de los accidentes de limpieza de ventanas. Obtenga representaci\u00f3n legal. Ll\u00e1menos para evaluaci\u00f3n de su caso en NYC.","breadcrumb":{"@id":"https:\/\/oreskylaw.com\/es\/nyc\/abogados-de-accidentes-de-lavaventanas\/#breadcrumb"},"inLanguage":"es","potentialAction":[{"@type":"ReadAction","target":["https:\/\/oreskylaw.com\/es\/nyc\/abogados-de-accidentes-de-lavaventanas\/"]}]},{"@type":"ImageObject","inLanguage":"es","@id":"https:\/\/oreskylaw.com\/es\/nyc\/abogados-de-accidentes-de-lavaventanas\/#primaryimage","url":"https:\/\/oreskylaw.com\/wp-content\/uploads\/2026\/01\/bronx-construction-site-accident-attorney.webp","contentUrl":"https:\/\/oreskylaw.com\/wp-content\/uploads\/2026\/01\/bronx-construction-site-accident-attorney.webp"},{"@type":"BreadcrumbList","@id":"https:\/\/oreskylaw.com\/es\/nyc\/abogados-de-accidentes-de-lavaventanas\/#breadcrumb","itemListElement":[{"@type":"ListItem","position":1,"name":"Inicio","item":"https:\/\/oreskylaw.com\/es\/"},{"@type":"ListItem","position":2,"name":"New York","item":"https:\/\/oreskylaw.com\/es\/nyc\/"},{"@type":"ListItem","position":3,"name":"Accidentes de Limpiadores De Ventanas"}]},{"@type":"WebSite","@id":"https:\/\/oreskylaw.com\/es\/#website","url":"https:\/\/oreskylaw.com\/es\/","name":"Oresky & Associates PLLC","description":"","publisher":{"@id":"https:\/\/oreskylaw.com\/es\/#organization"},"potentialAction":[{"@type":"SearchAction","target":{"@type":"EntryPoint","urlTemplate":"https:\/\/oreskylaw.com\/es\/?s={search_term_string}"},"query-input":{"@type":"PropertyValueSpecification","valueRequired":true,"valueName":"search_term_string"}}],"inLanguage":"es"}]}},"_links":{"self":[{"href":"https:\/\/oreskylaw.com\/es\/wp-json\/wp\/v2\/pages\/19296","targetHints":{"allow":["GET"]}}],"collection":[{"href":"https:\/\/oreskylaw.com\/es\/wp-json\/wp\/v2\/pages"}],"about":[{"href":"https:\/\/oreskylaw.com\/es\/wp-json\/wp\/v2\/types\/page"}],"author":[{"embeddable":true,"href":"https:\/\/oreskylaw.com\/es\/wp-json\/wp\/v2\/users\/9"}],"replies":[{"embeddable":true,"href":"https:\/\/oreskylaw.com\/es\/wp-json\/wp\/v2\/comments?post=19296"}],"version-history":[{"count":0,"href":"https:\/\/oreskylaw.com\/es\/wp-json\/wp\/v2\/pages\/19296\/revisions"}],"up":[{"embeddable":true,"href":"https:\/\/oreskylaw.com\/es\/wp-json\/wp\/v2\/pages\/18614"}],"wp:attachment":[{"href":"https:\/\/oreskylaw.com\/es\/wp-json\/wp\/v2\/media?parent=19296"}],"curies":[{"name":"wp","href":"https:\/\/api.w.org\/{rel}","templated":true}]}}