{"id":19308,"date":"2025-12-09T08:24:10","date_gmt":"2025-12-09T08:24:10","guid":{"rendered":"https:\/\/oreskylaw.com\/?page_id=19308"},"modified":"2026-01-31T08:40:40","modified_gmt":"2026-01-31T08:40:40","slug":"abogados-de-compensacion-laboral","status":"publish","type":"page","link":"https:\/\/oreskylaw.com\/es\/nyc\/abogados-de-compensacion-laboral\/","title":{"rendered":"Abogado de Accidentes Laborables"},"content":{"rendered":"<p>Si usted se lesion\u00f3 en el trabajo, usted puede tener derecho a hacer una reclamaci\u00f3n separada por da\u00f1os y perjuicios por lesiones personales en adici\u00f3n a cualquier reclamaci\u00f3n de compensaci\u00f3n de trabajadores que pueda tener.<\/p>\n<h2>Mantenimiento del Bronx, Queens, Manhattan y NYC<\/h2>\n<p>Cuando vaya al trabajo, usted debe esperar un ambiente seguro en el lugar de trabajo. Por desgracia, en el puesto de trabajo accidentes sufrir a las personas en la ciudad de New York y las \u00e1reas que rodean a diario. Si usted se lesion\u00f3 en el trabajo, usted puede tener derecho a hacer una reclamaci\u00f3n separada por da\u00f1os y perjuicios por lesiones personales en adici\u00f3n a cualquier reclamaci\u00f3n de compensaci\u00f3n de trabajadores que pueda tener.<\/p>\n<p>En Oresky &amp; Associates, PLLC, nuestros <a href=\"https:\/\/oreskylaw.com\/es\/nyc\/abogados-de-accidentes-de-construccion\/\">abogados de accidentes<\/a>\u00a0de trabajo Queens y el Bronx est\u00e1n comprometidos a proveer representaci\u00f3n compasiva a cada cliente. Si usted se lesion\u00f3 en el trabajo, ll\u00e1menos para una consulta gratuita y averiguar sus derechos legales. Somos una\u00a0<strong>lesi\u00f3n en el trabajo bufete de abogados<\/strong>\u00a0con experiencia con m\u00e1s de 30 a\u00f1os de experiencia.<\/p>\n<h2>Explore sus opciones tras un accidente en el trabajo<\/h2>\n<p>La Oficina de EE.UU. de Estad\u00edsticas del Trabajo inform\u00f3 que hubo 74 v\u00edctimas mortales relacionadas con el trabajo en la ciudad de New York en 2015, un ligero descenso respecto al a\u00f1o anterior. Muchas m\u00e1s personas est\u00e1n gravemente, a menudo heridos de forma permanente en los accidentes de trabajo, creando una carga para las v\u00edctimas y sus familias.<\/p>\n<p>Si bien la compensaci\u00f3n de trabajadores proporciona algunos beneficios a los heridos en el trabajo, no se pretende compensar una v\u00edctima de accidente de los da\u00f1os causados por el dolor y el sufrimiento, beneficios de la uni\u00f3n perdidos, as\u00ed como otros da\u00f1os. Afortunadamente, a menudo no es la \u00fanica opci\u00f3n a considerar. Si un tercero (alguien que no sea su empleador) causado o contribuido a una lesi\u00f3n en el trabajo, usted puede tener derecho a presentar una demanda por lesiones personales en contra de ese partido para recuperar una compensaci\u00f3n adicional por sus lesiones.<\/p>\n<h2>Un R\u00e9cord de \u00e9xito basado en el trabajo duro y la dedicaci\u00f3n<\/h2>\n<p>Cuando se trata de litigios, no hay tiempo que perder. Una vez llame a nuestra oficina, podemos comenzar a construir su caso en la b\u00fasqueda de su compensaci\u00f3n. En tres cortos pasos, su camino legal puede empezar hoy.<\/p>\n<ul>\n<li><strong>Evaluaci\u00f3n gratuita de casos:<\/strong>\u00a0Llame a nuestra oficina, env\u00edenos un correo electr\u00f3nico, o converse con nosotros en l\u00ednea para recibir una evaluaci\u00f3n gratuita de su caso.<\/li>\n<li><strong>Inscr\u00edbase:<\/strong>\u00a0Luego de la revisi\u00f3n gratuita a su caso, podemos crear su perfil de cliente y recopilar la informaci\u00f3n que usted disponga.<\/li>\n<li><strong>Inicie su recuperaci\u00f3n:\u00a0<\/strong>Nos hacemos cargo de su caso, actualiz\u00e1ndole en la medida que avanza. Usted puede concentrarse en su salud a la par que nos enfocamos en su caso.<\/li>\n<\/ul>\n<h2>C\u00f3mo Terceros Do Reclamaciones de trabajo?<\/h2>\n<p>En una reclamaci\u00f3n de un tercero, puede haber varios acusados que falla la cuota por el accidente y las lesiones resultantes de un trabajador. Podemos investigar su caso para identificar cada parte potencialmente responsable.<\/p>\n<p>Uno de los elementos clave de una demanda por accidente de trabajo de terceros o cualquier otra demanda por lesiones personales es causalidad. Esto significa que el accidente debe haber sido un resultado previsible de la negligencia del demandado. reclamaciones de terceros no siempre son f\u00e1ciles de navegar, por lo que un abogado experto que entiende c\u00f3mo investigar estos casos puede hacer una gran diferencia en su capacidad para obtener una indemnizaci\u00f3n.<\/p>\n    <div class=\"cw-cta-box\">\n        <div class=\"cw-cta-box__inner \">\n            <div class=\"cw-cta-box__info\">\n                                    <div class=\"label\">\u00a1Llame ahora!<\/div>\n                            <\/div>\n                            <div class=\"contact-phone\">\n                    <a href=\"tel:7189939999\"\n                        aria-label=\"Tap to call button\">\n                        718-993-9999                    <\/a>\n                <\/div>\n                    <\/div>\n                    <a href=\"\/es\/contacto\/\"\n               class=\"cta-btn btn btn--primary btn\"\n               target=\"\">\n                Obtenga Una Consulta Gratuita            <\/a>\n            <\/div>\n    \n<h2>Los da\u00f1os Despu\u00e9s de un lugar de trabajo Accidente<\/h2>\n<p><img loading=\"lazy\" decoding=\"async\" class=\"size-full wp-image-12587 alignright\" src=\"https:\/\/oreskylaw.com\/wp-content\/uploads\/2026\/01\/if-Youre-Hurt-in-a-Bronx-Bridge-Painting-Accident.webp\" alt=\"construction accident attorney Bronx NY\" width=\"300\" height=\"169\" \/>Los da\u00f1os se extienden m\u00e1s all\u00e1 de lo que est\u00e1 disponible a trav\u00e9s del sistema de compensaci\u00f3n de trabajadores, incluidas las p\u00e9rdidas no econ\u00f3micas como el dolor y el sufrimiento. Los da\u00f1os tambi\u00e9n pueden dar cuenta de la magnitud de la p\u00e9rdida de salarios de un trabajador y la capacidad para ganar, en lugar de ofrecer simplemente un reemplazo parcial del salario. Servir a la gente en Queens, el Bronx, y m\u00e1s all\u00e1, nuestros abogados de accidentes de trabajo han manejado una variedad de casos, incluyendo accidentes que involucran:<\/p>\n<div class=\"row\">\n<ul class=\"col-xl-6\">\n<li>Trabajadores de la construcci\u00f3n;<\/li>\n<li>Plomeros<\/li>\n<li>Electricistas;<\/li>\n<li>Carpinteros;<\/li>\n<li>trabajadores de demolici\u00f3n;<\/li>\n<\/ul>\n<ul class=\"col-xl-6\">\n<li>personal de reparto;<\/li>\n<li>Controladores;<\/li>\n<li>manipuladores de amianto;<\/li>\n<li>Los pintores y<\/li>\n<li>HVAC instaladores.<\/li>\n<\/ul>\n<\/div>\n<p>Surge de responsabilidad civil cuando alguien que no sea su empleador o compa\u00f1ero de trabajo act\u00faa sin cuidado, lo que lleva a una lesi\u00f3n en el trabajo. Este tipo de accidentes ocurren con frecuencia en obras de construcci\u00f3n.<\/p>\n","protected":false},"excerpt":{"rendered":"<p>Si usted se lesion\u00f3 en el trabajo, usted puede tener derecho a hacer una reclamaci\u00f3n separada por da\u00f1os y perjuicios por lesiones personales en adici\u00f3n a cualquier reclamaci\u00f3n de compensaci\u00f3n de trabajadores que pueda tener. Mantenimiento del Bronx, Queens, Manhattan y NYC Cuando vaya al trabajo, usted debe esperar un ambiente seguro en el lugar [&hellip;]<\/p>\n","protected":false},"author":9,"featured_media":0,"parent":18614,"menu_order":113,"comment_status":"closed","ping_status":"closed","template":"","meta":{"_acf_changed":false,"footnotes":""},"class_list":["post-19308","page","type-page","status-publish","hentry"],"acf":[],"yoast_head":"<!-- This site is optimized with the Yoast SEO plugin v27.3 - https:\/\/yoast.com\/product\/yoast-seo-wordpress\/ -->\n<title>Abogado de Accidentes Laborables en New York - Oresky &amp; Associates, PLLC<\/title>\n<meta name=\"description\" content=\"\u00bfSufriendo tras un accidente laboral en New York? Deje que nuestros abogados manejen su batalla legal. Contacte a Oresky &amp; Associates, PLLC para una consulta.\" \/>\n<meta name=\"robots\" content=\"index, follow, max-snippet:-1, max-image-preview:large, max-video-preview:-1\" \/>\n<link rel=\"canonical\" href=\"https:\/\/oreskylaw.com\/es\/nyc\/abogados-de-compensacion-laboral\/\" \/>\n<meta property=\"og:locale\" content=\"es_ES\" \/>\n<meta property=\"og:type\" content=\"article\" \/>\n<meta property=\"og:title\" content=\"Abogado de Accidentes Laborables en New York - Oresky &amp; Associates, PLLC\" \/>\n<meta property=\"og:description\" content=\"\u00bfSufriendo tras un accidente laboral en New York? Deje que nuestros abogados manejen su batalla legal. Contacte a Oresky &amp; Associates, PLLC para una consulta.\" \/>\n<meta property=\"og:url\" content=\"https:\/\/oreskylaw.com\/es\/nyc\/abogados-de-compensacion-laboral\/\" \/>\n<meta property=\"og:site_name\" content=\"Oresky &amp; Associates, PLLC\" \/>\n<meta property=\"article:publisher\" content=\"https:\/\/www.facebook.com\/Oreskylaw\/\" \/>\n<meta property=\"article:modified_time\" content=\"2026-01-31T08:40:40+00:00\" \/>\n<meta property=\"og:image\" content=\"https:\/\/oreskylaw.com\/wp-content\/uploads\/2026\/01\/if-Youre-Hurt-in-a-Bronx-Bridge-Painting-Accident.webp\" \/>\n\t<meta property=\"og:image:width\" content=\"300\" \/>\n\t<meta property=\"og:image:height\" content=\"169\" \/>\n\t<meta property=\"og:image:type\" content=\"image\/webp\" \/>\n<meta name=\"twitter:card\" content=\"summary_large_image\" \/>\n<meta name=\"twitter:site\" content=\"@JacobOreskyLaw\" \/>\n<meta name=\"twitter:label1\" content=\"Tiempo de lectura\" \/>\n\t<meta name=\"twitter:data1\" content=\"4 minutos\" \/>\n<!-- \/ Yoast SEO plugin. -->","yoast_head_json":{"title":"Abogado de Accidentes Laborables en New York - Oresky & Associates, PLLC","description":"\u00bfSufriendo tras un accidente laboral en New York? Deje que nuestros abogados manejen su batalla legal. Contacte a Oresky & Associates, PLLC para una consulta.","robots":{"index":"index","follow":"follow","max-snippet":"max-snippet:-1","max-image-preview":"max-image-preview:large","max-video-preview":"max-video-preview:-1"},"canonical":"https:\/\/oreskylaw.com\/es\/nyc\/abogados-de-compensacion-laboral\/","og_locale":"es_ES","og_type":"article","og_title":"Abogado de Accidentes Laborables en New York - Oresky & Associates, PLLC","og_description":"\u00bfSufriendo tras un accidente laboral en New York? Deje que nuestros abogados manejen su batalla legal. Contacte a Oresky & Associates, PLLC para una consulta.","og_url":"https:\/\/oreskylaw.com\/es\/nyc\/abogados-de-compensacion-laboral\/","og_site_name":"Oresky &amp; Associates, PLLC","article_publisher":"https:\/\/www.facebook.com\/Oreskylaw\/","article_modified_time":"2026-01-31T08:40:40+00:00","og_image":[{"width":300,"height":169,"url":"https:\/\/oreskylaw.com\/wp-content\/uploads\/2026\/01\/if-Youre-Hurt-in-a-Bronx-Bridge-Painting-Accident.webp","type":"image\/webp"}],"twitter_card":"summary_large_image","twitter_site":"@JacobOreskyLaw","twitter_misc":{"Tiempo de lectura":"4 minutos"},"schema":{"@context":"https:\/\/schema.org","@graph":[{"@type":"WebPage","@id":"https:\/\/oreskylaw.com\/es\/nyc\/abogados-de-compensacion-laboral\/","url":"https:\/\/oreskylaw.com\/es\/nyc\/abogados-de-compensacion-laboral\/","name":"Abogado de Accidentes Laborables en New York - Oresky & Associates, PLLC","isPartOf":{"@id":"https:\/\/oreskylaw.com\/es\/#website"},"primaryImageOfPage":{"@id":"https:\/\/oreskylaw.com\/es\/nyc\/abogados-de-compensacion-laboral\/#primaryimage"},"image":{"@id":"https:\/\/oreskylaw.com\/es\/nyc\/abogados-de-compensacion-laboral\/#primaryimage"},"thumbnailUrl":"https:\/\/oreskylaw.com\/wp-content\/uploads\/2026\/01\/if-Youre-Hurt-in-a-Bronx-Bridge-Painting-Accident.webp","datePublished":"2025-12-09T08:24:10+00:00","dateModified":"2026-01-31T08:40:40+00:00","description":"\u00bfSufriendo tras un accidente laboral en New York? Deje que nuestros abogados manejen su batalla legal. Contacte a Oresky & Associates, PLLC para una consulta.","breadcrumb":{"@id":"https:\/\/oreskylaw.com\/es\/nyc\/abogados-de-compensacion-laboral\/#breadcrumb"},"inLanguage":"es","potentialAction":[{"@type":"ReadAction","target":["https:\/\/oreskylaw.com\/es\/nyc\/abogados-de-compensacion-laboral\/"]}]},{"@type":"ImageObject","inLanguage":"es","@id":"https:\/\/oreskylaw.com\/es\/nyc\/abogados-de-compensacion-laboral\/#primaryimage","url":"https:\/\/oreskylaw.com\/wp-content\/uploads\/2026\/01\/if-Youre-Hurt-in-a-Bronx-Bridge-Painting-Accident.webp","contentUrl":"https:\/\/oreskylaw.com\/wp-content\/uploads\/2026\/01\/if-Youre-Hurt-in-a-Bronx-Bridge-Painting-Accident.webp"},{"@type":"BreadcrumbList","@id":"https:\/\/oreskylaw.com\/es\/nyc\/abogados-de-compensacion-laboral\/#breadcrumb","itemListElement":[{"@type":"ListItem","position":1,"name":"Inicio","item":"https:\/\/oreskylaw.com\/es\/"},{"@type":"ListItem","position":2,"name":"New York","item":"https:\/\/oreskylaw.com\/es\/nyc\/"},{"@type":"ListItem","position":3,"name":"Abogado de Accidentes Laborables"}]},{"@type":"WebSite","@id":"https:\/\/oreskylaw.com\/es\/#website","url":"https:\/\/oreskylaw.com\/es\/","name":"Oresky & Associates PLLC","description":"","publisher":{"@id":"https:\/\/oreskylaw.com\/es\/#organization"},"potentialAction":[{"@type":"SearchAction","target":{"@type":"EntryPoint","urlTemplate":"https:\/\/oreskylaw.com\/es\/?s={search_term_string}"},"query-input":{"@type":"PropertyValueSpecification","valueRequired":true,"valueName":"search_term_string"}}],"inLanguage":"es"}]}},"_links":{"self":[{"href":"https:\/\/oreskylaw.com\/es\/wp-json\/wp\/v2\/pages\/19308","targetHints":{"allow":["GET"]}}],"collection":[{"href":"https:\/\/oreskylaw.com\/es\/wp-json\/wp\/v2\/pages"}],"about":[{"href":"https:\/\/oreskylaw.com\/es\/wp-json\/wp\/v2\/types\/page"}],"author":[{"embeddable":true,"href":"https:\/\/oreskylaw.com\/es\/wp-json\/wp\/v2\/users\/9"}],"replies":[{"embeddable":true,"href":"https:\/\/oreskylaw.com\/es\/wp-json\/wp\/v2\/comments?post=19308"}],"version-history":[{"count":0,"href":"https:\/\/oreskylaw.com\/es\/wp-json\/wp\/v2\/pages\/19308\/revisions"}],"up":[{"embeddable":true,"href":"https:\/\/oreskylaw.com\/es\/wp-json\/wp\/v2\/pages\/18614"}],"wp:attachment":[{"href":"https:\/\/oreskylaw.com\/es\/wp-json\/wp\/v2\/media?parent=19308"}],"curies":[{"name":"wp","href":"https:\/\/api.w.org\/{rel}","templated":true}]}}