{"id":19320,"date":"2025-12-09T08:24:28","date_gmt":"2025-12-09T08:24:28","guid":{"rendered":"https:\/\/oreskylaw.com\/?page_id=19320"},"modified":"2026-01-31T08:41:22","modified_gmt":"2026-01-31T08:41:22","slug":"abogados-de-muerte-por-negligencia","status":"publish","type":"page","link":"https:\/\/oreskylaw.com\/es\/nyc\/abogados-de-muerte-por-negligencia\/","title":{"rendered":"Muerte Injusta"},"content":{"rendered":"<h2>\u00bfHa perdido un ser querido en un homicidio culposo?<\/h2>\n<p>Trabajamos duro para asegurarnos de que las familias en duelo reciban la compasi\u00f3n y la compensaci\u00f3n que merecen luego de un accidente fatal.<\/p>\n<h3>El servicio de la zona metropolitana de la ciudad de New York por m\u00e1s de 30 a\u00f1os<\/h3>\n<p>En el momento de profundo dolor tras un accidente fatal, es obviamente dif\u00edcil para los miembros de la familia que preocuparse de investigar la causa del accidente y la celebraci\u00f3n de las partes responsables rindan cuentas. Sin embargo, es importante actuar con rapidez para preservar las pruebas, se re\u00fanen nombres de los testigos e iniciar una investigaci\u00f3n de las circunstancias que rodearon la muerte de la v\u00edctima.<\/p>\n<p>En Oresky &amp; Associates, PLLC, Nuestros abogados proporcionan representaci\u00f3n legal dedicada a las familias en duelo en litigios por muerte injusta. Al contar con un abogado de hacerse cargo de su caso desde el principio, se puede buscar la justicia, mientras que sus capas pluviales de la familia con su tr\u00e1gica p\u00e9rdida.<\/p>\n<h2>Hemos defendido a las v\u00edctimas de lesiones por m\u00e1s de 30 a\u00f1os<\/h2>\n<p>Nuestro bufete de abogados ha ganado millones de d\u00f3lares en veredictos y acuerdos en relaci\u00f3n con casos relacionados con lesiones graves que amenazan la vida y muerte injusta. Algunos notables asentamientos y los veredictos del jurado que han sido alcanzados por nuestros abogados de muerte en New York incluyen:<\/p>\n<ul>\n<li>$5,000,000 concedido a la familia de los peatones que muri\u00f3 en el autob\u00fas escolar.<\/li>\n<li>$3,000,000 adjudicado a la familia del trabajador de la construcci\u00f3n que se mat\u00f3 cuando la m\u00e1quina que conduc\u00eda se cay\u00f3 de la pared de un edificio.<\/li>\n<li>$2,200,000 concedido a la familia de un trabajador de la construcci\u00f3n que muri\u00f3 como resultado de una ca\u00edda desde un andamio.<\/li>\n<li>$1,200,000 otorg\u00f3 a la familia de un hombre que muri\u00f3 como consecuencia de un accidente de coche atropello y fuga.<\/li>\n<\/ul>\n<p>Resultados Ver caso adicional aqu\u00ed. Los resultados anteriores no garantizan un resultado similar futuro.<\/p>\n<h2>Un R\u00e9cord de \u00e9xito basado en el trabajo duro y la dedicaci\u00f3n<\/h2>\n<p>Cuando se trata de litigios, no hay tiempo que perder. Una vez llame a nuestra oficina, podemos comenzar a construir su caso en la b\u00fasqueda de su compensaci\u00f3n. En tres cortos pasos, su camino legal puede empezar hoy.<\/p>\n<ul>\n<li><strong>Evaluaci\u00f3n gratuita de casos:\u00a0<\/strong>Llame a nuestra oficina, env\u00edenos un correo electr\u00f3nico, o converse con nosotros en l\u00ednea para recibir una evaluaci\u00f3n gratuita de su caso.<\/li>\n<li><strong>Inscr\u00edbase:\u00a0<\/strong>Luego de la revisi\u00f3n gratuita a su caso, podemos crear su perfil de cliente y recopilar la informaci\u00f3n que usted disponga.<\/li>\n<li><strong>Inicie su recuperaci\u00f3n:<\/strong>\u00a0Nos hacemos cargo de su caso, actualiz\u00e1ndole en la medida que avanza. Usted puede concentrarse en su salud a la par que nos enfocamos en su caso.<\/li>\n<\/ul>\n    <div class=\"cw-cta-box\">\n        <div class=\"cw-cta-box__inner \">\n            <div class=\"cw-cta-box__info\">\n                                    <div class=\"label\">\u00a1Llame ahora!<\/div>\n                            <\/div>\n                            <div class=\"contact-phone\">\n                    <a href=\"tel:7189939999\"\n                        aria-label=\"Tap to call button\">\n                        718-993-9999                    <\/a>\n                <\/div>\n                    <\/div>\n                    <a href=\"\/es\/contacto\/\"\n               class=\"cta-btn btn btn--primary btn\"\n               target=\"\">\n                Obtenga Una Consulta Gratuita            <\/a>\n            <\/div>\n    \n<h2>La celebraci\u00f3n de los Responsables Responsable de la tr\u00e1gica p\u00e9rdida de su familia<\/h2>\n<p><img loading=\"lazy\" decoding=\"async\" class=\"size-full wp-image-15217 alignright\" src=\"https:\/\/oreskylaw.com\/wp-content\/uploads\/2026\/01\/Why-Should-I-Hire-a-Personal-Injury-Lawyer.webp\" alt=\"construction accident attorney Bronx NY\" width=\"300\" height=\"199\" \/>Si usted ha perdido un familiar en un accidente de construcci\u00f3n, accidentes de auto, accidentes de construcci\u00f3n o cualquier otro accidente, usted puede tener una demanda por homicidio culposo contra la parte responsable. Bajo la ley de New York, sobrevivientes y herederos pueden obtener indemnizaci\u00f3n por da\u00f1os tales como:<\/p>\n<ul>\n<li>La p\u00e9rdida de ingresos y el apoyo financiero<\/li>\n<li>P\u00e9rdida de servicios<\/li>\n<li>El dolor de la persona fallecida y el sufrimiento desde el momento del accidente hasta su muerte<\/li>\n<li>Los gastos m\u00e9dicos<\/li>\n<li>Los gastos funerarios<\/li>\n<\/ul>\n<p>Una demanda por muerte injusta tambi\u00e9n le da la oportunidad de establecer exactamente lo que le pas\u00f3 a su ser querido y potencialmente evitar que el mismo tipo de tragedia suceda a otras familias. Nuestros abogados le puede asesorar sobre c\u00f3mo una demanda por muerte injusta puede servir y proteger sus intereses.<\/p>\n","protected":false},"excerpt":{"rendered":"<p>\u00bfHa perdido un ser querido en un homicidio culposo? Trabajamos duro para asegurarnos de que las familias en duelo reciban la compasi\u00f3n y la compensaci\u00f3n que merecen luego de un accidente fatal. El servicio de la zona metropolitana de la ciudad de New York por m\u00e1s de 30 a\u00f1os En el momento de profundo dolor [&hellip;]<\/p>\n","protected":false},"author":9,"featured_media":0,"parent":18614,"menu_order":114,"comment_status":"closed","ping_status":"closed","template":"","meta":{"_acf_changed":false,"footnotes":""},"class_list":["post-19320","page","type-page","status-publish","hentry"],"acf":[],"yoast_head":"<!-- This site is optimized with the Yoast SEO plugin v27.3 - https:\/\/yoast.com\/product\/yoast-seo-wordpress\/ -->\n<title>Abogado de Muerte Injusta, NYC - Oresky &amp; Associates, PLLC<\/title>\n<meta name=\"description\" content=\"Muerte por negligencia no debe quedar sin respuesta. Nuestros abogados responsabilizar\u00e1n a partes negligentes y le ayudar\u00e1n a ganar compensaci\u00f3n. Ll\u00e1menos hoy.\" \/>\n<meta name=\"robots\" content=\"index, follow, max-snippet:-1, max-image-preview:large, max-video-preview:-1\" \/>\n<link rel=\"canonical\" href=\"https:\/\/oreskylaw.com\/es\/nyc\/abogados-de-muerte-por-negligencia\/\" \/>\n<meta property=\"og:locale\" content=\"es_ES\" \/>\n<meta property=\"og:type\" content=\"article\" \/>\n<meta property=\"og:title\" content=\"Abogado de Muerte Injusta, NYC - Oresky &amp; Associates, PLLC\" \/>\n<meta property=\"og:description\" content=\"Muerte por negligencia no debe quedar sin respuesta. Nuestros abogados responsabilizar\u00e1n a partes negligentes y le ayudar\u00e1n a ganar compensaci\u00f3n. Ll\u00e1menos hoy.\" \/>\n<meta property=\"og:url\" content=\"https:\/\/oreskylaw.com\/es\/nyc\/abogados-de-muerte-por-negligencia\/\" \/>\n<meta property=\"og:site_name\" content=\"Oresky &amp; Associates, PLLC\" \/>\n<meta property=\"article:publisher\" content=\"https:\/\/www.facebook.com\/Oreskylaw\/\" \/>\n<meta property=\"article:modified_time\" content=\"2026-01-31T08:41:22+00:00\" \/>\n<meta property=\"og:image\" content=\"https:\/\/oreskylaw.com\/wp-content\/uploads\/2026\/01\/Why-Should-I-Hire-a-Personal-Injury-Lawyer.webp\" \/>\n\t<meta property=\"og:image:width\" content=\"300\" \/>\n\t<meta property=\"og:image:height\" content=\"199\" \/>\n\t<meta property=\"og:image:type\" content=\"image\/webp\" \/>\n<meta name=\"twitter:card\" content=\"summary_large_image\" \/>\n<meta name=\"twitter:site\" content=\"@JacobOreskyLaw\" \/>\n<meta name=\"twitter:label1\" content=\"Tiempo de lectura\" \/>\n\t<meta name=\"twitter:data1\" content=\"3 minutos\" \/>\n<!-- \/ Yoast SEO plugin. -->","yoast_head_json":{"title":"Abogado de Muerte Injusta, NYC - Oresky & Associates, PLLC","description":"Muerte por negligencia no debe quedar sin respuesta. Nuestros abogados responsabilizar\u00e1n a partes negligentes y le ayudar\u00e1n a ganar compensaci\u00f3n. Ll\u00e1menos hoy.","robots":{"index":"index","follow":"follow","max-snippet":"max-snippet:-1","max-image-preview":"max-image-preview:large","max-video-preview":"max-video-preview:-1"},"canonical":"https:\/\/oreskylaw.com\/es\/nyc\/abogados-de-muerte-por-negligencia\/","og_locale":"es_ES","og_type":"article","og_title":"Abogado de Muerte Injusta, NYC - Oresky & Associates, PLLC","og_description":"Muerte por negligencia no debe quedar sin respuesta. Nuestros abogados responsabilizar\u00e1n a partes negligentes y le ayudar\u00e1n a ganar compensaci\u00f3n. Ll\u00e1menos hoy.","og_url":"https:\/\/oreskylaw.com\/es\/nyc\/abogados-de-muerte-por-negligencia\/","og_site_name":"Oresky &amp; Associates, PLLC","article_publisher":"https:\/\/www.facebook.com\/Oreskylaw\/","article_modified_time":"2026-01-31T08:41:22+00:00","og_image":[{"width":300,"height":199,"url":"https:\/\/oreskylaw.com\/wp-content\/uploads\/2026\/01\/Why-Should-I-Hire-a-Personal-Injury-Lawyer.webp","type":"image\/webp"}],"twitter_card":"summary_large_image","twitter_site":"@JacobOreskyLaw","twitter_misc":{"Tiempo de lectura":"3 minutos"},"schema":{"@context":"https:\/\/schema.org","@graph":[{"@type":"WebPage","@id":"https:\/\/oreskylaw.com\/es\/nyc\/abogados-de-muerte-por-negligencia\/","url":"https:\/\/oreskylaw.com\/es\/nyc\/abogados-de-muerte-por-negligencia\/","name":"Abogado de Muerte Injusta, NYC - Oresky & Associates, PLLC","isPartOf":{"@id":"https:\/\/oreskylaw.com\/es\/#website"},"primaryImageOfPage":{"@id":"https:\/\/oreskylaw.com\/es\/nyc\/abogados-de-muerte-por-negligencia\/#primaryimage"},"image":{"@id":"https:\/\/oreskylaw.com\/es\/nyc\/abogados-de-muerte-por-negligencia\/#primaryimage"},"thumbnailUrl":"https:\/\/oreskylaw.com\/wp-content\/uploads\/2026\/01\/Why-Should-I-Hire-a-Personal-Injury-Lawyer.webp","datePublished":"2025-12-09T08:24:28+00:00","dateModified":"2026-01-31T08:41:22+00:00","description":"Muerte por negligencia no debe quedar sin respuesta. Nuestros abogados responsabilizar\u00e1n a partes negligentes y le ayudar\u00e1n a ganar compensaci\u00f3n. Ll\u00e1menos hoy.","breadcrumb":{"@id":"https:\/\/oreskylaw.com\/es\/nyc\/abogados-de-muerte-por-negligencia\/#breadcrumb"},"inLanguage":"es","potentialAction":[{"@type":"ReadAction","target":["https:\/\/oreskylaw.com\/es\/nyc\/abogados-de-muerte-por-negligencia\/"]}]},{"@type":"ImageObject","inLanguage":"es","@id":"https:\/\/oreskylaw.com\/es\/nyc\/abogados-de-muerte-por-negligencia\/#primaryimage","url":"https:\/\/oreskylaw.com\/wp-content\/uploads\/2026\/01\/Why-Should-I-Hire-a-Personal-Injury-Lawyer.webp","contentUrl":"https:\/\/oreskylaw.com\/wp-content\/uploads\/2026\/01\/Why-Should-I-Hire-a-Personal-Injury-Lawyer.webp"},{"@type":"BreadcrumbList","@id":"https:\/\/oreskylaw.com\/es\/nyc\/abogados-de-muerte-por-negligencia\/#breadcrumb","itemListElement":[{"@type":"ListItem","position":1,"name":"Inicio","item":"https:\/\/oreskylaw.com\/es\/"},{"@type":"ListItem","position":2,"name":"New York","item":"https:\/\/oreskylaw.com\/es\/nyc\/"},{"@type":"ListItem","position":3,"name":"Muerte Injusta"}]},{"@type":"WebSite","@id":"https:\/\/oreskylaw.com\/es\/#website","url":"https:\/\/oreskylaw.com\/es\/","name":"Oresky & Associates PLLC","description":"","publisher":{"@id":"https:\/\/oreskylaw.com\/es\/#organization"},"potentialAction":[{"@type":"SearchAction","target":{"@type":"EntryPoint","urlTemplate":"https:\/\/oreskylaw.com\/es\/?s={search_term_string}"},"query-input":{"@type":"PropertyValueSpecification","valueRequired":true,"valueName":"search_term_string"}}],"inLanguage":"es"}]}},"_links":{"self":[{"href":"https:\/\/oreskylaw.com\/es\/wp-json\/wp\/v2\/pages\/19320","targetHints":{"allow":["GET"]}}],"collection":[{"href":"https:\/\/oreskylaw.com\/es\/wp-json\/wp\/v2\/pages"}],"about":[{"href":"https:\/\/oreskylaw.com\/es\/wp-json\/wp\/v2\/types\/page"}],"author":[{"embeddable":true,"href":"https:\/\/oreskylaw.com\/es\/wp-json\/wp\/v2\/users\/9"}],"replies":[{"embeddable":true,"href":"https:\/\/oreskylaw.com\/es\/wp-json\/wp\/v2\/comments?post=19320"}],"version-history":[{"count":0,"href":"https:\/\/oreskylaw.com\/es\/wp-json\/wp\/v2\/pages\/19320\/revisions"}],"up":[{"embeddable":true,"href":"https:\/\/oreskylaw.com\/es\/wp-json\/wp\/v2\/pages\/18614"}],"wp:attachment":[{"href":"https:\/\/oreskylaw.com\/es\/wp-json\/wp\/v2\/media?parent=19320"}],"curies":[{"name":"wp","href":"https:\/\/api.w.org\/{rel}","templated":true}]}}