{"id":19332,"date":"2025-12-09T08:36:37","date_gmt":"2025-12-09T08:36:37","guid":{"rendered":"https:\/\/oreskylaw.com\/?page_id=19332"},"modified":"2026-01-31T11:37:01","modified_gmt":"2026-01-31T11:37:01","slug":"queens","status":"publish","type":"page","link":"https:\/\/oreskylaw.com\/es\/queens\/","title":{"rendered":"Queens"},"content":{"rendered":"<h2>Sus Abogados de Confianza de Lesiones Personales en Queens, NY<\/h2>\n<p>En los cinco distritos, hay innumerables firmas de abogados de lesiones que afirman ofrecer transparencia, honestidad y servicio de calidad. La diferencia es que Oresky &amp; Associates, PLLC realmente cumple con estas promesas. Durante las \u00faltimas tres d\u00e9cadas, hemos cultivado una reputaci\u00f3n por ofrecer una representaci\u00f3n legal integral para los demandantes de lesiones personales y sus familias. Hasta la fecha, nuestros abogados han recuperado m\u00e1s de $500 millones en veredictos y acuerdos para nuestros clientes.<\/p>\n<p>Si ha resultado herido en un accidente de construcci\u00f3n en Queens, New York llame al equipo legal con un historial comprobado en Oresky &amp; Associates, PLLC. Los abogados experimentados en accidentes de construcci\u00f3n en Oresky &amp; Associates, PLLC pueden ayudarle a obtener la compensaci\u00f3n que merece.<\/p>\n<p>Podemos trabajar para usted de inmediato e investigar su caso antes de que desaparezcan las pruebas o los testigos sean influenciados. Podemos ayudarle con la compensaci\u00f3n laboral para que sus facturas m\u00e9dicas y salarios perdidos sean pagados mientras comenzamos a trabajar en su caso.<\/p>\n<p>Tome acci\u00f3n, llame a Oresky &amp; Associates, PLLC, y perm\u00edtanos ayudarle a obtener la compensaci\u00f3n a la que tiene derecho.<\/p>\n<h2>Tipos de Casos de Lesiones Personales que Manejamos en Queens, NY<\/h2>\n<p>Nuestra firma legal en NYC pone toda la fuerza de su experiencia, conocimiento y recursos detr\u00e1s de su reclamo. Desde nuestra fundaci\u00f3n en 1992, hemos asegurado la recuperaci\u00f3n financiera para aquellos que viven las secuelas de:<\/p>\n<h3>Accidentes de Construcci\u00f3n<\/h3>\n<p>El trabajo de construcci\u00f3n es peligroso. Aun as\u00ed, se le garantiza un nivel b\u00e1sico de seguridad mientras trabaja en un sitio de construcci\u00f3n o camina cerca de uno. Oresky &amp; Associates, PLLC conoce bien las leyes relacionadas con las lesiones de construcci\u00f3n y el proceso para asegurar una compensaci\u00f3n justa.<\/p>\n<p>Nuestros abogados de accidentes de construcci\u00f3n ofrecen defensa legal para clientes que han sufrido:<\/p>\n<div class=\"row\">\n<ul class=\"col-xl-6\">\n<li><a href=\"https:\/\/oreskylaw.com\/es\/queens\/abogados-de-accidentes-de-andamios\/\">Accidentes de andamios<\/a><\/li>\n<li><a href=\"https:\/\/oreskylaw.com\/es\/nyc\/abogados-de-accidentes-de-demolicion\/\">Accidentes de demolici\u00f3n<\/a><\/li>\n<li><a href=\"https:\/\/oreskylaw.com\/es\/queens\/abogados-de-accidentes-de-grua\/\">Accidentes de gr\u00faas<\/a><\/li>\n<li><a href=\"https:\/\/oreskylaw.com\/es\/nyc\/abogados-de-accidentes-de-montacargas\/\">Accidentes de montacargas<\/a><\/li>\n<li><a href=\"https:\/\/oreskylaw.com\/es\/nyc\/abogados-de-accidentes-de-ascensor\/\">Accidentes de ascensor<\/a><\/li>\n<li>Accidentes con limpiadores<\/li>\n<\/ul>\n<ul class=\"col-xl-6\">\n<li><a href=\"https:\/\/oreskylaw.com\/es\/queens\/abogados-de-compensacion-laboral\/\">Accidentes laborales<\/a><\/li>\n<li><a href=\"https:\/\/oreskylaw.com\/es\/queens\/abogados-de-accidentes-de-construccion\/\">Accidentes de construcci\u00f3n<\/a><\/li>\n<li><a href=\"https:\/\/oreskylaw.com\/es\/nyc\/abogados-de-accidentes-por-excavaciones-y-derrumbes\/\">Accidentes de excavaci\u00f3n por derrumbes<\/a><\/li>\n<li><a href=\"https:\/\/oreskylaw.com\/es\/nyc\/abogados-de-accidentes-en-renovaciones\/\">Accidentes de renovaci\u00f3n<\/a><\/li>\n<li><a href=\"https:\/\/oreskylaw.com\/es\/nyc\/abogados-de-accidentes-de-limpieza\/\">Accidentes de limpieza<\/a><\/li>\n<li><a href=\"https:\/\/oreskylaw.com\/es\/nyc\/abogados-de-accidentes-de-pintura\/\">Accidentes de pintura<\/a><\/li>\n<\/ul>\n<\/div>\n<p><a class=\"btn btn--secondary\" href=\"https:\/\/oreskylaw.com\/es\/queens\/abogados-de-accidentes-de-construccion\/\">Todos los servicios de accidentes de construcci\u00f3n<\/a><\/p>\n<h3>Accidentes de Auto<\/h3>\n<p>Queens alberga muchas carreteras principales, autopistas y calles urbanas congestionadas. Todos los d\u00edas, personas resultan heridas por la negligencia de los operadores de veh\u00edculos. Nuestros abogados de lesiones personales representan a v\u00edctimas de lesiones en casos derivados de:<\/p>\n<div class=\"row\">\n<ul class=\"col-xl-6\">\n<li><a href=\"https:\/\/oreskylaw.com\/es\/queens\/abogados-de-accidentes-de-auto\/\">Accidentes automovil\u00edsticos<\/a><\/li>\n<li><a href=\"https:\/\/oreskylaw.com\/es\/queens\/abogados-de-accidentes-de-camiones\/\">Accidentes de camiones<\/a><\/li>\n<li><a href=\"https:\/\/oreskylaw.com\/es\/queens\/abogados-de-accidentes-de-peatones\/\">Accidentes de peatones<\/a><\/li>\n<li><a href=\"https:\/\/oreskylaw.com\/es\/nyc\/abogado-de-accidentes-de-camiones-de-18-ruedas\/\">Accidentes de veh\u00edculos de 18 ruedas<\/a><\/li>\n<li><a href=\"https:\/\/oreskylaw.com\/es\/queens\/abogados-de-accidentes-de-autobus\/\">Accidentes de autob\u00fas<\/a><\/li>\n<li><a href=\"https:\/\/oreskylaw.com\/es\/queens\/abogados-de-accidentes-de-motocicleta\/\">Accidentes de motocicleta<\/a><\/li>\n<\/ul>\n<ul class=\"col-xl-6\">\n<li><a href=\"https:\/\/oreskylaw.com\/es\/nyc\/abogados-de-accidentes-de-lyft\/\">Accidentes de Lyft<\/a><\/li>\n<li><a href=\"https:\/\/oreskylaw.com\/es\/queens\/abogados-de-accidentes-de-taxi\/\">Accidentes de taxi<\/a><\/li>\n<li><a href=\"https:\/\/oreskylaw.com\/es\/nyc\/abogados-de-accidentes-de-coche-por-conducir-bajo-los-efectos-del-alcohol\/\">Accidentes por conducir en estado<\/a><\/li>\n<li><a href=\"https:\/\/oreskylaw.com\/es\/nyc\/abogados-de-accidentes-por-no-ceder-el-paso\/\">Accidentes por falta de rendimiento<\/a><\/li>\n<li><a href=\"https:\/\/oreskylaw.com\/es\/nyc\/abogados-de-accidentes-por-conduccion-distraida\/\">Accidentes por conducci\u00f3n distra\u00ed<\/a><\/li>\n<\/ul>\n<\/div>\n<p><a class=\"btn btn--secondary\" href=\"https:\/\/oreskylaw.com\/es\/nyc\/abogados-de-accidentes-de-auto\/\">Todos los servicios de accidentes automovil\u00edsticos<\/a><\/p>\n<h3>Mala Praxis M\u00e9dica<\/h3>\n<p>Cuando la atenci\u00f3n m\u00e9dica es deficiente, nuestros abogados est\u00e1n listos para defender a quienes han sido perjudicados. Con experiencia en negligencia m\u00e9dica, nuestro equipo de abogados, junto con nuestros co-asesores, aborda casos de negligencia en el cuidado de la salud con un compromiso de asegurar justicia y una compensaci\u00f3n justa.<\/p>\n<p>Si no ve la causa de su lesi\u00f3n por negligencia m\u00e9dica en la lista anterior, le animamos a conectarse con nuestro equipo.<\/p>\n<h3>Otros Incidentes Graves<\/h3>\n<p>La vida en Queens trae muchos desaf\u00edos inesperados, algunos de los cuales pueden poner en peligro su salud y estabilidad financiera. Adem\u00e1s de las \u00e1reas de pr\u00e1ctica enumeradas anteriormente, nuestros abogados de lesiones personales ofrecen representaci\u00f3n legal integral a clientes que han experimentado:<\/p>\n<ul>\n<li><a href=\"https:\/\/oreskylaw.com\/es\/queens\/abogados-de-muerte-por-negligencia\/\">La p\u00e9rdida de un ser querido (muerte por negligencia)<\/a><\/li>\n<li><a href=\"https:\/\/oreskylaw.com\/es\/queens\/abogados-de-accidentes-de-bicicleta\/\">Accidentes de bicicleta<\/a><\/li>\n<\/ul>\n<p>Llame al\u00a0<a href=\"tel:+19293050949\">(929) 305-0949<\/a>\u00a0para obtener m\u00e1s informaci\u00f3n sobre las \u00e1reas de pr\u00e1ctica de nuestro equipo.<\/p>\n","protected":false},"excerpt":{"rendered":"<p>Sus Abogados de Confianza de Lesiones Personales en Queens, NY En los cinco distritos, hay innumerables firmas de abogados de lesiones que afirman ofrecer transparencia, honestidad y servicio de calidad. La diferencia es que Oresky &amp; Associates, PLLC realmente cumple con estas promesas. Durante las \u00faltimas tres d\u00e9cadas, hemos cultivado una reputaci\u00f3n por ofrecer una [&hellip;]<\/p>\n","protected":false},"author":9,"featured_media":23727,"parent":0,"menu_order":151,"comment_status":"closed","ping_status":"closed","template":"location.php","meta":{"_acf_changed":false,"footnotes":""},"class_list":["post-19332","page","type-page","status-publish","has-post-thumbnail","hentry"],"acf":[],"yoast_head":"<!-- This site is optimized with the Yoast SEO plugin v27.3 - https:\/\/yoast.com\/product\/yoast-seo-wordpress\/ -->\n<title>Abogados de Lesiones Personales en Queens - Oresky &amp; Associates, PLLC<\/title>\n<meta name=\"description\" content=\"\u00a1Nuestros dedicados abogados de lesiones personales est\u00e1n aqu\u00ed para ayudarle a navegar por reclamos complejos en Queens y lograr justicia! \u00a1Llame hoy para una consulta gratuita!\" \/>\n<meta name=\"robots\" content=\"index, follow, max-snippet:-1, max-image-preview:large, max-video-preview:-1\" \/>\n<link rel=\"canonical\" href=\"https:\/\/oreskylaw.com\/es\/queens\/\" \/>\n<meta property=\"og:locale\" content=\"es_ES\" \/>\n<meta property=\"og:type\" content=\"article\" \/>\n<meta property=\"og:title\" content=\"Abogados de Lesiones Personales en Queens - Oresky &amp; Associates, PLLC\" \/>\n<meta property=\"og:description\" content=\"\u00a1Nuestros dedicados abogados de lesiones personales est\u00e1n aqu\u00ed para ayudarle a navegar por reclamos complejos en Queens y lograr justicia! \u00a1Llame hoy para una consulta gratuita!\" \/>\n<meta property=\"og:url\" content=\"https:\/\/oreskylaw.com\/es\/queens\/\" \/>\n<meta property=\"og:site_name\" content=\"Oresky &amp; Associates, PLLC\" \/>\n<meta property=\"article:publisher\" content=\"https:\/\/www.facebook.com\/Oreskylaw\/\" \/>\n<meta property=\"article:modified_time\" content=\"2026-01-31T11:37:01+00:00\" \/>\n<meta property=\"og:image\" content=\"https:\/\/oreskylaw.com\/wp-content\/uploads\/2026\/01\/queens-1.png\" \/>\n\t<meta property=\"og:image:width\" content=\"809\" \/>\n\t<meta property=\"og:image:height\" content=\"301\" \/>\n\t<meta property=\"og:image:type\" content=\"image\/png\" \/>\n<meta name=\"twitter:card\" content=\"summary_large_image\" \/>\n<meta name=\"twitter:site\" content=\"@JacobOreskyLaw\" \/>\n<meta name=\"twitter:label1\" content=\"Tiempo de lectura\" \/>\n\t<meta name=\"twitter:data1\" content=\"3 minutos\" \/>\n<!-- \/ Yoast SEO plugin. -->","yoast_head_json":{"title":"Abogados de Lesiones Personales en Queens - Oresky & Associates, PLLC","description":"\u00a1Nuestros dedicados abogados de lesiones personales est\u00e1n aqu\u00ed para ayudarle a navegar por reclamos complejos en Queens y lograr justicia! \u00a1Llame hoy para una consulta gratuita!","robots":{"index":"index","follow":"follow","max-snippet":"max-snippet:-1","max-image-preview":"max-image-preview:large","max-video-preview":"max-video-preview:-1"},"canonical":"https:\/\/oreskylaw.com\/es\/queens\/","og_locale":"es_ES","og_type":"article","og_title":"Abogados de Lesiones Personales en Queens - Oresky & Associates, PLLC","og_description":"\u00a1Nuestros dedicados abogados de lesiones personales est\u00e1n aqu\u00ed para ayudarle a navegar por reclamos complejos en Queens y lograr justicia! \u00a1Llame hoy para una consulta gratuita!","og_url":"https:\/\/oreskylaw.com\/es\/queens\/","og_site_name":"Oresky &amp; Associates, PLLC","article_publisher":"https:\/\/www.facebook.com\/Oreskylaw\/","article_modified_time":"2026-01-31T11:37:01+00:00","og_image":[{"width":809,"height":301,"url":"https:\/\/oreskylaw.com\/wp-content\/uploads\/2026\/01\/queens-1.png","type":"image\/png"}],"twitter_card":"summary_large_image","twitter_site":"@JacobOreskyLaw","twitter_misc":{"Tiempo de lectura":"3 minutos"},"schema":{"@context":"https:\/\/schema.org","@graph":[{"@type":"WebPage","@id":"https:\/\/oreskylaw.com\/es\/queens\/","url":"https:\/\/oreskylaw.com\/es\/queens\/","name":"Abogados de Lesiones Personales en Queens - Oresky & Associates, PLLC","isPartOf":{"@id":"https:\/\/oreskylaw.com\/es\/#website"},"primaryImageOfPage":{"@id":"https:\/\/oreskylaw.com\/es\/queens\/#primaryimage"},"image":{"@id":"https:\/\/oreskylaw.com\/es\/queens\/#primaryimage"},"thumbnailUrl":"https:\/\/oreskylaw.com\/wp-content\/uploads\/2026\/01\/queens-1.png","datePublished":"2025-12-09T08:36:37+00:00","dateModified":"2026-01-31T11:37:01+00:00","description":"\u00a1Nuestros dedicados abogados de lesiones personales est\u00e1n aqu\u00ed para ayudarle a navegar por reclamos complejos en Queens y lograr justicia! \u00a1Llame hoy para una consulta gratuita!","breadcrumb":{"@id":"https:\/\/oreskylaw.com\/es\/queens\/#breadcrumb"},"inLanguage":"es","potentialAction":[{"@type":"ReadAction","target":["https:\/\/oreskylaw.com\/es\/queens\/"]}]},{"@type":"ImageObject","inLanguage":"es","@id":"https:\/\/oreskylaw.com\/es\/queens\/#primaryimage","url":"https:\/\/oreskylaw.com\/wp-content\/uploads\/2026\/01\/queens-1.png","contentUrl":"https:\/\/oreskylaw.com\/wp-content\/uploads\/2026\/01\/queens-1.png","width":809,"height":301,"caption":"queens"},{"@type":"BreadcrumbList","@id":"https:\/\/oreskylaw.com\/es\/queens\/#breadcrumb","itemListElement":[{"@type":"ListItem","position":1,"name":"Inicio","item":"https:\/\/oreskylaw.com\/es\/"},{"@type":"ListItem","position":2,"name":"Queens"}]},{"@type":"WebSite","@id":"https:\/\/oreskylaw.com\/es\/#website","url":"https:\/\/oreskylaw.com\/es\/","name":"Oresky & Associates PLLC","description":"","publisher":{"@id":"https:\/\/oreskylaw.com\/es\/#organization"},"potentialAction":[{"@type":"SearchAction","target":{"@type":"EntryPoint","urlTemplate":"https:\/\/oreskylaw.com\/es\/?s={search_term_string}"},"query-input":{"@type":"PropertyValueSpecification","valueRequired":true,"valueName":"search_term_string"}}],"inLanguage":"es"}]}},"_links":{"self":[{"href":"https:\/\/oreskylaw.com\/es\/wp-json\/wp\/v2\/pages\/19332","targetHints":{"allow":["GET"]}}],"collection":[{"href":"https:\/\/oreskylaw.com\/es\/wp-json\/wp\/v2\/pages"}],"about":[{"href":"https:\/\/oreskylaw.com\/es\/wp-json\/wp\/v2\/types\/page"}],"author":[{"embeddable":true,"href":"https:\/\/oreskylaw.com\/es\/wp-json\/wp\/v2\/users\/9"}],"replies":[{"embeddable":true,"href":"https:\/\/oreskylaw.com\/es\/wp-json\/wp\/v2\/comments?post=19332"}],"version-history":[{"count":0,"href":"https:\/\/oreskylaw.com\/es\/wp-json\/wp\/v2\/pages\/19332\/revisions"}],"wp:featuredmedia":[{"embeddable":true,"href":"https:\/\/oreskylaw.com\/es\/wp-json\/wp\/v2\/media\/23727"}],"wp:attachment":[{"href":"https:\/\/oreskylaw.com\/es\/wp-json\/wp\/v2\/media?parent=19332"}],"curies":[{"name":"wp","href":"https:\/\/api.w.org\/{rel}","templated":true}]}}