{"id":19390,"date":"2025-12-09T08:37:55","date_gmt":"2025-12-09T08:37:55","guid":{"rendered":"https:\/\/oreskylaw.com\/?page_id=19390"},"modified":"2026-01-31T08:55:15","modified_gmt":"2026-01-31T08:55:15","slug":"abogados-de-accidentes-de-bicicleta","status":"publish","type":"page","link":"https:\/\/oreskylaw.com\/es\/queens\/abogados-de-accidentes-de-bicicleta\/","title":{"rendered":"Abogado de accidentes de bicicleta en Queens"},"content":{"rendered":"<p>\u00bfT\u00fa o un ser querido sufrieron recientemente un accidente de bicicleta en Queens, NY? \u00bfEst\u00e1s luchando contra lesiones debilitantes y costosas facturas m\u00e9dicas? Los abogados de accidentes de bicicleta en Queens de\u00a0<a href=\"https:\/\/oreskylaw.com\/es\/acerca-de-nosotros\/\">Oresky &amp; Associates, PLLC<\/a>\u00a0te ayudar\u00e1n a buscar la m\u00e1xima compensaci\u00f3n por tu trauma y sufrimiento.<\/p>\n<p>Durante m\u00e1s de 25 a\u00f1os, nuestro despacho de abogados de lesiones personales ha sido un aliado de las v\u00edctimas de accidentes de bicicleta y sus familias en Queens, New York. Hemos ganado m\u00e1s de 400 millones de d\u00f3lares (y seguimos aumentando) para nuestros clientes. Y siempre estamos dispuestos a luchar en tu nombre.<\/p>\n<p><a href=\"https:\/\/oreskylaw.com\/es\/contacto\/\">Ponte en contacto<\/a>\u00a0con nuestro despacho, convenientemente situado en Queens, para empezar con una evaluaci\u00f3n inicial gratuita del caso. Estamos preparados para tomar tu llamada ahora al\u00a0<a href=\"tel:+19293050949\">(929) 305-0949<\/a>.<\/p>\n<h2>C\u00f3mo pueden ayudar nuestros abogados de lesiones personales de Queens tras un accidente de bicicleta<\/h2>\n<p>Despu\u00e9s de caerte de la bicicleta o ser atropellado por un coche, necesitas tiempo para concentrarte en recuperarte. Sin embargo, tambi\u00e9n necesitar\u00e1s ayuda para pagar las facturas m\u00e9dicas, cubrir los salarios perdidos y asumir otros costos financieros relacionados con tu accidente. Tambi\u00e9n debes ser indemnizado por el dolor y el sufrimiento que est\u00e1s padeciendo si otra persona ha sido la causante de tus lesiones.<\/p>\n<p>Puedes conseguirlo presentando una reclamaci\u00f3n al seguro o solicitando una indemnizaci\u00f3n por da\u00f1os y perjuicios en un juicio. Los experimentados abogados de lesiones personales de Queens, Oresky &amp; Associates, PLLC est\u00e1n aqu\u00ed para adoptar tu lucha por la indemnizaci\u00f3n de principio a fin.<\/p>\n<p>Nuestro galardonado equipo legal est\u00e1 reconocido a nivel nacional por nuestra capacidad de ganar casos para nuestros clientes. Conseguimos los mejores resultados porque tenemos experiencia, conocimientos y nos preocupamos de verdad por las personas a las que ayudamos. Adem\u00e1s, \u00a0estamos aqu\u00ed para ayudarte en tu momento de necesidad.<\/p>\n<p>Lo que haremos:<\/p>\n<ul>\n<li>Poner en marcha una investigaci\u00f3n a gran escala sobre tu accidente de bicicleta<\/li>\n<li>Reunir pruebas que nos ayuden a entender qu\u00e9 pas\u00f3, por qu\u00e9 y qui\u00e9n es el culpable<\/li>\n<li>Buscar la m\u00e1xima indemnizaci\u00f3n de todas las partes responsables<\/li>\n<li>Trabajar estrechamente con los principales expertos en lesiones personales, como m\u00e9dicos, especialistas forenses, recreadores de accidentes y otros<\/li>\n<li>Negociar agresivamente para ayudar a conseguir un acuerdo que cubra la totalidad de tus da\u00f1os<\/li>\n<li>Hacer que un abogado experto en juicios lleve tu caso ante un jurado de Queens, si es necesario<\/li>\n<\/ul>\n<p>Permite que te ayudemos a recuperarte. Ponte en contacto con nuestros abogados especializados en accidentes de bicicleta en Queens para empezar con una evaluaci\u00f3n gratuita del caso. Nuestro equipo legal est\u00e1 preparado para responder a tu llamada hoy mismo.<\/p>\n<h2>Estad\u00edsticas de accidentes de bicicleta en Queens (actualizaci\u00f3n de diciembre de 2021)<\/h2>\n<p>\u00bfQu\u00e9 frecuencia tienen los accidentes de bicicleta en Queens? Seg\u00fan la polic\u00eda de New York, hay una media de uno o dos accidentes de coche con ciclistas implicados al d\u00eda.<\/p>\n<p>En diciembre de 2021, se registraron al menos 46 ciclistas heridos en Queens.<\/p>\n<p>Aunque ese mes no se registraron muertes de ciclistas, todos los ciclistas implicados en estos accidentes declararon alg\u00fan tipo de lesi\u00f3n.<\/p>\n<h2>\u00bfCu\u00e1les son las causas m\u00e1s comunes de los accidentes de bicicleta en Queens, NY?<\/h2>\n<p>Al igual que otros accidentes de veh\u00edculos de motor, las colisiones en las que est\u00e1n implicadas las bicicletas suelen poder evitarse. Sin embargo, muchos accidentes de bicicleta ocurren en Queens como resultado de<\/p>\n<ul>\n<li>Una infraestructura para bicicletas inadecuada o inexistente, como carriles para bicicletas dedicados o protegidos<\/li>\n<li>Conductores distra\u00eddos<\/li>\n<li>Conductores ebrios<\/li>\n<li>No ceder el derecho de paso a los ciclistas<\/li>\n<li>No dejar una distancia de paso adecuada entre los veh\u00edculos y las bicicletas<\/li>\n<li>Saltarse los sem\u00e1foros en rojo y amarillo en los cruces<\/li>\n<li>No mirar a los ciclistas al girar<\/li>\n<li>Abrir la puerta del auto sin mirar<\/li>\n<li>Equipamiento defectuoso de la bicicleta, incluidas las llantas, los frenos o el equipo de seguridad<\/li>\n<li>Visibilidad limitada<\/li>\n<li>Baches o defectos en la vialidad<\/li>\n<\/ul>\n<p>Los accidentes de bicicleta se producen por uno o varios de estos motivos casi todos los d\u00edas. En algunos casos, el ciclista puede ser responsable de causar o contribuir al accidente. Otras veces, otras partes, como los conductores de la carretera, pueden tener la culpa.<\/p>\n<p>Determinar por qu\u00e9 se produce un accidente es fundamental si quieres reclamar da\u00f1os y perjuicios a todas las partes responsables.<\/p>\n<h2>\u00bfQui\u00e9n es responsable de mis lesiones tras un accidente de bicicleta en Queens?<\/h2>\n<p>Seg\u00fan la ley del estado de New York, cualquiera que contribuya directa o indirectamente a un accidente en el que est\u00e9 implicado un ciclista puede ser responsable econ\u00f3micamente. Cuanto m\u00e1s contribuya alguien al accidente, mayor ser\u00e1 su responsabilidad.<\/p>\n<p>Las partes potencialmente responsables pueden ser:<\/p>\n<div class=\"row\">\n<ul class=\"col-xl-6\">\n<li>Conductores de coches<\/li>\n<li>Conductores de camiones<\/li>\n<li>Las empresas de transporte<\/li>\n<li>Conductores de autobuses<\/li>\n<\/ul>\n<ul class=\"col-xl-6\">\n<li>Empresas de autobuses, incluida la MTA<\/li>\n<li>Peatones<\/li>\n<li>Otros ciclistas<\/li>\n<li>Motociclistas<\/li>\n<\/ul>\n<\/div>\n<p>Organismos p\u00fablicos, especialmente si un dise\u00f1o defectuoso de la carretera o un peligro en la misma contribuyeron al accidente<\/p>\n<p>Empresas que fabricaron o vendieron una bicicleta, un veh\u00edculo o un producto inseguro<\/p>\n<ul>\n<li>Empleadores de las partes negligentes<\/li>\n<\/ul>\n<p>Nuestros abogados de lesiones personales en Queens luchar\u00e1n para que cualquier responsable de tu accidente rinda cuentas.<\/p>\n<h2>\u00bfQu\u00e9 pasa si tengo parte de la culpa de haberme lesionado?<\/h2>\n<p>Compartir la responsabilidad de un accidente de bicicleta o de tus lesiones resultantes puede afectar a tu capacidad para obtener una indemnizaci\u00f3n.<\/p>\n<p>New York funciona con un sistema de culpa comparativa pura, lo que significa que<\/p>\n<ul>\n<li>Tus da\u00f1os se reducir\u00e1n en proporci\u00f3n directa a tu grado de culpa, y<\/li>\n<li>Puedes ser responsable de las lesiones sufridas por otros en el accidente.<\/li>\n<\/ul>\n<p>Supongamos que te atropella un coche mientras vas en bici por un cruce muy transitado de Queens. Entraste en la calzada, y un conductor te golpe\u00f3 mientras giraba a la derecha en rojo. Tanto t\u00fa como el conductor estaban distra\u00eddos, lo que provoc\u00f3 la colisi\u00f3n. Tampoco llevabas casco. Aunque la ley estatal no lo exige (siempre que seas mayor de 14 a\u00f1os), el conductor argumenta que tus lesiones son peores de lo que deber\u00edan ser a consecuencia de ello.<\/p>\n<p>El tribunal te asigna el 25% de la culpa. Como resultado, tus da\u00f1os se reducir\u00e1n en ese 25%.<\/p>\n    <div class=\"cw-cta-box\">\n        <div class=\"cw-cta-box__inner \">\n            <div class=\"cw-cta-box__info\">\n                                    <div class=\"label\">\u00a1Llame ahora!<\/div>\n                            <\/div>\n                            <div class=\"contact-phone\">\n                    <a href=\"tel:7189939999\"\n                        aria-label=\"Tap to call button\">\n                        718-993-9999                    <\/a>\n                <\/div>\n                    <\/div>\n                    <a href=\"\/es\/contacto\/\"\n               class=\"cta-btn btn btn--primary btn\"\n               target=\"\">\n                Obtenga Una Consulta Gratuita            <\/a>\n            <\/div>\n    \n<h2>\u00bfCu\u00e1nto vale mi caso de accidente de bicicleta?<\/h2>\n<p>El valor de tu caso depender\u00e1 de factores como:<\/p>\n<ul>\n<li><strong>Tus lesiones:<\/strong> desde los tipos que has sufrido hasta la gravedad de las mismas<\/li>\n<li><strong>Tu capacidad (o incapacidad) para trabajar:<\/strong> \u00bfpodr\u00e1s seguir trabajando o perder\u00e1s tu salario mientras te recuperas?<\/li>\n<li><strong>Incapacidad permanente:<\/strong> \u00bfpodr\u00e1s recuperarte por completo, o tendr\u00e1s que hacer frente a una incapacidad o incapacidad permanente que te impida mantener a tu familia?<\/li>\n<li><strong>Responsabilidad:<\/strong> \u00bfcontribuy\u00f3 tu propia negligencia al accidente?<\/li>\n<li><strong>Dolor y sufrimiento:<\/strong> hasta qu\u00e9 punto experimentas dolor cr\u00f3nico y angustia emocional<\/li>\n<\/ul>\n<p>Cuanto m\u00e1s catastr\u00f3ficas sean las lesiones que has sufrido, m\u00e1s valdr\u00e1 probablemente tu caso. Sin embargo, cada caso es diferente. Es importante que un abogado calificado revise los detalles de tu situaci\u00f3n y te ayude a comprender el valor de tu caso de lesiones personales.<\/p>\n<h2>\u00bfQu\u00e9 da\u00f1os puedo obtener tras mi accidente de bicicleta?<\/h2>\n<p><img loading=\"lazy\" decoding=\"async\" class=\"size-full wp-image-11998 alignright\" src=\"https:\/\/oreskylaw.com\/wp-content\/uploads\/2026\/01\/Help-After-a-Bicycle-Accident-in-the-Bronx.webp\" alt=\"bronx bridge construction site accident attorney\" width=\"300\" height=\"200\" \/>Los ciclistas lesionados pueden tener derecho a una indemnizaci\u00f3n por da\u00f1os y perjuicios econ\u00f3micos y no econ\u00f3micos.<\/p>\n<p>Algunos ejemplos de indemnizaciones que suelen concederse en casos de accidentes de bicicleta son<\/p>\n<ul>\n<li>Gastos m\u00e9dicos presentes y futuros<\/li>\n<li>P\u00e9rdida de ingresos y salarios<\/li>\n<li>Reducci\u00f3n de la capacidad de ganancia<\/li>\n<li>Angustia mental<\/li>\n<li>P\u00e9rdida de calidad de vida<\/li>\n<li>Depresi\u00f3n y TEPT<\/li>\n<li>Da\u00f1os a la propiedad<\/li>\n<li>Cuidados de enfermer\u00eda<\/li>\n<li>Rehabilitaci\u00f3n<\/li>\n<li>P\u00e9rdida del c\u00f3nyuge<\/li>\n<li>Desfiguraci\u00f3n y cicatrices<\/li>\n<\/ul>\n<p>Nuestro equipo jur\u00eddico examinar\u00e1 cuidadosamente tu accidente y las lesiones resultantes. Traeremos a expertos para que nos ayuden a comprender el alcance y el impacto del traumatismo que has sufrido. Cuanto mejor comprendamos los detalles, mejor preparados estaremos para maximizar la indemnizaci\u00f3n que te concedan.<\/p>\n<h2>Los accidentes de bicicleta en Queens pueden provocar lesiones graves y mortales<\/h2>\n<p>Est\u00e1 demostrado estad\u00edsticamente que el uso del casco de ciclista reduce la gravedad de una lesi\u00f3n cerebral traum\u00e1tica o la muerte en un accidente. Sin embargo, no todos los ciclistas llevan casco. Al mismo tiempo, el casco solo est\u00e1 dise\u00f1ado para proteger contra las lesiones en la cabeza. Por tanto, los ciclistas siguen siendo vulnerables a algunas lesiones graves y potencialmente mortales si sufren un accidente.<\/p>\n<p>Las lesiones m\u00e1s comunes en los accidentes de bicicleta en Queens son<\/p>\n<div class=\"row\">\n<ul class=\"col-xl-6\">\n<li>Quemaduras<\/li>\n<li>Raspones de la carretera<\/li>\n<li>Traumatismos en la cara<\/li>\n<li>Lesiones oculares<\/li>\n<li>P\u00e9rdida de audici\u00f3n<\/li>\n<li>Amputaci\u00f3n<\/li>\n<li>Lesi\u00f3n de la m\u00e9dula espinal<\/li>\n<\/ul>\n<ul class=\"col-xl-6\">\n<li>Par\u00e1lisis y deterioro de la movilidad<\/li>\n<li>Da\u00f1os en los nervios<\/li>\n<li>Lesi\u00f3n en el cuello y la espalda<\/li>\n<li>Rotura de huesos<\/li>\n<li>Lesiones por aplastamiento, y<\/li>\n<li>Muerte por negligencia<\/li>\n<\/ul>\n<\/div>\n<p>No subestimes el impacto y el alcance de las lesiones de tu accidente de bicileta. Llama a nuestro despacho de abogados de lesiones personales en Queens para que un abogado experimentado eval\u00fae tu caso. Incluso un traumatismo aparentemente menor puede dar lugar a costosas facturas m\u00e9dicas, impedirte trabajar e incluso provocar una discapacidad permanente. Si ese es el caso, nuestro despacho puede ayudarte a luchar por la indemnizaci\u00f3n que mereces.<\/p>\n<h2>\u00bfDe cu\u00e1nto tiempo dispongo para presentar una demanda si he resultado herido en un accidente de bicicleta en Queens?<\/h2>\n<p>Por lo general, tienes tres a\u00f1os desde la fecha de tu accidente para presentar una demanda. Si un ser querido ha muerto en un accidente mortal de bicicleta, tendr\u00e1s dos a\u00f1os para presentar una demanda por homicidio culposo. No esperes demasiado para actuar. Renunciar\u00e1s al derecho a cobrar una indemnizaci\u00f3n si se te pasa el plazo que se aplica a tu situaci\u00f3n.<\/p>\n<h2>Abogados de accidentes de bicicleta en Queens en los que puedes confiar<\/h2>\n<p>Pon tu reclamaci\u00f3n por accidente de bicicleta en manos experimentadas. Perm\u00edtete mejorar. Llama a los abogados de accidentes de bicicleta de Queens de Oresky &amp; Associates, PLLC.<\/p>\n<p>Nos hemos enfrentado a compa\u00f1\u00edas de seguros y a otros acusados dif\u00edciles y hemos ganado cientos de millones de d\u00f3lares en el proceso. Perm\u00edtenos que luchemos para conseguir los mejores resultados posibles para ti.<\/p>\n<p>Tu primera consulta es gratuita, y no tiene ning\u00fan costo para ti a menos que ganemos tu caso. Llama ahora. Nuestro compasivo equipo est\u00e1 preparado para responder a tu llamada.<\/p>\n","protected":false},"excerpt":{"rendered":"<p>\u00bfT\u00fa o un ser querido sufrieron recientemente un accidente de bicicleta en Queens, NY? \u00bfEst\u00e1s luchando contra lesiones debilitantes y costosas facturas m\u00e9dicas? Los abogados de accidentes de bicicleta en Queens de\u00a0Oresky &amp; Associates, PLLC\u00a0te ayudar\u00e1n a buscar la m\u00e1xima compensaci\u00f3n por tu trauma y sufrimiento. Durante m\u00e1s de 25 a\u00f1os, nuestro despacho de abogados [&hellip;]<\/p>\n","protected":false},"author":9,"featured_media":0,"parent":19332,"menu_order":7,"comment_status":"closed","ping_status":"closed","template":"","meta":{"_acf_changed":false,"footnotes":""},"class_list":["post-19390","page","type-page","status-publish","hentry"],"acf":[],"yoast_head":"<!-- This site is optimized with the Yoast SEO plugin v27.3 - https:\/\/yoast.com\/product\/yoast-seo-wordpress\/ -->\n<title>Abogado de accidentes de bicicleta en Queens - Oresky &amp; Associates, PLLC<\/title>\n<meta name=\"description\" content=\"\u00bfHerido en un accidente de bicicleta en Queens, NY? Lucha por la indemnizaci\u00f3n que mereces con la ayuda de nuestros calificados abogados de accidentes de bicicleta en Queens.\" \/>\n<meta name=\"robots\" content=\"index, follow, max-snippet:-1, max-image-preview:large, max-video-preview:-1\" \/>\n<link rel=\"canonical\" href=\"https:\/\/oreskylaw.com\/es\/queens\/abogados-de-accidentes-de-bicicleta\/\" \/>\n<meta property=\"og:locale\" content=\"es_ES\" \/>\n<meta property=\"og:type\" content=\"article\" \/>\n<meta property=\"og:title\" content=\"Abogado de accidentes de bicicleta en Queens - Oresky &amp; Associates, PLLC\" \/>\n<meta property=\"og:description\" content=\"\u00bfHerido en un accidente de bicicleta en Queens, NY? Lucha por la indemnizaci\u00f3n que mereces con la ayuda de nuestros calificados abogados de accidentes de bicicleta en Queens.\" \/>\n<meta property=\"og:url\" content=\"https:\/\/oreskylaw.com\/es\/queens\/abogados-de-accidentes-de-bicicleta\/\" \/>\n<meta property=\"og:site_name\" content=\"Oresky &amp; Associates, PLLC\" \/>\n<meta property=\"article:publisher\" content=\"https:\/\/www.facebook.com\/Oreskylaw\/\" \/>\n<meta property=\"article:modified_time\" content=\"2026-01-31T08:55:15+00:00\" \/>\n<meta property=\"og:image\" content=\"https:\/\/oreskylaw.com\/wp-content\/uploads\/2026\/01\/Help-After-a-Bicycle-Accident-in-the-Bronx.webp\" \/>\n\t<meta property=\"og:image:width\" content=\"300\" \/>\n\t<meta property=\"og:image:height\" content=\"200\" \/>\n\t<meta property=\"og:image:type\" content=\"image\/webp\" \/>\n<meta name=\"twitter:card\" content=\"summary_large_image\" \/>\n<meta name=\"twitter:site\" content=\"@JacobOreskyLaw\" \/>\n<meta name=\"twitter:label1\" content=\"Tiempo de lectura\" \/>\n\t<meta name=\"twitter:data1\" content=\"8 minutos\" \/>\n<!-- \/ Yoast SEO plugin. -->","yoast_head_json":{"title":"Abogado de accidentes de bicicleta en Queens - Oresky & Associates, PLLC","description":"\u00bfHerido en un accidente de bicicleta en Queens, NY? Lucha por la indemnizaci\u00f3n que mereces con la ayuda de nuestros calificados abogados de accidentes de bicicleta en Queens.","robots":{"index":"index","follow":"follow","max-snippet":"max-snippet:-1","max-image-preview":"max-image-preview:large","max-video-preview":"max-video-preview:-1"},"canonical":"https:\/\/oreskylaw.com\/es\/queens\/abogados-de-accidentes-de-bicicleta\/","og_locale":"es_ES","og_type":"article","og_title":"Abogado de accidentes de bicicleta en Queens - Oresky & Associates, PLLC","og_description":"\u00bfHerido en un accidente de bicicleta en Queens, NY? Lucha por la indemnizaci\u00f3n que mereces con la ayuda de nuestros calificados abogados de accidentes de bicicleta en Queens.","og_url":"https:\/\/oreskylaw.com\/es\/queens\/abogados-de-accidentes-de-bicicleta\/","og_site_name":"Oresky &amp; Associates, PLLC","article_publisher":"https:\/\/www.facebook.com\/Oreskylaw\/","article_modified_time":"2026-01-31T08:55:15+00:00","og_image":[{"width":300,"height":200,"url":"https:\/\/oreskylaw.com\/wp-content\/uploads\/2026\/01\/Help-After-a-Bicycle-Accident-in-the-Bronx.webp","type":"image\/webp"}],"twitter_card":"summary_large_image","twitter_site":"@JacobOreskyLaw","twitter_misc":{"Tiempo de lectura":"8 minutos"},"schema":{"@context":"https:\/\/schema.org","@graph":[{"@type":"WebPage","@id":"https:\/\/oreskylaw.com\/es\/queens\/abogados-de-accidentes-de-bicicleta\/","url":"https:\/\/oreskylaw.com\/es\/queens\/abogados-de-accidentes-de-bicicleta\/","name":"Abogado de accidentes de bicicleta en Queens - Oresky & Associates, PLLC","isPartOf":{"@id":"https:\/\/oreskylaw.com\/es\/#website"},"primaryImageOfPage":{"@id":"https:\/\/oreskylaw.com\/es\/queens\/abogados-de-accidentes-de-bicicleta\/#primaryimage"},"image":{"@id":"https:\/\/oreskylaw.com\/es\/queens\/abogados-de-accidentes-de-bicicleta\/#primaryimage"},"thumbnailUrl":"https:\/\/oreskylaw.com\/wp-content\/uploads\/2026\/01\/Help-After-a-Bicycle-Accident-in-the-Bronx.webp","datePublished":"2025-12-09T08:37:55+00:00","dateModified":"2026-01-31T08:55:15+00:00","description":"\u00bfHerido en un accidente de bicicleta en Queens, NY? Lucha por la indemnizaci\u00f3n que mereces con la ayuda de nuestros calificados abogados de accidentes de bicicleta en Queens.","breadcrumb":{"@id":"https:\/\/oreskylaw.com\/es\/queens\/abogados-de-accidentes-de-bicicleta\/#breadcrumb"},"inLanguage":"es","potentialAction":[{"@type":"ReadAction","target":["https:\/\/oreskylaw.com\/es\/queens\/abogados-de-accidentes-de-bicicleta\/"]}]},{"@type":"ImageObject","inLanguage":"es","@id":"https:\/\/oreskylaw.com\/es\/queens\/abogados-de-accidentes-de-bicicleta\/#primaryimage","url":"https:\/\/oreskylaw.com\/wp-content\/uploads\/2026\/01\/Help-After-a-Bicycle-Accident-in-the-Bronx.webp","contentUrl":"https:\/\/oreskylaw.com\/wp-content\/uploads\/2026\/01\/Help-After-a-Bicycle-Accident-in-the-Bronx.webp"},{"@type":"BreadcrumbList","@id":"https:\/\/oreskylaw.com\/es\/queens\/abogados-de-accidentes-de-bicicleta\/#breadcrumb","itemListElement":[{"@type":"ListItem","position":1,"name":"Inicio","item":"https:\/\/oreskylaw.com\/es\/"},{"@type":"ListItem","position":2,"name":"Queens","item":"https:\/\/oreskylaw.com\/es\/queens\/"},{"@type":"ListItem","position":3,"name":"Abogado de accidentes de bicicleta en Queens"}]},{"@type":"WebSite","@id":"https:\/\/oreskylaw.com\/es\/#website","url":"https:\/\/oreskylaw.com\/es\/","name":"Oresky & Associates PLLC","description":"","publisher":{"@id":"https:\/\/oreskylaw.com\/es\/#organization"},"potentialAction":[{"@type":"SearchAction","target":{"@type":"EntryPoint","urlTemplate":"https:\/\/oreskylaw.com\/es\/?s={search_term_string}"},"query-input":{"@type":"PropertyValueSpecification","valueRequired":true,"valueName":"search_term_string"}}],"inLanguage":"es"}]}},"_links":{"self":[{"href":"https:\/\/oreskylaw.com\/es\/wp-json\/wp\/v2\/pages\/19390","targetHints":{"allow":["GET"]}}],"collection":[{"href":"https:\/\/oreskylaw.com\/es\/wp-json\/wp\/v2\/pages"}],"about":[{"href":"https:\/\/oreskylaw.com\/es\/wp-json\/wp\/v2\/types\/page"}],"author":[{"embeddable":true,"href":"https:\/\/oreskylaw.com\/es\/wp-json\/wp\/v2\/users\/9"}],"replies":[{"embeddable":true,"href":"https:\/\/oreskylaw.com\/es\/wp-json\/wp\/v2\/comments?post=19390"}],"version-history":[{"count":0,"href":"https:\/\/oreskylaw.com\/es\/wp-json\/wp\/v2\/pages\/19390\/revisions"}],"up":[{"embeddable":true,"href":"https:\/\/oreskylaw.com\/es\/wp-json\/wp\/v2\/pages\/19332"}],"wp:attachment":[{"href":"https:\/\/oreskylaw.com\/es\/wp-json\/wp\/v2\/media?parent=19390"}],"curies":[{"name":"wp","href":"https:\/\/api.w.org\/{rel}","templated":true}]}}