{"id":19401,"date":"2025-12-09T08:38:18","date_gmt":"2025-12-09T08:38:18","guid":{"rendered":"https:\/\/oreskylaw.com\/?page_id=19401"},"modified":"2026-01-31T08:57:40","modified_gmt":"2026-01-31T08:57:40","slug":"abogados-de-derrumbe-de-edificios","status":"publish","type":"page","link":"https:\/\/oreskylaw.com\/es\/queens\/abogados-de-derrumbe-de-edificios\/","title":{"rendered":"Abogado Especialista en Colapsos de Edificios"},"content":{"rendered":"<p>\u00bfSufri\u00f3 lesiones cuando un edificio se derrumb\u00f3 en Queens, NY? Comun\u00edquese con nuestros abogados especialistas en derrumbes de edificios en Queens en\u00a0<a href=\"https:\/\/oreskylaw.com\/es\/acerca-de-nosotros\/\">Oresky &amp; Associates, PLLC<\/a>, ll\u00e1menos al\u00a0<a href=\"tel:+19293050949\">(929) 305-0949<\/a>.<\/p>\n<p>Ya sea que estuviera trabajando cuando ocurri\u00f3 el accidente o fuera un transe\u00fante, usted merece una compensaci\u00f3n que compense sus p\u00e9rdidas. Dependiendo de los hechos de su caso,\u00a0<a href=\"https:\/\/oreskylaw.com\/es\/acerca-de-nosotros\/\">Oresky &amp; Associates, PLLC<\/a>\u00a0puede ayudarlo a presentar un reclamo por sus gastos m\u00e9dicos, otras p\u00e9rdidas financieras, dolor y sufrimiento, y m\u00e1s.<\/p>\n<p>Hemos defendido los derechos de las v\u00edctimas de accidentes en la ciudad de New York desde 1992. En ese tiempo, nuestros abogados especializados en accidentes de construcci\u00f3n han asegurado m\u00e1s de $400 millones en compensaci\u00f3n para nuestros clientes. Con m\u00e1s de 30 a\u00f1os de experiencia combinada, puede confiar en que estar\u00e1 en buenas manos si nos elige para representarlo.<\/p>\n<p><a href=\"https:\/\/oreskylaw.com\/es\/contacto\/\">Cont\u00e1ctenos<\/a>\u00a0hoy para comenzar. Ofrecemos una consulta inicial gratuita para revisar su caso y ofrecer asesoramiento legal.<\/p>\n<h2>C\u00f3mo Puede Ayudar Oresky &amp; Associates, PLLC Despu\u00e9s de un Colapso de Edificio en Queens<\/h2>\n<p><img loading=\"lazy\" decoding=\"async\" class=\"size-full wp-image-14492 alignleft\" src=\"https:\/\/oreskylaw.com\/wp-content\/uploads\/2026\/01\/Help-After-a-Crane-Accident-in-the-Bronx-New-York.webp\" alt=\"construction accident attorney Bronx NY\" width=\"300\" height=\"199\" \/>Los trabajadores de la construcci\u00f3n en la ciudad de New York tienen protecciones significativas a trav\u00e9s de las leyes estatales. Si trabaja en la industria y sufre lesiones durante el curso de su empleo, es probable que tenga derecho legal a compensaci\u00f3n. Esto generalmente significa recibir beneficios de compensaci\u00f3n laboral, pero tambi\u00e9n podr\u00eda significar una demanda de terceros. La ley de agravios del estado de New York tambi\u00e9n le podr\u00eda dar el derecho a presentar un reclamo si simplemente era un transe\u00fante inocente durante el colapso del edificio.<\/p>\n<p>La conclusi\u00f3n es que casi seguramente tiene opciones legales despu\u00e9s de un colapso de edificio en Queens, New York. Oresky &amp; Associates, PLLC est\u00e1 aqu\u00ed para ayudarlo durante todo el proceso. Nuestro galardonado abogado l\u00edder en accidentes de construcci\u00f3n en Queens, Jacob Oresky, ha sido reconocido por Super Lawyers, el Million Dollar Advocates Forum y fue incluido en la lista de \u00abNew York&#8217;s Leading Personal Injury Lawyers\u00bb de la revista New York Magazine. Podemos ayudar con su caso de colapso de edificio al:<\/p>\n<ul>\n<li>Investigar completamente su incidente para determinar su mejor curso de acci\u00f3n<\/li>\n<li>Contratar testigos expertos, si es necesario, para reforzar su reclamo<\/li>\n<li>Manejar su reclamo de compensaci\u00f3n laboral de principio a fin<\/li>\n<li>Evaluar todos sus da\u00f1os y exigir una compensaci\u00f3n justa en su nombre<\/li>\n<li>Negociar un acuerdo con la parte contraria<\/li>\n<\/ul>\n<p>Presentar una demanda contra la parte responsable por sus lesiones si es necesario<\/p>\n<h2>\u00bfCon Qu\u00e9 Frecuencia Se Derrumban los Edificios en la Ciudad de New York?<\/h2>\n<p>Los accidentes de construcci\u00f3n son bastante comunes en NYC. La industria de la construcci\u00f3n en su conjunto es una de las m\u00e1s peligrosas en las que trabajar. Seg\u00fan un estudio reciente del Departamento de Edificios de la Ciudad de New York (DOB), solo en los sitios de construcci\u00f3n hubo 502 lesiones relacionadas con la construcci\u00f3n en 2020.<\/p>\n<p>Los incidentes de colapso de edificios, en particular, ocurren m\u00e1s a menudo de lo que podr\u00eda pensar. Estos son solo algunos ejemplos de colapsos de edificios recientes en NYC:<\/p>\n<ul>\n<li>Abril de 2023 \u2013 Colapso de un garage de estacionamiento en el Bajo Manhattan<\/li>\n<li>Marzo de 2023 \u2013 Colapso de una pared en un sitio de demolici\u00f3n en SoHo<\/li>\n<li>Mayo de 2021 \u2013 Colapso de un elevador en un edificio del Bronx<\/li>\n<li>Diciembre de 2020 \u2013 Colapso de una pared de ladrillos en Sunset Park<\/li>\n<li>Julio de 2020 \u2013 Colapso de andamios en un edificio de Murray Hill<\/li>\n<li>Julio de 2020 \u2013 Colapso de un edificio en Carroll Gardens<\/li>\n<\/ul>\n<p>Si est\u00e1 listo para comenzar o desea m\u00e1s informaci\u00f3n, contacte a nuestra oficina de abogados en Queens hoy para programar una revisi\u00f3n gratuita de su caso.<\/p>\n    <div class=\"cw-cta-box\">\n        <div class=\"cw-cta-box__inner \">\n            <div class=\"cw-cta-box__info\">\n                                    <div class=\"label\">\u00a1Llame ahora!<\/div>\n                            <\/div>\n                            <div class=\"contact-phone\">\n                    <a href=\"tel:7189939999\"\n                        aria-label=\"Tap to call button\">\n                        718-993-9999                    <\/a>\n                <\/div>\n                    <\/div>\n                    <a href=\"\/es\/contacto\/\"\n               class=\"cta-btn btn btn--primary btn\"\n               target=\"\">\n                Obtenga Una Consulta Gratuita            <\/a>\n            <\/div>\n    \n<h2>\u00bfC\u00f3mo Recupero Compensaci\u00f3n Despu\u00e9s de un Colapso de Edificio en Queens, NY?<\/h2>\n<p>Si sufri\u00f3 lesiones como empleado de construcci\u00f3n cuando se derrumb\u00f3 el edificio, probablemente pueda presentar un reclamo de compensaci\u00f3n laboral. Puede presentar este reclamo independientemente de qui\u00e9n tenga la culpa del incidente. Sin embargo, no hay garant\u00eda de que su reclamo sea aceptado sin problemas. Un abogado de compensaci\u00f3n laboral de Queens puede ayudar a garantizar que el proceso se desarrolle sin problemas.<\/p>\n<p>Un inconveniente del sistema de compensaci\u00f3n laboral es que normalmente no puede demandar a su empleador por da\u00f1os. Pero si un tercero (que no sea su empleador) fue responsable del incidente, es posible que pueda presentar un reclamo por lesiones personales contra ellos para obtener una compensaci\u00f3n adicional. Es importante destacar que esta es la \u00fanica forma de recuperar da\u00f1os no econ\u00f3micos, como el dolor y sufrimiento.<\/p>\n<p>Si usted fue un transe\u00fante herido debido al colapso del edificio, es posible que tenga un reclamo por lesiones personales contra quien sea responsable del incidente tambi\u00e9n. En esta situaci\u00f3n, puede tener la opci\u00f3n de presentar un reclamo bajo la teor\u00eda de la responsabilidad vicaria. Esta teor\u00eda le permite responsabilizar a un empleador por las acciones de un empleado.<\/p>\n<h2>\u00bfQu\u00e9 Da\u00f1os Est\u00e1n Disponibles para M\u00ed Despu\u00e9s de un Accidente de Colapso de Edificio en Queens?<\/h2>\n<p>Si es elegible para presentar un reclamo de compensaci\u00f3n laboral, puede recibir asistencia financiera para:<\/p>\n<ul>\n<li>Gastos m\u00e9dicos razonables y necesarios<\/li>\n<li>Discapacidad temporal o permanente<\/li>\n<li>Beneficios de supervivencia (si un ser querido falleci\u00f3 debido al colapso del edificio)<\/li>\n<\/ul>\n<p>La ley de agravios del estado de New York permite a las v\u00edctimas de accidentes recuperar dos tipos principales de da\u00f1os a trav\u00e9s de un reclamo por lesiones personales: econ\u00f3micos y no econ\u00f3micos.<\/p>\n<p>Los da\u00f1os econ\u00f3micos incluyen cosas como:<\/p>\n<ul>\n<li><a href=\"https:\/\/oreskylaw.com\/es\/blog\/puedo-obtener-un-reembolso-por-perdidas-de-salario\/\">Salarios perdidos<\/a><\/li>\n<li>Facturas m\u00e9dicas<\/li>\n<li><a href=\"https:\/\/oreskylaw.com\/es\/blog\/gastos-de-bolsillo-por-lesiones-personales\/\">Gastos de bolsillo<\/a><\/li>\n<li>Rehabilitaci\u00f3n y terapia<\/li>\n<li><a href=\"https:\/\/oreskylaw.com\/es\/blog\/lesiones-personales-perdida-de-ingresos-disminucion-de-la-capacidad-de-ingresos\/\">Capacidad de ganancia disminuida<\/a><\/li>\n<\/ul>\n<p>Ejemplos de da\u00f1os no econ\u00f3micos incluyen:<\/p>\n<ul>\n<li>Angustia emocional<\/li>\n<li>TEPT, depresi\u00f3n y otras condiciones mentales<\/li>\n<li>Dolor y sufrimiento<\/li>\n<li>Cicatrices y desfiguraci\u00f3n<\/li>\n<li>P\u00e9rdida del consorcio<\/li>\n<\/ul>\n<p>Nuestros abogados de colapso de edificios en Queens trabajar\u00e1n arduamente para evaluar todos los da\u00f1os que se le deben basados en los hechos espec\u00edficos de su caso. Ll\u00e1menos hoy para obtener m\u00e1s informaci\u00f3n sobre sus opciones.<\/p>\n<h2>\u00bfCu\u00e1nto Tiempo Tengo para Presentar un Reclamo por Colapso de Edificio en el Estado de New York?<\/h2>\n<p>Debe notificar a su empleador dentro de los 30 d\u00edas posteriores al accidente para recibir beneficios de compensaci\u00f3n laboral. A partir de ah\u00ed, tendr\u00e1 dos a\u00f1os desde la fecha del accidente para presentar un reclamo de compensaci\u00f3n laboral.<\/p>\n<p>Si puede presentar una demanda por lesiones personales contra la parte responsable (o un tercero responsable), tendr\u00e1 tres a\u00f1os para hacerlo seg\u00fan el estatuto de limitaciones del estado.<\/p>\n<p>Tenga en cuenta que en algunos casos hay excepciones a estos plazos. Es cr\u00edtico actuar r\u00e1pidamente despu\u00e9s de un incidente de colapso de edificio en Queens para proteger sus derechos legales. Le recomendamos que se comunique con nosotros lo antes posible para confirmar los plazos adecuados para su caso.<\/p>\n<h2>Programe una Evaluaci\u00f3n Gratuita de Caso con un Abogado de Confianza en Colapso de Edificios en Queens<\/h2>\n<p>Los edificios colapsan frecuentemente en la ciudad de New York y las lesiones y da\u00f1os resultantes pueden ser traum\u00e1ticos, incluso aterradores. Si esto le ha sucedido a usted, Oresky &amp; Associates, PLLC puede ayudarle a obtener una compensaci\u00f3n por las consecuencias del accidente, ya sea que necesite presentar un reclamo de compensaci\u00f3n laboral o una demanda por lesiones personales.<\/p>\n<p>Nuestros abogados de colapso de edificios en Queens trabajan por un honorario contingente, lo que significa que puede contratarnos sin costo inicial. Adem\u00e1s, solo recibimos honorarios de abogado si resolvemos o ganamos su reclamo. En otras palabras, solo nos pagan si usted obtiene una compensaci\u00f3n.<\/p>\n<p>Llame hoy para programar su consulta gratuita sin compromiso.<\/p>\n","protected":false},"excerpt":{"rendered":"<p>\u00bfSufri\u00f3 lesiones cuando un edificio se derrumb\u00f3 en Queens, NY? Comun\u00edquese con nuestros abogados especialistas en derrumbes de edificios en Queens en\u00a0Oresky &amp; Associates, PLLC, ll\u00e1menos al\u00a0(929) 305-0949. Ya sea que estuviera trabajando cuando ocurri\u00f3 el accidente o fuera un transe\u00fante, usted merece una compensaci\u00f3n que compense sus p\u00e9rdidas. Dependiendo de los hechos de su [&hellip;]<\/p>\n","protected":false},"author":9,"featured_media":0,"parent":19332,"menu_order":9,"comment_status":"closed","ping_status":"closed","template":"","meta":{"_acf_changed":false,"footnotes":""},"class_list":["post-19401","page","type-page","status-publish","hentry"],"acf":[],"yoast_head":"<!-- This site is optimized with the Yoast SEO plugin v27.3 - https:\/\/yoast.com\/product\/yoast-seo-wordpress\/ -->\n<title>Abogado de Derrumbes de Edificios en Queens - Oresky &amp; Associates, PLLC<\/title>\n<meta name=\"description\" content=\"\u00bfSufri\u00f3 lesiones por el derrumbe de un edificio en Queens, NY? Contacte a Oresky &amp; Associates, PLLC para conocer sus derechos legales y opciones de compensaci\u00f3n.\" \/>\n<meta name=\"robots\" content=\"index, follow, max-snippet:-1, max-image-preview:large, max-video-preview:-1\" \/>\n<link rel=\"canonical\" href=\"https:\/\/oreskylaw.com\/es\/queens\/abogados-de-derrumbe-de-edificios\/\" \/>\n<meta property=\"og:locale\" content=\"es_ES\" \/>\n<meta property=\"og:type\" content=\"article\" \/>\n<meta property=\"og:title\" content=\"Abogado de Derrumbes de Edificios en Queens - Oresky &amp; Associates, PLLC\" \/>\n<meta property=\"og:description\" content=\"\u00bfSufri\u00f3 lesiones por el derrumbe de un edificio en Queens, NY? Contacte a Oresky &amp; Associates, PLLC para conocer sus derechos legales y opciones de compensaci\u00f3n.\" \/>\n<meta property=\"og:url\" content=\"https:\/\/oreskylaw.com\/es\/queens\/abogados-de-derrumbe-de-edificios\/\" \/>\n<meta property=\"og:site_name\" content=\"Oresky &amp; Associates, PLLC\" \/>\n<meta property=\"article:publisher\" content=\"https:\/\/www.facebook.com\/Oreskylaw\/\" \/>\n<meta property=\"article:modified_time\" content=\"2026-01-31T08:57:40+00:00\" \/>\n<meta property=\"og:image\" content=\"https:\/\/oreskylaw.com\/wp-content\/uploads\/2026\/01\/Help-After-a-Crane-Accident-in-the-Bronx-New-York.webp\" \/>\n\t<meta property=\"og:image:width\" content=\"300\" \/>\n\t<meta property=\"og:image:height\" content=\"199\" \/>\n\t<meta property=\"og:image:type\" content=\"image\/webp\" \/>\n<meta name=\"twitter:card\" content=\"summary_large_image\" \/>\n<meta name=\"twitter:site\" content=\"@JacobOreskyLaw\" \/>\n<meta name=\"twitter:label1\" content=\"Tiempo de lectura\" \/>\n\t<meta name=\"twitter:data1\" content=\"6 minutos\" \/>\n<!-- \/ Yoast SEO plugin. -->","yoast_head_json":{"title":"Abogado de Derrumbes de Edificios en Queens - Oresky & Associates, PLLC","description":"\u00bfSufri\u00f3 lesiones por el derrumbe de un edificio en Queens, NY? Contacte a Oresky & Associates, PLLC para conocer sus derechos legales y opciones de compensaci\u00f3n.","robots":{"index":"index","follow":"follow","max-snippet":"max-snippet:-1","max-image-preview":"max-image-preview:large","max-video-preview":"max-video-preview:-1"},"canonical":"https:\/\/oreskylaw.com\/es\/queens\/abogados-de-derrumbe-de-edificios\/","og_locale":"es_ES","og_type":"article","og_title":"Abogado de Derrumbes de Edificios en Queens - Oresky & Associates, PLLC","og_description":"\u00bfSufri\u00f3 lesiones por el derrumbe de un edificio en Queens, NY? Contacte a Oresky & Associates, PLLC para conocer sus derechos legales y opciones de compensaci\u00f3n.","og_url":"https:\/\/oreskylaw.com\/es\/queens\/abogados-de-derrumbe-de-edificios\/","og_site_name":"Oresky &amp; Associates, PLLC","article_publisher":"https:\/\/www.facebook.com\/Oreskylaw\/","article_modified_time":"2026-01-31T08:57:40+00:00","og_image":[{"width":300,"height":199,"url":"https:\/\/oreskylaw.com\/wp-content\/uploads\/2026\/01\/Help-After-a-Crane-Accident-in-the-Bronx-New-York.webp","type":"image\/webp"}],"twitter_card":"summary_large_image","twitter_site":"@JacobOreskyLaw","twitter_misc":{"Tiempo de lectura":"6 minutos"},"schema":{"@context":"https:\/\/schema.org","@graph":[{"@type":"WebPage","@id":"https:\/\/oreskylaw.com\/es\/queens\/abogados-de-derrumbe-de-edificios\/","url":"https:\/\/oreskylaw.com\/es\/queens\/abogados-de-derrumbe-de-edificios\/","name":"Abogado de Derrumbes de Edificios en Queens - Oresky & Associates, PLLC","isPartOf":{"@id":"https:\/\/oreskylaw.com\/es\/#website"},"primaryImageOfPage":{"@id":"https:\/\/oreskylaw.com\/es\/queens\/abogados-de-derrumbe-de-edificios\/#primaryimage"},"image":{"@id":"https:\/\/oreskylaw.com\/es\/queens\/abogados-de-derrumbe-de-edificios\/#primaryimage"},"thumbnailUrl":"https:\/\/oreskylaw.com\/wp-content\/uploads\/2026\/01\/Help-After-a-Crane-Accident-in-the-Bronx-New-York.webp","datePublished":"2025-12-09T08:38:18+00:00","dateModified":"2026-01-31T08:57:40+00:00","description":"\u00bfSufri\u00f3 lesiones por el derrumbe de un edificio en Queens, NY? Contacte a Oresky & Associates, PLLC para conocer sus derechos legales y opciones de compensaci\u00f3n.","breadcrumb":{"@id":"https:\/\/oreskylaw.com\/es\/queens\/abogados-de-derrumbe-de-edificios\/#breadcrumb"},"inLanguage":"es","potentialAction":[{"@type":"ReadAction","target":["https:\/\/oreskylaw.com\/es\/queens\/abogados-de-derrumbe-de-edificios\/"]}]},{"@type":"ImageObject","inLanguage":"es","@id":"https:\/\/oreskylaw.com\/es\/queens\/abogados-de-derrumbe-de-edificios\/#primaryimage","url":"https:\/\/oreskylaw.com\/wp-content\/uploads\/2026\/01\/Help-After-a-Crane-Accident-in-the-Bronx-New-York.webp","contentUrl":"https:\/\/oreskylaw.com\/wp-content\/uploads\/2026\/01\/Help-After-a-Crane-Accident-in-the-Bronx-New-York.webp"},{"@type":"BreadcrumbList","@id":"https:\/\/oreskylaw.com\/es\/queens\/abogados-de-derrumbe-de-edificios\/#breadcrumb","itemListElement":[{"@type":"ListItem","position":1,"name":"Inicio","item":"https:\/\/oreskylaw.com\/es\/"},{"@type":"ListItem","position":2,"name":"Queens","item":"https:\/\/oreskylaw.com\/es\/queens\/"},{"@type":"ListItem","position":3,"name":"Abogado Especialista en Colapsos de Edificios"}]},{"@type":"WebSite","@id":"https:\/\/oreskylaw.com\/es\/#website","url":"https:\/\/oreskylaw.com\/es\/","name":"Oresky & Associates PLLC","description":"","publisher":{"@id":"https:\/\/oreskylaw.com\/es\/#organization"},"potentialAction":[{"@type":"SearchAction","target":{"@type":"EntryPoint","urlTemplate":"https:\/\/oreskylaw.com\/es\/?s={search_term_string}"},"query-input":{"@type":"PropertyValueSpecification","valueRequired":true,"valueName":"search_term_string"}}],"inLanguage":"es"}]}},"_links":{"self":[{"href":"https:\/\/oreskylaw.com\/es\/wp-json\/wp\/v2\/pages\/19401","targetHints":{"allow":["GET"]}}],"collection":[{"href":"https:\/\/oreskylaw.com\/es\/wp-json\/wp\/v2\/pages"}],"about":[{"href":"https:\/\/oreskylaw.com\/es\/wp-json\/wp\/v2\/types\/page"}],"author":[{"embeddable":true,"href":"https:\/\/oreskylaw.com\/es\/wp-json\/wp\/v2\/users\/9"}],"replies":[{"embeddable":true,"href":"https:\/\/oreskylaw.com\/es\/wp-json\/wp\/v2\/comments?post=19401"}],"version-history":[{"count":0,"href":"https:\/\/oreskylaw.com\/es\/wp-json\/wp\/v2\/pages\/19401\/revisions"}],"up":[{"embeddable":true,"href":"https:\/\/oreskylaw.com\/es\/wp-json\/wp\/v2\/pages\/19332"}],"wp:attachment":[{"href":"https:\/\/oreskylaw.com\/es\/wp-json\/wp\/v2\/media?parent=19401"}],"curies":[{"name":"wp","href":"https:\/\/api.w.org\/{rel}","templated":true}]}}