{"id":19413,"date":"2026-01-19T07:48:27","date_gmt":"2026-01-19T07:48:27","guid":{"rendered":"https:\/\/oreskylaw.com\/?page_id=19413"},"modified":"2026-01-31T09:02:21","modified_gmt":"2026-01-31T09:02:21","slug":"abogados-de-accidentes-de-autobus","status":"publish","type":"page","link":"https:\/\/oreskylaw.com\/es\/queens\/abogados-de-accidentes-de-autobus\/","title":{"rendered":"Abogado de Accidentes de Autob\u00fas"},"content":{"rendered":"<p>\u00bfHa sufrido lesiones en un accidente de autob\u00fas en Queens, NY? No dude en llamar a\u00a0<a href=\"https:\/\/oreskylaw.com\/es\/acerca-de-nosotros\/\">Oresky &amp; Associates, PLLC<\/a>. Podr\u00eda tener derecho a una compensaci\u00f3n y nuestros abogados especializados en accidentes de autob\u00fas en Queens pueden ayudarle a maximizar su recuperaci\u00f3n.<\/p>\n<p>Desde 1992, nuestro bufete de abogados ha sido un f\u00e9rreo defensor de las v\u00edctimas de accidentes y sus familias en Queens. Tenemos una reputaci\u00f3n de ganar y por una buena raz\u00f3n. Hemos obtenido m\u00e1s de $400 millones en da\u00f1os y perjuicios para clientes como usted.<\/p>\n<p>Descubra c\u00f3mo nuestro equipo legal puede ayudarle despu\u00e9s de su accidente de autob\u00fas. <a href=\"https:\/\/oreskylaw.com\/es\/contacto\/\">Contact us<\/a> hoy en nuestra oficina legal que sirve a Queens, New York, o llame al\u00a0<a href=\"tel:+19293050949\">(929) 305-0949<\/a>\u00a0para comenzar con una consulta gratuita ahora.<\/p>\n<h2>C\u00f3mo Oresky &amp; Associates, PLLC Puede Ayudar Despu\u00e9s de un Accidente de Autob\u00fas en Queens<\/h2>\n<p>\u00bfQui\u00e9n tiene la culpa de su accidente de autob\u00fas en Queens? \u00bfQu\u00e9 caus\u00f3 la colisi\u00f3n? \u00bfQu\u00e9 pasa si alguien m\u00e1s intenta decir que usted comparte parte de la culpa? Estas no son preguntas que deba tratar de responder por s\u00ed mismo despu\u00e9s de haber estado involucrado en un accidente de autob\u00fas en Queens. Afortunadamente, no tiene que hacerlo.<\/p>\n<p>T\u00f3mese el tiempo que necesite para recuperarse y deje que nuestros\u00a0<a href=\"https:\/\/oreskylaw.com\/es\/queens\/\">abogados de lesiones de Queens<\/a>\u00a0manejen su lucha por una compensaci\u00f3n. En Oresky &amp; Associates, PLLC, estamos aqu\u00ed para ayudarle no solo a ganar su caso, sino tambi\u00e9n a maximizar su recuperaci\u00f3n. Nos enfrentaremos a las duras compa\u00f1\u00edas de seguros, servicios de autobuses e incluso a la MTA mientras luchamos por conseguirle hasta el \u00faltimo centavo que se merece.<\/p>\n<p>Mientras manejamos su caso, realizaremos:<\/p>\n<ul>\n<li>Investigaciones del choque para determinar la causalidad y la responsabilidad<\/li>\n<li>Recopilaci\u00f3n de pruebas para probar sus argumentos y respaldar su reclamo de da\u00f1os<\/li>\n<li>Consultas con expertos l\u00edderes en accidentes de autob\u00fas, como profesionales m\u00e9dicos, expolic\u00edas, especialistas forenses, profesionales de rehabilitaci\u00f3n vocacional y m\u00e1s<\/li>\n<li>Negociaciones para obtener la m\u00e1xima cantidad de dinero por su acuerdo de accidente de autob\u00fas<\/li>\n<li>Llevar su caso a un jurado en Queens si no se le ofrece un trato justo<\/li>\n<\/ul>\n<p>Ofrecemos una evaluaci\u00f3n de caso gratuita y trabajamos con base en honorarios de contingencia. As\u00ed que, absolutamente no hay riesgo en pedir nuestra ayuda. Solo paga si ganamos su caso. P\u00f3ngase en contacto con nuestros abogados de lesiones personales de Queens para obtener m\u00e1s informaci\u00f3n ahora.<\/p>\n<h2>\u00bfQu\u00e9 tan Comunes son los Accidentes de Autob\u00fas en Queens, NY?<\/h2>\n<p>Los accidentes de autob\u00fas ocurren m\u00e1s a menudo de lo que podr\u00eda pensar. Los datos de accidentes del NYPD muestran que hubo un total de 480 accidentes de autom\u00f3viles involucrando autobuses en Queens en 2021.<\/p>\n<p>Eso representa el 23 por ciento de todos los accidentes de autob\u00fas en la ciudad de New York.<\/p>\n<p>Queens ve, en promedio, 1.3 accidentes de autob\u00fas cada d\u00eda.<\/p>\n<h2>Manejamos Todos los Casos de Accidentes de Autob\u00fas en Queens, New York<\/h2>\n<p>Oresky &amp; Associates, PLLC le ayudar\u00e1 a buscar una compensaci\u00f3n despu\u00e9s de su accidente de autob\u00fas en Queens, ya sea que usted fuera un pasajero del autob\u00fas, peat\u00f3n u ocupante de otro veh\u00edculo.<\/p>\n<p>Nuestros abogados de lesiones personales representan a v\u00edctimas de accidentes que involucran:<\/p>\n<div class=\"row\">\n<ul class=\"col-xl-6\">\n<li>Autobuses de la MTA<\/li>\n<li>Autobuses urbanos de la MTA en New York<\/li>\n<li>Autobuses tur\u00edsticos<\/li>\n<li>Autobuses de turismo<\/li>\n<li>Autobuses escolares<\/li>\n<\/ul>\n<ul class=\"col-xl-6\">\n<li>Autobuses de alquiler privado<\/li>\n<li>Autobuses de Greyhound<\/li>\n<li>Autobuses de Peter Pan<\/li>\n<li>Autobuses verdes, y m\u00e1s.<\/li>\n<\/ul>\n<\/div>\n<p>No dude en comunicarse con nuestro bufete de abogados para obtener asistencia despu\u00e9s de haber sido lesionado en un choque con un autob\u00fas. Estamos aqu\u00ed para ayudarle a comprender sus opciones legales y luchar por una recuperaci\u00f3n financiera completa.<\/p>\n<h2>\u00bfCu\u00e1les son las Causas Principales de Los Accidentes de Autob\u00fas?<\/h2>\n<p>Los accidentes de autob\u00fas pueden suceder por muchas razones diferentes, pero algunas de las causas m\u00e1s comunes incluyen:<\/p>\n<div class=\"row\">\n<ul class=\"col-xl-6\">\n<li>Distraerse al conducir<\/li>\n<li>Conducir bajo la influencia de drogas o alcohol<\/li>\n<li>La fatiga al conducir<\/li>\n<li>Conductores de autob\u00fas sin experiencia<\/li>\n<li>Operadores de autob\u00fas sin entrenamiento<\/li>\n<li>Cambios de carril inseguros<\/li>\n<li>Fallo en ceder el paso<\/li>\n<li>Falla mec\u00e1nica<\/li>\n<\/ul>\n<ul class=\"col-xl-6\">\n<li>Falta de mantenimiento de los autobuses<\/li>\n<li>Defectos del veh\u00edculo<\/li>\n<li>Exceso de velocidad<\/li>\n<li>Condiciones peligrosas de la carretera<\/li>\n<li>Clima<\/li>\n<li>Defectos en las carreteras<\/li>\n<li>Contrataci\u00f3n negligente<\/li>\n<\/ul>\n<\/div>\n<p>Determinar la causa (o causas) es un componente fundamental de su caso de lesiones personales. Una vez establecida la causalidad, nuestros abogados pueden comenzar a construir un caso de da\u00f1os contra las partes responsables.<\/p>\n<h2>\u00bfQui\u00e9n Puede Ser Responsable de Mis Lesiones Despu\u00e9s de un Accidente de Autob\u00fas en Queens?<\/h2>\n<p>Cualquiera que haya contribuido a la colisi\u00f3n puede ser responsable de sus da\u00f1os.<\/p>\n<p>Despu\u00e9s de una investigaci\u00f3n exhaustiva, nuestro equipo podr\u00eda determinar que una o m\u00e1s de las siguientes partes tienen la culpa:<\/p>\n<div class=\"row\">\n<ul class=\"col-xl-6\">\n<li>Conductor de autob\u00fas negligente<\/li>\n<li>Conductor negligente de un tercero<\/li>\n<li>Compa\u00f1\u00eda de autobuses privada<\/li>\n<li>Distritos escolares<\/li>\n<li>Compa\u00f1\u00eda de Autobuses de la Autoridad Metropolitana de Transporte (MTABC)<\/li>\n<li>Autoridad Metropolitana de Transporte (MTA)<\/li>\n<\/ul>\n<ul class=\"col-xl-6\">\n<li>Propietarios de inmuebles<\/li>\n<li><a href=\"https:\/\/oreskylaw.com\/es\/queens\/abogados-de-accidentes-de-peatones\/\">Peatones<\/a><\/li>\n<li><a href=\"https:\/\/oreskylaw.com\/es\/queens\/abogados-de-accidentes-de-bicicleta\/\">Ciclistas<\/a><\/li>\n<li>Agencias gubernamentales responsables del dise\u00f1o y mantenimiento de carreteras<\/li>\n<li>Fabricantes de autobuses<\/li>\n<li>Empleadores de partes culpables<\/li>\n<\/ul>\n<\/div>\n<p>Nuestros abogados luchar\u00e1n incansablemente para asegurar que cualquiera que haya causado su accidente de autob\u00fas sea considerado responsable. Discuta estrategias legales potenciales para la recuperaci\u00f3n con nuestro equipo hoy.<\/p>\n<h2>\u00bfCu\u00e1nto Dinero Puedo Obtener Si Me Lesiono en un Accidente de Autob\u00fas en Queens?<\/h2>\n<p>Aunque muchos factores pueden jugar un papel en la valoraci\u00f3n, dos aspectos clave dictar\u00e1n cu\u00e1nto dinero puede obtener por las lesiones de su accidente de autob\u00fas.<\/p>\n<ul>\n<li>La extensi\u00f3n y severidad de sus lesiones<\/li>\n<li>El impacto a largo plazo de su accidente y trauma<\/li>\n<\/ul>\n<p>Cuanto m\u00e1s catastr\u00f3ficas sean sus lesiones y mayor sea el impacto del accidente en su vida a largo plazo, m\u00e1s probablemente valdr\u00e1 su caso.<\/p>\n<p>Sin embargo, no descarte la idea de una demanda solo porque no cree que sus lesiones sean severas. Cada caso, y cada v\u00edctima, es diferente. Los casos que involucran lesiones de leves a moderadas pueden seguir valiendo una cantidad considerable de dinero. Siempre discuta su situaci\u00f3n espec\u00edfica con un abogado de lesiones personales en Queens que tenga experiencia en casos de lesiones de autob\u00fas como el suyo.<\/p>\n<h2>\u00bfQu\u00e9 Compensaci\u00f3n Puede Ser Otorgada a las V\u00edctimas de Accidentes de Autob\u00fas en Queens?<\/h2>\n<p>Los da\u00f1os econ\u00f3micos y no econ\u00f3micos pueden estar disponibles para las v\u00edctimas de accidentes de autob\u00fas en Queens, New York.<\/p>\n<h3>Da\u00f1os Econ\u00f3micos<\/h3>\n<p><a href=\"https:\/\/oreskylaw.com\/es\/blog\/lesiones-personales-danos-economicos\/\">Los da\u00f1os econ\u00f3micos<\/a> compensan los gastos financieros y las p\u00e9rdidas relacionadas con un accidente, como:<\/p>\n<div class=\"row\">\n<ul class=\"col-xl-6\">\n<li>Hospitalizaci\u00f3n<\/li>\n<li>Cirug\u00eda<\/li>\n<li>Cuidado m\u00e9dico de seguimiento<\/li>\n<li>Tratamiento m\u00e9dico a largo plazo<\/li>\n<li>Equipos y dispositivos m\u00e9dicos<\/li>\n<li>Rehabilitaci\u00f3n<\/li>\n<\/ul>\n<ul class=\"col-xl-6\">\n<li>Otras facturas m\u00e9dicas<\/li>\n<li>Salarios perdidos<\/li>\n<li>Discapacidad<\/li>\n<li>Da\u00f1os a la propiedad<\/li>\n<li>Otros costos de bolsillo<\/li>\n<\/ul>\n<\/div>\n<p>Si un accidente de autob\u00fas es fatal, las familias pueden recuperar da\u00f1os patrimoniales para cubrir el costo de un funeral y compensar la p\u00e9rdida de apoyo financiero de la v\u00edctima.<\/p>\n<h3>Da\u00f1os No Econ\u00f3micos<\/h3>\n<p>Los da\u00f1os no econ\u00f3micos se otorgan para compensar el dolor y sufrimiento que las v\u00edctimas experimentan como resultado de un accidente de autob\u00fas, como:<\/p>\n<div class=\"row\">\n<ul class=\"col-xl-6\">\n<li>Dolor cr\u00f3nico<\/li>\n<li>Angustia mental<\/li>\n<li>TEPT<\/li>\n<li>Desfiguraci\u00f3n<\/li>\n<\/ul>\n<ul class=\"col-xl-6\">\n<li>Cicatrices<\/li>\n<li>P\u00e9rdida de consorcio<\/li>\n<li>P\u00e9rdida de disfrute de la vida<\/li>\n<\/ul>\n<\/div>\n<p>En situaciones raras, tambi\u00e9n se pueden otorgar da\u00f1os punitivos. Sin embargo, debe haber pruebas de que el demandado actu\u00f3 maliciosamente o con un descuido temerario de la seguridad de la v\u00edctima.<\/p>\n<h2>\u00bfPuedo Ganar Mi Caso A\u00fan Si Me Culpan Por el Accidente de Autob\u00fas?<\/h2>\n<p>New York es uno de los muchos estados que han adoptado un sistema puro de negligencia comparativa. Esto significa que compartir culpa no le impedir\u00e1 autom\u00e1ticamente buscar da\u00f1os en una demanda. Tampoco evitar\u00e1 que recupere beneficios del seguro.<\/p>\n<p>Sin embargo, alguien m\u00e1s tambi\u00e9n debe ser responsable del accidente de autob\u00fas. Una vez que se le asigne toda la responsabilidad, pierde el derecho a buscar da\u00f1os.<\/p>\n<p>Compartir culpa afectar\u00e1 cu\u00e1nto dinero puede obtener. Su premio financiero reflejar\u00e1 su contribuci\u00f3n al accidente. Si se le asigna el 20 por ciento de la culpa, entonces sus da\u00f1os se reducir\u00e1n en un 20 por ciento.<\/p>\n<p>Eso podr\u00eda significar obtener $80.000 cuando sus da\u00f1os realmente valen $100.000.<\/p>\n<p>Puede ver por qu\u00e9 las compa\u00f1\u00edas de seguros, las compa\u00f1\u00edas de autobuses y otras partes querr\u00edan intentar culparlo. Cuanto menos responsabilidad se les asigne, menos dinero tienen que pagar por sus lesiones. Es importante contraatacar, y Oresky &amp; Associates, PLLC est\u00e1 listo para hacer eso por usted.<\/p>\n    <div class=\"cw-cta-box\">\n        <div class=\"cw-cta-box__inner \">\n            <div class=\"cw-cta-box__info\">\n                                    <div class=\"label\">\u00a1Llame ahora!<\/div>\n                            <\/div>\n                            <div class=\"contact-phone\">\n                    <a href=\"tel:7189939999\"\n                        aria-label=\"Tap to call button\">\n                        718-993-9999                    <\/a>\n                <\/div>\n                    <\/div>\n                    <a href=\"\/es\/contacto\/\"\n               class=\"cta-btn btn btn--primary btn\"\n               target=\"\">\n                Obtenga Una Consulta Gratuita            <\/a>\n            <\/div>\n    \n<h2>\u00bfCu\u00e1l es el Estatuto de Limitaciones para Demandas de Accidentes de Autob\u00fas en Queens?<\/h2>\n<p><img loading=\"lazy\" decoding=\"async\" class=\"size-full wp-image-33435 alignleft\" src=\"https:\/\/oreskylaw.com\/wp-content\/uploads\/2026\/01\/How-Oresky-Associates-PLLC-Can-Help-After-a-Bus-Accident-in-the-Bronx.webp\" alt=\"construction accident attorney Bronx NY\" width=\"300\" height=\"200\" \/>Depende de qui\u00e9n sea responsable del accidente de autob\u00fas y de sus lesiones resultantes.<\/p>\n<p>Si va a presentar una demanda contra una compa\u00f1\u00eda privada de autobuses o un conductor negligente de terceros, tendr\u00e1 tres a\u00f1os desde su accidente para hacerlo. Tendr\u00e1 solo dos a\u00f1os si el accidente de autob\u00fas result\u00f3 en la muerte injusta de un miembro de la familia.<\/p>\n<p>Se aplican reglas diferentes si va a presentar una demanda contra la MTA u otra agencia gubernamental.<\/p>\n<p>Cuando una entidad gubernamental est\u00e1 involucrada, solo tendr\u00e1 90 d\u00edas para presentar una reclamaci\u00f3n ante la propia agencia gubernamental.<\/p>\n<p>No se pierda el plazo que se aplica a su caso. Tres meses pueden pasar r\u00e1pidamente, especialmente cuando se est\u00e1 lidiando con lesiones catastr\u00f3ficas y el trauma de un accidente.<\/p>\n<p>La mejor manera de proteger sus intereses legales es llamando a nuestros abogados de accidentes de autob\u00fas en Queens para obtener ayuda tan pronto como pueda despu\u00e9s de haberse lesionado.<\/p>\n<h2>Programe una Consulta Gratuita con un Abogado de Accidentes de Autob\u00fas en Queens<\/h2>\n<p>\u00bfHa sufrido una lesi\u00f3n cerebral traum\u00e1tica, fracturas \u00f3seas, quemaduras u otras lesiones en un accidente de autob\u00fas en Queens? \u00bfSe lesion\u00f3 con poca o ninguna culpa de su parte? Contacte a Oresky &amp; Associates, PLLC para conocer sus derechos legales y opciones.<\/p>\n<p>Nuestros abogados de accidentes de autob\u00fas en Queens pueden ayudarle a presentar un reclamo por da\u00f1os y buscar la m\u00e1xima compensaci\u00f3n.<\/p>\n<p>Ofrecemos una consulta gratuita y estamos disponibles para recibir su llamada ahora mismo. P\u00f3ngase en contacto para programar la suya hoy.<\/p>\n","protected":false},"excerpt":{"rendered":"<p>\u00bfHa sufrido lesiones en un accidente de autob\u00fas en Queens, NY? No dude en llamar a\u00a0Oresky &amp; Associates, PLLC. Podr\u00eda tener derecho a una compensaci\u00f3n y nuestros abogados especializados en accidentes de autob\u00fas en Queens pueden ayudarle a maximizar su recuperaci\u00f3n. Desde 1992, nuestro bufete de abogados ha sido un f\u00e9rreo defensor de las v\u00edctimas [&hellip;]<\/p>\n","protected":false},"author":9,"featured_media":0,"parent":19332,"menu_order":16,"comment_status":"closed","ping_status":"closed","template":"","meta":{"_acf_changed":false,"footnotes":""},"class_list":["post-19413","page","type-page","status-publish","hentry"],"acf":[],"yoast_head":"<!-- This site is optimized with the Yoast SEO plugin v27.3 - https:\/\/yoast.com\/product\/yoast-seo-wordpress\/ -->\n<title>Abogado de Accidentes de Autob\u00fas en Queens - Oresky &amp; Associates, PLLC<\/title>\n<meta name=\"description\" content=\"\u00bfLesionado en un accidente de autob\u00fas en Queens? Tiene derechos. En Oresky &amp; Associates, PLLC lucharemos para protegerle. Ll\u00e1menos por evaluaci\u00f3n de su caso.\" \/>\n<meta name=\"robots\" content=\"index, follow, max-snippet:-1, max-image-preview:large, max-video-preview:-1\" \/>\n<link rel=\"canonical\" href=\"https:\/\/oreskylaw.com\/es\/queens\/abogados-de-accidentes-de-autobus\/\" \/>\n<meta property=\"og:locale\" content=\"es_ES\" \/>\n<meta property=\"og:type\" content=\"article\" \/>\n<meta property=\"og:title\" content=\"Abogado de Accidentes de Autob\u00fas en Queens - Oresky &amp; Associates, PLLC\" \/>\n<meta property=\"og:description\" content=\"\u00bfLesionado en un accidente de autob\u00fas en Queens? Tiene derechos. En Oresky &amp; Associates, PLLC lucharemos para protegerle. Ll\u00e1menos por evaluaci\u00f3n de su caso.\" \/>\n<meta property=\"og:url\" content=\"https:\/\/oreskylaw.com\/es\/queens\/abogados-de-accidentes-de-autobus\/\" \/>\n<meta property=\"og:site_name\" content=\"Oresky &amp; Associates, PLLC\" \/>\n<meta property=\"article:publisher\" content=\"https:\/\/www.facebook.com\/Oreskylaw\/\" \/>\n<meta property=\"article:modified_time\" content=\"2026-01-31T09:02:21+00:00\" \/>\n<meta property=\"og:image\" content=\"https:\/\/oreskylaw.com\/wp-content\/uploads\/2026\/01\/How-Oresky-Associates-PLLC-Can-Help-After-a-Bus-Accident-in-the-Bronx.webp\" \/>\n\t<meta property=\"og:image:width\" content=\"300\" \/>\n\t<meta property=\"og:image:height\" content=\"200\" \/>\n\t<meta property=\"og:image:type\" content=\"image\/webp\" \/>\n<meta name=\"twitter:card\" content=\"summary_large_image\" \/>\n<meta name=\"twitter:site\" content=\"@JacobOreskyLaw\" \/>\n<meta name=\"twitter:label1\" content=\"Tiempo de lectura\" \/>\n\t<meta name=\"twitter:data1\" content=\"8 minutos\" \/>\n<!-- \/ Yoast SEO plugin. -->","yoast_head_json":{"title":"Abogado de Accidentes de Autob\u00fas en Queens - Oresky & Associates, PLLC","description":"\u00bfLesionado en un accidente de autob\u00fas en Queens? Tiene derechos. En Oresky & Associates, PLLC lucharemos para protegerle. Ll\u00e1menos por evaluaci\u00f3n de su caso.","robots":{"index":"index","follow":"follow","max-snippet":"max-snippet:-1","max-image-preview":"max-image-preview:large","max-video-preview":"max-video-preview:-1"},"canonical":"https:\/\/oreskylaw.com\/es\/queens\/abogados-de-accidentes-de-autobus\/","og_locale":"es_ES","og_type":"article","og_title":"Abogado de Accidentes de Autob\u00fas en Queens - Oresky & Associates, PLLC","og_description":"\u00bfLesionado en un accidente de autob\u00fas en Queens? Tiene derechos. En Oresky & Associates, PLLC lucharemos para protegerle. Ll\u00e1menos por evaluaci\u00f3n de su caso.","og_url":"https:\/\/oreskylaw.com\/es\/queens\/abogados-de-accidentes-de-autobus\/","og_site_name":"Oresky &amp; Associates, PLLC","article_publisher":"https:\/\/www.facebook.com\/Oreskylaw\/","article_modified_time":"2026-01-31T09:02:21+00:00","og_image":[{"width":300,"height":200,"url":"https:\/\/oreskylaw.com\/wp-content\/uploads\/2026\/01\/How-Oresky-Associates-PLLC-Can-Help-After-a-Bus-Accident-in-the-Bronx.webp","type":"image\/webp"}],"twitter_card":"summary_large_image","twitter_site":"@JacobOreskyLaw","twitter_misc":{"Tiempo de lectura":"8 minutos"},"schema":{"@context":"https:\/\/schema.org","@graph":[{"@type":"WebPage","@id":"https:\/\/oreskylaw.com\/es\/queens\/abogados-de-accidentes-de-autobus\/","url":"https:\/\/oreskylaw.com\/es\/queens\/abogados-de-accidentes-de-autobus\/","name":"Abogado de Accidentes de Autob\u00fas en Queens - Oresky & Associates, PLLC","isPartOf":{"@id":"https:\/\/oreskylaw.com\/es\/#website"},"primaryImageOfPage":{"@id":"https:\/\/oreskylaw.com\/es\/queens\/abogados-de-accidentes-de-autobus\/#primaryimage"},"image":{"@id":"https:\/\/oreskylaw.com\/es\/queens\/abogados-de-accidentes-de-autobus\/#primaryimage"},"thumbnailUrl":"https:\/\/oreskylaw.com\/wp-content\/uploads\/2026\/01\/How-Oresky-Associates-PLLC-Can-Help-After-a-Bus-Accident-in-the-Bronx.webp","datePublished":"2026-01-19T07:48:27+00:00","dateModified":"2026-01-31T09:02:21+00:00","description":"\u00bfLesionado en un accidente de autob\u00fas en Queens? Tiene derechos. En Oresky & Associates, PLLC lucharemos para protegerle. Ll\u00e1menos por evaluaci\u00f3n de su caso.","breadcrumb":{"@id":"https:\/\/oreskylaw.com\/es\/queens\/abogados-de-accidentes-de-autobus\/#breadcrumb"},"inLanguage":"es","potentialAction":[{"@type":"ReadAction","target":["https:\/\/oreskylaw.com\/es\/queens\/abogados-de-accidentes-de-autobus\/"]}]},{"@type":"ImageObject","inLanguage":"es","@id":"https:\/\/oreskylaw.com\/es\/queens\/abogados-de-accidentes-de-autobus\/#primaryimage","url":"https:\/\/oreskylaw.com\/wp-content\/uploads\/2026\/01\/How-Oresky-Associates-PLLC-Can-Help-After-a-Bus-Accident-in-the-Bronx.webp","contentUrl":"https:\/\/oreskylaw.com\/wp-content\/uploads\/2026\/01\/How-Oresky-Associates-PLLC-Can-Help-After-a-Bus-Accident-in-the-Bronx.webp"},{"@type":"BreadcrumbList","@id":"https:\/\/oreskylaw.com\/es\/queens\/abogados-de-accidentes-de-autobus\/#breadcrumb","itemListElement":[{"@type":"ListItem","position":1,"name":"Inicio","item":"https:\/\/oreskylaw.com\/es\/"},{"@type":"ListItem","position":2,"name":"Queens","item":"https:\/\/oreskylaw.com\/es\/queens\/"},{"@type":"ListItem","position":3,"name":"Abogado de Accidentes de Autob\u00fas"}]},{"@type":"WebSite","@id":"https:\/\/oreskylaw.com\/es\/#website","url":"https:\/\/oreskylaw.com\/es\/","name":"Oresky & Associates PLLC","description":"","publisher":{"@id":"https:\/\/oreskylaw.com\/es\/#organization"},"potentialAction":[{"@type":"SearchAction","target":{"@type":"EntryPoint","urlTemplate":"https:\/\/oreskylaw.com\/es\/?s={search_term_string}"},"query-input":{"@type":"PropertyValueSpecification","valueRequired":true,"valueName":"search_term_string"}}],"inLanguage":"es"}]}},"_links":{"self":[{"href":"https:\/\/oreskylaw.com\/es\/wp-json\/wp\/v2\/pages\/19413","targetHints":{"allow":["GET"]}}],"collection":[{"href":"https:\/\/oreskylaw.com\/es\/wp-json\/wp\/v2\/pages"}],"about":[{"href":"https:\/\/oreskylaw.com\/es\/wp-json\/wp\/v2\/types\/page"}],"author":[{"embeddable":true,"href":"https:\/\/oreskylaw.com\/es\/wp-json\/wp\/v2\/users\/9"}],"replies":[{"embeddable":true,"href":"https:\/\/oreskylaw.com\/es\/wp-json\/wp\/v2\/comments?post=19413"}],"version-history":[{"count":0,"href":"https:\/\/oreskylaw.com\/es\/wp-json\/wp\/v2\/pages\/19413\/revisions"}],"up":[{"embeddable":true,"href":"https:\/\/oreskylaw.com\/es\/wp-json\/wp\/v2\/pages\/19332"}],"wp:attachment":[{"href":"https:\/\/oreskylaw.com\/es\/wp-json\/wp\/v2\/media?parent=19413"}],"curies":[{"name":"wp","href":"https:\/\/api.w.org\/{rel}","templated":true}]}}