{"id":19426,"date":"2025-12-09T11:43:16","date_gmt":"2025-12-09T11:43:16","guid":{"rendered":"https:\/\/oreskylaw.com\/?page_id=19426"},"modified":"2026-01-31T09:07:54","modified_gmt":"2026-01-31T09:07:54","slug":"abogados-de-accidentes-de-auto","status":"publish","type":"page","link":"https:\/\/oreskylaw.com\/es\/queens\/abogados-de-accidentes-de-auto\/","title":{"rendered":"Abogado de accidentes de auto en Queens"},"content":{"rendered":"<p>\u00bfT\u00fa o un ser querido han resultado heridos en un accidente de tr\u00e1fico en Queens, NY? Puedes tener derecho a una\u00a0<a href=\"https:\/\/oreskylaw.com\/es\/blog\/lesiones-personales-danos-economicos\/\">compensaci\u00f3n econ\u00f3mica<\/a> por las facturas m\u00e9dicas, los salarios perdidos y mucho m\u00e1s. Sin embargo, puede ser dif\u00edcil conseguir la cantidad total que mereces. Un abogado experto en accidentes de coche en Queens, de\u00a0<a href=\"https:\/\/oreskylaw.com\/es\/acerca-de-nosotros\/\">Oresky y Asociados, PLLC<\/a>\u00a0puede ayudarte a obtener la m\u00e1xima indemnizaci\u00f3n que te corresponde.<\/p>\n<p>Desde que abrimos nuestras puertas, hemos recuperado m\u00e1s de 400 millones de d\u00f3lares para ayudar a las v\u00edctimas de accidentes a recuperarse.<\/p>\n<p>Nuestros abogados ofrecen una consulta gratuita, y trabajamos en base a honorarios de contingencia, por lo que no hay riesgo en obtener el asesoramiento legal de calidad que te mereces. \u00a1No importa tu estatus migratorio! Llama a nuestras oficinas de abogados en Queens, New York, al\u00a0<a href=\"tel:+19293050949\">(929) 305-0949<\/a> o <a href=\"https:\/\/oreskylaw.com\/es\/contacto\/\">cont\u00e1ctanos<\/a>\u00a0para programar una consulta gratuita hoy mismo y obtener m\u00e1s informaci\u00f3n.<\/p>\n<h2>C\u00f3mo Oresky y Asociados, PLLC puede ayudar despu\u00e9s de un accidente de coche en Queens<\/h2>\n<p>Las v\u00edctimas de accidentes de tr\u00e1fico suelen intentar gestionar sus reclamaciones sin ayuda legal. Luego, suelen preguntarse si lograron recuperar toda la indemnizaci\u00f3n posible. Un abogado experto en\u00a0<a href=\"https:\/\/oreskylaw.com\/es\/queens\/\">lesiones personales de Queens<\/a>\u00a0puede aumentar tus posibilidades de recuperar la m\u00e1xima indemnizaci\u00f3n disponible, y evitar que la compa\u00f1\u00eda de seguros se aproveche de ti.<\/p>\n<p>En Oresky &amp; Associates, PLLC, tenemos m\u00e1s de 30 a\u00f1os de experiencia en la tramitaci\u00f3n de complejas demandas por da\u00f1os personales. Nuestros abogados han sido calificados por Super Lawyers y se han ganado un puesto en el Foro de Abogados Multimillonarios.<\/p>\n<p>Lo m\u00e1s importante es que nos dedicamos a maximizar tu recuperaci\u00f3n econ\u00f3mica. De hecho, hemos obtenido algunos de los mayores acuerdos y veredictos de la ciudad de New York.<\/p>\n<p>Puedes contar con nuestro equipo jur\u00eddico para<\/p>\n<ul>\n<li>Poner en marcha una investigaci\u00f3n completa sobre el accidente<\/li>\n<li>Determinar qui\u00e9n fue el responsable del accidente<\/li>\n<li>Calcular el valor de tu reclamaci\u00f3n por da\u00f1os personales<\/li>\n<li>Trabajar con los mejores expertos y especialistas, seg\u00fan sea necesario<\/li>\n<li>Negociar con las compa\u00f1\u00edas de seguros para maximizar tu indemnizaci\u00f3n<\/li>\n<li>Proteger tus derechos en los tribunales, si es necesario<\/li>\n<\/ul>\n<p>Con nuestros abogados de lesiones personales de Queens a tu lado, puedes tomarte el tiempo necesario para recuperarte de tus lesiones sin preocuparte de una batalla legal. Para tener m\u00e1s informaci\u00f3n, ll\u00e1manos hoy mismo.<\/p>\n<h2>\u00bfQu\u00e9 tan comunes son los accidentes de coche en Queens, NY?<\/h2>\n<p><img loading=\"lazy\" decoding=\"async\" class=\"size-medium wp-image-33445 alignleft\" src=\"http:\/\/oreskylaw.com\/wp-content\/uploads\/2026\/01\/Que-tan-comunes-son-los-accidentes-de-coche-en-Queens-NY-300x200.webp\" alt=\"\u00bfQu\u00e9 tan comunes son los accidentes de coche en Queens, NY?\" width=\"300\" height=\"200\" srcset=\"https:\/\/oreskylaw.com\/wp-content\/uploads\/2026\/01\/Que-tan-comunes-son-los-accidentes-de-coche-en-Queens-NY-300x200.webp 300w, https:\/\/oreskylaw.com\/wp-content\/uploads\/2026\/01\/Que-tan-comunes-son-los-accidentes-de-coche-en-Queens-NY-768x512.webp 768w, https:\/\/oreskylaw.com\/wp-content\/uploads\/2026\/01\/Que-tan-comunes-son-los-accidentes-de-coche-en-Queens-NY.webp 1024w\" sizes=\"auto, (max-width: 300px) 100vw, 300px\" \/>Cada mes, la polic\u00eda de New York publica datos sobre los accidentes de tr\u00e1fico en toda la ciudad. En diciembre de 2021, en toda la ciudad se produjeron\u00a0<a href=\"https:\/\/www1.nyc.gov\/assets\/nypd\/downloads\/pdf\/traffic_data\/cityacc-en-us.pdf\" target=\"_blank\" rel=\"nofollow noopener noreferrer\">8.454 accidentes<\/a>\u00a0de tr\u00e1fico (el \u00faltimo mes del que se dispone de datos).<\/p>\n<p>En algunas partes de la ciudad se producen m\u00e1s accidentes de tr\u00e1fico que en otras. 2.349 de todos los accidentes registrados se produjeron en Queens durante diciembre de 2021. En otras palabras, cerca del 28% de todos los accidentes de coche de la ciudad de New York ocurrieron en Queens.<\/p>\n<p>Muchos de esos accidentes fueron graves. De hecho, 854 de todos los accidentes de coche en Queens durante diciembre de 2021 causaron lesiones o la muerte. Un total de 1.129 personas resultaron heridas y cinco murieron durante un solo mes.<\/p>\n<h2>\u00bfCu\u00e1nto vale mi caso de accidente de tr\u00e1fico en Queens?<\/h2>\n<p>Cada siniestro de accidente de coche es diferente. Seg\u00fan\u00a0<a href=\"https:\/\/injuryfacts.nsc.org\/all-injuries\/costs\/guide-to-calculating-costs\/data-details\/\" target=\"_blank\" rel=\"nofollow noopener noreferrer\">datos<\/a>\u00a0de 2019, el costo econ\u00f3mico promedio de un accidente de coche oscila entre 12.500 d\u00f3lares (choques sin lesiones) y 1.7 millones de d\u00f3lares en casos de accidentes de coche mortales. Esos costos ni siquiera empiezan a tener en cuenta las p\u00e9rdidas no econ\u00f3micas, como el dolor y el sufrimiento.<\/p>\n<p>En general, la gravedad de tus lesiones ser\u00e1 el factor m\u00e1s importante para determinar el valor de tu demanda por da\u00f1os personales.<\/p>\n<p>M\u00e1s concretamente, los factores que ser\u00e1n relevantes son:<\/p>\n<ul>\n<li>El costo de tu tratamiento m\u00e9dico, las reparaciones de tu veh\u00edculo y otros gastos de tu bolsillo<\/li>\n<li>La duraci\u00f3n de tu recuperaci\u00f3n<\/li>\n<li>El impacto de la lesi\u00f3n en tu trabajo y en tu calidad de vida<\/li>\n<li>Si vas a sufrir alguna incapacidad permanente<\/li>\n<li>Tu trauma emocional<\/li>\n<li>Si tus acciones contribuyeron al accidente<\/li>\n<\/ul>\n<p>New York es un estado de\u00a0<a href=\"https:\/\/www.nationwide.com\/lc\/resources\/auto-insurance\/articles\/what-is-no-fault-insurance\" target=\"_blank\" rel=\"nofollow noopener noreferrer\">seguro sin culpa<\/a>. Si tienes un seguro de coche, primero deber\u00e1s presentar una reclamaci\u00f3n a tu propia compa\u00f1\u00eda de seguros de coche. Si los da\u00f1os superan los l\u00edmites de tu p\u00f3liza, puedes pedir una indemnizaci\u00f3n a la parte culpable. En la pr\u00e1ctica, la cobertura del seguro disponible tambi\u00e9n puede influir en el valor de tu caso.<\/p>\n<h2>\u00bfQu\u00e9 tipos de da\u00f1os y perjuicios pueden reclamar las v\u00edctimas de accidentes de tr\u00e1fico?<\/h2>\n<p>En la mayor\u00eda de los casos de da\u00f1os personales existen dos tipos de da\u00f1os: los econ\u00f3micos y los no econ\u00f3micos.<\/p>\n<p>Nuestros abogados pueden ayudarte a identificar los da\u00f1os que has sufrido. Puedes tener derecho a recibir dinero por:<\/p>\n<div class=\"row\">\n<ul class=\"col-xl-6\">\n<li>Gastos m\u00e9dicos pasados y futuros<\/li>\n<li>Salarios perdidos<\/li>\n<li>Reducci\u00f3n del potencial de ingresos<\/li>\n<li>Rehabilitaci\u00f3n<\/li>\n<li>Da\u00f1os a la propiedad<\/li>\n<li>Dolor y sufrimiento<\/li>\n<li>Angustia emocional<\/li>\n<\/ul>\n<ul class=\"col-xl-6\">\n<li>Disminuci\u00f3n de la calidad de vida<\/li>\n<li>Desfiguraci\u00f3n<\/li>\n<li>Cicatrizaci\u00f3n<\/li>\n<li>Ansiedad, depresi\u00f3n y TEPT<\/li>\n<li>P\u00e9rdida de la pareja<\/li>\n<li>Y m\u00e1s<\/li>\n<\/ul>\n<\/div>\n<p>Los tribunales de New York rara vez conceden da\u00f1os punitivos. Cuando lo hacen, tienen el prop\u00f3sito de castigar al acusado por actos intencionados o malintencionados. Por ejemplo, puedes tener derecho a una indemnizaci\u00f3n punitiva si un conductor ebrio caus\u00f3 tu accidente.<\/p>\n<h2>\u00bfPuedo reclamar da\u00f1os y perjuicios si me culpan de un accidente de carro en New York?<\/h2>\n<p><img loading=\"lazy\" decoding=\"async\" class=\"size-medium wp-image-33448 alignleft\" src=\"http:\/\/oreskylaw.com\/wp-content\/uploads\/2026\/01\/Puedo-reclamar-danos-y-perjuicios-si-me-culpan-de-un-accidente-de-carro-en-Nueva-York-300x201.webp\" alt=\"\u00bfPuedo reclamar da\u00f1os y perjuicios si me culpan de un accidente de carro en Nueva York?\" width=\"300\" height=\"201\" srcset=\"https:\/\/oreskylaw.com\/wp-content\/uploads\/2026\/01\/Puedo-reclamar-danos-y-perjuicios-si-me-culpan-de-un-accidente-de-carro-en-Nueva-York-300x201.webp 300w, https:\/\/oreskylaw.com\/wp-content\/uploads\/2026\/01\/Puedo-reclamar-danos-y-perjuicios-si-me-culpan-de-un-accidente-de-carro-en-Nueva-York-768x514.webp 768w, https:\/\/oreskylaw.com\/wp-content\/uploads\/2026\/01\/Puedo-reclamar-danos-y-perjuicios-si-me-culpan-de-un-accidente-de-carro-en-Nueva-York.webp 1024w\" sizes=\"auto, (max-width: 300px) 100vw, 300px\" \/>S\u00ed, siempre que otra persona haya tenido al menos un 1% de responsabilidad. New York sigue una ley de\u00a0<a href=\"https:\/\/www.nysenate.gov\/legislation\/laws\/CVP\/1411\" target=\"_blank\" rel=\"nofollow noopener noreferrer\">negligencia contributiva pura<\/a>. A cada parte se le asigna un porcentaje de culpa. Como v\u00edctima, tu indemnizaci\u00f3n se ver\u00e1 reducida por tu porcentaje de culpa si eres parcialmente responsable.<\/p>\n<p>Las compa\u00f1\u00edas de seguros suelen utilizar las reclamaciones por culpa compartida para reducir tu indemnizaci\u00f3n. Si te quieren echar la culpa, te recomendamos encarecidamente que hables con un abogado experimentado antes de aceptar cualquier acuerdo.<\/p>\n<h2>Lucharemos para recuperar la indemnizaci\u00f3n por todas tus lesiones por accidente de tr\u00e1fico<\/h2>\n<p>Los accidentes de tr\u00e1fico pueden causar una amplia gama de lesiones. Algunas de esas lesiones pueden causar da\u00f1os permanentes o a largo plazo.<\/p>\n<p>Nuestros abogados luchar\u00e1n por una indemnizaci\u00f3n justa por todas las lesiones de tu accidente de tr\u00e1fico, incluyendo:<\/p>\n<div class=\"row\">\n<ul class=\"col-xl-6\">\n<li>Huesos rotos<\/li>\n<li>Da\u00f1os a los nervios<\/li>\n<li>Latigazo cervical<\/li>\n<li>Da\u00f1os en los tejidos blandos<\/li>\n<li><a href=\"https:\/\/oreskylaw.com\/es\/lesion\/abogados-de-lesiones-cerebrales\/\">Lesiones cerebrales traum\u00e1ticas<\/a>\u00a0(TBI)<\/li>\n<li>Lesiones de la m\u00e9dula espinal<\/li>\n<li>Lesiones en la cabeza y en el cuello<\/li>\n<li>Conmociones cerebrales<\/li>\n<li>Lesiones por el cintur\u00f3n de seguridad<\/li>\n<\/ul>\n<ul class=\"col-xl-6\">\n<li>Lesiones de espalda<\/li>\n<li>Lesiones internas<\/li>\n<li>Lesiones tor\u00e1cicas<\/li>\n<li>Quemaduras y erupciones de la carretera<\/li>\n<li>Amputaciones<\/li>\n<li>Par\u00e1lisis<\/li>\n<li>Lesiones catastr\u00f3ficas<\/li>\n<li>Muerte por negligencia de un ser querido<\/li>\n<\/ul>\n<\/div>\n<p>La compa\u00f1\u00eda de seguros puede intentar restarle importancia a tus lesiones. Nuestros abogados pueden ayudarte a contraatacar. Para empezar, lo \u00fanico que tienes que hacer es tomar el tel\u00e9fono y ponerte en contacto con nosotros hoy mismo.<\/p>\n<h2>\u00bfQu\u00e9 causa la mayor\u00eda de los accidentes de auto en Queens, New York?<\/h2>\n<p>Cualquier cantidad de elementos pueden contribuir a un accidente de tr\u00e1fico. Sin embargo, ciertos factores tienden a crear un mayor riesgo de accidentes que otros.<\/p>\n<p>Algunas de las\u00a0<a href=\"https:\/\/www1.nyc.gov\/assets\/nypd\/downloads\/pdf\/traffic_data\/cityacc-en-us.pdf\" target=\"_blank\" rel=\"nofollow noopener noreferrer\">causas m\u00e1s comunes<\/a>\u00a0de los accidentes de coche en Queens son:<\/p>\n<div class=\"row\">\n<ul class=\"col-xl-6\">\n<li>Conducci\u00f3n distra\u00edda, falta de atenci\u00f3n del conductor y env\u00edo de mensajes de texto mientras conduce<\/li>\n<li>No ceder el paso<\/li>\n<li>Seguir demasiado de cerca (ir a pegado al otro coche)<\/li>\n<li>Exceso de velocidad y otros comportamientos agresivos al volante<\/li>\n<li>Paso inseguro<\/li>\n<li>Cambios peligrosos de carril<\/li>\n<\/ul>\n<ul class=\"col-xl-6\">\n<li>Giros ilegales o inseguros<\/li>\n<li>Respaldo inseguro<\/li>\n<li>Conductores inexpertos<\/li>\n<li>Saltarse un sem\u00e1foro en rojo o una se\u00f1al de stop<\/li>\n<li>Otras infracciones de tr\u00e1fico<\/li>\n<li>Conducci\u00f3n bajo los efectos del alcohol<\/li>\n<li>Conducir bajo los efectos de las drogas<\/li>\n<\/ul>\n<\/div>\n<p>Los factores externos tambi\u00e9n pueden contribuir a un accidente. Las condiciones peligrosas de la carretera, los veh\u00edculos defectuosos e incluso la mala visibilidad pueden provocar accidentes de tr\u00e1fico en Queens.<\/p>\n<p>Seg\u00fan las leyes de New York sobre lesiones personales, la responsabilidad se divide entre todas las partes que contribuyeron al accidente. Eso hace que sea especialmente importante identificar todos los factores que influyeron en tu accidente.<\/p>\n<p>Nuestros abogados de accidentes de coche en Queens, de Oresky y Asociados, PLLC, llevan m\u00e1s de 30 a\u00f1os ayudando a clientes como t\u00fa. Ll\u00e1manos hoy para saber m\u00e1s sobre c\u00f3mo podemos ayudarte a determinar la causa de tu accidente de coche.<\/p>\n    <div class=\"cw-cta-box\">\n        <div class=\"cw-cta-box__inner \">\n            <div class=\"cw-cta-box__info\">\n                                    <div class=\"label\">\u00a1Llame ahora!<\/div>\n                            <\/div>\n                            <div class=\"contact-phone\">\n                    <a href=\"tel:7189939999\"\n                        aria-label=\"Tap to call button\">\n                        718-993-9999                    <\/a>\n                <\/div>\n                    <\/div>\n                    <a href=\"\/es\/contacto\/\"\n               class=\"cta-btn btn btn--primary btn\"\n               target=\"\">\n                Obtenga Una Consulta Gratuita            <\/a>\n            <\/div>\n    \n<h2>\u00bfC\u00f3mo puedo demostrar la negligencia tras un accidente de coche en New York?<\/h2>\n<p>La gente no se propone causar accidentes de coche. La mayor\u00eda de los accidentes de coche son causados por un comportamiento descuidado o imprudente. En t\u00e9rminos legales, ocurren porque alguien fue negligente.<\/p>\n<p>Para obtener una indemnizaci\u00f3n por da\u00f1os y perjuicios de la parte culpable, tendr\u00e1s que demostrar cuatro elementos distintos:<\/p>\n<ul>\n<li>Un deber legal de cuidado<\/li>\n<li>Incumplimiento de ese deber<\/li>\n<li>Causaci\u00f3n<\/li>\n<li>Da\u00f1os y perjuicios<\/li>\n<\/ul>\n<p>Todos los conductores tienen la obligaci\u00f3n legal de conducir con cuidado y obedecer las leyes de tr\u00e1fico. Cuando alguien se descuida y provoca un accidente, puede ser considerado responsable de las lesiones y los da\u00f1os materiales.<\/p>\n<p>Establecer la responsabilidad tras un accidente de tr\u00e1fico no siempre es sencillo. Pueden estar implicadas varias partes. La parte responsable puede intentar culpar a otra persona. Para demostrar la negligencia, nuestros abogados llevar\u00e1n a cabo una investigaci\u00f3n independiente.<\/p>\n<p>Localizaremos y evaluaremos todas las pruebas relevantes, incluyendo:<\/p>\n<div class=\"row\">\n<ul class=\"col-xl-6\">\n<li>Informes policiales<\/li>\n<li>Historial m\u00e9dico<\/li>\n<li>Declaraciones de testigos<\/li>\n<li>Im\u00e1genes de videovigilancia<\/li>\n<\/ul>\n<ul class=\"col-xl-6\">\n<li>Im\u00e1genes de la c\u00e1mara del tablero<\/li>\n<li>Datos del lugar del accidente<\/li>\n<li>Opiniones de especialistas en reconstrucci\u00f3n de accidentes<\/li>\n<\/ul>\n<\/div>\n<p>Llevamos m\u00e1s de 30 a\u00f1os llevando casos como el tuyo. Mientras te recuperas de tus lesiones, nos encargaremos de demostrar qu\u00e9 caus\u00f3 tu accidente. Para saber m\u00e1s, llama hoy mismo a nuestros abogados de Queens para una revisi\u00f3n gratuita de tu caso.<\/p>\n<h2>\u00bfDe cu\u00e1nto tiempo dispongo para presentar una demanda tras un accidente de auto en Queens, NY?<\/h2>\n<p><img loading=\"lazy\" decoding=\"async\" class=\"size-medium wp-image-33452 alignleft\" src=\"http:\/\/oreskylaw.com\/wp-content\/uploads\/2026\/01\/De-cuanto-tiempo-dispongo-para-presentar-una-demanda-tras-un-accidente-de-auto-en-Queens-NY-300x177.webp\" alt=\"\u00bfDe cu\u00e1nto tiempo dispongo para presentar una demanda tras un accidente de auto en Queens, NY?\" width=\"300\" height=\"177\" srcset=\"https:\/\/oreskylaw.com\/wp-content\/uploads\/2026\/01\/De-cuanto-tiempo-dispongo-para-presentar-una-demanda-tras-un-accidente-de-auto-en-Queens-NY-300x177.webp 300w, https:\/\/oreskylaw.com\/wp-content\/uploads\/2026\/01\/De-cuanto-tiempo-dispongo-para-presentar-una-demanda-tras-un-accidente-de-auto-en-Queens-NY-768x454.webp 768w, https:\/\/oreskylaw.com\/wp-content\/uploads\/2026\/01\/De-cuanto-tiempo-dispongo-para-presentar-una-demanda-tras-un-accidente-de-auto-en-Queens-NY.webp 1024w\" sizes=\"auto, (max-width: 300px) 100vw, 300px\" \/>Si las compa\u00f1\u00edas de seguros se niegan a ofrecer un acuerdo justo, es posible que tengas que presentar una demanda para obtener la indemnizaci\u00f3n que te corresponde. Seg\u00fan la ley de New York, el plazo de\u00a0<a href=\"https:\/\/www.nycourts.gov\/courthelp\/goingtocourt\/SOLchart.shtml\" target=\"_blank\" rel=\"nofollow noopener noreferrer\">prescripci\u00f3n<\/a>\u00a0en los casos de lesiones personales es de tres a\u00f1os. Tienes tres a\u00f1os desde la fecha del accidente para presentar una demanda por da\u00f1os y perjuicios.<\/p>\n<p>Eso no significa que debas esperar tres a\u00f1os para emprender acciones legales. La mayor\u00eda de las demandas por accidente de coche se resuelven fuera de los tribunales. Las pruebas m\u00e1s s\u00f3lidas pueden desaparecer en los meses posteriores al accidente.<\/p>\n<p>Nuestros abogados est\u00e1n preparados para empezar hoy mismo. Llama hoy mismo a Oresky &amp; Associates, PLLC para programar una evaluaci\u00f3n gratuita de tu caso con un abogado experimentado.<\/p>\n<h2>Contacta con un abogado de accidentes de auto en Queens para una consulta gratuita<\/h2>\n<p>\u00bfTienes preguntas sobre tus opciones legales despu\u00e9s de un accidente de coche en la ciudad de New York?\u00a0<a href=\"https:\/\/oreskylaw.com\/es\/\">Un abogado de accidentes<\/a> de coche en Queens, de Oresky y Asociados, PLLC, puede ayudarte. No tienes que confiar \u00fanicamente en la publicidad de los abogados. En \u00a0lugar de ello, llama a nuestras oficinas de abogados en Queens o Staten Island para programar tu consulta gratuita hoy mismo.<\/p>\n","protected":false},"excerpt":{"rendered":"<p>\u00bfT\u00fa o un ser querido han resultado heridos en un accidente de tr\u00e1fico en Queens, NY? Puedes tener derecho a una\u00a0compensaci\u00f3n econ\u00f3mica por las facturas m\u00e9dicas, los salarios perdidos y mucho m\u00e1s. Sin embargo, puede ser dif\u00edcil conseguir la cantidad total que mereces. Un abogado experto en accidentes de coche en Queens, de\u00a0Oresky y Asociados, [&hellip;]<\/p>\n","protected":false},"author":9,"featured_media":0,"parent":19332,"menu_order":17,"comment_status":"closed","ping_status":"closed","template":"","meta":{"_acf_changed":false,"footnotes":""},"class_list":["post-19426","page","type-page","status-publish","hentry"],"acf":[],"yoast_head":"<!-- This site is optimized with the Yoast SEO plugin v27.3 - https:\/\/yoast.com\/product\/yoast-seo-wordpress\/ -->\n<title>Abogado de accidentes de auto en Queens - Oresky &amp; Associates, PLLC<\/title>\n<meta name=\"description\" content=\"\u00bfLesionado en un accidente de coche? Nuestro abogado especialista en accidentes de tr\u00e1fico en Queens puede ayudarle con compensaci\u00f3n. \u00a1Cont\u00e1ctenos hoy!\" \/>\n<meta name=\"robots\" content=\"index, follow, max-snippet:-1, max-image-preview:large, max-video-preview:-1\" \/>\n<link rel=\"canonical\" href=\"https:\/\/oreskylaw.com\/es\/queens\/abogados-de-accidentes-de-auto\/\" \/>\n<meta property=\"og:locale\" content=\"es_ES\" \/>\n<meta property=\"og:type\" content=\"article\" \/>\n<meta property=\"og:title\" content=\"Abogado de accidentes de auto en Queens - Oresky &amp; Associates, PLLC\" \/>\n<meta property=\"og:description\" content=\"\u00bfLesionado en un accidente de coche? Nuestro abogado especialista en accidentes de tr\u00e1fico en Queens puede ayudarle con compensaci\u00f3n. \u00a1Cont\u00e1ctenos hoy!\" \/>\n<meta property=\"og:url\" content=\"https:\/\/oreskylaw.com\/es\/queens\/abogados-de-accidentes-de-auto\/\" \/>\n<meta property=\"og:site_name\" content=\"Oresky &amp; Associates, PLLC\" \/>\n<meta property=\"article:publisher\" content=\"https:\/\/www.facebook.com\/Oreskylaw\/\" \/>\n<meta property=\"article:modified_time\" content=\"2026-01-31T09:07:54+00:00\" \/>\n<meta property=\"og:image\" content=\"https:\/\/oreskylaw.com\/wp-content\/uploads\/2026\/01\/Que-tan-comunes-son-los-accidentes-de-coche-en-Queens-NY.webp\" \/>\n\t<meta property=\"og:image:width\" content=\"1024\" \/>\n\t<meta property=\"og:image:height\" content=\"683\" \/>\n\t<meta property=\"og:image:type\" content=\"image\/webp\" \/>\n<meta name=\"twitter:card\" content=\"summary_large_image\" \/>\n<meta name=\"twitter:site\" content=\"@JacobOreskyLaw\" \/>\n<meta name=\"twitter:label1\" content=\"Tiempo de lectura\" \/>\n\t<meta name=\"twitter:data1\" content=\"9 minutos\" \/>\n<!-- \/ Yoast SEO plugin. -->","yoast_head_json":{"title":"Abogado de accidentes de auto en Queens - Oresky & Associates, PLLC","description":"\u00bfLesionado en un accidente de coche? Nuestro abogado especialista en accidentes de tr\u00e1fico en Queens puede ayudarle con compensaci\u00f3n. \u00a1Cont\u00e1ctenos hoy!","robots":{"index":"index","follow":"follow","max-snippet":"max-snippet:-1","max-image-preview":"max-image-preview:large","max-video-preview":"max-video-preview:-1"},"canonical":"https:\/\/oreskylaw.com\/es\/queens\/abogados-de-accidentes-de-auto\/","og_locale":"es_ES","og_type":"article","og_title":"Abogado de accidentes de auto en Queens - Oresky & Associates, PLLC","og_description":"\u00bfLesionado en un accidente de coche? Nuestro abogado especialista en accidentes de tr\u00e1fico en Queens puede ayudarle con compensaci\u00f3n. \u00a1Cont\u00e1ctenos hoy!","og_url":"https:\/\/oreskylaw.com\/es\/queens\/abogados-de-accidentes-de-auto\/","og_site_name":"Oresky &amp; Associates, PLLC","article_publisher":"https:\/\/www.facebook.com\/Oreskylaw\/","article_modified_time":"2026-01-31T09:07:54+00:00","og_image":[{"width":1024,"height":683,"url":"https:\/\/oreskylaw.com\/wp-content\/uploads\/2026\/01\/Que-tan-comunes-son-los-accidentes-de-coche-en-Queens-NY.webp","type":"image\/webp"}],"twitter_card":"summary_large_image","twitter_site":"@JacobOreskyLaw","twitter_misc":{"Tiempo de lectura":"9 minutos"},"schema":{"@context":"https:\/\/schema.org","@graph":[{"@type":"WebPage","@id":"https:\/\/oreskylaw.com\/es\/queens\/abogados-de-accidentes-de-auto\/","url":"https:\/\/oreskylaw.com\/es\/queens\/abogados-de-accidentes-de-auto\/","name":"Abogado de accidentes de auto en Queens - Oresky & Associates, PLLC","isPartOf":{"@id":"https:\/\/oreskylaw.com\/es\/#website"},"primaryImageOfPage":{"@id":"https:\/\/oreskylaw.com\/es\/queens\/abogados-de-accidentes-de-auto\/#primaryimage"},"image":{"@id":"https:\/\/oreskylaw.com\/es\/queens\/abogados-de-accidentes-de-auto\/#primaryimage"},"thumbnailUrl":"http:\/\/oreskylaw.com\/wp-content\/uploads\/2026\/01\/Que-tan-comunes-son-los-accidentes-de-coche-en-Queens-NY-300x200.webp","datePublished":"2025-12-09T11:43:16+00:00","dateModified":"2026-01-31T09:07:54+00:00","description":"\u00bfLesionado en un accidente de coche? Nuestro abogado especialista en accidentes de tr\u00e1fico en Queens puede ayudarle con compensaci\u00f3n. \u00a1Cont\u00e1ctenos hoy!","breadcrumb":{"@id":"https:\/\/oreskylaw.com\/es\/queens\/abogados-de-accidentes-de-auto\/#breadcrumb"},"inLanguage":"es","potentialAction":[{"@type":"ReadAction","target":["https:\/\/oreskylaw.com\/es\/queens\/abogados-de-accidentes-de-auto\/"]}]},{"@type":"ImageObject","inLanguage":"es","@id":"https:\/\/oreskylaw.com\/es\/queens\/abogados-de-accidentes-de-auto\/#primaryimage","url":"http:\/\/oreskylaw.com\/wp-content\/uploads\/2026\/01\/Que-tan-comunes-son-los-accidentes-de-coche-en-Queens-NY-300x200.webp","contentUrl":"http:\/\/oreskylaw.com\/wp-content\/uploads\/2026\/01\/Que-tan-comunes-son-los-accidentes-de-coche-en-Queens-NY-300x200.webp"},{"@type":"BreadcrumbList","@id":"https:\/\/oreskylaw.com\/es\/queens\/abogados-de-accidentes-de-auto\/#breadcrumb","itemListElement":[{"@type":"ListItem","position":1,"name":"Inicio","item":"https:\/\/oreskylaw.com\/es\/"},{"@type":"ListItem","position":2,"name":"Queens","item":"https:\/\/oreskylaw.com\/es\/queens\/"},{"@type":"ListItem","position":3,"name":"Abogado de accidentes de auto en Queens"}]},{"@type":"WebSite","@id":"https:\/\/oreskylaw.com\/es\/#website","url":"https:\/\/oreskylaw.com\/es\/","name":"Oresky & Associates PLLC","description":"","publisher":{"@id":"https:\/\/oreskylaw.com\/es\/#organization"},"potentialAction":[{"@type":"SearchAction","target":{"@type":"EntryPoint","urlTemplate":"https:\/\/oreskylaw.com\/es\/?s={search_term_string}"},"query-input":{"@type":"PropertyValueSpecification","valueRequired":true,"valueName":"search_term_string"}}],"inLanguage":"es"}]}},"_links":{"self":[{"href":"https:\/\/oreskylaw.com\/es\/wp-json\/wp\/v2\/pages\/19426","targetHints":{"allow":["GET"]}}],"collection":[{"href":"https:\/\/oreskylaw.com\/es\/wp-json\/wp\/v2\/pages"}],"about":[{"href":"https:\/\/oreskylaw.com\/es\/wp-json\/wp\/v2\/types\/page"}],"author":[{"embeddable":true,"href":"https:\/\/oreskylaw.com\/es\/wp-json\/wp\/v2\/users\/9"}],"replies":[{"embeddable":true,"href":"https:\/\/oreskylaw.com\/es\/wp-json\/wp\/v2\/comments?post=19426"}],"version-history":[{"count":0,"href":"https:\/\/oreskylaw.com\/es\/wp-json\/wp\/v2\/pages\/19426\/revisions"}],"up":[{"embeddable":true,"href":"https:\/\/oreskylaw.com\/es\/wp-json\/wp\/v2\/pages\/19332"}],"wp:attachment":[{"href":"https:\/\/oreskylaw.com\/es\/wp-json\/wp\/v2\/media?parent=19426"}],"curies":[{"name":"wp","href":"https:\/\/api.w.org\/{rel}","templated":true}]}}