{"id":19439,"date":"2025-12-09T11:44:04","date_gmt":"2025-12-09T11:44:04","guid":{"rendered":"https:\/\/oreskylaw.com\/?page_id=19439"},"modified":"2026-01-31T09:11:43","modified_gmt":"2026-01-31T09:11:43","slug":"abogados-de-lesiones-catastroficas","status":"publish","type":"page","link":"https:\/\/oreskylaw.com\/es\/queens\/abogados-de-lesiones-catastroficas\/","title":{"rendered":"Abogado de lesiones catastr\u00f3ficas en Queens"},"content":{"rendered":"<p>\u00bfT\u00fa o un ser querido han sufrido una lesi\u00f3n que les ha cambiado la vida en Queens, NY? Las lesiones catastr\u00f3ficas pueden cambiar tu vida para siempre, y puedes tener derecho a una indemnizaci\u00f3n por las facturas m\u00e9dicas, los salarios perdidos y mucho m\u00e1s. Un abogado con experiencia en lesiones catastr\u00f3ficas en Queens, de\u00a0<a href=\"https:\/\/oreskylaw.com\/es\/acerca-de-nosotros\/\">Oresky &amp; Associates, PLLC<\/a>\u00a0puede luchar para recuperar hasta el \u00faltimo d\u00f3lar que mereces.<\/p>\n<p>Durante m\u00e1s de 25 a\u00f1os, nuestros abogados han trabajado duro para conseguir acuerdos econ\u00f3micos significativos para nuestros clientes. De hecho, hemos recuperado m\u00e1s de 400 millones de d\u00f3lares para v\u00edctimas de lesiones.<\/p>\n<p>Estamos bien preparados para luchar por tu familia. Llama a nuestras oficinas legales en Queens, New York, al\u00a0<a href=\"tel:+19293050949\">(929) 305-0949<\/a> o <a href=\"https:\/\/oreskylaw.com\/es\/contacto\/\">cont\u00e1ctate<\/a> con nosotros para programar una consulta gratuita y saber m\u00e1s sobre nuestra pr\u00e1ctica legal.<\/p>\n<h2>C\u00f3mo puede ayudar Oresky &amp; Associates, PLLC con una reclamaci\u00f3n por lesiones catastr\u00f3ficas en Queens, NY<\/h2>\n<p>Es probable que no mejores progresivamente si has sufrido una lesi\u00f3n catastr\u00f3fica. Estas lesiones causar\u00e1n un da\u00f1o significativo a largo plazo y pueden cambiar tu vida de formas que no esperabas. Si otra persona fue responsable de tu lesi\u00f3n, te mereces un abogado que d\u00e9 la cara y luche por tus derechos.<\/p>\n<p>Nuestros abogados de lesiones personales de Queens, en Oresky &amp; Associates, PLLC, tienen m\u00e1s de 25 a\u00f1os de experiencia en la tramitaci\u00f3n de complejas demandas por lesiones personales. Sabemos que hay mucho en juego. Tambi\u00e9n lo saben las compa\u00f1\u00edas de seguros. En las reclamaciones por lesiones catastr\u00f3ficas de grandes cantidades, la compa\u00f1\u00eda de seguros har\u00e1 todo lo posible para pagar menos de lo que mereces.<\/p>\n<p>Al contratar a nuestro equipo jur\u00eddico, te beneficiar\u00e1s de un abogado que:<\/p>\n<ul>\n<li>Investigar\u00e1 para identificar a todas las partes responsables<\/li>\n<li>Reunir\u00e1 las pruebas que respalden tu reclamaci\u00f3n<\/li>\n<li>Contratar\u00e1 a los mejores peritos y especialistas para que te ayuden a calcular el valor de tu caso<\/li>\n<li>Te proteger\u00e1 si la compa\u00f1\u00eda de seguros te culpa de la lesi\u00f3n<\/li>\n<li>Negociar\u00e1 con las compa\u00f1\u00edas de seguros para maximizar tu indemnizaci\u00f3n<\/li>\n<\/ul>\n<p>A lo largo de los a\u00f1os, hemos sido calificados por Super Lawyers y reconocidos por el Multi-Million Dollar Advocates Forum. Nuestros abogados de lesiones personales de Queens tambi\u00e9n han ayudado a innumerables clientes a recuperar el dinero para volver a ponerse en pie.<\/p>\n<p>Ponte en contacto con nuestro despacho de abogados de lesiones personales para realizar una consulta inicial gratuita hoy mismo y conseguir la representaci\u00f3n legal de calidad que te mereces.<\/p>\n<h2>Visi\u00f3n general de las lesiones catastr\u00f3ficas<\/h2>\n<p>Las lesiones catastr\u00f3ficas suelen producirse sin previo aviso. Aunque no existe una definici\u00f3n exacta del t\u00e9rmino \u201clesi\u00f3n catastr\u00f3fica\u201d, una lesi\u00f3n catastr\u00f3fica es aquella que cambiar\u00e1 tu vida de forma significativa. La mayor\u00eda de las lesiones catastr\u00f3ficas son permanentes.<\/p>\n<p>Seg\u00fan algunas definiciones legales, una lesi\u00f3n catastr\u00f3fica es aquella que impide a la v\u00edctima realizar cualquier tipo de trabajo remunerado.<\/p>\n<p>Desde el punto de vista legal, las reclamaciones por lesiones catastr\u00f3ficas suelen tomar m\u00e1s tiempo para resolverse en comparaci\u00f3n con los casos t\u00edpicos de lesiones personales. Esto se debe a que debes alcanzar la m\u00e1xima mejor\u00eda m\u00e9dica (MMI) antes de calcular tus facturas m\u00e9dicas pasadas y estimar tus necesidades futuras.<\/p>\n<h2>\u00bfCu\u00e1les son los distintos tipos de lesiones catastr\u00f3ficas?<\/h2>\n<p>En Oresky &amp; Associates, PLLC, nos ocupamos de todo tipo de reclamaciones por lesiones catastr\u00f3ficas. Representamos a v\u00edctimas de accidentes que han sufrido<\/p>\n<div class=\"row\">\n<ul class=\"col-xl-6\">\n<li>Lesiones cerebrales traum\u00e1ticas graves<\/li>\n<li>Lesiones tor\u00e1cicas<\/li>\n<li>Lesiones graves por quemaduras<\/li>\n<li>Da\u00f1os en la m\u00e9dula espinal que causan par\u00e1lisis, incluyendo paraplejia y tetraplejia<\/li>\n<li>Lesiones oculares que provoquen ceguera total o parcial<\/li>\n<\/ul>\n<ul class=\"col-xl-6\">\n<li>Amputaciones y p\u00e9rdida de miembros<\/li>\n<li>P\u00e9rdida total de audici\u00f3n<\/li>\n<li>Lesiones que provocan cicatrices o desfiguraciones permanentes<\/li>\n<li>Lesiones nerviosas graves<\/li>\n<\/ul>\n<\/div>\n<p>Cualquiera de estas lesiones puede alterar la vida. Si los actos descuidados o imprudentes de otra persona causaron la lesi\u00f3n, puedes tener derecho a una indemnizaci\u00f3n. Nuestros abogados de Queens te ayudar\u00e1n a luchar por la m\u00e1xima indemnizaci\u00f3n disponible. Solo tienes que llamar a nuestro despacho para programar una revisi\u00f3n gratuita de tu caso hoy mismo.<\/p>\n<h2>\u00bfQu\u00e9 frecuencia tienen las lesiones catastr\u00f3ficas?<\/h2>\n<p>Las lesiones catastr\u00f3ficas son mucho m\u00e1s comunes de lo que crees. He aqu\u00ed algunas estad\u00edsticas sobre las lesiones catastr\u00f3ficas en Estados Unidos:<\/p>\n<ul>\n<li>Cada a\u00f1o, 185.000 estadounidenses pierden un miembro y m\u00e1s de 2 millones de estadounidenses viven con lesiones por amputaci\u00f3n<\/li>\n<li>Unos 17.810 estadounidenses sufren una lesi\u00f3n de la m\u00e9dula espinal cada a\u00f1o -y aproximadamente uno de cada 50 estadounidenses vive con par\u00e1lisis<\/li>\n<li>Seg\u00fan el CDC, cada a\u00f1o unas 20.000 personas sufren lesiones graves por quemaduras que afectan al menos al 25% del cuerpo<\/li>\n<\/ul>\n<p>Millones de personas en Estados Unidos viven con una discapacidad causada por una lesi\u00f3n cerebral traum\u00e1tica. Cada a\u00f1o, entre 80.000 y 90.000 estadounidenses sufren una discapacidad a largo plazo relacionada con una LCT.<\/p>\n<h2>\u00bfCu\u00e1les son las consecuencias a largo plazo de las lesiones catastr\u00f3ficas?<\/h2>\n<p>Por definici\u00f3n, una lesi\u00f3n catastr\u00f3fica tendr\u00e1 importantes consecuencias a largo plazo. La naturaleza de esas consecuencias depender\u00e1 de la naturaleza de la propia lesi\u00f3n.<\/p>\n<p>Algunos ejemplos de las consecuencias a largo plazo que puede causar una lesi\u00f3n catastr\u00f3fica son<\/p>\n<div class=\"row\">\n<ul class=\"col-xl-6\">\n<li>P\u00e9rdida de la funci\u00f3n motora<\/li>\n<li>Incapacidades cognitivas<\/li>\n<li>P\u00e9rdida de memoria<\/li>\n<li>Dolor cr\u00f3nico<\/li>\n<li>Depresi\u00f3n y ansiedad graves<\/li>\n<li>TEPT<\/li>\n<li>Da\u00f1os en las relaciones personales<\/li>\n<\/ul>\n<ul class=\"col-xl-6\">\n<li>Incapacidad para trabajar o realizar actividades b\u00e1sicas<\/li>\n<li>Co\u00e1gulos de sangre, derrames cerebrales y otros problemas m\u00e9dicos secundarios<\/li>\n<li>Necesidad de cuidados m\u00e9dicos a largo plazo<\/li>\n<li>Muerte por negligencia<\/li>\n<\/ul>\n<\/div>\n<p>Muchas v\u00edctimas de lesiones catastr\u00f3ficas son incapaces de realizar las actividades diarias b\u00e1sicas sin ayuda. Algunas necesitan atenci\u00f3n las 24 horas del d\u00eda en un centro de cuidados de larga duraci\u00f3n. Incluso si la v\u00edctima puede volver a casa, la lesi\u00f3n y los cambios de estilo de vida asociados pueden causar graves da\u00f1os a la salud mental.<\/p>\n<p>Por supuesto, las consecuencias econ\u00f3micas de cualquier lesi\u00f3n catastr\u00f3fica ser\u00e1n abrumadoras. La mayor\u00eda de las p\u00f3lizas de seguro m\u00e9dico limitan la cantidad de cuidados que puede recibir el paciente. Despu\u00e9s, depender\u00e1 de la familia cubrir los costos adicionales.<\/p>\n<p>No podemos dar marcha atr\u00e1s y evitar tu lesi\u00f3n. Nuestros abogados especialistas en lesiones catastr\u00f3ficas de Queens pueden ayudarte a luchar por la indemnizaci\u00f3n total que mereces. Estamos aqu\u00ed para apoyar a tu familia en todo lo que podamos, as\u00ed que ll\u00e1manos hoy para una evaluaci\u00f3n gratuita de tu caso.<\/p>\n<h2>\u00bfQu\u00e9 causa la mayor\u00eda de las lesiones catastr\u00f3ficas?<\/h2>\n<p>Cualquier tipo de accidente inesperado puede provocar una lesi\u00f3n catastr\u00f3fica. Algunas de las causas m\u00e1s comunes de las lesiones catastr\u00f3ficas en Queens son<\/p>\n<div class=\"row\">\n<ul class=\"col-xl-6\">\n<li>Accidentes de tr\u00e1fico<\/li>\n<li>Otros accidentes de veh\u00edculos de motor, incluidos los accidentes de cami\u00f3n y de motocicleta<\/li>\n<li>Accidentes por resbalones y ca\u00eddas<\/li>\n<li>Accidentes con peatones y bicicletas<\/li>\n<li>Accidentes deportivos<\/li>\n<li>Negligencia m\u00e9dica<\/li>\n<li>Accidentes de navegaci\u00f3n<\/li>\n<\/ul>\n<ul class=\"col-xl-6\">\n<li>Accidentes en la construcci\u00f3n<\/li>\n<li>Accidentes laborales<\/li>\n<li>Mordeduras de perro<\/li>\n<li>Productos defectuosos<\/li>\n<li>Abuso en residencias de ancianos<\/li>\n<li>Violencia intencionada, incluyendo agresiones y lesiones por arma de fuego<\/li>\n<li>Lesiones en el parto<\/li>\n<\/ul>\n<\/div>\n<p>Algunas lesiones catastr\u00f3ficas son inmediatamente evidentes. La v\u00edctima puede ser trasladada al hospital para ser operada y recibir tratamiento m\u00e9dico. Otras lesiones pueden ser m\u00e1s sutiles, sobre todo si ha sufrido da\u00f1os cerebrales. Siempre es importante buscar atenci\u00f3n m\u00e9dica tras un accidente.<\/p>\n<h2>\u00bfCu\u00e1nto vale mi caso de lesiones catastr\u00f3ficas en Queens?<\/h2>\n<p>Las lesiones catastr\u00f3ficas son extremadamente dif\u00edciles de valorar. Debido al impacto devastador de estas lesiones, las demandas por lesiones catastr\u00f3ficas suelen valer mucho m\u00e1s que otros tipos de demandas por da\u00f1os personales.<\/p>\n<h2>Algunos factores que pueden influir en el valor de tu caso son<\/h2>\n<ul>\n<li>El tipo de lesi\u00f3n sufrida<\/li>\n<li>El costo de tu tratamiento m\u00e9dico anterior<\/li>\n<li>Tus necesidades futuras previstas de atenci\u00f3n m\u00e9dica, dispositivos m\u00e9dicos, cuidados de enfermer\u00eda, etc.<\/li>\n<li>La forma en que la lesi\u00f3n afectar\u00e1 a tu capacidad de trabajo<\/li>\n<li>El da\u00f1o a tu calidad de vida y a tu capacidad de disfrutar de la vida<\/li>\n<li>Si necesitas ayuda para las actividades de la vida diaria (ba\u00f1arse, comer, vestirse, etc.)<\/li>\n<li>El da\u00f1o emocional, tanto para ti como para tu familia<\/li>\n<li>El nivel de sufrimiento f\u00edsico que has soportado<\/li>\n<\/ul>\n<p>La mayor\u00eda de las lesiones catastr\u00f3ficas afectan a toda la familia de la v\u00edctima. Un c\u00f3nyuge o un miembro de la familia puede verse obligado a dejar su trabajo para cuidar del lesionado, o asumir el costo de un cuidador las 24 horas del d\u00eda. Estos y otros costos deben tenerse en cuenta en tu indemnizaci\u00f3n.<\/p>\n<p>Calcular el valor de cualquier reclamaci\u00f3n por lesiones catastr\u00f3ficas tomar\u00e1 tiempo. Las compa\u00f1\u00edas de seguros suelen invertir importantes recursos para luchar contra estas reclamaciones, porque el valor de tu caso ser\u00e1 mayor que el de las reclamaciones por lesiones m\u00e1s leves.<\/p>\n<p>\u00bfTienes dudas sobre el valor de tu caso de lesiones personales? Hablar con un abogado con experiencia es la mejor manera de obtener respuestas. Llama a Oresky &amp; Associates, PLLC para hablar de tu caso hoy mismo.<\/p>\n<h2>\u00bfQu\u00e9 indemnizaci\u00f3n puedo recibir por mis lesiones catastr\u00f3ficas en Queens, New York?<\/h2>\n<p>Si otra persona fue responsable de tus lesiones, podr\u00edas recuperar una indemnizaci\u00f3n por el valor total de tus p\u00e9rdidas econ\u00f3micas y no econ\u00f3micas.<\/p>\n<p>Esos da\u00f1os pueden incluir:<\/p>\n<div class=\"row\">\n<ul class=\"col-xl-6\">\n<li>Gastos m\u00e9dicos pasados y futuros<\/li>\n<li>Salarios perdidos y disminuci\u00f3n de la capacidad de ganancia futura<\/li>\n<li>Cuidados de larga duraci\u00f3n<\/li>\n<li>Cuidados de enfermer\u00eda<\/li>\n<li>Dispositivos m\u00e9dicos<\/li>\n<li>Modificaciones en el hogar y en el veh\u00edculo<\/li>\n<li>Fisioterapia<\/li>\n<li>Da\u00f1os a la propiedad<\/li>\n<\/ul>\n<ul class=\"col-xl-6\">\n<li>Dolor y sufrimiento<\/li>\n<li>Angustia mental<\/li>\n<li>Disminuci\u00f3n de la calidad de vida<\/li>\n<li>P\u00e9rdida de tu independencia<\/li>\n<li>Depresi\u00f3n y ansiedad<\/li>\n<li>TEPT<\/li>\n<li>Desfiguraci\u00f3n o cicatrizaci\u00f3n<\/li>\n<li>P\u00e9rdida del c\u00f3nyuge<\/li>\n<\/ul>\n<\/div>\n<p>Una lesi\u00f3n catastr\u00f3fica puede limitar considerablemente tu futuro. No deber\u00edas tener que preocuparte por las consecuencias econ\u00f3micas.<\/p>\n<p>En Oresky &amp; Associates, PLLC, estamos preparados para empezar a luchar por la indemnizaci\u00f3n total que te corresponde. Trabajamos con los mejores expertos en medicina, planificaci\u00f3n vital y otras especialidades. Tu aportaci\u00f3n puede ser fundamental para conseguir la cantidad total que dicta la ley.<\/p>\n<h2>\u00bfDe cu\u00e1nto tiempo dispongo para presentar una demanda por lesiones catastr\u00f3ficas en New York?<\/h2>\n<p>El plazo de prescripci\u00f3n en los casos de lesiones personales es de tres a\u00f1os. Si la lesi\u00f3n fue causada por una negligencia m\u00e9dica, la v\u00edctima tiene dos a\u00f1os y seis meses para presentar una demanda. El reloj suele empezar a correr en la fecha en que se produjo la lesi\u00f3n.<\/p>\n<p>Las excepciones a la ley de prescripci\u00f3n son raras. Adem\u00e1s, los casos de lesiones catastr\u00f3ficas tardan en construirse. Siempre es mejor buscar asesoramiento legal r\u00e1pidamente despu\u00e9s de tu accidente, para que tu abogado pueda conservar las pruebas y empezar a construir tu caso inmediatamente.<\/p>\n<h2>Ponte en contacto con un abogado de lesiones catastr\u00f3ficas de Queens para una consulta gratuita<\/h2>\n<p>\u00bfTu familia est\u00e1 luchando contra una lesi\u00f3n catastr\u00f3fica tras un accidente en Queens? Llama hoy mismo a un abogado experto en lesiones catastr\u00f3ficas de Queens, Oresky &amp; Associates, PLLC para una consulta gratuita. Haremos todo lo posible para luchar por el futuro de tu familia.<\/p>\n","protected":false},"excerpt":{"rendered":"<p>\u00bfT\u00fa o un ser querido han sufrido una lesi\u00f3n que les ha cambiado la vida en Queens, NY? Las lesiones catastr\u00f3ficas pueden cambiar tu vida para siempre, y puedes tener derecho a una indemnizaci\u00f3n por las facturas m\u00e9dicas, los salarios perdidos y mucho m\u00e1s. Un abogado con experiencia en lesiones catastr\u00f3ficas en Queens, de\u00a0Oresky &amp; [&hellip;]<\/p>\n","protected":false},"author":9,"featured_media":0,"parent":19332,"menu_order":18,"comment_status":"closed","ping_status":"closed","template":"","meta":{"_acf_changed":false,"footnotes":""},"class_list":["post-19439","page","type-page","status-publish","hentry"],"acf":[],"yoast_head":"<!-- This site is optimized with the Yoast SEO plugin v27.3 - https:\/\/yoast.com\/product\/yoast-seo-wordpress\/ -->\n<title>Abogado de lesiones catastr\u00f3ficas en Queens - Oresky &amp; Associates, PLLC<\/title>\n<meta name=\"description\" content=\"\u00bfSufri\u00f3 una lesi\u00f3n catastr\u00f3fica? Abogado de lesiones personales en Queens de Oresky &amp; Associates, PLLC puede luchar para protegerle. \u00a1Ll\u00e1menos hoy para consulta!\" \/>\n<meta name=\"robots\" content=\"index, follow, max-snippet:-1, max-image-preview:large, max-video-preview:-1\" \/>\n<link rel=\"canonical\" href=\"https:\/\/oreskylaw.com\/es\/queens\/abogados-de-lesiones-catastroficas\/\" \/>\n<meta property=\"og:locale\" content=\"es_ES\" \/>\n<meta property=\"og:type\" content=\"article\" \/>\n<meta property=\"og:title\" content=\"Abogado de lesiones catastr\u00f3ficas en Queens - Oresky &amp; Associates, PLLC\" \/>\n<meta property=\"og:description\" content=\"\u00bfSufri\u00f3 una lesi\u00f3n catastr\u00f3fica? Abogado de lesiones personales en Queens de Oresky &amp; Associates, PLLC puede luchar para protegerle. \u00a1Ll\u00e1menos hoy para consulta!\" \/>\n<meta property=\"og:url\" content=\"https:\/\/oreskylaw.com\/es\/queens\/abogados-de-lesiones-catastroficas\/\" \/>\n<meta property=\"og:site_name\" content=\"Oresky &amp; Associates, PLLC\" \/>\n<meta property=\"article:publisher\" content=\"https:\/\/www.facebook.com\/Oreskylaw\/\" \/>\n<meta property=\"article:modified_time\" content=\"2026-01-31T09:11:43+00:00\" \/>\n<meta property=\"og:image\" content=\"https:\/\/oreskylaw.com\/wp-content\/uploads\/2026\/01\/oresky-team-careers.png\" \/>\n\t<meta property=\"og:image:width\" content=\"995\" \/>\n\t<meta property=\"og:image:height\" content=\"617\" \/>\n\t<meta property=\"og:image:type\" content=\"image\/png\" \/>\n<meta name=\"twitter:card\" content=\"summary_large_image\" \/>\n<meta name=\"twitter:site\" content=\"@JacobOreskyLaw\" \/>\n<meta name=\"twitter:label1\" content=\"Tiempo de lectura\" \/>\n\t<meta name=\"twitter:data1\" content=\"8 minutos\" \/>\n<!-- \/ Yoast SEO plugin. -->","yoast_head_json":{"title":"Abogado de lesiones catastr\u00f3ficas en Queens - Oresky & Associates, PLLC","description":"\u00bfSufri\u00f3 una lesi\u00f3n catastr\u00f3fica? Abogado de lesiones personales en Queens de Oresky & Associates, PLLC puede luchar para protegerle. \u00a1Ll\u00e1menos hoy para consulta!","robots":{"index":"index","follow":"follow","max-snippet":"max-snippet:-1","max-image-preview":"max-image-preview:large","max-video-preview":"max-video-preview:-1"},"canonical":"https:\/\/oreskylaw.com\/es\/queens\/abogados-de-lesiones-catastroficas\/","og_locale":"es_ES","og_type":"article","og_title":"Abogado de lesiones catastr\u00f3ficas en Queens - Oresky & Associates, PLLC","og_description":"\u00bfSufri\u00f3 una lesi\u00f3n catastr\u00f3fica? Abogado de lesiones personales en Queens de Oresky & Associates, PLLC puede luchar para protegerle. \u00a1Ll\u00e1menos hoy para consulta!","og_url":"https:\/\/oreskylaw.com\/es\/queens\/abogados-de-lesiones-catastroficas\/","og_site_name":"Oresky &amp; Associates, PLLC","article_publisher":"https:\/\/www.facebook.com\/Oreskylaw\/","article_modified_time":"2026-01-31T09:11:43+00:00","og_image":[{"width":995,"height":617,"url":"https:\/\/oreskylaw.com\/wp-content\/uploads\/2026\/01\/oresky-team-careers.png","type":"image\/png"}],"twitter_card":"summary_large_image","twitter_site":"@JacobOreskyLaw","twitter_misc":{"Tiempo de lectura":"8 minutos"},"schema":{"@context":"https:\/\/schema.org","@graph":[{"@type":"WebPage","@id":"https:\/\/oreskylaw.com\/es\/queens\/abogados-de-lesiones-catastroficas\/","url":"https:\/\/oreskylaw.com\/es\/queens\/abogados-de-lesiones-catastroficas\/","name":"Abogado de lesiones catastr\u00f3ficas en Queens - Oresky & Associates, PLLC","isPartOf":{"@id":"https:\/\/oreskylaw.com\/es\/#website"},"datePublished":"2025-12-09T11:44:04+00:00","dateModified":"2026-01-31T09:11:43+00:00","description":"\u00bfSufri\u00f3 una lesi\u00f3n catastr\u00f3fica? Abogado de lesiones personales en Queens de Oresky & Associates, PLLC puede luchar para protegerle. \u00a1Ll\u00e1menos hoy para consulta!","breadcrumb":{"@id":"https:\/\/oreskylaw.com\/es\/queens\/abogados-de-lesiones-catastroficas\/#breadcrumb"},"inLanguage":"es","potentialAction":[{"@type":"ReadAction","target":["https:\/\/oreskylaw.com\/es\/queens\/abogados-de-lesiones-catastroficas\/"]}]},{"@type":"BreadcrumbList","@id":"https:\/\/oreskylaw.com\/es\/queens\/abogados-de-lesiones-catastroficas\/#breadcrumb","itemListElement":[{"@type":"ListItem","position":1,"name":"Inicio","item":"https:\/\/oreskylaw.com\/es\/"},{"@type":"ListItem","position":2,"name":"Queens","item":"https:\/\/oreskylaw.com\/es\/queens\/"},{"@type":"ListItem","position":3,"name":"Abogado de lesiones catastr\u00f3ficas en Queens"}]},{"@type":"WebSite","@id":"https:\/\/oreskylaw.com\/es\/#website","url":"https:\/\/oreskylaw.com\/es\/","name":"Oresky & Associates PLLC","description":"","publisher":{"@id":"https:\/\/oreskylaw.com\/es\/#organization"},"potentialAction":[{"@type":"SearchAction","target":{"@type":"EntryPoint","urlTemplate":"https:\/\/oreskylaw.com\/es\/?s={search_term_string}"},"query-input":{"@type":"PropertyValueSpecification","valueRequired":true,"valueName":"search_term_string"}}],"inLanguage":"es"}]}},"_links":{"self":[{"href":"https:\/\/oreskylaw.com\/es\/wp-json\/wp\/v2\/pages\/19439","targetHints":{"allow":["GET"]}}],"collection":[{"href":"https:\/\/oreskylaw.com\/es\/wp-json\/wp\/v2\/pages"}],"about":[{"href":"https:\/\/oreskylaw.com\/es\/wp-json\/wp\/v2\/types\/page"}],"author":[{"embeddable":true,"href":"https:\/\/oreskylaw.com\/es\/wp-json\/wp\/v2\/users\/9"}],"replies":[{"embeddable":true,"href":"https:\/\/oreskylaw.com\/es\/wp-json\/wp\/v2\/comments?post=19439"}],"version-history":[{"count":0,"href":"https:\/\/oreskylaw.com\/es\/wp-json\/wp\/v2\/pages\/19439\/revisions"}],"up":[{"embeddable":true,"href":"https:\/\/oreskylaw.com\/es\/wp-json\/wp\/v2\/pages\/19332"}],"wp:attachment":[{"href":"https:\/\/oreskylaw.com\/es\/wp-json\/wp\/v2\/media?parent=19439"}],"curies":[{"name":"wp","href":"https:\/\/api.w.org\/{rel}","templated":true}]}}