{"id":19463,"date":"2025-12-09T23:56:00","date_gmt":"2025-12-09T23:56:00","guid":{"rendered":"https:\/\/oreskylaw.com\/?page_id=19463"},"modified":"2026-01-31T09:16:21","modified_gmt":"2026-01-31T09:16:21","slug":"abogados-de-accidentes-de-grua","status":"publish","type":"page","link":"https:\/\/oreskylaw.com\/es\/queens\/abogados-de-accidentes-de-grua\/","title":{"rendered":"Accidentes de Gr\u00faas"},"content":{"rendered":"<p>\u00bfUsted o alguien que ama ha sido gravemente herido en un accidente involucrando una gr\u00faa en Queens, New York? Nuestros abogados especializados en accidentes de gr\u00faas en Queens de\u00a0<a href=\"https:\/\/oreskylaw.com\/es\/acerca-de-nosotros\/\">Oresky &amp; Associates, PLLC<\/a>\u00a0pueden ayudarle a determinar qui\u00e9n es responsable de los da\u00f1os, ll\u00e1menos al\u00a0<a href=\"tel:+19293050949\">(929) 305-0949<\/a>.<\/p>\n<p>Las gr\u00faas son grandes equipos utilizados en sitios de construcci\u00f3n en Queens y a trav\u00e9s de la ciudad de New York. Permiten a los trabajadores mover objetos pesados, a menudo pesando toneladas, a lo largo del lugar de trabajo. Su tama\u00f1o y volumen las hacen extremadamente peligrosas, y las lesiones resultantes de accidentes de gr\u00faas pueden ser especialmente severas.<\/p>\n<p>Llame a nuestras oficinas legales en Queens, NY o\u00a0<a href=\"https:\/\/oreskylaw.com\/es\/contacto\/\">cont\u00e1ctenos<\/a>\u00a0en l\u00ednea hoy para hablar con uno de nuestros abogados especializados en accidentes de construcci\u00f3n. Estamos aqu\u00ed para ayudar.<\/p>\n<h2>C\u00f3mo Oresky &amp; Associates, PLLC Puede Ayudarle Despu\u00e9s de un Accidente de Gr\u00faa en Queens, NY<\/h2>\n<p><img loading=\"lazy\" decoding=\"async\" class=\"size-full wp-image-12801 alignleft\" src=\"https:\/\/oreskylaw.com\/wp-content\/uploads\/2026\/01\/Help-You-After-a-Crane-Accident-in-Queens.webp\" alt=\"Bronx Unsafe Construction Work Equipment Lawyer\" width=\"300\" height=\"169\" \/>En Oresky &amp; Associates, PLLC, hemos representado a clientes en casos de lesiones personales que han obtenido acuerdos y premios de varios millones de d\u00f3lares. Hemos ganado nuestra reputaci\u00f3n por proporcionar a los clientes una representaci\u00f3n legal excepcional que entrega resultados de primera calidad.<\/p>\n<p>Entendemos que ser herido en un accidente pone una tensi\u00f3n incre\u00edble sobre usted, y consideramos que nuestro trabajo es aliviar esa tensi\u00f3n obteniendo los recursos financieros que pueden ayudar en su recuperaci\u00f3n.<\/p>\n<p>Cuando usted contrata a nuestros abogados especializados en accidentes de\u00a0<a href=\"https:\/\/oreskylaw.com\/es\/queens\/abogados-de-accidentes-de-construccion\/\">construcci\u00f3n en Queens<\/a>, puede estar seguro de que:<\/p>\n<ul>\n<li>Investigaremos el accidente<\/li>\n<li>Reuniremos y examinaremos las pruebas<\/li>\n<li>Hablaremos con cualquier testigo<\/li>\n<li>Consultaremos con expertos l\u00edderes en New York<\/li>\n<li>Nos ocuparemos de la compensaci\u00f3n para trabajadores si es aplicable<\/li>\n<li>Lo representaremos en juicio si un acuerdo no es posible<\/li>\n<\/ul>\n<p>En Oresky &amp; Associates, PLLC, mantener a nuestros clientes informados y involucrados a lo largo del proceso legal es importante para nosotros. Cuando trabaja con nosotros, puede confiar en que ser\u00e1 el centro del caso.<\/p>\n<h2>\u00bfQu\u00e9 Tipos de Accidentes de Gr\u00faa Pueden Ocurrir en Queens?<\/h2>\n<p><img loading=\"lazy\" decoding=\"async\" class=\"size-full wp-image-16017 alignright\" src=\"https:\/\/oreskylaw.com\/wp-content\/uploads\/2026\/01\/What-Types-of-Crane-Accidents-Can-Occur-in-Queens.webp\" alt=\"Bronx bridge construction site accident attorney\" width=\"300\" height=\"196\" srcset=\"https:\/\/oreskylaw.com\/wp-content\/uploads\/2026\/01\/What-Types-of-Crane-Accidents-Can-Occur-in-Queens.webp 300w, https:\/\/oreskylaw.com\/wp-content\/uploads\/2026\/01\/What-Types-of-Crane-Accidents-Can-Occur-in-Queens-91x58.webp 91w\" sizes=\"auto, (max-width: 300px) 100vw, 300px\" \/>Una gr\u00faa es un equipo pesado utilizado para levantar y transportar cargas pesadas. Se utilizan en muchas industrias diferentes, incluyendo la construcci\u00f3n y la manufactura.<\/p>\n<p>Seg\u00fan la Oficina de Estad\u00edsticas Laborales de los Estados Unidos, los tipos m\u00e1s comunes de accidentes relacionados con gr\u00faas incluyen:<\/p>\n<div class=\"row\">\n<ul class=\"col-xl-6\">\n<li>Ca\u00eddas a niveles inferiores<\/li>\n<li>Electrocuciones<\/li>\n<li>Aplastamiento por equipos<\/li>\n<\/ul>\n<ul class=\"col-xl-6\">\n<li>Golpes por objetos o equipos<\/li>\n<li>Colapso de plumas de gr\u00faas<\/li>\n<li>Cargas ca\u00eddas<\/li>\n<\/ul>\n<\/div>\n<p>Las gr\u00faas a menudo se ubican a cientos de historias por encima del suelo, haciendo los\u00a0<a href=\"https:\/\/oreskylaw.com\/es\/queens\/abogados-de-caida-de-escombros\/\">desechos<\/a>\u00a0que caen a\u00fan m\u00e1s peligrosos.<\/p>\n    <div class=\"cw-cta-box\">\n        <div class=\"cw-cta-box__inner \">\n            <div class=\"cw-cta-box__info\">\n                                    <div class=\"label\">\u00a1Llame ahora!<\/div>\n                            <\/div>\n                            <div class=\"contact-phone\">\n                    <a href=\"tel:7189939999\"\n                        aria-label=\"Tap to call button\">\n                        718-993-9999                    <\/a>\n                <\/div>\n                    <\/div>\n                    <a href=\"\/es\/contacto\/\"\n               class=\"cta-btn btn btn--primary btn\"\n               target=\"\">\n                Obtenga Una Consulta Gratuita            <\/a>\n            <\/div>\n    \n<h2>\u00bfCu\u00e1les son las Causas Comunes de Accidentes de Gr\u00faas en Queens, NY?<\/h2>\n<p>Hay varias causas directas e indirectas de accidentes relacionados con gr\u00faas que resultan en\u00a0<a href=\"https:\/\/oreskylaw.com\/es\/queens\/abogados-de-muerte-por-negligencia\/\">muerte<\/a>\u00a0y heridas graves. Estos accidentes generalmente resultan del incumplimiento de las regulaciones actuales de seguridad en el lugar de trabajo de la Administraci\u00f3n de Seguridad y Salud Ocupacional.<\/p>\n<p>Las causas de accidentes de gr\u00faas pueden incluir:<\/p>\n<ul>\n<li>Carga inestable, balanceo, etc.<\/li>\n<li>Cargas ca\u00eddas<\/li>\n<li>Operador de gr\u00faa golpea\/atropella a un individuo<\/li>\n<li>Falta de pol\u00edticas de seguridad en el lugar de trabajo (por ejemplo, procedimientos de bloqueo y etiquetado)<\/li>\n<li>Mantenimiento de gr\u00faas deficiente<\/li>\n<li>Pol\u00edticas de seguridad obsoletas<\/li>\n<li>Falta de formaci\u00f3n en el lugar de trabajo<\/li>\n<li>Uso indebido de una gr\u00faa<\/li>\n<\/ul>\n<p>Muchos de estos horribles accidentes podr\u00edan haberse prevenido con una formaci\u00f3n adecuada en el lugar de trabajo, manejo y mantenimiento. No importa qu\u00e9 caus\u00f3 su accidente de gr\u00faa, un abogado de lesiones personales puede ayudarlo a que los responsables negligentes rindan cuentas.<\/p>\n<h2>\u00bfQu\u00e9 Tipos de Lesiones Pueden Resultar de Accidentes de Gr\u00faas?<\/h2>\n<p>Las gr\u00faas pueden pesar hasta\u00a0<a href=\"https:\/\/en.wikipedia.org\/wiki\/Crane_(machine)#:~:text=These%20cranes%20are%20generally%20constructed,weigh%20up%20to%20350%20tons.\" target=\"_blank\" rel=\"nofollow noopener noreferrer\">350 toneladas<\/a>. Los accidentes que involucran gr\u00faas dejan a las v\u00edctimas con lesiones severas y debilitantes que pueden ser fatales.<\/p>\n<p>Las lesiones por gr\u00faa incluyen:<\/p>\n<div class=\"row\">\n<ul class=\"col-xl-6\">\n<li>Lesiones de cabeza\/cuello<\/li>\n<li>Lesiones de espalda\/<a href=\"https:\/\/oreskylaw.com\/es\/lesion\/abogados-de-lesiones-de-la-medula-espinal\/\">m\u00e9dula espinal<\/a><\/li>\n<li>Par\u00e1lisis<\/li>\n<\/ul>\n<ul class=\"col-xl-6\">\n<li><a href=\"https:\/\/oreskylaw.com\/es\/lesion\/abogados-de-lesiones-cerebrales\/\">Lesiones cerebrales traum\u00e1ticas<\/a><\/li>\n<li>Fracturas y\u00a0<a href=\"https:\/\/oreskylaw.com\/es\/lesion\/abogados-de-lesiones-huesos-rotos\/\">huesos rotos<\/a><\/li>\n<li>Da\u00f1o a \u00f3rganos<\/li>\n<\/ul>\n<\/div>\n<p>Estas lesiones pueden resultar en dolor persistente, discapacidades, disminuci\u00f3n de la calidad de vida y problemas m\u00e9dicos continuos.<\/p>\n<p>El impacto f\u00edsico y financiero de estos accidentes tambi\u00e9n puede ser devastador para su salud mental y emocional, posiblemente llevando a la depresi\u00f3n, el trastorno de estr\u00e9s postraum\u00e1tico (TEPT) y la ansiedad.<\/p>\n<h2>\u00bfQui\u00e9n Es Responsable de los Da\u00f1os en Accidentes de Gr\u00faas en Queens?<\/h2>\n<p>Los da\u00f1os de un accidente de gr\u00faa en un sitio de trabajo pueden provenir de dos fuentes posibles: una reclamaci\u00f3n de compensaci\u00f3n para trabajadores o una demanda contra terceros.<\/p>\n<h3>Seguro de Compensaci\u00f3n para Trabajadores<\/h3>\n<p>Los empleadores en New York est\u00e1n obligados a llevar seguro de\u00a0<a href=\"https:\/\/www1.nyc.gov\/nycbusiness\/description\/workers-compensation-insurance#:~:text=Businesses%20in%20New%20York%20State,a%20workers'%20compensation%20insurance%20policy.\" target=\"_blank\" rel=\"nofollow noopener noreferrer\">compensaci\u00f3n para trabajadores<\/a>. Este seguro cubre las necesidades financieras cuando los trabajadores est\u00e1n heridos en el sitio o en el curso de realizar sus trabajos.<\/p>\n<p>Sin embargo, solo ciertos beneficios econ\u00f3micos est\u00e1n disponibles a trav\u00e9s de la compensaci\u00f3n para trabajadores.<\/p>\n<p>Los\u00a0<a href=\"https:\/\/oreskylaw.com\/es\/blog\/lesiones-personales-danos-economicos\/\">da\u00f1os econ\u00f3micos<\/a>\u00a0son p\u00e9rdidas financieras cuantificables, que incluyen:<\/p>\n<div class=\"row\">\n<ul class=\"col-xl-6\">\n<li>Gastos m\u00e9dicos<\/li>\n<li>Salarios perdidos<\/li>\n<li>Discapacidad parcial y total<\/li>\n<\/ul>\n<ul class=\"col-xl-6\">\n<li>Rehabilitaci\u00f3n<\/li>\n<li>Cuidado m\u00e9dico continuo<\/li>\n<\/ul>\n<\/div>\n<p>Las p\u00e9rdidas no econ\u00f3micas m\u00e1s personales y subjetivas, como el dolor y sufrimiento o la angustia emocional, no est\u00e1n cubiertas por la compensaci\u00f3n para trabajadores.<\/p>\n<h3>Reclamaciones contra Terceros<\/h3>\n<p>Los da\u00f1os no econ\u00f3micos est\u00e1n disponibles de terceros que podr\u00edan haber sido responsables de su da\u00f1o. En ese caso, puede demandar al tercero adem\u00e1s de su reclamaci\u00f3n de compensaci\u00f3n para trabajadores contra su empleador.<\/p>\n<p>Los terceros podr\u00edan incluir:<\/p>\n<ul>\n<li>Fabricante de la gr\u00faa<\/li>\n<li>Propietarios de la propiedad<\/li>\n<li>Contratistas y subcontratistas<\/li>\n<\/ul>\n<p>Nuestros abogados de accidentes de gr\u00faa en Queens le ayudar\u00e1n a determinar todas las partes potencialmente responsables. Somos minuciosos y siempre consideraremos todas las fuentes posibles de compensaci\u00f3n.<\/p>\n<h2>Contacte a Oresky &amp; Associates, PLLC Hoy si Ha Sufrido Lesiones en un Accidente de Gr\u00faa en Queens, NY<\/h2>\n<p>Ya sea que su caso involucre una reclamaci\u00f3n de compensaci\u00f3n para trabajadores, una demanda contra terceros, o ambos, en Oresky &amp; Associates, PLLC, nuestros abogados de lesiones personales saben c\u00f3mo manejar la burocracia para llevarlo a trav\u00e9s del proceso r\u00e1pidamente.<\/p>\n<p>Ll\u00e1menos si usted o un ser querido ha sido gravemente herido o ha muerto debido a un accidente de gr\u00faa en Queens, NY. Nuestros abogados de accidentes de gr\u00faa han ayudado a cientos de clientes en la ciudad de New York a obtener compensaci\u00f3n por lesiones, y lucharemos para hacer lo mismo por usted.<\/p>\n\n\t\t\t\t\n\t\t\t\t\t<div itemtype=\"https:\/\/schema.org\/VideoObject\" itemscope=\"\" id=\"video_play-1575\" class=\" vid-aligncenter\" style=\"display:block\">\n\t\t\t\t\t\t<meta itemprop=\"name\" content=\"Oresky &#038; Associates, Construction Accident Lawyers\" \/>\n\t\t\t\t\t\t<meta itemprop=\"thumbnailURL\" content=\"https:\/\/i.ytimg.com\/vi\/-x7Lm41GBRM\/hqdefault.jpg\" \/>\n\t\t\t\t\t\t<meta itemprop=\"uploadDate\" content=\"9 de diciembre de 2025\">\n\t\t\t\t\t\t\t\t\t\t\t\t\t<meta itemprop=\"embedURL\" content=\"https:\/\/www.youtube.com\/watch?v=-x7Lm41GBRM\" \/>\n\t\t\t\t\t\t\t<iframe loading=\"lazy\" class=\"cw_video_single\" src=\"https:\/\/www.youtube.com\/embed\/-x7Lm41GBRM?rel=0&amp;showinfo=1&amp;autoplay=1\" allowfullscreen=\"allowfullscreen\" width=\"100%\" height=\"480px\" ><\/iframe>\n\t\t\t\t\t\t\n\t\t\t\t\t\t\n\t\t\t\t\t\t\t\t\t\t\t\t\t\t\t<meta itemprop=\"description\" content=\"Often, profits are prioritized over job site safety at the workers\u2019 expense. Construction involves heavy equipment such as cranes, hoists, scaffolds, and ladders that can be very dangerous.\" \/>\n\t\t\t\t\t\t\t\n\t\t\t\t\t\t\n\t\t\t\t\t<\/div>\n\n\t\t\t\t\n\n\n\n\t\t\t\n\t\t\t\t\n","protected":false},"excerpt":{"rendered":"<p>\u00bfUsted o alguien que ama ha sido gravemente herido en un accidente involucrando una gr\u00faa en Queens, New York? Nuestros abogados especializados en accidentes de gr\u00faas en Queens de\u00a0Oresky &amp; Associates, PLLC\u00a0pueden ayudarle a determinar qui\u00e9n es responsable de los da\u00f1os, ll\u00e1menos al\u00a0(929) 305-0949. Las gr\u00faas son grandes equipos utilizados en sitios de construcci\u00f3n en [&hellip;]<\/p>\n","protected":false},"author":9,"featured_media":0,"parent":19332,"menu_order":21,"comment_status":"closed","ping_status":"closed","template":"","meta":{"_acf_changed":false,"footnotes":""},"class_list":["post-19463","page","type-page","status-publish","hentry"],"acf":[],"yoast_head":"<!-- This site is optimized with the Yoast SEO plugin v27.3 - https:\/\/yoast.com\/product\/yoast-seo-wordpress\/ -->\n<title>Abogado de Accidentes de Gr\u00faas en Queens, NY - Oresky &amp; Associates, PLLC<\/title>\n<meta name=\"description\" content=\"\u00bfLesionado en un accidente con gr\u00faa en Queens? Nuestros abogados est\u00e1n aqu\u00ed para ayudarle. Contacte a Oresky &amp; Associates, PLLC hoy \u2013 lucharemos por compensaci\u00f3n.\" \/>\n<meta name=\"robots\" content=\"index, follow, max-snippet:-1, max-image-preview:large, max-video-preview:-1\" \/>\n<link rel=\"canonical\" href=\"https:\/\/oreskylaw.com\/es\/queens\/abogados-de-accidentes-de-grua\/\" \/>\n<meta property=\"og:locale\" content=\"es_ES\" \/>\n<meta property=\"og:type\" content=\"article\" \/>\n<meta property=\"og:title\" content=\"Abogado de Accidentes de Gr\u00faas en Queens, NY - Oresky &amp; Associates, PLLC\" \/>\n<meta property=\"og:description\" content=\"\u00bfLesionado en un accidente con gr\u00faa en Queens? Nuestros abogados est\u00e1n aqu\u00ed para ayudarle. Contacte a Oresky &amp; Associates, PLLC hoy \u2013 lucharemos por compensaci\u00f3n.\" \/>\n<meta property=\"og:url\" content=\"https:\/\/oreskylaw.com\/es\/queens\/abogados-de-accidentes-de-grua\/\" \/>\n<meta property=\"og:site_name\" content=\"Oresky &amp; Associates, PLLC\" \/>\n<meta property=\"article:publisher\" content=\"https:\/\/www.facebook.com\/Oreskylaw\/\" \/>\n<meta property=\"article:modified_time\" content=\"2026-01-31T09:16:21+00:00\" \/>\n<meta property=\"og:image\" content=\"https:\/\/oreskylaw.com\/wp-content\/uploads\/2026\/01\/Help-You-After-a-Crane-Accident-in-Queens.webp\" \/>\n\t<meta property=\"og:image:width\" content=\"300\" \/>\n\t<meta property=\"og:image:height\" content=\"169\" \/>\n\t<meta property=\"og:image:type\" content=\"image\/webp\" \/>\n<meta name=\"twitter:card\" content=\"summary_large_image\" \/>\n<meta name=\"twitter:site\" content=\"@JacobOreskyLaw\" \/>\n<meta name=\"twitter:label1\" content=\"Tiempo de lectura\" \/>\n\t<meta name=\"twitter:data1\" content=\"5 minutos\" \/>\n<!-- \/ Yoast SEO plugin. -->","yoast_head_json":{"title":"Abogado de Accidentes de Gr\u00faas en Queens, NY - Oresky & Associates, PLLC","description":"\u00bfLesionado en un accidente con gr\u00faa en Queens? Nuestros abogados est\u00e1n aqu\u00ed para ayudarle. Contacte a Oresky & Associates, PLLC hoy \u2013 lucharemos por compensaci\u00f3n.","robots":{"index":"index","follow":"follow","max-snippet":"max-snippet:-1","max-image-preview":"max-image-preview:large","max-video-preview":"max-video-preview:-1"},"canonical":"https:\/\/oreskylaw.com\/es\/queens\/abogados-de-accidentes-de-grua\/","og_locale":"es_ES","og_type":"article","og_title":"Abogado de Accidentes de Gr\u00faas en Queens, NY - Oresky & Associates, PLLC","og_description":"\u00bfLesionado en un accidente con gr\u00faa en Queens? Nuestros abogados est\u00e1n aqu\u00ed para ayudarle. Contacte a Oresky & Associates, PLLC hoy \u2013 lucharemos por compensaci\u00f3n.","og_url":"https:\/\/oreskylaw.com\/es\/queens\/abogados-de-accidentes-de-grua\/","og_site_name":"Oresky &amp; Associates, PLLC","article_publisher":"https:\/\/www.facebook.com\/Oreskylaw\/","article_modified_time":"2026-01-31T09:16:21+00:00","og_image":[{"width":300,"height":169,"url":"https:\/\/oreskylaw.com\/wp-content\/uploads\/2026\/01\/Help-You-After-a-Crane-Accident-in-Queens.webp","type":"image\/webp"}],"twitter_card":"summary_large_image","twitter_site":"@JacobOreskyLaw","twitter_misc":{"Tiempo de lectura":"5 minutos"},"schema":{"@context":"https:\/\/schema.org","@graph":[{"@type":"WebPage","@id":"https:\/\/oreskylaw.com\/es\/queens\/abogados-de-accidentes-de-grua\/","url":"https:\/\/oreskylaw.com\/es\/queens\/abogados-de-accidentes-de-grua\/","name":"Abogado de Accidentes de Gr\u00faas en Queens, NY - Oresky & Associates, PLLC","isPartOf":{"@id":"https:\/\/oreskylaw.com\/es\/#website"},"primaryImageOfPage":{"@id":"https:\/\/oreskylaw.com\/es\/queens\/abogados-de-accidentes-de-grua\/#primaryimage"},"image":{"@id":"https:\/\/oreskylaw.com\/es\/queens\/abogados-de-accidentes-de-grua\/#primaryimage"},"thumbnailUrl":"https:\/\/oreskylaw.com\/wp-content\/uploads\/2026\/01\/Help-You-After-a-Crane-Accident-in-Queens.webp","datePublished":"2025-12-09T23:56:00+00:00","dateModified":"2026-01-31T09:16:21+00:00","description":"\u00bfLesionado en un accidente con gr\u00faa en Queens? Nuestros abogados est\u00e1n aqu\u00ed para ayudarle. Contacte a Oresky & Associates, PLLC hoy \u2013 lucharemos por compensaci\u00f3n.","breadcrumb":{"@id":"https:\/\/oreskylaw.com\/es\/queens\/abogados-de-accidentes-de-grua\/#breadcrumb"},"inLanguage":"es","potentialAction":[{"@type":"ReadAction","target":["https:\/\/oreskylaw.com\/es\/queens\/abogados-de-accidentes-de-grua\/"]}]},{"@type":"ImageObject","inLanguage":"es","@id":"https:\/\/oreskylaw.com\/es\/queens\/abogados-de-accidentes-de-grua\/#primaryimage","url":"https:\/\/oreskylaw.com\/wp-content\/uploads\/2026\/01\/Help-You-After-a-Crane-Accident-in-Queens.webp","contentUrl":"https:\/\/oreskylaw.com\/wp-content\/uploads\/2026\/01\/Help-You-After-a-Crane-Accident-in-Queens.webp"},{"@type":"BreadcrumbList","@id":"https:\/\/oreskylaw.com\/es\/queens\/abogados-de-accidentes-de-grua\/#breadcrumb","itemListElement":[{"@type":"ListItem","position":1,"name":"Inicio","item":"https:\/\/oreskylaw.com\/es\/"},{"@type":"ListItem","position":2,"name":"Queens","item":"https:\/\/oreskylaw.com\/es\/queens\/"},{"@type":"ListItem","position":3,"name":"Accidentes de Gr\u00faas"}]},{"@type":"WebSite","@id":"https:\/\/oreskylaw.com\/es\/#website","url":"https:\/\/oreskylaw.com\/es\/","name":"Oresky & Associates PLLC","description":"","publisher":{"@id":"https:\/\/oreskylaw.com\/es\/#organization"},"potentialAction":[{"@type":"SearchAction","target":{"@type":"EntryPoint","urlTemplate":"https:\/\/oreskylaw.com\/es\/?s={search_term_string}"},"query-input":{"@type":"PropertyValueSpecification","valueRequired":true,"valueName":"search_term_string"}}],"inLanguage":"es"}]}},"_links":{"self":[{"href":"https:\/\/oreskylaw.com\/es\/wp-json\/wp\/v2\/pages\/19463","targetHints":{"allow":["GET"]}}],"collection":[{"href":"https:\/\/oreskylaw.com\/es\/wp-json\/wp\/v2\/pages"}],"about":[{"href":"https:\/\/oreskylaw.com\/es\/wp-json\/wp\/v2\/types\/page"}],"author":[{"embeddable":true,"href":"https:\/\/oreskylaw.com\/es\/wp-json\/wp\/v2\/users\/9"}],"replies":[{"embeddable":true,"href":"https:\/\/oreskylaw.com\/es\/wp-json\/wp\/v2\/comments?post=19463"}],"version-history":[{"count":0,"href":"https:\/\/oreskylaw.com\/es\/wp-json\/wp\/v2\/pages\/19463\/revisions"}],"up":[{"embeddable":true,"href":"https:\/\/oreskylaw.com\/es\/wp-json\/wp\/v2\/pages\/19332"}],"wp:attachment":[{"href":"https:\/\/oreskylaw.com\/es\/wp-json\/wp\/v2\/media?parent=19463"}],"curies":[{"name":"wp","href":"https:\/\/api.w.org\/{rel}","templated":true}]}}