{"id":19475,"date":"2025-12-09T23:56:18","date_gmt":"2025-12-09T23:56:18","guid":{"rendered":"https:\/\/oreskylaw.com\/?page_id=19475"},"modified":"2026-01-31T09:20:56","modified_gmt":"2026-01-31T09:20:56","slug":"abogados-de-caida-de-escombros","status":"publish","type":"page","link":"https:\/\/oreskylaw.com\/es\/queens\/abogados-de-caida-de-escombros\/","title":{"rendered":"Escombros que caen en los sitios de trabajo"},"content":{"rendered":"<h2>Escombros Cayendo en Lugares de Trabajo<\/h2>\n<p>La Administraci\u00f3n de Seguridad y Salud Ocupacional de EE. UU. (OSHA, por sus siglas en ingl\u00e9s) utiliza el t\u00e9rmino \u00abcuatro mortales\u00bb para describir las cuatro principales causas de muerte accidental en los sitios de construcci\u00f3n. Estos accidentes de construcci\u00f3n incluyen aquellos donde los trabajadores caen, quedan aplastados entre objetos, son golpeados por escombros o m\u00e1quinas, o son electrocutados.<\/p>\n<p>Estas lesiones representan casi el\u00a0<a href=\"https:\/\/www.constructconnect.com\/blog\/blog-fatal-four-avoiding-constructions-deadliest-hazards\" target=\"_blank\" rel=\"nofollow noopener noreferrer\">59% de los accidentes<\/a>\u00a0de trabajadores de la construcci\u00f3n. A trav\u00e9s de todas las industrias, objetos que caen, vuelan o se balancean mataron a m\u00e1s de 140 trabajadores e hirieron a miles m\u00e1s. Estos accidentes pueden ocurrirle a trabajadores en cualquier entorno, desde almacenes hasta oficinas.<\/p>\n<p>Si has sido herido por escombros que cayeron en un lugar de trabajo en Queens, New York, <a href=\"https:\/\/oreskylaw.com\/es\/contacto\/\">cont\u00e1ctanos<\/a> en <a href=\"https:\/\/oreskylaw.com\/es\/acerca-de-nosotros\/\">Oresky &amp; Associates, PLLC<\/a>\u00a0para una consulta gratuita al\u00a0<a href=\"tel:+19293050949\">(929) 305-0949<\/a>.<\/p>\n<h2>C\u00f3mo Nuestros Abogados de Accidentes de Construcci\u00f3n en Queens Pueden Ayudar a Recuperar Compensaci\u00f3n por Lesiones Causadas por Escombros Cayendo<\/h2>\n<p><img loading=\"lazy\" decoding=\"async\" class=\"size-full wp-image-12467 alignright\" src=\"https:\/\/oreskylaw.com\/wp-content\/uploads\/2026\/01\/Help-After-a-Scaffolding-Accident-in-the-Bronx.webp\" alt=\"bridge construction accident attorney bronx\" width=\"300\" height=\"169\" \/>Oresky &amp; Associates, PLLC fue fundada en 1992. Durante los \u00faltimos 30 a\u00f1os, nuestros abogados de accidentes de construcci\u00f3n en Queens han recuperado m\u00e1s de $400 millones en compensaci\u00f3n para nuestros clientes.<\/p>\n<p>Contratar a nuestro equipo legal en Queens, NY para obtener ayuda despu\u00e9s de un accidente de construcci\u00f3n significa que tendr\u00e1s a alguien para:<\/p>\n<ul>\n<li>Investigar la causa de tu accidente e identificar qui\u00e9n puede compartir responsabilidad<\/li>\n<li>Evaluar tus opciones de compensaci\u00f3n, incluyendo un\u00a0<a href=\"https:\/\/oreskylaw.com\/es\/queens\/abogados-de-compensacion-laboral\/\">reclamo de compensaci\u00f3n laboral<\/a> y\/o un caso de lesiones personales<\/li>\n<li>Negociar con compa\u00f1\u00edas de seguros y otros mientras te enfocas en recuperarte y sanar<\/li>\n<li>Consultar a expertos de la industria cuando sea necesario<\/li>\n<li>Representarte en todas las audiencias y procedimientos judiciales<\/li>\n<\/ul>\n<p>Un objeto que cae puede causar lesiones fatales o\u00a0<a href=\"https:\/\/oreskylaw.com\/es\/queens\/abogados-de-lesiones-catastroficas\/\">catastr\u00f3ficas<\/a>, incluyendo par\u00e1lisis o\u00a0<a href=\"https:\/\/oreskylaw.com\/es\/lesion\/abogados-de-lesiones-cerebrales\/\">da\u00f1o cerebral<\/a> permanente. Contacta a Oresky &amp; Associates, PLLC para una consulta inicial gratuita para discutir tu accidente de construcci\u00f3n y la compensaci\u00f3n a la que podr\u00edas tener derecho seg\u00fan la ley.<\/p>\n<h2>\u00bfQu\u00e9 Tan Com\u00fan Es Que Caigan Escombros en Lugares de Trabajo?<\/h2>\n<p><img loading=\"lazy\" decoding=\"async\" class=\"size-full wp-image-15660 alignright\" src=\"https:\/\/oreskylaw.com\/wp-content\/uploads\/2026\/01\/What-Causes-Most-Construction-Accidents-in-the-Bronx-New-York.webp\" alt=\"construction accident attorney Bronx NY\" width=\"300\" height=\"200\" \/>OSHA tiene una categor\u00eda de accidentes laborales llamada \u00abcontacto con objetos y equipo.\u00bb<\/p>\n<p>Esta categor\u00eda suena inofensiva, pero incluye accidentes donde los trabajadores son:<\/p>\n<ul>\n<li>Atropellados por veh\u00edculos<\/li>\n<li>Aplastados por objetos rodantes descontrolados<\/li>\n<li>Sofocados por trincheras o t\u00faneles que colapsan<\/li>\n<li>Golpeados por escombros que caen<\/li>\n<\/ul>\n<p>Esta categor\u00eda de accidentes representa alrededor del\u00a0<a href=\"https:\/\/www.osha.gov\/sites\/default\/files\/struckby_ig.pdf\" target=\"_blank\" rel=\"nofollow noopener noreferrer\">17%<\/a>\u00a0de las muertes de trabajadores. Dentro de esta categor\u00eda, OSHA tiene dos subcategor\u00edas: atrapado por o entre objetos y golpeado por un objeto.<\/p>\n<p>La subcategor\u00eda de ser golpeado por un objeto representa alrededor del 10% del total de muertes de trabajadores. Aunque no parece mucho, esto significa que m\u00e1s de 400 trabajadores mueren cada a\u00f1o al ser golpeados por un objeto.<\/p>\n    <div class=\"cw-cta-box\">\n        <div class=\"cw-cta-box__inner \">\n            <div class=\"cw-cta-box__info\">\n                                    <div class=\"label\">\u00a1Llame ahora!<\/div>\n                            <\/div>\n                            <div class=\"contact-phone\">\n                    <a href=\"tel:7189939999\"\n                        aria-label=\"Tap to call button\">\n                        718-993-9999                    <\/a>\n                <\/div>\n                    <\/div>\n                    <a href=\"\/es\/contacto\/\"\n               class=\"cta-btn btn btn--primary btn\"\n               target=\"\">\n                Obtenga Una Consulta Gratuita            <\/a>\n            <\/div>\n    \n<h2>Descripci\u00f3n General de Escombros Cayendo en Lugares de Trabajo en Queens, NY<\/h2>\n<p>Materiales, equipo, herramientas, secciones de andamios y partes de gr\u00faas pueden caer en un sitio de construcci\u00f3n. En un almac\u00e9n o incluso en un almac\u00e9n de oficina, cajas o estanter\u00edas pueden caer sobre los trabajadores. Estos objetos que caen representan una grave amenaza de lesiones o muertes para los trabajadores.<\/p>\n<h3>C\u00f3mo los Escombros Cayendo Lastiman a los Trabajadores<\/h3>\n<p>Los escombros que caen en un lugar de trabajo pueden herir a los trabajadores de varias maneras, incluyendo:<\/p>\n<h3>Cayendo sobre Trabajadores<\/h3>\n<p>Objetos pueden caer sobre los trabajadores y fracturar huesos y da\u00f1ar tejido blando.<\/p>\n<p>Las lesiones m\u00e1s graves por objetos que caen incluyen un cr\u00e1neo fracturado, cuello o espalda rotos y lesiones aplastantes, que pueden resultar en:<\/p>\n<ul>\n<li>Muerte<\/li>\n<li>Par\u00e1lisis<\/li>\n<li>Da\u00f1o cerebral<\/li>\n<li>Huesos destrozados<\/li>\n<\/ul>\n<p>Objetos pueden caer en un lugar de trabajo si no est\u00e1n debidamente asegurados mientras se trabaja en tejados o pisos superiores. Tambi\u00e9n pueden caer cuando estructuras, como\u00a0<a href=\"https:\/\/oreskylaw.com\/es\/queens\/abogados-de-accidentes-de-andamios\/\">andamios<\/a> o <a href=\"https:\/\/oreskylaw.com\/es\/queens\/abogados-de-accidentes-de-grua\/\">gr\u00faas<\/a>, colapsan. Y los trabajadores pueden dejar caer objetos, como herramientas, sobre compa\u00f1eros de trabajo.<\/p>\n<h3>Rodando Sobre Trabajadores<\/h3>\n<p>Objetos no necesitan caer encima de ti para lesionarte o matarte. Tuber\u00edas y troncos pueden rodar despu\u00e9s de golpear el suelo; estos objetos pueden pasarte por encima y aplastar tu cuerpo.<\/p>\n<p>Estos accidentes a menudo ocurren mientras se izan materiales de construcci\u00f3n. La cadena o correa podr\u00eda romperse o deslizarse. O la gr\u00faa o el elevador podr\u00edan fallar. El operador podr\u00eda cometer un error y soltar el objeto.<\/p>\n<h3>Atrapando Trabajadores<\/h3>\n<p>Los escombros podr\u00edan no matar a los trabajadores directamente. Podr\u00edan enterrar a los trabajadores o causar el colapso de estructuras. El colapso, a su vez, podr\u00eda aplastar partes del cuerpo o causar sofocaci\u00f3n.<\/p>\n<p>Este tipo de escombros cayendo puede ocurrir cuando colapsan t\u00faneles o trincheras o cuando una monta\u00f1a de arena, tierra u otro material hace avalancha. Estos accidentes pueden resultar de condiciones ambientales como la lluvia o terremotos o cuando las compa\u00f1\u00edas de construcci\u00f3n no apoyan correctamente estas estructuras.<\/p>\n<h3>Balance\u00e1ndose y Volando Hacia Trabajadores<\/h3>\n<p>Objetos que se balancean o vuelan pueden representar un peligro para los trabajadores porque pueden moverse en cualquier direcci\u00f3n de manera inesperada. Objetos pueden balancearse violentamente cuando una gr\u00faa pierde control sobre una carga. Objetos balance\u00e1ndose pueden golpear a los trabajadores inesperadamente. Tambi\u00e9n pueden golpear estructuras, como paredes, andamios o la misma gr\u00faa, causando que colapsen.<\/p>\n<p>Objetos volando a menudo resultan de materiales de construcci\u00f3n o herramientas que se expulsan. Clavos pueden ser disparados de una pistola de clavos. Madera o metal pueden salir disparados de maquinaria. Esquirlas pueden estallar de tanques de combustible que explotan.<\/p>\n<h3>Responsabilidad por Escombros Cayendo en Lugares de Trabajo en Queens<\/h3>\n<p>Casi todos los empleadores de New York deben llevar un seguro de compensaci\u00f3n laboral. Despu\u00e9s de una lesi\u00f3n en el trabajo, los trabajadores pueden presentar un reclamo para beneficios m\u00e9dicos y parciales por discapacidad.<\/p>\n<p>La compensaci\u00f3n laboral a\u00edsla a tu empleador de una demanda por tus lesiones. Pero en algunos casos, los trabajadores lesionados tambi\u00e9n pueden perseguir un reclamo contra terceros distintos a su empleador.<\/p>\n<p>Por ejemplo, podr\u00edas tener un caso v\u00e1lido contra:<\/p>\n<ul>\n<li>Fabricantes de equipo de seguridad por equipo\u00a0<a href=\"https:\/\/oreskylaw.com\/es\/queens\/abogados-de-equipos-inseguros\/\">defectuoso<\/a><\/li>\n<li>Fabricantes de equipos y veh\u00edculos de construcci\u00f3n por productos defectuosos<\/li>\n<li>Otras compa\u00f1\u00edas de construcci\u00f3n por negligencia en el lugar de trabajo<\/li>\n<\/ul>\n<p>Si ganas tu reclamo contra un tercero, puedes buscar compensaci\u00f3n por todas tus p\u00e9rdidas no compensadas, incluyendo p\u00e9rdidas salariales, dolor y sufrimiento.<\/p>\n<h2>Contacta a Nuestros Abogados de Accidentes de Construcci\u00f3n en Queens Si Fuiste Herido por Escombros Cayendo en un Lugar de Trabajo<\/h2>\n<p>Escombros cayendo pueden causar lesiones fatales o no fatales a los trabajadores. Para conocer tus opciones para compensaci\u00f3n por lesi\u00f3n de construcci\u00f3n, contacta a Oresky &amp; Associates, PLLC.<\/p>\n\n\t\t\t\t\n\t\t\t\t\t<div itemtype=\"https:\/\/schema.org\/VideoObject\" itemscope=\"\" id=\"video_play-1575\" class=\" vid-aligncenter\" style=\"display:block\">\n\t\t\t\t\t\t<meta itemprop=\"name\" content=\"Oresky &#038; Associates, Construction Accident Lawyers\" \/>\n\t\t\t\t\t\t<meta itemprop=\"thumbnailURL\" content=\"https:\/\/i.ytimg.com\/vi\/-x7Lm41GBRM\/hqdefault.jpg\" \/>\n\t\t\t\t\t\t<meta itemprop=\"uploadDate\" content=\"9 de diciembre de 2025\">\n\t\t\t\t\t\t\t\t\t\t\t\t\t<meta itemprop=\"embedURL\" content=\"https:\/\/www.youtube.com\/watch?v=-x7Lm41GBRM\" \/>\n\t\t\t\t\t\t\t<iframe loading=\"lazy\" class=\"cw_video_single\" src=\"https:\/\/www.youtube.com\/embed\/-x7Lm41GBRM?rel=0&amp;showinfo=1&amp;autoplay=1\" allowfullscreen=\"allowfullscreen\" width=\"100%\" height=\"480px\" ><\/iframe>\n\t\t\t\t\t\t\n\t\t\t\t\t\t\n\t\t\t\t\t\t\t\t\t\t\t\t\t\t\t<meta itemprop=\"description\" content=\"Often, profits are prioritized over job site safety at the workers\u2019 expense. Construction involves heavy equipment such as cranes, hoists, scaffolds, and ladders that can be very dangerous.\" \/>\n\t\t\t\t\t\t\t\n\t\t\t\t\t\t\n\t\t\t\t\t<\/div>\n\n\t\t\t\t\n\n\n\n\t\t\t\n\t\t\t\t\n","protected":false},"excerpt":{"rendered":"<p>Escombros Cayendo en Lugares de Trabajo La Administraci\u00f3n de Seguridad y Salud Ocupacional de EE. UU. (OSHA, por sus siglas en ingl\u00e9s) utiliza el t\u00e9rmino \u00abcuatro mortales\u00bb para describir las cuatro principales causas de muerte accidental en los sitios de construcci\u00f3n. Estos accidentes de construcci\u00f3n incluyen aquellos donde los trabajadores caen, quedan aplastados entre objetos, [&hellip;]<\/p>\n","protected":false},"author":9,"featured_media":0,"parent":19332,"menu_order":24,"comment_status":"closed","ping_status":"closed","template":"","meta":{"_acf_changed":false,"footnotes":""},"class_list":["post-19475","page","type-page","status-publish","hentry"],"acf":[],"yoast_head":"<!-- This site is optimized with the Yoast SEO plugin v27.3 - https:\/\/yoast.com\/product\/yoast-seo-wordpress\/ -->\n<title>Abogado de accidentes por ca\u00edda de escombros en trabajo - Oresky &amp; Associates, PLLC<\/title>\n<meta name=\"description\" content=\"\u00bfLesionado por escombros ca\u00eddos en una obra de construcci\u00f3n en Queens? Obtenga compensaci\u00f3n. Llame hoy a los abogados expertos de Oresky &amp; Associates, PLLC.\" \/>\n<meta name=\"robots\" content=\"index, follow, max-snippet:-1, max-image-preview:large, max-video-preview:-1\" \/>\n<link rel=\"canonical\" href=\"https:\/\/oreskylaw.com\/es\/queens\/abogados-de-caida-de-escombros\/\" \/>\n<meta property=\"og:locale\" content=\"es_ES\" \/>\n<meta property=\"og:type\" content=\"article\" \/>\n<meta property=\"og:title\" content=\"Abogado de accidentes por ca\u00edda de escombros en trabajo - Oresky &amp; Associates, PLLC\" \/>\n<meta property=\"og:description\" content=\"\u00bfLesionado por escombros ca\u00eddos en una obra de construcci\u00f3n en Queens? Obtenga compensaci\u00f3n. Llame hoy a los abogados expertos de Oresky &amp; Associates, PLLC.\" \/>\n<meta property=\"og:url\" content=\"https:\/\/oreskylaw.com\/es\/queens\/abogados-de-caida-de-escombros\/\" \/>\n<meta property=\"og:site_name\" content=\"Oresky &amp; Associates, PLLC\" \/>\n<meta property=\"article:publisher\" content=\"https:\/\/www.facebook.com\/Oreskylaw\/\" \/>\n<meta property=\"article:modified_time\" content=\"2026-01-31T09:20:56+00:00\" \/>\n<meta property=\"og:image\" content=\"https:\/\/oreskylaw.com\/wp-content\/uploads\/2026\/01\/Help-After-a-Scaffolding-Accident-in-the-Bronx.webp\" \/>\n\t<meta property=\"og:image:width\" content=\"300\" \/>\n\t<meta property=\"og:image:height\" content=\"169\" \/>\n\t<meta property=\"og:image:type\" content=\"image\/webp\" \/>\n<meta name=\"twitter:card\" content=\"summary_large_image\" \/>\n<meta name=\"twitter:site\" content=\"@JacobOreskyLaw\" \/>\n<meta name=\"twitter:label1\" content=\"Tiempo de lectura\" \/>\n\t<meta name=\"twitter:data1\" content=\"6 minutos\" \/>\n<!-- \/ Yoast SEO plugin. -->","yoast_head_json":{"title":"Abogado de accidentes por ca\u00edda de escombros en trabajo - Oresky & Associates, PLLC","description":"\u00bfLesionado por escombros ca\u00eddos en una obra de construcci\u00f3n en Queens? Obtenga compensaci\u00f3n. Llame hoy a los abogados expertos de Oresky & Associates, PLLC.","robots":{"index":"index","follow":"follow","max-snippet":"max-snippet:-1","max-image-preview":"max-image-preview:large","max-video-preview":"max-video-preview:-1"},"canonical":"https:\/\/oreskylaw.com\/es\/queens\/abogados-de-caida-de-escombros\/","og_locale":"es_ES","og_type":"article","og_title":"Abogado de accidentes por ca\u00edda de escombros en trabajo - Oresky & Associates, PLLC","og_description":"\u00bfLesionado por escombros ca\u00eddos en una obra de construcci\u00f3n en Queens? Obtenga compensaci\u00f3n. Llame hoy a los abogados expertos de Oresky & Associates, PLLC.","og_url":"https:\/\/oreskylaw.com\/es\/queens\/abogados-de-caida-de-escombros\/","og_site_name":"Oresky &amp; Associates, PLLC","article_publisher":"https:\/\/www.facebook.com\/Oreskylaw\/","article_modified_time":"2026-01-31T09:20:56+00:00","og_image":[{"width":300,"height":169,"url":"https:\/\/oreskylaw.com\/wp-content\/uploads\/2026\/01\/Help-After-a-Scaffolding-Accident-in-the-Bronx.webp","type":"image\/webp"}],"twitter_card":"summary_large_image","twitter_site":"@JacobOreskyLaw","twitter_misc":{"Tiempo de lectura":"6 minutos"},"schema":{"@context":"https:\/\/schema.org","@graph":[{"@type":"WebPage","@id":"https:\/\/oreskylaw.com\/es\/queens\/abogados-de-caida-de-escombros\/","url":"https:\/\/oreskylaw.com\/es\/queens\/abogados-de-caida-de-escombros\/","name":"Abogado de accidentes por ca\u00edda de escombros en trabajo - Oresky & Associates, PLLC","isPartOf":{"@id":"https:\/\/oreskylaw.com\/es\/#website"},"primaryImageOfPage":{"@id":"https:\/\/oreskylaw.com\/es\/queens\/abogados-de-caida-de-escombros\/#primaryimage"},"image":{"@id":"https:\/\/oreskylaw.com\/es\/queens\/abogados-de-caida-de-escombros\/#primaryimage"},"thumbnailUrl":"https:\/\/oreskylaw.com\/wp-content\/uploads\/2026\/01\/Help-After-a-Scaffolding-Accident-in-the-Bronx.webp","datePublished":"2025-12-09T23:56:18+00:00","dateModified":"2026-01-31T09:20:56+00:00","description":"\u00bfLesionado por escombros ca\u00eddos en una obra de construcci\u00f3n en Queens? Obtenga compensaci\u00f3n. Llame hoy a los abogados expertos de Oresky & Associates, PLLC.","breadcrumb":{"@id":"https:\/\/oreskylaw.com\/es\/queens\/abogados-de-caida-de-escombros\/#breadcrumb"},"inLanguage":"es","potentialAction":[{"@type":"ReadAction","target":["https:\/\/oreskylaw.com\/es\/queens\/abogados-de-caida-de-escombros\/"]}]},{"@type":"ImageObject","inLanguage":"es","@id":"https:\/\/oreskylaw.com\/es\/queens\/abogados-de-caida-de-escombros\/#primaryimage","url":"https:\/\/oreskylaw.com\/wp-content\/uploads\/2026\/01\/Help-After-a-Scaffolding-Accident-in-the-Bronx.webp","contentUrl":"https:\/\/oreskylaw.com\/wp-content\/uploads\/2026\/01\/Help-After-a-Scaffolding-Accident-in-the-Bronx.webp"},{"@type":"BreadcrumbList","@id":"https:\/\/oreskylaw.com\/es\/queens\/abogados-de-caida-de-escombros\/#breadcrumb","itemListElement":[{"@type":"ListItem","position":1,"name":"Inicio","item":"https:\/\/oreskylaw.com\/es\/"},{"@type":"ListItem","position":2,"name":"Queens","item":"https:\/\/oreskylaw.com\/es\/queens\/"},{"@type":"ListItem","position":3,"name":"Escombros que caen en los sitios de trabajo"}]},{"@type":"WebSite","@id":"https:\/\/oreskylaw.com\/es\/#website","url":"https:\/\/oreskylaw.com\/es\/","name":"Oresky & Associates PLLC","description":"","publisher":{"@id":"https:\/\/oreskylaw.com\/es\/#organization"},"potentialAction":[{"@type":"SearchAction","target":{"@type":"EntryPoint","urlTemplate":"https:\/\/oreskylaw.com\/es\/?s={search_term_string}"},"query-input":{"@type":"PropertyValueSpecification","valueRequired":true,"valueName":"search_term_string"}}],"inLanguage":"es"}]}},"_links":{"self":[{"href":"https:\/\/oreskylaw.com\/es\/wp-json\/wp\/v2\/pages\/19475","targetHints":{"allow":["GET"]}}],"collection":[{"href":"https:\/\/oreskylaw.com\/es\/wp-json\/wp\/v2\/pages"}],"about":[{"href":"https:\/\/oreskylaw.com\/es\/wp-json\/wp\/v2\/types\/page"}],"author":[{"embeddable":true,"href":"https:\/\/oreskylaw.com\/es\/wp-json\/wp\/v2\/users\/9"}],"replies":[{"embeddable":true,"href":"https:\/\/oreskylaw.com\/es\/wp-json\/wp\/v2\/comments?post=19475"}],"version-history":[{"count":0,"href":"https:\/\/oreskylaw.com\/es\/wp-json\/wp\/v2\/pages\/19475\/revisions"}],"up":[{"embeddable":true,"href":"https:\/\/oreskylaw.com\/es\/wp-json\/wp\/v2\/pages\/19332"}],"wp:attachment":[{"href":"https:\/\/oreskylaw.com\/es\/wp-json\/wp\/v2\/media?parent=19475"}],"curies":[{"name":"wp","href":"https:\/\/api.w.org\/{rel}","templated":true}]}}