{"id":19487,"date":"2025-12-10T05:49:13","date_gmt":"2025-12-10T05:49:13","guid":{"rendered":"https:\/\/oreskylaw.com\/?page_id=19487"},"modified":"2026-01-31T09:24:22","modified_gmt":"2026-01-31T09:24:22","slug":"abogados-de-accidentes-por-conduccion-distraida","status":"publish","type":"page","link":"https:\/\/oreskylaw.com\/es\/queens\/abogados-de-accidentes-por-conduccion-distraida\/","title":{"rendered":"Accidentes de Tr\u00e1nsito por Conducci\u00f3n Distra\u00edda en Queens"},"content":{"rendered":"<p>\u00bfHa resultado herido en un accidente causado por un conductor distra\u00eddo en Queens, New York o en los alrededores? Nuestros abogados especializados en accidentes de conducci\u00f3n distra\u00edda de Oresky &amp; Associates, PLLC pueden ayudarle a emprender acciones legales.<\/p>\n<p>Llevamos m\u00e1s de 30 a\u00f1os ayudando a las v\u00edctimas lesionadas a maximizar su compensaci\u00f3n. Nuestros galardonados abogados de accidentes automovil\u00edsticos en Queens han recuperado m\u00e1s de $400 millones en nombre de nuestros clientes, y estamos listos para luchar por usted.<\/p>\n<p>\u00bfCree que no puede permitirse un\u00a0<a href=\"https:\/\/oreskylaw.com\/es\/queens\/\">abogado de lesiones personales en Queens<\/a>? Ofrecemos un arreglo de honorarios de contingencia, lo que significa que no nos debe nada a menos que ganemos su caso.\u00a0<a href=\"https:\/\/oreskylaw.com\/es\/contacto\/\">Contacte nuestras oficinas legales en New York\u00a0<\/a>o llame al\u00a0<a href=\"tel:+19293050949\">(929) 305-0949<\/a> para su consulta gratuita y discutir los pr\u00f3ximos pasos.<\/p>\n<h2>\u00bfPor Qu\u00e9 Deber\u00eda Contratar a Oresky &amp; Associates, PLLC para Ayudar Despu\u00e9s de un Accidente de Conducci\u00f3n Distra\u00edda en Queens?<\/h2>\n<p><img loading=\"lazy\" decoding=\"async\" class=\"size-full wp-image-16097 alignright\" src=\"https:\/\/oreskylaw.com\/wp-content\/uploads\/2026\/01\/Help-After-a-Distracted-Driving-Accident-in-Bronx-NY.webp\" alt=\"Bronx bridge construction site accident attorney\" width=\"300\" height=\"200\" \/>Es simple: manejar su propio reclamo por accidente mientras intenta recuperarse de sus lesiones y preocuparse por pagar sus facturas puede ser abrumador. No necesita convertirse en abogado de la noche a la ma\u00f1ana. Conf\u00ede su caso en nosotros. Nos aseguraremos de que su reclamo sea manejado correctamente para que pueda concentrarse en sanar.<\/p>\n<p>Cuando contrate a Oresky &amp; Associates, PLLC para representarlo en su accidente de conducci\u00f3n distra\u00edda en Queens, tenga la seguridad de que:<\/p>\n<ul>\n<li>Investigaremos rigurosamente el accidente<\/li>\n<li>Elaboraremos una estrategia legal<\/li>\n<li>Presentaremos su reclamo y nos aseguraremos de que se maneje adecuadamente<\/li>\n<li>Manejaremos las negociaciones con todas las entidades involucradas<\/li>\n<li>Lo mantendremos involucrado en decisiones importantes a medida que avancemos<\/li>\n<li>Estaremos a su lado en caso de que su caso llegue a juicio<\/li>\n<\/ul>\n<p>Tenemos d\u00e9cadas de experiencia combinada negociando con aseguradoras en nombre de nuestros clientes. No cederemos ante una compa\u00f1\u00eda de seguros que intente evitar pagar su reclamo.<\/p>\n<p>Llame a un experimentado\u00a0<a href=\"https:\/\/oreskylaw.com\/es\/queens\/abogados-de-accidentes-de-auto\/\">abogado de accidentes de coche en Queens<\/a>\u00a0hoy para programar su cita para una consulta gratuita.<\/p>\n<h2>\u00bfQu\u00e9 Es la Conducci\u00f3n Distra\u00edda?<\/h2>\n<p>Conducci\u00f3n distra\u00edda significa conducir sin prestar atenci\u00f3n completa a la carretera y a la operaci\u00f3n del veh\u00edculo. Es la\u00a0<a href=\"https:\/\/trafficsafety.ny.gov\/distracted-driving-1\" target=\"_blank\" rel=\"nofollow noopener noreferrer\">principal causa de accidentes en New York<\/a>.<\/p>\n<p>El Consejo Nacional de Seguridad informa que los accidentes de conducci\u00f3n distra\u00edda con frecuencia no se reportan. M\u00e1s a menudo que no, la conducci\u00f3n distra\u00edda implica el uso de tel\u00e9fonos celulares, ya sea hablando o enviando mensajes de texto. Aproximadamente 400 accidentes mortales por a\u00f1o son directamente atribuibles a tel\u00e9fonos celulares, a pesar de las leyes que proh\u00edben su uso.<\/p>\n<p>Hay otras causas de conducci\u00f3n distra\u00edda, incluyendo:<\/p>\n<ul role=\"list\">\n<li>Pasajeros, incluyendo ni\u00f1os<\/li>\n<li>Radio u otros entretenimientos<\/li>\n<li>GPS, ya sea en el tel\u00e9fono o un dispositivo separado<\/li>\n<li>Comer o beber<\/li>\n<li>Fumar<\/li>\n<li>Ajustando la calefacci\u00f3n o el aire acondicionado<\/li>\n<li>Alcanzar algo en una bolsa o algo que se ha ca\u00eddo al suelo<\/li>\n<li>Cualquier cosa que se mueva dentro del veh\u00edculo, como insectos o animales no asegurados<\/li>\n<li>Mirar lejos de la carretera durante 5 segundos a 60 millas por hora significa que ha recorrido tanto como un campo de f\u00fatbol sin ver a d\u00f3nde ha ido.<\/li>\n<\/ul>\n<p>Desafortunadamente, los conductores detr\u00e1s del volante y distra\u00eddos son comunes.<\/p>\n    <div class=\"cw-cta-box\">\n        <div class=\"cw-cta-box__inner \">\n            <div class=\"cw-cta-box__info\">\n                                    <div class=\"label\">\u00a1Llame ahora!<\/div>\n                            <\/div>\n                            <div class=\"contact-phone\">\n                    <a href=\"tel:7189939999\"\n                        aria-label=\"Tap to call button\">\n                        718-993-9999                    <\/a>\n                <\/div>\n                    <\/div>\n                    <a href=\"\/es\/contacto\/\"\n               class=\"cta-btn btn btn--primary btn\"\n               target=\"\">\n                Obtenga Una Consulta Gratuita            <\/a>\n            <\/div>\n    \n<h2>\u00bfQu\u00e9 Lesiones Son Causadas por la Conducci\u00f3n Distra\u00edda en Queens, New York?<\/h2>\n<p>Al igual que con cualquier choque de coche, puede sufrir lesiones graves si el otro conductor no est\u00e1 prestando atenci\u00f3n.<\/p>\n<p>Estas lesiones incluyen:<\/p>\n<div class=\"row\">\n<ul class=\"col-xl-6\">\n<li>Latigazo cervical y otras lesiones del cuello<\/li>\n<li><a href=\"https:\/\/oreskylaw.com\/es\/lesion\/abogados-de-lesiones-huesos-rotos\/\">Fracturas y roturas de huesos<\/a><\/li>\n<li><a href=\"https:\/\/oreskylaw.com\/es\/lesion\/abogados-de-lesiones-por-quemaduras\/\">Quemaduras graves<\/a><\/li>\n<li>Lesiones de columna<\/li>\n<\/ul>\n<ul class=\"col-xl-6\">\n<li>Fracturas de cr\u00e1neo<\/li>\n<li><a href=\"https:\/\/oreskylaw.com\/es\/lesion\/abogados-de-lesiones-cerebrales\/\">Lesiones cerebrales traum\u00e1ticas<\/a><\/li>\n<li>Amputaciones<\/li>\n<li>Moretones y laceraciones<\/li>\n<\/ul>\n<\/div>\n<p>Ya sea que tenga una de estas lesiones o una combinaci\u00f3n de dos o m\u00e1s, lo m\u00e1s probable es que no pueda trabajar durante un tiempo prolongado. Tambi\u00e9n es probable que necesite atenci\u00f3n m\u00e9dica costosa, y los fondos para pagarla. Ah\u00ed es donde nuestros abogados de conducci\u00f3n distra\u00edda en Queens pueden marcar la diferencia al ayudarle a recuperar la compensaci\u00f3n que necesita para sus lesiones.<\/p>\n<h2>\u00bfQu\u00e9 Pasa si Usted Contribuy\u00f3 al Accidente de Conducci\u00f3n Distra\u00edda?<\/h2>\n<p>Bajo la ley de negligencia comparativa pura de New York, si contribuy\u00f3 al accidente, su premio financiero se reducir\u00e1 en consecuencia.<\/p>\n<p>Por ejemplo, si el otro conductor estaba hablando o enviando mensajes de texto en su tel\u00e9fono, pero usted estaba conduciendo por encima del l\u00edmite de velocidad, es posible que su exceso de velocidad haya contribuido al accidente. Si es as\u00ed, la indemnizaci\u00f3n completa que podr\u00eda haber recibido podr\u00eda reducirse por el porcentaje de su responsabilidad.<\/p>\n<p>Nuestros abogados de accidentes de coche en Queens entienden las leyes de New York y est\u00e1n encantados de trabajar con usted para asegurarse de que no se le culpa injustamente.<\/p>\n<h2>Contacte a Oresky &amp; Associates, PLLC Hoy si Ha Estado en un Accidente de Conducci\u00f3n Distra\u00edda en Queens, NY<\/h2>\n<p>Contacte a nuestros h\u00e1biles y experimentados\u00a0<a href=\"https:\/\/oreskylaw.com\/es\/queens\/\">abogados de lesiones personales en Queens<\/a>\u00a0hoy si ha estado en un accidente que involucra a un conductor distra\u00eddo. Trabajaremos con usted para buscar la m\u00e1xima compensaci\u00f3n por sus salarios perdidos, gastos m\u00e9dicos, da\u00f1os a la propiedad, dolor y sufrimiento, y otras necesidades financieras.<\/p>\n<p>Su primera consulta es gratuita, y ofrecemos un arreglo de honorarios de contingencia. Llame hoy para programar su cita para hablar con un miembro de nuestro equipo legal en Oresky &amp; Associates, PLLC. Deje que le brindemos paz mental para que pueda concentrarse en recuperarse.<\/p>\n","protected":false},"excerpt":{"rendered":"<p>\u00bfHa resultado herido en un accidente causado por un conductor distra\u00eddo en Queens, New York o en los alrededores? Nuestros abogados especializados en accidentes de conducci\u00f3n distra\u00edda de Oresky &amp; Associates, PLLC pueden ayudarle a emprender acciones legales. Llevamos m\u00e1s de 30 a\u00f1os ayudando a las v\u00edctimas lesionadas a maximizar su compensaci\u00f3n. Nuestros galardonados abogados [&hellip;]<\/p>\n","protected":false},"author":9,"featured_media":0,"parent":19332,"menu_order":28,"comment_status":"closed","ping_status":"closed","template":"","meta":{"_acf_changed":false,"footnotes":""},"class_list":["post-19487","page","type-page","status-publish","hentry"],"acf":[],"yoast_head":"<!-- This site is optimized with the Yoast SEO plugin v27.3 - https:\/\/yoast.com\/product\/yoast-seo-wordpress\/ -->\n<title>Abogado de Accidentes por Conducci\u00f3n Distra\u00edda en Queens, NY - Oresky &amp; Associates, PLLC<\/title>\n<meta name=\"description\" content=\"\u00bfFue v\u00edctima de un accidente causado por conducci\u00f3n distra\u00edda en Queens? Llame a Oresky &amp; Associates, PLLC para ayudarle a obtener compensaci\u00f3n por sus lesiones.\" \/>\n<meta name=\"robots\" content=\"index, follow, max-snippet:-1, max-image-preview:large, max-video-preview:-1\" \/>\n<link rel=\"canonical\" href=\"https:\/\/oreskylaw.com\/es\/queens\/abogados-de-accidentes-por-conduccion-distraida\/\" \/>\n<meta property=\"og:locale\" content=\"es_ES\" \/>\n<meta property=\"og:type\" content=\"article\" \/>\n<meta property=\"og:title\" content=\"Abogado de Accidentes por Conducci\u00f3n Distra\u00edda en Queens, NY - Oresky &amp; Associates, PLLC\" \/>\n<meta property=\"og:description\" content=\"\u00bfFue v\u00edctima de un accidente causado por conducci\u00f3n distra\u00edda en Queens? Llame a Oresky &amp; Associates, PLLC para ayudarle a obtener compensaci\u00f3n por sus lesiones.\" \/>\n<meta property=\"og:url\" content=\"https:\/\/oreskylaw.com\/es\/queens\/abogados-de-accidentes-por-conduccion-distraida\/\" \/>\n<meta property=\"og:site_name\" content=\"Oresky &amp; Associates, PLLC\" \/>\n<meta property=\"article:publisher\" content=\"https:\/\/www.facebook.com\/Oreskylaw\/\" \/>\n<meta property=\"article:modified_time\" content=\"2026-01-31T09:24:22+00:00\" \/>\n<meta property=\"og:image\" content=\"https:\/\/oreskylaw.com\/wp-content\/uploads\/2026\/01\/Help-After-a-Distracted-Driving-Accident-in-Bronx-NY.webp\" \/>\n\t<meta property=\"og:image:width\" content=\"300\" \/>\n\t<meta property=\"og:image:height\" content=\"200\" \/>\n\t<meta property=\"og:image:type\" content=\"image\/webp\" \/>\n<meta name=\"twitter:card\" content=\"summary_large_image\" \/>\n<meta name=\"twitter:site\" content=\"@JacobOreskyLaw\" \/>\n<meta name=\"twitter:label1\" content=\"Tiempo de lectura\" \/>\n\t<meta name=\"twitter:data1\" content=\"5 minutos\" \/>\n<!-- \/ Yoast SEO plugin. -->","yoast_head_json":{"title":"Abogado de Accidentes por Conducci\u00f3n Distra\u00edda en Queens, NY - Oresky & Associates, PLLC","description":"\u00bfFue v\u00edctima de un accidente causado por conducci\u00f3n distra\u00edda en Queens? Llame a Oresky & Associates, PLLC para ayudarle a obtener compensaci\u00f3n por sus lesiones.","robots":{"index":"index","follow":"follow","max-snippet":"max-snippet:-1","max-image-preview":"max-image-preview:large","max-video-preview":"max-video-preview:-1"},"canonical":"https:\/\/oreskylaw.com\/es\/queens\/abogados-de-accidentes-por-conduccion-distraida\/","og_locale":"es_ES","og_type":"article","og_title":"Abogado de Accidentes por Conducci\u00f3n Distra\u00edda en Queens, NY - Oresky & Associates, PLLC","og_description":"\u00bfFue v\u00edctima de un accidente causado por conducci\u00f3n distra\u00edda en Queens? Llame a Oresky & Associates, PLLC para ayudarle a obtener compensaci\u00f3n por sus lesiones.","og_url":"https:\/\/oreskylaw.com\/es\/queens\/abogados-de-accidentes-por-conduccion-distraida\/","og_site_name":"Oresky &amp; Associates, PLLC","article_publisher":"https:\/\/www.facebook.com\/Oreskylaw\/","article_modified_time":"2026-01-31T09:24:22+00:00","og_image":[{"width":300,"height":200,"url":"https:\/\/oreskylaw.com\/wp-content\/uploads\/2026\/01\/Help-After-a-Distracted-Driving-Accident-in-Bronx-NY.webp","type":"image\/webp"}],"twitter_card":"summary_large_image","twitter_site":"@JacobOreskyLaw","twitter_misc":{"Tiempo de lectura":"5 minutos"},"schema":{"@context":"https:\/\/schema.org","@graph":[{"@type":"WebPage","@id":"https:\/\/oreskylaw.com\/es\/queens\/abogados-de-accidentes-por-conduccion-distraida\/","url":"https:\/\/oreskylaw.com\/es\/queens\/abogados-de-accidentes-por-conduccion-distraida\/","name":"Abogado de Accidentes por Conducci\u00f3n Distra\u00edda en Queens, NY - Oresky & Associates, PLLC","isPartOf":{"@id":"https:\/\/oreskylaw.com\/es\/#website"},"primaryImageOfPage":{"@id":"https:\/\/oreskylaw.com\/es\/queens\/abogados-de-accidentes-por-conduccion-distraida\/#primaryimage"},"image":{"@id":"https:\/\/oreskylaw.com\/es\/queens\/abogados-de-accidentes-por-conduccion-distraida\/#primaryimage"},"thumbnailUrl":"https:\/\/oreskylaw.com\/wp-content\/uploads\/2026\/01\/Help-After-a-Distracted-Driving-Accident-in-Bronx-NY.webp","datePublished":"2025-12-10T05:49:13+00:00","dateModified":"2026-01-31T09:24:22+00:00","description":"\u00bfFue v\u00edctima de un accidente causado por conducci\u00f3n distra\u00edda en Queens? Llame a Oresky & Associates, PLLC para ayudarle a obtener compensaci\u00f3n por sus lesiones.","breadcrumb":{"@id":"https:\/\/oreskylaw.com\/es\/queens\/abogados-de-accidentes-por-conduccion-distraida\/#breadcrumb"},"inLanguage":"es","potentialAction":[{"@type":"ReadAction","target":["https:\/\/oreskylaw.com\/es\/queens\/abogados-de-accidentes-por-conduccion-distraida\/"]}]},{"@type":"ImageObject","inLanguage":"es","@id":"https:\/\/oreskylaw.com\/es\/queens\/abogados-de-accidentes-por-conduccion-distraida\/#primaryimage","url":"https:\/\/oreskylaw.com\/wp-content\/uploads\/2026\/01\/Help-After-a-Distracted-Driving-Accident-in-Bronx-NY.webp","contentUrl":"https:\/\/oreskylaw.com\/wp-content\/uploads\/2026\/01\/Help-After-a-Distracted-Driving-Accident-in-Bronx-NY.webp"},{"@type":"BreadcrumbList","@id":"https:\/\/oreskylaw.com\/es\/queens\/abogados-de-accidentes-por-conduccion-distraida\/#breadcrumb","itemListElement":[{"@type":"ListItem","position":1,"name":"Inicio","item":"https:\/\/oreskylaw.com\/es\/"},{"@type":"ListItem","position":2,"name":"Queens","item":"https:\/\/oreskylaw.com\/es\/queens\/"},{"@type":"ListItem","position":3,"name":"Accidentes de Tr\u00e1nsito por Conducci\u00f3n Distra\u00edda en Queens"}]},{"@type":"WebSite","@id":"https:\/\/oreskylaw.com\/es\/#website","url":"https:\/\/oreskylaw.com\/es\/","name":"Oresky & Associates PLLC","description":"","publisher":{"@id":"https:\/\/oreskylaw.com\/es\/#organization"},"potentialAction":[{"@type":"SearchAction","target":{"@type":"EntryPoint","urlTemplate":"https:\/\/oreskylaw.com\/es\/?s={search_term_string}"},"query-input":{"@type":"PropertyValueSpecification","valueRequired":true,"valueName":"search_term_string"}}],"inLanguage":"es"}]}},"_links":{"self":[{"href":"https:\/\/oreskylaw.com\/es\/wp-json\/wp\/v2\/pages\/19487","targetHints":{"allow":["GET"]}}],"collection":[{"href":"https:\/\/oreskylaw.com\/es\/wp-json\/wp\/v2\/pages"}],"about":[{"href":"https:\/\/oreskylaw.com\/es\/wp-json\/wp\/v2\/types\/page"}],"author":[{"embeddable":true,"href":"https:\/\/oreskylaw.com\/es\/wp-json\/wp\/v2\/users\/9"}],"replies":[{"embeddable":true,"href":"https:\/\/oreskylaw.com\/es\/wp-json\/wp\/v2\/comments?post=19487"}],"version-history":[{"count":0,"href":"https:\/\/oreskylaw.com\/es\/wp-json\/wp\/v2\/pages\/19487\/revisions"}],"up":[{"embeddable":true,"href":"https:\/\/oreskylaw.com\/es\/wp-json\/wp\/v2\/pages\/19332"}],"wp:attachment":[{"href":"https:\/\/oreskylaw.com\/es\/wp-json\/wp\/v2\/media?parent=19487"}],"curies":[{"name":"wp","href":"https:\/\/api.w.org\/{rel}","templated":true}]}}