{"id":19505,"date":"2025-12-10T05:49:32","date_gmt":"2025-12-10T05:49:32","guid":{"rendered":"https:\/\/oreskylaw.com\/?page_id=19505"},"modified":"2026-01-31T09:27:46","modified_gmt":"2026-01-31T09:27:46","slug":"abogados-de-mordeduras-de-perro","status":"publish","type":"page","link":"https:\/\/oreskylaw.com\/es\/queens\/abogados-de-mordeduras-de-perro\/","title":{"rendered":"Abogado Especialista en Mordeduras de Perro Cerca de Ti"},"content":{"rendered":"<h2>Abogado de Mordeduras de Perro en Queens Cerca de Usted<\/h2>\n<p>Las mordeduras de perros pueden ser catastr\u00f3ficas, llevando a lesiones graves e incluso a la muerte en algunos casos. Si usted o un miembro de su familia ha sido mordido por un perro en Queens, New York, llame a\u00a0<a href=\"https:\/\/oreskylaw.com\/es\/acerca-de-nosotros\/\">Oresky &amp; Associates, PLLC<\/a>\u00a0al\u00a0<a href=\"tel:+19293050949\">(929) 305-0949<\/a>\u00a0o\u00a0<a href=\"https:\/\/oreskylaw.com\/es\/contacto\/\">cont\u00e1ctenos<\/a>\u00a0para obtener ayuda de inmediato. Nuestros abogados de mordeduras de perro en Queens est\u00e1n aqu\u00ed para ayudarle a luchar por responsabilidad y conseguir la compensaci\u00f3n que merece.<\/p>\n<p>Desde 1992, nuestro equipo legal ha estado sirviendo a v\u00edctimas de mordeduras de perro y a sus familias en el condado de Queens y a lo largo de la ciudad de New York. Luchamos incansablemente por nuestros clientes y ponemos m\u00e1s de tres d\u00e9cadas de experiencia combinada detr\u00e1s de cada caso. Nuestros abogados han obtenido resultados sobresalientes en el proceso, sumando m\u00e1s de $400 millones en acuerdos y veredictos hasta la fecha.<\/p>\n<p>Perm\u00edtanos ayudarle a luchar para obtener la compensaci\u00f3n que merece por su lesi\u00f3n por mordedura de perro. Su primera consulta es absolutamente gratuita, as\u00ed que ll\u00e1menos para programar la suya hoy mismo.<\/p>\n<h2>C\u00f3mo Oresky &amp; Associates, PLLC Puede Ayudar Si Ha Sufrido una Mordedura de Perro en Queens, NY<\/h2>\n<p>Los perros son considerados el mejor amigo del hombre, pero eso no significa que no sean capaces de causar mucho da\u00f1o. Las v\u00edctimas, especialmente los ni\u00f1os peque\u00f1os, pueden resultar gravemente heridas si un perro se vuelve agresivo. Los due\u00f1os de los perros, y otras partes potencialmente responsables, deben ser responsabilizados.<\/p>\n<p>Nuestros abogados de lesiones personales en Queens est\u00e1n aqu\u00ed para conseguir eso para usted.<\/p>\n<p>En Oresky &amp; Associates, PLLC, somos abogados galardonados con una reputaci\u00f3n por conseguir los mejores resultados para nuestros clientes. Seremos su aliado m\u00e1s feroz y nos enfrentaremos a las compa\u00f1\u00edas de seguros y a los due\u00f1os de perros defensivos mientras usted se concentra en mejorar.<\/p>\n<p>Un\u00a0<a href=\"https:\/\/oreskylaw.com\/es\/queens\/\">abogado de lesiones en Queens<\/a>\u00a0manejar\u00e1 cada aspecto de su caso, incluyendo:<\/p>\n<ul>\n<li>Investigar la mordedura de perro para determinar por qu\u00e9 ocurri\u00f3 y c\u00f3mo se podr\u00eda haber evitado.<\/li>\n<li>Identificar qui\u00e9n, adem\u00e1s del due\u00f1o del perro, puede ser responsable de sus lesiones y trauma resultante.<\/li>\n<li>Consultar con especialistas l\u00edderes en accidentes y lesiones mientras analizamos pruebas, construimos su reclamo y evaluamos cu\u00e1nto vale su caso.<\/li>\n<li>Defenderlo contra afirmaciones de que provoc\u00f3 al perro o comparte responsabilidad en el ataque.<\/li>\n<\/ul>\n<p>Nuestros abogados experimentados liderar\u00e1n las negociaciones y trabajar\u00e1n incansablemente para asegurar el mejor acuerdo de liquidaci\u00f3n posible para su familia. Si las otras partes se niegan a cooperar u ofrecer un trato justo, nuestros abogados de juicio con experiencia est\u00e1n listos para llevar su caso a un jurado de Queens.<\/p>\n<p>P\u00f3ngase en contacto con nuestro equipo legal para obtener m\u00e1s informaci\u00f3n. Ofrecemos una consulta gratuita y trabajamos con base en honorarios de contingencia. No hay absolutamente ning\u00fan costo para contratar a nuestro bufete de abogados a menos que ganemos su caso.<\/p>\n<h2>\u00bfQu\u00e9 Tan Comunes Son las Mordeduras de Perro en Queens?<\/h2>\n<p>Seg\u00fan la Ciudad de New York, miles de mordeduras de perro ocurren cada a\u00f1o. Ning\u00fan condado reporta m\u00e1s lesiones por mordeduras de perro que Queens.<\/p>\n<p>En 2021, hubo un total de 2.788 mordeduras de perro en toda la ciudad de New York. De esas, el 30% &#8211; o 842 mordeduras de perro &#8211; ocurrieron en Queens.<\/p>\n<p>Eso es un promedio de dos a tres ataques de perro todos los d\u00edas.<\/p>\n<p>Hablando estad\u00edsticamente, aproximadamente la mitad de los ataques por mordedura de perro involucran a ni\u00f1os. La gran mayor\u00eda (68%) son ni\u00f1os menores de cinco a\u00f1os.<\/p>\n<h2>\u00bfQui\u00e9n es Responsable de los Costos de Mis Lesiones por Mordedura de Perro?<\/h2>\n<p>Cualquier persona que contribuya directa o indirectamente a una mordedura de perro puede ser responsable del trauma resultante.<\/p>\n<p>Una investigaci\u00f3n exhaustiva puede revelar que una o m\u00e1s de las siguientes partes son responsables:<\/p>\n<div class=\"row\">\n<ul class=\"col-xl-6\">\n<li>Due\u00f1os de perros<\/li>\n<li>Propietarios de inmuebles<\/li>\n<li>Negocios<\/li>\n<li>Arrendadores<\/li>\n<\/ul>\n<ul class=\"col-xl-6\">\n<li>Gesti\u00f3n del edificio<\/li>\n<li>Terceros que incitan o provocan al perro<\/li>\n<li>Cuidadores de mascotas<\/li>\n<\/ul>\n<\/div>\n<p>Potencialmente, usted puede recuperar compensaci\u00f3n de cualquier persona que tuviera control sobre la situaci\u00f3n y le debiera un deber de cuidado. Nuestros abogados de mordeduras de perro en Queens evaluar\u00e1n cuidadosamente la situaci\u00f3n y buscar\u00e1n da\u00f1os y perjuicios de cualquier persona que lo haya puesto en peligro.<\/p>\n<h2>\u00bfTiene New York una Regla de \u00abUna Mordedura\u00bb?<\/h2>\n<p>Una regla de \u00abuna mordedura\u00bb significa que los perros tienen \u00abuna mordida gratis\u00bb antes de que sus due\u00f1os sean responsables de sus tendencias agresivas.<\/p>\n<p>New York no tiene una regla estricta de \u00abuna mordedura\u00bb. Su ley de mordeduras de perro es m\u00e1s un h\u00edbrido entre negligencia y responsabilidad estricta.<\/p>\n<h2>Responsabilidad Estricta y Mordeduras de Perro en Queens<\/h2>\n<p>Sin importar la historia de agresi\u00f3n del perro, los due\u00f1os ser\u00e1n estrictamente responsables de las facturas m\u00e9dicas y los costos relacionados con un ataque. Sin embargo, el due\u00f1o no ser\u00e1 estrictamente responsable de otros costos a menos que el perro haya mordido a alguien en el pasado. Eso solo sucede una vez que el perro tiene una historia documentada de agresi\u00f3n.<\/p>\n<p>Eso no significa que los due\u00f1os no puedan ser responsables de otros costos si su perro no ha mordido a nadie antes.<\/p>\n<h2>Los Due\u00f1os de Perros en NY Pueden Ser Responsables de Negligencia Independientemente de la Historia del Perro<\/h2>\n<p>Si el due\u00f1o de un perro (u otra parte) es negligente al vigilar, gestionar o controlar al animal, pueden ser financieramente responsables por los costos de un ataque. Esto es cierto, independientemente de si el perro se clasifica como un \u00abperro peligroso\u00bb basado en su comportamiento pasado.<\/p>\n<p>La negligencia podr\u00eda incluir:<\/p>\n<ul>\n<li>No tener un patio debidamente cercado<\/li>\n<li>No tener al perro con correa en un espacio p\u00fablico<\/li>\n<li>Permitir que un perro deambule libremente por el vecindario<\/li>\n<li>Llevar a un perro a un espacio donde los perros est\u00e1n prohibidos<\/li>\n<\/ul>\n<p>Los due\u00f1os tambi\u00e9n pueden ser responsables si instruyen intencionalmente a un perro a atacar o da\u00f1ar a otra persona.<\/p>\n<h2>\u00bfCu\u00e1nto Vale Mi Caso de Mordedura de Perro en Queens, NY?<\/h2>\n<p>El valor de un caso de mordedura de perro depender\u00e1 de muchos factores, como:<\/p>\n<ul>\n<li>La edad de la v\u00edctima<\/li>\n<li>Los tipos de lesiones sufridas<\/li>\n<li>La extensi\u00f3n y consecuencias a largo plazo de esas lesiones<\/li>\n<li>C\u00f3mo el trauma de ser atacado por un perro afecta a la v\u00edctima<\/li>\n<li>Si la v\u00edctima puede regresar al trabajo o c\u00f3mo sus lesiones afectan su capacidad de ganar dinero<\/li>\n<li>Si la v\u00edctima comparte responsabilidad por el ataque<\/li>\n<\/ul>\n<p>Cuanto m\u00e1s joven sea la v\u00edctima, y m\u00e1s catastr\u00f3fica la lesi\u00f3n, mayor ser\u00e1 el valor de un caso de lesiones personales relacionado. Esa es la regla general, al menos. Cada situaci\u00f3n es diferente y cada v\u00edctima es \u00fanica. Es cr\u00edtico hablar con un abogado de mordeduras de perro experimentado en Queens sobre los detalles espec\u00edficos de su caso individual.<\/p>\n<h2>\u00bfQu\u00e9 Compensaci\u00f3n Puedo Obtener por una Lesi\u00f3n por Mordedura de Perro en Queens?<\/h2>\n<p><img loading=\"lazy\" decoding=\"async\" class=\"size-full wp-image-14646 alignright\" src=\"https:\/\/oreskylaw.com\/wp-content\/uploads\/2026\/01\/What-is-the-Personal-Injury-Claims-Process.webp\" alt=\"construction accident attorney bronx ny\" width=\"300\" height=\"200\" \/>Tanto los da\u00f1os econ\u00f3micos como los no econ\u00f3micos pueden ser otorgados a las v\u00edctimas de lesiones por mordeduras de perro en Queens, New York.<\/p>\n<p>Esto puede incluir dinero para todos sus costos financieros y su dolor y sufrimiento.<\/p>\n<p>Nuestros abogados de mordeduras de perro buscar\u00e1n agresivamente da\u00f1os y perjuicios por su:<\/p>\n<div class=\"row\">\n<ul class=\"col-xl-6\">\n<li>Facturas m\u00e9dicas (presentes y futuras)<\/li>\n<li>P\u00e9rdida de salarios e ingresos<\/li>\n<li>Capacidad reducida para ganar dinero<\/li>\n<li>Discapacidad<\/li>\n<li>Dolor cr\u00f3nico<\/li>\n<li>Desfiguraci\u00f3n<\/li>\n<\/ul>\n<ul class=\"col-xl-6\">\n<li>Cicatrices<\/li>\n<li>P\u00e9rdida de calidad de vida<\/li>\n<li>Asistencia de enfermer\u00eda<\/li>\n<li>Rehabilitaci\u00f3n<\/li>\n<li>Angustia mental<\/li>\n<li>TEPT (Trastorno de estr\u00e9s postraum\u00e1tico)<\/li>\n<\/ul>\n<\/div>\n<p>No dude en comunicarse con nuestro bufete de abogados que sirve a Queens para obtener m\u00e1s informaci\u00f3n sobre c\u00f3mo podemos ayudarle a buscar la m\u00e1xima compensaci\u00f3n por su lesi\u00f3n por mordedura de perro.<\/p>\n<h2>\u00bfQu\u00e9 pasa si me culpan por mi lesi\u00f3n por mordedura de perro?<\/h2>\n<p>New York tiene reglas de culpa comparativa pura, lo que significa que sus da\u00f1os pueden reducirse si comparte la responsabilidad por su lesi\u00f3n por mordedura de perro.<\/p>\n<p>Sin embargo, es importante tener en cuenta que la mayor\u00eda de los casos de lesiones por mordeduras de perro involucran a ni\u00f1os. T\u00edpicamente, los ni\u00f1os, especialmente los m\u00e1s peque\u00f1os, no aprecian las consecuencias de sus acciones. Por lo tanto, bajo la ley, es posible que no se les atribuya ninguna culpa (incluso si t\u00e9cnicamente comparten parte de la responsabilidad).<\/p>\n<p>Es esencial trabajar con un abogado que tenga experiencia en el manejo de mordeduras de perro y casos de lesiones infantiles. Por eso Oresky &amp; Associates, PLLC deber\u00eda ser su primera llamada despu\u00e9s de un ataque de perro en Queens. Su evaluaci\u00f3n inicial de caso es gratuita, as\u00ed que p\u00f3ngase en contacto para discutir su caso hoy.<\/p>\n<h2>Manejamos Todos los Casos de Lesiones por Mordedura de Perro en Queens, NY<\/h2>\n<p>Nuestros abogados de lesiones personales en Queens representan a clientes que, despu\u00e9s de ser mordidos por un perro, han sufrido:<\/p>\n<div class=\"row\">\n<ul class=\"col-xl-6\">\n<li>Huesos rotos y fracturas<\/li>\n<li>Laceraciones<\/li>\n<li>Da\u00f1o a tejidos blandos<\/li>\n<li>Lesiones en los ojos y en la cara<\/li>\n<li>Desolladuras<\/li>\n<li>Amputaci\u00f3n<\/li>\n<\/ul>\n<ul class=\"col-xl-6\">\n<li>Lesi\u00f3n cerebral traum\u00e1tica<\/li>\n<li>Lesi\u00f3n de la m\u00e9dula espinal<\/li>\n<li>Lesi\u00f3n en el cuello<\/li>\n<li>Lesi\u00f3n en la espalda<\/li>\n<li>Infecci\u00f3n<\/li>\n<\/ul>\n<\/div>\n<p>Si ha perdido a un miembro de su familia en un ataque mortal de perro, nuestros abogados de muerte por negligencia tambi\u00e9n pueden ser de ayuda. Estaremos all\u00ed para luchar por la compensaci\u00f3n mientras usted se centra en el duelo por su inimaginable p\u00e9rdida.<\/p>\n<h2>\u00bfCu\u00e1l es el Plazo de Prescripci\u00f3n para Casos de Lesiones por Mordedura de Perro en New York?<\/h2>\n<p>El plazo de prescripci\u00f3n est\u00e1ndar para casos de mordeduras de perro en el estado de New York es de tres a\u00f1os. Para casos que involucran muerte por negligencia, las familias tendr\u00e1n solo dos a\u00f1os para tomar medidas.<\/p>\n<p>No deje pasar la fecha l\u00edmite que se aplica a su caso sin actuar. Si eso sucede, perder\u00e1 el derecho de recuperar el dinero que su familia necesita y merece.<\/p>\n<h2>Programe una Consulta Gratuita con un Abogado de Mordeduras de Perro de Confianza en Queens<\/h2>\n<p>\u00bfUsted o su hijo han sido mordidos por un perro en Queens? Llame a Oresky &amp; Associates, PLLC para discutir sus derechos legales y opciones. Puede tener derecho a buscar compensaci\u00f3n por sus lesiones y sufrimiento. Nuestros abogados de mordeduras de perro en Queens pueden ayudarle a luchar para obtener cada centavo que su familia merece.<\/p>\n<p>Pondremos m\u00e1s de 30 a\u00f1os de experiencia legal, una reputaci\u00f3n de primer nivel y recursos incre\u00edbles detr\u00e1s de su caso de lesi\u00f3n por mordedura de perro. Llame a nuestra oficina legal que sirve a Queens, NY para comenzar con su evaluaci\u00f3n inicial de caso. Nuestro equipo est\u00e1 disponible las 24 horas del d\u00eda para atender su llamada, as\u00ed que pida ayuda hoy mismo.<\/p>\n","protected":false},"excerpt":{"rendered":"<p>Abogado de Mordeduras de Perro en Queens Cerca de Usted Las mordeduras de perros pueden ser catastr\u00f3ficas, llevando a lesiones graves e incluso a la muerte en algunos casos. Si usted o un miembro de su familia ha sido mordido por un perro en Queens, New York, llame a\u00a0Oresky &amp; Associates, PLLC\u00a0al\u00a0(929) 305-0949\u00a0o\u00a0cont\u00e1ctenos\u00a0para obtener ayuda [&hellip;]<\/p>\n","protected":false},"author":9,"featured_media":0,"parent":19332,"menu_order":30,"comment_status":"closed","ping_status":"closed","template":"","meta":{"_acf_changed":false,"footnotes":""},"class_list":["post-19505","page","type-page","status-publish","hentry"],"acf":[],"yoast_head":"<!-- This site is optimized with the Yoast SEO plugin v27.3 - https:\/\/yoast.com\/product\/yoast-seo-wordpress\/ -->\n<title>Abogado de Mordeduras de Perro en Queens Cerca de Usted - Oresky &amp; Associates, PLLC<\/title>\n<meta name=\"description\" content=\"Lesiones por mordeduras de perro pueden causar da\u00f1os permanentes. Nuestros abogados en Queens est\u00e1n listos para ayudarle. \u00a1Llame a nuestro bufete hoy!\" \/>\n<meta name=\"robots\" content=\"index, follow, max-snippet:-1, max-image-preview:large, max-video-preview:-1\" \/>\n<link rel=\"canonical\" href=\"https:\/\/oreskylaw.com\/es\/queens\/abogados-de-mordeduras-de-perro\/\" \/>\n<meta property=\"og:locale\" content=\"es_ES\" \/>\n<meta property=\"og:type\" content=\"article\" \/>\n<meta property=\"og:title\" content=\"Abogado de Mordeduras de Perro en Queens Cerca de Usted - Oresky &amp; Associates, PLLC\" \/>\n<meta property=\"og:description\" content=\"Lesiones por mordeduras de perro pueden causar da\u00f1os permanentes. Nuestros abogados en Queens est\u00e1n listos para ayudarle. \u00a1Llame a nuestro bufete hoy!\" \/>\n<meta property=\"og:url\" content=\"https:\/\/oreskylaw.com\/es\/queens\/abogados-de-mordeduras-de-perro\/\" \/>\n<meta property=\"og:site_name\" content=\"Oresky &amp; Associates, PLLC\" \/>\n<meta property=\"article:publisher\" content=\"https:\/\/www.facebook.com\/Oreskylaw\/\" \/>\n<meta property=\"article:modified_time\" content=\"2026-01-31T09:27:46+00:00\" \/>\n<meta property=\"og:image\" content=\"https:\/\/oreskylaw.com\/wp-content\/uploads\/2026\/01\/What-is-the-Personal-Injury-Claims-Process.webp\" \/>\n\t<meta property=\"og:image:width\" content=\"300\" \/>\n\t<meta property=\"og:image:height\" content=\"200\" \/>\n\t<meta property=\"og:image:type\" content=\"image\/webp\" \/>\n<meta name=\"twitter:card\" content=\"summary_large_image\" \/>\n<meta name=\"twitter:site\" content=\"@JacobOreskyLaw\" \/>\n<meta name=\"twitter:label1\" content=\"Tiempo de lectura\" \/>\n\t<meta name=\"twitter:data1\" content=\"8 minutos\" \/>\n<!-- \/ Yoast SEO plugin. -->","yoast_head_json":{"title":"Abogado de Mordeduras de Perro en Queens Cerca de Usted - Oresky & Associates, PLLC","description":"Lesiones por mordeduras de perro pueden causar da\u00f1os permanentes. Nuestros abogados en Queens est\u00e1n listos para ayudarle. \u00a1Llame a nuestro bufete hoy!","robots":{"index":"index","follow":"follow","max-snippet":"max-snippet:-1","max-image-preview":"max-image-preview:large","max-video-preview":"max-video-preview:-1"},"canonical":"https:\/\/oreskylaw.com\/es\/queens\/abogados-de-mordeduras-de-perro\/","og_locale":"es_ES","og_type":"article","og_title":"Abogado de Mordeduras de Perro en Queens Cerca de Usted - Oresky & Associates, PLLC","og_description":"Lesiones por mordeduras de perro pueden causar da\u00f1os permanentes. Nuestros abogados en Queens est\u00e1n listos para ayudarle. \u00a1Llame a nuestro bufete hoy!","og_url":"https:\/\/oreskylaw.com\/es\/queens\/abogados-de-mordeduras-de-perro\/","og_site_name":"Oresky &amp; Associates, PLLC","article_publisher":"https:\/\/www.facebook.com\/Oreskylaw\/","article_modified_time":"2026-01-31T09:27:46+00:00","og_image":[{"width":300,"height":200,"url":"https:\/\/oreskylaw.com\/wp-content\/uploads\/2026\/01\/What-is-the-Personal-Injury-Claims-Process.webp","type":"image\/webp"}],"twitter_card":"summary_large_image","twitter_site":"@JacobOreskyLaw","twitter_misc":{"Tiempo de lectura":"8 minutos"},"schema":{"@context":"https:\/\/schema.org","@graph":[{"@type":"WebPage","@id":"https:\/\/oreskylaw.com\/es\/queens\/abogados-de-mordeduras-de-perro\/","url":"https:\/\/oreskylaw.com\/es\/queens\/abogados-de-mordeduras-de-perro\/","name":"Abogado de Mordeduras de Perro en Queens Cerca de Usted - Oresky & Associates, PLLC","isPartOf":{"@id":"https:\/\/oreskylaw.com\/es\/#website"},"primaryImageOfPage":{"@id":"https:\/\/oreskylaw.com\/es\/queens\/abogados-de-mordeduras-de-perro\/#primaryimage"},"image":{"@id":"https:\/\/oreskylaw.com\/es\/queens\/abogados-de-mordeduras-de-perro\/#primaryimage"},"thumbnailUrl":"https:\/\/oreskylaw.com\/wp-content\/uploads\/2026\/01\/What-is-the-Personal-Injury-Claims-Process.webp","datePublished":"2025-12-10T05:49:32+00:00","dateModified":"2026-01-31T09:27:46+00:00","description":"Lesiones por mordeduras de perro pueden causar da\u00f1os permanentes. Nuestros abogados en Queens est\u00e1n listos para ayudarle. \u00a1Llame a nuestro bufete hoy!","breadcrumb":{"@id":"https:\/\/oreskylaw.com\/es\/queens\/abogados-de-mordeduras-de-perro\/#breadcrumb"},"inLanguage":"es","potentialAction":[{"@type":"ReadAction","target":["https:\/\/oreskylaw.com\/es\/queens\/abogados-de-mordeduras-de-perro\/"]}]},{"@type":"ImageObject","inLanguage":"es","@id":"https:\/\/oreskylaw.com\/es\/queens\/abogados-de-mordeduras-de-perro\/#primaryimage","url":"https:\/\/oreskylaw.com\/wp-content\/uploads\/2026\/01\/What-is-the-Personal-Injury-Claims-Process.webp","contentUrl":"https:\/\/oreskylaw.com\/wp-content\/uploads\/2026\/01\/What-is-the-Personal-Injury-Claims-Process.webp"},{"@type":"BreadcrumbList","@id":"https:\/\/oreskylaw.com\/es\/queens\/abogados-de-mordeduras-de-perro\/#breadcrumb","itemListElement":[{"@type":"ListItem","position":1,"name":"Inicio","item":"https:\/\/oreskylaw.com\/es\/"},{"@type":"ListItem","position":2,"name":"Queens","item":"https:\/\/oreskylaw.com\/es\/queens\/"},{"@type":"ListItem","position":3,"name":"Abogado Especialista en Mordeduras de Perro Cerca de Ti"}]},{"@type":"WebSite","@id":"https:\/\/oreskylaw.com\/es\/#website","url":"https:\/\/oreskylaw.com\/es\/","name":"Oresky & Associates PLLC","description":"","publisher":{"@id":"https:\/\/oreskylaw.com\/es\/#organization"},"potentialAction":[{"@type":"SearchAction","target":{"@type":"EntryPoint","urlTemplate":"https:\/\/oreskylaw.com\/es\/?s={search_term_string}"},"query-input":{"@type":"PropertyValueSpecification","valueRequired":true,"valueName":"search_term_string"}}],"inLanguage":"es"}]}},"_links":{"self":[{"href":"https:\/\/oreskylaw.com\/es\/wp-json\/wp\/v2\/pages\/19505","targetHints":{"allow":["GET"]}}],"collection":[{"href":"https:\/\/oreskylaw.com\/es\/wp-json\/wp\/v2\/pages"}],"about":[{"href":"https:\/\/oreskylaw.com\/es\/wp-json\/wp\/v2\/types\/page"}],"author":[{"embeddable":true,"href":"https:\/\/oreskylaw.com\/es\/wp-json\/wp\/v2\/users\/9"}],"replies":[{"embeddable":true,"href":"https:\/\/oreskylaw.com\/es\/wp-json\/wp\/v2\/comments?post=19505"}],"version-history":[{"count":0,"href":"https:\/\/oreskylaw.com\/es\/wp-json\/wp\/v2\/pages\/19505\/revisions"}],"up":[{"embeddable":true,"href":"https:\/\/oreskylaw.com\/es\/wp-json\/wp\/v2\/pages\/19332"}],"wp:attachment":[{"href":"https:\/\/oreskylaw.com\/es\/wp-json\/wp\/v2\/media?parent=19505"}],"curies":[{"name":"wp","href":"https:\/\/api.w.org\/{rel}","templated":true}]}}