{"id":19517,"date":"2025-12-10T05:50:35","date_gmt":"2025-12-10T05:50:35","guid":{"rendered":"https:\/\/oreskylaw.com\/?page_id=19517"},"modified":"2026-01-31T09:31:36","modified_gmt":"2026-01-31T09:31:36","slug":"abogados-de-accidentes-de-coche-por-conducir-bajo-los-efectos-del-alcohol","status":"publish","type":"page","link":"https:\/\/oreskylaw.com\/es\/queens\/abogados-de-accidentes-de-coche-por-conducir-bajo-los-efectos-del-alcohol\/","title":{"rendered":"Abogado de Accidentes por DUI"},"content":{"rendered":"<p>Si result\u00f3 lesionado en un accidente de conducci\u00f3n bajo la influencia del alcohol en Queens, New York, deber\u00eda recibir compensaci\u00f3n por sus heridas. Los abogados de accidentes por DUI de <a href=\"https:\/\/oreskylaw.com\/es\/acerca-de-nosotros\/\">Oresky &amp; Associates, PLLC<\/a>\u00a0\u00a0cuentan con d\u00e9cadas de experiencia en lesiones personales y pueden ayudar a proteger sus intereses y maximizar su compensaci\u00f3n.<\/p>\n<p>Nuestros abogados de lesiones personales en Queens han estado ayudando a v\u00edctimas lesionadas a obtener los recursos financieros que necesitan para ayudarles a sanar de sus da\u00f1os f\u00edsicos, emocionales y financieros. Lucharemos con la misma determinaci\u00f3n por usted.<\/p>\n<p><a href=\"https:\/\/oreskylaw.com\/es\/contacto\/\">Contacte<\/a>\u00a0a Oresky &amp; Associates, PLLC o ll\u00e1menos al\u00a0<a href=\"tel:+19293050949\">(929) 305-0949<\/a> para una consulta gratuita con nuestros abogados especializados y con alta valoraci\u00f3n en accidentes de conducci\u00f3n bajo la influencia. Revisaremos su caso y discutiremos sus opciones legales.<\/p>\n<h2>C\u00f3mo Puede Ayudarle un Abogado de Accidentes Automovil\u00edsticos Despu\u00e9s de un Accidente por DUI en Queens, NY<\/h2>\n<p>En Oresky &amp; Associates, PLLC, nuestros abogados de accidentes automovil\u00edsticos han ganado premios multimillonarios para nuestros clientes. Nuestra firma es respetada y reconocida en toda la ciudad de New York por ofrecer a nuestros clientes representaci\u00f3n legal de primera categor\u00eda. Entendemos lo doloroso que es este momento para usted. Los accidentes automovil\u00edsticos pueden ser aterradores y traum\u00e1ticos. Es a\u00fan peor cuando sabes que sucedi\u00f3 por la conducci\u00f3n bajo la influencia del alcohol y podr\u00eda haberse prevenido. Por dif\u00edcil que sea lidiar con ese hecho, debe hacer todo lo posible para concentrarse en recuperarse para usted y su familia. Perm\u00edtanos ocuparnos del conductor ebrio y obtener justicia financiera en su nombre.<\/p>\n<p>Si elige nuestra firma de lesiones personales para representarlo, puede esperar que nuestros <a href=\"https:\/\/oreskylaw.com\/es\/queens\/abogados-de-accidentes-de-auto\/\">abogados de accidentes automovil\u00edsticos en Queens<\/a> hagan lo siguiente como parte de nuestro compromiso con nuestros clientes:<\/p>\n<ul>\n<li>Discutir el accidente con usted en detalle<\/li>\n<li>Realizar una investigaci\u00f3n para entender exactamente qu\u00e9 sucedi\u00f3<\/li>\n<li>Revisar la evidencia, incluyendo informes policiales, cualquier resultado de prueba de conducci\u00f3n bajo la influencia, videos de seguridad en el sitio del accidente y declaraciones de testigos<\/li>\n<li>Trabajar con profesionales m\u00e9dicos, reconstruccionistas de accidentes y otros expertos para testificar en su nombre<\/li>\n<li>Mantenerlo informado e involucrarlo a lo largo del proceso<\/li>\n<li>Manejar las discusiones y negociaciones con las compa\u00f1\u00edas de seguros para obtener el asentamiento m\u00e1ximo posible<\/li>\n<\/ul>\n<p>Si no podemos asegurar una oferta justa de la compa\u00f1\u00eda de seguros, no dudaremos en llevarlos a la corte. Llame hoy a Oresky &amp; Associates, PLLC para comenzar a construir su caso.<\/p>\n<h2>\u00bfQu\u00e9 Constituye un DUI en Queens, NY?<\/h2>\n<p>Un DUI significa \u00abconducir bajo la influencia\u00bb. Muchas personas creen err\u00f3neamente que el DUI solo aplica al alcohol. No es as\u00ed. En el estado de New York, el DUI se aplica a conducir despu\u00e9s de consumir un cierto nivel de alcohol o cualquier sustancia controlada. \u00abSustancia controlada\u00bb incluye drogas ilegales, as\u00ed como drogas tomadas como parte de una prescripci\u00f3n legal.<\/p>\n<h2>\u00bfQu\u00e9 Tan Comunes Son los Accidentes Automovil\u00edsticos por Conducci\u00f3n en Estado de Ebriedad en Queens, New York?<\/h2>\n<p>La ciudad de New York tiene una poblaci\u00f3n incre\u00edblemente densa, lo que hace que el volumen de accidentes de tr\u00e1fico en general no sea sorprendente. Solo en enero de 2022, la ciudad de New York tuvo:<\/p>\n<p><strong>Accidentes Totales:<\/strong>\u00a07733<\/p>\n<p><strong>Conductores Involucrados:<\/strong>\u00a015,308<\/p>\n<p><strong>Relacionados con DUI:\u00a0<\/strong>174<\/p>\n<p><strong>Heridos:<\/strong>\u00a01429<\/p>\n<p><strong>Muertos:<\/strong>\u00a03<\/p>\n<h3>Queens, NY vio los siguientes n\u00fameros ese mismo mes:<\/h3>\n<p><strong>Accidentes Totales:<\/strong>\u00a02231<\/p>\n<p><strong>Conductores Involucrados:\u00a0<\/strong>4474<\/p>\n<p><strong>Relacionados con DUI:<\/strong>\u00a047<\/p>\n<p><strong>Heridos:<\/strong>\u00a0457<\/p>\n<p><strong>Muertos:\u00a0<\/strong>0<\/p>\n<p>Los accidentes causados \u200b\u200bpor conducir bajo la influencia son absolutamente prevenibles. Si alguien decide conducir en esas condiciones y pone en riesgo su vida, deben pagar por sus da\u00f1os.<\/p>\n    <div class=\"cw-cta-box\">\n        <div class=\"cw-cta-box__inner \">\n            <div class=\"cw-cta-box__info\">\n                                    <div class=\"label\">\u00a1Llame ahora!<\/div>\n                            <\/div>\n                            <div class=\"contact-phone\">\n                    <a href=\"tel:7189939999\"\n                        aria-label=\"Tap to call button\">\n                        718-993-9999                    <\/a>\n                <\/div>\n                    <\/div>\n                    <a href=\"\/es\/contacto\/\"\n               class=\"cta-btn btn btn--primary btn\"\n               target=\"\">\n                Obtenga Una Consulta Gratuita            <\/a>\n            <\/div>\n    \n<h2>\u00bfQu\u00e9 Tipos de Da\u00f1os Est\u00e1n Disponibles Para las V\u00edctimas de Accidentes por DUI en Queens, NY?<\/h2>\n<p>Las v\u00edctimas de accidentes de tr\u00e1nsito en estado de ebriedad en Queens generalmente son elegibles para recibir da\u00f1os que se dividen en dos categor\u00edas: econ\u00f3micos y no econ\u00f3micos.<\/p>\n<h3>Da\u00f1os Econ\u00f3micos<\/h3>\n<p><a href=\"https:\/\/oreskylaw.com\/es\/blog\/lesiones-personales-danos-economicos\/\">Los da\u00f1os econ\u00f3micos<\/a>\u00a0son aquellas p\u00e9rdidas que son cuantificables y afectan directamente sus finanzas. Ejemplos de da\u00f1os econ\u00f3micos incluyen:<\/p>\n<div class=\"row\">\n<ul class=\"col-xl-6\">\n<li>Facturas m\u00e9dicas<\/li>\n<li>P\u00e9rdida de sueldos<\/li>\n<li>Disminuci\u00f3n de ingresos futuros<\/li>\n<li>Rehabilitaci\u00f3n<\/li>\n<\/ul>\n<ul class=\"col-xl-6\">\n<li>Terapia<\/li>\n<li>Cuidado en el hogar<\/li>\n<li>Dispositivos m\u00e9dicos, como sillas de ruedas o pr\u00f3tesis<\/li>\n<\/ul>\n<\/div>\n<h3>Da\u00f1os No Econ\u00f3micos<\/h3>\n<p>Los da\u00f1os no econ\u00f3micos son aquellos que son no financieros y no tienen una etiqueta de precio clara.<\/p>\n<p>Ejemplos de da\u00f1os no econ\u00f3micos incluyen:<\/p>\n<div class=\"row\">\n<ul class=\"col-xl-6\">\n<li>Dolor y sufrimiento<\/li>\n<li>TEPT<\/li>\n<li>Ansiedad<\/li>\n<li>P\u00e9rdida de consorcio<\/li>\n<\/ul>\n<ul class=\"col-xl-6\">\n<li>Angustia emocional<\/li>\n<li>Desfiguraci\u00f3n<\/li>\n<li>Vehophobia (miedo a conducir)<\/li>\n<li>Disfunci\u00f3n cognitiva<\/li>\n<\/ul>\n<\/div>\n<p>Los da\u00f1os no econ\u00f3micos son m\u00e1s personales y subjetivos por naturaleza, pero no son menos cr\u00edticos al impactar su calidad de vida. Nuestros abogados de accidentes por DUI en Queens en Oresky &amp; Associates, PLLC har\u00e1n todo lo posible para probar su derecho a da\u00f1os no econ\u00f3micos.<\/p>\n<h2>Lucharemos para Recuperar Da\u00f1os por Todas las Lesiones del Accidente DUI<\/h2>\n<p>Cada colisi\u00f3n por DUI tiene circunstancias \u00fanicas y puede resultar en una amplia gama de lesiones. Aqu\u00ed hay algunas lesiones que a menudo ocurren debido a accidentes por DUI:<\/p>\n<div class=\"row\">\n<ul class=\"col-xl-6\">\n<li>Lesiones cerebrales traum\u00e1ticas (TBI)<\/li>\n<li>Da\u00f1o de \u00f3rganos<\/li>\n<li><a href=\"https:\/\/oreskylaw.com\/es\/lesion\/abogados-de-lesiones-huesos-rotos\/\">Huesos rotos<\/a><\/li>\n<li>Latigazo cervical<\/li>\n<\/ul>\n<ul class=\"col-xl-6\">\n<li><a href=\"https:\/\/oreskylaw.com\/es\/lesion\/abogados-de-lesiones-de-la-medula-espinal\/\">Lesiones de la m\u00e9dula espina<\/a><\/li>\n<li>Esguinces y tensiones<\/li>\n<li><a href=\"https:\/\/oreskylaw.com\/es\/lesion\/abogados-de-lesiones-por-quemaduras\/\">Quemaduras<\/a><\/li>\n<li>Moretones y contusiones<\/li>\n<\/ul>\n<\/div>\n<p>Desafortunadamente, los accidentes de tr\u00e1nsito en estado de ebriedad a veces pueden llevar a la muerte. Si perdi\u00f3 a un ser querido en un accidente por DUI en Queens, nuestra firma de abogados puede ayudarlo a presentar una demanda por muerte injusta.<\/p>\n<h2>Contacte a un Abogado de Accidentes por DUI en Queens Hoy<\/h2>\n<p>Nuestros abogados de accidentes por DUI en Queens en Oresky &amp; Associates, PLLC conocen la devastaci\u00f3n que un accidente de conducci\u00f3n bajo la influencia del alcohol puede tener en su vida. Estamos comprometidos a ayudarlo a superar este momento doloroso luchando para obtener el dinero que se merece.<\/p>\n<p>Contratar\u00a0<a href=\"https:\/\/oreskylaw.com\/es\/queens\/\">al abogado de lesiones de Queens<\/a>\u00a0adecuado puede marcar la diferencia en el resultado de su caso. No ponga su caso en riesgo con una firma menos competente.<\/p>\n<p>Hay demasiado en juego. Ll\u00e1menos para hablar con un miembro de nuestro equipo legal altamente respetado. Su primera consulta es gratuita.<\/p>\n","protected":false},"excerpt":{"rendered":"<p>Si result\u00f3 lesionado en un accidente de conducci\u00f3n bajo la influencia del alcohol en Queens, New York, deber\u00eda recibir compensaci\u00f3n por sus heridas. Los abogados de accidentes por DUI de Oresky &amp; Associates, PLLC\u00a0\u00a0cuentan con d\u00e9cadas de experiencia en lesiones personales y pueden ayudar a proteger sus intereses y maximizar su compensaci\u00f3n. Nuestros abogados de [&hellip;]<\/p>\n","protected":false},"author":9,"featured_media":0,"parent":19332,"menu_order":34,"comment_status":"closed","ping_status":"closed","template":"","meta":{"_acf_changed":false,"footnotes":""},"class_list":["post-19517","page","type-page","status-publish","hentry"],"acf":[],"yoast_head":"<!-- This site is optimized with the Yoast SEO plugin v27.3 - https:\/\/yoast.com\/product\/yoast-seo-wordpress\/ -->\n<title>Abogado de Accidentes por DUI en Queens - Oresky &amp; Associates, PLLC<\/title>\n<meta name=\"description\" content=\"Si ha sufrido lesiones en un accidente de DUI en Queens, Oresky &amp; Associates, PLLC puede ayudarle a obtener compensaci\u00f3n. \u00a1Contacte nuestro bufete ahora mismo!\" \/>\n<meta name=\"robots\" content=\"index, follow, max-snippet:-1, max-image-preview:large, max-video-preview:-1\" \/>\n<link rel=\"canonical\" href=\"https:\/\/oreskylaw.com\/es\/queens\/abogados-de-accidentes-de-coche-por-conducir-bajo-los-efectos-del-alcohol\/\" \/>\n<meta property=\"og:locale\" content=\"es_ES\" \/>\n<meta property=\"og:type\" content=\"article\" \/>\n<meta property=\"og:title\" content=\"Abogado de Accidentes por DUI en Queens - Oresky &amp; Associates, PLLC\" \/>\n<meta property=\"og:description\" content=\"Si ha sufrido lesiones en un accidente de DUI en Queens, Oresky &amp; Associates, PLLC puede ayudarle a obtener compensaci\u00f3n. \u00a1Contacte nuestro bufete ahora mismo!\" \/>\n<meta property=\"og:url\" content=\"https:\/\/oreskylaw.com\/es\/queens\/abogados-de-accidentes-de-coche-por-conducir-bajo-los-efectos-del-alcohol\/\" \/>\n<meta property=\"og:site_name\" content=\"Oresky &amp; Associates, PLLC\" \/>\n<meta property=\"article:publisher\" content=\"https:\/\/www.facebook.com\/Oreskylaw\/\" \/>\n<meta property=\"article:modified_time\" content=\"2026-01-31T09:31:36+00:00\" \/>\n<meta property=\"og:image\" content=\"https:\/\/oreskylaw.com\/wp-content\/uploads\/2026\/01\/oresky-team-careers.png\" \/>\n\t<meta property=\"og:image:width\" content=\"995\" \/>\n\t<meta property=\"og:image:height\" content=\"617\" \/>\n\t<meta property=\"og:image:type\" content=\"image\/png\" \/>\n<meta name=\"twitter:card\" content=\"summary_large_image\" \/>\n<meta name=\"twitter:site\" content=\"@JacobOreskyLaw\" \/>\n<meta name=\"twitter:label1\" content=\"Tiempo de lectura\" \/>\n\t<meta name=\"twitter:data1\" content=\"5 minutos\" \/>\n<!-- \/ Yoast SEO plugin. -->","yoast_head_json":{"title":"Abogado de Accidentes por DUI en Queens - Oresky & Associates, PLLC","description":"Si ha sufrido lesiones en un accidente de DUI en Queens, Oresky & Associates, PLLC puede ayudarle a obtener compensaci\u00f3n. \u00a1Contacte nuestro bufete ahora mismo!","robots":{"index":"index","follow":"follow","max-snippet":"max-snippet:-1","max-image-preview":"max-image-preview:large","max-video-preview":"max-video-preview:-1"},"canonical":"https:\/\/oreskylaw.com\/es\/queens\/abogados-de-accidentes-de-coche-por-conducir-bajo-los-efectos-del-alcohol\/","og_locale":"es_ES","og_type":"article","og_title":"Abogado de Accidentes por DUI en Queens - Oresky & Associates, PLLC","og_description":"Si ha sufrido lesiones en un accidente de DUI en Queens, Oresky & Associates, PLLC puede ayudarle a obtener compensaci\u00f3n. \u00a1Contacte nuestro bufete ahora mismo!","og_url":"https:\/\/oreskylaw.com\/es\/queens\/abogados-de-accidentes-de-coche-por-conducir-bajo-los-efectos-del-alcohol\/","og_site_name":"Oresky &amp; Associates, PLLC","article_publisher":"https:\/\/www.facebook.com\/Oreskylaw\/","article_modified_time":"2026-01-31T09:31:36+00:00","og_image":[{"width":995,"height":617,"url":"https:\/\/oreskylaw.com\/wp-content\/uploads\/2026\/01\/oresky-team-careers.png","type":"image\/png"}],"twitter_card":"summary_large_image","twitter_site":"@JacobOreskyLaw","twitter_misc":{"Tiempo de lectura":"5 minutos"},"schema":{"@context":"https:\/\/schema.org","@graph":[{"@type":"WebPage","@id":"https:\/\/oreskylaw.com\/es\/queens\/abogados-de-accidentes-de-coche-por-conducir-bajo-los-efectos-del-alcohol\/","url":"https:\/\/oreskylaw.com\/es\/queens\/abogados-de-accidentes-de-coche-por-conducir-bajo-los-efectos-del-alcohol\/","name":"Abogado de Accidentes por DUI en Queens - Oresky & Associates, PLLC","isPartOf":{"@id":"https:\/\/oreskylaw.com\/es\/#website"},"datePublished":"2025-12-10T05:50:35+00:00","dateModified":"2026-01-31T09:31:36+00:00","description":"Si ha sufrido lesiones en un accidente de DUI en Queens, Oresky & Associates, PLLC puede ayudarle a obtener compensaci\u00f3n. \u00a1Contacte nuestro bufete ahora mismo!","breadcrumb":{"@id":"https:\/\/oreskylaw.com\/es\/queens\/abogados-de-accidentes-de-coche-por-conducir-bajo-los-efectos-del-alcohol\/#breadcrumb"},"inLanguage":"es","potentialAction":[{"@type":"ReadAction","target":["https:\/\/oreskylaw.com\/es\/queens\/abogados-de-accidentes-de-coche-por-conducir-bajo-los-efectos-del-alcohol\/"]}]},{"@type":"BreadcrumbList","@id":"https:\/\/oreskylaw.com\/es\/queens\/abogados-de-accidentes-de-coche-por-conducir-bajo-los-efectos-del-alcohol\/#breadcrumb","itemListElement":[{"@type":"ListItem","position":1,"name":"Inicio","item":"https:\/\/oreskylaw.com\/es\/"},{"@type":"ListItem","position":2,"name":"Queens","item":"https:\/\/oreskylaw.com\/es\/queens\/"},{"@type":"ListItem","position":3,"name":"Abogado de Accidentes por DUI"}]},{"@type":"WebSite","@id":"https:\/\/oreskylaw.com\/es\/#website","url":"https:\/\/oreskylaw.com\/es\/","name":"Oresky & Associates PLLC","description":"","publisher":{"@id":"https:\/\/oreskylaw.com\/es\/#organization"},"potentialAction":[{"@type":"SearchAction","target":{"@type":"EntryPoint","urlTemplate":"https:\/\/oreskylaw.com\/es\/?s={search_term_string}"},"query-input":{"@type":"PropertyValueSpecification","valueRequired":true,"valueName":"search_term_string"}}],"inLanguage":"es"}]}},"_links":{"self":[{"href":"https:\/\/oreskylaw.com\/es\/wp-json\/wp\/v2\/pages\/19517","targetHints":{"allow":["GET"]}}],"collection":[{"href":"https:\/\/oreskylaw.com\/es\/wp-json\/wp\/v2\/pages"}],"about":[{"href":"https:\/\/oreskylaw.com\/es\/wp-json\/wp\/v2\/types\/page"}],"author":[{"embeddable":true,"href":"https:\/\/oreskylaw.com\/es\/wp-json\/wp\/v2\/users\/9"}],"replies":[{"embeddable":true,"href":"https:\/\/oreskylaw.com\/es\/wp-json\/wp\/v2\/comments?post=19517"}],"version-history":[{"count":0,"href":"https:\/\/oreskylaw.com\/es\/wp-json\/wp\/v2\/pages\/19517\/revisions"}],"up":[{"embeddable":true,"href":"https:\/\/oreskylaw.com\/es\/wp-json\/wp\/v2\/pages\/19332"}],"wp:attachment":[{"href":"https:\/\/oreskylaw.com\/es\/wp-json\/wp\/v2\/media?parent=19517"}],"curies":[{"name":"wp","href":"https:\/\/api.w.org\/{rel}","templated":true}]}}