{"id":19529,"date":"2025-12-10T05:50:55","date_gmt":"2025-12-10T05:50:55","guid":{"rendered":"https:\/\/oreskylaw.com\/?page_id=19529"},"modified":"2026-01-31T09:38:29","modified_gmt":"2026-01-31T09:38:29","slug":"abogados-de-accidentes-de-patinetes-electricos","status":"publish","type":"page","link":"https:\/\/oreskylaw.com\/es\/queens\/abogados-de-accidentes-de-patinetes-electricos\/","title":{"rendered":"Abogado Especialista en Accidentes de Scooters El\u00e9ctricos en Queens"},"content":{"rendered":"<p>Si usted o un ser querido sufrieron un accidente involucrando un scooter el\u00e9ctrico en Queens, NY, podr\u00edan tener derecho a compensaci\u00f3n. Un experimentado abogado de accidentes de scooters el\u00e9ctricos en Queens de\u00a0<a href=\"https:\/\/oreskylaw.com\/es\/acerca-de-nosotros\/\">Oresky &amp; Associates, PLLC<\/a>\u00a0puede ayudarle a luchar para recuperar compensaci\u00f3n por sus facturas m\u00e9dicas, salarios perdidos, dolor y sufrimiento, y m\u00e1s.<\/p>\n<p>Nuestro equipo de abogados tiene m\u00e1s de 30 a\u00f1os de experiencia colectiva. Nuestro enfoque dedicado nos ha ayudado a recuperar m\u00e1s de $400 millones en compensaci\u00f3n para nuestros clientes lesionados a lo largo de los a\u00f1os.<\/p>\n<p>Los scooters el\u00e9ctricos son relativamente nuevos en NYC. Eso significa que las reclamaciones por accidentes pueden ser complejas. Para obtener m\u00e1s informaci\u00f3n sobre sus opciones legales, <a href=\"https:\/\/oreskylaw.com\/es\/contacto\/\">contacte<\/a> nuestras oficinas legales en Queens, New York para agendar una consulta gratuita hoy al\u00a0<a href=\"tel:+19293050949\">(929) 305-0949<\/a>.<\/p>\n<h2>\u00bfC\u00f3mo puede Oresky &amp; Associates, PLLC Ayudar Despu\u00e9s de un Accidente de Scooter El\u00e9ctrico en Queens, NY?<\/h2>\n<p>Nunca debe subestimar el costo de una lesi\u00f3n. Es igualmente cierto que debe esperar que la compa\u00f1\u00eda de seguros intente todo lo posible para retrasar y subvalorar su reclamaci\u00f3n de lesiones. Pueden intentar culparle, alegar que no redujo los da\u00f1os o incluso argumentar que sus lesiones eran preexistentes.<\/p>\n<p>Un experimentado abogado de lesiones personales en Queens puede trabajar para contrarrestar las t\u00e1cticas de intimidaci\u00f3n de las aseguradoras.<\/p>\n<p>En Oresky &amp; Associates, PLLC, nuestros abogados han estado manejando casos como el suyo desde 1992. A lo largo de los a\u00f1os, hemos sido reconocidos por nuestro \u00e9xito en muchos niveles. Hemos sido incluidos en \u201cLos Abogados de Lesiones Personales L\u00edderes de New York \u201d de la revista New York Magazine. Tambi\u00e9n hemos sido listados como Super Lawyers y miembros del Foro de Abogados de Millones de D\u00f3lares.<\/p>\n<p>Podemos ayudarle a obtener resultados:<\/p>\n<ul>\n<li>Iniciando nuestra propia investigaci\u00f3n sobre el accidente.<\/li>\n<li>Descubriendo pruebas para apoyar su caso.<\/li>\n<li>Calculando el valor de su reclamo de lesiones personales.<\/li>\n<li>Contratando testigos expertos para testificar sobre su caso.<\/li>\n<li>Negociando con las compa\u00f1\u00edas de seguros para que usted no tenga que hacerlo.<\/li>\n<\/ul>\n<p>No tiene que luchar contra las compa\u00f1\u00edas de seguros solo. Llame a nuestros confiables abogados de lesiones personales en Queens para aprender m\u00e1s sobre c\u00f3mo crear una relaci\u00f3n abogado-cliente hoy.<\/p>\n<h2>\u00bfQu\u00e9 Tan Comunes Son los Accidentes de Scooters El\u00e9ctricos en Queens?<\/h2>\n<p>Los scooters el\u00e9ctricos se est\u00e1n volviendo m\u00e1s populares cada d\u00eda. Desafortunadamente, la tasa de accidentes de e-scooters tambi\u00e9n ha aumentado desde que se legalizaron en la calle. En EE. UU., alrededor de 50.000 v\u00edctimas de accidentes visitaron el hospital con lesiones de accidentes de e-scooter entre 2017 y 2019. Se informaron al menos 27 fatalidades durante ese per\u00edodo.<\/p>\n<p>Los scooters el\u00e9ctricos ahora son legales en las calles de Queens y en toda la ciudad de New York.<\/p>\n<p>Desde 2020, se han reportado 588 accidentes de scooter el\u00e9ctrico en la ciudad de New York. Al menos 538 personas han resultado heridas y tres peatones fueron asesinados en accidentes de e-scooters.<\/p>\n<h2>\u00bfCu\u00e1nto Vale mi Caso de Accidente de Scooter El\u00e9ctrico en Queens?<\/h2>\n<p>La respuesta insatisfactoria es que depende. Las lesiones m\u00e1s graves tienden a resultar en premios de asentamientos y veredictos m\u00e1s altos, pero ese no siempre es el caso.<\/p>\n<p>Varios factores pueden impactar el valor de su caso. Algunos de los factores m\u00e1s relevantes son:<\/p>\n<div class=\"row\">\n<ul class=\"col-xl-6\">\n<li>El tipo de lesiones involucradas.<\/li>\n<li>Su pron\u00f3stico, incluyendo su necesidad de cuidado m\u00e9dico futuro.<\/li>\n<li>El costo de su tratamiento m\u00e9dico pasado y actual.<\/li>\n<li>C\u00f3mo la lesi\u00f3n impacta su capacidad para ganarse la vida ahora y en el futuro.<\/li>\n<\/ul>\n<ul class=\"col-xl-6\">\n<li>El trauma emocional del accidente y la lesi\u00f3n.<\/li>\n<li>Si usted comparte alguna culpa por el choque.<\/li>\n<li>La cantidad de cobertura de seguro disponible.<\/li>\n<\/ul>\n<\/div>\n<p>Recuperar la compensaci\u00f3n completa que merece es importante, ya sea que haya sufrido una lesi\u00f3n grave o se espera que se recupere completamente. A menudo, es la \u00fanica forma de proteger su seguridad financiera. Desafortunadamente, las compa\u00f1\u00edas de seguros a menudo presionan a las v\u00edctimas para aceptar un acuerdo r\u00e1pido. Esos acuerdos generalmente no tienen en cuenta la extensi\u00f3n completa de sus da\u00f1os.<\/p>\n<p>Nuestros abogados en Oresky &amp; Associates, PLLC ofrecen una revisi\u00f3n gratuita del caso para que pueda obtener m\u00e1s informaci\u00f3n sobre el valor de su caso antes de aceptar un acuerdo de seguro. Para programar la suya, llame a nuestros abogados de accidentes de scooter el\u00e9ctrico en Queens hoy.<\/p>\n<h2>\u00bfQu\u00e9 Tipos de Da\u00f1os Est\u00e1n Disponibles para las V\u00edctimas de Accidentes de Scooters El\u00e9ctricos en Queens?<\/h2>\n<p>Las leyes de lesiones personales de New York clasifican los da\u00f1os seg\u00fan si compensan a una v\u00edctima por gastos financieros o p\u00e9rdidas intangibles.<\/p>\n<h3>Da\u00f1os Econ\u00f3micos<\/h3>\n<p>Sus gastos financieros se llaman da\u00f1os econ\u00f3micos. Pueden incluir:<\/p>\n<div class=\"row\">\n<ul class=\"col-xl-6\">\n<li>Gastos m\u00e9dicos pasados y futuros.<\/li>\n<li>Salarios perdidos.<\/li>\n<li>Potencial de ganancia reducido.<\/li>\n<li>Terapia f\u00edsica.<\/li>\n<\/ul>\n<ul class=\"col-xl-6\">\n<li>Rehabilitaci\u00f3n.<\/li>\n<li>Da\u00f1o a la propiedad.<\/li>\n<li>Otros gastos de bolsillo.<\/li>\n<\/ul>\n<\/div>\n<h3>Da\u00f1os No Econ\u00f3micos<\/h3>\n<p>Los da\u00f1os no econ\u00f3micos se otorgan para compensar a las v\u00edctimas por sus p\u00e9rdidas personales e intangibles, tales como:<\/p>\n<div class=\"row\">\n<ul class=\"col-xl-6\">\n<li>Dolor y sufrimiento.<\/li>\n<li>Angustia mental.<\/li>\n<li>Calidad de vida reducida.<\/li>\n<\/ul>\n<ul class=\"col-xl-6\">\n<li>Desfiguraci\u00f3n y cicatrices.<\/li>\n<li>Ansiedad, depresi\u00f3n y TEPT.<\/li>\n<li>P\u00e9rdida de consorcio.<\/li>\n<\/ul>\n<\/div>\n<p>Poner un precio a estas p\u00e9rdidas personales puede ser dif\u00edcil. Nuestros abogados tienen experiencia en el manejo del proceso de valoraci\u00f3n. Aunque su caso es diferente al de cualquier otra persona, nuestra experiencia en otros casos puede facilitar convencer a las compa\u00f1\u00edas de seguros para que acuerden la cantidad completa que se merece.<\/p>\n<h2>\u00bfPuedo Recuperar Da\u00f1os si Tengo la Culpa de un Accidente de Scooter El\u00e9ctrico en New York?<\/h2>\n<p>Puede recuperar da\u00f1os si usted tiene parte de la culpa de un accidente. Sin embargo, bajo la ley de negligencia comparativa pura de New York, su compensaci\u00f3n se reducir\u00e1 para reflejar su porcentaje de culpa.<\/p>\n<p>Si se le asigna el 30% de la culpa, su acuerdo o veredicto se reducir\u00e1 en un 30%. Si se le asigna el 80% de la culpa, todav\u00eda tiene derecho al 20% de sus da\u00f1os si alguien m\u00e1s comparte la culpa.<\/p>\n    <div class=\"cw-cta-box\">\n        <div class=\"cw-cta-box__inner \">\n            <div class=\"cw-cta-box__info\">\n                                    <div class=\"label\">\u00a1Llame ahora!<\/div>\n                            <\/div>\n                            <div class=\"contact-phone\">\n                    <a href=\"tel:7189939999\"\n                        aria-label=\"Tap to call button\">\n                        718-993-9999                    <\/a>\n                <\/div>\n                    <\/div>\n                    <a href=\"\/es\/contacto\/\"\n               class=\"cta-btn btn btn--primary btn\"\n               target=\"\">\n                Obtenga Una Consulta Gratuita            <\/a>\n            <\/div>\n    \n<h2>Lucharemos para Recuperar Compensaci\u00f3n por Todas Sus Lesiones en Accidentes de Scooters El\u00e9ctricos<\/h2>\n<p><img loading=\"lazy\" decoding=\"async\" class=\"size-full wp-image-16155 alignright\" src=\"https:\/\/oreskylaw.com\/wp-content\/uploads\/2026\/01\/Help-After-an-Electric-Scooter-Accident-in-Queens-NY.webp\" alt=\"construction accident attorney Bronx NY\" width=\"300\" height=\"225\" \/>Al igual que en un accidente de bicicleta, usar un casco puede limitar las posibilidades de un conductor de e-scooter de sufrir da\u00f1o cerebral que cambie la vida. Por otro lado, un casco no puede protegerlo de toda lesi\u00f3n grave. Si usted es golpeado por un e-scooter mientras camina por Queens, no tendr\u00e1 ninguna protecci\u00f3n en un choque.<\/p>\n<p>En Oresky &amp; Associates, PLLC, nuestros abogados en Queens a menudo representan a v\u00edctimas de accidentes que han sufrido:<\/p>\n<div class=\"row\">\n<ul class=\"col-xl-6\">\n<li>Huesos rotos.<\/li>\n<li><a href=\"https:\/\/oreskylaw.com\/es\/lesion\/abogados-de-lesiones-danos-a-los-nervios\/\">Da\u00f1o nervioso.<\/a><\/li>\n<li>Lesiones en las mu\u00f1ecas, tobillos, rodillas y articulaciones.<\/li>\n<li>Da\u00f1o de tejido blando.<\/li>\n<li><a href=\"https:\/\/oreskylaw.com\/es\/lesion\/abogados-de-lesiones-cerebrales\/\">Lesiones cerebrales traum\u00e1ticas.<\/a><\/li>\n<li><a href=\"https:\/\/oreskylaw.com\/es\/lesion\/abogados-de-lesiones-de-la-medula-espinal\/\">Lesiones de la m\u00e9dula espinal.<\/a><\/li>\n<li>Lesiones de cabeza y cuello.<\/li>\n<\/ul>\n<ul class=\"col-xl-6\">\n<li>Conmociones cerebrales.<\/li>\n<li><a href=\"https:\/\/oreskylaw.com\/es\/lesion\/abogados-de-lesiones-de-espalda\/\">Lesiones de espalda<\/a><\/li>\n<li>Da\u00f1o a \u00f3rganos<\/li>\n<li><a href=\"https:\/\/oreskylaw.com\/es\/lesion\/abogados-de-lesiones-por-quemaduras\/\">Quemaduras<\/a><\/li>\n<li><a href=\"https:\/\/oreskylaw.com\/es\/lesion\/abogados-de-lesiones-por-amputacion\/\">Amputaciones.<\/a><\/li>\n<li>Par\u00e1lisis<\/li>\n<li>Lesiones catastr\u00f3ficas.<\/li>\n<li><a href=\"https:\/\/oreskylaw.com\/es\/queens\/abogados-de-muerte-por-negligencia\/\">Muerte por negligencia de un ser querido<\/a><\/li>\n<\/ul>\n<\/div>\n<p>Los estudios muestran que la mayor\u00eda de las lesiones de accidentes de scooters el\u00e9ctricos involucran lesiones en la cabeza, extremidades superiores y extremidades inferiores. Las lesiones m\u00e1s graves tienden a ocurrir cuando el e-scooter est\u00e1 involucrado en un accidente automovil\u00edstico.<\/p>\n<h2>\u00bfQu\u00e9 Causa la Mayor\u00eda de los Accidentes de Scooters El\u00e9ctricos en Queens, New York?<\/h2>\n<p>A estas alturas, la mayor\u00eda de nosotros hemos visto e-scooters en las calles y aceras de Queens. Mientras que los accidentes pueden ocurrir por muchas razones diferentes, a menudo ocurren cuando los conductores de scooters en Queens son inexpertos o imprudentes. En otros casos, los conductores de veh\u00edculos motorizados simplemente pueden no ver el e-scooter m\u00e1s peque\u00f1o.<\/p>\n<p>Algunas de las causas principales de accidentes de scooters el\u00e9ctricos son:<\/p>\n<div class=\"row\">\n<ul class=\"col-xl-6\">\n<li>Conducci\u00f3n distra\u00edda.<\/li>\n<li>Exceso de velocidad, conducci\u00f3n agresiva y otros comportamientos de conducci\u00f3n imprudente.<\/li>\n<li>Tejer a trav\u00e9s de peatones en las aceras de la ciudad.<\/li>\n<li>Conductores inexpertos.<\/li>\n<li>Montar doble en el scooter el\u00e9ctrico.<\/li>\n<li>No ceder el derecho de paso a peatones y veh\u00edculos.<\/li>\n<li>Pasar demasiado cerca del e-scooter.<\/li>\n<li>Giros peligrosos.<\/li>\n<\/ul>\n<ul class=\"col-xl-6\">\n<li>Estacionar el scooter el\u00e9ctrico en lugares prohibidos donde los peatones podr\u00edan tropezar y caer.<\/li>\n<li>Baches y pavimento irregular.<\/li>\n<li>Conducir el scooter en \u00e1reas prohibidas.<\/li>\n<li>No ceder en intersecciones.<\/li>\n<li>Conducci\u00f3n bajo efectos de alcohol.<\/li>\n<li>Conducci\u00f3n bajo efectos de drogas.<\/li>\n<li>E-scooters defectuosos.<\/li>\n<li>Problemas con el equipo de direcci\u00f3n del e-scooter, frenos o bater\u00edas.<\/li>\n<li>Sobrecargas de energ\u00eda.<\/li>\n<\/ul>\n<\/div>\n<p>Debido a que los scooters el\u00e9ctricos son tan nuevos, muchas personas no est\u00e1n seguras de d\u00f3nde deber\u00edan montarlos. La falta de infraestructura dedicada, como carriles para bicicletas y barreras, tambi\u00e9n puede llevar a accidentes.<\/p>\n<h2>\u00bfC\u00f3mo Demuestro Negligencia Despu\u00e9s de un Accidente de Scooter El\u00e9ctrico en New York?<\/h2>\n<p>Las mismas leyes de lesiones personales que se aplican en cualquier otro caso de accidente de veh\u00edculo motorizado se aplican en choques que involucran e-scooters. Como tal, la mayor\u00eda de las v\u00edctimas de accidentes de e-scooters deben probar negligencia para recuperar da\u00f1os.<\/p>\n<p>Negligencia significa que:<\/p>\n<ul>\n<li>La parte responsable le deb\u00eda un deber legal de cuidado.<\/li>\n<li>Ellos incumplieron el deber de cuidado al actuar negligentemente, imprudentemente o de manera incorrecta.<\/li>\n<li>La infracci\u00f3n del deber fue la causa directa y pr\u00f3xima del accidente.<\/li>\n<li>Usted sufri\u00f3 da\u00f1os, o lesiones y otras p\u00e9rdidas.<\/li>\n<\/ul>\n<p>Nuestros abogados est\u00e1n aqu\u00ed para ayudarlo a recopilar la evidencia que necesita para probar su caso. Tenemos los recursos para llevar a cabo nuestra propia investigaci\u00f3n.<\/p>\n<p>Recopilaremos y evaluaremos:<\/p>\n<ul>\n<li>Informes policiales y de accidentes.<\/li>\n<li>Grabaciones de videovigilancia.<\/li>\n<li>Declaraciones de testigos presenciales.<\/li>\n<li>Fotos de la escena del accidente.<\/li>\n<li>Otras pruebas s\u00f3lidas de la escena del accidente.<\/li>\n<li>Informaci\u00f3n sobre el historial de mantenimiento de la compa\u00f1\u00eda de alquiler del e-scooter.<\/li>\n<li>Datos sobre el scooter en s\u00ed.<\/li>\n<\/ul>\n<p>No espere demasiado para consultar a un abogado. Despu\u00e9s de su accidente, la evidencia puede desaparecer y los testigos pueden ser m\u00e1s dif\u00edciles de localizar.<\/p>\n<h2>\u00bfCu\u00e1nto Tiempo Tengo para Presentar una Demanda Despu\u00e9s de un Accidente de Scooter El\u00e9ctrico en New York?<\/h2>\n<p>Bajo el estatuto de limitaciones de New York, las v\u00edctimas de accidentes t\u00edpicamente tienen tres a\u00f1os para presentar una demanda por lesiones personales. El reloj de tres a\u00f1os comienza a correr en la fecha de su accidente. Despu\u00e9s de tres a\u00f1os, ya no tendr\u00e1 derecho a buscar compensaci\u00f3n por sus lesiones.<\/p>\n","protected":false},"excerpt":{"rendered":"<p>Si usted o un ser querido sufrieron un accidente involucrando un scooter el\u00e9ctrico en Queens, NY, podr\u00edan tener derecho a compensaci\u00f3n. Un experimentado abogado de accidentes de scooters el\u00e9ctricos en Queens de\u00a0Oresky &amp; Associates, PLLC\u00a0puede ayudarle a luchar para recuperar compensaci\u00f3n por sus facturas m\u00e9dicas, salarios perdidos, dolor y sufrimiento, y m\u00e1s. Nuestro equipo de [&hellip;]<\/p>\n","protected":false},"author":9,"featured_media":0,"parent":19332,"menu_order":35,"comment_status":"closed","ping_status":"closed","template":"","meta":{"_acf_changed":false,"footnotes":""},"class_list":["post-19529","page","type-page","status-publish","hentry"],"acf":[],"yoast_head":"<!-- This site is optimized with the Yoast SEO plugin v27.3 - https:\/\/yoast.com\/product\/yoast-seo-wordpress\/ -->\n<title>Abogado de Accidentes de Scooters El\u00e9ctricos en Queens - Oresky &amp; Associates, PLLC<\/title>\n<meta name=\"description\" content=\"Si sufri\u00f3 lesiones en un accidente de patinete el\u00e9ctrico en Queens, nuestro abogado de lesiones personales luchar\u00e1 por su compensaci\u00f3n. \u00a1Ll\u00e1menos hoy!\" \/>\n<meta name=\"robots\" content=\"index, follow, max-snippet:-1, max-image-preview:large, max-video-preview:-1\" \/>\n<link rel=\"canonical\" href=\"https:\/\/oreskylaw.com\/es\/queens\/abogados-de-accidentes-de-patinetes-electricos\/\" \/>\n<meta property=\"og:locale\" content=\"es_ES\" \/>\n<meta property=\"og:type\" content=\"article\" \/>\n<meta property=\"og:title\" content=\"Abogado de Accidentes de Scooters El\u00e9ctricos en Queens - Oresky &amp; Associates, PLLC\" \/>\n<meta property=\"og:description\" content=\"Si sufri\u00f3 lesiones en un accidente de patinete el\u00e9ctrico en Queens, nuestro abogado de lesiones personales luchar\u00e1 por su compensaci\u00f3n. \u00a1Ll\u00e1menos hoy!\" \/>\n<meta property=\"og:url\" content=\"https:\/\/oreskylaw.com\/es\/queens\/abogados-de-accidentes-de-patinetes-electricos\/\" \/>\n<meta property=\"og:site_name\" content=\"Oresky &amp; Associates, PLLC\" \/>\n<meta property=\"article:publisher\" content=\"https:\/\/www.facebook.com\/Oreskylaw\/\" \/>\n<meta property=\"article:modified_time\" content=\"2026-01-31T09:38:29+00:00\" \/>\n<meta property=\"og:image\" content=\"https:\/\/oreskylaw.com\/wp-content\/uploads\/2026\/01\/Help-After-an-Electric-Scooter-Accident-in-Queens-NY.webp\" \/>\n\t<meta property=\"og:image:width\" content=\"300\" \/>\n\t<meta property=\"og:image:height\" content=\"225\" \/>\n\t<meta property=\"og:image:type\" content=\"image\/webp\" \/>\n<meta name=\"twitter:card\" content=\"summary_large_image\" \/>\n<meta name=\"twitter:site\" content=\"@JacobOreskyLaw\" \/>\n<meta name=\"twitter:label1\" content=\"Tiempo de lectura\" \/>\n\t<meta name=\"twitter:data1\" content=\"8 minutos\" \/>\n<!-- \/ Yoast SEO plugin. -->","yoast_head_json":{"title":"Abogado de Accidentes de Scooters El\u00e9ctricos en Queens - Oresky & Associates, PLLC","description":"Si sufri\u00f3 lesiones en un accidente de patinete el\u00e9ctrico en Queens, nuestro abogado de lesiones personales luchar\u00e1 por su compensaci\u00f3n. \u00a1Ll\u00e1menos hoy!","robots":{"index":"index","follow":"follow","max-snippet":"max-snippet:-1","max-image-preview":"max-image-preview:large","max-video-preview":"max-video-preview:-1"},"canonical":"https:\/\/oreskylaw.com\/es\/queens\/abogados-de-accidentes-de-patinetes-electricos\/","og_locale":"es_ES","og_type":"article","og_title":"Abogado de Accidentes de Scooters El\u00e9ctricos en Queens - Oresky & Associates, PLLC","og_description":"Si sufri\u00f3 lesiones en un accidente de patinete el\u00e9ctrico en Queens, nuestro abogado de lesiones personales luchar\u00e1 por su compensaci\u00f3n. \u00a1Ll\u00e1menos hoy!","og_url":"https:\/\/oreskylaw.com\/es\/queens\/abogados-de-accidentes-de-patinetes-electricos\/","og_site_name":"Oresky &amp; Associates, PLLC","article_publisher":"https:\/\/www.facebook.com\/Oreskylaw\/","article_modified_time":"2026-01-31T09:38:29+00:00","og_image":[{"width":300,"height":225,"url":"https:\/\/oreskylaw.com\/wp-content\/uploads\/2026\/01\/Help-After-an-Electric-Scooter-Accident-in-Queens-NY.webp","type":"image\/webp"}],"twitter_card":"summary_large_image","twitter_site":"@JacobOreskyLaw","twitter_misc":{"Tiempo de lectura":"8 minutos"},"schema":{"@context":"https:\/\/schema.org","@graph":[{"@type":"WebPage","@id":"https:\/\/oreskylaw.com\/es\/queens\/abogados-de-accidentes-de-patinetes-electricos\/","url":"https:\/\/oreskylaw.com\/es\/queens\/abogados-de-accidentes-de-patinetes-electricos\/","name":"Abogado de Accidentes de Scooters El\u00e9ctricos en Queens - Oresky & Associates, PLLC","isPartOf":{"@id":"https:\/\/oreskylaw.com\/es\/#website"},"primaryImageOfPage":{"@id":"https:\/\/oreskylaw.com\/es\/queens\/abogados-de-accidentes-de-patinetes-electricos\/#primaryimage"},"image":{"@id":"https:\/\/oreskylaw.com\/es\/queens\/abogados-de-accidentes-de-patinetes-electricos\/#primaryimage"},"thumbnailUrl":"https:\/\/oreskylaw.com\/wp-content\/uploads\/2026\/01\/Help-After-an-Electric-Scooter-Accident-in-Queens-NY.webp","datePublished":"2025-12-10T05:50:55+00:00","dateModified":"2026-01-31T09:38:29+00:00","description":"Si sufri\u00f3 lesiones en un accidente de patinete el\u00e9ctrico en Queens, nuestro abogado de lesiones personales luchar\u00e1 por su compensaci\u00f3n. \u00a1Ll\u00e1menos hoy!","breadcrumb":{"@id":"https:\/\/oreskylaw.com\/es\/queens\/abogados-de-accidentes-de-patinetes-electricos\/#breadcrumb"},"inLanguage":"es","potentialAction":[{"@type":"ReadAction","target":["https:\/\/oreskylaw.com\/es\/queens\/abogados-de-accidentes-de-patinetes-electricos\/"]}]},{"@type":"ImageObject","inLanguage":"es","@id":"https:\/\/oreskylaw.com\/es\/queens\/abogados-de-accidentes-de-patinetes-electricos\/#primaryimage","url":"https:\/\/oreskylaw.com\/wp-content\/uploads\/2026\/01\/Help-After-an-Electric-Scooter-Accident-in-Queens-NY.webp","contentUrl":"https:\/\/oreskylaw.com\/wp-content\/uploads\/2026\/01\/Help-After-an-Electric-Scooter-Accident-in-Queens-NY.webp"},{"@type":"BreadcrumbList","@id":"https:\/\/oreskylaw.com\/es\/queens\/abogados-de-accidentes-de-patinetes-electricos\/#breadcrumb","itemListElement":[{"@type":"ListItem","position":1,"name":"Inicio","item":"https:\/\/oreskylaw.com\/es\/"},{"@type":"ListItem","position":2,"name":"Queens","item":"https:\/\/oreskylaw.com\/es\/queens\/"},{"@type":"ListItem","position":3,"name":"Abogado Especialista en Accidentes de Scooters El\u00e9ctricos en Queens"}]},{"@type":"WebSite","@id":"https:\/\/oreskylaw.com\/es\/#website","url":"https:\/\/oreskylaw.com\/es\/","name":"Oresky & Associates PLLC","description":"","publisher":{"@id":"https:\/\/oreskylaw.com\/es\/#organization"},"potentialAction":[{"@type":"SearchAction","target":{"@type":"EntryPoint","urlTemplate":"https:\/\/oreskylaw.com\/es\/?s={search_term_string}"},"query-input":{"@type":"PropertyValueSpecification","valueRequired":true,"valueName":"search_term_string"}}],"inLanguage":"es"}]}},"_links":{"self":[{"href":"https:\/\/oreskylaw.com\/es\/wp-json\/wp\/v2\/pages\/19529","targetHints":{"allow":["GET"]}}],"collection":[{"href":"https:\/\/oreskylaw.com\/es\/wp-json\/wp\/v2\/pages"}],"about":[{"href":"https:\/\/oreskylaw.com\/es\/wp-json\/wp\/v2\/types\/page"}],"author":[{"embeddable":true,"href":"https:\/\/oreskylaw.com\/es\/wp-json\/wp\/v2\/users\/9"}],"replies":[{"embeddable":true,"href":"https:\/\/oreskylaw.com\/es\/wp-json\/wp\/v2\/comments?post=19529"}],"version-history":[{"count":0,"href":"https:\/\/oreskylaw.com\/es\/wp-json\/wp\/v2\/pages\/19529\/revisions"}],"up":[{"embeddable":true,"href":"https:\/\/oreskylaw.com\/es\/wp-json\/wp\/v2\/pages\/19332"}],"wp:attachment":[{"href":"https:\/\/oreskylaw.com\/es\/wp-json\/wp\/v2\/media?parent=19529"}],"curies":[{"name":"wp","href":"https:\/\/api.w.org\/{rel}","templated":true}]}}