{"id":19541,"date":"2025-12-10T05:51:23","date_gmt":"2025-12-10T05:51:23","guid":{"rendered":"https:\/\/oreskylaw.com\/?page_id=19541"},"modified":"2026-01-31T09:42:35","modified_gmt":"2026-01-31T09:42:35","slug":"abogados-de-accidentes-frontales","status":"publish","type":"page","link":"https:\/\/oreskylaw.com\/es\/queens\/abogados-de-accidentes-frontales\/","title":{"rendered":"Abogado Especialista en Colisiones Frontales"},"content":{"rendered":"<h2>Abogado de Choques Frontales en Queens<\/h2>\n<p>Ver una m\u00e1quina que pesa varios miles de libras y est\u00e1 llena de metal peligroso y cristales acerc\u00e1ndose directamente hacia ti es uno de los eventos m\u00e1s aterradores que puedes imaginar. Los choques frontales pueden provocar lesiones catastr\u00f3ficas y v\u00edctimas fatales de tr\u00e1fico. Los abogados de choques frontales en\u00a0<a href=\"https:\/\/oreskylaw.com\/es\/acerca-de-nosotros\/\">Oresky &amp; Associates, PLLC<\/a>\u00a0est\u00e1n aqu\u00ed para exigir justicia y responsabilidad si t\u00fa o un ser querido resultaron heridos en un choque frontal en Queens, New York.<\/p>\n<p>Con m\u00e1s de 30 a\u00f1os de experiencia y m\u00e1s de $400 millones recuperados para nuestros merecedores clientes, puedes confiar en nosotros para manejar capazmente tu reclamo.\u00a0<a href=\"https:\/\/oreskylaw.com\/es\/contacto\/\">Cont\u00e1ctanos<\/a> hoy al <a href=\"tel:+19293050949\">(929) 305-0949<\/a>\u00a0para programar una revisi\u00f3n de caso gratuita.<\/p>\n<h2>C\u00f3mo Puede Ayudar Oresky &amp; Associates Despu\u00e9s de un Choque Frontal en Queens<\/h2>\n<p>Si resultaste herido en una colisi\u00f3n frontal en Queens, NY, es posible que tengas derecho a compensaci\u00f3n por las facturas m\u00e9dicas, los salarios perdidos y el dolor y sufrimiento que soportaste debido a la negligencia de otra persona. Nuestros abogados de accidentes de coche en Queens pueden manejar tu reclamo para que puedas centrarte en tu recuperaci\u00f3n. Puedes confiarnos lo siguiente:<\/p>\n<ul>\n<li>Responder cualquier pregunta que tengas sobre el proceso de reclamos<\/li>\n<li>Explicar tus derechos legales y opciones<\/li>\n<li>Investigar a fondo el accidente<\/li>\n<li>Identificar a todas las partes culpables y posibles v\u00edas de compensaci\u00f3n<\/li>\n<li>Reunir evidencia convincente para establecer responsabilidad y tus da\u00f1os<\/li>\n<li>Crear una estrategia legal individualizada para recuperar una compensaci\u00f3n justa<\/li>\n<li>Presentar reclamos de seguros y manejar los plazos del caso<\/li>\n<li>Estimar con precisi\u00f3n la extensi\u00f3n total del da\u00f1o que sufriste debido a la negligencia de otra persona<\/li>\n<li>Exigir una compensaci\u00f3n justa por el da\u00f1o que has sufrido<\/li>\n<\/ul>\n<p>Nuestro equipo legal est\u00e1 listo para hacer todo lo que est\u00e9 en nuestro poder para perseguir la compensaci\u00f3n a la que tienes derecho. Ll\u00e1manos para tu consulta gratuita con un compasivo abogado de lesiones personales de Queens.<\/p>\n<h2>Peligros de las Colisiones Frontales en Queens<\/h2>\n<p>Las colisiones frontales ocurren menos frecuentemente que otros tipos de colisiones. Desafortunadamente, cuando suceden, los resultados son a menudo catastr\u00f3ficos. Las colisiones frontales suelen representar menos del 3% de todas las colisiones de tr\u00e1nsito. Esto se compara con las colisiones traseras, que son responsables de aproximadamente el\u00a0<a href=\"https:\/\/www.nhtsa.gov\/sites\/nhtsa.gov\/files\/analyses20of20rear-end20crashes20and20near-crashes20dot20hs2081020846.pdf\" target=\"_blank\" rel=\"nofollow noopener noreferrer\">29% de todos los accidentes<\/a>.<\/p>\n<p>Sin embargo, las colisiones frontales son responsables de un n\u00famero desproporcionado de colisiones fatales. Son responsables de aproximadamente el\u00a0<a href=\"https:\/\/safety.fhwa.dot.gov\/roadway_dept\/strat_approach\/brochure\/docs\/FHWA-SA-21-025_Head_On_Crashes.pdf\" target=\"_blank\" rel=\"nofollow noopener noreferrer\">14% de las colisiones de tr\u00e1fico fatales<\/a>. Tambi\u00e9n causan muchas lesiones catastr\u00f3ficas que afectan las vidas de las v\u00edctimas para siempre. Las colisiones frontales a menudo ocurren a altas velocidades, lo que aumenta el potencial de lesiones catastr\u00f3ficas y muertes.<\/p>\n<p>Tambi\u00e9n pueden involucrar a conductores bajo la influencia de sustancias que tal vez no frenen. Cuando los accidentes ocurren a velocidades m\u00e1s altas, el impacto es igual a las velocidades combinadas de ambos veh\u00edculos, lo que puede causar lesiones graves y muertes a conductores desprevenidos.<\/p>\n<h2>Causas Comunes de Choques Frontales en Queens<\/h2>\n<p>La mayor\u00eda de los choques frontales son causados por errores de los conductores. Algunos ejemplos de errores de los conductores que pueden causar choques frontales peligrosos incluyen:<\/p>\n<div class=\"row\">\n<ul class=\"col-xl-6\">\n<li><a href=\"https:\/\/oreskylaw.com\/es\/queens\/abogados-de-accidentes-por-exceso-de-velocidad\/\">Exceso de velocidad<\/a><\/li>\n<li>Correcci\u00f3n excesiva despu\u00e9s de salirse de la carretera o desviarse a otro carrilne<\/li>\n<li>Conducir bajo la influencia de drogas, alcohol o falta de sue\u00f1o<\/li>\n<li><a href=\"https:\/\/oreskylaw.com\/es\/queens\/abogados-de-accidentes-por-conduccion-distraida\/\">Conducci\u00f3n distra\u00edda<\/a><\/li>\n<\/ul>\n<ul class=\"col-xl-6\">\n<li>Cambios de carril o adelantamientos indebidos<\/li>\n<li>No ceder el paso<\/li>\n<li>Ignorar se\u00f1ales de tr\u00e1fico o se\u00f1alizaciones<\/li>\n<li>Conducir en sentido contrario en una calle de un solo sentido<\/li>\n<\/ul>\n<\/div>\n<p>Algunos choques frontales son debido a problemas distintos a los conductores descuidados. Por ejemplo, problemas mec\u00e1nicos como neum\u00e1ticos reventados o frenos que no detienen, que pueden deberse a trabajo mec\u00e1nico descuidado o defectos del auto.<\/p>\n    <div class=\"cw-cta-box\">\n        <div class=\"cw-cta-box__inner \">\n            <div class=\"cw-cta-box__info\">\n                                    <div class=\"label\">\u00a1Llame ahora!<\/div>\n                            <\/div>\n                            <div class=\"contact-phone\">\n                    <a href=\"tel:7189939999\"\n                        aria-label=\"Tap to call button\">\n                        718-993-9999                    <\/a>\n                <\/div>\n                    <\/div>\n                    <a href=\"\/es\/contacto\/\"\n               class=\"cta-btn btn btn--primary btn\"\n               target=\"\">\n                Obtenga Una Consulta Gratuita            <\/a>\n            <\/div>\n    \n<h2>Lesiones Comunes en Choques Frontales en Queens, New York<\/h2>\n<p>En una colisi\u00f3n frontal, los ocupantes en el asiento delantero pueden ser expulsados ??del veh\u00edculo o golpearse contra una superficie dura en el veh\u00edculo. Adem\u00e1s, el motor en la parte delantera del coche puede ser empujado hacia los ocupantes, quienes pueden ser aplastados o sufrir lesiones graves. Estos factores conducen a lesiones como:<\/p>\n<div class=\"row\">\n<ul class=\"col-xl-6\">\n<li>Lesiones cerebrales traum\u00e1ticas<\/li>\n<li>Lesiones de piernas y rodillas<\/li>\n<li>Lesiones de pecho<\/li>\n<li><a href=\"https:\/\/oreskylaw.com\/es\/lesion\/abogados-de-lesiones-huesos-rotos\/\">Huesos rotos<\/a><\/li>\n<\/ul>\n<ul class=\"col-xl-6\">\n<li><a href=\"https:\/\/oreskylaw.com\/es\/lesion\/abogados-de-lesiones-de-la-medula-espinal\/\">Lesiones de la m\u00e9dula espinal<\/a><\/li>\n<li>Lesiones de cuello y espalda<\/li>\n<li><a href=\"https:\/\/oreskylaw.com\/es\/lesion\/abogados-de-lesiones-por-airbag\/\">Lesiones por airbag y cintur\u00f3n de seguridad<\/a><\/li>\n<\/ul>\n<\/div>\n<p>Muchas lesiones que las v\u00edctimas sostienen en choques frontales pueden llevar a lesiones que amenazan la vida. Algunas v\u00edctimas de accidentes sufren lesiones permanentes y no pueden volver al trabajo o a la vida normal. Si resultaste herido en un choque frontal, la compensaci\u00f3n debe reflejar la gravedad de las lesiones que has sufrido.<\/p>\n<h2>Compensaci\u00f3n Que Puedes Obtener Despu\u00e9s de un Accidente de Coche Frontal en Queens<\/h2>\n<p>New York es un estado de \u00absin culpa\u00bb para el seguro de coches. Eso significa que generalmente puedes presentar un reclamo contra tu propia p\u00f3liza de seguro por beneficios, independientemente de qui\u00e9n caus\u00f3 el choque. Sin embargo, estos beneficios son limitados.<\/p>\n<p>Si tu accidente fue especialmente grave y fue causado por alguien m\u00e1s, podr\u00edas ser capaz de salir de las reglas de sin culpa y presentar un reclamo contra el conductor responsable. La compensaci\u00f3n por un accidente de coche en estas circunstancias puede incluir pago por:<\/p>\n<ul>\n<li>Gastos m\u00e9dicos por tratamiento de emergencia y cuidado continuo<\/li>\n<li><a href=\"https:\/\/oreskylaw.com\/es\/blog\/puedo-obtener-un-reembolso-por-perdidas-de-salario\/\">Salarios perdidos<\/a><\/li>\n<li>Cualquier reducci\u00f3n permanente o temporal en tu capacidad de ganancia causada por tus lesiones<\/li>\n<li>Discapacidad permanente, desfiguraci\u00f3n y cicatrices<\/li>\n<li>P\u00e9rdida de calidad de vida<\/li>\n<li>Dolor y sufrimiento<\/li>\n<li>Y mucho m\u00e1s<\/li>\n<\/ul>\n<p>Un experimentado abogado de choques frontales en Queens puede revisar tu caso y determinar su valor potencial.<\/p>\n<h2>Estatuto de Limitaciones para Demandas de Accidentes de Coche en New York<\/h2>\n<p>El l\u00edmite de tiempo para presentar una demanda contra el conductor negligente en New York usualmente es de tres a\u00f1os a partir de la fecha del accidente. Sin embargo, ten en cuenta que hay excepciones al plazo en algunos casos. Contactar a un abogado de accidentes de coche con experiencia es la mejor manera de confirmar la cantidad de tiempo que tienes para presentar una demanda en tu caso.<\/p>\n<h2>Contacta a Nuestros Abogados de Accidentes de Coche en Queens Para Programar una Consulta Gratuita<\/h2>\n<p>Los choques frontales pueden resultar en lesiones debilitantes. Los abogados de choques frontales de Queens en Oresky &amp; Associates, PLLC quieren ayudarte a demandar una compensaci\u00f3n justa por el da\u00f1o que has sufrido debido a la negligencia de otra persona. Cont\u00e1ctanos hoy para comenzar con tu reclamo. Tu consulta inicial es gratuita y solo cobramos por nuestros servicios si recuperamos una compensaci\u00f3n en tu nombre.<\/p>\n","protected":false},"excerpt":{"rendered":"<p>Abogado de Choques Frontales en Queens Ver una m\u00e1quina que pesa varios miles de libras y est\u00e1 llena de metal peligroso y cristales acerc\u00e1ndose directamente hacia ti es uno de los eventos m\u00e1s aterradores que puedes imaginar. Los choques frontales pueden provocar lesiones catastr\u00f3ficas y v\u00edctimas fatales de tr\u00e1fico. Los abogados de choques frontales en\u00a0Oresky [&hellip;]<\/p>\n","protected":false},"author":9,"featured_media":0,"parent":19332,"menu_order":37,"comment_status":"closed","ping_status":"closed","template":"","meta":{"_acf_changed":false,"footnotes":""},"class_list":["post-19541","page","type-page","status-publish","hentry"],"acf":[],"yoast_head":"<!-- This site is optimized with the Yoast SEO plugin v27.3 - https:\/\/yoast.com\/product\/yoast-seo-wordpress\/ -->\n<title>Abogado de Colisiones Frontales en Queens - Oresky &amp; Associates, PLLC<\/title>\n<meta name=\"description\" content=\"\u00bfLesionado en un choque frontal en Queens? No demore en buscar ayuda legal de abogados. Cont\u00e1ctenos en Oresky &amp; Associates, PLLC ahora para su consulta gratuita.\" \/>\n<meta name=\"robots\" content=\"index, follow, max-snippet:-1, max-image-preview:large, max-video-preview:-1\" \/>\n<link rel=\"canonical\" href=\"https:\/\/oreskylaw.com\/es\/queens\/abogados-de-accidentes-frontales\/\" \/>\n<meta property=\"og:locale\" content=\"es_ES\" \/>\n<meta property=\"og:type\" content=\"article\" \/>\n<meta property=\"og:title\" content=\"Abogado de Colisiones Frontales en Queens - Oresky &amp; Associates, PLLC\" \/>\n<meta property=\"og:description\" content=\"\u00bfLesionado en un choque frontal en Queens? No demore en buscar ayuda legal de abogados. Cont\u00e1ctenos en Oresky &amp; Associates, PLLC ahora para su consulta gratuita.\" \/>\n<meta property=\"og:url\" content=\"https:\/\/oreskylaw.com\/es\/queens\/abogados-de-accidentes-frontales\/\" \/>\n<meta property=\"og:site_name\" content=\"Oresky &amp; Associates, PLLC\" \/>\n<meta property=\"article:publisher\" content=\"https:\/\/www.facebook.com\/Oreskylaw\/\" \/>\n<meta property=\"article:modified_time\" content=\"2026-01-31T09:42:35+00:00\" \/>\n<meta property=\"og:image\" content=\"https:\/\/oreskylaw.com\/wp-content\/uploads\/2026\/01\/oresky-team-careers.png\" \/>\n\t<meta property=\"og:image:width\" content=\"995\" \/>\n\t<meta property=\"og:image:height\" content=\"617\" \/>\n\t<meta property=\"og:image:type\" content=\"image\/png\" \/>\n<meta name=\"twitter:card\" content=\"summary_large_image\" \/>\n<meta name=\"twitter:site\" content=\"@JacobOreskyLaw\" \/>\n<meta name=\"twitter:label1\" content=\"Tiempo de lectura\" \/>\n\t<meta name=\"twitter:data1\" content=\"5 minutos\" \/>\n<!-- \/ Yoast SEO plugin. -->","yoast_head_json":{"title":"Abogado de Colisiones Frontales en Queens - Oresky & Associates, PLLC","description":"\u00bfLesionado en un choque frontal en Queens? No demore en buscar ayuda legal de abogados. Cont\u00e1ctenos en Oresky & Associates, PLLC ahora para su consulta gratuita.","robots":{"index":"index","follow":"follow","max-snippet":"max-snippet:-1","max-image-preview":"max-image-preview:large","max-video-preview":"max-video-preview:-1"},"canonical":"https:\/\/oreskylaw.com\/es\/queens\/abogados-de-accidentes-frontales\/","og_locale":"es_ES","og_type":"article","og_title":"Abogado de Colisiones Frontales en Queens - Oresky & Associates, PLLC","og_description":"\u00bfLesionado en un choque frontal en Queens? No demore en buscar ayuda legal de abogados. Cont\u00e1ctenos en Oresky & Associates, PLLC ahora para su consulta gratuita.","og_url":"https:\/\/oreskylaw.com\/es\/queens\/abogados-de-accidentes-frontales\/","og_site_name":"Oresky &amp; Associates, PLLC","article_publisher":"https:\/\/www.facebook.com\/Oreskylaw\/","article_modified_time":"2026-01-31T09:42:35+00:00","og_image":[{"width":995,"height":617,"url":"https:\/\/oreskylaw.com\/wp-content\/uploads\/2026\/01\/oresky-team-careers.png","type":"image\/png"}],"twitter_card":"summary_large_image","twitter_site":"@JacobOreskyLaw","twitter_misc":{"Tiempo de lectura":"5 minutos"},"schema":{"@context":"https:\/\/schema.org","@graph":[{"@type":"WebPage","@id":"https:\/\/oreskylaw.com\/es\/queens\/abogados-de-accidentes-frontales\/","url":"https:\/\/oreskylaw.com\/es\/queens\/abogados-de-accidentes-frontales\/","name":"Abogado de Colisiones Frontales en Queens - Oresky & Associates, PLLC","isPartOf":{"@id":"https:\/\/oreskylaw.com\/es\/#website"},"datePublished":"2025-12-10T05:51:23+00:00","dateModified":"2026-01-31T09:42:35+00:00","description":"\u00bfLesionado en un choque frontal en Queens? No demore en buscar ayuda legal de abogados. Cont\u00e1ctenos en Oresky & Associates, PLLC ahora para su consulta gratuita.","breadcrumb":{"@id":"https:\/\/oreskylaw.com\/es\/queens\/abogados-de-accidentes-frontales\/#breadcrumb"},"inLanguage":"es","potentialAction":[{"@type":"ReadAction","target":["https:\/\/oreskylaw.com\/es\/queens\/abogados-de-accidentes-frontales\/"]}]},{"@type":"BreadcrumbList","@id":"https:\/\/oreskylaw.com\/es\/queens\/abogados-de-accidentes-frontales\/#breadcrumb","itemListElement":[{"@type":"ListItem","position":1,"name":"Inicio","item":"https:\/\/oreskylaw.com\/es\/"},{"@type":"ListItem","position":2,"name":"Queens","item":"https:\/\/oreskylaw.com\/es\/queens\/"},{"@type":"ListItem","position":3,"name":"Abogado Especialista en Colisiones Frontales"}]},{"@type":"WebSite","@id":"https:\/\/oreskylaw.com\/es\/#website","url":"https:\/\/oreskylaw.com\/es\/","name":"Oresky & Associates PLLC","description":"","publisher":{"@id":"https:\/\/oreskylaw.com\/es\/#organization"},"potentialAction":[{"@type":"SearchAction","target":{"@type":"EntryPoint","urlTemplate":"https:\/\/oreskylaw.com\/es\/?s={search_term_string}"},"query-input":{"@type":"PropertyValueSpecification","valueRequired":true,"valueName":"search_term_string"}}],"inLanguage":"es"}]}},"_links":{"self":[{"href":"https:\/\/oreskylaw.com\/es\/wp-json\/wp\/v2\/pages\/19541","targetHints":{"allow":["GET"]}}],"collection":[{"href":"https:\/\/oreskylaw.com\/es\/wp-json\/wp\/v2\/pages"}],"about":[{"href":"https:\/\/oreskylaw.com\/es\/wp-json\/wp\/v2\/types\/page"}],"author":[{"embeddable":true,"href":"https:\/\/oreskylaw.com\/es\/wp-json\/wp\/v2\/users\/9"}],"replies":[{"embeddable":true,"href":"https:\/\/oreskylaw.com\/es\/wp-json\/wp\/v2\/comments?post=19541"}],"version-history":[{"count":0,"href":"https:\/\/oreskylaw.com\/es\/wp-json\/wp\/v2\/pages\/19541\/revisions"}],"up":[{"embeddable":true,"href":"https:\/\/oreskylaw.com\/es\/wp-json\/wp\/v2\/pages\/19332"}],"wp:attachment":[{"href":"https:\/\/oreskylaw.com\/es\/wp-json\/wp\/v2\/media?parent=19541"}],"curies":[{"name":"wp","href":"https:\/\/api.w.org\/{rel}","templated":true}]}}