{"id":19553,"date":"2025-12-10T05:51:42","date_gmt":"2025-12-10T05:51:42","guid":{"rendered":"https:\/\/oreskylaw.com\/?page_id=19553"},"modified":"2026-01-31T09:47:25","modified_gmt":"2026-01-31T09:47:25","slug":"abogados-de-accidentes-de-carretera","status":"publish","type":"page","link":"https:\/\/oreskylaw.com\/es\/queens\/abogados-de-accidentes-de-carretera\/","title":{"rendered":"Abogado Especialista en Accidentes de Tr\u00e1fico en Queens Highway"},"content":{"rendered":"<h2>Abogado de Accidentes en la Autopista de Queens<\/h2>\n<p>Si usted ha resultado herido en un accidente de carretera en Queens, New York, podr\u00eda tener derecho a recibir compensaci\u00f3n por sus lesiones. Los abogados de accidentes de la autopista de\u00a0<a href=\"https:\/\/oreskylaw.com\/es\/acerca-de-nosotros\/\">Oresky &amp; Associates, PLLC<\/a>\u00a0tienen m\u00e1s de 30 a\u00f1os de experiencia representando a v\u00edctimas de lesiones personales como usted. Ayudamos a las personas a recuperar la compensaci\u00f3n necesaria para pagar gastos m\u00e9dicos, p\u00e9rdida de ingresos y otras p\u00e9rdidas sufridas.<\/p>\n<p>Ofrecemos una consulta gratuita y sin compromiso en la que un abogado especializado en accidentes de coche de Queens puede revisar las circunstancias alrededor de su caso. Podemos proporcionarle una evaluaci\u00f3n honesta de sus opciones legales.\u00a0<a href=\"https:\/\/oreskylaw.com\/es\/contacto\/\">Contacte<\/a>\u00a0nuestro despacho de abogados al\u00a0<a href=\"tel:+19293050949\">(929) 305-0949<\/a>\u00a0hoy para su revisi\u00f3n gratuita del caso.<\/p>\n<h2>C\u00f3mo Nuestros Abogados de Accidentes de Coche en Queens Pueden Ayudarle Despu\u00e9s de un Accidente en la Autopista<\/h2>\n<p><img loading=\"lazy\" decoding=\"async\" class=\"size-full wp-image-11828 alignright\" src=\"https:\/\/oreskylaw.com\/wp-content\/uploads\/2026\/01\/How-Can-Oresky-Associates-PLLC-Help-After-a-Speeding-Accident-in-the-Bronx-NY.webp\" alt=\"bronx bridge construction site accident attorney\" width=\"300\" height=\"200\" \/>Nuestros abogados de accidentes de la autopista de Queens trabajan mano a mano con las v\u00edctimas de lesiones personales. Sabemos que muchos accidentes en la carretera resultan en <a href=\"https:\/\/oreskylaw.com\/es\/lesion\/abogados-de-lesiones-cerebrales\/\">lesiones graves<\/a>, como lesiones cerebrales traum\u00e1ticas, lesiones de la m\u00e9dula espinal, fracturas complejas y otras lesiones catastr\u00f3ficas.<\/p>\n<p>Ayudamos a las v\u00edctimas\u00a0<a href=\"https:\/\/oreskylaw.com\/es\/queens\/abogados-de-accidentes-de-auto\/\">de accidentes de coche de Queens<\/a>\u00a0a:<\/p>\n<ul>\n<li>Investigar todas las causas que contribuyeron al accidente<\/li>\n<li>Identificar a todas las partes responsables<\/li>\n<li>Recopilar pruebas para demostrar su reclamaci\u00f3n y la extensi\u00f3n completa de sus p\u00e9rdidas<\/li>\n<li>Manejar las comunicaciones con las compa\u00f1\u00edas de seguros y otras partes en su nombre<\/li>\n<li>Negociar una compensaci\u00f3n justa<\/li>\n<\/ul>\n<p>Nuestro despacho ha recuperado con \u00e9xito m\u00e1s de $400 millones para v\u00edctimas de accidentes en Queens, NY y \u00e1reas cercanas. Perm\u00edtanos poner nuestra amplia experiencia a trabajar para usted. Contacte con nosotros hoy para saber m\u00e1s sobre c\u00f3mo podemos ayudar.<\/p>\n<h2>Causas Comunes de Accidentes en la Autopista en Queens, NY<\/h2>\n<p>Muchas variables pueden estar involucradas en los accidentes de carretera en Queens, incluyendo:<\/p>\n<div class=\"row\">\n<ul class=\"col-xl-6\">\n<li><a href=\"https:\/\/oreskylaw.com\/es\/queens\/abogados-de-accidentes-por-exceso-de-velocidad\/\">Exceso de velocidad<\/a><\/li>\n<li><a href=\"https:\/\/oreskylaw.com\/es\/queens\/abogados-de-accidentes-por-conduccion-distraida\/\">Conducci\u00f3n distra\u00edda<\/a><\/li>\n<li>Seguir demasiado cerca<\/li>\n<li>Falta de atenci\u00f3n<\/li>\n<\/ul>\n<ul class=\"col-xl-6\">\n<li><a href=\"https:\/\/oreskylaw.com\/es\/queens\/abogados-de-accidentes-de-coche-por-conducir-bajo-los-efectos-del-alcohol\/\">Conducci\u00f3n deteriorada<\/a><\/li>\n<li>Conductores inexpertos<\/li>\n<li>No ceder el paso<\/li>\n<li>Incumplimiento de las normas de tr\u00e1fico<\/li>\n<\/ul>\n<\/div>\n<p>Un experimentado abogado de accidentes de la autopista de Queens puede investigar qu\u00e9 caus\u00f3 su colisi\u00f3n y trabajar para responsabilizar a las partes negligentes.<\/p>\n    <div class=\"cw-cta-box\">\n        <div class=\"cw-cta-box__inner \">\n            <div class=\"cw-cta-box__info\">\n                                    <div class=\"label\">\u00a1Llame ahora!<\/div>\n                            <\/div>\n                            <div class=\"contact-phone\">\n                    <a href=\"tel:7189939999\"\n                        aria-label=\"Tap to call button\">\n                        718-993-9999                    <\/a>\n                <\/div>\n                    <\/div>\n                    <a href=\"\/es\/contacto\/\"\n               class=\"cta-btn btn btn--primary btn\"\n               target=\"\">\n                Obtenga Una Consulta Gratuita            <\/a>\n            <\/div>\n    \n<h2>Pasos a Seguir Despu\u00e9s de un Accidente en la Autopista en Queens<\/h2>\n<p>Aqu\u00ed hay una lista breve de pasos que puede seguir despu\u00e9s de un accidente en la autopista en Queens para proteger su salud y sus derechos legales:<\/p>\n<ul>\n<li>Informar del accidente a la agencia policial m\u00e1s cercana<\/li>\n<li>Solicitar una ambulancia si usted u otra persona result\u00f3 f\u00edsicamente herida<\/li>\n<li>Obtener la identificaci\u00f3n del otro conductor, informaci\u00f3n del veh\u00edculo y del seguro<\/li>\n<li>Pedir informaci\u00f3n de contacto para cualquier testigo<\/li>\n<li>Tomar fotos de la escena del accidente, cualquier se\u00f1al relevante, la carretera y sus lesiones<\/li>\n<li>Tener cuidado con lo que dice para que no sea sacado de contexto<\/li>\n<li>Contactar a su compa\u00f1\u00eda de seguros para informar del accidente<\/li>\n<\/ul>\n<p>Tambi\u00e9n, considere contactar a un abogado experto en accidentes de coche en Queens que pueda manejar su caso y tomar medidas para proteger sus derechos a lo largo del proceso.<\/p>\n<h2>Opciones de Seguro Despu\u00e9s de Accidentes en la Autopista en Queens, NY<\/h2>\n<p>Si est\u00e1 involucrado en un accidente de carretera en Queens, podr\u00eda ser capaz de buscar recuperaci\u00f3n financiera a trav\u00e9s de una o m\u00e1s de las siguientes p\u00f3lizas de seguro:<\/p>\n<h3>Beneficios Sin Culpa<\/h3>\n<p>New York es un estado sin culpa para accidentes de coche. La intenci\u00f3n es evitar que las demandas congestionen el sistema judicial, haciendo que los conductores recurran a su propia compa\u00f1\u00eda de seguros para la cobertura despu\u00e9s de un accidente, independientemente de qui\u00e9n tenga la culpa. Usted recurre a sus beneficios sin culpa para pagar inicialmente los da\u00f1os que incurra.<\/p>\n<h3>Beneficios Adicionales Sin Culpa<\/h3>\n<p>Si sus da\u00f1os exceden la cantidad disponible bajo su seguro sin culpa, puede solicitar beneficios adicionales sin culpa de la compa\u00f1\u00eda de seguros que cubre el veh\u00edculo en el que estaba o la p\u00f3liza de auto de un miembro de la familia en su hogar. Los beneficios adicionales sin culpa son opcionales.<\/p>\n<h3>Cobertura de Automovilista sin Seguro\/Subasegurado<\/h3>\n<p>La cobertura de automovilista sin seguro (UI) ayuda a pagar sus da\u00f1os si usted est\u00e1 involucrado en un accidente causado por un conductor sin seguro. La cobertura de automovilista subasegurado (UIM) ayuda a pagar sus da\u00f1os si usted est\u00e1 involucrado en un accidente en el que usted sufre m\u00e1s da\u00f1os de los que el conductor culpable tiene seguro para pagar. La cobertura UI y UIM es a trav\u00e9s de su propia p\u00f3liza de seguro de auto.<\/p>\n<h3>Seguro de Responsabilidad<\/h3>\n<p>Si sufre una lesi\u00f3n grave, puede salirse del sistema sin culpa y buscar compensaci\u00f3n del seguro de responsabilidad de la parte culpable. Una lesi\u00f3n grave se define bajo la Ley de Seguros de New York como una lesi\u00f3n personal que resulta en cualquiera de los siguientes:<\/p>\n<ul>\n<li>Desmembramiento<\/li>\n<li>Desfiguraci\u00f3n significativa<\/li>\n<li>Una fractura<\/li>\n<li>P\u00e9rdida de un feto<\/li>\n<li>P\u00e9rdida permanente del uso de un \u00f3rgano, miembro, funci\u00f3n o sistema<\/li>\n<li>Limitaci\u00f3n consecuente y permanente del uso de un \u00f3rgano o miembro<\/li>\n<li>Limitaci\u00f3n significativa del uso de un sistema o funci\u00f3n corporal<\/li>\n<\/ul>\n<p>Una lesi\u00f3n o impedimento determinados m\u00e9dicamente que impide a la v\u00edctima realizar pr\u00e1cticamente todas las actividades normales que normalmente completar\u00eda durante al menos 90 de los 180 d\u00edas siguientes al accidente<\/p>\n<p>Para establecer que usted sufri\u00f3 una lesi\u00f3n grave, necesitar\u00e1 evidencia m\u00e9dica s\u00f3lida.<\/p>\n<h2>\u00bfQu\u00e9 Compensaci\u00f3n Potencial Puedo Recibir Despu\u00e9s de un Accidente en la Autopista de Queens?<\/h2>\n<p>Si usted resulta herido en un accidente en la autopista de Queens, puede buscar compensaci\u00f3n por:<\/p>\n<div class=\"row\">\n<ul class=\"col-xl-6\">\n<li>Gastos m\u00e9dicos pasados, actuales y futuros<\/li>\n<li>Ingresos perdidos o reducidos o capacidad de ganancia<\/li>\n<li>Discapacidad permanente, cicatrices o desfiguraci\u00f3n<\/li>\n<li>Costos para reparar o reemplazar su veh\u00edculo<\/li>\n<\/ul>\n<ul class=\"col-xl-6\">\n<li>Gastos de bolsillo<\/li>\n<li>P\u00e9rdida del disfrute de la vida<\/li>\n<li>Prolongaci\u00f3n y sufrimiento f\u00edsico<\/li>\n<li>Angustia y estr\u00e9s emocional y mental<\/li>\n<\/ul>\n<\/div>\n<p>Un experimentado abogado de lesiones personales de Queens puede revisar las circunstancias de su caso y determinar la compensaci\u00f3n posible que podr\u00eda recuperar.<\/p>\n<h2>\u00bfQu\u00e9 Pasa Si Yo Tuve Parte de la Culpa en un Accidente en la Autopista en Queens, New York?<\/h2>\n<p>Si usted contribuy\u00f3 al accidente, la regla de culpa comparativa pura de New York podr\u00eda aplicarse a su caso.<\/p>\n<p>Bajo esta ley, a\u00fan puede recuperar compensaci\u00f3n de otra parte por sus p\u00e9rdidas, incluso si su propia negligencia contribuy\u00f3 al accidente. Sin embargo, su premio de da\u00f1os se reduce por su grado de culpa. Si tuvo un 25% de culpa, su premio se reducir\u00eda en un 25%.<\/p>\n<h2>\u00bfCu\u00e1nto Tiempo Tengo Para Presentar una Reclamaci\u00f3n de Accidente de Coche en NY?<\/h2>\n<p>El plazo de prescripci\u00f3n para presentar una reclamaci\u00f3n de accidente de coche en New York es generalmente de tres a\u00f1os. Esto significa que debe presentar una demanda dentro de los tres a\u00f1os a partir de la fecha del accidente para preservar sus derechos. Presentar una demanda puede ser necesario si la compa\u00f1\u00eda de seguros no est\u00e1 de acuerdo con un arreglo justo.<\/p>\n<h2>Contacte a un Experimentado Abogado de Accidentes de la Autopista en Queens Para Ayuda Legal<\/h2>\n<p>Los abogados de accidentes de la autopista de Oresky &amp; Associates, PLLC est\u00e1n aqu\u00ed para ayudarle despu\u00e9s de que se lesione. Podemos poner nuestra considerable experiencia en uso para ayudarle a perseguir la compensaci\u00f3n que merece. Contacte con nosotros hoy para su revisi\u00f3n gratuita y sin compromiso del caso.<\/p>\n","protected":false},"excerpt":{"rendered":"<p>Abogado de Accidentes en la Autopista de Queens Si usted ha resultado herido en un accidente de carretera en Queens, New York, podr\u00eda tener derecho a recibir compensaci\u00f3n por sus lesiones. Los abogados de accidentes de la autopista de\u00a0Oresky &amp; Associates, PLLC\u00a0tienen m\u00e1s de 30 a\u00f1os de experiencia representando a v\u00edctimas de lesiones personales como [&hellip;]<\/p>\n","protected":false},"author":9,"featured_media":0,"parent":19332,"menu_order":38,"comment_status":"closed","ping_status":"closed","template":"","meta":{"_acf_changed":false,"footnotes":""},"class_list":["post-19553","page","type-page","status-publish","hentry"],"acf":[],"yoast_head":"<!-- This site is optimized with the Yoast SEO plugin v27.3 - https:\/\/yoast.com\/product\/yoast-seo-wordpress\/ -->\n<title>Abogado de Accidentes en la Carretera Queens - Oresky &amp; Associates, PLLC<\/title>\n<meta name=\"description\" content=\"\u00bfLesionado en un accidente en una autopista de Queens? Nuestro bufete de abogados Oresky &amp; Associates, PLLC luchar\u00e1 por sus derechos. \u00a1Cont\u00e1ctenos para consulta!\" \/>\n<meta name=\"robots\" content=\"index, follow, max-snippet:-1, max-image-preview:large, max-video-preview:-1\" \/>\n<link rel=\"canonical\" href=\"https:\/\/oreskylaw.com\/es\/queens\/abogados-de-accidentes-de-carretera\/\" \/>\n<meta property=\"og:locale\" content=\"es_ES\" \/>\n<meta property=\"og:type\" content=\"article\" \/>\n<meta property=\"og:title\" content=\"Abogado de Accidentes en la Carretera Queens - Oresky &amp; Associates, PLLC\" \/>\n<meta property=\"og:description\" content=\"\u00bfLesionado en un accidente en una autopista de Queens? Nuestro bufete de abogados Oresky &amp; Associates, PLLC luchar\u00e1 por sus derechos. \u00a1Cont\u00e1ctenos para consulta!\" \/>\n<meta property=\"og:url\" content=\"https:\/\/oreskylaw.com\/es\/queens\/abogados-de-accidentes-de-carretera\/\" \/>\n<meta property=\"og:site_name\" content=\"Oresky &amp; Associates, PLLC\" \/>\n<meta property=\"article:publisher\" content=\"https:\/\/www.facebook.com\/Oreskylaw\/\" \/>\n<meta property=\"article:modified_time\" content=\"2026-01-31T09:47:25+00:00\" \/>\n<meta property=\"og:image\" content=\"https:\/\/oreskylaw.com\/wp-content\/uploads\/2026\/01\/How-Can-Oresky-Associates-PLLC-Help-After-a-Speeding-Accident-in-the-Bronx-NY.webp\" \/>\n\t<meta property=\"og:image:width\" content=\"300\" \/>\n\t<meta property=\"og:image:height\" content=\"200\" \/>\n\t<meta property=\"og:image:type\" content=\"image\/webp\" \/>\n<meta name=\"twitter:card\" content=\"summary_large_image\" \/>\n<meta name=\"twitter:site\" content=\"@JacobOreskyLaw\" \/>\n<meta name=\"twitter:label1\" content=\"Tiempo de lectura\" \/>\n\t<meta name=\"twitter:data1\" content=\"6 minutos\" \/>\n<!-- \/ Yoast SEO plugin. -->","yoast_head_json":{"title":"Abogado de Accidentes en la Carretera Queens - Oresky & Associates, PLLC","description":"\u00bfLesionado en un accidente en una autopista de Queens? Nuestro bufete de abogados Oresky & Associates, PLLC luchar\u00e1 por sus derechos. \u00a1Cont\u00e1ctenos para consulta!","robots":{"index":"index","follow":"follow","max-snippet":"max-snippet:-1","max-image-preview":"max-image-preview:large","max-video-preview":"max-video-preview:-1"},"canonical":"https:\/\/oreskylaw.com\/es\/queens\/abogados-de-accidentes-de-carretera\/","og_locale":"es_ES","og_type":"article","og_title":"Abogado de Accidentes en la Carretera Queens - Oresky & Associates, PLLC","og_description":"\u00bfLesionado en un accidente en una autopista de Queens? Nuestro bufete de abogados Oresky & Associates, PLLC luchar\u00e1 por sus derechos. \u00a1Cont\u00e1ctenos para consulta!","og_url":"https:\/\/oreskylaw.com\/es\/queens\/abogados-de-accidentes-de-carretera\/","og_site_name":"Oresky &amp; Associates, PLLC","article_publisher":"https:\/\/www.facebook.com\/Oreskylaw\/","article_modified_time":"2026-01-31T09:47:25+00:00","og_image":[{"width":300,"height":200,"url":"https:\/\/oreskylaw.com\/wp-content\/uploads\/2026\/01\/How-Can-Oresky-Associates-PLLC-Help-After-a-Speeding-Accident-in-the-Bronx-NY.webp","type":"image\/webp"}],"twitter_card":"summary_large_image","twitter_site":"@JacobOreskyLaw","twitter_misc":{"Tiempo de lectura":"6 minutos"},"schema":{"@context":"https:\/\/schema.org","@graph":[{"@type":"WebPage","@id":"https:\/\/oreskylaw.com\/es\/queens\/abogados-de-accidentes-de-carretera\/","url":"https:\/\/oreskylaw.com\/es\/queens\/abogados-de-accidentes-de-carretera\/","name":"Abogado de Accidentes en la Carretera Queens - Oresky & Associates, PLLC","isPartOf":{"@id":"https:\/\/oreskylaw.com\/es\/#website"},"primaryImageOfPage":{"@id":"https:\/\/oreskylaw.com\/es\/queens\/abogados-de-accidentes-de-carretera\/#primaryimage"},"image":{"@id":"https:\/\/oreskylaw.com\/es\/queens\/abogados-de-accidentes-de-carretera\/#primaryimage"},"thumbnailUrl":"https:\/\/oreskylaw.com\/wp-content\/uploads\/2026\/01\/How-Can-Oresky-Associates-PLLC-Help-After-a-Speeding-Accident-in-the-Bronx-NY.webp","datePublished":"2025-12-10T05:51:42+00:00","dateModified":"2026-01-31T09:47:25+00:00","description":"\u00bfLesionado en un accidente en una autopista de Queens? Nuestro bufete de abogados Oresky & Associates, PLLC luchar\u00e1 por sus derechos. \u00a1Cont\u00e1ctenos para consulta!","breadcrumb":{"@id":"https:\/\/oreskylaw.com\/es\/queens\/abogados-de-accidentes-de-carretera\/#breadcrumb"},"inLanguage":"es","potentialAction":[{"@type":"ReadAction","target":["https:\/\/oreskylaw.com\/es\/queens\/abogados-de-accidentes-de-carretera\/"]}]},{"@type":"ImageObject","inLanguage":"es","@id":"https:\/\/oreskylaw.com\/es\/queens\/abogados-de-accidentes-de-carretera\/#primaryimage","url":"https:\/\/oreskylaw.com\/wp-content\/uploads\/2026\/01\/How-Can-Oresky-Associates-PLLC-Help-After-a-Speeding-Accident-in-the-Bronx-NY.webp","contentUrl":"https:\/\/oreskylaw.com\/wp-content\/uploads\/2026\/01\/How-Can-Oresky-Associates-PLLC-Help-After-a-Speeding-Accident-in-the-Bronx-NY.webp"},{"@type":"BreadcrumbList","@id":"https:\/\/oreskylaw.com\/es\/queens\/abogados-de-accidentes-de-carretera\/#breadcrumb","itemListElement":[{"@type":"ListItem","position":1,"name":"Inicio","item":"https:\/\/oreskylaw.com\/es\/"},{"@type":"ListItem","position":2,"name":"Queens","item":"https:\/\/oreskylaw.com\/es\/queens\/"},{"@type":"ListItem","position":3,"name":"Abogado Especialista en Accidentes de Tr\u00e1fico en Queens Highway"}]},{"@type":"WebSite","@id":"https:\/\/oreskylaw.com\/es\/#website","url":"https:\/\/oreskylaw.com\/es\/","name":"Oresky & Associates PLLC","description":"","publisher":{"@id":"https:\/\/oreskylaw.com\/es\/#organization"},"potentialAction":[{"@type":"SearchAction","target":{"@type":"EntryPoint","urlTemplate":"https:\/\/oreskylaw.com\/es\/?s={search_term_string}"},"query-input":{"@type":"PropertyValueSpecification","valueRequired":true,"valueName":"search_term_string"}}],"inLanguage":"es"}]}},"_links":{"self":[{"href":"https:\/\/oreskylaw.com\/es\/wp-json\/wp\/v2\/pages\/19553","targetHints":{"allow":["GET"]}}],"collection":[{"href":"https:\/\/oreskylaw.com\/es\/wp-json\/wp\/v2\/pages"}],"about":[{"href":"https:\/\/oreskylaw.com\/es\/wp-json\/wp\/v2\/types\/page"}],"author":[{"embeddable":true,"href":"https:\/\/oreskylaw.com\/es\/wp-json\/wp\/v2\/users\/9"}],"replies":[{"embeddable":true,"href":"https:\/\/oreskylaw.com\/es\/wp-json\/wp\/v2\/comments?post=19553"}],"version-history":[{"count":0,"href":"https:\/\/oreskylaw.com\/es\/wp-json\/wp\/v2\/pages\/19553\/revisions"}],"up":[{"embeddable":true,"href":"https:\/\/oreskylaw.com\/es\/wp-json\/wp\/v2\/pages\/19332"}],"wp:attachment":[{"href":"https:\/\/oreskylaw.com\/es\/wp-json\/wp\/v2\/media?parent=19553"}],"curies":[{"name":"wp","href":"https:\/\/api.w.org\/{rel}","templated":true}]}}