{"id":19565,"date":"2025-12-10T05:52:02","date_gmt":"2025-12-10T05:52:02","guid":{"rendered":"https:\/\/oreskylaw.com\/?page_id=19565"},"modified":"2026-01-31T09:49:09","modified_gmt":"2026-01-31T09:49:09","slug":"abogados-de-atropellos-y-fugas","status":"publish","type":"page","link":"https:\/\/oreskylaw.com\/es\/queens\/abogados-de-atropellos-y-fugas\/","title":{"rendered":"Abogado de Accidentes de Atropello y Fuga en Queens"},"content":{"rendered":"<p>Si resultaste herido en un accidente de fuga y choque en Queens, NY, mereces justicia y responsabilidad financiera. Sin embargo, puede ser complicado rastrear a la parte culpable, cooperar en una investigaci\u00f3n policial y atender tus lesiones, adem\u00e1s de todas las otras responsabilidades que tienes..<\/p>\n<p><a href=\"https:\/\/oreskylaw.com\/es\/queens\/abogados-de-accidentes-de-auto\/\">Los abogados de accidentes de auto<\/a>\u00a0con experiencia en\u00a0<a href=\"https:\/\/oreskylaw.com\/es\/acerca-de-nosotros\/\">Oresky &amp; Associates, PLLC<\/a>\u00a0\u00a0pueden ayudar a enmendar las cosas despu\u00e9s de que hayas sido herido por un conductor imprudente que huy\u00f3 del lugar.<\/p>\n<p>Ofrecemos una consulta gratuita donde puedes informarte sobre tus derechos y opciones legales mientras discutes tu reclamo con un abogado de accidentes de fuga y choque en Queens. <a href=\"https:\/\/oreskylaw.com\/es\/contacto\/\">Contacta nuestra oficina de abogados de lesiones personales<\/a>\u00a0al\u00a0<a href=\"tel:+19293050949\">(929) 305-0949<\/a>\u00a0hoy para comenzar.<\/p>\n<h2>\u00bfC\u00f3mo Puede Ayudarme un Abogado de Accidentes de Auto en Queens Despu\u00e9s de un Choque de Fuga?<\/h2>\n<p><img loading=\"lazy\" decoding=\"async\" class=\"size-full wp-image-16209 alignleft\" src=\"https:\/\/oreskylaw.com\/wp-content\/uploads\/2026\/01\/How-Our-Bronx-Car-Accident-Lawyers-Can-Help-After-a-Lane-Change-Crash.webp\" alt=\"Bronx bridge construction site accident attorney\" width=\"300\" height=\"154\" \/>En Oresky &amp; Associates, PLLC, tenemos m\u00e1s de 30 a\u00f1os de experiencia representando a personas lesionadas en todo Queens, New York. Desde 1992, hemos\u00a0<a href=\"https:\/\/oreskylaw.com\/es\/resultados-del-casos\/\">recuperado m\u00e1s de $400 millones para nuestros clientes<\/a>. Durante ese tiempo, tambi\u00e9n nos hemos forjado una reputaci\u00f3n como defensores legales agresivos.<\/p>\n<p><a href=\"https:\/\/oreskylaw.com\/es\/abogados\/jacob-oresky\/\">Nuestro abogado principal, Jacob Oresky<\/a>, \u00a0ha sido incluido en \u00abLos Abogados de Lesiones Personales L\u00edderes de New York \u00bb de la revista New York Magazine y es parte del Foro de Abogados de Un Mill\u00f3n de D\u00f3lares y Super Lawyers.<\/p>\n<p>Cuando contratas nuestra firma legal despu\u00e9s de un accidente de fuga y choque en Queens, puedes esperar que nosotros:<\/p>\n<ul>\n<li>Investigemos c\u00f3mo ocurri\u00f3 el accidente<\/li>\n<li>Trabajemos con la polic\u00eda para identificar al conductor culpable<\/li>\n<li>Recopilemos evidencia para probar la culpa<\/li>\n<li>Documentemos tus lesiones y da\u00f1os<\/li>\n<li>Colaboremos con tu equipo m\u00e9dico para asegurar que recibas el tratamiento adecuado<\/li>\n<li>Manejemos todas las reclamaciones de seguros<\/li>\n<li>Protejamos tus derechos legales en cada etapa de tu caso<\/li>\n<\/ul>\n<p>Estamos aqu\u00ed para ayudarte en este momento dif\u00edcil. Contacta a nuestros abogados de accidentes de fuga y choque en Queens hoy para tu revisi\u00f3n gratuita del caso.<\/p>\n<h2>\u00bfQu\u00e9 Tan Comunes Son los Accidentes de Fuga y Choque en la Ciudad de New York?<\/h2>\n<p>La Fundaci\u00f3n AAA para la Seguridad Vial informa que hay aproximadamente\u00a0<a href=\"https:\/\/newsroom.aaa.com\/2018\/04\/hit-run-deaths-hit-record-high\/\" target=\"_blank\" rel=\"nofollow noopener noreferrer\">682.000 accidentes de fuga y choque<\/a>\u00a0que ocurren a nivel nacional cada a\u00f1o. Estos choques dan cuenta de unas 2.000 muertes.<\/p>\n<p>En 2022,\u00a0<a href=\"https:\/\/www.nyc.gov\/site\/nypd\/stats\/traffic-data\/traffic-data-leaving-the-scene.page\" target=\"_blank\" rel=\"nofollow noopener noreferrer\">se informaron 43.108 accidentes de auto<\/a>\u00a0en NYC en los que un conductor huy\u00f3 de la escena del accidente. Solo 375 de esos conductores fueron arrestados.<\/p>\n<h2>\u00bfPor Qu\u00e9 Ocurren Los Accidentes de Fuga y Choque?<\/h2>\n<p>Los accidentes de fuga y choque a menudo ocurren porque el conductor culpable est\u00e1 haciendo algo mal y trata de evitar la responsabilidad por ello.<\/p>\n<p>Razones comunes para accidentes de fuga y choque incluyen:<\/p>\n<ul>\n<li><strong>Participar en actividad ilegal:<\/strong> El conductor puede saber que estaban haciendo algo ilegal, como beber y conducir o consumir drogas. Tambi\u00e9n podr\u00edan estar conduciendo sin licencia o seguro.<\/li>\n<li><strong>Miedo:<\/strong> Algunos conductores simplemente tienen miedo y reaccionan huyendo de la escena.<\/li>\n<li><strong>Huir de la escena de un crimen:<\/strong> Algunos accidentes de fuga y choque ocurren mientras una persona est\u00e1 huyendo de la escena de un crimen o tratando de evadir a la polic\u00eda.<\/li>\n<li><strong>No querer asumir responsabilidad por el accidente:<\/strong> Algunos conductores ego\u00edstamente dejan la escena del accidente porque saben que fueron responsables de \u00e9l y no quieren ser financieramente responsables por ello.<\/li>\n<\/ul>\n<p>Ninguna de estas excusas justifica dejar la escena de un choque. Un abogado de accidentes de fuga y choque con experiencia en Queens puede ayudarte a buscar una compensaci\u00f3n justa despu\u00e9s de un choque que te haya dejado herido.<\/p>\n    <div class=\"cw-cta-box\">\n        <div class=\"cw-cta-box__inner \">\n            <div class=\"cw-cta-box__info\">\n                                    <div class=\"label\">\u00a1Llame ahora!<\/div>\n                            <\/div>\n                            <div class=\"contact-phone\">\n                    <a href=\"tel:7189939999\"\n                        aria-label=\"Tap to call button\">\n                        718-993-9999                    <\/a>\n                <\/div>\n                    <\/div>\n                    <a href=\"\/es\/contacto\/\"\n               class=\"cta-btn btn btn--primary btn\"\n               target=\"\">\n                Obtenga Una Consulta Gratuita            <\/a>\n            <\/div>\n    \n<h2>Qu\u00e9 Hacer Despu\u00e9s de un Choque de Fuga y Choque en Queens, NY<\/h2>\n<p>Aqu\u00ed hay algunos pasos que puedes tomar si est\u00e1s herido en una colisi\u00f3n de fuga y choque en Queens, New York:<\/p>\n<ul>\n<li><strong>Reportar el accidente:<\/strong> Llama al 911 para reportar el accidente. Es un delito dejar la escena de un accidente sin detenerse e intercambiar informaci\u00f3n con los dem\u00e1s involucrados.<\/li>\n<li><strong>Documentar lo m\u00e1s posible:<\/strong> Intenta escribir una descripci\u00f3n del conductor y el veh\u00edculo mientras tu memoria est\u00e1 fresca. Pide a cualquier testigo su informaci\u00f3n de contacto. Haz una nota de cualquier c\u00e1mara de vigilancia cercana.<\/li>\n<li><strong>Buscar atenci\u00f3n m\u00e9dica: <\/strong>Si no te llevan inmediatamente a recibir atenci\u00f3n m\u00e9dica despu\u00e9s del accidente, busca atenci\u00f3n lo antes posible. Esto asegurar\u00e1 que tus lesiones se diagnostiquen prontamente y se conecten con el accidente.<\/li>\n<li><strong>Pedir una copia del informe del accidente:<\/strong> Una vez preparado el informe del accidente, solicita una copia de este. Lo necesitar\u00e1s para tu reclamo de seguro.<\/li>\n<li><strong>Colaborar con la polic\u00eda:<\/strong> Si puedes localizar al conductor que te golpe\u00f3, podr\u00e1s presentar un reclamo de seguro contra ellos o demandarlos. Tambi\u00e9n puede haber otras partes responsables del accidente, como un empleador o alguien que suministr\u00f3 alcohol a una persona intoxicada o menor.<\/li>\n<li><strong>Presentar un reclamo de seguro:<\/strong> Hasta que el conductor culpable pueda ser localizado, es posible que est\u00e9s limitado a la compensaci\u00f3n de tu propia cobertura de seguro.<\/li>\n<\/ul>\n<p>Un abogado de accidentes de auto en Queens puede brindarte consejos adicionales y orientaci\u00f3n a lo largo de tu reclamo por lesiones personales.<\/p>\n<h2>Programa una Consulta Gratuita Con Nuestros Abogados de Accidentes de Auto en Queens Si Estuviste Involucrado en una Colisi\u00f3n de Fuga y Choque<\/h2>\n<p>Si tienes alguna pregunta sobre accidentes de fuga y choque o tus derechos legales,\u00a0<a href=\"https:\/\/oreskylaw.com\/es\/contacto\/\">contacta a Oresky &amp; Associates, PLLC<\/a> al\u00a0<a href=\"tel:+19293050949\">(929) 305-0949<\/a>. Nuestros abogados de accidentes de auto en Queens ofrecen una consulta gratuita en la cual podemos discutir tus opciones legales.<\/p>\n","protected":false},"excerpt":{"rendered":"<p>Si resultaste herido en un accidente de fuga y choque en Queens, NY, mereces justicia y responsabilidad financiera. Sin embargo, puede ser complicado rastrear a la parte culpable, cooperar en una investigaci\u00f3n policial y atender tus lesiones, adem\u00e1s de todas las otras responsabilidades que tienes.. Los abogados de accidentes de auto\u00a0con experiencia en\u00a0Oresky &amp; Associates, [&hellip;]<\/p>\n","protected":false},"author":9,"featured_media":0,"parent":19332,"menu_order":39,"comment_status":"closed","ping_status":"closed","template":"","meta":{"_acf_changed":false,"footnotes":""},"class_list":["post-19565","page","type-page","status-publish","hentry"],"acf":[],"yoast_head":"<!-- This site is optimized with the Yoast SEO plugin v27.3 - https:\/\/yoast.com\/product\/yoast-seo-wordpress\/ -->\n<title>Abogado de Accidentes de Atropello y Fuga en Queens - Oresky &amp; Associates, PLLC<\/title>\n<meta name=\"description\" content=\"\u00bfV\u00edctima de un atropello y fuga en Queens? Nuestros abogados luchar\u00e1n por justicia y compensaci\u00f3n. Contacte nuestro bufete de abogados hoy para consulta.\" \/>\n<meta name=\"robots\" content=\"index, follow, max-snippet:-1, max-image-preview:large, max-video-preview:-1\" \/>\n<link rel=\"canonical\" href=\"https:\/\/oreskylaw.com\/es\/queens\/abogados-de-atropellos-y-fugas\/\" \/>\n<meta property=\"og:locale\" content=\"es_ES\" \/>\n<meta property=\"og:type\" content=\"article\" \/>\n<meta property=\"og:title\" content=\"Abogado de Accidentes de Atropello y Fuga en Queens - Oresky &amp; Associates, PLLC\" \/>\n<meta property=\"og:description\" content=\"\u00bfV\u00edctima de un atropello y fuga en Queens? Nuestros abogados luchar\u00e1n por justicia y compensaci\u00f3n. Contacte nuestro bufete de abogados hoy para consulta.\" \/>\n<meta property=\"og:url\" content=\"https:\/\/oreskylaw.com\/es\/queens\/abogados-de-atropellos-y-fugas\/\" \/>\n<meta property=\"og:site_name\" content=\"Oresky &amp; Associates, PLLC\" \/>\n<meta property=\"article:publisher\" content=\"https:\/\/www.facebook.com\/Oreskylaw\/\" \/>\n<meta property=\"article:modified_time\" content=\"2026-01-31T09:49:09+00:00\" \/>\n<meta property=\"og:image\" content=\"https:\/\/oreskylaw.com\/wp-content\/uploads\/2026\/01\/How-Our-Bronx-Car-Accident-Lawyers-Can-Help-After-a-Lane-Change-Crash.webp\" \/>\n\t<meta property=\"og:image:width\" content=\"300\" \/>\n\t<meta property=\"og:image:height\" content=\"154\" \/>\n\t<meta property=\"og:image:type\" content=\"image\/webp\" \/>\n<meta name=\"twitter:card\" content=\"summary_large_image\" \/>\n<meta name=\"twitter:site\" content=\"@JacobOreskyLaw\" \/>\n<meta name=\"twitter:label1\" content=\"Tiempo de lectura\" \/>\n\t<meta name=\"twitter:data1\" content=\"5 minutos\" \/>\n<!-- \/ Yoast SEO plugin. -->","yoast_head_json":{"title":"Abogado de Accidentes de Atropello y Fuga en Queens - Oresky & Associates, PLLC","description":"\u00bfV\u00edctima de un atropello y fuga en Queens? Nuestros abogados luchar\u00e1n por justicia y compensaci\u00f3n. Contacte nuestro bufete de abogados hoy para consulta.","robots":{"index":"index","follow":"follow","max-snippet":"max-snippet:-1","max-image-preview":"max-image-preview:large","max-video-preview":"max-video-preview:-1"},"canonical":"https:\/\/oreskylaw.com\/es\/queens\/abogados-de-atropellos-y-fugas\/","og_locale":"es_ES","og_type":"article","og_title":"Abogado de Accidentes de Atropello y Fuga en Queens - Oresky & Associates, PLLC","og_description":"\u00bfV\u00edctima de un atropello y fuga en Queens? Nuestros abogados luchar\u00e1n por justicia y compensaci\u00f3n. Contacte nuestro bufete de abogados hoy para consulta.","og_url":"https:\/\/oreskylaw.com\/es\/queens\/abogados-de-atropellos-y-fugas\/","og_site_name":"Oresky &amp; Associates, PLLC","article_publisher":"https:\/\/www.facebook.com\/Oreskylaw\/","article_modified_time":"2026-01-31T09:49:09+00:00","og_image":[{"width":300,"height":154,"url":"https:\/\/oreskylaw.com\/wp-content\/uploads\/2026\/01\/How-Our-Bronx-Car-Accident-Lawyers-Can-Help-After-a-Lane-Change-Crash.webp","type":"image\/webp"}],"twitter_card":"summary_large_image","twitter_site":"@JacobOreskyLaw","twitter_misc":{"Tiempo de lectura":"5 minutos"},"schema":{"@context":"https:\/\/schema.org","@graph":[{"@type":"WebPage","@id":"https:\/\/oreskylaw.com\/es\/queens\/abogados-de-atropellos-y-fugas\/","url":"https:\/\/oreskylaw.com\/es\/queens\/abogados-de-atropellos-y-fugas\/","name":"Abogado de Accidentes de Atropello y Fuga en Queens - Oresky & Associates, PLLC","isPartOf":{"@id":"https:\/\/oreskylaw.com\/es\/#website"},"primaryImageOfPage":{"@id":"https:\/\/oreskylaw.com\/es\/queens\/abogados-de-atropellos-y-fugas\/#primaryimage"},"image":{"@id":"https:\/\/oreskylaw.com\/es\/queens\/abogados-de-atropellos-y-fugas\/#primaryimage"},"thumbnailUrl":"https:\/\/oreskylaw.com\/wp-content\/uploads\/2026\/01\/How-Our-Bronx-Car-Accident-Lawyers-Can-Help-After-a-Lane-Change-Crash.webp","datePublished":"2025-12-10T05:52:02+00:00","dateModified":"2026-01-31T09:49:09+00:00","description":"\u00bfV\u00edctima de un atropello y fuga en Queens? Nuestros abogados luchar\u00e1n por justicia y compensaci\u00f3n. Contacte nuestro bufete de abogados hoy para consulta.","breadcrumb":{"@id":"https:\/\/oreskylaw.com\/es\/queens\/abogados-de-atropellos-y-fugas\/#breadcrumb"},"inLanguage":"es","potentialAction":[{"@type":"ReadAction","target":["https:\/\/oreskylaw.com\/es\/queens\/abogados-de-atropellos-y-fugas\/"]}]},{"@type":"ImageObject","inLanguage":"es","@id":"https:\/\/oreskylaw.com\/es\/queens\/abogados-de-atropellos-y-fugas\/#primaryimage","url":"https:\/\/oreskylaw.com\/wp-content\/uploads\/2026\/01\/How-Our-Bronx-Car-Accident-Lawyers-Can-Help-After-a-Lane-Change-Crash.webp","contentUrl":"https:\/\/oreskylaw.com\/wp-content\/uploads\/2026\/01\/How-Our-Bronx-Car-Accident-Lawyers-Can-Help-After-a-Lane-Change-Crash.webp"},{"@type":"BreadcrumbList","@id":"https:\/\/oreskylaw.com\/es\/queens\/abogados-de-atropellos-y-fugas\/#breadcrumb","itemListElement":[{"@type":"ListItem","position":1,"name":"Inicio","item":"https:\/\/oreskylaw.com\/es\/"},{"@type":"ListItem","position":2,"name":"Queens","item":"https:\/\/oreskylaw.com\/es\/queens\/"},{"@type":"ListItem","position":3,"name":"Abogado de Accidentes de Atropello y Fuga en Queens"}]},{"@type":"WebSite","@id":"https:\/\/oreskylaw.com\/es\/#website","url":"https:\/\/oreskylaw.com\/es\/","name":"Oresky & Associates PLLC","description":"","publisher":{"@id":"https:\/\/oreskylaw.com\/es\/#organization"},"potentialAction":[{"@type":"SearchAction","target":{"@type":"EntryPoint","urlTemplate":"https:\/\/oreskylaw.com\/es\/?s={search_term_string}"},"query-input":{"@type":"PropertyValueSpecification","valueRequired":true,"valueName":"search_term_string"}}],"inLanguage":"es"}]}},"_links":{"self":[{"href":"https:\/\/oreskylaw.com\/es\/wp-json\/wp\/v2\/pages\/19565","targetHints":{"allow":["GET"]}}],"collection":[{"href":"https:\/\/oreskylaw.com\/es\/wp-json\/wp\/v2\/pages"}],"about":[{"href":"https:\/\/oreskylaw.com\/es\/wp-json\/wp\/v2\/types\/page"}],"author":[{"embeddable":true,"href":"https:\/\/oreskylaw.com\/es\/wp-json\/wp\/v2\/users\/9"}],"replies":[{"embeddable":true,"href":"https:\/\/oreskylaw.com\/es\/wp-json\/wp\/v2\/comments?post=19565"}],"version-history":[{"count":0,"href":"https:\/\/oreskylaw.com\/es\/wp-json\/wp\/v2\/pages\/19565\/revisions"}],"up":[{"embeddable":true,"href":"https:\/\/oreskylaw.com\/es\/wp-json\/wp\/v2\/pages\/19332"}],"wp:attachment":[{"href":"https:\/\/oreskylaw.com\/es\/wp-json\/wp\/v2\/media?parent=19565"}],"curies":[{"name":"wp","href":"https:\/\/api.w.org\/{rel}","templated":true}]}}