{"id":19589,"date":"2025-12-10T05:52:40","date_gmt":"2025-12-10T05:52:40","guid":{"rendered":"https:\/\/oreskylaw.com\/?page_id=19589"},"modified":"2026-01-31T09:58:21","modified_gmt":"2026-01-31T09:58:21","slug":"abogados-de-negligencia-medica","status":"publish","type":"page","link":"https:\/\/oreskylaw.com\/es\/queens\/abogados-de-negligencia-medica\/","title":{"rendered":"Abogado de negligencia m\u00e9dica en Queens"},"content":{"rendered":"<p>Como v\u00edctima de un error m\u00e9dico en Queens, puedes tener derecho a una importante indemnizaci\u00f3n. Haz que tu m\u00e9dico negligente rinda cuentas llamando a los abogados especializados en negligencias m\u00e9dicas de Queens de\u00a0<a href=\"https:\/\/oreskylaw.com\/es\/acerca-de-nosotros\/\">Oresky &amp; Associates, PLLC<\/a>. Estamos dispuestos a ayudarte a luchar para maximizar tu recuperaci\u00f3n por la atenci\u00f3n m\u00e9dica, los salarios perdidos, el sufrimiento y otros da\u00f1os.<\/p>\n<p>Durante m\u00e1s de 25 a\u00f1os, Oresky &amp; Associates, PLLC ha proporcionado la mejor representaci\u00f3n legal a las v\u00edctimas de accidentes y lesiones en todo el distrito de Queens. Nuestros galardonados abogados litigantes han ganado m\u00e1s de 400 millones de d\u00f3lares -y siguen sumando- en acuerdos y veredictos.<\/p>\n<p>Permite que luchemos por ti cuando lo necesites. Llama a nuestro equipo al\u00a0<a href=\"tel:+19293050949\">(718) 993-999<\/a> o <a href=\"https:\/\/oreskylaw.com\/es\/contacto\/\">con\u00e9ctate con nosotros por Internet<\/a>\u00a0para concertar una cita para una consulta gratuita. Se pueden organizar visitas a domicilio, al trabajo y al hospital.<\/p>\n<h2>C\u00f3mo puede ayudar Oresky &amp; Associates, PLLC si has sido v\u00edctima de un error m\u00e9dico en Queens<\/h2>\n<p>A pesar de que un error m\u00e9dico puede haberte hecho da\u00f1o, el m\u00e9dico, el hospital o la compa\u00f1\u00eda de seguros no querr\u00e1n pagarte ni un centavo. Tendr\u00e1s que dar la cara y luchar para conseguir la indemnizaci\u00f3n que mereces. Al mismo tiempo, tambi\u00e9n tienes que dedicarte a recuperar tu salud.<\/p>\n<p>Ah\u00ed es donde los abogados de lesiones personales de Queens, Oresky &amp; Associates, PLLC pueden ayudarte.<\/p>\n<p>Desde 1992, hemos sido fervientes defensores de las v\u00edctimas de lesiones en Queens, New York, ganando con \u00e9xito cientos de millones de d\u00f3lares en su nombre. Somos litigantes duros y no tenemos miedo a la sala del tribunal, lo que significa que conseguimos resultados para nuestros clientes.<\/p>\n<p>Cuando contratas a nuestro despacho para que te represente, puedes esperar que:<\/p>\n<ul>\n<li>Nos encarguemos de todos los aspectos de tu caso de negligencia m\u00e9dica de principio a fin<\/li>\n<li>Te ayudemos a tomar las decisiones dif\u00edciles, como aceptar un acuerdo o ir a juicio<\/li>\n<li>Investiguemos las circunstancias de tu caso y reunamos pruebas para demostrar la negligencia<\/li>\n<li>Trabajemos estrechamente con expertos y especialistas durante todo el proceso<\/li>\n<li>Negociemos con los acusados para conseguir un acuerdo significativo<\/li>\n<li>Argumentemos tu caso con pasi\u00f3n ante un jurado de Queens<\/li>\n<\/ul>\n<p>Sabemos lo mucho que depende del \u00e9xito de tu caso de negligencia m\u00e9dica. Deja que tomemos las riendas y luchemos por conseguir justicia econ\u00f3mica para ti. Estamos aqu\u00ed para facilitarte las cosas al m\u00e1ximo.<\/p>\n<p>La primera evaluaci\u00f3n de tu caso es gratuita, as\u00ed que no dudes en ponerte en contacto con nuestro equipo para programar la tuya hoy mismo.<\/p>\n<h2>\u00bfQu\u00e9 es una negligencia m\u00e9dica?<\/h2>\n<p>La medicina es complicada. Hay mucho en juego: muchas veces es de vida o muerte. Por lo tanto, tenemos que poder confiar en que nuestros m\u00e9dicos utilicen el alto grado de habilidad, cuidado y experiencia que tienen para mantenernos a salvo.<\/p>\n<p>La negligencia m\u00e9dica significa, b\u00e1sicamente, que un m\u00e9dico (u otro profesional sanitario) no ha prestado un nivel razonable de atenci\u00f3n y ha provocado que un paciente resulte herido.<\/p>\n<p>La negligencia m\u00e9dica puede ser muchas cosas diferentes, como:<\/p>\n<div class=\"row\">\n<ul class=\"col-xl-6\">\n<li>No diagnosticar una enfermedad<\/li>\n<li>Diagn\u00f3stico inadecuado<\/li>\n<li>No tomar el historial del paciente o no escuchar sus preocupaciones<\/li>\n<li>Falta de comunicaci\u00f3n del personal<\/li>\n<li>Errores en los historiales<\/li>\n<\/ul>\n<ul class=\"col-xl-6\">\n<li>Cirug\u00eda err\u00f3nea<\/li>\n<li>Errores quir\u00fargicos<\/li>\n<li>Errores de medicaci\u00f3n<\/li>\n<li>Errores de anestesia<\/li>\n<li>Eventos de nunca jam\u00e1s<\/li>\n<li>Alta prematura<\/li>\n<\/ul>\n<\/div>\n<p>Nuestros abogados especializados en negligencias m\u00e9dicas en Queens representan a las v\u00edctimas de negligencias y a sus familias. Nos enfrentaremos al hospital, al m\u00e9dico o m\u00e9dicos negligentes y a la compa\u00f1\u00eda de seguros en tu nombre. Mientras luchamos, tendr\u00e1s la oportunidad que necesitas para enfocarte en mejorar y seguir con tu vida. Llama ahora para saber m\u00e1s.<\/p>\n<h2>\u00bfCon qu\u00e9 frecuencia ocurren los errores m\u00e9dicos?<\/h2>\n<p>Seg\u00fan un estudio de la Universidad Johns Hopkins, los errores m\u00e9dicos son la tercera causa de muerte evitable en Estados Unidos. El estudio estima que los errores m\u00e9dicos provocan la muerte de 250.000 personas cada a\u00f1o.<\/p>\n<p>Los errores m\u00e9dicos superan con creces las muertes evitables por otras causas. Los accidentes de coche provocan unas 46.000 muertes por negligencia y los accidentes laborales matan a unos 11.000 trabajadores cada a\u00f1o.<\/p>\n<p>Tambi\u00e9n se cree que la mayor\u00eda de las v\u00edctimas de negligencias m\u00e9dicas nunca toman medidas legales. Alrededor del 2% de las v\u00edctimas llegan a presentar una demanda y solicitar una indemnizaci\u00f3n por da\u00f1os y perjuicios. Al mismo tiempo, los datos de la Asociaci\u00f3n M\u00e9dica Americana (AMA) sugieren que uno de cada tres m\u00e9dicos se enfrentar\u00e1 a una demanda por negligencia m\u00e9dica durante su carrera.<\/p>\n<h2>\u00bfCu\u00e1nto vale mi demanda por negligencia m\u00e9dica?<\/h2>\n<p>Cada situaci\u00f3n es diferente. Cada paciente es \u00fanico. Las consecuencias de un caso de negligencia m\u00e9dica ser\u00e1n muy diferentes de las de otro. Por lo tanto, es dif\u00edcil decir cu\u00e1l es el valor de tu caso concreto de negligencia m\u00e9dica.<\/p>\n<p>Sin embargo, estos factores influir\u00e1n en su valor<\/p>\n<ul>\n<li>Qu\u00e9 tipo de error m\u00e9dico se cometi\u00f3 y c\u00f3mo te ha afectado<\/li>\n<li>El tipo de lesiones que has sufrido y su gravedad<\/li>\n<li>Si se espera que te recuperes totalmente o no<\/li>\n<li>El tipo de tratamiento y cuidados m\u00e9dicos que necesitar\u00e1s -ahora y en el futuro- para mejorar<\/li>\n<li>Si tu capacidad para trabajar y ganarte la vida se ha visto afectada<\/li>\n<li>El grado de dolor y sufrimiento que has experimentado<\/li>\n<\/ul>\n<p>En 2018, el National Practitioner Data Bank realiz\u00f3 un estudio sobre las demandas por negligencia m\u00e9dica y sus resultados. Se descubri\u00f3 que los demandantes recibieron m\u00e1s de 4 millones de d\u00f3lares ese a\u00f1o. Solo un 3.5% de los casos fueron a juicio, el resto se resolvi\u00f3 de forma privada.<\/p>\n<p>El pago medio a las v\u00edctimas fue de 348.065 d\u00f3lares.<\/p>\n<p>Ponte en contacto con nuestros abogados especializados en negligencias m\u00e9dicas de Queens para hablar de los detalles de tu caso. Escucharemos tu historia, consideraremos los hechos y evaluaremos c\u00f3mo el error ha afectado (y probablemente afectar\u00e1) tu vida. Con esa informaci\u00f3n, podemos ayudarte a entender mejor lo que puede valer tu caso y las opciones legales de que dispones.<\/p>\n    <div class=\"cw-cta-box\">\n        <div class=\"cw-cta-box__inner \">\n            <div class=\"cw-cta-box__info\">\n                                    <div class=\"label\">\u00a1Llame ahora!<\/div>\n                            <\/div>\n                            <div class=\"contact-phone\">\n                    <a href=\"tel:7189939999\"\n                        aria-label=\"Tap to call button\">\n                        718-993-9999                    <\/a>\n                <\/div>\n                    <\/div>\n                    <a href=\"\/es\/contacto\/\"\n               class=\"cta-btn btn btn--primary btn\"\n               target=\"\">\n                Obtenga Una Consulta Gratuita            <\/a>\n            <\/div>\n    \n<h2>\u00bfPor qu\u00e9 puedo obtener dinero si presento una demanda por negligencia m\u00e9dica?<\/h2>\n<p>En New York, las v\u00edctimas de negligencia m\u00e9dica suelen poder exigir tanto\u00a0<a href=\"https:\/\/oreskylaw.com\/es\/blog\/lesiones-personales-danos-economicos\/\">indemnizaciones econ\u00f3micas<\/a>\u00a0como no econ\u00f3micas. Las indemnizaciones econ\u00f3micas compensan los costos financieros de tu traumatismo, mientras que las no econ\u00f3micas compensan tus lesiones dif\u00edciles de valorar.<\/p>\n<p>Oresky &amp; Associates, PLLC buscar\u00e1 agresivamente indemnizaciones por cosas como<\/p>\n<div class=\"row\">\n<ul class=\"col-xl-6\">\n<li>Hospitalizaci\u00f3n y atenci\u00f3n m\u00e9dica continuada<\/li>\n<li>Dispositivos m\u00e9dicos<\/li>\n<li>Equipos m\u00e9dicos<\/li>\n<li>Medicamentos<\/li>\n<li>Rehabilitaci\u00f3n y terapia<\/li>\n<li>Cuidados de enfermer\u00eda<\/li>\n<li>P\u00e9rdida de ingresos y salarios<\/li>\n<\/ul>\n<ul class=\"col-xl-6\">\n<li>Reducci\u00f3n de la capacidad de ganancia<\/li>\n<li>Incapacidad<\/li>\n<li>Dolor y sufrimiento<\/li>\n<li>P\u00e9rdida de calidad o disfrute de la vida<\/li>\n<li>Desfiguraci\u00f3n y cicatrizaci\u00f3n<\/li>\n<li>Y m\u00e1s<\/li>\n<\/ul>\n<\/div>\n<p>Si un error m\u00e9dico provoca una muerte por negligencia, nuestros compasivos abogados de lesiones personales de Queens estar\u00e1n ah\u00ed para ayudar a tu familia a luchar para que asuman la responsabilidad. Aunque el dinero no puede devolver a tu ser querido, puede ayudar a reducir las p\u00e9rdidas econ\u00f3micas asociadas a su muerte y proporcionar un poco de justicia.<\/p>\n<p>En New York, tambi\u00e9n puede haber indemnizaciones punitivas en los casos de negligencia m\u00e9dica. Sin embargo, debe haber pruebas claras de que el m\u00e9dico o el proveedor actu\u00f3 intencionadamente o con una despreocupaci\u00f3n tan flagrante por tu salud que el castigo es necesario.<\/p>\n<h2>\u00bfQu\u00e9 tengo que demostrar para ganar mi caso de negligencia m\u00e9dica en Queens?<\/h2>\n<p>Las demandas por negligencia m\u00e9dica en New York suelen basarse en la negligencia. Argumentar\u00e1s que te lesionaste porque tu m\u00e9dico -u otro proveedor- fue negligente y te hizo sufrir una lesi\u00f3n.<\/p>\n<p>Para demostrar la negligencia, tendr\u00e1s que probar lo siguiente:<\/p>\n<ul>\n<li><strong>Deber:<\/strong> exist\u00eda una relaci\u00f3n proveedor-paciente y te deb\u00edan un deber de cuidado<\/li>\n<li><strong>Incumplimiento:<\/strong> el proveedor no cumpli\u00f3 la norma de atenci\u00f3n e incumpli\u00f3 el deber que te correspond\u00eda<\/li>\n<li><strong>Causalidad:<\/strong> sus acciones (o inacciones) fueron la causa directa y pr\u00f3xima de una lesi\u00f3n<\/li>\n<li><strong>Da\u00f1os:<\/strong> puedes identificar los da\u00f1os relacionados: econ\u00f3micos, f\u00edsicos o emocionales<\/li>\n<\/ul>\n<p>Las demandas por negligencia m\u00e9dica son especialmente dif\u00edciles. Los hospitales y las compa\u00f1\u00edas de seguros tienen bolsillos profundos y se resistir\u00e1n a pagar. Es importante que trabajes con un abogado calificado y con experiencia para asegurarte de que tienes todas las oportunidades de ser escuchado y de conseguir la indemnizaci\u00f3n que mereces.<\/p>\n<h2>\u00bfQui\u00e9n puede ser responsable en un caso de negligencia m\u00e9dica?<\/h2>\n<p><img loading=\"lazy\" decoding=\"async\" class=\"size-full wp-image-16228 alignright\" src=\"https:\/\/oreskylaw.com\/wp-content\/uploads\/2026\/01\/Help-if-Youve-Been-the-Victim-of-an-Assault-in-Queens.webp\" alt=\"Who Can Be Liable in a Medical Negligence Case?\" width=\"300\" height=\"200\" \/>Las partes responsables pueden ser:<\/p>\n<div class=\"row\">\n<ul class=\"col-xl-6\">\n<li>M\u00e9dicos<\/li>\n<li>Cirujanos<\/li>\n<li>Especialistas<\/li>\n<li>M\u00e9dicos y personal de urgencias<\/li>\n<li>Enfermeras<\/li>\n<\/ul>\n<ul class=\"col-xl-6\">\n<li>Enfermeras profesionales<\/li>\n<li>Asistentes m\u00e9dicos<\/li>\n<li>Administradores<\/li>\n<li>Anestesistas<\/li>\n<li>Farmac\u00e9uticos<\/li>\n<\/ul>\n<\/div>\n<p>En \u00faltima instancia, cualquiera que contribuya o cometa un acto de negligencia m\u00e9dica puede ser responsable de las consecuencias.<\/p>\n<h2>\u00bfDe cu\u00e1nto tiempo dispongo para presentar una demanda por negligencia m\u00e9dica en Queens?<\/h2>\n<p>Dos a\u00f1os y medio. Ese es el plazo de prescripci\u00f3n que se aplica a la mayor\u00eda de las demandas por negligencia m\u00e9dica en el estado de New York.<\/p>\n<p>Si ocurre algo inusual, como que un cirujano se deje un instrumento u objeto en tu cuerpo durante un procedimiento, tendr\u00e1s un a\u00f1o desde la fecha en que lo descubras.<\/p>\n<p>Saltarse el plazo que se aplica a tu caso no es una opci\u00f3n. Eso significar\u00e1 perder la posibilidad de responsabilizar a tu m\u00e9dico negligente y exigir la indemnizaci\u00f3n que te corresponde por derecho.<\/p>\n<p>Ponte en contacto con nuestros experimentados y premiados abogados de lesiones personales en Queens para obtener ayuda inmediata.<\/p>\n<h2>Programa una consulta gratuita con un abogado de negligencia m\u00e9dica de Queens<\/h2>\n<p>\u00bfHas sido v\u00edctima de un error m\u00e9dico en Queens, NY? Ponte en contacto con Oresky &amp; Associates, PLLC para saber c\u00f3mo nuestro despacho de abogados puede ayudarte a arreglar las cosas. Nuestros abogados especializados en negligencias m\u00e9dicas de Queens pondr\u00e1n en pr\u00e1ctica d\u00e9cadas de experiencia para ayudarte a conseguir una indemnizaci\u00f3n por tu sufrimiento, la p\u00e9rdida de ingresos y las facturas m\u00e9dicas.<\/p>\n<p>Trabajamos con honorarios de contingencia. Esto significa que no hay ning\u00fan costo por contratarnos por adelantado. En cambio, solo cobramos si ganamos tu caso. Si no ganas, no pagas.<\/p>\n<p>La evaluaci\u00f3n inicial de tu caso es absolutamente gratuita, as\u00ed que no dudes en ponerte en contacto con nosotros para programar la tuya hoy mismo. Nuestro equipo est\u00e1 siempre a tu disposici\u00f3n, las 24 horas del d\u00eda y los 365 d\u00edas del a\u00f1o.<\/p>\n","protected":false},"excerpt":{"rendered":"<p>Como v\u00edctima de un error m\u00e9dico en Queens, puedes tener derecho a una importante indemnizaci\u00f3n. Haz que tu m\u00e9dico negligente rinda cuentas llamando a los abogados especializados en negligencias m\u00e9dicas de Queens de\u00a0Oresky &amp; Associates, PLLC. Estamos dispuestos a ayudarte a luchar para maximizar tu recuperaci\u00f3n por la atenci\u00f3n m\u00e9dica, los salarios perdidos, el sufrimiento [&hellip;]<\/p>\n","protected":false},"author":9,"featured_media":0,"parent":19332,"menu_order":42,"comment_status":"closed","ping_status":"closed","template":"","meta":{"_acf_changed":false,"footnotes":""},"class_list":["post-19589","page","type-page","status-publish","hentry"],"acf":[],"yoast_head":"<!-- This site is optimized with the Yoast SEO plugin v27.3 - https:\/\/yoast.com\/product\/yoast-seo-wordpress\/ -->\n<title>Abogado de Negligencia M\u00e9dica en Queens - Oresky &amp; Associates, PLLC<\/title>\n<meta name=\"description\" content=\"\u00bfSufre por negligencia m\u00e9dica en Queens? Obtenga la ayuda que merece. Nuestros abogados luchar\u00e1n por compensaci\u00f3n. Llame a nuestro bufete para consulta.\" \/>\n<meta name=\"robots\" content=\"index, follow, max-snippet:-1, max-image-preview:large, max-video-preview:-1\" \/>\n<link rel=\"canonical\" href=\"https:\/\/oreskylaw.com\/es\/queens\/abogados-de-negligencia-medica\/\" \/>\n<meta property=\"og:locale\" content=\"es_ES\" \/>\n<meta property=\"og:type\" content=\"article\" \/>\n<meta property=\"og:title\" content=\"Abogado de Negligencia M\u00e9dica en Queens - Oresky &amp; Associates, PLLC\" \/>\n<meta property=\"og:description\" content=\"\u00bfSufre por negligencia m\u00e9dica en Queens? Obtenga la ayuda que merece. Nuestros abogados luchar\u00e1n por compensaci\u00f3n. Llame a nuestro bufete para consulta.\" \/>\n<meta property=\"og:url\" content=\"https:\/\/oreskylaw.com\/es\/queens\/abogados-de-negligencia-medica\/\" \/>\n<meta property=\"og:site_name\" content=\"Oresky &amp; Associates, PLLC\" \/>\n<meta property=\"article:publisher\" content=\"https:\/\/www.facebook.com\/Oreskylaw\/\" \/>\n<meta property=\"article:modified_time\" content=\"2026-01-31T09:58:21+00:00\" \/>\n<meta property=\"og:image\" content=\"https:\/\/oreskylaw.com\/wp-content\/uploads\/2026\/01\/Help-if-Youve-Been-the-Victim-of-an-Assault-in-Queens.webp\" \/>\n\t<meta property=\"og:image:width\" content=\"300\" \/>\n\t<meta property=\"og:image:height\" content=\"200\" \/>\n\t<meta property=\"og:image:type\" content=\"image\/webp\" \/>\n<meta name=\"twitter:card\" content=\"summary_large_image\" \/>\n<meta name=\"twitter:site\" content=\"@JacobOreskyLaw\" \/>\n<meta name=\"twitter:label1\" content=\"Tiempo de lectura\" \/>\n\t<meta name=\"twitter:data1\" content=\"8 minutos\" \/>\n<!-- \/ Yoast SEO plugin. -->","yoast_head_json":{"title":"Abogado de Negligencia M\u00e9dica en Queens - Oresky & Associates, PLLC","description":"\u00bfSufre por negligencia m\u00e9dica en Queens? Obtenga la ayuda que merece. Nuestros abogados luchar\u00e1n por compensaci\u00f3n. Llame a nuestro bufete para consulta.","robots":{"index":"index","follow":"follow","max-snippet":"max-snippet:-1","max-image-preview":"max-image-preview:large","max-video-preview":"max-video-preview:-1"},"canonical":"https:\/\/oreskylaw.com\/es\/queens\/abogados-de-negligencia-medica\/","og_locale":"es_ES","og_type":"article","og_title":"Abogado de Negligencia M\u00e9dica en Queens - Oresky & Associates, PLLC","og_description":"\u00bfSufre por negligencia m\u00e9dica en Queens? Obtenga la ayuda que merece. Nuestros abogados luchar\u00e1n por compensaci\u00f3n. Llame a nuestro bufete para consulta.","og_url":"https:\/\/oreskylaw.com\/es\/queens\/abogados-de-negligencia-medica\/","og_site_name":"Oresky &amp; Associates, PLLC","article_publisher":"https:\/\/www.facebook.com\/Oreskylaw\/","article_modified_time":"2026-01-31T09:58:21+00:00","og_image":[{"width":300,"height":200,"url":"https:\/\/oreskylaw.com\/wp-content\/uploads\/2026\/01\/Help-if-Youve-Been-the-Victim-of-an-Assault-in-Queens.webp","type":"image\/webp"}],"twitter_card":"summary_large_image","twitter_site":"@JacobOreskyLaw","twitter_misc":{"Tiempo de lectura":"8 minutos"},"schema":{"@context":"https:\/\/schema.org","@graph":[{"@type":"WebPage","@id":"https:\/\/oreskylaw.com\/es\/queens\/abogados-de-negligencia-medica\/","url":"https:\/\/oreskylaw.com\/es\/queens\/abogados-de-negligencia-medica\/","name":"Abogado de Negligencia M\u00e9dica en Queens - Oresky & Associates, PLLC","isPartOf":{"@id":"https:\/\/oreskylaw.com\/es\/#website"},"primaryImageOfPage":{"@id":"https:\/\/oreskylaw.com\/es\/queens\/abogados-de-negligencia-medica\/#primaryimage"},"image":{"@id":"https:\/\/oreskylaw.com\/es\/queens\/abogados-de-negligencia-medica\/#primaryimage"},"thumbnailUrl":"https:\/\/oreskylaw.com\/wp-content\/uploads\/2026\/01\/Help-if-Youve-Been-the-Victim-of-an-Assault-in-Queens.webp","datePublished":"2025-12-10T05:52:40+00:00","dateModified":"2026-01-31T09:58:21+00:00","description":"\u00bfSufre por negligencia m\u00e9dica en Queens? Obtenga la ayuda que merece. Nuestros abogados luchar\u00e1n por compensaci\u00f3n. Llame a nuestro bufete para consulta.","breadcrumb":{"@id":"https:\/\/oreskylaw.com\/es\/queens\/abogados-de-negligencia-medica\/#breadcrumb"},"inLanguage":"es","potentialAction":[{"@type":"ReadAction","target":["https:\/\/oreskylaw.com\/es\/queens\/abogados-de-negligencia-medica\/"]}]},{"@type":"ImageObject","inLanguage":"es","@id":"https:\/\/oreskylaw.com\/es\/queens\/abogados-de-negligencia-medica\/#primaryimage","url":"https:\/\/oreskylaw.com\/wp-content\/uploads\/2026\/01\/Help-if-Youve-Been-the-Victim-of-an-Assault-in-Queens.webp","contentUrl":"https:\/\/oreskylaw.com\/wp-content\/uploads\/2026\/01\/Help-if-Youve-Been-the-Victim-of-an-Assault-in-Queens.webp"},{"@type":"BreadcrumbList","@id":"https:\/\/oreskylaw.com\/es\/queens\/abogados-de-negligencia-medica\/#breadcrumb","itemListElement":[{"@type":"ListItem","position":1,"name":"Inicio","item":"https:\/\/oreskylaw.com\/es\/"},{"@type":"ListItem","position":2,"name":"Queens","item":"https:\/\/oreskylaw.com\/es\/queens\/"},{"@type":"ListItem","position":3,"name":"Abogado de negligencia m\u00e9dica en Queens"}]},{"@type":"WebSite","@id":"https:\/\/oreskylaw.com\/es\/#website","url":"https:\/\/oreskylaw.com\/es\/","name":"Oresky & Associates PLLC","description":"","publisher":{"@id":"https:\/\/oreskylaw.com\/es\/#organization"},"potentialAction":[{"@type":"SearchAction","target":{"@type":"EntryPoint","urlTemplate":"https:\/\/oreskylaw.com\/es\/?s={search_term_string}"},"query-input":{"@type":"PropertyValueSpecification","valueRequired":true,"valueName":"search_term_string"}}],"inLanguage":"es"}]}},"_links":{"self":[{"href":"https:\/\/oreskylaw.com\/es\/wp-json\/wp\/v2\/pages\/19589","targetHints":{"allow":["GET"]}}],"collection":[{"href":"https:\/\/oreskylaw.com\/es\/wp-json\/wp\/v2\/pages"}],"about":[{"href":"https:\/\/oreskylaw.com\/es\/wp-json\/wp\/v2\/types\/page"}],"author":[{"embeddable":true,"href":"https:\/\/oreskylaw.com\/es\/wp-json\/wp\/v2\/users\/9"}],"replies":[{"embeddable":true,"href":"https:\/\/oreskylaw.com\/es\/wp-json\/wp\/v2\/comments?post=19589"}],"version-history":[{"count":0,"href":"https:\/\/oreskylaw.com\/es\/wp-json\/wp\/v2\/pages\/19589\/revisions"}],"up":[{"embeddable":true,"href":"https:\/\/oreskylaw.com\/es\/wp-json\/wp\/v2\/pages\/19332"}],"wp:attachment":[{"href":"https:\/\/oreskylaw.com\/es\/wp-json\/wp\/v2\/media?parent=19589"}],"curies":[{"name":"wp","href":"https:\/\/api.w.org\/{rel}","templated":true}]}}