{"id":19601,"date":"2025-12-10T05:52:56","date_gmt":"2025-12-10T05:52:56","guid":{"rendered":"https:\/\/oreskylaw.com\/?page_id=19601"},"modified":"2026-01-31T10:03:45","modified_gmt":"2026-01-31T10:03:45","slug":"abogados-de-accidentes-de-motocicleta","status":"publish","type":"page","link":"https:\/\/oreskylaw.com\/es\/queens\/abogados-de-accidentes-de-motocicleta\/","title":{"rendered":"Abogado de accidentes de moto"},"content":{"rendered":"<p>\u00bfTe has visto implicado recientemente en un accidente de moto en Queens, NY? Si otra persona es responsable, puedes tener derecho a reclamar da\u00f1os y perjuicios por tus facturas m\u00e9dicas, salarios perdidos y sufrimiento. Los experimentados abogados de accidentes de moto en Queens de\u00a0<a href=\"https:\/\/oreskylaw.com\/es\/acerca-de-nosotros\/\">Oresky &amp; Associates, PLLC<\/a>\u00a0pueden ayudarte a luchar para maximizar tu recuperaci\u00f3n econ\u00f3mica.<\/p>\n<p>Llevamos apoyando a las v\u00edctimas de accidentes de moto y a sus familias en Queens desde 1992. En ese tiempo, nuestros galardonados abogados litigantes han ganado m\u00e1s de 400 millones de d\u00f3lares para clientes como t\u00fa.<\/p>\n<p>Entendemos que te enfrentas a un duro camino por delante. Perm\u00edtenos que te ayudemos a luchar para hacer las cosas bien. Tu primera\u00a0<a href=\"https:\/\/oreskylaw.com\/es\/contacto\/\">consulta<\/a>\u00a0es gratuita, as\u00ed que llama al\u00a0<a href=\"tel:+19293050949\">(929) 305-0949<\/a>\u00a0para programar la tuya ahora.<\/p>\n<h2>C\u00f3mo puede ayudar Oresky &amp; Associates, PLLC tras un accidente de moto en Queens, New York<\/h2>\n<p>Conseguir la indemnizaci\u00f3n que mereces tras un accidente de moto en Queens no ser\u00e1 f\u00e1cil. Contratar a un abogado con experiencia en lesiones personales en Queens puede facilitarte la vida y aumentar las probabilidades de una recuperaci\u00f3n significativa.<\/p>\n<p>Sin embargo, la elecci\u00f3n de tu abogado es importante. Por eso Oresky &amp; Associates, PLLC debe ser tu primera llamada. Somos reconocidos abogados que hemos desarrollado una reputaci\u00f3n de proporcionar una representaci\u00f3n legal compasiva y ganadora a las v\u00edctimas y familias de todo Queens.<\/p>\n<p>Cuando contratas a nuestros abogados especializados en accidentes de moto para que se encarguen de tu caso, puedes esperar que:<\/p>\n<ul>\n<li>Investiguemos tu accidente para determinar qu\u00e9 lo caus\u00f3 y qui\u00e9n es el culpable<\/li>\n<li>Buscaremos da\u00f1os y perjuicios de todas las partes responsables<\/li>\n<li>Trabajaremos con expertos para elaborar una reclamaci\u00f3n s\u00f3lida y asegurarnos de que se valora \u00a0adecuadamente tu caso<\/li>\n<li>Gestionaremos todos los aspectos de tu caso de principio a fin para que puedas recuperarte<\/li>\n<li>Negociaremos con las partes culpables y sus aseguradoras<\/li>\n<li>Encargaremos a un abogado experto en juicios que lleve tu caso ante un jurado, si es necesario<\/li>\n<\/ul>\n<p>Conc\u00e9ntrate en mejorar. Deja que pongamos d\u00e9cadas de experiencia y millones de d\u00f3lares recuperados detr\u00e1s de tu b\u00fasqueda de indemnizaci\u00f3n. Trabajaremos incansablemente para maximizar tu recuperaci\u00f3n econ\u00f3mica y conseguir cada d\u00f3lar que te mereces.<\/p>\n<h2>\u00bfQu\u00e9 tan comunes son los accidentes de moto en Queens, NY?<\/h2>\n<p>En diciembre de 2021, hubo un total de 130 accidentes de moto en toda la ciudad de New York. M\u00e1s de una cuarta parte de esos accidentes -el 28.5%- ocurrieron en Queens. Ese mes, hubo m\u00e1s de 37 accidentes de moto en el distrito.<\/p>\n<h2>\u00bfCu\u00e1nto vale mi caso de accidente de moto?<\/h2>\n<p>El valor de tu caso de lesiones personales depender\u00e1 de muchas cosas diferentes, como:<\/p>\n<div class=\"row\">\n<ul class=\"col-xl-6\">\n<li>El tipo de lesiones que hayas sufrido<\/li>\n<li>El tiempo que tardar\u00e1s en recuperarte por completo<\/li>\n<li>Si tu lesi\u00f3n te provoca un deterioro o incapacidad permanente<\/li>\n<li>Si podr\u00e1s volver a trabajar en las mismas condiciones<\/li>\n<\/ul>\n<ul class=\"col-xl-6\">\n<li>Los costos que tendr\u00e1s que pagar de tu bolsillo<\/li>\n<li>C\u00f3mo te han afectado emocionalmente el accidente y la lesi\u00f3n<\/li>\n<li>La responsabilidad, y si compartes la culpa del accidente<\/li>\n<\/ul>\n<\/div>\n<p>En definitiva, cada caso, al igual que cada accidente y cada v\u00edctima, es \u00fanico. Por tanto, el valor variar\u00e1 mucho de un caso a otro. La mejor manera de saber lo que vale tu caso es hablar de los detalles con un abogado experto en accidentes de moto en Queens, cerca de ti.<\/p>\n<p>En Oresky &amp; Associates, PLLC, estamos siempre preparados para tomar tu llamada y explicarte tus opciones legales. Ponte en contacto con nosotros para obtener m\u00e1s informaci\u00f3n hoy mismo.<\/p>\n    <div class=\"cw-cta-box\">\n        <div class=\"cw-cta-box__inner \">\n            <div class=\"cw-cta-box__info\">\n                                    <div class=\"label\">\u00a1Llame ahora!<\/div>\n                            <\/div>\n                            <div class=\"contact-phone\">\n                    <a href=\"tel:7189939999\"\n                        aria-label=\"Tap to call button\">\n                        718-993-9999                    <\/a>\n                <\/div>\n                    <\/div>\n                    <a href=\"\/es\/contacto\/\"\n               class=\"cta-btn btn btn--primary btn\"\n               target=\"\">\n                Obtenga Una Consulta Gratuita            <\/a>\n            <\/div>\n    \n<h2>\u00bfQu\u00e9 da\u00f1os y perjuicios tienen las v\u00edctimas de accidentes de moto en Queens?<\/h2>\n<p>Los motociclistas de New York no est\u00e1n cubiertos por la ley estatal de seguro sin culpa. Por lo tanto, los conductores de moto no tienen protecci\u00f3n financiera si se ven implicados en un accidente de tr\u00e1fico. En cambio, los motociclistas lesionados tienen la opci\u00f3n de:<\/p>\n<p>Solicitar prestaciones a la p\u00f3liza de seguro de la parte culpable, o<\/p>\n<p>Presentar una demanda por da\u00f1os y perjuicios.<\/p>\n<p>Tanto si presentas una reclamaci\u00f3n al seguro de la parte culpable como si presentas una demanda, lo normal es que haya da\u00f1os\u00a0<a href=\"https:\/\/oreskylaw.com\/es\/blog\/lesiones-personales-danos-economicos\/\">econ\u00f3micos<\/a>\u00a0y no econ\u00f3micos.<\/p>\n<h3>Da\u00f1os Econ\u00f3micos<\/h3>\n<p>Los da\u00f1os econ\u00f3micos se conceden para compensar los costos financieros y las p\u00e9rdidas asociadas a un accidente, como:<\/p>\n<ul>\n<li>Hospitalizaci\u00f3n, cirug\u00eda, dispositivos o equipos m\u00e9dicos, medicaci\u00f3n y otros gastos m\u00e9dicos<\/li>\n<li>Rehabilitaci\u00f3n y terapia<\/li>\n<li>P\u00e9rdida de ingresos y salarios<\/li>\n<li>Incapacidad (tanto temporal como permanente)<\/li>\n<li>Da\u00f1os materiales, y mucho m\u00e1s.<\/li>\n<\/ul>\n<h3>Da\u00f1os No Econ\u00f3micos<\/h3>\n<p>Los da\u00f1os no econ\u00f3micos ayudan a compensar el trauma de un accidente que es subjetivo y dif\u00edcil de valorar, como, por ejemplo<\/p>\n<ul>\n<li>P\u00e9rdida de disfrute de la vida<\/li>\n<li>Desfiguraci\u00f3n y cicatrices<\/li>\n<li>P\u00e9rdida del c\u00f3nyuge<\/li>\n<li>Dolor y sufrimiento<\/li>\n<li>TEPT y depresi\u00f3n<\/li>\n<\/ul>\n<p>En Oresky &amp; Associates, PLLC, nos esforzamos por garantizar que nuestros clientes reciban toda la indemnizaci\u00f3n a la que tienen derecho seg\u00fan la ley del Estado de New York. Nuestro equipo trabaja estrechamente con expertos durante todo el proceso para comprender mejor los detalles espec\u00edficos de cada caso. Cuanto m\u00e1s sepamos, mejor preparados estaremos para defenderte y maximizar tu indemnizaci\u00f3n.<\/p>\n<h2>Lesiones comunes en accidentes de moto<\/h2>\n<p>Aunque el uso del casco y otros equipos de seguridad puede limitar la probabilidad de sufrir lesiones graves, los conductores de moto de Queens siguen siendo vulnerables a lesiones graves, como:<\/p>\n<div class=\"row\">\n<ul class=\"col-xl-6\">\n<li>Lesi\u00f3n cerebral traum\u00e1tica<\/li>\n<li>Lesi\u00f3n de la m\u00e9dula espinal<\/li>\n<li>Quemaduras<\/li>\n<li>Raspones de la carretera<\/li>\n<li>Rotura de huesos<\/li>\n<\/ul>\n<ul class=\"col-xl-6\">\n<li>Amputaci\u00f3n<\/li>\n<li>Par\u00e1lisis<\/li>\n<li>Lesi\u00f3n por aplastamiento<\/li>\n<li>Lesi\u00f3n en la cabeza<\/li>\n<li>Lesi\u00f3n ocular<\/li>\n<\/ul>\n<\/div>\n<p>Oresky &amp; Associates, PLLC representa a clientes que han sufrido lesiones graves y catastr\u00f3ficas en accidentes de moto en Queens, New York. Nuestros abogados de muerte por negligencia en Queens tambi\u00e9n est\u00e1n aqu\u00ed para ayudar a los familiares despu\u00e9s de accidentes de moto mortales. Independientemente de tus lesiones, es importante buscar orientaci\u00f3n legal en los d\u00edas posteriores a una colisi\u00f3n. Ponte en contacto con nosotros para hablar de tus derechos y descubrir c\u00f3mo podemos ayudarte hoy mismo.<\/p>\n<h2>\u00bfQu\u00e9 causa la mayor\u00eda de los accidentes de moto en Queens?<\/h2>\n<p><img loading=\"lazy\" decoding=\"async\" class=\"size-full wp-image-15217 alignright\" src=\"http:\/\/oreskylaw.com\/wp-content\/uploads\/2026\/01\/Why-Should-I-Hire-a-Personal-Injury-Lawyer.webp\" alt=\"construction accident attorney Bronx NY\" width=\"300\" height=\"199\" \/>Los accidentes de tr\u00e1fico en los que se ven implicados motociclistas pueden ocurrir por muchas razones diferentes.<\/p>\n<p>Sin embargo, hay algunas razones comunes por las que suelen ocurrir este tipo de accidentes, entre ellas<\/p>\n<ul>\n<li>Exceso de velocidad<\/li>\n<li>Abandonar el carril<\/li>\n<li>Colocarse a la cola<\/li>\n<li>Cambiar de carril sin se\u00f1alizar<\/li>\n<li>Condiciones de conducci\u00f3n oscuras o h\u00famedas<\/li>\n<li>Dise\u00f1o peligroso de la carretera<\/li>\n<li>Motocicletas o equipos de seguridad defectuosos<\/li>\n<li>Visibilidad limitada\/conducci\u00f3n en el punto ciego de otro veh\u00edculo<\/li>\n<li>Conducci\u00f3n o pr\u00e1cticas de conducci\u00f3n agresivas<\/li>\n<li>Conducci\u00f3n en estado de embriaguez<\/li>\n<li>Conducci\u00f3n distra\u00edda<\/li>\n<\/ul>\n<p>Determinar la causa de tu accidente de moto es esencial. Una vez que sepamos por qu\u00e9 ocurri\u00f3 tu accidente, podremos centrarnos en determinar qui\u00e9n es el culpable.<\/p>\n<h2>\u00bfQui\u00e9n es responsable de mis lesiones tras un accidente de moto?<\/h2>\n<p>Seg\u00fan la ley del estado de New York, cualquiera que contribuya a un accidente puede ser responsable de las consecuencias.<\/p>\n<p>Los propios motociclistas pueden o no contribuir o causar sus accidentes.<\/p>\n<p>Otras partes responsables pueden ser<\/p>\n<div class=\"row\">\n<ul class=\"col-xl-6\">\n<li>Los conductores de veh\u00edculos de pasajeros<\/li>\n<li>Otros motociclistas<\/li>\n<li>Los pasajeros de la moto<\/li>\n<li>Ciclistas<\/li>\n<li>Peatones<\/li>\n<li>Conductores de camiones<\/li>\n<li>Conductores de autob\u00fas<\/li>\n<\/ul>\n<ul class=\"col-xl-6\">\n<li>Empresas de autobuses<\/li>\n<li>Conductores de Uber y Lyft<\/li>\n<li>Empleadores de partes negligentes<\/li>\n<li>Agencias gubernamentales<\/li>\n<li>Empresas responsables de la fabricaci\u00f3n de motocicletas, piezas o equipos de seguridad defectuosos<\/li>\n<\/ul>\n<\/div>\n<p>Puedes reclamar da\u00f1os y perjuicios a cualquiera que contribuya directa o indirectamente a tu accidente de moto en Queens. Oresky &amp; Associates, PLLC agotar\u00e1 todas las posibilidades para asegurarse de que te llevas todo el dinero que te corresponde.<\/p>\n<h2>\u00bfQu\u00e9 pasa si me culpan de mi accidente de moto en Queens?<\/h2>\n<p>Que no cunda el p\u00e1nico. Compartir la culpa no significa que no puedas cobrar una indemnizaci\u00f3n. Lo que s\u00ed significa es que tu indemnizaci\u00f3n puede reducirse. Seg\u00fan el sistema de culpa comparativa pura de New York, cuanta m\u00e1s culpa compartas, menos dinero se te conceder\u00e1.<\/p>\n<p>Digamos que se te asigna el 50% de la culpa de un accidente de moto porque estabas enviando mensajes de texto en el momento del accidente. Ver\u00e1s que la indemnizaci\u00f3n que te llevas a casa se reducir\u00e1 en un 50%.<\/p>\n<p>Es de esperar que las partes culpables y las compa\u00f1\u00edas de seguros intenten culparte a ti. Toma medidas para protegerte a ti mismo -y a tu capacidad de obtener una indemnizaci\u00f3n- llamando a nuestros abogados de lesiones personales de Queens inmediatamente despu\u00e9s de tu accidente de moto. Nuestro equipo te defender\u00e1 contra las acusaciones de que compartes la culpa y obligar\u00e1 a las otras partes a tomar plena responsabilidad por su negligencia.<\/p>\n<h2>\u00bfQu\u00e9 es la negligencia y c\u00f3mo puedo demostrarla tras un accidente de moto?<\/h2>\n<p>Negligencia significa que otra persona ten\u00eda la responsabilidad de actuar de forma razonable, no lo hizo y, como consecuencia, te hizo da\u00f1o.<\/p>\n<p>Para demostrar la negligencia, necesitar\u00e1s pruebas que establezcan cada uno de estos elementos:<\/p>\n<ul>\n<li><strong>Deber:<\/strong> el demandado te deb\u00eda un deber de cuidado<\/li>\n<li><strong>Incumplimiento:<\/strong> el demandado no actu\u00f3 razonablemente e incumpli\u00f3 el deber de cuidado que te deb\u00eda<\/li>\n<li><strong>Causalidad:<\/strong> las acciones del demandado fueron la causa directa y pr\u00f3xima de tus lesiones<\/li>\n<li><strong>Da\u00f1os:<\/strong> sufriste da\u00f1os -econ\u00f3micos, f\u00edsicos, emocionales- como consecuencia de ello<\/li>\n<\/ul>\n<p>Las pruebas que suelen ser \u00fatiles para establecer un caso ganador de lesiones por accidente de moto incluyen<\/p>\n<ul>\n<li>Informes sobre el accidente<\/li>\n<li>Declaraciones de testigos<\/li>\n<li>Fotograf\u00edas del lugar del accidente, de los da\u00f1os materiales y de las lesiones resultantes<\/li>\n<li>El testimonio o la visi\u00f3n de los expertos, incluidos los profesionales m\u00e9dicos, los recreadores de accidentes y los especialistas forenses<\/li>\n<li>Historial m\u00e9dico<\/li>\n<li>Pruebas de violaciones de las leyes estatales o locales<\/li>\n<\/ul>\n<p>Nuestros experimentados abogados de accidentes de moto en Queens han llevado miles de casos de accidentes de tr\u00e1fico como el tuyo. Coordinaremos una pronta investigaci\u00f3n para reunir y preservar las pruebas y trabajaremos con diligencia para construir una s\u00f3lida reclamaci\u00f3n en tu nombre.<\/p>\n<h2>\u00bfDe cu\u00e1nto tiempo dispongo para presentar una demanda tras un accidente de moto en Queens?<\/h2>\n<p>Tres a\u00f1os es el plazo de prescripci\u00f3n que se aplica a la mayor\u00eda de las demandas por lesiones personales en New York. Las demandas por homicidio culposo prescriben a los dos a\u00f1os.<\/p>\n<p>No te demores en presentar tu reclamaci\u00f3n. Perder\u00e1s el derecho a reclamar una indemnizaci\u00f3n por tus lesiones si no cumples el plazo que se aplica.<\/p>\n<h2>Programa una consulta gratuita con nuestros abogados de accidentes de moto en Queens<\/h2>\n<p>Si te has lesionado en un accidente de moto o has perdido a un familiar en un accidente mortal, Oresky &amp; Associates, PLLC est\u00e1 aqu\u00ed para ayudarte. Nuestros abogados de accidentes de moto en Queens se enfrentar\u00e1n a las compa\u00f1\u00edas de seguros y a los duros acusados en tu nombre, luchando por conseguir la compensaci\u00f3n econ\u00f3mica que necesitas en estos momentos dif\u00edciles.<\/p>\n<p>Ofrecemos una evaluaci\u00f3n gratuita de tu caso, as\u00ed que no dudes en ponerte en contacto con nuestro despacho para que te ayudemos hoy mismo.<\/p>\n","protected":false},"excerpt":{"rendered":"<p>\u00bfTe has visto implicado recientemente en un accidente de moto en Queens, NY? Si otra persona es responsable, puedes tener derecho a reclamar da\u00f1os y perjuicios por tus facturas m\u00e9dicas, salarios perdidos y sufrimiento. Los experimentados abogados de accidentes de moto en Queens de\u00a0Oresky &amp; Associates, PLLC\u00a0pueden ayudarte a luchar para maximizar tu recuperaci\u00f3n econ\u00f3mica. [&hellip;]<\/p>\n","protected":false},"author":9,"featured_media":0,"parent":19332,"menu_order":44,"comment_status":"closed","ping_status":"closed","template":"","meta":{"_acf_changed":false,"footnotes":""},"class_list":["post-19601","page","type-page","status-publish","hentry"],"acf":[],"yoast_head":"<!-- This site is optimized with the Yoast SEO plugin v27.3 - https:\/\/yoast.com\/product\/yoast-seo-wordpress\/ -->\n<title>Abogado de accidentes de moto en Queens - Oresky &amp; Associates, PLLC<\/title>\n<meta name=\"description\" content=\"Tras un accidente de motocicleta en Queens, podr\u00eda tener derecho a compensaci\u00f3n. Contacte a nuestros abogados especialistas en accidentes para asistencia.\" \/>\n<meta name=\"robots\" content=\"index, follow, max-snippet:-1, max-image-preview:large, max-video-preview:-1\" \/>\n<link rel=\"canonical\" href=\"https:\/\/oreskylaw.com\/es\/queens\/abogados-de-accidentes-de-motocicleta\/\" \/>\n<meta property=\"og:locale\" content=\"es_ES\" \/>\n<meta property=\"og:type\" content=\"article\" \/>\n<meta property=\"og:title\" content=\"Abogado de accidentes de moto en Queens - Oresky &amp; Associates, PLLC\" \/>\n<meta property=\"og:description\" content=\"Tras un accidente de motocicleta en Queens, podr\u00eda tener derecho a compensaci\u00f3n. Contacte a nuestros abogados especialistas en accidentes para asistencia.\" \/>\n<meta property=\"og:url\" content=\"https:\/\/oreskylaw.com\/es\/queens\/abogados-de-accidentes-de-motocicleta\/\" \/>\n<meta property=\"og:site_name\" content=\"Oresky &amp; Associates, PLLC\" \/>\n<meta property=\"article:publisher\" content=\"https:\/\/www.facebook.com\/Oreskylaw\/\" \/>\n<meta property=\"article:modified_time\" content=\"2026-01-31T10:03:45+00:00\" \/>\n<meta property=\"og:image\" content=\"https:\/\/oreskylaw.com\/wp-content\/uploads\/2026\/01\/Why-Should-I-Hire-a-Personal-Injury-Lawyer.webp\" \/>\n\t<meta property=\"og:image:width\" content=\"300\" \/>\n\t<meta property=\"og:image:height\" content=\"199\" \/>\n\t<meta property=\"og:image:type\" content=\"image\/webp\" \/>\n<meta name=\"twitter:card\" content=\"summary_large_image\" \/>\n<meta name=\"twitter:site\" content=\"@JacobOreskyLaw\" \/>\n<meta name=\"twitter:label1\" content=\"Tiempo de lectura\" \/>\n\t<meta name=\"twitter:data1\" content=\"9 minutos\" \/>\n<!-- \/ Yoast SEO plugin. -->","yoast_head_json":{"title":"Abogado de accidentes de moto en Queens - Oresky & Associates, PLLC","description":"Tras un accidente de motocicleta en Queens, podr\u00eda tener derecho a compensaci\u00f3n. Contacte a nuestros abogados especialistas en accidentes para asistencia.","robots":{"index":"index","follow":"follow","max-snippet":"max-snippet:-1","max-image-preview":"max-image-preview:large","max-video-preview":"max-video-preview:-1"},"canonical":"https:\/\/oreskylaw.com\/es\/queens\/abogados-de-accidentes-de-motocicleta\/","og_locale":"es_ES","og_type":"article","og_title":"Abogado de accidentes de moto en Queens - Oresky & Associates, PLLC","og_description":"Tras un accidente de motocicleta en Queens, podr\u00eda tener derecho a compensaci\u00f3n. Contacte a nuestros abogados especialistas en accidentes para asistencia.","og_url":"https:\/\/oreskylaw.com\/es\/queens\/abogados-de-accidentes-de-motocicleta\/","og_site_name":"Oresky &amp; Associates, PLLC","article_publisher":"https:\/\/www.facebook.com\/Oreskylaw\/","article_modified_time":"2026-01-31T10:03:45+00:00","og_image":[{"width":300,"height":199,"url":"https:\/\/oreskylaw.com\/wp-content\/uploads\/2026\/01\/Why-Should-I-Hire-a-Personal-Injury-Lawyer.webp","type":"image\/webp"}],"twitter_card":"summary_large_image","twitter_site":"@JacobOreskyLaw","twitter_misc":{"Tiempo de lectura":"9 minutos"},"schema":{"@context":"https:\/\/schema.org","@graph":[{"@type":"WebPage","@id":"https:\/\/oreskylaw.com\/es\/queens\/abogados-de-accidentes-de-motocicleta\/","url":"https:\/\/oreskylaw.com\/es\/queens\/abogados-de-accidentes-de-motocicleta\/","name":"Abogado de accidentes de moto en Queens - Oresky & Associates, PLLC","isPartOf":{"@id":"https:\/\/oreskylaw.com\/es\/#website"},"primaryImageOfPage":{"@id":"https:\/\/oreskylaw.com\/es\/queens\/abogados-de-accidentes-de-motocicleta\/#primaryimage"},"image":{"@id":"https:\/\/oreskylaw.com\/es\/queens\/abogados-de-accidentes-de-motocicleta\/#primaryimage"},"thumbnailUrl":"http:\/\/oreskylaw.com\/wp-content\/uploads\/2026\/01\/Why-Should-I-Hire-a-Personal-Injury-Lawyer.webp","datePublished":"2025-12-10T05:52:56+00:00","dateModified":"2026-01-31T10:03:45+00:00","description":"Tras un accidente de motocicleta en Queens, podr\u00eda tener derecho a compensaci\u00f3n. Contacte a nuestros abogados especialistas en accidentes para asistencia.","breadcrumb":{"@id":"https:\/\/oreskylaw.com\/es\/queens\/abogados-de-accidentes-de-motocicleta\/#breadcrumb"},"inLanguage":"es","potentialAction":[{"@type":"ReadAction","target":["https:\/\/oreskylaw.com\/es\/queens\/abogados-de-accidentes-de-motocicleta\/"]}]},{"@type":"ImageObject","inLanguage":"es","@id":"https:\/\/oreskylaw.com\/es\/queens\/abogados-de-accidentes-de-motocicleta\/#primaryimage","url":"http:\/\/oreskylaw.com\/wp-content\/uploads\/2026\/01\/Why-Should-I-Hire-a-Personal-Injury-Lawyer.webp","contentUrl":"http:\/\/oreskylaw.com\/wp-content\/uploads\/2026\/01\/Why-Should-I-Hire-a-Personal-Injury-Lawyer.webp"},{"@type":"BreadcrumbList","@id":"https:\/\/oreskylaw.com\/es\/queens\/abogados-de-accidentes-de-motocicleta\/#breadcrumb","itemListElement":[{"@type":"ListItem","position":1,"name":"Inicio","item":"https:\/\/oreskylaw.com\/es\/"},{"@type":"ListItem","position":2,"name":"Queens","item":"https:\/\/oreskylaw.com\/es\/queens\/"},{"@type":"ListItem","position":3,"name":"Abogado de accidentes de moto"}]},{"@type":"WebSite","@id":"https:\/\/oreskylaw.com\/es\/#website","url":"https:\/\/oreskylaw.com\/es\/","name":"Oresky & Associates PLLC","description":"","publisher":{"@id":"https:\/\/oreskylaw.com\/es\/#organization"},"potentialAction":[{"@type":"SearchAction","target":{"@type":"EntryPoint","urlTemplate":"https:\/\/oreskylaw.com\/es\/?s={search_term_string}"},"query-input":{"@type":"PropertyValueSpecification","valueRequired":true,"valueName":"search_term_string"}}],"inLanguage":"es"}]}},"_links":{"self":[{"href":"https:\/\/oreskylaw.com\/es\/wp-json\/wp\/v2\/pages\/19601","targetHints":{"allow":["GET"]}}],"collection":[{"href":"https:\/\/oreskylaw.com\/es\/wp-json\/wp\/v2\/pages"}],"about":[{"href":"https:\/\/oreskylaw.com\/es\/wp-json\/wp\/v2\/types\/page"}],"author":[{"embeddable":true,"href":"https:\/\/oreskylaw.com\/es\/wp-json\/wp\/v2\/users\/9"}],"replies":[{"embeddable":true,"href":"https:\/\/oreskylaw.com\/es\/wp-json\/wp\/v2\/comments?post=19601"}],"version-history":[{"count":0,"href":"https:\/\/oreskylaw.com\/es\/wp-json\/wp\/v2\/pages\/19601\/revisions"}],"up":[{"embeddable":true,"href":"https:\/\/oreskylaw.com\/es\/wp-json\/wp\/v2\/pages\/19332"}],"wp:attachment":[{"href":"https:\/\/oreskylaw.com\/es\/wp-json\/wp\/v2\/media?parent=19601"}],"curies":[{"name":"wp","href":"https:\/\/api.w.org\/{rel}","templated":true}]}}