{"id":19626,"date":"2025-12-10T05:53:29","date_gmt":"2025-12-10T05:53:29","guid":{"rendered":"https:\/\/oreskylaw.com\/?page_id=19626"},"modified":"2026-01-31T10:15:42","modified_gmt":"2026-01-31T10:15:42","slug":"abogados-de-abuso-en-residencias-de-ancianos","status":"publish","type":"page","link":"https:\/\/oreskylaw.com\/es\/queens\/abogados-de-abuso-en-residencias-de-ancianos\/","title":{"rendered":"Abogado de Abuso en Asilo de Ancianos en Queens"},"content":{"rendered":"<p>Los residentes de hogares de ancianos en Queens, NY tienen el derecho de estar libres de abusos. Si ha descubierto que su ser querido ha sido v\u00edctima de abuso en un hogar de ancianos, un abogado especializado en abusos en hogares de ancianos en Queens de\u00a0<a href=\"https:\/\/oreskylaw.com\/es\/acerca-de-nosotros\/\">Oresky &amp; Associates, PLLC<\/a>\u00a0puede ayudar.<\/p>\n<p>Su familia puede tener derecho a compensaci\u00f3n por facturas m\u00e9dicas, dolor y sufrimiento, y m\u00e1s. Nuestros abogados tienen m\u00e1s de 30 a\u00f1os de experiencia representando a clientes lesionados en NYC. Hemos ayudado a nuestros clientes a recuperar m\u00e1s de $400 millones desde que abrimos nuestro bufete de abogados.<\/p>\n<p>Nos apasiona ayudar a las v\u00edctimas de abuso a obtener justicia.\u00a0<a href=\"https:\/\/oreskylaw.com\/es\/contacto\/\">Contacte<\/a>\u00a0nuestras oficinas legales en Queens, New York al\u00a0<a href=\"tel:+19293050949\">(929) 305-0949<\/a>\u00a0para programar una consulta gratuita hoy.<\/p>\n<h2>C\u00f3mo Oresky &amp; Associates, PLLC Puede Ayudar si su Familiar Fue V\u00edctima de Abuso en un Hogar de Ancianos en Queens, NY<\/h2>\n<p>Es abrumador descubrir que su ser querido ha sido v\u00edctima de abuso. Puede sentirse enojado y desamparado. Es importante tener un abogado experto en lesiones personales de Queens a su lado durante este dif\u00edcil momento.<\/p>\n<p>Si la polic\u00eda logra una condena penal, eso puede brindarle un sentido de justicia. Sin embargo, tambi\u00e9n puede tener derecho a compensaci\u00f3n financiera para responsabilizar a todas las partes implicadas. Nuestros abogados en Oresky &amp; Associates, PLLC pueden ayudarlo a luchar por la m\u00e1xima compensaci\u00f3n disponible.<\/p>\n<p>Hemos sido reconocidos por nuestras habilidades por Super Lawyers y el Multi-Million Dollar Advocates Forum. Cuando nos contrata, lo haremos:<\/p>\n<ul>\n<li>Ayudar a trasladar a su ser querido a un lugar seguro<\/li>\n<li>Reunir pruebas para demostrar que el abuso ha ocurrido<\/li>\n<li>Determinar qui\u00e9n es legalmente responsable de pagar sus da\u00f1os<\/li>\n<li>Ayudarle a documentar sus da\u00f1os y evaluar el valor de su caso<\/li>\n<li>Negociar con las compa\u00f1\u00edas de seguros para obtener un acuerdo justo<\/li>\n<li>Representar a su familia en la corte si es necesario<\/li>\n<\/ul>\n<p>Usted merece tener un defensor experimentado en su esquina. Llame a nuestros abogados de lesiones personales en Queens para obtener m\u00e1s informaci\u00f3n sobre la representaci\u00f3n legal hoy.<\/p>\n<h2>\u00bfEs Com\u00fan el Abuso en Hogares de Ancianos en Queens?<\/h2>\n<p>El abuso en hogares de ancianos lamentablemente se ha vuelto extremadamente com\u00fan en EE. UU. y en todo el mundo. Seg\u00fan un informe de la Organizaci\u00f3n Mundial de la Salud, uno de cada seis personas de 60 a\u00f1os o m\u00e1s han reportado haber experimentado alg\u00fan tipo de abuso en un entorno de cuidado comunitario. Cientos de miles de ciudadanos mayores son v\u00edctimas de abuso de ancianos cada a\u00f1o. Desafortunadamente, las v\u00edctimas que sufren de discapacidades cognitivas y problemas de salud mental se encuentran entre las m\u00e1s propensas a ser abusadas.<\/p>\n<p>Hay muchas maneras diferentes en que un residente de un hogar de ancianos puede ser aprovechado. En Oresky &amp; Associates, PLLC, manejamos todo tipo de casos de abuso en hogares de ancianos, incluyendo aquellos que involucran:<\/p>\n<ul>\n<li>Abuso emocional<\/li>\n<li>Abuso f\u00edsico<\/li>\n<li>Abuso sexual<\/li>\n<li>Abuso financiero<\/li>\n<li>Negligencia y descuido en el hogar de ancianos<\/li>\n<\/ul>\n<p>Si sospecha que su ser querido ha sido v\u00edctima, act\u00fae hoy para detener el abuso. Puede reportar el abuso al Departamento de Salud del Estado de New York hoy.<\/p>\n<h3>Abuso Emocional<\/h3>\n<p>Los signos y s\u00edntomas del abuso emocional pueden ser particularmente sutiles. El abuso emocional y psicol\u00f3gico puede ocurrir cuando miembros del personal usan amenazas, humillaci\u00f3n o incluso aislamiento forzado para da\u00f1ar a un residente. Las consecuencias de la intimidaci\u00f3n, la verg\u00fcenza y la intimidaci\u00f3n pueden ser tan da\u00f1inas como el abuso f\u00edsico intencional.<\/p>\n<h3>Abuso F\u00edsico<\/h3>\n<p>El abuso f\u00edsico implica cualquier tipo de da\u00f1o f\u00edsico infligido a un residente. Bofetadas, golpes, patadas y pu\u00f1etazos son todos tipos de abuso f\u00edsico.<\/p>\n<h3>Abuso Sexual<\/h3>\n<p>Aunque puede ser dif\u00edcil de imaginar, el abuso sexual no es infrecuente en instalaciones de vida asistida. El abuso sexual incluye cualquier forma de contacto sexual no deseado, incluyendo violaci\u00f3n, toques sin consentimiento e incluso acoso sexual.<\/p>\n<h3>Abuso Financiero<\/h3>\n<p>Los residentes de hogares de ancianos de New York con deterioro cognitivo son especialmente susceptibles a la explotaci\u00f3n financiera.<\/p>\n<p>Ejemplos de abuso financiero incluyen:<\/p>\n<ul>\n<li>Robo de propiedad personal<\/li>\n<li>Apertura de tarjetas de cr\u00e9dito a nombre del residente<\/li>\n<li>Falsificaci\u00f3n de firmas en un cheque<\/li>\n<li>Coaccionar al residente para cambiar un testamento o las designaciones de beneficiarios de jubilaci\u00f3n<\/li>\n<li>Robo de identidad<\/li>\n<\/ul>\n<p>La explotaci\u00f3n financiera puede poner a su familia en una posici\u00f3n dif\u00edcil. Si sospecha que su ser querido est\u00e1 siendo manipulado, es importante buscar asesoramiento legal de inmediato.<\/p>\n<h3>Negligencia y Descuido en el Hogar de Ancianos<\/h3>\n<p>Los hogares de ancianos tienen el deber de proporcionar un cierto nivel de cuidado. El incumplimiento de ese cuidado crea un grave riesgo de da\u00f1o.<\/p>\n<p>Algunas formas de negligencia en hogares de ancianos son pasivas. El hogar de ancianos simplemente puede no tener suficiente personal para proporcionar cuidados de calidad. La negligencia en el hogar de ancianos tambi\u00e9n puede ser activa, donde los miembros del personal del hogar de ancianos ignoran intencionalmente las necesidades de los residentes.<\/p>\n<h2>\u00bfC\u00f3mo s\u00e9 si mi ser querido es v\u00edctima de abuso en un hogar de ancianos?<\/h2>\n<p>Algunas de las se\u00f1ales y s\u00edntomas clave de que su ser querido puede ser v\u00edctima incluyen:<\/p>\n<div class=\"row\">\n<ul class=\"col-xl-6\">\n<li>Cambios repentinos en el comportamiento<\/li>\n<li>Lesiones inexplicables, particularmente fracturas, moretones y otras lesiones por ca\u00eddas<\/li>\n<li>Mala higiene<\/li>\n<li>\u00dalceras por dec\u00fabito<\/li>\n<li>Marcas alrededor de las mu\u00f1ecas o tobillos, que pueden ser una se\u00f1al de restricci\u00f3n indebida<\/li>\n<\/ul>\n<ul class=\"col-xl-6\">\n<li>Balanceo, auto-abrazo y otros comportamientos similares<\/li>\n<li>Miedo a hablar alrededor del personal del hogar de ancianos<\/li>\n<li>P\u00e9rdida de peso repentina, desnutrici\u00f3n o deshidrataci\u00f3n<\/li>\n<li>Transacciones financieras no explicadas<\/li>\n<li>Personal del hogar de ancianos que se niega a dejarlo a solas con su ser querido<\/li>\n<\/ul>\n<\/div>\n<p>Si nota alguna de estas se\u00f1ales, es importante tomar medidas para mantener a su ser querido seguro. Nuestros abogados tienen los recursos para ayudar. Solo ll\u00e1menos para programar una revisi\u00f3n de caso gratuita hoy.<\/p>\n    <div class=\"cw-cta-box\">\n        <div class=\"cw-cta-box__inner \">\n            <div class=\"cw-cta-box__info\">\n                                    <div class=\"label\">\u00a1Llame ahora!<\/div>\n                            <\/div>\n                            <div class=\"contact-phone\">\n                    <a href=\"tel:7189939999\"\n                        aria-label=\"Tap to call button\">\n                        718-993-9999                    <\/a>\n                <\/div>\n                    <\/div>\n                    <a href=\"\/es\/contacto\/\"\n               class=\"cta-btn btn btn--primary btn\"\n               target=\"\">\n                Obtenga Una Consulta Gratuita            <\/a>\n            <\/div>\n    \n<h2>\u00bfCu\u00e1nto vale mi caso de abuso en hogar de ancianos en Queens?<\/h2>\n<p>El valor de su reclamo por lesiones personales depender\u00e1 de muchos factores diferentes, incluyendo:<\/p>\n<ul>\n<li>La naturaleza del abuso<\/li>\n<li>Los tipos de da\u00f1o que su ser querido ha sufrido<\/li>\n<li>El costo del tratamiento m\u00e9dico y traslado a una nueva instalaci\u00f3n de cuidados a largo plazo<\/li>\n<li>Si pierde salarios para ayudar a su ser querido a recuperarse<\/li>\n<li>Los tipos de sufrimiento a largo plazo que su familia experimentar\u00e1<\/li>\n<\/ul>\n<p>Su caso tambi\u00e9n puede valer m\u00e1s si est\u00e1n disponibles da\u00f1os punitivos. Nuestros abogados en Queens pueden ayudarle a evaluar sus da\u00f1os y poner un valor monetario en sus p\u00e9rdidas no econ\u00f3micas dif\u00edciles de valorar.<\/p>\n<h2>\u00bfQu\u00e9 tipo de compensaci\u00f3n est\u00e1 disponible para las v\u00edctimas de abuso en hogares de ancianos?<\/h2>\n<p><img loading=\"lazy\" decoding=\"async\" class=\"size-full wp-image-16270 alignright\" src=\"https:\/\/oreskylaw.com\/wp-content\/uploads\/2026\/01\/If-My-Loved-One-Was-a-Victim-of-Nursing-Home-Abuse-in-the-Bronx.webp\" alt=\"construction accident attorney Bronx NY\" width=\"300\" height=\"200\" \/>En un caso de lesiones personales exitoso, la v\u00edctima puede recuperar compensaci\u00f3n por todas sus p\u00e9rdidas, tanto econ\u00f3micas como no econ\u00f3micas. Ejemplos de los tipos de compensaci\u00f3n que su familia puede perseguir incluyen:<\/p>\n<ul>\n<li>Gastos m\u00e9dicos pasados y futuros<\/li>\n<li>El costo de trasladar a una instalaci\u00f3n de cuidado a largo plazo segura<\/li>\n<li>Fisioterapia o rehabilitaci\u00f3n<\/li>\n<li>Restituci\u00f3n en casos de abuso financiero<\/li>\n<li>Sus salarios perdidos mientras ayuda a su ser querido a trasladarse<\/li>\n<li>Dolor y sufrimiento<\/li>\n<li>Angustia mental<\/li>\n<li>Calidad de vida disminuida<\/li>\n<li>Expectativa de vida reducida<\/li>\n<li>Depresi\u00f3n severa y ansiedad<\/li>\n<li>TEPT<\/li>\n<li>Y m\u00e1s<\/li>\n<\/ul>\n<p>En casos que involucren abuso intencional, los tribunales tambi\u00e9n pueden otorgar da\u00f1os punitivos para castigar al abusador.<\/p>\n<h2>El Abuso en Hogares de Ancianos Puede Causar Da\u00f1os Serios<\/h2>\n<p>El abuso en hogares de ancianos puede causar da\u00f1os a largo plazo significativos. Algunos ejemplos del da\u00f1o causado por el abuso en hogares de ancianos incluyen:<\/p>\n<div class=\"row\">\n<ul class=\"col-xl-6\">\n<li>Huesos rotos, laceraciones y otras lesiones f\u00edsicas<\/li>\n<li>Condiciones m\u00e9dicas que se desarrollan debido al descuido y abuso<\/li>\n<li>La necesidad de cuidado continuo m\u00e1s extenso<\/li>\n<li>Inseguridad financiera<\/li>\n<\/ul>\n<ul class=\"col-xl-6\">\n<li>Depresi\u00f3n severa<\/li>\n<li>Expectativa de vida reducida<\/li>\n<li>Calidad de vida disminuida<\/li>\n<li>Infecciones, \u00falceras por dec\u00fabito<\/li>\n<li>Muerte injusta de su ser querido<\/li>\n<\/ul>\n<\/div>\n<p>Nuestros abogados le ayudar\u00e1n a luchar para recuperar una compensaci\u00f3n justa por estas y otras consecuencias del abuso y negligencia en hogares de ancianos.<\/p>\n<h2>\u00bfPor qu\u00e9 ocurre el abuso y la negligencia en hogares de ancianos?<\/h2>\n<p>El abuso en hogares de ancianos ocurre por muchas razones diferentes. Algunas de las causas m\u00e1s comunes de abuso en hogares de ancianos incluyen:<\/p>\n<div class=\"row\">\n<ul class=\"col-xl-6\">\n<li>Insuficiencia de personal y personal de hogares de ancianos sobrecargado de trabajo<\/li>\n<li>Falta de verificaci\u00f3n adecuada de los empleados del hogar de ancianos<\/li>\n<li>Falta de capacitaci\u00f3n y supervisi\u00f3n adecuada del personal<\/li>\n<li>Falta de atenci\u00f3n m\u00e9dica cuando se requiere<\/li>\n<\/ul>\n<ul class=\"col-xl-6\">\n<li>Medicaci\u00f3n excesiva o insuficiente<\/li>\n<li>Condiciones insalubres<\/li>\n<li>Tecnolog\u00eda obsoleta<\/li>\n<li>Falta de respuesta a las quejas de los visitantes<\/li>\n<li>Falta de supervisi\u00f3n adecuada de residentes con deterioro cognitivo o problemas de memoria<\/li>\n<\/ul>\n<\/div>\n<p>\u00bfSospecha que su ser querido ha sido v\u00edctima de abuso en un hogar de ancianos en la ciudad de New York? Contacte a Oresky &amp; Associates, PLLC para aprender c\u00f3mo un abogado experimentado en abuso en hogares de ancianos de Queens puede ayudar a su familia en este dif\u00edcil momento.<\/p>\n<h2>\u00bfC\u00f3mo pruebo la responsabilidad por abuso en hogares de ancianos en New York?<\/h2>\n<p>Cualquier parte que haya sido responsable del cuidado y seguridad de su ser querido puede ser responsable del abuso en hogares de ancianos. Ejemplos de las partes que pueden ser responsables incluyen:<\/p>\n<ul>\n<li>Los miembros del personal del hogar de ancianos que perpetraron el abuso<\/li>\n<li>El hogar de ancianos<\/li>\n<li>Una corporaci\u00f3n que posee el hogar de ancianos<\/li>\n<li>Doctores y enfermeras que pueden ser responsables de negligencia m\u00e9dica<\/li>\n<li>Personal administrativo que permiti\u00f3 que continuara el abuso<\/li>\n<\/ul>\n<p>Los hogares de ancianos son responsables de los actos de los empleados bajo las leyes de responsabilidad vicaria de New York.<\/p>\n<h2>\u00bfCu\u00e1nto tiempo tengo para presentar una demanda por abuso en hogares de ancianos en la ciudad de New York?<\/h2>\n<p>Bajo el estatuto de limitaciones de New York, t\u00edpicamente tiene tres a\u00f1os para presentar una demanda por lesiones personales en la corte civil. En casos que involucren abuso intencional, el perpetrador tambi\u00e9n puede estar enfrentando cargos penales. Si ese es el caso, es posible que tenga m\u00e1s tiempo. El estatuto de limitaciones se pausar\u00e1 mientras se resuelve el caso penal.<\/p>\n","protected":false},"excerpt":{"rendered":"<p>Los residentes de hogares de ancianos en Queens, NY tienen el derecho de estar libres de abusos. Si ha descubierto que su ser querido ha sido v\u00edctima de abuso en un hogar de ancianos, un abogado especializado en abusos en hogares de ancianos en Queens de\u00a0Oresky &amp; Associates, PLLC\u00a0puede ayudar. Su familia puede tener derecho [&hellip;]<\/p>\n","protected":false},"author":9,"featured_media":0,"parent":19332,"menu_order":49,"comment_status":"closed","ping_status":"closed","template":"","meta":{"_acf_changed":false,"footnotes":""},"class_list":["post-19626","page","type-page","status-publish","hentry"],"acf":[],"yoast_head":"<!-- This site is optimized with the Yoast SEO plugin v27.3 - https:\/\/yoast.com\/product\/yoast-seo-wordpress\/ -->\n<title>Abogado de Abuso en Hogares de Ancianos en Queens - Oresky &amp; Associates, PLLC<\/title>\n<meta name=\"description\" content=\"\u00bfFue su ser querido v\u00edctima de abuso en un asilo de ancianos en Queens? Llame a un abogado de lesiones personales de Oresky &amp; Associates, PLLC para justicia.\" \/>\n<meta name=\"robots\" content=\"index, follow, max-snippet:-1, max-image-preview:large, max-video-preview:-1\" \/>\n<link rel=\"canonical\" href=\"https:\/\/oreskylaw.com\/es\/queens\/abogados-de-abuso-en-residencias-de-ancianos\/\" \/>\n<meta property=\"og:locale\" content=\"es_ES\" \/>\n<meta property=\"og:type\" content=\"article\" \/>\n<meta property=\"og:title\" content=\"Abogado de Abuso en Hogares de Ancianos en Queens - Oresky &amp; Associates, PLLC\" \/>\n<meta property=\"og:description\" content=\"\u00bfFue su ser querido v\u00edctima de abuso en un asilo de ancianos en Queens? Llame a un abogado de lesiones personales de Oresky &amp; Associates, PLLC para justicia.\" \/>\n<meta property=\"og:url\" content=\"https:\/\/oreskylaw.com\/es\/queens\/abogados-de-abuso-en-residencias-de-ancianos\/\" \/>\n<meta property=\"og:site_name\" content=\"Oresky &amp; Associates, PLLC\" \/>\n<meta property=\"article:publisher\" content=\"https:\/\/www.facebook.com\/Oreskylaw\/\" \/>\n<meta property=\"article:modified_time\" content=\"2026-01-31T10:15:42+00:00\" \/>\n<meta property=\"og:image\" content=\"https:\/\/oreskylaw.com\/wp-content\/uploads\/2026\/01\/If-My-Loved-One-Was-a-Victim-of-Nursing-Home-Abuse-in-the-Bronx.webp\" \/>\n\t<meta property=\"og:image:width\" content=\"300\" \/>\n\t<meta property=\"og:image:height\" content=\"200\" \/>\n\t<meta property=\"og:image:type\" content=\"image\/webp\" \/>\n<meta name=\"twitter:card\" content=\"summary_large_image\" \/>\n<meta name=\"twitter:site\" content=\"@JacobOreskyLaw\" \/>\n<meta name=\"twitter:label1\" content=\"Tiempo de lectura\" \/>\n\t<meta name=\"twitter:data1\" content=\"8 minutos\" \/>\n<!-- \/ Yoast SEO plugin. -->","yoast_head_json":{"title":"Abogado de Abuso en Hogares de Ancianos en Queens - Oresky & Associates, PLLC","description":"\u00bfFue su ser querido v\u00edctima de abuso en un asilo de ancianos en Queens? Llame a un abogado de lesiones personales de Oresky & Associates, PLLC para justicia.","robots":{"index":"index","follow":"follow","max-snippet":"max-snippet:-1","max-image-preview":"max-image-preview:large","max-video-preview":"max-video-preview:-1"},"canonical":"https:\/\/oreskylaw.com\/es\/queens\/abogados-de-abuso-en-residencias-de-ancianos\/","og_locale":"es_ES","og_type":"article","og_title":"Abogado de Abuso en Hogares de Ancianos en Queens - Oresky & Associates, PLLC","og_description":"\u00bfFue su ser querido v\u00edctima de abuso en un asilo de ancianos en Queens? Llame a un abogado de lesiones personales de Oresky & Associates, PLLC para justicia.","og_url":"https:\/\/oreskylaw.com\/es\/queens\/abogados-de-abuso-en-residencias-de-ancianos\/","og_site_name":"Oresky &amp; Associates, PLLC","article_publisher":"https:\/\/www.facebook.com\/Oreskylaw\/","article_modified_time":"2026-01-31T10:15:42+00:00","og_image":[{"width":300,"height":200,"url":"https:\/\/oreskylaw.com\/wp-content\/uploads\/2026\/01\/If-My-Loved-One-Was-a-Victim-of-Nursing-Home-Abuse-in-the-Bronx.webp","type":"image\/webp"}],"twitter_card":"summary_large_image","twitter_site":"@JacobOreskyLaw","twitter_misc":{"Tiempo de lectura":"8 minutos"},"schema":{"@context":"https:\/\/schema.org","@graph":[{"@type":"WebPage","@id":"https:\/\/oreskylaw.com\/es\/queens\/abogados-de-abuso-en-residencias-de-ancianos\/","url":"https:\/\/oreskylaw.com\/es\/queens\/abogados-de-abuso-en-residencias-de-ancianos\/","name":"Abogado de Abuso en Hogares de Ancianos en Queens - Oresky & Associates, PLLC","isPartOf":{"@id":"https:\/\/oreskylaw.com\/es\/#website"},"primaryImageOfPage":{"@id":"https:\/\/oreskylaw.com\/es\/queens\/abogados-de-abuso-en-residencias-de-ancianos\/#primaryimage"},"image":{"@id":"https:\/\/oreskylaw.com\/es\/queens\/abogados-de-abuso-en-residencias-de-ancianos\/#primaryimage"},"thumbnailUrl":"https:\/\/oreskylaw.com\/wp-content\/uploads\/2026\/01\/If-My-Loved-One-Was-a-Victim-of-Nursing-Home-Abuse-in-the-Bronx.webp","datePublished":"2025-12-10T05:53:29+00:00","dateModified":"2026-01-31T10:15:42+00:00","description":"\u00bfFue su ser querido v\u00edctima de abuso en un asilo de ancianos en Queens? Llame a un abogado de lesiones personales de Oresky & Associates, PLLC para justicia.","breadcrumb":{"@id":"https:\/\/oreskylaw.com\/es\/queens\/abogados-de-abuso-en-residencias-de-ancianos\/#breadcrumb"},"inLanguage":"es","potentialAction":[{"@type":"ReadAction","target":["https:\/\/oreskylaw.com\/es\/queens\/abogados-de-abuso-en-residencias-de-ancianos\/"]}]},{"@type":"ImageObject","inLanguage":"es","@id":"https:\/\/oreskylaw.com\/es\/queens\/abogados-de-abuso-en-residencias-de-ancianos\/#primaryimage","url":"https:\/\/oreskylaw.com\/wp-content\/uploads\/2026\/01\/If-My-Loved-One-Was-a-Victim-of-Nursing-Home-Abuse-in-the-Bronx.webp","contentUrl":"https:\/\/oreskylaw.com\/wp-content\/uploads\/2026\/01\/If-My-Loved-One-Was-a-Victim-of-Nursing-Home-Abuse-in-the-Bronx.webp"},{"@type":"BreadcrumbList","@id":"https:\/\/oreskylaw.com\/es\/queens\/abogados-de-abuso-en-residencias-de-ancianos\/#breadcrumb","itemListElement":[{"@type":"ListItem","position":1,"name":"Inicio","item":"https:\/\/oreskylaw.com\/es\/"},{"@type":"ListItem","position":2,"name":"Queens","item":"https:\/\/oreskylaw.com\/es\/queens\/"},{"@type":"ListItem","position":3,"name":"Abogado de Abuso en Asilo de Ancianos en Queens"}]},{"@type":"WebSite","@id":"https:\/\/oreskylaw.com\/es\/#website","url":"https:\/\/oreskylaw.com\/es\/","name":"Oresky & Associates PLLC","description":"","publisher":{"@id":"https:\/\/oreskylaw.com\/es\/#organization"},"potentialAction":[{"@type":"SearchAction","target":{"@type":"EntryPoint","urlTemplate":"https:\/\/oreskylaw.com\/es\/?s={search_term_string}"},"query-input":{"@type":"PropertyValueSpecification","valueRequired":true,"valueName":"search_term_string"}}],"inLanguage":"es"}]}},"_links":{"self":[{"href":"https:\/\/oreskylaw.com\/es\/wp-json\/wp\/v2\/pages\/19626","targetHints":{"allow":["GET"]}}],"collection":[{"href":"https:\/\/oreskylaw.com\/es\/wp-json\/wp\/v2\/pages"}],"about":[{"href":"https:\/\/oreskylaw.com\/es\/wp-json\/wp\/v2\/types\/page"}],"author":[{"embeddable":true,"href":"https:\/\/oreskylaw.com\/es\/wp-json\/wp\/v2\/users\/9"}],"replies":[{"embeddable":true,"href":"https:\/\/oreskylaw.com\/es\/wp-json\/wp\/v2\/comments?post=19626"}],"version-history":[{"count":0,"href":"https:\/\/oreskylaw.com\/es\/wp-json\/wp\/v2\/pages\/19626\/revisions"}],"up":[{"embeddable":true,"href":"https:\/\/oreskylaw.com\/es\/wp-json\/wp\/v2\/pages\/19332"}],"wp:attachment":[{"href":"https:\/\/oreskylaw.com\/es\/wp-json\/wp\/v2\/media?parent=19626"}],"curies":[{"name":"wp","href":"https:\/\/api.w.org\/{rel}","templated":true}]}}