{"id":19638,"date":"2025-12-10T05:59:08","date_gmt":"2025-12-10T05:59:08","guid":{"rendered":"https:\/\/oreskylaw.com\/?page_id=19638"},"modified":"2026-01-31T10:21:42","modified_gmt":"2026-01-31T10:21:42","slug":"abogados-de-accidentes-de-peatones","status":"publish","type":"page","link":"https:\/\/oreskylaw.com\/es\/queens\/abogados-de-accidentes-de-peatones\/","title":{"rendered":"Abogado de accidentes de peatones"},"content":{"rendered":"<p>\u00bfTe has lesionado recientemente como peat\u00f3n en Queens, NY? Es posible que tengas derecho a una indemnizaci\u00f3n econ\u00f3mica importante por el costo de tus facturas m\u00e9dicas, los salarios perdidos y el sufrimiento. Los abogados de accidentes de peatones de Queens de\u00a0<a href=\"https:\/\/oreskylaw.com\/es\/acerca-de-nosotros\/\">Oresky &amp; Associates, PLLC<\/a> luchar\u00e1n para conseguir la m\u00e1xima indemnizaci\u00f3n en tu nombre.<\/p>\n<p>Somos abogados galardonados de primera categor\u00eda que luchan con pasi\u00f3n por las v\u00edctimas de accidentes de Queens cada d\u00eda. Desde nuestra fundaci\u00f3n, hemos ayudado a nuestros clientes a ganar m\u00e1s de 400 millones de d\u00f3lares en indemnizaciones econ\u00f3micas que han cambiado su vida.<\/p>\n<p>Las consecuencias de un accidente de peat\u00f3n pueden ser catastr\u00f3ficas. Mientras t\u00fa te concentras en recuperarte, permite que nuestros abogados traten con las compa\u00f1\u00edas de seguros y tomen nota de tu reclamaci\u00f3n legal. Tu primera\u00a0<a href=\"https:\/\/oreskylaw.com\/es\/contacto\/\">consulta<\/a> es gratuita, as\u00ed que llama ahora al <a href=\"tel:+19293050949\">(929) 305-0949<\/a>.<\/p>\n<h2>C\u00f3mo pueden ayudar nuestros abogados especializados en lesiones personales de Queens si has resultado herido en un accidente de peat\u00f3n<\/h2>\n<p>Puede resultar obvio que otra persona caus\u00f3 tu accidente de peat\u00f3n. Sin embargo, las compa\u00f1\u00edas de seguros y los responsables no te facilitar\u00e1n el proceso de obtener una indemnizaci\u00f3n. Imag\u00ednate si se impugna la responsabilidad, aunque sea ligeramente. Ahora es el momento de que te centres en mejorar, no en preocuparte por el estr\u00e9s que conlleva una demanda.<\/p>\n<p>Ah\u00ed es donde nuestros abogados de lesiones personales de Queens pueden ayudarte.<\/p>\n<p>En Oresky &amp; Associates, PLLC, nos comprometemos a conseguir justicia econ\u00f3mica para nuestros clientes lesionados. Mediante el trabajo duro, la dedicaci\u00f3n y la pasi\u00f3n por lo que hacemos, hemos sido capaces de ayudar a los peatones con lesiones catastr\u00f3ficas a buscar y obtener una indemnizaci\u00f3n que les cambie la vida. Tambi\u00e9n estamos aqu\u00ed en tu momento de mayor necesidad.<\/p>\n<p>Si te has lesionado como peat\u00f3n y acudes a nuestro despacho en busca de ayuda, puedes esperar que:<\/p>\n<ul>\n<li>Nos encarguemos de la totalidad de tu caso de lesiones personales de principio a fin<\/li>\n<li>Te demos el tiempo y la oportunidad de recuperarte<\/li>\n<li>Investiguemos las circunstancias de tu accidente de tr\u00e1fico para determinar la(s) causa(s)<\/li>\n<li>Recurramos a todas las prestaciones del seguro disponibles y\/o buscar da\u00f1os y perjuicios a trav\u00e9s de demandas de terceros<\/li>\n<li>Negociemos agresivamente para conseguir una oferta de acuerdo completa y justa en tu nombre<\/li>\n<li>Hagamos que un abogado experto y respetado lleve tu caso ante un jurado en Queens, si es necesario<\/li>\n<\/ul>\n<p>Para nosotros, nuestros clientes son como una familia. Te ofreceremos el ambiente de un despacho peque\u00f1o, pero nos aseguraremos de que tu caso se beneficie de los recursos de los grandes. Si te ha atropellado un coche, ponte en contacto con nuestro equipo jur\u00eddico en Queens para tener m\u00e1s informaci\u00f3n. Ofrecemos una consulta gratuita, as\u00ed que llama ahora.<\/p>\n<h2>Estad\u00edsticas de accidentes de peatones en Queens (actualizaci\u00f3n de diciembre de 2021)<\/h2>\n<p>\u00bfQu\u00e9 tan frecuentes son los accidentes de peatones en Queens? En 2020, se produjeron aproximadamente 1.649 accidentes de peatones en el distrito de Queens, lo que representa el 24.8% de todos los accidentes relacionados con peatones en la ciudad de New York.<\/p>\n<p>Por lo tanto, aproximadamente uno de cada cuatro accidentes de tr\u00e1fico en los que est\u00e1 implicado un peat\u00f3n ocurre en las calles e intersecciones de Queens.<\/p>\n<p>Bas\u00e1ndonos en esta cifra, significa que hay aproximadamente 137 accidentes de peatones en Queens cada mes.<\/p>\n<p>Seg\u00fan los datos m\u00e1s recientes publicados por la polic\u00eda de New York, parece que los accidentes de peatones han aumentado desde 2020. En diciembre de 2021, al menos 196 peatones se vieron implicados en accidentes de tr\u00e1fico en el municipio. De los implicados, 194 resultaron heridos y 2 murieron.<\/p>\n<h2>\u00bfCu\u00e1nto vale mi caso de lesiones personales tras un accidente de peat\u00f3n en Queens?<\/h2>\n<p>Los casos de accidentes de peatones suelen valer m\u00e1s que otros tipos de casos de accidentes de tr\u00e1fico. \u00bfPor qu\u00e9? Como no tienes nada que te proteja, como un casco o una gran estructura met\u00e1lica que te rodee, las posibilidades de sufrir lesiones catastr\u00f3ficas son importantes. Los costos y consecuencias de un accidente de peat\u00f3n pueden ser incre\u00edblemente elevados.<\/p>\n<p>A su vez, el valor de una reclamaci\u00f3n por lesiones relacionadas tambi\u00e9n puede ser elevado.<\/p>\n<p>El valor de tu caso de accidente de peat\u00f3n depender\u00e1 de:<\/p>\n<div class=\"row\">\n<ul class=\"col-xl-6\">\n<li>El tipo de lesiones que sufras<\/li>\n<li>Si podr\u00e1s recuperarte totalmente o no<\/li>\n<li>El tiempo que tardes en recuperarte totalmente, si es que eso es posible<\/li>\n<li>El salario y los ingresos que dejes de percibir mientras te recuperas<\/li>\n<\/ul>\n<ul class=\"col-xl-6\">\n<li>Si podr\u00e1s volver a trabajar o no<\/li>\n<li>El grado de dolor cr\u00f3nico y angustia emocional que experimentas<\/li>\n<li>Si tu propia negligencia contribuy\u00f3 al accidente<\/li>\n<\/ul>\n<\/div>\n<p>Nuestros abogados de accidentes de peatones en Queens realizar\u00e1n un an\u00e1lisis exhaustivo de tu caso. Recurriremos a la ayuda de expertos y especialistas para que nos ayuden a comprender el alcance de tus lesiones y traumas. Despu\u00e9s, estaremos preparados para seguir adelante y perseguir agresivamente cada centavo que merezcas de parte de los responsables.<\/p>\n<h2>\u00bfQu\u00e9 indemnizaciones puedo obtener si he sufrido una lesi\u00f3n como peat\u00f3n en Queens?<\/h2>\n<p>Los peatones lesionados en Queens pueden recibir indemnizaciones en forma de da\u00f1os econ\u00f3micos y no econ\u00f3micos.<\/p>\n<h3>Da\u00f1os Econ\u00f3micos<\/h3>\n<p>Los\u00a0<a href=\"https:\/\/oreskylaw.com\/es\/blog\/lesiones-personales-danos-economicos\/\">da\u00f1os econ\u00f3micos<\/a>\u00a0ayudan a compensar los costos y gastos financieros, tales como:<\/p>\n<div class=\"row\">\n<ul class=\"col-xl-6\">\n<li>Facturas m\u00e9dicas<\/li>\n<li>Rehabilitaci\u00f3n<\/li>\n<li>Cuidados de enfermer\u00eda<\/li>\n<\/ul>\n<ul class=\"col-xl-6\">\n<li>P\u00e9rdida de salario<\/li>\n<li>Reducci\u00f3n de la capacidad de ganancia<\/li>\n<li>Costos de funeral y entierro, si el accidente provoca una muerte por negligencia<\/li>\n<\/ul>\n<\/div>\n<h3>Da\u00f1os No Econ\u00f3micos<\/h3>\n<p>Los da\u00f1os no econ\u00f3micos ayudan a compensar consecuencias m\u00e1s personales, como:<\/p>\n<div class=\"row\">\n<ul class=\"col-xl-6\">\n<li>Dolor y sufrimiento<\/li>\n<li>Desfiguraci\u00f3n<\/li>\n<li>Cicatrices<\/li>\n<\/ul>\n<ul class=\"col-xl-6\">\n<li>P\u00e9rdida del disfrute de la vida<\/li>\n<li>Angustia mental<\/li>\n<\/ul>\n<\/div>\n<p>En casos limitados, tambi\u00e9n puede haber da\u00f1os punitivos. Sin embargo, estas indemnizaciones se reservan para casos en los que est\u00e1 claro que el demandado actu\u00f3 intencionadamente o con una flagrante indiferencia hacia tu seguridad.<\/p>\n<h2>\u00bfQui\u00e9n es responsable de mis lesiones tras un accidente de peat\u00f3n?<\/h2>\n<p>Cualquiera que contribuya a un accidente con un peat\u00f3n puede ser responsable de los da\u00f1os resultantes.<\/p>\n<p>Esto puede incluir:<\/p>\n<div class=\"row\">\n<ul class=\"col-xl-6\">\n<li>Conductores negligentes, incluidos los conductores de camiones y de buses de turismo<\/li>\n<li>Motociclistas<\/li>\n<li>Ciclistas<\/li>\n<li>Otros peatones<\/li>\n<li>Conductores de autobuses<\/li>\n<\/ul>\n<ul class=\"col-xl-6\">\n<li>Empresas de autobuses<\/li>\n<li>Empleadores de las partes negligentes<\/li>\n<li>Organismos gubernamentales, especialmente si un dise\u00f1o peligroso de la carretera o una falta de infraestructura para peatones contribuyeron al accidente<\/li>\n<li>Empresas que fabricaron o vendieron equipos de seguridad defectuosos<\/li>\n<\/ul>\n<\/div>\n<p>Una investigaci\u00f3n exhaustiva de la causa de tu accidente ayudar\u00e1 a revelar qui\u00e9n es el culpable en \u00faltima instancia.<\/p>\n    <div class=\"cw-cta-box\">\n        <div class=\"cw-cta-box__inner \">\n            <div class=\"cw-cta-box__info\">\n                                    <div class=\"label\">\u00a1Llame ahora!<\/div>\n                            <\/div>\n                            <div class=\"contact-phone\">\n                    <a href=\"tel:7189939999\"\n                        aria-label=\"Tap to call button\">\n                        718-993-9999                    <\/a>\n                <\/div>\n                    <\/div>\n                    <a href=\"\/es\/contacto\/\"\n               class=\"cta-btn btn btn--primary btn\"\n               target=\"\">\n                Obtenga Una Consulta Gratuita            <\/a>\n            <\/div>\n    \n<h2>\u00bfQu\u00e9 causa la mayor\u00eda de los accidentes de peatones en Queens, NY?<\/h2>\n<p>Cada d\u00eda, los peatones se ven implicados en accidentes en las calles de Queens.<\/p>\n<p>Las causas m\u00e1s comunes de estos tr\u00e1gicos accidentes son<\/p>\n<div class=\"row\">\n<ul class=\"col-xl-6\">\n<li>No ceder el paso a los peatones en los cruces y pasos de peatones<\/li>\n<li>Conductores que se apresuran en los cruces para saltarse un sem\u00e1foro en amarillo o en rojo<\/li>\n<li>Conducci\u00f3n distra\u00edda<\/li>\n<li>No mirar a los peatones antes de girar a la izquierda o a la derecha<\/li>\n<\/ul>\n<ul class=\"col-xl-6\">\n<li>Exceso de velocidad<\/li>\n<li>Conducci\u00f3n en estado de embriaguez<\/li>\n<li>Aceras inadecuadas o inexistentes<\/li>\n<li>Escombros en la acera o en la calzada<\/li>\n<li>Aceras bloqueadas que obligan a los peatones a salir a la calzada<\/li>\n<\/ul>\n<\/div>\n<p>Puede haber uno o varios factores que contribuyan a un accidente. Nuestro despacho de abogados investigar\u00e1 cuidadosamente tu situaci\u00f3n concreta para descubrir todas las posibles causas.<\/p>\n<h2>\u00bfQu\u00e9 ocurre si me culpan de mi accidente de peat\u00f3n?<\/h2>\n<p><img loading=\"lazy\" decoding=\"async\" class=\"size-full wp-image-16290 alignleft\" src=\"https:\/\/oreskylaw.com\/wp-content\/uploads\/2026\/01\/What-Happens-If-Im-Blamed-For-My-Pedestrian-Accident.jpeg\" alt=\"What Happens If I'm Blamed For My Pedestrian Accident?\" width=\"300\" height=\"200\" \/>Es muy probable que las partes negligentes y las compa\u00f1\u00edas de seguros intenten culpar a la v\u00edctima. Compartir la culpa no significa que no puedas obtener una indemnizaci\u00f3n. Sin embargo, seg\u00fan la regla de la culpa comparativa de New York, significa que tus da\u00f1os se ver\u00e1n reducidos.<\/p>\n<p>Los da\u00f1os se ajustar\u00e1n para reflejar tu parte de culpa. Si se te asigna un 20% de responsabilidad, tu indemnizaci\u00f3n econ\u00f3mica alcanzar\u00e1 el 80% del total de los da\u00f1os.<\/p>\n<p>No aceptes m\u00e1s culpa de la que te corresponde, si es que la tienes. Nuestros abogados especializados en accidentes de peatones en Queens te defender\u00e1n en todo momento, trabajando para desacreditar las acusaciones de que t\u00fa tienes la culpa. Cuanta menos culpa se te atribuya, mayor puede ser tu indemnizaci\u00f3n econ\u00f3mica.<\/p>\n<h2>\u00bfNecesito demostrar la negligencia para ganar mi caso?<\/h2>\n<p>Lo m\u00e1s probable es que s\u00ed. Aunque una demanda basada en la responsabilidad objetiva podr\u00eda ser posible en circunstancias limitadas, la negligencia es la principal causa de acci\u00f3n en la mayor\u00eda de los casos de lesiones personales.<\/p>\n<p>Negligencia significa:<\/p>\n<ul>\n<li>Que alguien te deb\u00eda un deber de cuidado;<\/li>\n<li>Esa persona no actu\u00f3 razonablemente en las circunstancias e incumpli\u00f3 ese deber;<\/li>\n<li>Sus acciones fueron la causa directa y pr\u00f3xima de tus lesiones; y<\/li>\n<li>Has sufrido da\u00f1os y perjuicios -financieros, f\u00edsicos, emocionales- como consecuencia de ello.<\/li>\n<\/ul>\n<p>Tienes que demostrar cada uno de estos elementos para ganar tu caso. Necesitar\u00e1s pruebas que demuestren la negligencia del demandado mediante pruebas claras y convincentes. Las pruebas \u00fatiles pueden incluir fotos del lugar del accidente, relatos de testigos presenciales, historiales m\u00e9dicos e informes de especialistas.<\/p>\n<h2>\u00bfDe cu\u00e1nto tiempo dispongo para presentar una demanda tras un accidente de peat\u00f3n en New York?<\/h2>\n<p>Tres a\u00f1os es el plazo de prescripci\u00f3n que se aplica a la mayor\u00eda de las demandas por accidente de peat\u00f3n en el Estado de New York. Si el accidente es mortal, tendr\u00e1s dos a\u00f1os para presentar una demanda por homicidio culposo en nombre de un ser querido fallecido.<\/p>\n<p>Puedes tener m\u00e1s o menos tiempo para actuar, seg\u00fan las circunstancias de tu caso. Sin embargo, una cosa es segura: perder\u00e1s el derecho a cobrar la indemnizaci\u00f3n que te corresponde si no cumples el plazo que se aplica a tu caso concreto.<\/p>\n<p>No esperes a ponerte en contacto con Oresky &amp; Associates, PLLC despu\u00e9s de tu accidente. Podemos ponernos a trabajar inmediatamente y ayudar a garantizar que se preserve tu derecho a la indemnizaci\u00f3n.<\/p>\n<h2>Programa una consulta gratuita con un abogado de accidentes de peatones en Queens<\/h2>\n<p>\u00bfHas sufrido una rotura de huesos, un traumatismo craneoencef\u00e1lico u otra lesi\u00f3n por accidente de peat\u00f3n al cruzar la calle? Los abogados de accidentes de peatones de Queens de Oresky &amp; Associates, PLLC est\u00e1n aqu\u00ed para ti. Ayudamos a clientes que han sufrido lesiones catastr\u00f3ficas y han perdido a miembros de su familia en accidentes mortales de peatones en toda la zona de New York.<\/p>\n<p>Solo hace falta una llamada para concertar una cita para hablar de tu caso. Escucharemos tu versi\u00f3n de la historia, evaluaremos tus opciones legales y te ayudaremos a trazar un plan para maximizar tu recuperaci\u00f3n econ\u00f3mica. Pon de tu lado a un despacho de abogados con m\u00e1s de 25 a\u00f1os de experiencia. Estamos preparados para tomar tu llamada.<\/p>\n","protected":false},"excerpt":{"rendered":"<p>\u00bfTe has lesionado recientemente como peat\u00f3n en Queens, NY? Es posible que tengas derecho a una indemnizaci\u00f3n econ\u00f3mica importante por el costo de tus facturas m\u00e9dicas, los salarios perdidos y el sufrimiento. Los abogados de accidentes de peatones de Queens de\u00a0Oresky &amp; Associates, PLLC luchar\u00e1n para conseguir la m\u00e1xima indemnizaci\u00f3n en tu nombre. Somos abogados [&hellip;]<\/p>\n","protected":false},"author":9,"featured_media":0,"parent":19332,"menu_order":51,"comment_status":"closed","ping_status":"closed","template":"","meta":{"_acf_changed":false,"footnotes":""},"class_list":["post-19638","page","type-page","status-publish","hentry"],"acf":[],"yoast_head":"<!-- This site is optimized with the Yoast SEO plugin v27.3 - https:\/\/yoast.com\/product\/yoast-seo-wordpress\/ -->\n<title>Abogado de accidentes de peatones en Queens - Oresky &amp; Associates, PLLC<\/title>\n<meta name=\"description\" content=\"\u00bfLesionado como peat\u00f3n en Queens? Obtenga la compensaci\u00f3n que merece. Contacte a nuestros abogados galardonados en Oresky &amp; Associates, PLLC para consulta.\" \/>\n<meta name=\"robots\" content=\"index, follow, max-snippet:-1, max-image-preview:large, max-video-preview:-1\" \/>\n<link rel=\"canonical\" href=\"https:\/\/oreskylaw.com\/es\/queens\/abogados-de-accidentes-de-peatones\/\" \/>\n<meta property=\"og:locale\" content=\"es_ES\" \/>\n<meta property=\"og:type\" content=\"article\" \/>\n<meta property=\"og:title\" content=\"Abogado de accidentes de peatones en Queens - Oresky &amp; Associates, PLLC\" \/>\n<meta property=\"og:description\" content=\"\u00bfLesionado como peat\u00f3n en Queens? Obtenga la compensaci\u00f3n que merece. Contacte a nuestros abogados galardonados en Oresky &amp; Associates, PLLC para consulta.\" \/>\n<meta property=\"og:url\" content=\"https:\/\/oreskylaw.com\/es\/queens\/abogados-de-accidentes-de-peatones\/\" \/>\n<meta property=\"og:site_name\" content=\"Oresky &amp; Associates, PLLC\" \/>\n<meta property=\"article:publisher\" content=\"https:\/\/www.facebook.com\/Oreskylaw\/\" \/>\n<meta property=\"article:modified_time\" content=\"2026-01-31T10:21:42+00:00\" \/>\n<meta property=\"og:image\" content=\"https:\/\/oreskylaw.com\/wp-content\/uploads\/2026\/01\/What-Happens-If-Im-Blamed-For-My-Pedestrian-Accident.jpeg\" \/>\n\t<meta property=\"og:image:width\" content=\"300\" \/>\n\t<meta property=\"og:image:height\" content=\"200\" \/>\n\t<meta property=\"og:image:type\" content=\"image\/jpeg\" \/>\n<meta name=\"twitter:card\" content=\"summary_large_image\" \/>\n<meta name=\"twitter:site\" content=\"@JacobOreskyLaw\" \/>\n<meta name=\"twitter:label1\" content=\"Tiempo de lectura\" \/>\n\t<meta name=\"twitter:data1\" content=\"8 minutos\" \/>\n<!-- \/ Yoast SEO plugin. -->","yoast_head_json":{"title":"Abogado de accidentes de peatones en Queens - Oresky & Associates, PLLC","description":"\u00bfLesionado como peat\u00f3n en Queens? Obtenga la compensaci\u00f3n que merece. Contacte a nuestros abogados galardonados en Oresky & Associates, PLLC para consulta.","robots":{"index":"index","follow":"follow","max-snippet":"max-snippet:-1","max-image-preview":"max-image-preview:large","max-video-preview":"max-video-preview:-1"},"canonical":"https:\/\/oreskylaw.com\/es\/queens\/abogados-de-accidentes-de-peatones\/","og_locale":"es_ES","og_type":"article","og_title":"Abogado de accidentes de peatones en Queens - Oresky & Associates, PLLC","og_description":"\u00bfLesionado como peat\u00f3n en Queens? Obtenga la compensaci\u00f3n que merece. Contacte a nuestros abogados galardonados en Oresky & Associates, PLLC para consulta.","og_url":"https:\/\/oreskylaw.com\/es\/queens\/abogados-de-accidentes-de-peatones\/","og_site_name":"Oresky &amp; Associates, PLLC","article_publisher":"https:\/\/www.facebook.com\/Oreskylaw\/","article_modified_time":"2026-01-31T10:21:42+00:00","og_image":[{"width":300,"height":200,"url":"https:\/\/oreskylaw.com\/wp-content\/uploads\/2026\/01\/What-Happens-If-Im-Blamed-For-My-Pedestrian-Accident.jpeg","type":"image\/jpeg"}],"twitter_card":"summary_large_image","twitter_site":"@JacobOreskyLaw","twitter_misc":{"Tiempo de lectura":"8 minutos"},"schema":{"@context":"https:\/\/schema.org","@graph":[{"@type":"WebPage","@id":"https:\/\/oreskylaw.com\/es\/queens\/abogados-de-accidentes-de-peatones\/","url":"https:\/\/oreskylaw.com\/es\/queens\/abogados-de-accidentes-de-peatones\/","name":"Abogado de accidentes de peatones en Queens - Oresky & Associates, PLLC","isPartOf":{"@id":"https:\/\/oreskylaw.com\/es\/#website"},"primaryImageOfPage":{"@id":"https:\/\/oreskylaw.com\/es\/queens\/abogados-de-accidentes-de-peatones\/#primaryimage"},"image":{"@id":"https:\/\/oreskylaw.com\/es\/queens\/abogados-de-accidentes-de-peatones\/#primaryimage"},"thumbnailUrl":"https:\/\/oreskylaw.com\/wp-content\/uploads\/2026\/01\/What-Happens-If-Im-Blamed-For-My-Pedestrian-Accident.jpeg","datePublished":"2025-12-10T05:59:08+00:00","dateModified":"2026-01-31T10:21:42+00:00","description":"\u00bfLesionado como peat\u00f3n en Queens? Obtenga la compensaci\u00f3n que merece. Contacte a nuestros abogados galardonados en Oresky & Associates, PLLC para consulta.","breadcrumb":{"@id":"https:\/\/oreskylaw.com\/es\/queens\/abogados-de-accidentes-de-peatones\/#breadcrumb"},"inLanguage":"es","potentialAction":[{"@type":"ReadAction","target":["https:\/\/oreskylaw.com\/es\/queens\/abogados-de-accidentes-de-peatones\/"]}]},{"@type":"ImageObject","inLanguage":"es","@id":"https:\/\/oreskylaw.com\/es\/queens\/abogados-de-accidentes-de-peatones\/#primaryimage","url":"https:\/\/oreskylaw.com\/wp-content\/uploads\/2026\/01\/What-Happens-If-Im-Blamed-For-My-Pedestrian-Accident.jpeg","contentUrl":"https:\/\/oreskylaw.com\/wp-content\/uploads\/2026\/01\/What-Happens-If-Im-Blamed-For-My-Pedestrian-Accident.jpeg"},{"@type":"BreadcrumbList","@id":"https:\/\/oreskylaw.com\/es\/queens\/abogados-de-accidentes-de-peatones\/#breadcrumb","itemListElement":[{"@type":"ListItem","position":1,"name":"Inicio","item":"https:\/\/oreskylaw.com\/es\/"},{"@type":"ListItem","position":2,"name":"Queens","item":"https:\/\/oreskylaw.com\/es\/queens\/"},{"@type":"ListItem","position":3,"name":"Abogado de accidentes de peatones"}]},{"@type":"WebSite","@id":"https:\/\/oreskylaw.com\/es\/#website","url":"https:\/\/oreskylaw.com\/es\/","name":"Oresky & Associates PLLC","description":"","publisher":{"@id":"https:\/\/oreskylaw.com\/es\/#organization"},"potentialAction":[{"@type":"SearchAction","target":{"@type":"EntryPoint","urlTemplate":"https:\/\/oreskylaw.com\/es\/?s={search_term_string}"},"query-input":{"@type":"PropertyValueSpecification","valueRequired":true,"valueName":"search_term_string"}}],"inLanguage":"es"}]}},"_links":{"self":[{"href":"https:\/\/oreskylaw.com\/es\/wp-json\/wp\/v2\/pages\/19638","targetHints":{"allow":["GET"]}}],"collection":[{"href":"https:\/\/oreskylaw.com\/es\/wp-json\/wp\/v2\/pages"}],"about":[{"href":"https:\/\/oreskylaw.com\/es\/wp-json\/wp\/v2\/types\/page"}],"author":[{"embeddable":true,"href":"https:\/\/oreskylaw.com\/es\/wp-json\/wp\/v2\/users\/9"}],"replies":[{"embeddable":true,"href":"https:\/\/oreskylaw.com\/es\/wp-json\/wp\/v2\/comments?post=19638"}],"version-history":[{"count":0,"href":"https:\/\/oreskylaw.com\/es\/wp-json\/wp\/v2\/pages\/19638\/revisions"}],"up":[{"embeddable":true,"href":"https:\/\/oreskylaw.com\/es\/wp-json\/wp\/v2\/pages\/19332"}],"wp:attachment":[{"href":"https:\/\/oreskylaw.com\/es\/wp-json\/wp\/v2\/media?parent=19638"}],"curies":[{"name":"wp","href":"https:\/\/api.w.org\/{rel}","templated":true}]}}