{"id":19661,"date":"2026-01-19T08:01:19","date_gmt":"2026-01-19T08:01:19","guid":{"rendered":"https:\/\/oreskylaw.com\/?page_id=19661"},"modified":"2026-01-31T10:25:50","modified_gmt":"2026-01-31T10:25:50","slug":"abogados-de-responsabilidad-de-locales","status":"publish","type":"page","link":"https:\/\/oreskylaw.com\/es\/queens\/abogados-de-responsabilidad-de-locales\/","title":{"rendered":"Abogado de Responsabilidad Civil de Inmuebles"},"content":{"rendered":"<h2>Abogado de Responsabilidad de Propiedades en Queens<\/h2>\n<p>\u00bfRecientemente sufri\u00f3 una lesi\u00f3n en la propiedad de otra persona en Queens, NY? \u00bfCree que su accidente podr\u00eda haberse evitado si el propietario hubiera mantenido mejor las instalaciones? Si es as\u00ed, es posible que tenga un reclamo v\u00e1lido por da\u00f1os y perjuicios. Los experimentados abogados de responsabilidad de propiedades de\u00a0<a href=\"https:\/\/oreskylaw.com\/es\/acerca-de-nosotros\/\">Oresky &amp; Associates, PLLC<\/a>\u00a0est\u00e1n aqu\u00ed para ayudarlo a luchar por la compensaci\u00f3n que se merece.<\/p>\n<p>Nuestro bufete de abogados ha estado defendiendo los derechos de las v\u00edctimas de lesiones en Queens durante m\u00e1s de 30 a\u00f1os. Con m\u00e1s de $400 millones recuperados en acuerdos y veredictos, nos hemos ganado una reputaci\u00f3n por ser defensores apasionados y exitosos.<\/p>\n<p>Contacte nuestra oficina de abogados en Queens, New York, para comenzar su camino hacia un resultado exitoso en su caso de lesi\u00f3n personal. Su primera <a href=\"https:\/\/oreskylaw.com\/es\/contacto\/\">consulta es gratuita<\/a>\u00a0as\u00ed que ll\u00e1menos hoy al\u00a0<a href=\"tel:+19293050949\">(929) 305-0949<\/a>.<\/p>\n<h2>C\u00f3mo Nuestros Abogados de Lesiones Personales en Queens Pueden Ayudar Con Su Caso de Responsabilidad de Propiedades<\/h2>\n<p>Los propietarios actuar\u00e1n r\u00e1pidamente para limpiar cualquier peligro que le haya causado da\u00f1o en su propiedad. Intentar\u00e1n deshacerse de la evidencia y hacer parecer que su historia no es verdadera. Deber\u00e1 actuar r\u00e1pidamente si desea preservar sus derechos y recuperar la compensaci\u00f3n que merece.<\/p>\n<p>Por eso debe llamar a nuestros abogados de lesiones personales en Queens lo antes posible para obtener ayuda con su caso de responsabilidad de propiedades. Ya sea que haya resultado herido en una ca\u00edda, asaltado en un bar local o sufrido lesiones en un sitio de construcci\u00f3n, nuestro equipo abogar\u00e1 para responsabilizar al propietario negligente si tiene la culpa.<\/p>\n<p>Conf\u00ede en nuestros abogados galardonados con su caso, y nosotros:<\/p>\n<ul>\n<li>Investigaremos las circunstancias que rodearon su accidente y la lesi\u00f3n resultante<\/li>\n<li>Determinaremos qu\u00e9 tipo(s) de peligro(s) estaban presentes y contribuyeron a su accidente<\/li>\n<li>Manejaremos las negociaciones con el propietario y\/o su compa\u00f1\u00eda de seguros para asegurar un acuerdo de m\u00e1xima cantidad<\/li>\n<li>Tendremos un respetado abogado de juicios llevar su caso a un jurado en Queens si no se le ofrece un acuerdo justo<\/li>\n<\/ul>\n<p>Cuando contrate a nuestro bufete de abogados en Queens, tendr\u00e1 la oportunidad de concentrarse en lo m\u00e1s importante: mejorar. Manejaremos todos los aspectos de su reclamo por responsabilidad de propiedades &#8211; y las dif\u00edciles compa\u00f1\u00edas de seguros &#8211; en su nombre.<\/p>\n<h2>Manejamos Todos los Asuntos de Responsabilidad de Propiedades en Queens<\/h2>\n<p>Nuestro equipo legal tiene experiencia en una amplia gama de casos de responsabilidad de propiedades en Queens, incluyendo:<\/p>\n<div class=\"row\">\n<ul class=\"col-xl-6\">\n<li><a href=\"https:\/\/oreskylaw.com\/es\/queens\/abogados-de-resbalones-y-caidas\/\">Accidentes por resbalones y ca\u00eddas<\/a><\/li>\n<li>Accidentes por tropiezos y ca\u00eddas<\/li>\n<li>Exposici\u00f3n a sustancias t\u00f3xicas<\/li>\n<li><a href=\"https:\/\/oreskylaw.com\/es\/queens\/abogados-de-compensacion-laboral\/\">Accidentes laborales<\/a><\/li>\n<li>Accidentes de elevadores<\/li>\n<li>Accidentes en piscinas<\/li>\n<li>Seguridad negligente<\/li>\n<\/ul>\n<ul class=\"col-xl-6\">\n<li>Accidentes por colapso de techos<\/li>\n<li>Accidentes en hogares de cuidado<\/li>\n<li>Accidentes en hospitales<\/li>\n<li>Accidentes por incendios<\/li>\n<li>Electrocuciones<\/li>\n<li>Quemaduras<\/li>\n<li>Mordeduras de perro, y m\u00e1s.<\/li>\n<\/ul>\n<\/div>\n<p>No importa c\u00f3mo haya sido su lesi\u00f3n, estamos aqu\u00ed para ayudarlo a buscar justicia y compensaci\u00f3n.<\/p>\n<h2>\u00bfCu\u00e1ndo son Responsables los Propietarios de Propiedades por Lesiones en sus Instalaciones?<\/h2>\n<p>Si un propietario tiene una propiedad en Queens que est\u00e1 abierta al p\u00fablico o invita a los invitados a visitar, tienen ciertas obligaciones legales.<\/p>\n<p>Los tribunales de New York han provisto que los propietarios tienen un deber de cuidado para \u00abmantener las instalaciones en una condici\u00f3n razonablemente segura para evitar que cualquier persona legalmente en las instalaciones se lesione\u00bb.<\/p>\n<p>\u00bfC\u00f3mo mantienen los propietarios sus instalaciones en una condici\u00f3n razonablemente segura?<\/p>\n<p>Los est\u00e1ndares com\u00fanmente aceptados incluyen:<\/p>\n<ul>\n<li>Revisar peri\u00f3dicamente posibles peligros o riesgos;<\/li>\n<li>Arreglar peligros una vez que el propietario tiene conocimiento actual o constructivo de ellos;<\/li>\n<li>Advertir a los invitados sobre peligros conocidos hasta que puedan ser arreglados.<\/li>\n<\/ul>\n<p>Si un propietario no toma estos (u otros) pasos razonables para mantener sus instalaciones seguras, entonces pueden ser responsables financieramente de las consecuencias.<\/p>\n<p>Un propietario puede ser responsable si un invitado comercial o social resulta herido debido a:<\/p>\n<div class=\"row\">\n<ul class=\"col-xl-6\">\n<li>Escaleras o barandillas rotas<\/li>\n<li>Tablones de piso rotos<\/li>\n<li>Barandillas faltantes<\/li>\n<li>Alfombras o tapetes sin asegurar<\/li>\n<li>Suelos resbaladizos o mojados<\/li>\n<li>Cables el\u00e9ctricos sueltos<\/li>\n<li>Iluminaci\u00f3n inadecuada<\/li>\n<\/ul>\n<ul class=\"col-xl-6\">\n<li>Acumulaci\u00f3n de nieve o hielo<\/li>\n<li>Escombros<\/li>\n<li>Falta de c\u00e1maras de vigilancia o sistemas de monitoreo de seguridad<\/li>\n<li>Puertas rotas<\/li>\n<li>Cercas inadecuadas o per\u00edmetro alrededor de una atracci\u00f3n peligrosa<\/li>\n<\/ul>\n<\/div>\n<p>Si se lesiona en la propiedad de otra persona, intente tomar fotos de la condici\u00f3n peligrosa que caus\u00f3 su lesi\u00f3n. Informe inmediatamente el incidente al propietario y a la polic\u00eda. Luego no dude en contactar a nuestros abogados de responsabilidad de propiedades en Queens, NY. Estos pasos pueden ayudar a asegurar que su lesi\u00f3n est\u00e9 documentada y que se preserve la valiosa evidencia de la negligencia del propietario.<\/p>\n    <div class=\"cw-cta-box\">\n        <div class=\"cw-cta-box__inner \">\n            <div class=\"cw-cta-box__info\">\n                                    <div class=\"label\">\u00a1Llame ahora!<\/div>\n                            <\/div>\n                            <div class=\"contact-phone\">\n                    <a href=\"tel:7189939999\"\n                        aria-label=\"Tap to call button\">\n                        718-993-9999                    <\/a>\n                <\/div>\n                    <\/div>\n                    <a href=\"\/es\/contacto\/\"\n               class=\"cta-btn btn btn--primary btn\"\n               target=\"\">\n                Obtenga Una Consulta Gratuita            <\/a>\n            <\/div>\n    \n<h2>\u00bfPuedo Recuperar Compensaci\u00f3n en un Caso de Responsabilidad de Propiedades Si el Propietario Trata de Culparme?<\/h2>\n<p>Los propietarios probablemente intentar\u00e1n afirmar que usted tiene la culpa de haberse lesionado en sus instalaciones, no ellos. Si no hace nada, podr\u00eda ver c\u00f3mo valiosa compensaci\u00f3n se desvanece. New York ha adoptado un sistema de negligencia comparativa pura. Cualquiera que contribuya a un accidente, incluyendo a las v\u00edctimas, compartir\u00e1 la responsabilidad por las consecuencias.<\/p>\n<p>Pierde el derecho a recuperar compensaci\u00f3n si se le asigna el 100% de la culpa. Si comparte la culpa con otra persona, incluso solo el 1%, entonces sus da\u00f1os se reducir\u00e1n en consecuencia. Por ejemplo, da\u00f1os totalizando $100.000 despu\u00e9s de una ca\u00edda podr\u00edan reducirse a $70.000 si se le asigna el 30% de la culpa por el accidente.<\/p>\n<p>Nuestros abogados de responsabilidad de propiedades en Queens conocen bien estas estrategias. Son favoritas de las compa\u00f1\u00edas de seguros y poderosos acusados que est\u00e1n ansiosos por encontrar una forma de limitar cu\u00e1nto dinero tienen que pagar. Estaremos preparados para defenderlo en cada paso, presentando evidencia para probar que est\u00e1n equivocados o, al menos, limitar cu\u00e1nta responsabilidad se le asigna.<\/p>\n<p>Cuanto menos culpa tenga, m\u00e1s dinero podr\u00e1 llevarse cuando se resuelva su caso de responsabilidad de propiedades.<\/p>\n<h2>\u00bfQu\u00e9 Da\u00f1os Puedo Obtener en un Caso de Responsabilidad de Propiedades en Queens?<\/h2>\n<p><img loading=\"lazy\" decoding=\"async\" class=\"size-full wp-image-12292 alignright\" src=\"https:\/\/oreskylaw.com\/wp-content\/uploads\/2026\/01\/How-Can-an-Injury-Attorney-Help-Me-After-an-Accident.webp\" alt=\"construction accident attorney bronx ny\" width=\"300\" height=\"195\" srcset=\"https:\/\/oreskylaw.com\/wp-content\/uploads\/2026\/01\/How-Can-an-Injury-Attorney-Help-Me-After-an-Accident.webp 300w, https:\/\/oreskylaw.com\/wp-content\/uploads\/2026\/01\/How-Can-an-Injury-Attorney-Help-Me-After-an-Accident-91x58.webp 91w\" sizes=\"auto, (max-width: 300px) 100vw, 300px\" \/>Lesionarse en un lugar de negocios o en la casa de un conocido puede significar tener el derecho de presentar una demanda por lesiones personales por da\u00f1os.<\/p>\n<p>En New York, las v\u00edctimas de lesiones pueden buscar los siguientes da\u00f1os econ\u00f3micos y da\u00f1os no econ\u00f3micos por sus p\u00e9rdidas:<\/p>\n<div class=\"row\">\n<ul class=\"col-xl-6\">\n<li>Facturas m\u00e9dicas<\/li>\n<li>Salarios e ingresos perdidos<\/li>\n<li>Discapacidad<\/li>\n<li>Polor y sufrimiento<\/li>\n<li>Angustia emocional<\/li>\n<\/ul>\n<ul class=\"col-xl-6\">\n<li>P\u00e9rdida de calidad de vida<\/li>\n<li>P\u00e9rdida de consorcio<\/li>\n<li>Desfiguraci\u00f3n<\/li>\n<li>TEPT y angustia mental<\/li>\n<\/ul>\n<\/div>\n<p>Si un propietario actu\u00f3 con negligencia grave o caus\u00f3 intencionalmente que usted se lastimara, tambi\u00e9n pueden estar disponibles da\u00f1os punitivos. Nuestros abogados revisar\u00e1n cuidadosamente su caso para asegurarse de que persigamos activamente toda la compensaci\u00f3n a la que tiene derecho seg\u00fan la ley.<\/p>\n<h2>\u00bfCu\u00e1nto Vale Mi Caso de Responsabilidad de Propiedades?<\/h2>\n<p>Cada caso es diferente. Sin embargo, hay muchos factores diferentes que finalmente afectar\u00e1n cu\u00e1nto dinero puede obtener.<\/p>\n<p>Estos incluyen:<\/p>\n<ul>\n<li>El tipo y la extensi\u00f3n de sus lesiones<\/li>\n<li>Su capacidad (o incapacidad) para trabajar despu\u00e9s de su accidente<\/li>\n<li>C\u00f3mo sus lesiones lo afectar\u00e1n a largo plazo<\/li>\n<li>El grado en que ha sido traumatizado por su accidente y las lesiones resultantes<\/li>\n<li>La claridad de la responsabilidad<\/li>\n<li>El tipo de instalaciones en las que result\u00f3 herido y la cobertura de seguro disponible<\/li>\n<\/ul>\n<p>Estas son todas cuestiones que nuestros abogados de responsabilidad de propiedades de Queens consideran mientras trabajamos para valorar un caso. Cuando es necesario, traemos expertos respetables para ayudarnos a entender aspectos de su caso que son m\u00e1s t\u00e9cnicamente desafiantes. Con su ayuda, podemos estar mejor preparados para obtener un acuerdo significativo o ganar en juicio para usted.<\/p>\n<h2>\u00bfCu\u00e1nto Tiempo Tengo para Presentar una Demanda por Responsabilidad de Propiedades en Queens, NY?<\/h2>\n<p>Tres a\u00f1os. Ese es el estatuto de limitaciones est\u00e1ndar para la mayor\u00eda de los casos de lesiones personales en New York. Tendr\u00e1 solo dos a\u00f1os para presentar una acci\u00f3n por muerte injusta si un miembro de la familia muere en un accidente en la propiedad de otra persona.<\/p>\n<p>No permita que el estatuto de limitaciones expire sin actuar. Si lo hace, renunciar\u00e1 al derecho de recuperar la compensaci\u00f3n que merece.<\/p>\n<h2>Programe una Consulta Gratuita Con un Abogado de Responsabilidad de Propiedades en Queens<\/h2>\n<p>P\u00f3ngase en contacto con nuestros experimentados abogados de responsabilidad de propiedades de Queens si usted o un ser querido resultaron heridos recientemente en un accidente en Queens, NY. Los propietarios negligentes pueden ser responsabilizados por condiciones peligrosas que contribuyen a o causan lesiones. Oresky &amp; Associates, PLLC trabajar\u00e1 incansablemente para responsabilizarlos.<\/p>\n<p>Hemos ganado cientos de millones de d\u00f3lares para v\u00edctimas de lesiones como usted. Ahora que est\u00e1 sufriendo, nuestro objetivo es ayudarlo a corregir las cosas. El dinero puede no retroceder el reloj y evitar que se lastime, pero puede ofrecer un nuevo comienzo en su camino hacia la recuperaci\u00f3n.<\/p>\n<p>Nuestro bufete de abogados ofrece una consulta inicial gratuita, as\u00ed que cont\u00e1ctenos para comenzar ahora.<\/p>\n","protected":false},"excerpt":{"rendered":"<p>Abogado de Responsabilidad de Propiedades en Queens \u00bfRecientemente sufri\u00f3 una lesi\u00f3n en la propiedad de otra persona en Queens, NY? \u00bfCree que su accidente podr\u00eda haberse evitado si el propietario hubiera mantenido mejor las instalaciones? Si es as\u00ed, es posible que tenga un reclamo v\u00e1lido por da\u00f1os y perjuicios. Los experimentados abogados de responsabilidad de [&hellip;]<\/p>\n","protected":false},"author":9,"featured_media":0,"parent":19332,"menu_order":55,"comment_status":"closed","ping_status":"closed","template":"","meta":{"_acf_changed":false,"footnotes":""},"class_list":["post-19661","page","type-page","status-publish","hentry"],"acf":[],"yoast_head":"<!-- This site is optimized with the Yoast SEO plugin v27.3 - https:\/\/yoast.com\/product\/yoast-seo-wordpress\/ -->\n<title>Abogado de Responsabilidad Civil en Inmuebles en Queens - Oresky &amp; Associates, PLLC<\/title>\n<meta name=\"description\" content=\"\u00bfLesionado en un accidente de responsabilidad de propiedad en Queens? No demore en buscar ayuda legal. Cont\u00e1ctenos en Oresky &amp; Associates, PLLC para consulta.\" \/>\n<meta name=\"robots\" content=\"index, follow, max-snippet:-1, max-image-preview:large, max-video-preview:-1\" \/>\n<link rel=\"canonical\" href=\"https:\/\/oreskylaw.com\/es\/queens\/abogados-de-responsabilidad-de-locales\/\" \/>\n<meta property=\"og:locale\" content=\"es_ES\" \/>\n<meta property=\"og:type\" content=\"article\" \/>\n<meta property=\"og:title\" content=\"Abogado de Responsabilidad Civil en Inmuebles en Queens - Oresky &amp; Associates, PLLC\" \/>\n<meta property=\"og:description\" content=\"\u00bfLesionado en un accidente de responsabilidad de propiedad en Queens? No demore en buscar ayuda legal. Cont\u00e1ctenos en Oresky &amp; Associates, PLLC para consulta.\" \/>\n<meta property=\"og:url\" content=\"https:\/\/oreskylaw.com\/es\/queens\/abogados-de-responsabilidad-de-locales\/\" \/>\n<meta property=\"og:site_name\" content=\"Oresky &amp; Associates, PLLC\" \/>\n<meta property=\"article:publisher\" content=\"https:\/\/www.facebook.com\/Oreskylaw\/\" \/>\n<meta property=\"article:modified_time\" content=\"2026-01-31T10:25:50+00:00\" \/>\n<meta property=\"og:image\" content=\"https:\/\/oreskylaw.com\/wp-content\/uploads\/2026\/01\/How-Can-an-Injury-Attorney-Help-Me-After-an-Accident.webp\" \/>\n\t<meta property=\"og:image:width\" content=\"300\" \/>\n\t<meta property=\"og:image:height\" content=\"195\" \/>\n\t<meta property=\"og:image:type\" content=\"image\/webp\" \/>\n<meta name=\"twitter:card\" content=\"summary_large_image\" \/>\n<meta name=\"twitter:site\" content=\"@JacobOreskyLaw\" \/>\n<meta name=\"twitter:label1\" content=\"Tiempo de lectura\" \/>\n\t<meta name=\"twitter:data1\" content=\"7 minutos\" \/>\n<!-- \/ Yoast SEO plugin. -->","yoast_head_json":{"title":"Abogado de Responsabilidad Civil en Inmuebles en Queens - Oresky & Associates, PLLC","description":"\u00bfLesionado en un accidente de responsabilidad de propiedad en Queens? No demore en buscar ayuda legal. Cont\u00e1ctenos en Oresky & Associates, PLLC para consulta.","robots":{"index":"index","follow":"follow","max-snippet":"max-snippet:-1","max-image-preview":"max-image-preview:large","max-video-preview":"max-video-preview:-1"},"canonical":"https:\/\/oreskylaw.com\/es\/queens\/abogados-de-responsabilidad-de-locales\/","og_locale":"es_ES","og_type":"article","og_title":"Abogado de Responsabilidad Civil en Inmuebles en Queens - Oresky & Associates, PLLC","og_description":"\u00bfLesionado en un accidente de responsabilidad de propiedad en Queens? No demore en buscar ayuda legal. Cont\u00e1ctenos en Oresky & Associates, PLLC para consulta.","og_url":"https:\/\/oreskylaw.com\/es\/queens\/abogados-de-responsabilidad-de-locales\/","og_site_name":"Oresky &amp; Associates, PLLC","article_publisher":"https:\/\/www.facebook.com\/Oreskylaw\/","article_modified_time":"2026-01-31T10:25:50+00:00","og_image":[{"width":300,"height":195,"url":"https:\/\/oreskylaw.com\/wp-content\/uploads\/2026\/01\/How-Can-an-Injury-Attorney-Help-Me-After-an-Accident.webp","type":"image\/webp"}],"twitter_card":"summary_large_image","twitter_site":"@JacobOreskyLaw","twitter_misc":{"Tiempo de lectura":"7 minutos"},"schema":{"@context":"https:\/\/schema.org","@graph":[{"@type":"WebPage","@id":"https:\/\/oreskylaw.com\/es\/queens\/abogados-de-responsabilidad-de-locales\/","url":"https:\/\/oreskylaw.com\/es\/queens\/abogados-de-responsabilidad-de-locales\/","name":"Abogado de Responsabilidad Civil en Inmuebles en Queens - Oresky & Associates, PLLC","isPartOf":{"@id":"https:\/\/oreskylaw.com\/es\/#website"},"primaryImageOfPage":{"@id":"https:\/\/oreskylaw.com\/es\/queens\/abogados-de-responsabilidad-de-locales\/#primaryimage"},"image":{"@id":"https:\/\/oreskylaw.com\/es\/queens\/abogados-de-responsabilidad-de-locales\/#primaryimage"},"thumbnailUrl":"https:\/\/oreskylaw.com\/wp-content\/uploads\/2026\/01\/How-Can-an-Injury-Attorney-Help-Me-After-an-Accident.webp","datePublished":"2026-01-19T08:01:19+00:00","dateModified":"2026-01-31T10:25:50+00:00","description":"\u00bfLesionado en un accidente de responsabilidad de propiedad en Queens? No demore en buscar ayuda legal. Cont\u00e1ctenos en Oresky & Associates, PLLC para consulta.","breadcrumb":{"@id":"https:\/\/oreskylaw.com\/es\/queens\/abogados-de-responsabilidad-de-locales\/#breadcrumb"},"inLanguage":"es","potentialAction":[{"@type":"ReadAction","target":["https:\/\/oreskylaw.com\/es\/queens\/abogados-de-responsabilidad-de-locales\/"]}]},{"@type":"ImageObject","inLanguage":"es","@id":"https:\/\/oreskylaw.com\/es\/queens\/abogados-de-responsabilidad-de-locales\/#primaryimage","url":"https:\/\/oreskylaw.com\/wp-content\/uploads\/2026\/01\/How-Can-an-Injury-Attorney-Help-Me-After-an-Accident.webp","contentUrl":"https:\/\/oreskylaw.com\/wp-content\/uploads\/2026\/01\/How-Can-an-Injury-Attorney-Help-Me-After-an-Accident.webp"},{"@type":"BreadcrumbList","@id":"https:\/\/oreskylaw.com\/es\/queens\/abogados-de-responsabilidad-de-locales\/#breadcrumb","itemListElement":[{"@type":"ListItem","position":1,"name":"Inicio","item":"https:\/\/oreskylaw.com\/es\/"},{"@type":"ListItem","position":2,"name":"Queens","item":"https:\/\/oreskylaw.com\/es\/queens\/"},{"@type":"ListItem","position":3,"name":"Abogado de Responsabilidad Civil de Inmuebles"}]},{"@type":"WebSite","@id":"https:\/\/oreskylaw.com\/es\/#website","url":"https:\/\/oreskylaw.com\/es\/","name":"Oresky & Associates PLLC","description":"","publisher":{"@id":"https:\/\/oreskylaw.com\/es\/#organization"},"potentialAction":[{"@type":"SearchAction","target":{"@type":"EntryPoint","urlTemplate":"https:\/\/oreskylaw.com\/es\/?s={search_term_string}"},"query-input":{"@type":"PropertyValueSpecification","valueRequired":true,"valueName":"search_term_string"}}],"inLanguage":"es"}]}},"_links":{"self":[{"href":"https:\/\/oreskylaw.com\/es\/wp-json\/wp\/v2\/pages\/19661","targetHints":{"allow":["GET"]}}],"collection":[{"href":"https:\/\/oreskylaw.com\/es\/wp-json\/wp\/v2\/pages"}],"about":[{"href":"https:\/\/oreskylaw.com\/es\/wp-json\/wp\/v2\/types\/page"}],"author":[{"embeddable":true,"href":"https:\/\/oreskylaw.com\/es\/wp-json\/wp\/v2\/users\/9"}],"replies":[{"embeddable":true,"href":"https:\/\/oreskylaw.com\/es\/wp-json\/wp\/v2\/comments?post=19661"}],"version-history":[{"count":0,"href":"https:\/\/oreskylaw.com\/es\/wp-json\/wp\/v2\/pages\/19661\/revisions"}],"up":[{"embeddable":true,"href":"https:\/\/oreskylaw.com\/es\/wp-json\/wp\/v2\/pages\/19332"}],"wp:attachment":[{"href":"https:\/\/oreskylaw.com\/es\/wp-json\/wp\/v2\/media?parent=19661"}],"curies":[{"name":"wp","href":"https:\/\/api.w.org\/{rel}","templated":true}]}}