{"id":19673,"date":"2025-12-10T06:00:03","date_gmt":"2025-12-10T06:00:03","guid":{"rendered":"https:\/\/oreskylaw.com\/?page_id=19673"},"modified":"2026-01-31T10:28:25","modified_gmt":"2026-01-31T10:28:25","slug":"abogados-de-responsabilidad-del-producto","status":"publish","type":"page","link":"https:\/\/oreskylaw.com\/es\/queens\/abogados-de-responsabilidad-del-producto\/","title":{"rendered":"Abogado de Responsabilidad por Productos"},"content":{"rendered":"<p>Si recientemente sufri\u00f3 lesiones usando un producto defectuoso en Queens, NY, podr\u00eda tener derecho a una compensaci\u00f3n significativa. <a href=\"https:\/\/oreskylaw.com\/es\/acerca-de-nosotros\/\">Oresky &amp; Associates, PLLC<\/a>\u00a0puede ayudarle a enfrentarse a los fabricantes de productos y luchar para obtener el dinero que merece.<\/p>\n<p>Nuestros abogados de responsabilidad por productos en Queens han estado luchando por v\u00edctimas de lesiones y sus familias durante m\u00e1s de 30 a\u00f1os. Nos esforzamos por conseguir el mejor resultado posible para cada cliente, y hemos ganado exitosamente m\u00e1s de 400 millones de d\u00f3lares en da\u00f1os y perjuicios.<\/p>\n<p><a href=\"https:\/\/oreskylaw.com\/es\/contacto\/\">Contacte nuestra oficina legal<\/a> en Queens o hable con nosotros al <a href=\"tel:+19293050949\">(929) 305-0949<\/a>\u00a0para descubrir c\u00f3mo nosotros tambi\u00e9n podemos ayudarle. Ofrecemos una consulta gratuita, as\u00ed que ll\u00e1menos para programar la suya ahora.<\/p>\n<h2>C\u00f3mo Oresky &amp; Associates, PLLC Puede Ayudar Con Su Caso de Responsabilidad por Producto en Queens<\/h2>\n<p>No todos los productos que llegan a los consumidores son seguros. Usted lo ha aprendido de la manera dif\u00edcil. Ahora es momento de responsabilizar a la empresa que fabric\u00f3 o vendi\u00f3 el producto.<\/p>\n<p>\u00bfPero c\u00f3mo? Aqu\u00ed es donde los abogados de lesiones en Queens de Oresky &amp; Associates, PLLC pueden ayudar.<\/p>\n<p>Pondremos d\u00e9cadas de experiencia detr\u00e1s de su lucha por compensaci\u00f3n mientras:<\/p>\n<ul>\n<li>Investigamos para determinar qu\u00e9 tipo de defecto contribuy\u00f3 a su lesi\u00f3n<\/li>\n<li>Trabajamos estrechamente con expertos para analizar el producto peligrosamente inseguro y tratar de entender el defecto<\/li>\n<li>Determinamos si el producto ha sido retirado del mercado o si hubo otras quejas de mal funcionamiento o defectos<\/li>\n<li>Manejamos todas las conversaciones con el fabricante y su compa\u00f1\u00eda de seguros<\/li>\n<li>Nos defendemos contra reclamaciones de que usted no estaba utilizando el producto como estaba previsto<\/li>\n<li>Lideramos negociaciones en un esfuerzo por asegurar una oferta de acuerdo justa y favorable para usted<\/li>\n<\/ul>\n<p>Si no se le ofrece un acuerdo justo, nuestros experimentados abogados de juicio estar\u00e1n listos para llevar su caso a un jurado en Queens. No solo estamos aqu\u00ed para ayudarle a ganar. Estamos aqu\u00ed para ayudarle a obtener cada centavo que se merece.<\/p>\n<p>Contacte a nuestro equipo galardonado para comenzar con una consulta gratuita y aprenda m\u00e1s.<\/p>\n<h2>Qu\u00e9 es la Responsabilidad por Producto?<\/h2>\n<p>No es posible revisar cada producto para garantizar su seguridad antes de que sea vendido a los consumidores. Simplemente no es factible. Por lo tanto, ciertas leyes regulan cosas como qu\u00e9 materiales pueden ser usados o qu\u00e9 pasos debe tomar una empresa al introducir un producto en el comercio.<\/p>\n<p>En New York, las leyes estatales de responsabilidad por producto tambi\u00e9n ofrecen protecci\u00f3n a los consumidores. Las empresas pueden ser estrictamente responsables si sus productos son defectuosos y causan da\u00f1o.<\/p>\n<h2>Qu\u00e9 es un Defecto de Producto?<\/h2>\n<p>Existen tres tipos principales de defectos de productos:<\/p>\n<ul>\n<li>Defectos de dise\u00f1o<\/li>\n<li>Defectos de fabricaci\u00f3n<\/li>\n<li>Defectos de marketing (tambi\u00e9n conocidos como fallo en advertir)<\/li>\n<\/ul>\n<p>La raz\u00f3n por la cual un producto es defectuoso jugar\u00e1 un papel significativo en su caso de responsabilidad por producto para obtener da\u00f1os y perjuicios.<\/p>\n<h3>Defectos de Dise\u00f1o<\/h3>\n<p>Los defectos de dise\u00f1o ocurren cuando un producto no es seguro debido a la manera en que fue dise\u00f1ado. No importa cu\u00e1nto cuidado se ponga en su ensamblaje. Es inherentemente inseguro y representar\u00e1 una amenaza para los consumidores incluso si se usa cuidadosamente.<\/p>\n<p>Usted podr\u00eda tener un caso de defecto de dise\u00f1o si se lesion\u00f3 porque el dise\u00f1o de un producto era inseguro y hab\u00eda una modificaci\u00f3n razonable y rentable para hacerlo m\u00e1s seguro.<\/p>\n<h3>Defectos de Fabricaci\u00f3n<\/h3>\n<p>Los defectos de fabricaci\u00f3n existen porque un producto es ensamblado o construido de manera insegura. Si hubiera sido ensamblado seg\u00fan las instrucciones, el producto deber\u00eda ser perfectamente seguro de usar como estaba previsto. Los defectos de fabricaci\u00f3n pueden afectar a un solo producto en la l\u00ednea de ensamblaje o a cada unidad.<\/p>\n<h3>Defectos de Marketing<\/h3>\n<p>Los defectos de marketing existen cuando un producto tiene peligros y riesgos potenciales que podr\u00edan no ser obvios o evidentes para los usuarios. Cuando una empresa sabe o deber\u00eda saber acerca de un peligro, tiene la obligaci\u00f3n de transmitir esa informaci\u00f3n a los consumidores. Si no lo hace, la empresa puede ser demandada y considerada estrictamente responsable en un caso de defecto de marketing (o fallo en advertir).<\/p>\n<h2>Manejamos Todas las Cuestiones de Responsabilidad por Producto en Queens<\/h2>\n<p>En Oresky &amp; Associates, PLLC, nuestros abogados de lesiones personales representan clientes en todos los casos de responsabilidad por productos.<\/p>\n<p>Representamos clientes que han sufrido lesiones por:<\/p>\n<ul>\n<li>Juguetes<\/li>\n<li>Herramientas y equipos el\u00e9ctricos<\/li>\n<li>Maquinaria pesada<\/li>\n<li>Equipos de construcci\u00f3n, como escaleras y andamios<\/li>\n<li>Autom\u00f3viles, camiones y otros veh\u00edculos<\/li>\n<li>Dispositivos m\u00e9dicos (por ejemplo, implantes, filtros de VCI, mallas herniarias, bombas de insulina, DIU)<\/li>\n<li>Equipos m\u00e9dicos (por ejemplo, sillas de ruedas)<\/li>\n<li>Medicamentos (por ejemplo, inhibidores de la bomba de protones, control de natalidad hormonal, antidepresivos)<\/li>\n<li>Explosivos y fuegos artificiales<\/li>\n<li>Electrodom\u00e9sticos<\/li>\n<li>Productos de cuidado personal<\/li>\n<li>Cortac\u00e9spedes y otros equipos para c\u00e9sped<\/li>\n<li>Productos de limpieza del hogar<\/li>\n<li>Bol\u00edgrafos vapeadores<\/li>\n<li>Pesticidas y herbicidas como el herbicida Roundup<\/li>\n<\/ul>\n<p>Llame a nuestra firma legal en Queens para concertar una consulta gratuita. Evaluaremos su caso, le ayudaremos a entender sus derechos y ofreceremos algunos consejos sobre los pasos que podr\u00eda querer tomar para recuperar compensaci\u00f3n por sus lesiones.<\/p>\n    <div class=\"cw-cta-box\">\n        <div class=\"cw-cta-box__inner \">\n            <div class=\"cw-cta-box__info\">\n                                    <div class=\"label\">\u00a1Llame ahora!<\/div>\n                            <\/div>\n                            <div class=\"contact-phone\">\n                    <a href=\"tel:7189939999\"\n                        aria-label=\"Tap to call button\">\n                        718-993-9999                    <\/a>\n                <\/div>\n                    <\/div>\n                    <a href=\"\/es\/contacto\/\"\n               class=\"cta-btn btn btn--primary btn\"\n               target=\"\">\n                Obtenga Una Consulta Gratuita            <\/a>\n            <\/div>\n    \n<h2>Qu\u00e9 Da\u00f1os Puedo Obtener si Presento una Demanda de Responsabilidad por Producto en Queens?<\/h2>\n<p>Al igual que en otros tipos de casos de lesiones personales, las v\u00edctimas lesionadas al usar productos defectuosos pueden recuperar da\u00f1os econ\u00f3micos y no econ\u00f3micos.<\/p>\n<p>Los da\u00f1os econ\u00f3micos se pagan para compensar los costos financieros y gastos de una lesi\u00f3n, como:<\/p>\n<div class=\"row\">\n<ul class=\"col-xl-6\">\n<li>Hospitalizaci\u00f3n<\/li>\n<li>Cirug\u00eda<\/li>\n<li>Atenci\u00f3n m\u00e9dica de seguimiento<\/li>\n<li>Tratamiento m\u00e9dico a largo plazo<\/li>\n<li>Otras cuentas m\u00e9dicas<\/li>\n<\/ul>\n<ul class=\"col-xl-6\">\n<li>Salarios e ingresos perdidos<\/li>\n<li>Discapacidad<\/li>\n<li>Capacidad de ganancia reducida<\/li>\n<li>Da\u00f1os a propiedad<\/li>\n<\/ul>\n<\/div>\n<p>Los da\u00f1os no econ\u00f3micos se pagan para compensar el dolor y sufrimiento que experimentan las v\u00edctimas, como:<\/p>\n<div class=\"row\">\n<ul class=\"col-xl-6\">\n<li>Angustia emocional<\/li>\n<li>P\u00e9rdida del disfrute de la vida<\/li>\n<li>P\u00e9rdida de consorcio<\/li>\n<\/ul>\n<ul class=\"col-xl-6\">\n<li>Dolor cr\u00f3nico<\/li>\n<li>TEPT<\/li>\n<li>Desfiguraci\u00f3n y cicatrices<\/li>\n<\/ul>\n<\/div>\n<p>Si hay evidencia de que una compa\u00f1\u00eda actu\u00f3 intencionalmente o con malicia, tambi\u00e9n se pueden otorgar da\u00f1os punitivos.<\/p>\n<p>Por ejemplo, se podr\u00edan considerar da\u00f1os punitivos si hay evidencia de que una compa\u00f1\u00eda sab\u00eda sobre un riesgo peligroso asociado con su producto pero decidi\u00f3 ocultar esa informaci\u00f3n en lugar de compartirla. Un jurado podr\u00eda decidir que las lesiones no fueron accidentales o imprevisibles si la compa\u00f1\u00eda tom\u00f3 medidas activas para ocultar la informaci\u00f3n de seguridad.<\/p>\n<h2>Productos Defectuosos Pueden Causar Lesiones Catastr\u00f3ficas<\/h2>\n<p><img loading=\"lazy\" decoding=\"async\" class=\"size-full wp-image-16228 alignright\" src=\"https:\/\/oreskylaw.com\/wp-content\/uploads\/2026\/01\/Help-if-Youve-Been-the-Victim-of-an-Assault-in-Queens.webp\" alt=\"Who Can Be Liable in a Medical Negligence Case?\" width=\"300\" height=\"200\" \/>Nuestros abogados de responsabilidad por productos en Queens le ayudar\u00e1n a buscar da\u00f1os por todas sus lesiones, incluyendo:<\/p>\n<ul>\n<li>Huesos rotos<\/li>\n<li>Quemaduras<\/li>\n<li>Lesiones oculares<\/li>\n<li>P\u00e9rdida de audici\u00f3n<\/li>\n<li>Sangrado interno o da\u00f1o a \u00f3rganos<\/li>\n<li>Lesi\u00f3n cerebral traum\u00e1tica<\/li>\n<li>Lesiones relacionadas con la p\u00e9rdida de ox\u00edgeno o privaci\u00f3n<\/li>\n<li>Conmoci\u00f3n cerebral<\/li>\n<li>Latigazo cervical<\/li>\n<li>Lesi\u00f3n de m\u00e9dula espinal<\/li>\n<li>Par\u00e1lisis<\/li>\n<li>Lesi\u00f3n de cuello<\/li>\n<li>Lesi\u00f3n de espalda<\/li>\n<li>Lesi\u00f3n articular<\/li>\n<li>Lesi\u00f3n o enfermedad relacionada con infecci\u00f3n<\/li>\n<li>Enfermedad cr\u00f3nica o enfermedad<\/li>\n<li>Amputaci\u00f3n<\/li>\n<li>Muerte por negligencia, y m\u00e1s.<\/li>\n<\/ul>\n<p>Busque tratamiento m\u00e9dico tan pronto como pueda despu\u00e9s de descubrir que se ha enfermado o lesionado. Luego contacte a nuestra oficina legal en Queens para asistencia legal.<\/p>\n<h2>Qu\u00e9 Sucede si Me Culpan en Mi Demanda de Responsabilidad por Producto?<\/h2>\n<p>La compa\u00f1\u00eda que usted est\u00e1 demandando podr\u00eda tratar de argumentar que usted no estaba utilizando el producto como estaba previsto. Si ese es el caso, podr\u00eda perjudicar su capacidad para recuperar compensaci\u00f3n. Sin embargo, siempre que estuviera utilizando el producto de una manera razonablemente previsible, su derecho a da\u00f1os y perjuicios deber\u00eda estar seguro.<\/p>\n<p>Sin embargo, hay una ley en New York que dice que compartir responsabilidad por un accidente, incluso levemente, afectar\u00e1 la cantidad de dinero que las v\u00edctimas pueden obtener.<\/p>\n<p>Esto se conoce como culpa comparativa pura. Explica que la responsabilidad se comparte entre todos los que contribuyen a una lesi\u00f3n. Si las v\u00edctimas comparten la culpa, sus da\u00f1os se reducen para reflejar su contribuci\u00f3n.<\/p>\n<p>Digamos que se le asigna un 15 por ciento de la culpa en su caso de responsabilidad por producto. Sus da\u00f1os, valorados en $100,000, se reducir\u00edan en un 15 por ciento. Como resultado, quedar\u00eda con un premio total de $85,000.<\/p>\n<p>Es importante saber que otras partes intentar\u00e1n culparle. Puede ver su premio financiero desaparecer si no lucha. Oresky &amp; Associates, PLLC estar\u00e1 preparado para defenderle en cada paso del camino.<\/p>\n<h2>Cu\u00e1l es la Ley de Prescripci\u00f3n Para Demandas de Responsabilidad por Producto en New York?<\/h2>\n<p>Tendr\u00e1 tres a\u00f1os desde la fecha en que se lesion\u00f3 (o descubri\u00f3 su lesi\u00f3n) para presentar una demanda. Tendr\u00e1 solo dos a\u00f1os si desea presentar una demanda por muerte injusta despu\u00e9s de que un producto defectuoso cause una lesi\u00f3n mortal.<\/p>\n<p>No pierda el plazo que aplica a su caso. Si lo hace, renunciar\u00e1 al derecho de buscar da\u00f1os y perjuicios de la compa\u00f1\u00eda responsable de dise\u00f1ar, fabricar o comercializar el producto.<\/p>\n<p>Prot\u00e9jase a s\u00ed mismo y sus derechos legales llamando a nuestros abogados de responsabilidad por productos en Queens para obtener ayuda lo antes posible. Nuestro equipo puede comenzar a trabajar en su caso y poner en acci\u00f3n su estrategia legal para da\u00f1os de inmediato.<\/p>\n","protected":false},"excerpt":{"rendered":"<p>Si recientemente sufri\u00f3 lesiones usando un producto defectuoso en Queens, NY, podr\u00eda tener derecho a una compensaci\u00f3n significativa. Oresky &amp; Associates, PLLC\u00a0puede ayudarle a enfrentarse a los fabricantes de productos y luchar para obtener el dinero que merece. Nuestros abogados de responsabilidad por productos en Queens han estado luchando por v\u00edctimas de lesiones y sus [&hellip;]<\/p>\n","protected":false},"author":9,"featured_media":0,"parent":19332,"menu_order":55,"comment_status":"closed","ping_status":"closed","template":"","meta":{"_acf_changed":false,"footnotes":""},"class_list":["post-19673","page","type-page","status-publish","hentry"],"acf":[],"yoast_head":"<!-- This site is optimized with the Yoast SEO plugin v27.3 - https:\/\/yoast.com\/product\/yoast-seo-wordpress\/ -->\n<title>Abogado de Responsabilidad por Productos en Queens - Oresky &amp; Associates, PLLC<\/title>\n<meta name=\"description\" content=\"Productos defectuosos pueden poner en riesgo la vida. Contacte a nuestros abogados especialistas en responsabilidad de producto en Queens para compensaci\u00f3n.\" \/>\n<meta name=\"robots\" content=\"index, follow, max-snippet:-1, max-image-preview:large, max-video-preview:-1\" \/>\n<link rel=\"canonical\" href=\"https:\/\/oreskylaw.com\/es\/queens\/abogados-de-responsabilidad-del-producto\/\" \/>\n<meta property=\"og:locale\" content=\"es_ES\" \/>\n<meta property=\"og:type\" content=\"article\" \/>\n<meta property=\"og:title\" content=\"Abogado de Responsabilidad por Productos en Queens - Oresky &amp; Associates, PLLC\" \/>\n<meta property=\"og:description\" content=\"Productos defectuosos pueden poner en riesgo la vida. Contacte a nuestros abogados especialistas en responsabilidad de producto en Queens para compensaci\u00f3n.\" \/>\n<meta property=\"og:url\" content=\"https:\/\/oreskylaw.com\/es\/queens\/abogados-de-responsabilidad-del-producto\/\" \/>\n<meta property=\"og:site_name\" content=\"Oresky &amp; Associates, PLLC\" \/>\n<meta property=\"article:publisher\" content=\"https:\/\/www.facebook.com\/Oreskylaw\/\" \/>\n<meta property=\"article:modified_time\" content=\"2026-01-31T10:28:25+00:00\" \/>\n<meta property=\"og:image\" content=\"https:\/\/oreskylaw.com\/wp-content\/uploads\/2026\/01\/Help-if-Youve-Been-the-Victim-of-an-Assault-in-Queens.webp\" \/>\n\t<meta property=\"og:image:width\" content=\"300\" \/>\n\t<meta property=\"og:image:height\" content=\"200\" \/>\n\t<meta property=\"og:image:type\" content=\"image\/webp\" \/>\n<meta name=\"twitter:card\" content=\"summary_large_image\" \/>\n<meta name=\"twitter:site\" content=\"@JacobOreskyLaw\" \/>\n<meta name=\"twitter:label1\" content=\"Tiempo de lectura\" \/>\n\t<meta name=\"twitter:data1\" content=\"7 minutos\" \/>\n<!-- \/ Yoast SEO plugin. -->","yoast_head_json":{"title":"Abogado de Responsabilidad por Productos en Queens - Oresky & Associates, PLLC","description":"Productos defectuosos pueden poner en riesgo la vida. Contacte a nuestros abogados especialistas en responsabilidad de producto en Queens para compensaci\u00f3n.","robots":{"index":"index","follow":"follow","max-snippet":"max-snippet:-1","max-image-preview":"max-image-preview:large","max-video-preview":"max-video-preview:-1"},"canonical":"https:\/\/oreskylaw.com\/es\/queens\/abogados-de-responsabilidad-del-producto\/","og_locale":"es_ES","og_type":"article","og_title":"Abogado de Responsabilidad por Productos en Queens - Oresky & Associates, PLLC","og_description":"Productos defectuosos pueden poner en riesgo la vida. Contacte a nuestros abogados especialistas en responsabilidad de producto en Queens para compensaci\u00f3n.","og_url":"https:\/\/oreskylaw.com\/es\/queens\/abogados-de-responsabilidad-del-producto\/","og_site_name":"Oresky &amp; Associates, PLLC","article_publisher":"https:\/\/www.facebook.com\/Oreskylaw\/","article_modified_time":"2026-01-31T10:28:25+00:00","og_image":[{"width":300,"height":200,"url":"https:\/\/oreskylaw.com\/wp-content\/uploads\/2026\/01\/Help-if-Youve-Been-the-Victim-of-an-Assault-in-Queens.webp","type":"image\/webp"}],"twitter_card":"summary_large_image","twitter_site":"@JacobOreskyLaw","twitter_misc":{"Tiempo de lectura":"7 minutos"},"schema":{"@context":"https:\/\/schema.org","@graph":[{"@type":"WebPage","@id":"https:\/\/oreskylaw.com\/es\/queens\/abogados-de-responsabilidad-del-producto\/","url":"https:\/\/oreskylaw.com\/es\/queens\/abogados-de-responsabilidad-del-producto\/","name":"Abogado de Responsabilidad por Productos en Queens - Oresky & Associates, PLLC","isPartOf":{"@id":"https:\/\/oreskylaw.com\/es\/#website"},"primaryImageOfPage":{"@id":"https:\/\/oreskylaw.com\/es\/queens\/abogados-de-responsabilidad-del-producto\/#primaryimage"},"image":{"@id":"https:\/\/oreskylaw.com\/es\/queens\/abogados-de-responsabilidad-del-producto\/#primaryimage"},"thumbnailUrl":"https:\/\/oreskylaw.com\/wp-content\/uploads\/2026\/01\/Help-if-Youve-Been-the-Victim-of-an-Assault-in-Queens.webp","datePublished":"2025-12-10T06:00:03+00:00","dateModified":"2026-01-31T10:28:25+00:00","description":"Productos defectuosos pueden poner en riesgo la vida. Contacte a nuestros abogados especialistas en responsabilidad de producto en Queens para compensaci\u00f3n.","breadcrumb":{"@id":"https:\/\/oreskylaw.com\/es\/queens\/abogados-de-responsabilidad-del-producto\/#breadcrumb"},"inLanguage":"es","potentialAction":[{"@type":"ReadAction","target":["https:\/\/oreskylaw.com\/es\/queens\/abogados-de-responsabilidad-del-producto\/"]}]},{"@type":"ImageObject","inLanguage":"es","@id":"https:\/\/oreskylaw.com\/es\/queens\/abogados-de-responsabilidad-del-producto\/#primaryimage","url":"https:\/\/oreskylaw.com\/wp-content\/uploads\/2026\/01\/Help-if-Youve-Been-the-Victim-of-an-Assault-in-Queens.webp","contentUrl":"https:\/\/oreskylaw.com\/wp-content\/uploads\/2026\/01\/Help-if-Youve-Been-the-Victim-of-an-Assault-in-Queens.webp"},{"@type":"BreadcrumbList","@id":"https:\/\/oreskylaw.com\/es\/queens\/abogados-de-responsabilidad-del-producto\/#breadcrumb","itemListElement":[{"@type":"ListItem","position":1,"name":"Inicio","item":"https:\/\/oreskylaw.com\/es\/"},{"@type":"ListItem","position":2,"name":"Queens","item":"https:\/\/oreskylaw.com\/es\/queens\/"},{"@type":"ListItem","position":3,"name":"Abogado de Responsabilidad por Productos"}]},{"@type":"WebSite","@id":"https:\/\/oreskylaw.com\/es\/#website","url":"https:\/\/oreskylaw.com\/es\/","name":"Oresky & Associates PLLC","description":"","publisher":{"@id":"https:\/\/oreskylaw.com\/es\/#organization"},"potentialAction":[{"@type":"SearchAction","target":{"@type":"EntryPoint","urlTemplate":"https:\/\/oreskylaw.com\/es\/?s={search_term_string}"},"query-input":{"@type":"PropertyValueSpecification","valueRequired":true,"valueName":"search_term_string"}}],"inLanguage":"es"}]}},"_links":{"self":[{"href":"https:\/\/oreskylaw.com\/es\/wp-json\/wp\/v2\/pages\/19673","targetHints":{"allow":["GET"]}}],"collection":[{"href":"https:\/\/oreskylaw.com\/es\/wp-json\/wp\/v2\/pages"}],"about":[{"href":"https:\/\/oreskylaw.com\/es\/wp-json\/wp\/v2\/types\/page"}],"author":[{"embeddable":true,"href":"https:\/\/oreskylaw.com\/es\/wp-json\/wp\/v2\/users\/9"}],"replies":[{"embeddable":true,"href":"https:\/\/oreskylaw.com\/es\/wp-json\/wp\/v2\/comments?post=19673"}],"version-history":[{"count":0,"href":"https:\/\/oreskylaw.com\/es\/wp-json\/wp\/v2\/pages\/19673\/revisions"}],"up":[{"embeddable":true,"href":"https:\/\/oreskylaw.com\/es\/wp-json\/wp\/v2\/pages\/19332"}],"wp:attachment":[{"href":"https:\/\/oreskylaw.com\/es\/wp-json\/wp\/v2\/media?parent=19673"}],"curies":[{"name":"wp","href":"https:\/\/api.w.org\/{rel}","templated":true}]}}