{"id":19685,"date":"2025-12-10T06:00:32","date_gmt":"2025-12-10T06:00:32","guid":{"rendered":"https:\/\/oreskylaw.com\/?page_id=19685"},"modified":"2026-01-31T10:33:08","modified_gmt":"2026-01-31T10:33:08","slug":"abogados-de-accidentes-de-coche-por-alcance","status":"publish","type":"page","link":"https:\/\/oreskylaw.com\/es\/queens\/abogados-de-accidentes-de-coche-por-alcance\/","title":{"rendered":"Abogado Especialista en Colisiones Traseras en Queens"},"content":{"rendered":"<h2>Abogado de Accidentes de Choque por Alcance en Queens<\/h2>\n<p>\u00bfSufri\u00f3 lesiones en un accidente de choque por alcance en Queens, NY? Si es as\u00ed, puede tener varias opciones para recuperar compensaci\u00f3n por sus gastos m\u00e9dicos, sufrimiento y otros da\u00f1os.<\/p>\n<p>Los abogados de accidentes de choque por alcance de\u00a0<a href=\"https:\/\/oreskylaw.com\/es\/acerca-de-nosotros\/\">Oresky &amp; Associates, PLLC<\/a>\u00a0pueden ayudarle a identificar todas las opciones legales disponibles. Nuestro equipo legal tiene m\u00e1s de tres d\u00e9cadas de experiencia defendiendo a las v\u00edctimas de\u00a0<a href=\"https:\/\/oreskylaw.com\/es\/queens\/abogados-de-accidentes-de-auto\/\">accidentes automovil\u00edsticos<\/a>\u00a0en toda la Ciudad de New York. Nuestra dedicaci\u00f3n nos ha permitido asegurar m\u00e1s de\u00a0<a href=\"https:\/\/oreskylaw.com\/es\/resultados-del-casos\/\">$400 millones para nuestros clientes lesionados<\/a>.<\/p>\n<p><a href=\"https:\/\/oreskylaw.com\/es\/contacto\/\">Contacte<\/a>\u00a0a nuestra firma de abogados de lesiones personales o ll\u00e1menos al\u00a0<a href=\"tel:+19293050949\">(929) 305-0949<\/a>\u00a0o vis\u00edtenos en l\u00ednea para programar una consulta gratuita con un experto abogado de accidentes automovil\u00edsticos en Queens.<\/p>\n<h2>\u00bfC\u00f3mo Puede Ayudarme un Abogado de Accidentes Automovil\u00edsticos Despu\u00e9s de un Choque por Alcance en Queens, NY?<\/h2>\n<p><img loading=\"lazy\" decoding=\"async\" class=\"size-full wp-image-15171 alignleft\" src=\"https:\/\/oreskylaw.com\/wp-content\/uploads\/2026\/01\/Who-Could-Be-Liable-For-My-Injuries-After-an-Accident.webp\" alt=\"construction accident attorney Bronx NY\" width=\"300\" height=\"200\" \/>Un choque por alcance puede dejar a las personas con lesiones devastadoras, incluyendo latigazo cervical, <a href=\"https:\/\/oreskylaw.com\/es\/lesion\/abogados-de-lesiones-por-conmocion-cerebral\/\">conmoci\u00f3n cerebral<\/a>, y <a href=\"https:\/\/oreskylaw.com\/es\/lesion\/abogados-de-lesiones-huesos-rotos\/\">fracturas \u00f3seas<\/a>. Puede ser desafiante lidiar con una reclamaci\u00f3n de seguro o un caso de lesiones personales mientras se recupera de estas y otras lesiones.<\/p>\n<p>Ah\u00ed es donde un abogado de accidentes automovil\u00edsticos de Queens de Oresky &amp; Associates, PLLC puede ayudar. Utilizamos rutinariamente nuestra experiencia, habilidades y recursos para negociar acuerdos justos con las compa\u00f1\u00edas de seguros. No permitiremos que un ajustador se aproveche de usted o le ofrezca menos de lo que merece.<\/p>\n<p>Si contrata a nuestros abogados de lesiones personales de Queens para asistencia con su caso de accidente de choque por alcance, nosotros:<\/p>\n<ul>\n<li>Investigaremos las circunstancias y determinaremos a todos los que compartan la culpa del accidente<\/li>\n<li>Obtendremos pruebas, incluyendo el informe del accidente automovil\u00edstico, declaraciones de testigos presenciales, vigilancia, registros m\u00e9dicos y fotos de la escena del accidente, para probar su caso<\/li>\n<li>Evaluaremos sus p\u00e9rdidas para determinar el valor de su reclamo por lesiones personales<\/li>\n<li>Negociaremos un acuerdo favorable con la compa\u00f1\u00eda de seguros<\/li>\n<li>Lo representaremos en la corte si es necesario<\/li>\n<\/ul>\n<p>Comun\u00edquese con nuestra oficina legal para una consulta inicial gratuita para obtener m\u00e1s informaci\u00f3n. Puede discutir su accidente automovil\u00edstico con un abogado de lesiones personales de Queens dedicado y compasivo.<\/p>\n<h2>\u00bfQu\u00e9 Causa las Colisiones por Alcance en Queens?<\/h2>\n<p>Los choques por alcance son uno de los\u00a0<a href=\"https:\/\/injuryfacts.nsc.org\/motor-vehicle\/overview\/type-of-crash\/\" target=\"_blank\" rel=\"nofollow noopener noreferrer\">tipos m\u00e1s comunes<\/a>\u00a0de accidentes automovil\u00edsticos no fatales que ocurren a nivel nacional.<\/p>\n<p><a href=\"https:\/\/oreskylaw.com\/wp-content\/uploads\/2026\/01\/cityacc-en-us.pdf\" target=\"_blank\" rel=\"nofollow noopener noreferrer\">En mayo de 2023<\/a>, los tres principales factores contribuyentes en todos los choques en Queens fueron:<\/p>\n<ol>\n<li>Desatenci\u00f3n del conductor o\u00a0<a href=\"https:\/\/oreskylaw.com\/es\/queens\/abogados-de-accidentes-por-conduccion-distraida\/\">conducci\u00f3n distra\u00edda<\/a>\u00a0(626 choques)<\/li>\n<li>Fallo al ceder el derecho de paso (250 choques)<\/li>\n<li>Seguir demasiado de cerca (conducci\u00f3n agresiva) (247 choques)<\/li>\n<\/ol>\n<p>Todos estos comportamientos negligentes com\u00fanmente conducen a accidentes por alcance.<\/p>\n<p>Otras causas de estas colisiones incluyen:<\/p>\n<div class=\"row\">\n<ul class=\"col-xl-6\">\n<li><a href=\"https:\/\/oreskylaw.com\/es\/queens\/abogados-de-accidentes-de-coche-por-conducir-bajo-los-efectos-del-alcohol\/\">Conducci\u00f3n bajo la influencia<\/a>\u00a0(<a href=\"https:\/\/oreskylaw.com\/es\/queens\/dui-car-accident-lawyers.html\">DUI<\/a>)<\/li>\n<li><a href=\"https:\/\/oreskylaw.com\/es\/queens\/abogados-de-accidentes-por-exceso-de-velocidad\/\">Exceso de velocidad<\/a><\/li>\n<li>Fatiga del conductor<\/li>\n<li>Conducci\u00f3n agresiva, como el frenado brusco<\/li>\n<\/ul>\n<ul class=\"col-xl-6\">\n<li>Inexperiencia del conductor<\/li>\n<li>Cambios de carril inseguros<\/li>\n<li>Piezas de autom\u00f3vil defectuosas, como frenos defectuosos o luces traseras rotas<\/li>\n<\/ul>\n<\/div>\n<p>Es importante identificar con precisi\u00f3n qu\u00e9 caus\u00f3 su choque por alcance para identificar a la parte culpable.<\/p>\n    <div class=\"cw-cta-box\">\n        <div class=\"cw-cta-box__inner \">\n            <div class=\"cw-cta-box__info\">\n                                    <div class=\"label\">\u00a1Llame ahora!<\/div>\n                            <\/div>\n                            <div class=\"contact-phone\">\n                    <a href=\"tel:7189939999\"\n                        aria-label=\"Tap to call button\">\n                        718-993-9999                    <\/a>\n                <\/div>\n                    <\/div>\n                    <a href=\"\/es\/contacto\/\"\n               class=\"cta-btn btn btn--primary btn\"\n               target=\"\">\n                Obtenga Una Consulta Gratuita            <\/a>\n            <\/div>\n    \n<h2>\u00bfSiempre es Culpa del Conductor de Atr\u00e1s en un Choque por Alcance?<\/h2>\n<p>El conductor de atr\u00e1s suele ser la parte culpable en estas colisiones, pero no siempre.<\/p>\n<p><a href=\"https:\/\/casetext.com\/statute\/consolidated-laws-of-new-york\/chapter-vehicle-and-traffic\/title-7-rules-of-the-road\/article-25-driving-on-right-side-of-roadway-overtaking-and-passing-etc\/section-1129-following-too-closely\" target=\"_blank\" rel=\"nofollow noopener noreferrer\">La ley de tr\u00e1nsito de New York<\/a> proh\u00edbe a los conductores seguir a otros veh\u00edculos demasiado de cerca. Debe mantener una distancia segura teniendo en cuenta las condiciones de la carretera, las velocidades de los veh\u00edculos y el tr\u00e1fico.<\/p>\n<p>Si sigue a un veh\u00edculo l\u00edder demasiado de cerca, es posible que no tenga suficiente tiempo para evitar una colisi\u00f3n si deben detenerse repentina o inesperadamente.<\/p>\n<p>Sin embargo, en algunas situaciones, el conductor l\u00edder puede compartir la culpa de un accidente. Por ejemplo, si participan en un comportamiento peligroso al conducir, como frenado brusco o cambios de carril inseguros, pueden causar accidentes. O sus luces traseras podr\u00edan haber estado apagadas, dej\u00e1ndolo incapaz de verlos por la noche.<\/p>\n<p>Puede ser desafiante probar la responsabilidad si el conductor l\u00edder comparte la responsabilidad. Puede necesitar pruebas, como vigilancia, declaraciones de testigos presenciales, grabaciones de c\u00e1maras de tablero y reconstrucci\u00f3n de accidentes, para probar su caso.<\/p>\n<p>Adem\u00e1s, si fallas en los frenos le causaron colisionar con un veh\u00edculo, puede tener un reclamo de <a href=\"https:\/\/oreskylaw.com\/es\/queens\/abogados-de-responsabilidad-del-producto\/\">responsabilidad del producto<\/a>\u00a0contra el fabricante. Si ese es el caso, necesita un abogado de lesiones personales de Queens con experiencia a su lado.<\/p>\n<h2>\u00bfQu\u00e9 Compensaci\u00f3n Puedo Recibir Despu\u00e9s de un Choque por Alcance en Queens, New York?<\/h2>\n<p>Despu\u00e9s de un choque por alcance en Queens, NY, las v\u00edctimas de accidentes pueden tener derecho a buscar compensaci\u00f3n por sus p\u00e9rdidas econ\u00f3micas y no econ\u00f3micas.<\/p>\n<h3>Da\u00f1os Econ\u00f3micos<\/h3>\n<p>Los da\u00f1os econ\u00f3micos son gastos financieros incurridos, que incluyen:<\/p>\n<div class=\"row\">\n<ul class=\"col-xl-6\">\n<li>Facturas m\u00e9dicas<\/li>\n<li>Costos m\u00e9dicos futuros, como cirug\u00eda programada o tratamiento continuo<\/li>\n<li>Terapia f\u00edsica<\/li>\n<li>Costos de asesoramiento<\/li>\n<\/ul>\n<ul class=\"col-xl-6\">\n<li>Salarios perdidos, ingresos y beneficios laborales<\/li>\n<li>Capacidad reducida de ganancia<\/li>\n<li>Gastos de bolsillo, como tarifas de alquiler de autom\u00f3viles, cuidado de ni\u00f1os,<\/li>\n<\/ul>\n<\/div>\n<h3>Da\u00f1os No Econ\u00f3micos<\/h3>\n<p>Los da\u00f1os no econ\u00f3micos son personales para cada v\u00edctima y representan su dolor y trauma experimentados, como:<\/p>\n<div class=\"row\">\n<ul class=\"col-xl-6\">\n<li>Angustia mental<\/li>\n<li>Inconvenientes<\/li>\n<li>P\u00edldoras y sufrimiento<\/li>\n<\/ul>\n<ul class=\"col-xl-6\">\n<li>Calidad de vida disminuida<\/li>\n<li>Cicatrices permanentes<\/li>\n<li>Discapacidad o deterioro<\/li>\n<\/ul>\n<\/div>\n<p>Nuestros abogados de accidentes automovil\u00edsticos en Queens le ayudar\u00e1n a calcular todas sus p\u00e9rdidas y perseguir el resultado financiero que se merece.<\/p>\n<h2>Contacte a Nuestros Abogados de Accidentes de Choque por Alcance en Queens para una Evaluaci\u00f3n de Caso Gratuita<\/h2>\n<p>Si result\u00f3 herido en un accidente de choque por alcance en Queens, Oresky &amp; Associates, PLLC puede ayudar. Le asistiremos en la construcci\u00f3n de su caso, calculando sus da\u00f1os y negociando con los ajustadores de seguros. Nuestros abogados de accidentes automovil\u00edsticos en Queens har\u00e1n todo lo posible por obtener los mejores resultados posibles para usted.<\/p>\n<p><a href=\"https:\/\/oreskylaw.com\/es\/contacto\/\">Contacte<\/a>\u00a0a nuestro bufete de abogados de accidentes automovil\u00edsticos al\u00a0<a href=\"tel:+19293050949\">(929) 305-0949<\/a>\u00a0para discutir su caso de colisi\u00f3n por alcance con un abogado durante una consulta gratuita y sin obligaci\u00f3n.<\/p>\n","protected":false},"excerpt":{"rendered":"<p>Abogado de Accidentes de Choque por Alcance en Queens \u00bfSufri\u00f3 lesiones en un accidente de choque por alcance en Queens, NY? Si es as\u00ed, puede tener varias opciones para recuperar compensaci\u00f3n por sus gastos m\u00e9dicos, sufrimiento y otros da\u00f1os. Los abogados de accidentes de choque por alcance de\u00a0Oresky &amp; Associates, PLLC\u00a0pueden ayudarle a identificar todas [&hellip;]<\/p>\n","protected":false},"author":9,"featured_media":0,"parent":19332,"menu_order":56,"comment_status":"closed","ping_status":"closed","template":"","meta":{"_acf_changed":false,"footnotes":""},"class_list":["post-19685","page","type-page","status-publish","hentry"],"acf":[],"yoast_head":"<!-- This site is optimized with the Yoast SEO plugin v27.3 - https:\/\/yoast.com\/product\/yoast-seo-wordpress\/ -->\n<title>Abogado de Colisiones por Alcance en Queens - Oresky &amp; Associates, PLLC<\/title>\n<meta name=\"description\" content=\"\u00bfSufri\u00f3 lesiones en un choque por alcance en Queens? Comun\u00edquese con un abogado experto en accidentes de tr\u00e1fico de Oresky &amp; Associates, PLLC para consulta.\" \/>\n<meta name=\"robots\" content=\"index, follow, max-snippet:-1, max-image-preview:large, max-video-preview:-1\" \/>\n<link rel=\"canonical\" href=\"https:\/\/oreskylaw.com\/es\/queens\/abogados-de-accidentes-de-coche-por-alcance\/\" \/>\n<meta property=\"og:locale\" content=\"es_ES\" \/>\n<meta property=\"og:type\" content=\"article\" \/>\n<meta property=\"og:title\" content=\"Abogado de Colisiones por Alcance en Queens - Oresky &amp; Associates, PLLC\" \/>\n<meta property=\"og:description\" content=\"\u00bfSufri\u00f3 lesiones en un choque por alcance en Queens? Comun\u00edquese con un abogado experto en accidentes de tr\u00e1fico de Oresky &amp; Associates, PLLC para consulta.\" \/>\n<meta property=\"og:url\" content=\"https:\/\/oreskylaw.com\/es\/queens\/abogados-de-accidentes-de-coche-por-alcance\/\" \/>\n<meta property=\"og:site_name\" content=\"Oresky &amp; Associates, PLLC\" \/>\n<meta property=\"article:publisher\" content=\"https:\/\/www.facebook.com\/Oreskylaw\/\" \/>\n<meta property=\"article:modified_time\" content=\"2026-01-31T10:33:08+00:00\" \/>\n<meta property=\"og:image\" content=\"https:\/\/oreskylaw.com\/wp-content\/uploads\/2026\/01\/Who-Could-Be-Liable-For-My-Injuries-After-an-Accident.webp\" \/>\n\t<meta property=\"og:image:width\" content=\"300\" \/>\n\t<meta property=\"og:image:height\" content=\"200\" \/>\n\t<meta property=\"og:image:type\" content=\"image\/webp\" \/>\n<meta name=\"twitter:card\" content=\"summary_large_image\" \/>\n<meta name=\"twitter:site\" content=\"@JacobOreskyLaw\" \/>\n<meta name=\"twitter:label1\" content=\"Tiempo de lectura\" \/>\n\t<meta name=\"twitter:data1\" content=\"5 minutos\" \/>\n<!-- \/ Yoast SEO plugin. -->","yoast_head_json":{"title":"Abogado de Colisiones por Alcance en Queens - Oresky & Associates, PLLC","description":"\u00bfSufri\u00f3 lesiones en un choque por alcance en Queens? Comun\u00edquese con un abogado experto en accidentes de tr\u00e1fico de Oresky & Associates, PLLC para consulta.","robots":{"index":"index","follow":"follow","max-snippet":"max-snippet:-1","max-image-preview":"max-image-preview:large","max-video-preview":"max-video-preview:-1"},"canonical":"https:\/\/oreskylaw.com\/es\/queens\/abogados-de-accidentes-de-coche-por-alcance\/","og_locale":"es_ES","og_type":"article","og_title":"Abogado de Colisiones por Alcance en Queens - Oresky & Associates, PLLC","og_description":"\u00bfSufri\u00f3 lesiones en un choque por alcance en Queens? Comun\u00edquese con un abogado experto en accidentes de tr\u00e1fico de Oresky & Associates, PLLC para consulta.","og_url":"https:\/\/oreskylaw.com\/es\/queens\/abogados-de-accidentes-de-coche-por-alcance\/","og_site_name":"Oresky &amp; Associates, PLLC","article_publisher":"https:\/\/www.facebook.com\/Oreskylaw\/","article_modified_time":"2026-01-31T10:33:08+00:00","og_image":[{"width":300,"height":200,"url":"https:\/\/oreskylaw.com\/wp-content\/uploads\/2026\/01\/Who-Could-Be-Liable-For-My-Injuries-After-an-Accident.webp","type":"image\/webp"}],"twitter_card":"summary_large_image","twitter_site":"@JacobOreskyLaw","twitter_misc":{"Tiempo de lectura":"5 minutos"},"schema":{"@context":"https:\/\/schema.org","@graph":[{"@type":"WebPage","@id":"https:\/\/oreskylaw.com\/es\/queens\/abogados-de-accidentes-de-coche-por-alcance\/","url":"https:\/\/oreskylaw.com\/es\/queens\/abogados-de-accidentes-de-coche-por-alcance\/","name":"Abogado de Colisiones por Alcance en Queens - Oresky & Associates, PLLC","isPartOf":{"@id":"https:\/\/oreskylaw.com\/es\/#website"},"primaryImageOfPage":{"@id":"https:\/\/oreskylaw.com\/es\/queens\/abogados-de-accidentes-de-coche-por-alcance\/#primaryimage"},"image":{"@id":"https:\/\/oreskylaw.com\/es\/queens\/abogados-de-accidentes-de-coche-por-alcance\/#primaryimage"},"thumbnailUrl":"https:\/\/oreskylaw.com\/wp-content\/uploads\/2026\/01\/Who-Could-Be-Liable-For-My-Injuries-After-an-Accident.webp","datePublished":"2025-12-10T06:00:32+00:00","dateModified":"2026-01-31T10:33:08+00:00","description":"\u00bfSufri\u00f3 lesiones en un choque por alcance en Queens? Comun\u00edquese con un abogado experto en accidentes de tr\u00e1fico de Oresky & Associates, PLLC para consulta.","breadcrumb":{"@id":"https:\/\/oreskylaw.com\/es\/queens\/abogados-de-accidentes-de-coche-por-alcance\/#breadcrumb"},"inLanguage":"es","potentialAction":[{"@type":"ReadAction","target":["https:\/\/oreskylaw.com\/es\/queens\/abogados-de-accidentes-de-coche-por-alcance\/"]}]},{"@type":"ImageObject","inLanguage":"es","@id":"https:\/\/oreskylaw.com\/es\/queens\/abogados-de-accidentes-de-coche-por-alcance\/#primaryimage","url":"https:\/\/oreskylaw.com\/wp-content\/uploads\/2026\/01\/Who-Could-Be-Liable-For-My-Injuries-After-an-Accident.webp","contentUrl":"https:\/\/oreskylaw.com\/wp-content\/uploads\/2026\/01\/Who-Could-Be-Liable-For-My-Injuries-After-an-Accident.webp"},{"@type":"BreadcrumbList","@id":"https:\/\/oreskylaw.com\/es\/queens\/abogados-de-accidentes-de-coche-por-alcance\/#breadcrumb","itemListElement":[{"@type":"ListItem","position":1,"name":"Inicio","item":"https:\/\/oreskylaw.com\/es\/"},{"@type":"ListItem","position":2,"name":"Queens","item":"https:\/\/oreskylaw.com\/es\/queens\/"},{"@type":"ListItem","position":3,"name":"Abogado Especialista en Colisiones Traseras en Queens"}]},{"@type":"WebSite","@id":"https:\/\/oreskylaw.com\/es\/#website","url":"https:\/\/oreskylaw.com\/es\/","name":"Oresky & Associates PLLC","description":"","publisher":{"@id":"https:\/\/oreskylaw.com\/es\/#organization"},"potentialAction":[{"@type":"SearchAction","target":{"@type":"EntryPoint","urlTemplate":"https:\/\/oreskylaw.com\/es\/?s={search_term_string}"},"query-input":{"@type":"PropertyValueSpecification","valueRequired":true,"valueName":"search_term_string"}}],"inLanguage":"es"}]}},"_links":{"self":[{"href":"https:\/\/oreskylaw.com\/es\/wp-json\/wp\/v2\/pages\/19685","targetHints":{"allow":["GET"]}}],"collection":[{"href":"https:\/\/oreskylaw.com\/es\/wp-json\/wp\/v2\/pages"}],"about":[{"href":"https:\/\/oreskylaw.com\/es\/wp-json\/wp\/v2\/types\/page"}],"author":[{"embeddable":true,"href":"https:\/\/oreskylaw.com\/es\/wp-json\/wp\/v2\/users\/9"}],"replies":[{"embeddable":true,"href":"https:\/\/oreskylaw.com\/es\/wp-json\/wp\/v2\/comments?post=19685"}],"version-history":[{"count":0,"href":"https:\/\/oreskylaw.com\/es\/wp-json\/wp\/v2\/pages\/19685\/revisions"}],"up":[{"embeddable":true,"href":"https:\/\/oreskylaw.com\/es\/wp-json\/wp\/v2\/pages\/19332"}],"wp:attachment":[{"href":"https:\/\/oreskylaw.com\/es\/wp-json\/wp\/v2\/media?parent=19685"}],"curies":[{"name":"wp","href":"https:\/\/api.w.org\/{rel}","templated":true}]}}