{"id":19698,"date":"2025-12-10T06:00:51","date_gmt":"2025-12-10T06:00:51","guid":{"rendered":"https:\/\/oreskylaw.com\/?page_id=19698"},"modified":"2026-01-31T10:37:27","modified_gmt":"2026-01-31T10:37:27","slug":"abogados-de-accidentes-de-andamios","status":"publish","type":"page","link":"https:\/\/oreskylaw.com\/es\/queens\/abogados-de-accidentes-de-andamios\/","title":{"rendered":"Accidentes de Andamios"},"content":{"rendered":"<p>\u00bfSufri\u00f3 una lesi\u00f3n en un accidente de andamio en Queens, NY? Despu\u00e9s de una calma durante las primeras etapas de la pandemia de COVID-19, los proyectos de construcci\u00f3n est\u00e1n retomando nuevamente en la Gran Manzana. Desafortunadamente, eso significa un mayor riesgo de accidentes de construcci\u00f3n, incluidas las ca\u00eddas de escaleras y andamios.<\/p>\n<p>Si se lesion\u00f3 en un accidente de construcci\u00f3n, podr\u00eda tener derecho a recibir compensaci\u00f3n por sus gastos m\u00e9dicos y p\u00e9rdida de salario. Ya sea que haya sufrido un accidente en el trabajo o como espectador, un abogado de accidentes de\u00a0<a href=\"https:\/\/oreskylaw.com\/es\/queens\/abogados-de-accidentes-de-construccion\/\">construcci\u00f3n en Queens<\/a>\u00a0de\u00a0<a href=\"https:\/\/oreskylaw.com\/es\/acerca-de-nosotros\/\">Oresky &amp; Associates, PLLC<\/a> est\u00e1 bien preparado para defender sus derechos y luchar por el dinero que necesita despu\u00e9s de un accidente.<\/p>\n<p>Ponemos a su disposici\u00f3n m\u00e1s de tres d\u00e9cadas de experiencia. No se f\u00ede solo de nuestra palabra, mire los m\u00e1s de 400 millones de d\u00f3lares en indemnizaciones que hemos recuperado para las v\u00edctimas lesionadas a lo largo de los a\u00f1os. Si un andamio peligroso le provoca una lesi\u00f3n, llame a nuestra oficina legal en Queens, New York, hoy mismo al\u00a0<a href=\"tel:+19293050949\">(929) 305-0949<\/a>\u00a0o\u00a0<a href=\"https:\/\/oreskylaw.com\/es\/contacto\/\">cont\u00e1ctenos<\/a> para una consulta gratuita.<\/p>\n<h2>C\u00f3mo Puede Ayudar Oresky &amp; Associates, PLLC Despu\u00e9s de un Accidente en Andamio en Queens, NY<\/h2>\n<p><img loading=\"lazy\" decoding=\"async\" class=\"size-full wp-image-12467 alignleft\" src=\"https:\/\/oreskylaw.com\/wp-content\/uploads\/2026\/01\/Help-After-a-Scaffolding-Accident-in-the-Bronx.webp\" alt=\"bridge construction accident attorney bronx\" width=\"300\" height=\"169\" \/>Los accidentes de construcci\u00f3n pueden causar lesiones que cambian la vida, facturas m\u00e9dicas muy altas e incertidumbre sobre su futuro. Usted no deber\u00eda tener que sufrir las consecuencias financieras de la negligencia ajena.<\/p>\n<p><a href=\"https:\/\/oreskylaw.com\/es\/acerca-de-nosotros\/\">Desde 1992<\/a>, nuestros abogados de accidentes de construcci\u00f3n en Queens han sido defensores ac\u00e9rrimos de trabajadores lesionados. Nuestro \u00e9xito ayudando a las v\u00edctimas lesionadas nos ha ganado el reconocimiento por la revista New York Magazine como \u00abLos principales abogados de lesiones personales de New York \u00ab.<\/p>\n<p>Cuando contrata a nuestros abogados de lesiones personales en Queens, nosotros:<\/p>\n<ul>\n<li>Investigaremos su accidente para determinar la causa del accidente en andamio<\/li>\n<li>Hablaremos con testigos y recopilaremos otras pruebas para apoyar su reclamo por da\u00f1os<\/li>\n<li>Contrataremos expertos para analizar los aspectos t\u00e9cnicos de su accidente y testificar en su nombre<\/li>\n<li>Manejaremos todas las comunicaciones con su empleador y\/o compa\u00f1\u00edas de seguros<\/li>\n<li>Lo representaremos en todos los procedimientos administrativos y judiciales<\/li>\n<\/ul>\n<p>Ya sea que tenga un reclamo de compensaci\u00f3n laboral o una demanda contra terceros (o ambos), manejaremos todos los detalles de principio a fin para que pueda obtener el descanso y la tranquilidad que necesita mientras se recupera.<\/p>\n<h2>Descripci\u00f3n General de los Accidentes en Andamios<\/h2>\n<p><img loading=\"lazy\" decoding=\"async\" class=\"size-full wp-image-16345 alignright\" src=\"https:\/\/oreskylaw.com\/wp-content\/uploads\/2026\/01\/Get-Help-After-a-Scaffolding-Accident-in-Queens.webp\" alt=\"Bronx bridge construction site accident attorney\" width=\"300\" height=\"169\" \/>La Administraci\u00f3n de Seguridad y Salud Ocupacional de los EE. UU. ha desarrollado\u00a0<a href=\"https:\/\/www.osha.gov\/laws-regs\/regulations\/standardnumber\/1926\/1926.451\" target=\"_blank\" rel=\"nofollow noopener noreferrer\">requisitos espec\u00edficos<\/a>\u00a0para el uso, mantenimiento y formaci\u00f3n en andamios. Muchos accidentes ocurren cuando no se siguen las medidas de seguridad.<\/p>\n<p>Algunas causas comunes de accidentes en andamios incluyen:<\/p>\n<h3>Montaje Incorrecto del Andamio<\/h3>\n<p>Los andamios que no est\u00e1n ensamblados correctamente (por ejemplo, carecen de soportes adecuados), pueden desplazarse o colapsar. Puede que carezcan de barandillas requeridas u otras protecciones contra ca\u00eddas. Los andamios mal asegurados pueden volcarse, causando ca\u00eddas o lesiones por aplastamiento.<\/p>\n<h3>Falta de Formaci\u00f3n, Supervisi\u00f3n o Inspecci\u00f3n<\/h3>\n<p>La industria de la construcci\u00f3n es incre\u00edblemente competitiva y los trabajadores est\u00e1n bajo presi\u00f3n constante para cumplir o superar los plazos. Eso puede llevar a est\u00e1ndares relajados en el sitio de construcci\u00f3n, como no cumplir con los programas de formaci\u00f3n y distribuir personal insuficiente. Las inspecciones cr\u00edticas pueden omitirse por restricciones de tiempo o falta de personal.<\/p>\n<h3>Superficies Resbaladizas o Desordenadas<\/h3>\n<p>Los accidentes de resbal\u00f3n, tropiezo y ca\u00edda pueden ocurrir cuando los andamios no se mantienen libres de derrames, herramientas y\u00a0<a href=\"https:\/\/oreskylaw.com\/es\/queens\/abogados-de-caida-de-escombros\/\">otros escombros<\/a>. Los cables no asegurados pueden causar riesgos de tropez\u00f3n o electrocuci\u00f3n.<\/p>\n<h2>\u00bfQu\u00e9 Lesiones Son Causadas por Accidentes en Andamios?<\/h2>\n<p>El Departamento de Edificios de New York acaba de publicar su informe anual de seguridad en la construcci\u00f3n. Las ca\u00eddas de trabajadores siguen siendo una de las principales causas de lesiones y muertes en la construcci\u00f3n en NY. Las ca\u00eddas fueron responsables de siete de las nueve muertes de trabajadores de la construcci\u00f3n en NYC en 2020.<\/p>\n<p>Muchos accidentes en andamios resultan en ca\u00eddas desde alturas, que pueden causar:<\/p>\n<div class=\"row\">\n<ul class=\"col-xl-6\">\n<li>Fracturas de v\u00e9rtebras y otras lesiones de espalda<\/li>\n<li>Lesiones cerebrales traum\u00e1ticas<\/li>\n<li>Fracturas de costillas<\/li>\n<\/ul>\n<ul class=\"col-xl-6\">\n<li>Par\u00e1lisis<\/li>\n<li>Fracturas de cr\u00e1neo<\/li>\n<li>Muerte por negligencia<\/li>\n<\/ul>\n<\/div>\n<p>Otros accidentes pueden causar que objetos caigan desde andamios, provocando:<\/p>\n<div class=\"row\">\n<ul class=\"col-xl-6\">\n<li>Lesiones por aplastamiento<\/li>\n<li>Lesiones de tejidos blandos<\/li>\n<li>Da\u00f1os a \u00f3rganos internos<\/li>\n<\/ul>\n<ul class=\"col-xl-6\">\n<li>Electrocuci\u00f3n<\/li>\n<li>Amputaciones<\/li>\n<\/ul>\n<\/div>\n<p>Trabajamos para asegurar compensaci\u00f3n por todas sus lesiones, incluido el dinero para pagar el tratamiento m\u00e9dico continuo que pueda necesitar.<\/p>\n    <div class=\"cw-cta-box\">\n        <div class=\"cw-cta-box__inner \">\n            <div class=\"cw-cta-box__info\">\n                                    <div class=\"label\">\u00a1Llame ahora!<\/div>\n                            <\/div>\n                            <div class=\"contact-phone\">\n                    <a href=\"tel:7189939999\"\n                        aria-label=\"Tap to call button\">\n                        718-993-9999                    <\/a>\n                <\/div>\n                    <\/div>\n                    <a href=\"\/es\/contacto\/\"\n               class=\"cta-btn btn btn--primary btn\"\n               target=\"\">\n                Obtenga Una Consulta Gratuita            <\/a>\n            <\/div>\n    \n<h2>\u00bfQui\u00e9n es Responsable de las Lesiones de Mi Accidente en Andamio?<\/h2>\n<p>Podr\u00edan ser varias partes. Generalmente, usted tiene derecho a beneficios de compensaci\u00f3n laboral si se lesion\u00f3 en el trabajo. Si un tercero contribuy\u00f3 a su accidente, podr\u00eda poder buscar compensaci\u00f3n adem\u00e1s de lo que la compensaci\u00f3n para trabajadores proporciona.<\/p>\n<p>Las partes potencialmente responsables podr\u00edan incluir:<\/p>\n<div class=\"row\">\n<ul class=\"col-xl-6\">\n<li>Empresa constructora<\/li>\n<li>Propietario de la propiedad<\/li>\n<li>Contratista o proveedor<\/li>\n<li>Agencia gubernamental<\/li>\n<\/ul>\n<ul class=\"col-xl-6\">\n<li>Fabricante de equipos<\/li>\n<li>Empresa de mantenimiento<\/li>\n<li>Espectador o intruso<\/li>\n<\/ul>\n<\/div>\n<p><a href=\"https:\/\/www.nysenate.gov\/legislation\/laws\/LAB\/240\" target=\"_blank\" rel=\"nofollow noopener noreferrer\">La Ley de Andamios de New York<\/a> garantiza ciertas protecciones a los trabajadores que se lesionan en accidentes de andamio. Hemos manejado con \u00e9xito innumerables casos complejos gracias a nuestro profundo conocimiento de la ley de construcci\u00f3n y lesiones personales de New York.<\/p>\n<h2>Obtenga Ayuda Despu\u00e9s de un Accidente en Andamio en Queens, NY<\/h2>\n<p>Si usted o un ser querido sufrieron una lesi\u00f3n fatal en un accidente de andamio en Queens, NY, el equipo legal de Oresky &amp; Associates, PLLC luchar\u00e1 para obtener la m\u00e1xima indemnizaci\u00f3n financiera disponible para usted y su familia.<\/p>\n<p>A trav\u00e9s del compromiso, el trabajo arduo y un profundo conocimiento de la ley, hemos obtenido con \u00e9xito m\u00e1s de 400 millones de d\u00f3lares en acuerdos y veredictos para v\u00edctimas lesionadas en tr\u00e1gicos accidentes. Desde 1992, los residentes de Queens han confiado en nosotros su seguridad financiera y su futuro. No los hemos defraudado. Llame hoy para su consulta gratuita.<\/p>\n","protected":false},"excerpt":{"rendered":"<p>\u00bfSufri\u00f3 una lesi\u00f3n en un accidente de andamio en Queens, NY? Despu\u00e9s de una calma durante las primeras etapas de la pandemia de COVID-19, los proyectos de construcci\u00f3n est\u00e1n retomando nuevamente en la Gran Manzana. Desafortunadamente, eso significa un mayor riesgo de accidentes de construcci\u00f3n, incluidas las ca\u00eddas de escaleras y andamios. Si se lesion\u00f3 [&hellip;]<\/p>\n","protected":false},"author":9,"featured_media":0,"parent":19332,"menu_order":57,"comment_status":"closed","ping_status":"closed","template":"","meta":{"_acf_changed":false,"footnotes":""},"class_list":["post-19698","page","type-page","status-publish","hentry"],"acf":[],"yoast_head":"<!-- This site is optimized with the Yoast SEO plugin v27.3 - https:\/\/yoast.com\/product\/yoast-seo-wordpress\/ -->\n<title>Abogado de Accidentes de Andamios en Queens, NY - Oresky &amp; Associates, PLLC<\/title>\n<meta name=\"description\" content=\"\u00bfSufri\u00f3 un accidente en un andamio en Queens, NY? Llame a Oresky &amp; Associates, PLLC y programe una consulta gratuita con un abogado experto hoy mismo.\" \/>\n<meta name=\"robots\" content=\"index, follow, max-snippet:-1, max-image-preview:large, max-video-preview:-1\" \/>\n<link rel=\"canonical\" href=\"https:\/\/oreskylaw.com\/es\/queens\/abogados-de-accidentes-de-andamios\/\" \/>\n<meta property=\"og:locale\" content=\"es_ES\" \/>\n<meta property=\"og:type\" content=\"article\" \/>\n<meta property=\"og:title\" content=\"Abogado de Accidentes de Andamios en Queens, NY - Oresky &amp; Associates, PLLC\" \/>\n<meta property=\"og:description\" content=\"\u00bfSufri\u00f3 un accidente en un andamio en Queens, NY? Llame a Oresky &amp; Associates, PLLC y programe una consulta gratuita con un abogado experto hoy mismo.\" \/>\n<meta property=\"og:url\" content=\"https:\/\/oreskylaw.com\/es\/queens\/abogados-de-accidentes-de-andamios\/\" \/>\n<meta property=\"og:site_name\" content=\"Oresky &amp; Associates, PLLC\" \/>\n<meta property=\"article:publisher\" content=\"https:\/\/www.facebook.com\/Oreskylaw\/\" \/>\n<meta property=\"article:modified_time\" content=\"2026-01-31T10:37:27+00:00\" \/>\n<meta property=\"og:image\" content=\"https:\/\/oreskylaw.com\/wp-content\/uploads\/2026\/01\/Help-After-a-Scaffolding-Accident-in-the-Bronx.webp\" \/>\n\t<meta property=\"og:image:width\" content=\"300\" \/>\n\t<meta property=\"og:image:height\" content=\"169\" \/>\n\t<meta property=\"og:image:type\" content=\"image\/webp\" \/>\n<meta name=\"twitter:card\" content=\"summary_large_image\" \/>\n<meta name=\"twitter:site\" content=\"@JacobOreskyLaw\" \/>\n<meta name=\"twitter:label1\" content=\"Tiempo de lectura\" \/>\n\t<meta name=\"twitter:data1\" content=\"5 minutos\" \/>\n<!-- \/ Yoast SEO plugin. -->","yoast_head_json":{"title":"Abogado de Accidentes de Andamios en Queens, NY - Oresky & Associates, PLLC","description":"\u00bfSufri\u00f3 un accidente en un andamio en Queens, NY? Llame a Oresky & Associates, PLLC y programe una consulta gratuita con un abogado experto hoy mismo.","robots":{"index":"index","follow":"follow","max-snippet":"max-snippet:-1","max-image-preview":"max-image-preview:large","max-video-preview":"max-video-preview:-1"},"canonical":"https:\/\/oreskylaw.com\/es\/queens\/abogados-de-accidentes-de-andamios\/","og_locale":"es_ES","og_type":"article","og_title":"Abogado de Accidentes de Andamios en Queens, NY - Oresky & Associates, PLLC","og_description":"\u00bfSufri\u00f3 un accidente en un andamio en Queens, NY? Llame a Oresky & Associates, PLLC y programe una consulta gratuita con un abogado experto hoy mismo.","og_url":"https:\/\/oreskylaw.com\/es\/queens\/abogados-de-accidentes-de-andamios\/","og_site_name":"Oresky &amp; Associates, PLLC","article_publisher":"https:\/\/www.facebook.com\/Oreskylaw\/","article_modified_time":"2026-01-31T10:37:27+00:00","og_image":[{"width":300,"height":169,"url":"https:\/\/oreskylaw.com\/wp-content\/uploads\/2026\/01\/Help-After-a-Scaffolding-Accident-in-the-Bronx.webp","type":"image\/webp"}],"twitter_card":"summary_large_image","twitter_site":"@JacobOreskyLaw","twitter_misc":{"Tiempo de lectura":"5 minutos"},"schema":{"@context":"https:\/\/schema.org","@graph":[{"@type":"WebPage","@id":"https:\/\/oreskylaw.com\/es\/queens\/abogados-de-accidentes-de-andamios\/","url":"https:\/\/oreskylaw.com\/es\/queens\/abogados-de-accidentes-de-andamios\/","name":"Abogado de Accidentes de Andamios en Queens, NY - Oresky & Associates, PLLC","isPartOf":{"@id":"https:\/\/oreskylaw.com\/es\/#website"},"primaryImageOfPage":{"@id":"https:\/\/oreskylaw.com\/es\/queens\/abogados-de-accidentes-de-andamios\/#primaryimage"},"image":{"@id":"https:\/\/oreskylaw.com\/es\/queens\/abogados-de-accidentes-de-andamios\/#primaryimage"},"thumbnailUrl":"https:\/\/oreskylaw.com\/wp-content\/uploads\/2026\/01\/Help-After-a-Scaffolding-Accident-in-the-Bronx.webp","datePublished":"2025-12-10T06:00:51+00:00","dateModified":"2026-01-31T10:37:27+00:00","description":"\u00bfSufri\u00f3 un accidente en un andamio en Queens, NY? Llame a Oresky & Associates, PLLC y programe una consulta gratuita con un abogado experto hoy mismo.","breadcrumb":{"@id":"https:\/\/oreskylaw.com\/es\/queens\/abogados-de-accidentes-de-andamios\/#breadcrumb"},"inLanguage":"es","potentialAction":[{"@type":"ReadAction","target":["https:\/\/oreskylaw.com\/es\/queens\/abogados-de-accidentes-de-andamios\/"]}]},{"@type":"ImageObject","inLanguage":"es","@id":"https:\/\/oreskylaw.com\/es\/queens\/abogados-de-accidentes-de-andamios\/#primaryimage","url":"https:\/\/oreskylaw.com\/wp-content\/uploads\/2026\/01\/Help-After-a-Scaffolding-Accident-in-the-Bronx.webp","contentUrl":"https:\/\/oreskylaw.com\/wp-content\/uploads\/2026\/01\/Help-After-a-Scaffolding-Accident-in-the-Bronx.webp"},{"@type":"BreadcrumbList","@id":"https:\/\/oreskylaw.com\/es\/queens\/abogados-de-accidentes-de-andamios\/#breadcrumb","itemListElement":[{"@type":"ListItem","position":1,"name":"Inicio","item":"https:\/\/oreskylaw.com\/es\/"},{"@type":"ListItem","position":2,"name":"Queens","item":"https:\/\/oreskylaw.com\/es\/queens\/"},{"@type":"ListItem","position":3,"name":"Accidentes de Andamios"}]},{"@type":"WebSite","@id":"https:\/\/oreskylaw.com\/es\/#website","url":"https:\/\/oreskylaw.com\/es\/","name":"Oresky & Associates PLLC","description":"","publisher":{"@id":"https:\/\/oreskylaw.com\/es\/#organization"},"potentialAction":[{"@type":"SearchAction","target":{"@type":"EntryPoint","urlTemplate":"https:\/\/oreskylaw.com\/es\/?s={search_term_string}"},"query-input":{"@type":"PropertyValueSpecification","valueRequired":true,"valueName":"search_term_string"}}],"inLanguage":"es"}]}},"_links":{"self":[{"href":"https:\/\/oreskylaw.com\/es\/wp-json\/wp\/v2\/pages\/19698","targetHints":{"allow":["GET"]}}],"collection":[{"href":"https:\/\/oreskylaw.com\/es\/wp-json\/wp\/v2\/pages"}],"about":[{"href":"https:\/\/oreskylaw.com\/es\/wp-json\/wp\/v2\/types\/page"}],"author":[{"embeddable":true,"href":"https:\/\/oreskylaw.com\/es\/wp-json\/wp\/v2\/users\/9"}],"replies":[{"embeddable":true,"href":"https:\/\/oreskylaw.com\/es\/wp-json\/wp\/v2\/comments?post=19698"}],"version-history":[{"count":0,"href":"https:\/\/oreskylaw.com\/es\/wp-json\/wp\/v2\/pages\/19698\/revisions"}],"up":[{"embeddable":true,"href":"https:\/\/oreskylaw.com\/es\/wp-json\/wp\/v2\/pages\/19332"}],"wp:attachment":[{"href":"https:\/\/oreskylaw.com\/es\/wp-json\/wp\/v2\/media?parent=19698"}],"curies":[{"name":"wp","href":"https:\/\/api.w.org\/{rel}","templated":true}]}}