{"id":19711,"date":"2025-12-10T06:01:08","date_gmt":"2025-12-10T06:01:08","guid":{"rendered":"https:\/\/oreskylaw.com\/?page_id=19711"},"modified":"2026-01-31T10:40:47","modified_gmt":"2026-01-31T10:40:47","slug":"abogados-de-agresion-sexual","status":"publish","type":"page","link":"https:\/\/oreskylaw.com\/es\/queens\/abogados-de-agresion-sexual\/","title":{"rendered":"Abogado de Agresi\u00f3n Sexual"},"content":{"rendered":"<p>Usted merece justicia si fue v\u00edctima de una agresi\u00f3n sexual en Queens, New York. Independientemente del estado de cualquier procedimiento penal relacionado, usted podr\u00eda ser capaz de presentar una demanda civil contra la parte culpable.\u00a0<a href=\"https:\/\/oreskylaw.com\/es\/acerca-de-nosotros\/\">Oresky &amp; Associates, PLLC<\/a>\u00a0puede ayudarle a obtener compensaci\u00f3n por su angustia emocional, dolor y sufrimiento, salarios perdidos, facturas m\u00e9dicas y m\u00e1s.<\/p>\n<p>Nuestros abogados de agresi\u00f3n sexual en Queens tienen m\u00e1s de 30 a\u00f1os de experiencia combinada practicando la ley, y nuestro bufete de abogados de lesiones personales ha recolectado m\u00e1s de $400 millones para nuestros clientes desde que fue fundado en 1992. Estamos listos para poner esa experiencia y trayectoria al servicio de usted y su caso hoy.<\/p>\n<p><a href=\"https:\/\/oreskylaw.com\/es\/contacto\/\">Contacte<\/a>\u00a0nuestra oficina legal en Queens hoy al\u00a0<a href=\"tel:+19293050949\">(929) 305-0949<\/a>\u00a0para establecer una consulta confidencial y sin presiones.<\/p>\n<h2>C\u00f3mo Oresky &amp; Associates, PLLC, Puede Ayudar Si Usted Ha Sido Agredido Sexualmente en Queens<\/h2>\n<p>La agresi\u00f3n sexual puede ser una de las experiencias m\u00e1s traum\u00e1ticas imaginables. Un veredicto de culpabilidad en un caso penal podr\u00eda proporcionar algo de paz mental al saber que el perpetrador ser\u00e1 castigado, pero eso puede hacer poco para ayudarle directamente a usted y las consecuencias con las que probablemente a\u00fan est\u00e9 lidiando diariamente.<\/p>\n<p>Oresky &amp; Associates, PLLC puede ayudarle a explorar sus opciones legales y posiblemente presentar una demanda civil buscando compensaci\u00f3n por todos sus da\u00f1os y p\u00e9rdidas. Otras partes adem\u00e1s de la persona que cometi\u00f3 la agresi\u00f3n tambi\u00e9n podr\u00edan tener responsabilidad, dependiendo de la situaci\u00f3n. Cuando contrate a nuestros abogados de lesiones personales en Queens para ayudar con su caso, seremos capaces de:<\/p>\n<ul>\n<li>Investigar su caso para determinar todas las partes responsables, todas las fuentes de compensaci\u00f3n y la evidencia disponible en apoyo de su reclamo.<\/li>\n<li>Contratar expertos para fortalecer su caso y proporcionar testimonio en su nombre si es necesario.<\/li>\n<li>Encargarnos de todo el papeleo, negociaciones y comunicaciones relacionadas con su caso mientras usted descansa y se recupera.<\/li>\n<li>Mantenerle informado de sus opciones legales a medida que su caso avanza.<\/li>\n<\/ul>\n<p>Contacte nuestro bufete de abogados de lesiones personales hoy en Queens, NY, para aprender m\u00e1s o comenzar a establecer una relaci\u00f3n abogado-cliente.<\/p>\n<h2>\u00bfQu\u00e9 Tan Prevalente es la Agresi\u00f3n Sexual en la Ciudad de New York y en los Estados Unidos?<\/h2>\n<p>Es importante recordar en este contexto que muchas, si no la mayor\u00eda, de las agresiones sexuales no se denuncian. Como resultado, cualquier estad\u00edstica sobre agresi\u00f3n sexual podr\u00eda ser significativamente m\u00e1s baja de lo que realmente es o puede ser solo una estimaci\u00f3n.<\/p>\n<p>Seg\u00fan datos de la Red Nacional de Violaci\u00f3n, Abuso e Incesto (RAINN, por sus siglas en ingl\u00e9s), un estadounidense es agredido sexualmente cada 68 segundos en promedio. RAINN tambi\u00e9n indica que 433.648 personas en el p\u00fablico general de los Estados Unidos mayores de 12 a\u00f1os fueron agredidas sexualmente anualmente, en promedio, en un per\u00edodo reciente de cuatro a\u00f1os.<\/p>\n<p>La Alianza de la Ciudad de New York Contra la Agresi\u00f3n Sexual (NYCAASA) ha proporcionado estad\u00edsticas sobre el tema espec\u00edficamente en NYC. Seg\u00fan investigaciones de NYCAASA, casi 50.000 mujeres son v\u00edctimas de violaci\u00f3n anualmente en la ciudad. La violaci\u00f3n es solo una forma de agresi\u00f3n sexual, por lo que el n\u00famero real de agresiones sexuales en la ciudad probablemente sea mucho mayor.<\/p>\n<h2>\u00bfCu\u00e1nto Vale Mi Caso de Agresi\u00f3n Sexual en Queens?<\/h2>\n<p>Los casos de lesiones personales contienen tantas variables que es casi imposible evaluar el valor de su caso antes de hablar con usted. Esto es especialmente cierto para los casos de agresi\u00f3n sexual. Asignar un valor monetario a aspectos como el dolor y sufrimiento, as\u00ed como la angustia emocional es dif\u00edcil, y esos aspectos de la agresi\u00f3n podr\u00edan constituir la mayor parte de su reclamo. Dicho esto, vale la pena mencionar los siguientes factores que generalmente influyen en el valor de la mayor\u00eda de los casos:<\/p>\n<ul>\n<li>Los tipos de lesiones y da\u00f1os que ha sufrido y su gravedad.<\/li>\n<li>Si se espera que se recupere completamente de la agresi\u00f3n.<\/li>\n<li>Hasta qu\u00e9 punto ha tenido que faltar al trabajo.<\/li>\n<li>Los costos asociados con el tratamiento de sus lesiones.<\/li>\n<\/ul>\n<p>Los casos que involucran las lesiones m\u00e1s graves que afectan m\u00e1s seriamente la vida cotidiana de la v\u00edctima tienden a valer m\u00e1s, pero el asunto es significativamente m\u00e1s complejo que eso. La mejor manera de averiguar cu\u00e1nto podr\u00eda valer su caso es programar una consulta gratuita con uno de nuestros abogados de agresi\u00f3n sexual en Queens.<\/p>\n<h2>\u00bfQu\u00e9 Tipos de Da\u00f1os Pueden Obtener las V\u00edctimas de Agresi\u00f3n Sexual en Queens, NY?<\/h2>\n<p>Las v\u00edctimas de agresi\u00f3n sexual en Queens pueden aspirar a recolectar da\u00f1os econ\u00f3micos, as\u00ed como da\u00f1os no econ\u00f3micos por sus lesiones. Los da\u00f1os punitivos tambi\u00e9n podr\u00edan estar disponibles en algunos casos.<\/p>\n<h3>Da\u00f1os Econ\u00f3micos<\/h3>\n<p>Los da\u00f1os econ\u00f3micos reflejan las consecuencias financieras de la agresi\u00f3n, como:<\/p>\n<div class=\"row\">\n<ul class=\"col-xl-6\">\n<li>Facturas m\u00e9dicas<\/li>\n<li>Salarios perdidos e ingresos<\/li>\n<li>Capacidad de ganancia disminuida<\/li>\n<\/ul>\n<ul class=\"col-xl-6\">\n<li>Gastos de bolsillo<\/li>\n<li>Rehabilitaci\u00f3n y asesoramiento<\/li>\n<\/ul>\n<\/div>\n<h3>Da\u00f1os No Econ\u00f3micos<\/h3>\n<p>Los da\u00f1os no econ\u00f3micos reflejan los otros tipos de da\u00f1os que ha sufrido que no son de naturaleza financiera, como:<\/p>\n<div class=\"row\">\n<ul class=\"col-xl-6\">\n<li>Dolor y sufrimiento<\/li>\n<li>TEPT (Trastorno de Estr\u00e9s Postraum\u00e1tico)<\/li>\n<li>Angustia emocional<\/li>\n<\/ul>\n<ul class=\"col-xl-6\">\n<li>Ansiedad<\/li>\n<li>Depresi\u00f3n<\/li>\n<\/ul>\n<\/div>\n<h3>Da\u00f1os Punitivos<\/h3>\n<p>Los da\u00f1os punitivos tambi\u00e9n podr\u00edan otorgarse, dependiendo de los hechos de su caso. Estos da\u00f1os tienen como objetivo \u00abcastigar\u00bb a la parte culpable por su conducta en lugar de compensarlo directamente (aunque todav\u00eda lo hacen, en \u00faltima instancia).<\/p>\n<h2>Nuestros Abogados de Lesiones Personales en Queens Pueden Ayudar Con Cualquier Tipo de Caso de Agresi\u00f3n Sexual<\/h2>\n<p>La agresi\u00f3n sexual es un ejemplo de un delito sexual, que abarca una amplia gama de conducta sexual bajo la ley de New York. Algunos de los tipos de casos de agresi\u00f3n sexual con los que nuestros abogados pueden ayudar incluyen, pero no se limitan a, los siguientes:<\/p>\n<div class=\"row\">\n<ul class=\"col-xl-6\">\n<li>Violaci\u00f3n<\/li>\n<li>Acoso sexual<\/li>\n<li>Manoseo<\/li>\n<\/ul>\n<ul class=\"col-xl-6\">\n<li>Abuso sexual<\/li>\n<li>Violaci\u00f3n en intento<\/li>\n<li>Violencia dom\u00e9stica<\/li>\n<\/ul>\n<\/div>\n<p>Si usted fue v\u00edctima de un delito sexual en Queens, contacte nuestra oficina legal para asesoramiento y asistencia jur\u00eddica.<\/p>\n    <div class=\"cw-cta-box\">\n        <div class=\"cw-cta-box__inner \">\n            <div class=\"cw-cta-box__info\">\n                                    <div class=\"label\">\u00a1Llame ahora!<\/div>\n                            <\/div>\n                            <div class=\"contact-phone\">\n                    <a href=\"tel:7189939999\"\n                        aria-label=\"Tap to call button\">\n                        718-993-9999                    <\/a>\n                <\/div>\n                    <\/div>\n                    <a href=\"\/es\/contacto\/\"\n               class=\"cta-btn btn btn--primary btn\"\n               target=\"\">\n                Obtenga Una Consulta Gratuita            <\/a>\n            <\/div>\n    \n<h2>Trabajaremos Duro Para Recuperar Compensaci\u00f3n por Todas Sus Lesiones Relacionadas con la Agresi\u00f3n Sexual<\/h2>\n<p><img loading=\"lazy\" decoding=\"async\" class=\"size-full wp-image-11594 alignright\" src=\"https:\/\/oreskylaw.com\/wp-content\/uploads\/2026\/01\/How-Much-Does-it-Cost-to-Hire-a-Personal-Injury-Lawyer.webp\" alt=\"construction accident attorney bronx ny\" width=\"300\" height=\"200\" \/>Las agresiones sexuales pueden causar da\u00f1os graves que duran mucho despu\u00e9s del incidente, adem\u00e1s de las consecuencias inmediatas. Nuestro bufete de abogados de lesiones personales puede ayudarle a recuperarse de los siguientes tipos de lesiones, por nombrar algunos:<\/p>\n<ul>\n<li>Lesiones cerebrales traum\u00e1ticas<\/li>\n<li>Huesos rotos<\/li>\n<li>Sangrado interno<\/li>\n<li>Da\u00f1o a \u00f3rganos<\/li>\n<li>Magulladuras<\/li>\n<li>Lesiones faciales<\/li>\n<li>Lesiones de cuello<\/li>\n<\/ul>\n<p>Algunas de las consecuencias comunes a largo plazo de la agresi\u00f3n sexual por las cuales nuestros abogados pueden ayudarlo a obtener compensaci\u00f3n incluyen:<\/p>\n<div class=\"row\">\n<ul class=\"col-xl-6\">\n<li>TEPT<\/li>\n<li>Depresi\u00f3n<\/li>\n<li>Aumento del riesgo de enfermedades, como enfermedades card\u00edacas<\/li>\n<li>Ansiedad<\/li>\n<\/ul>\n<ul class=\"col-xl-6\">\n<li>Insomnio<\/li>\n<li>Pensamientos suicidas<\/li>\n<li>Dificultad con el funcionamiento sexual<\/li>\n<\/ul>\n<\/div>\n<p>Nuestros abogados de agresi\u00f3n sexual en Queens investigar\u00e1n a fondo su caso una vez que nos contrate. Como parte de esa investigaci\u00f3n, nuestro equipo legal apuntar\u00e1 a determinar completamente todas sus lesiones y sus posibles fuentes de compensaci\u00f3n.<\/p>\n<h2>\u00bfC\u00f3mo Demuestro Responsabilidad por Agresi\u00f3n Sexual en Queens, New York?<\/h2>\n<p>Establecer responsabilidad por una agresi\u00f3n sexual en Queens es muy diferente en el contexto civil que en el contexto criminal. La fiscal\u00eda tiene la carga de la prueba en cada caso penal y debe afirmar cada elemento de la culpa del agresor \u00abm\u00e1s all\u00e1 de una duda razonable\u00bb. Este es el umbral de carga de la prueba m\u00e1s estricto actualmente en la ley.<\/p>\n<p>La v\u00edctima lesionada tiene la carga de la prueba en el contexto civil, y el umbral es \u00abpor preponderancia de la evidencia\u00bb. Esto significa que necesitar\u00e1 mostrar que es m\u00e1s probable que no que la parte culpable le agredi\u00f3 sexualmente. Incluso si solo es un 51% probable que la persona sea responsable, a\u00fan puede ganar el caso. Es por eso que es posible ganar su caso civil incluso si la persona que le agredi\u00f3 es absuelta en el tribunal penal.<\/p>\n<p>Dependiendo de los hechos de su caso, otras partes podr\u00edan ser posiblemente responsables por sus da\u00f1os adem\u00e1s de su agresor. La ley de responsabilidad de locales de New York exige que ciertos propietarios de inmuebles mantengan sus instalaciones en una condici\u00f3n razonablemente segura. Si no lo hacen, podr\u00edan ser responsables por da\u00f1os que ocurran como resultado.<\/p>\n<p>Por ejemplo, si un propietario de un club nocturno no proporciona seguridad adecuada para sus clientes y ocurre una agresi\u00f3n, el propietario podr\u00eda ser responsabilizado por el incidente. Esta misma l\u00ednea de razonamiento puede aplicarse, de una forma u otra, a la mayor\u00eda de los locales en el estado.<\/p>\n<p>Contacte a nuestro equipo legal hoy para conocer qui\u00e9n podr\u00eda ser responsable por sus lesiones relacionadas con la agresi\u00f3n sexual.<\/p>\n<h2>\u00bfCu\u00e1nto Tiempo Tengo Para Presentar una Demanda por Agresi\u00f3n Sexual en el Estado de New York?<\/h2>\n<p>El estado de New York tiene leyes que establecen plazos para cu\u00e1ndo deben presentarse las demandas dentro de su jurisdicci\u00f3n. La cantidad de tiempo que tendr\u00e1 depender\u00e1 del tipo de parte contra la cual busca demandar y bajo qu\u00e9 causa de acci\u00f3n.<\/p>\n<p>Por ejemplo, por defecto, tiene un a\u00f1o a partir de la fecha de la agresi\u00f3n para presentar una demanda contra la persona que le agredi\u00f3. Sin embargo, si la persona es condenada en un tribunal penal, tendr\u00e1 hasta siete a\u00f1os en su lugar.<\/p>\n<p>El estatuto general de limitaciones de lesiones personales de New York se aplica si tiene la intenci\u00f3n de presentar una demanda por responsabilidad de locales. En esos casos, tendr\u00e1 tres a\u00f1os para presentar su demanda.<\/p>\n<p>Debido a la variabilidad involucrada en estos plazos, es mejor ponerse en contacto con nuestra oficina legal si no est\u00e1 claro cu\u00e1nto tiempo tiene en su situaci\u00f3n. Podemos informarle durante su revisi\u00f3n gratuita de caso.<\/p>\n<h2>Contacte a un Experimentado Abogado de Agresi\u00f3n Sexual en Queens para Ayuda Legal<\/h2>\n<p>No tiene que soportar las consecuencias de una agresi\u00f3n sexual en Queens por su cuenta. Si contrata a Oresky &amp; Associates, PLLC podr\u00e1 centrar su atenci\u00f3n donde debe estar: en su salud y bienestar. Mientras tanto, nos encargaremos de todo lo relacionado con su reclamo de compensaci\u00f3n.<\/p>\n<p><a href=\"https:\/\/oreskylaw.com\/es\/contacto\/\">Contacte<\/a> a nuestros abogados de agresi\u00f3n sexual en Queens hoy para establecer una evaluaci\u00f3n confidencial y completamente gratuita de su caso.<\/p>\n","protected":false},"excerpt":{"rendered":"<p>Usted merece justicia si fue v\u00edctima de una agresi\u00f3n sexual en Queens, New York. Independientemente del estado de cualquier procedimiento penal relacionado, usted podr\u00eda ser capaz de presentar una demanda civil contra la parte culpable.\u00a0Oresky &amp; Associates, PLLC\u00a0puede ayudarle a obtener compensaci\u00f3n por su angustia emocional, dolor y sufrimiento, salarios perdidos, facturas m\u00e9dicas y m\u00e1s. [&hellip;]<\/p>\n","protected":false},"author":9,"featured_media":0,"parent":19332,"menu_order":59,"comment_status":"closed","ping_status":"closed","template":"","meta":{"_acf_changed":false,"footnotes":""},"class_list":["post-19711","page","type-page","status-publish","hentry"],"acf":[],"yoast_head":"<!-- This site is optimized with the Yoast SEO plugin v27.3 - https:\/\/yoast.com\/product\/yoast-seo-wordpress\/ -->\n<title>Abogado de Agresi\u00f3n Sexual en Queens - Oresky &amp; Associates, PLLC<\/title>\n<meta name=\"description\" content=\"\u00bfFue v\u00edctima de agresi\u00f3n sexual en Queens? Podr\u00eda obtener compensaci\u00f3n por sus lesiones. Llame a Oresky &amp; Associates, PLLC para una consulta gratuita.\" \/>\n<meta name=\"robots\" content=\"index, follow, max-snippet:-1, max-image-preview:large, max-video-preview:-1\" \/>\n<link rel=\"canonical\" href=\"https:\/\/oreskylaw.com\/es\/queens\/abogados-de-agresion-sexual\/\" \/>\n<meta property=\"og:locale\" content=\"es_ES\" \/>\n<meta property=\"og:type\" content=\"article\" \/>\n<meta property=\"og:title\" content=\"Abogado de Agresi\u00f3n Sexual en Queens - Oresky &amp; Associates, PLLC\" \/>\n<meta property=\"og:description\" content=\"\u00bfFue v\u00edctima de agresi\u00f3n sexual en Queens? Podr\u00eda obtener compensaci\u00f3n por sus lesiones. Llame a Oresky &amp; Associates, PLLC para una consulta gratuita.\" \/>\n<meta property=\"og:url\" content=\"https:\/\/oreskylaw.com\/es\/queens\/abogados-de-agresion-sexual\/\" \/>\n<meta property=\"og:site_name\" content=\"Oresky &amp; Associates, PLLC\" \/>\n<meta property=\"article:publisher\" content=\"https:\/\/www.facebook.com\/Oreskylaw\/\" \/>\n<meta property=\"article:modified_time\" content=\"2026-01-31T10:40:47+00:00\" \/>\n<meta property=\"og:image\" content=\"https:\/\/oreskylaw.com\/wp-content\/uploads\/2026\/01\/How-Much-Does-it-Cost-to-Hire-a-Personal-Injury-Lawyer.webp\" \/>\n\t<meta property=\"og:image:width\" content=\"300\" \/>\n\t<meta property=\"og:image:height\" content=\"200\" \/>\n\t<meta property=\"og:image:type\" content=\"image\/webp\" \/>\n<meta name=\"twitter:card\" content=\"summary_large_image\" \/>\n<meta name=\"twitter:site\" content=\"@JacobOreskyLaw\" \/>\n<meta name=\"twitter:label1\" content=\"Tiempo de lectura\" \/>\n\t<meta name=\"twitter:data1\" content=\"8 minutos\" \/>\n<!-- \/ Yoast SEO plugin. -->","yoast_head_json":{"title":"Abogado de Agresi\u00f3n Sexual en Queens - Oresky & Associates, PLLC","description":"\u00bfFue v\u00edctima de agresi\u00f3n sexual en Queens? Podr\u00eda obtener compensaci\u00f3n por sus lesiones. Llame a Oresky & Associates, PLLC para una consulta gratuita.","robots":{"index":"index","follow":"follow","max-snippet":"max-snippet:-1","max-image-preview":"max-image-preview:large","max-video-preview":"max-video-preview:-1"},"canonical":"https:\/\/oreskylaw.com\/es\/queens\/abogados-de-agresion-sexual\/","og_locale":"es_ES","og_type":"article","og_title":"Abogado de Agresi\u00f3n Sexual en Queens - Oresky & Associates, PLLC","og_description":"\u00bfFue v\u00edctima de agresi\u00f3n sexual en Queens? Podr\u00eda obtener compensaci\u00f3n por sus lesiones. Llame a Oresky & Associates, PLLC para una consulta gratuita.","og_url":"https:\/\/oreskylaw.com\/es\/queens\/abogados-de-agresion-sexual\/","og_site_name":"Oresky &amp; Associates, PLLC","article_publisher":"https:\/\/www.facebook.com\/Oreskylaw\/","article_modified_time":"2026-01-31T10:40:47+00:00","og_image":[{"width":300,"height":200,"url":"https:\/\/oreskylaw.com\/wp-content\/uploads\/2026\/01\/How-Much-Does-it-Cost-to-Hire-a-Personal-Injury-Lawyer.webp","type":"image\/webp"}],"twitter_card":"summary_large_image","twitter_site":"@JacobOreskyLaw","twitter_misc":{"Tiempo de lectura":"8 minutos"},"schema":{"@context":"https:\/\/schema.org","@graph":[{"@type":"WebPage","@id":"https:\/\/oreskylaw.com\/es\/queens\/abogados-de-agresion-sexual\/","url":"https:\/\/oreskylaw.com\/es\/queens\/abogados-de-agresion-sexual\/","name":"Abogado de Agresi\u00f3n Sexual en Queens - Oresky & Associates, PLLC","isPartOf":{"@id":"https:\/\/oreskylaw.com\/es\/#website"},"primaryImageOfPage":{"@id":"https:\/\/oreskylaw.com\/es\/queens\/abogados-de-agresion-sexual\/#primaryimage"},"image":{"@id":"https:\/\/oreskylaw.com\/es\/queens\/abogados-de-agresion-sexual\/#primaryimage"},"thumbnailUrl":"https:\/\/oreskylaw.com\/wp-content\/uploads\/2026\/01\/How-Much-Does-it-Cost-to-Hire-a-Personal-Injury-Lawyer.webp","datePublished":"2025-12-10T06:01:08+00:00","dateModified":"2026-01-31T10:40:47+00:00","description":"\u00bfFue v\u00edctima de agresi\u00f3n sexual en Queens? Podr\u00eda obtener compensaci\u00f3n por sus lesiones. Llame a Oresky & Associates, PLLC para una consulta gratuita.","breadcrumb":{"@id":"https:\/\/oreskylaw.com\/es\/queens\/abogados-de-agresion-sexual\/#breadcrumb"},"inLanguage":"es","potentialAction":[{"@type":"ReadAction","target":["https:\/\/oreskylaw.com\/es\/queens\/abogados-de-agresion-sexual\/"]}]},{"@type":"ImageObject","inLanguage":"es","@id":"https:\/\/oreskylaw.com\/es\/queens\/abogados-de-agresion-sexual\/#primaryimage","url":"https:\/\/oreskylaw.com\/wp-content\/uploads\/2026\/01\/How-Much-Does-it-Cost-to-Hire-a-Personal-Injury-Lawyer.webp","contentUrl":"https:\/\/oreskylaw.com\/wp-content\/uploads\/2026\/01\/How-Much-Does-it-Cost-to-Hire-a-Personal-Injury-Lawyer.webp"},{"@type":"BreadcrumbList","@id":"https:\/\/oreskylaw.com\/es\/queens\/abogados-de-agresion-sexual\/#breadcrumb","itemListElement":[{"@type":"ListItem","position":1,"name":"Inicio","item":"https:\/\/oreskylaw.com\/es\/"},{"@type":"ListItem","position":2,"name":"Queens","item":"https:\/\/oreskylaw.com\/es\/queens\/"},{"@type":"ListItem","position":3,"name":"Abogado de Agresi\u00f3n Sexual"}]},{"@type":"WebSite","@id":"https:\/\/oreskylaw.com\/es\/#website","url":"https:\/\/oreskylaw.com\/es\/","name":"Oresky & Associates PLLC","description":"","publisher":{"@id":"https:\/\/oreskylaw.com\/es\/#organization"},"potentialAction":[{"@type":"SearchAction","target":{"@type":"EntryPoint","urlTemplate":"https:\/\/oreskylaw.com\/es\/?s={search_term_string}"},"query-input":{"@type":"PropertyValueSpecification","valueRequired":true,"valueName":"search_term_string"}}],"inLanguage":"es"}]}},"_links":{"self":[{"href":"https:\/\/oreskylaw.com\/es\/wp-json\/wp\/v2\/pages\/19711","targetHints":{"allow":["GET"]}}],"collection":[{"href":"https:\/\/oreskylaw.com\/es\/wp-json\/wp\/v2\/pages"}],"about":[{"href":"https:\/\/oreskylaw.com\/es\/wp-json\/wp\/v2\/types\/page"}],"author":[{"embeddable":true,"href":"https:\/\/oreskylaw.com\/es\/wp-json\/wp\/v2\/users\/9"}],"replies":[{"embeddable":true,"href":"https:\/\/oreskylaw.com\/es\/wp-json\/wp\/v2\/comments?post=19711"}],"version-history":[{"count":0,"href":"https:\/\/oreskylaw.com\/es\/wp-json\/wp\/v2\/pages\/19711\/revisions"}],"up":[{"embeddable":true,"href":"https:\/\/oreskylaw.com\/es\/wp-json\/wp\/v2\/pages\/19332"}],"wp:attachment":[{"href":"https:\/\/oreskylaw.com\/es\/wp-json\/wp\/v2\/media?parent=19711"}],"curies":[{"name":"wp","href":"https:\/\/api.w.org\/{rel}","templated":true}]}}