{"id":19724,"date":"2025-12-10T06:01:30","date_gmt":"2025-12-10T06:01:30","guid":{"rendered":"https:\/\/oreskylaw.com\/?page_id=19724"},"modified":"2026-01-31T10:49:46","modified_gmt":"2026-01-31T10:49:46","slug":"abogados-de-resbalones-y-caidas","status":"publish","type":"page","link":"https:\/\/oreskylaw.com\/es\/queens\/abogados-de-resbalones-y-caidas\/","title":{"rendered":"Abogado de accidentes de resbalones y ca\u00eddas en Queens"},"content":{"rendered":"<p>Si te has lesionado en un resbal\u00f3n y ca\u00edda en Queens, NY, puedes tener derecho a una indemnizaci\u00f3n por las facturas m\u00e9dicas, los salarios perdidos y mucho m\u00e1s.<\/p>\n<p>Un abogado con experiencia en accidentes de resbal\u00f3n y ca\u00edda en Queens, de\u00a0<a href=\"https:\/\/oreskylaw.com\/es\/acerca-de-nosotros\/\">Oresky &amp; Associates, PLLC<\/a>\u00a0puede ayudarte a explorar todas tus opciones legales, y a luchar para recuperar la m\u00e1xima indemnizaci\u00f3n que mereces.<\/p>\n<p>Llevamos m\u00e1s de 25 a\u00f1os luchando para proteger a las v\u00edctimas de accidentes en toda la ciudad de New York. Puedes confiar en nuestro \u00e9xito: ya hemos recuperado m\u00e1s de 400 millones de d\u00f3lares para nuestros clientes lesionados.<\/p>\n<p>Seg\u00fan las leyes de New York, los propietarios pueden ser considerados responsables del mantenimiento negligente de la propiedad. Si tu accidente ocurri\u00f3 en la propiedad de otra persona,\u00a0<a href=\"https:\/\/oreskylaw.com\/es\/contacto\/\">cont\u00e1ctanos aqu\u00ed<\/a> o llama a nuestras oficinas de abogados en Queens, New York, al <a href=\"tel:+19293050949\">(929) 305-0949<\/a> para programar una consulta gratuita hoy mismo.<\/p>\n<h2>C\u00f3mo puede ayudar Oresky &amp; Associates, PLLC despu\u00e9s de un accidente de resbal\u00f3n y ca\u00edda en Queens<\/h2>\n<p>Los neoyorquinos se lesionan en resbalones y ca\u00eddas todos los d\u00edas. Eso no significa que tus lesiones no sean graves. Si otra persona fue la responsable, mereces ser compensado por tus p\u00e9rdidas y sufrimiento.<\/p>\n<p>Por desgracia, las compa\u00f1\u00edas de seguros y los propietarios suelen impugnar las reclamaciones por resbalones y ca\u00eddas. Pueden culparte o afirmar que no te has lesionado realmente en su propiedad. Un abogado experto en\u00a0<a href=\"https:\/\/oreskylaw.com\/es\/queens\/\">lesiones personales de Queens<\/a>\u00a0puede ayudarte.<\/p>\n<p>Oresky &amp; Associates, PLLC es un despacho de abogados de lesiones personales galardonado en la ciudad de New York. Nuestros abogados han sido calificados por Super Lawyers y se han ganado un puesto en el Foro de Abogados Multimillonarios.<\/p>\n<p>Puedes contar con nosotros para:<\/p>\n<ul>\n<li>Investigar tu accidente y conservar todas las pruebas<\/li>\n<li>Gestionar todo el papeleo y los detalles administrativos<\/li>\n<li>Contratar a los mejores peritos cuando sea necesario para respaldar tu caso<\/li>\n<li>Evaluar el valor justo de tus da\u00f1os<\/li>\n<li>Negociar con las compa\u00f1\u00edas de seguros para maximizar tu indemnizaci\u00f3n<\/li>\n<li>Luchar por ti en los tribunales si la compa\u00f1\u00eda de seguros no te ofrece un trato justo<\/li>\n<\/ul>\n<p>Las compa\u00f1\u00edas de seguros manejan casos de resbalones y ca\u00eddas todos los d\u00edas. Te mereces un abogado de lesiones personales de Queens con el mismo nivel de experiencia. Llama hoy mismo para hablar de una relaci\u00f3n abogado-cliente y saber m\u00e1s sobre el valor que aportamos a tu caso.<\/p>\n<h2>\u00bfCon qu\u00e9 frecuencia ocurren los accidentes por resbalones y ca\u00eddas en Queens, NY?<\/h2>\n<p>En todo el pa\u00eds, la CDC estiman que unos 36 millones de adultos mayores resbalan y se caen cada a\u00f1o. En un solo a\u00f1o, 244.000 trabajadores estadounidenses presentaron reclamaciones de indemnizaci\u00f3n por\u00a0<a href=\"https:\/\/oreskylaw.com\/es\/queens\/abogados-de-accidentes-de-peatones\/\">accidentes de trabajo<\/a>\u00a0por resbalones y ca\u00eddas.<\/p>\n<p>Las lesiones por ca\u00eddas son tambi\u00e9n una de las principales causas de estancias hospitalarias relacionadas con lesiones en el estado de New York. \u00a0Las estad\u00edsticas muestran que 140 neoyorquinos mayores de edad son hospitalizados cada d\u00eda a causa de lesiones por resbalones y ca\u00eddas, y unas 223 personas visitan las salas de urgencias con lesiones relacionadas con las ca\u00eddas.<\/p>\n<p>Los resbalones y las ca\u00eddas pueden ocurrir en cualquier lugar. Puedes tener una reclamaci\u00f3n v\u00e1lida de indemnizaci\u00f3n si tu accidente de ca\u00edda ocurre en un<\/p>\n<div class=\"row\">\n<ul class=\"col-xl-6\">\n<li>Restaurante o bar<\/li>\n<li>Una tienda de comestibles<\/li>\n<li>Estaci\u00f3n de metro<\/li>\n<li>Una tienda minorista<\/li>\n<li>Una tienda de grandes superficies<\/li>\n<li>Complejo deportivo o lugar de entretenimiento<\/li>\n<\/ul>\n<ul class=\"col-xl-6\">\n<li>Centro comercial<\/li>\n<li>Edificio de oficinas<\/li>\n<li>Edificio gubernamental<\/li>\n<li>Campus universitario<\/li>\n<li>Lugar de trabajo<\/li>\n<li>Edificio de apartamentos<\/li>\n<\/ul>\n<\/div>\n<p>Los propietarios tambi\u00e9n son responsables de mantener la propiedad alrededor de sus negocios. Eso incluye las aceras, los pasillos y los estacionamientos.<\/p>\n<p>\u00bfTe has lesionado mientras visitabas la propiedad de otra persona? Llama hoy mismo a Oresky &amp; Associates, PLLC para hablar de tu derecho a una indemnizaci\u00f3n.<\/p>\n<h2>\u00bfCu\u00e1nto vale mi caso de accidente por resbal\u00f3n y ca\u00edda en Queens?<\/h2>\n<p>Muchos factores diferentes influir\u00e1n en el valor de tu reclamaci\u00f3n por da\u00f1os personales.<\/p>\n<p>Algunos de los factores m\u00e1s importantes son:<\/p>\n<ul>\n<li>La naturaleza de tus lesiones<\/li>\n<li>La duraci\u00f3n de tu recuperaci\u00f3n<\/li>\n<li>Si se espera que te recuperes totalmente<\/li>\n<li>Los salarios perdidos y el costo de tu tratamiento m\u00e9dico<\/li>\n<li>Si se ha establecido claramente la responsabilidad<\/li>\n<li>Si has contribuido a la ca\u00edda<\/li>\n<\/ul>\n<p>Las compa\u00f1\u00edas de seguros saben cu\u00e1nto vale tu caso. Pero har\u00e1n todo lo posible para que parezca que vale menos. Te mereces un abogado especialista en resbalones y ca\u00eddas que te ayude a entender el valor de tu caso.<\/p>\n<p>Puedes obtener m\u00e1s informaci\u00f3n llamando a nuestros abogados de accidentes por resbal\u00f3n y ca\u00edda de Queens para que revisen tu caso de forma gratuita.<\/p>\n    <div class=\"cw-cta-box\">\n        <div class=\"cw-cta-box__inner \">\n            <div class=\"cw-cta-box__info\">\n                                    <div class=\"label\">\u00a1Llame ahora!<\/div>\n                            <\/div>\n                            <div class=\"contact-phone\">\n                    <a href=\"tel:7189939999\"\n                        aria-label=\"Tap to call button\">\n                        718-993-9999                    <\/a>\n                <\/div>\n                    <\/div>\n                    <a href=\"\/es\/contacto\/\"\n               class=\"cta-btn btn btn--primary btn\"\n               target=\"\">\n                Obtenga Una Consulta Gratuita            <\/a>\n            <\/div>\n    \n<h2>\u00bfQu\u00e9 tipos de da\u00f1os est\u00e1n disponibles para las v\u00edctimas de accidentes por resbalones y ca\u00eddas?<\/h2>\n<p>Te mereces volver a estar bien si te has lesionado debido a condiciones inseguras en la propiedad de otra persona. Eso significa que tienes derecho a una indemnizaci\u00f3n por todas tus p\u00e9rdidas econ\u00f3micas y no econ\u00f3micas.<\/p>\n<p>Algunos ejemplos de los tipos de da\u00f1os y perjuicios a los que puedes acceder son<\/p>\n<div class=\"row\">\n<ul class=\"col-xl-6\">\n<li>Gastos m\u00e9dicos pasados y futuros<\/li>\n<li>P\u00e9rdida de salario<\/li>\n<li>Reducci\u00f3n del potencial de ingresos futuros<\/li>\n<li>Rehabilitaci\u00f3n<\/li>\n<li>Cuidados de enfermer\u00eda<\/li>\n<li>Da\u00f1os a la propiedad<\/li>\n<\/ul>\n<ul class=\"col-xl-6\">\n<li>Dolor y sufrimiento<\/li>\n<li>Sufrimiento mental, incluyendo ansiedad, depresi\u00f3n y TEPT<\/li>\n<li>Disminuci\u00f3n de la calidad de vida<\/li>\n<li>P\u00e9rdida del c\u00f3nyuge<\/li>\n<\/ul>\n<\/div>\n<p>La compa\u00f1\u00eda de seguros intentar\u00e1 limitar los da\u00f1os que recibas. Nuestro equipo de Oresky &amp; Associates, PLLC est\u00e1 aqu\u00ed para ayudarte a luchar por la cantidad total que te corresponde.<\/p>\n<h2>\u00bfPuedo recuperar los da\u00f1os si me culpan de un accidente de resbal\u00f3n y ca\u00edda en New York?<\/h2>\n<p>No perder\u00e1s autom\u00e1ticamente tu derecho a una indemnizaci\u00f3n si eres parcialmente responsable de un accidente de ca\u00edda. La ley de negligencia contributiva pura de New York reparte la responsabilidad entre todos los implicados. As\u00ed, si eres responsable del 20% del accidente, puedes recuperar el 80% de los da\u00f1os.<\/p>\n<p>Esto es cierto incluso si eres el mayor responsable. A las compa\u00f1\u00edas de seguros les gusta culpar a las v\u00edctimas de resbalones y ca\u00eddas por haberse lesionado. Saben que los casos de resbalones y ca\u00eddas pueden ser dif\u00edciles de probar.<\/p>\n<p>Si te culpan de haber causado tus propias lesiones, llama hoy mismo a un abogado experto en resbalones y ca\u00eddas de Queens para una consulta inicial gratuita.<\/p>\n<h2>Lucharemos por conseguir una indemnizaci\u00f3n por todas tus lesiones por resbal\u00f3n y ca\u00edda<\/h2>\n<p>Cualquier lesi\u00f3n por resbal\u00f3n y ca\u00edda puede alterar tu vida. En Oresky &amp; Associates, PLLC, lucharemos para recuperar la indemnizaci\u00f3n por todas tus lesiones.<\/p>\n<p>Llama a nuestro despacho si has sufrido<\/p>\n<div class=\"row\">\n<ul class=\"col-xl-6\">\n<li>Rotura de huesos<\/li>\n<li>Fracturas de cadera<\/li>\n<li>Lesiones de rodilla<\/li>\n<li>Da\u00f1os en los nervios<\/li>\n<li>Lesiones de manos y mu\u00f1ecas<\/li>\n<li>Lesiones faciales<\/li>\n<\/ul>\n<ul class=\"col-xl-6\">\n<li>Da\u00f1os en los tejidos blandos<\/li>\n<li>Lesiones cerebrales traum\u00e1ticas<\/li>\n<li>Lesiones de la m\u00e9dula espinal<\/li>\n<li>Lesiones en la cabeza y el cuello<\/li>\n<li>Conmociones cerebrales<\/li>\n<li>Lesiones en la espalda<\/li>\n<\/ul>\n<\/div>\n<p>Tambi\u00e9n es posible que un resbal\u00f3n y una ca\u00edda causen lesiones permanentes o catastr\u00f3ficas. Algunas ca\u00eddas son mortales, sobre todo en personas mayores. Nuestros abogados pueden ayudarte a recuperar una indemnizaci\u00f3n por homicidio culposo si has perdido a un ser querido.<\/p>\n<h2>\u00bfQu\u00e9 causa la mayor\u00eda de los accidentes de resbal\u00f3n y ca\u00edda en Queens, New York?<\/h2>\n<p><img loading=\"lazy\" decoding=\"async\" class=\"size-medium wp-image-16377 alignright\" src=\"https:\/\/oreskylaw.com\/wp-content\/uploads\/2026\/01\/What-Types-of-Damages-Are-Available-to-Slip-and-Fall-Accident-Victims-300x200.jpeg\" alt=\"What Types of Damages Are Available to Slip and Fall Accident Victims?\" width=\"300\" height=\"200\" srcset=\"https:\/\/oreskylaw.com\/wp-content\/uploads\/2026\/01\/What-Types-of-Damages-Are-Available-to-Slip-and-Fall-Accident-Victims-300x200.jpeg 300w, https:\/\/oreskylaw.com\/wp-content\/uploads\/2026\/01\/What-Types-of-Damages-Are-Available-to-Slip-and-Fall-Accident-Victims-1024x683.jpeg 1024w, https:\/\/oreskylaw.com\/wp-content\/uploads\/2026\/01\/What-Types-of-Damages-Are-Available-to-Slip-and-Fall-Accident-Victims-768x512.jpeg 768w, https:\/\/oreskylaw.com\/wp-content\/uploads\/2026\/01\/What-Types-of-Damages-Are-Available-to-Slip-and-Fall-Accident-Victims.jpeg 1254w\" sizes=\"auto, (max-width: 300px) 100vw, 300px\" \/>Los accidentes por tropiezos y ca\u00eddas pueden producirse por diversas razones. Algunas de las causas m\u00e1s comunes de los resbalones, tropiezos y ca\u00eddas en Queens son<\/p>\n<ul>\n<li>Suelos resbaladizos o deslizantes<\/li>\n<li>Charcos o derrames que no se limpian en un tiempo razonable<\/li>\n<li>Hielo o nieve acumulada en aceras, pasillos y estacionamientos<\/li>\n<li>Pavimento desmoronado o da\u00f1ado<\/li>\n<li>Barandillas faltantes o da\u00f1adas<\/li>\n<li>Alfombras o tapetes inseguros<\/li>\n<li>Pavimento irregular<\/li>\n<li>Baches en estacionamientos y garajes<\/li>\n<li>Escombros, basura y otros obst\u00e1culos en los pasillos<\/li>\n<li>Cables y alambres sueltos<\/li>\n<li>Iluminaci\u00f3n inadecuada<\/li>\n<li>Falta de pelda\u00f1os o escaleras da\u00f1adas<\/li>\n<\/ul>\n<p>Determinar la causa de la ca\u00edda es la clave para identificar al responsable. Nuestros abogados de Queens pueden ayudarte a localizar las pruebas que necesitas. Solo tienes que llamar a nuestro despacho para programar una evaluaci\u00f3n gratuita del caso hoy mismo.<\/p>\n<h2>\u00bfC\u00f3mo puedo demostrar la negligencia tras un accidente de resbal\u00f3n y ca\u00edda en New York?<\/h2>\n<p>Los propietarios no son responsables de cualquier lesi\u00f3n que ocurra en sus instalaciones. Seg\u00fan las leyes de responsabilidad de las instalaciones de New York, los propietarios solo son responsables cuando son negligentes en el mantenimiento de su propiedad.<\/p>\n<p>Para demostrar la negligencia, debes establecer<\/p>\n<ul>\n<li>El deber legal de cuidado del propietario<\/li>\n<li>Un incumplimiento del deber<\/li>\n<li>Que el incumplimiento caus\u00f3 tu accidente por ca\u00edda<\/li>\n<li>Los da\u00f1os que sufriste<\/li>\n<\/ul>\n<p>El \u201cdeber de cuidado\u201d var\u00eda en funci\u00f3n del motivo por el que visitabas la propiedad. Los propietarios de negocios tienen un deber mayor con los clientes y otras personas que visitan su propiedad. Estos visitantes se denominan \u201cinvitados\u201d a efectos legales.<\/p>\n<p>Los propietarios de negocios tienen la obligaci\u00f3n legal de:<\/p>\n<ul>\n<li>Arreglar cualquier condici\u00f3n peligrosa<\/li>\n<li>Avisar adecuadamente de los peligros que no puedan ser reparados inmediatamente<\/li>\n<li>Inspeccionar peri\u00f3dicamente la propiedad para encontrar cualquier peligro oculto<\/li>\n<\/ul>\n<p>Est\u00e1s clasificado como invitado cada vez que cenas en un restaurante, visitas la tienda de comestibles\/negocios o asistes a un partido de b\u00e9isbol en el Citi Field.<\/p>\n<p>Los propietarios de bienes privados tambi\u00e9n tienen un deber para con los invitados sociales, que se denominan licenciatarios. El alcance de este deber es m\u00e1s estrecho. Deben advertir a los invitados sobre los riesgos no evidentes, pero no est\u00e1n obligados a inspeccionar la propiedad en busca de peligros ocultos.<\/p>\n<p>Los intrusos, en cambio, reciben muy poca protecci\u00f3n legal. Por supuesto, los propietarios pueden tener que tomar medidas para proteger a los ni\u00f1os peque\u00f1os que entren en la propiedad sin permiso. Sin embargo, solo est\u00e1n obligados a evitar da\u00f1ar intencionadamente a los intrusos adultos.<\/p>\n<h2>\u00bfDe cu\u00e1nto tiempo dispongo para presentar una demanda tras un accidente de resbal\u00f3n y ca\u00edda en New York?<\/h2>\n<p>Todos los estados imponen un plazo para tomar medidas legales tras una lesi\u00f3n. Seg\u00fan la ley del estado de New York, el plazo de prescripci\u00f3n en los casos de lesiones personales es de tres a\u00f1os. En otras palabras, debes presentar una demanda por lesiones personales en el plazo de tres a\u00f1os desde el accidente, o perder\u00e1s el derecho a solicitar una indemnizaci\u00f3n.<\/p>\n<p>Si te has lesionado, sabemos que puedes estar pas\u00e1ndola mal. Por ello te recomendamos encarecidamente que te asesores legalmente cuanto antes.<\/p>\n<h2>Ponte en contacto con un abogado de accidentes de resbal\u00f3n y ca\u00edda de Queens para una consulta gratuita<\/h2>\n<p>\u00bfTe has lesionado en un accidente por resbal\u00f3n y ca\u00edda en la propiedad de otra persona? No dejes que la compa\u00f1\u00eda de seguros decida el valor de tu caso. Llama a un abogado experto en accidentes de resbal\u00f3n y ca\u00edda en Queens, de Oresky &amp; Associates, PLLC. Lucharemos por la indemnizaci\u00f3n total que te mereces.<\/p>\n","protected":false},"excerpt":{"rendered":"<p>Si te has lesionado en un resbal\u00f3n y ca\u00edda en Queens, NY, puedes tener derecho a una indemnizaci\u00f3n por las facturas m\u00e9dicas, los salarios perdidos y mucho m\u00e1s. Un abogado con experiencia en accidentes de resbal\u00f3n y ca\u00edda en Queens, de\u00a0Oresky &amp; Associates, PLLC\u00a0puede ayudarte a explorar todas tus opciones legales, y a luchar para [&hellip;]<\/p>\n","protected":false},"author":9,"featured_media":0,"parent":19332,"menu_order":63,"comment_status":"closed","ping_status":"closed","template":"","meta":{"_acf_changed":false,"footnotes":""},"class_list":["post-19724","page","type-page","status-publish","hentry"],"acf":[],"yoast_head":"<!-- This site is optimized with the Yoast SEO plugin v27.3 - https:\/\/yoast.com\/product\/yoast-seo-wordpress\/ -->\n<title>Abogado de accidentes de resbalones y ca\u00eddas en Queens - Oresky &amp; Associates, PLLC<\/title>\n<meta name=\"description\" content=\"\u00bfLesionado en un accidente de resbal\u00f3n y ca\u00edda en Queens? \u00a1No espere! Obtenga la compensaci\u00f3n que merece. Contacte a Oresky &amp; Associates, PLLC para consulta.\" \/>\n<meta name=\"robots\" content=\"index, follow, max-snippet:-1, max-image-preview:large, max-video-preview:-1\" \/>\n<link rel=\"canonical\" href=\"https:\/\/oreskylaw.com\/es\/queens\/abogados-de-resbalones-y-caidas\/\" \/>\n<meta property=\"og:locale\" content=\"es_ES\" \/>\n<meta property=\"og:type\" content=\"article\" \/>\n<meta property=\"og:title\" content=\"Abogado de accidentes de resbalones y ca\u00eddas en Queens - Oresky &amp; Associates, PLLC\" \/>\n<meta property=\"og:description\" content=\"\u00bfLesionado en un accidente de resbal\u00f3n y ca\u00edda en Queens? \u00a1No espere! Obtenga la compensaci\u00f3n que merece. Contacte a Oresky &amp; Associates, PLLC para consulta.\" \/>\n<meta property=\"og:url\" content=\"https:\/\/oreskylaw.com\/es\/queens\/abogados-de-resbalones-y-caidas\/\" \/>\n<meta property=\"og:site_name\" content=\"Oresky &amp; Associates, PLLC\" \/>\n<meta property=\"article:publisher\" content=\"https:\/\/www.facebook.com\/Oreskylaw\/\" \/>\n<meta property=\"article:modified_time\" content=\"2026-01-31T10:49:46+00:00\" \/>\n<meta property=\"og:image\" content=\"https:\/\/oreskylaw.com\/wp-content\/uploads\/2026\/01\/What-Types-of-Damages-Are-Available-to-Slip-and-Fall-Accident-Victims.jpeg\" \/>\n\t<meta property=\"og:image:width\" content=\"1254\" \/>\n\t<meta property=\"og:image:height\" content=\"836\" \/>\n\t<meta property=\"og:image:type\" content=\"image\/jpeg\" \/>\n<meta name=\"twitter:card\" content=\"summary_large_image\" \/>\n<meta name=\"twitter:site\" content=\"@JacobOreskyLaw\" \/>\n<meta name=\"twitter:label1\" content=\"Tiempo de lectura\" \/>\n\t<meta name=\"twitter:data1\" content=\"8 minutos\" \/>\n<!-- \/ Yoast SEO plugin. -->","yoast_head_json":{"title":"Abogado de accidentes de resbalones y ca\u00eddas en Queens - Oresky & Associates, PLLC","description":"\u00bfLesionado en un accidente de resbal\u00f3n y ca\u00edda en Queens? \u00a1No espere! Obtenga la compensaci\u00f3n que merece. Contacte a Oresky & Associates, PLLC para consulta.","robots":{"index":"index","follow":"follow","max-snippet":"max-snippet:-1","max-image-preview":"max-image-preview:large","max-video-preview":"max-video-preview:-1"},"canonical":"https:\/\/oreskylaw.com\/es\/queens\/abogados-de-resbalones-y-caidas\/","og_locale":"es_ES","og_type":"article","og_title":"Abogado de accidentes de resbalones y ca\u00eddas en Queens - Oresky & Associates, PLLC","og_description":"\u00bfLesionado en un accidente de resbal\u00f3n y ca\u00edda en Queens? \u00a1No espere! Obtenga la compensaci\u00f3n que merece. Contacte a Oresky & Associates, PLLC para consulta.","og_url":"https:\/\/oreskylaw.com\/es\/queens\/abogados-de-resbalones-y-caidas\/","og_site_name":"Oresky &amp; Associates, PLLC","article_publisher":"https:\/\/www.facebook.com\/Oreskylaw\/","article_modified_time":"2026-01-31T10:49:46+00:00","og_image":[{"width":1254,"height":836,"url":"https:\/\/oreskylaw.com\/wp-content\/uploads\/2026\/01\/What-Types-of-Damages-Are-Available-to-Slip-and-Fall-Accident-Victims.jpeg","type":"image\/jpeg"}],"twitter_card":"summary_large_image","twitter_site":"@JacobOreskyLaw","twitter_misc":{"Tiempo de lectura":"8 minutos"},"schema":{"@context":"https:\/\/schema.org","@graph":[{"@type":"WebPage","@id":"https:\/\/oreskylaw.com\/es\/queens\/abogados-de-resbalones-y-caidas\/","url":"https:\/\/oreskylaw.com\/es\/queens\/abogados-de-resbalones-y-caidas\/","name":"Abogado de accidentes de resbalones y ca\u00eddas en Queens - Oresky & Associates, PLLC","isPartOf":{"@id":"https:\/\/oreskylaw.com\/es\/#website"},"primaryImageOfPage":{"@id":"https:\/\/oreskylaw.com\/es\/queens\/abogados-de-resbalones-y-caidas\/#primaryimage"},"image":{"@id":"https:\/\/oreskylaw.com\/es\/queens\/abogados-de-resbalones-y-caidas\/#primaryimage"},"thumbnailUrl":"https:\/\/oreskylaw.com\/wp-content\/uploads\/2026\/01\/What-Types-of-Damages-Are-Available-to-Slip-and-Fall-Accident-Victims-300x200.jpeg","datePublished":"2025-12-10T06:01:30+00:00","dateModified":"2026-01-31T10:49:46+00:00","description":"\u00bfLesionado en un accidente de resbal\u00f3n y ca\u00edda en Queens? \u00a1No espere! Obtenga la compensaci\u00f3n que merece. Contacte a Oresky & Associates, PLLC para consulta.","breadcrumb":{"@id":"https:\/\/oreskylaw.com\/es\/queens\/abogados-de-resbalones-y-caidas\/#breadcrumb"},"inLanguage":"es","potentialAction":[{"@type":"ReadAction","target":["https:\/\/oreskylaw.com\/es\/queens\/abogados-de-resbalones-y-caidas\/"]}]},{"@type":"ImageObject","inLanguage":"es","@id":"https:\/\/oreskylaw.com\/es\/queens\/abogados-de-resbalones-y-caidas\/#primaryimage","url":"https:\/\/oreskylaw.com\/wp-content\/uploads\/2026\/01\/What-Types-of-Damages-Are-Available-to-Slip-and-Fall-Accident-Victims-300x200.jpeg","contentUrl":"https:\/\/oreskylaw.com\/wp-content\/uploads\/2026\/01\/What-Types-of-Damages-Are-Available-to-Slip-and-Fall-Accident-Victims-300x200.jpeg"},{"@type":"BreadcrumbList","@id":"https:\/\/oreskylaw.com\/es\/queens\/abogados-de-resbalones-y-caidas\/#breadcrumb","itemListElement":[{"@type":"ListItem","position":1,"name":"Inicio","item":"https:\/\/oreskylaw.com\/es\/"},{"@type":"ListItem","position":2,"name":"Queens","item":"https:\/\/oreskylaw.com\/es\/queens\/"},{"@type":"ListItem","position":3,"name":"Abogado de accidentes de resbalones y ca\u00eddas en Queens"}]},{"@type":"WebSite","@id":"https:\/\/oreskylaw.com\/es\/#website","url":"https:\/\/oreskylaw.com\/es\/","name":"Oresky & Associates PLLC","description":"","publisher":{"@id":"https:\/\/oreskylaw.com\/es\/#organization"},"potentialAction":[{"@type":"SearchAction","target":{"@type":"EntryPoint","urlTemplate":"https:\/\/oreskylaw.com\/es\/?s={search_term_string}"},"query-input":{"@type":"PropertyValueSpecification","valueRequired":true,"valueName":"search_term_string"}}],"inLanguage":"es"}]}},"_links":{"self":[{"href":"https:\/\/oreskylaw.com\/es\/wp-json\/wp\/v2\/pages\/19724","targetHints":{"allow":["GET"]}}],"collection":[{"href":"https:\/\/oreskylaw.com\/es\/wp-json\/wp\/v2\/pages"}],"about":[{"href":"https:\/\/oreskylaw.com\/es\/wp-json\/wp\/v2\/types\/page"}],"author":[{"embeddable":true,"href":"https:\/\/oreskylaw.com\/es\/wp-json\/wp\/v2\/users\/9"}],"replies":[{"embeddable":true,"href":"https:\/\/oreskylaw.com\/es\/wp-json\/wp\/v2\/comments?post=19724"}],"version-history":[{"count":0,"href":"https:\/\/oreskylaw.com\/es\/wp-json\/wp\/v2\/pages\/19724\/revisions"}],"up":[{"embeddable":true,"href":"https:\/\/oreskylaw.com\/es\/wp-json\/wp\/v2\/pages\/19332"}],"wp:attachment":[{"href":"https:\/\/oreskylaw.com\/es\/wp-json\/wp\/v2\/media?parent=19724"}],"curies":[{"name":"wp","href":"https:\/\/api.w.org\/{rel}","templated":true}]}}