{"id":19736,"date":"2025-12-10T06:01:47","date_gmt":"2025-12-10T06:01:47","guid":{"rendered":"https:\/\/oreskylaw.com\/?page_id=19736"},"modified":"2026-01-31T10:53:46","modified_gmt":"2026-01-31T10:53:46","slug":"abogados-de-accidentes-por-exceso-de-velocidad","status":"publish","type":"page","link":"https:\/\/oreskylaw.com\/es\/queens\/abogados-de-accidentes-por-exceso-de-velocidad\/","title":{"rendered":"Accidentes de Exceso de Velocidad"},"content":{"rendered":"<h2>Abogado de Accidentes de Choque trasero en Queens<\/h2>\n<p>\u00bfUsted o un ser querido sufrieron lesiones en un accidente de velocidad en Queens, NY? Proteja sus intereses legales contactando o hablando con nuestros abogados de accidentes de velocidad en Queens en\u00a0<a href=\"https:\/\/oreskylaw.com\/es\/acerca-de-nosotros\/\">Oresky &amp; Associates, PLLC<\/a>\u00a0marcando al\u00a0<a href=\"tel:+19293050949\">(929) 305-0949<\/a>.<\/p>\n<p>Durante m\u00e1s de 30 a\u00f1os, nuestro bufete de abogados de lesiones personales ha estado ayudando a clientes a ganar importantes compensaciones financieras tras ser lesionados. Trabajaremos arduamente para hacer lo mismo por usted. Nuestros clientes son nuestra principal prioridad.<\/p>\n<p>Llame a nuestras oficinas legales en la ciudad de New York para hablar con uno de nuestros abogados de accidentes automovil\u00edsticos. Su primera consulta es completamente gratuita, y no paga nada a menos que ganemos. \u00bfQu\u00e9 tiene que perder? Ll\u00e1menos hoy en Queens, New York.<\/p>\n<h2>How Oresky &amp; Associates, PLLC Can Help After a Speeding Accident in Queens, NY<\/h2>\n<p><img loading=\"lazy\" decoding=\"async\" class=\"size-full wp-image-11828 alignleft\" src=\"http:\/\/oreskylaw.com\/wp-content\/uploads\/2026\/01\/How-Can-Oresky-Associates-PLLC-Help-After-a-Speeding-Accident-in-the-Bronx-NY.webp\" alt=\"bronx bridge construction site accident attorney\" width=\"300\" height=\"200\" \/>En Oresky &amp; Associates, PLLC, nuestros\u00a0<a href=\"https:\/\/oreskylaw.com\/es\/queens\/abogados-de-accidentes-de-auto\/\">abogados de accidentes automovil\u00edsticos en Queens<\/a>\u00a0se enorgullecen de haber representado a clientes lesionados que sufrieron da\u00f1os f\u00edsicos, emocionales y financieros tras un devastador accidente automovil\u00edstico. Hemos visto de primera mano lo que las v\u00edctimas de accidentes atraviesan para obtener un trato justo de las compa\u00f1\u00edas de seguros. Nuestra experiencia con estas situaciones significa que estamos preparados para cualquier cosa que las aseguradoras hagan para evitar pagarle lo que se le debe.<\/p>\n<p>Aqu\u00ed hay algunas razones para elegir a Oresky &amp; Associates, PLLC para representarlo en su caso de accidente de velocidad:<\/p>\n<ul>\n<li>M\u00e1s de 400 millones de d\u00f3lares recuperados para los clientes<\/li>\n<li>Abogados galardonados<\/li>\n<li>Listados en la revista New York Magazine como \u00abLos principales abogados de lesiones personales de New York \u00ab<\/li>\n<li>Tres d\u00e9cadas de experiencia en litigios por lesiones personales<\/li>\n<\/ul>\n<p>Debe mantenerse enfocado en su recuperaci\u00f3n. Deje que nosotros manejemos a la compa\u00f1\u00eda de seguros. Sabemos c\u00f3mo tratar con ellos.<\/p>\n<h2>\u00bfCu\u00e1les son los Peligros de la Velocidad?<\/h2>\n<p>Los conductores en Queens son notorios por exceder la velocidad; en todo Estados Unidos, <a href=\"https:\/\/www.nhtsa.gov\/risky-driving\/speeding\" target=\"_blank\" rel=\"nofollow noopener noreferrer\">casi 9.500 personas<\/a>\u00a0murieron en un solo a\u00f1o como resultado de la velocidad.<\/p>\n<p>SExceder la velocidad es un comportamiento agresivo al conducir que pone en riesgo la vida de todos en la carretera. Si ha resultado lesionado como resultado de un conductor que excedi\u00f3 la velocidad, puede tener derecho a compensaci\u00f3n por da\u00f1os como facturas m\u00e9dicas, p\u00e9rdida de ingresos y dolor y sufrimiento.<\/p>\n<p>Exceder la velocidad es una forma especialmente peligrosa de conducci\u00f3n imprudente y es un factor contribuyente importante en el 26% de todas las muertes por accidentes de tr\u00e1fico.<\/p>\n<p>Exceder la velocidad puede resultar en:<\/p>\n<ul>\n<li>P\u00e9rdida del control del veh\u00edculo<\/li>\n<li>Aumento de la severidad de una colisi\u00f3n<\/li>\n<li>Reducci\u00f3n de la protecci\u00f3n de las caracter\u00edsticas de seguridad del veh\u00edculo<\/li>\n<li>Disminuci\u00f3n del tiempo de reacci\u00f3n<\/li>\n<\/ul>\n<p>Si usted result\u00f3 lesionado en un accidente de velocidad, hable con nosotros y obtenga m\u00e1s informaci\u00f3n sobre c\u00f3mo nuestros abogados de accidentes automovil\u00edsticos en Queens pueden ayudar.<\/p>\n    <div class=\"cw-cta-box\">\n        <div class=\"cw-cta-box__inner \">\n            <div class=\"cw-cta-box__info\">\n                                    <div class=\"label\">\u00a1Llame ahora!<\/div>\n                            <\/div>\n                            <div class=\"contact-phone\">\n                    <a href=\"tel:7189939999\"\n                        aria-label=\"Tap to call button\">\n                        718-993-9999                    <\/a>\n                <\/div>\n                    <\/div>\n                    <a href=\"\/es\/contacto\/\"\n               class=\"cta-btn btn btn--primary btn\"\n               target=\"\">\n                Obtenga Una Consulta Gratuita            <\/a>\n            <\/div>\n    \n<h2>\u00bfCu\u00e1les son Algunas Causas de la Velocidad?<\/h2>\n<p>Hay numerosas razones por las cuales un conductor puede elegir conducir m\u00e1s r\u00e1pido que el l\u00edmite de velocidad indicado. En algunos casos, ni siquiera se dan cuenta de que est\u00e1n pisando el acelerador.<\/p>\n<p>Las razones podr\u00edan incluir:<\/p>\n<div class=\"row\">\n<ul class=\"col-xl-6\">\n<li>Ira en la carretera<\/li>\n<li>Llegar tarde<\/li>\n<li>Descuido<\/li>\n<li>Conducci\u00f3n ostentosa<\/li>\n<\/ul>\n<ul class=\"col-xl-6\">\n<li>Conducir bajo la influencia<\/li>\n<li>Desconocimiento del l\u00edmite de velocidad<\/li>\n<li><a href=\"https:\/\/oreskylaw.com\/es\/queens\/abogados-de-accidentes-por-conduccion-distraida\/\">Conducir distra\u00eddo<\/a><\/li>\n<li>Conducir con fatiga<\/li>\n<\/ul>\n<\/div>\n<p>Ninguna de estas razones justifica los accidentes y las lesiones y muertes resultantes. Si un conductor que excede la velocidad lo lesiona, no deber\u00eda tener que pagar por ello.<\/p>\n<h2>\u00bfQu\u00e9 Lesiones son Causadas por Accidentes de Velocidad?<\/h2>\n<p>La gravedad de la mayor\u00eda de los accidentes y las lesiones resultantes est\u00e1 determinada por la velocidad del veh\u00edculo en la colisi\u00f3n. Exceder la velocidad aumenta significativamente la probabilidad de lesiones graves y muerte en accidentes de tr\u00e1fico.<\/p>\n<p>Las lesiones podr\u00edan incluir:<\/p>\n<div class=\"row\">\n<ul class=\"col-xl-6\">\n<li><a href=\"https:\/\/oreskylaw.com\/es\/lesion\/abogados-de-lesiones-huesos-rotos\/\">Huesos rotos<\/a><\/li>\n<li>Cortes y laceraciones<\/li>\n<li>Quemaduras<\/li>\n<li>Latigazo cervical y otros traumas de cuello<\/li>\n<\/ul>\n<ul class=\"col-xl-6\">\n<li>Conmociones cerebrales<\/li>\n<li><a href=\"https:\/\/oreskylaw.com\/es\/lesion\/abogados-de-lesiones-cerebrales\/\">Lesi\u00f3n cerebral traum\u00e1tica<\/a><\/li>\n<li><a href=\"https:\/\/oreskylaw.com\/es\/lesion\/abogados-de-lesiones-de-la-medula-espinal\/\">Lesi\u00f3n de la m\u00e9dula espinal<\/a><\/li>\n<li>Par\u00e1lisis<\/li>\n<\/ul>\n<\/div>\n<p>Las v\u00edctimas de colisiones por accidentes de velocidad pueden sufrir lesiones y discapacidades de por vida que disminuyen dr\u00e1sticamente su calidad de vida.<\/p>\n<h2>C\u00f3mo Lidiar con Conductores que Exceden la Velocidad en la Carretera<\/h2>\n<p>Los conductores que exceden la velocidad crean condiciones de tr\u00e1fico mortales y son un peligro potencial para todos en la carretera. Los siguientes consejos pueden ayudar al tratar con conductores agresivos que exceden la velocidad.<\/p>\n<ul>\n<li>Mantenga la calma si un conductor agresivo lo sigue de cerca y use su juicio con respecto a su velocidad<\/li>\n<li>Mantenga distancia del conductor que excede la velocidad si es posible. Es m\u00e1s probable que estos conductores pierdan el control de sus veh\u00edculos<\/li>\n<li>Permita que el conductor agresivo lo adelante si es posible<\/li>\n<\/ul>\n<p>Recuerde que exceder la velocidad es una forma de conducci\u00f3n agresiva y puede llevar a la ira en la carretera y otros escenarios peligrosos. Es mejor dar a los conductores que exceden la velocidad mucho espacio en las carreteras y evitarlos a toda costa.<\/p>\n<h2>Obtenga Ayuda de Oresky &amp; Associates, PLLC Despu\u00e9s de un Accidente de Velocidad en Queens, NY<\/h2>\n<p>En Oresky &amp; Associates, PLLC, nuestros abogados de accidentes automovil\u00edsticos cualificados y experimentados luchan por las v\u00edctimas de choques de coches en Queens y en toda la ciudad de New York. Vamos m\u00e1s all\u00e1 para conseguir que nuestros clientes la compensaci\u00f3n que merecen despu\u00e9s del trauma de un accidente.<\/p>\n<p>Su dolor f\u00edsico y emocional es suficientemente malo: no deber\u00eda tener que soportar tambi\u00e9n una carga financiera. Perm\u00edtanos ayudarlo con eso. No espere para empezar. New York limita el tiempo que tiene para presentar una reclamaci\u00f3n a <a href=\"https:\/\/www.nysenate.gov\/legislation\/laws\/CVP\/214\" target=\"_blank\" rel=\"nofollow noopener noreferrer\">tres a\u00f1os<\/a>, as\u00ed que llame hoy.<\/p>\n<p>Ll\u00e1menos hoy para reunirse con nuestros\u00a0<a href=\"https:\/\/oreskylaw.com\/es\/queens\/\">abogados de lesiones personales en Queens<\/a>. Su primera consulta es gratuita, y no debe nada a menos que obtengamos una compensaci\u00f3n financiera en su nombre.<\/p>\n","protected":false},"excerpt":{"rendered":"<p>Abogado de Accidentes de Choque trasero en Queens \u00bfUsted o un ser querido sufrieron lesiones en un accidente de velocidad en Queens, NY? Proteja sus intereses legales contactando o hablando con nuestros abogados de accidentes de velocidad en Queens en\u00a0Oresky &amp; Associates, PLLC\u00a0marcando al\u00a0(929) 305-0949. Durante m\u00e1s de 30 a\u00f1os, nuestro bufete de abogados de [&hellip;]<\/p>\n","protected":false},"author":9,"featured_media":0,"parent":19332,"menu_order":67,"comment_status":"closed","ping_status":"closed","template":"","meta":{"_acf_changed":false,"footnotes":""},"class_list":["post-19736","page","type-page","status-publish","hentry"],"acf":[],"yoast_head":"<!-- This site is optimized with the Yoast SEO plugin v27.3 - https:\/\/yoast.com\/product\/yoast-seo-wordpress\/ -->\n<title>Abogado de Accidentes de Exceso de Velocidad en Queens, NY - Oresky &amp; Associates, PLLC<\/title>\n<meta name=\"description\" content=\"\u00bfLesionado en un accidente por exceso de velocidad en Queens? Contacte a nuestro bufete de abogados para luchar por sus derechos. Obtenga compensaci\u00f3n.\" \/>\n<meta name=\"robots\" content=\"index, follow, max-snippet:-1, max-image-preview:large, max-video-preview:-1\" \/>\n<link rel=\"canonical\" href=\"https:\/\/oreskylaw.com\/es\/queens\/abogados-de-accidentes-por-exceso-de-velocidad\/\" \/>\n<meta property=\"og:locale\" content=\"es_ES\" \/>\n<meta property=\"og:type\" content=\"article\" \/>\n<meta property=\"og:title\" content=\"Abogado de Accidentes de Exceso de Velocidad en Queens, NY - Oresky &amp; Associates, PLLC\" \/>\n<meta property=\"og:description\" content=\"\u00bfLesionado en un accidente por exceso de velocidad en Queens? Contacte a nuestro bufete de abogados para luchar por sus derechos. Obtenga compensaci\u00f3n.\" \/>\n<meta property=\"og:url\" content=\"https:\/\/oreskylaw.com\/es\/queens\/abogados-de-accidentes-por-exceso-de-velocidad\/\" \/>\n<meta property=\"og:site_name\" content=\"Oresky &amp; Associates, PLLC\" \/>\n<meta property=\"article:publisher\" content=\"https:\/\/www.facebook.com\/Oreskylaw\/\" \/>\n<meta property=\"article:modified_time\" content=\"2026-01-31T10:53:46+00:00\" \/>\n<meta property=\"og:image\" content=\"https:\/\/oreskylaw.com\/wp-content\/uploads\/2026\/01\/How-Can-Oresky-Associates-PLLC-Help-After-a-Speeding-Accident-in-the-Bronx-NY.webp\" \/>\n\t<meta property=\"og:image:width\" content=\"300\" \/>\n\t<meta property=\"og:image:height\" content=\"200\" \/>\n\t<meta property=\"og:image:type\" content=\"image\/webp\" \/>\n<meta name=\"twitter:card\" content=\"summary_large_image\" \/>\n<meta name=\"twitter:site\" content=\"@JacobOreskyLaw\" \/>\n<meta name=\"twitter:label1\" content=\"Tiempo de lectura\" \/>\n\t<meta name=\"twitter:data1\" content=\"5 minutos\" \/>\n<!-- \/ Yoast SEO plugin. -->","yoast_head_json":{"title":"Abogado de Accidentes de Exceso de Velocidad en Queens, NY - Oresky & Associates, PLLC","description":"\u00bfLesionado en un accidente por exceso de velocidad en Queens? Contacte a nuestro bufete de abogados para luchar por sus derechos. Obtenga compensaci\u00f3n.","robots":{"index":"index","follow":"follow","max-snippet":"max-snippet:-1","max-image-preview":"max-image-preview:large","max-video-preview":"max-video-preview:-1"},"canonical":"https:\/\/oreskylaw.com\/es\/queens\/abogados-de-accidentes-por-exceso-de-velocidad\/","og_locale":"es_ES","og_type":"article","og_title":"Abogado de Accidentes de Exceso de Velocidad en Queens, NY - Oresky & Associates, PLLC","og_description":"\u00bfLesionado en un accidente por exceso de velocidad en Queens? Contacte a nuestro bufete de abogados para luchar por sus derechos. Obtenga compensaci\u00f3n.","og_url":"https:\/\/oreskylaw.com\/es\/queens\/abogados-de-accidentes-por-exceso-de-velocidad\/","og_site_name":"Oresky &amp; Associates, PLLC","article_publisher":"https:\/\/www.facebook.com\/Oreskylaw\/","article_modified_time":"2026-01-31T10:53:46+00:00","og_image":[{"width":300,"height":200,"url":"https:\/\/oreskylaw.com\/wp-content\/uploads\/2026\/01\/How-Can-Oresky-Associates-PLLC-Help-After-a-Speeding-Accident-in-the-Bronx-NY.webp","type":"image\/webp"}],"twitter_card":"summary_large_image","twitter_site":"@JacobOreskyLaw","twitter_misc":{"Tiempo de lectura":"5 minutos"},"schema":{"@context":"https:\/\/schema.org","@graph":[{"@type":"WebPage","@id":"https:\/\/oreskylaw.com\/es\/queens\/abogados-de-accidentes-por-exceso-de-velocidad\/","url":"https:\/\/oreskylaw.com\/es\/queens\/abogados-de-accidentes-por-exceso-de-velocidad\/","name":"Abogado de Accidentes de Exceso de Velocidad en Queens, NY - Oresky & Associates, PLLC","isPartOf":{"@id":"https:\/\/oreskylaw.com\/es\/#website"},"primaryImageOfPage":{"@id":"https:\/\/oreskylaw.com\/es\/queens\/abogados-de-accidentes-por-exceso-de-velocidad\/#primaryimage"},"image":{"@id":"https:\/\/oreskylaw.com\/es\/queens\/abogados-de-accidentes-por-exceso-de-velocidad\/#primaryimage"},"thumbnailUrl":"http:\/\/oreskylaw.com\/wp-content\/uploads\/2026\/01\/How-Can-Oresky-Associates-PLLC-Help-After-a-Speeding-Accident-in-the-Bronx-NY.webp","datePublished":"2025-12-10T06:01:47+00:00","dateModified":"2026-01-31T10:53:46+00:00","description":"\u00bfLesionado en un accidente por exceso de velocidad en Queens? Contacte a nuestro bufete de abogados para luchar por sus derechos. Obtenga compensaci\u00f3n.","breadcrumb":{"@id":"https:\/\/oreskylaw.com\/es\/queens\/abogados-de-accidentes-por-exceso-de-velocidad\/#breadcrumb"},"inLanguage":"es","potentialAction":[{"@type":"ReadAction","target":["https:\/\/oreskylaw.com\/es\/queens\/abogados-de-accidentes-por-exceso-de-velocidad\/"]}]},{"@type":"ImageObject","inLanguage":"es","@id":"https:\/\/oreskylaw.com\/es\/queens\/abogados-de-accidentes-por-exceso-de-velocidad\/#primaryimage","url":"http:\/\/oreskylaw.com\/wp-content\/uploads\/2026\/01\/How-Can-Oresky-Associates-PLLC-Help-After-a-Speeding-Accident-in-the-Bronx-NY.webp","contentUrl":"http:\/\/oreskylaw.com\/wp-content\/uploads\/2026\/01\/How-Can-Oresky-Associates-PLLC-Help-After-a-Speeding-Accident-in-the-Bronx-NY.webp"},{"@type":"BreadcrumbList","@id":"https:\/\/oreskylaw.com\/es\/queens\/abogados-de-accidentes-por-exceso-de-velocidad\/#breadcrumb","itemListElement":[{"@type":"ListItem","position":1,"name":"Inicio","item":"https:\/\/oreskylaw.com\/es\/"},{"@type":"ListItem","position":2,"name":"Queens","item":"https:\/\/oreskylaw.com\/es\/queens\/"},{"@type":"ListItem","position":3,"name":"Accidentes de Exceso de Velocidad"}]},{"@type":"WebSite","@id":"https:\/\/oreskylaw.com\/es\/#website","url":"https:\/\/oreskylaw.com\/es\/","name":"Oresky & Associates PLLC","description":"","publisher":{"@id":"https:\/\/oreskylaw.com\/es\/#organization"},"potentialAction":[{"@type":"SearchAction","target":{"@type":"EntryPoint","urlTemplate":"https:\/\/oreskylaw.com\/es\/?s={search_term_string}"},"query-input":{"@type":"PropertyValueSpecification","valueRequired":true,"valueName":"search_term_string"}}],"inLanguage":"es"}]}},"_links":{"self":[{"href":"https:\/\/oreskylaw.com\/es\/wp-json\/wp\/v2\/pages\/19736","targetHints":{"allow":["GET"]}}],"collection":[{"href":"https:\/\/oreskylaw.com\/es\/wp-json\/wp\/v2\/pages"}],"about":[{"href":"https:\/\/oreskylaw.com\/es\/wp-json\/wp\/v2\/types\/page"}],"author":[{"embeddable":true,"href":"https:\/\/oreskylaw.com\/es\/wp-json\/wp\/v2\/users\/9"}],"replies":[{"embeddable":true,"href":"https:\/\/oreskylaw.com\/es\/wp-json\/wp\/v2\/comments?post=19736"}],"version-history":[{"count":0,"href":"https:\/\/oreskylaw.com\/es\/wp-json\/wp\/v2\/pages\/19736\/revisions"}],"up":[{"embeddable":true,"href":"https:\/\/oreskylaw.com\/es\/wp-json\/wp\/v2\/pages\/19332"}],"wp:attachment":[{"href":"https:\/\/oreskylaw.com\/es\/wp-json\/wp\/v2\/media?parent=19736"}],"curies":[{"name":"wp","href":"https:\/\/api.w.org\/{rel}","templated":true}]}}