{"id":19748,"date":"2025-12-10T06:02:04","date_gmt":"2025-12-10T06:02:04","guid":{"rendered":"https:\/\/oreskylaw.com\/?page_id=19748"},"modified":"2026-01-31T10:55:45","modified_gmt":"2026-01-31T10:55:45","slug":"abogados-de-accidentes-de-instaladores-de-vapor","status":"publish","type":"page","link":"https:\/\/oreskylaw.com\/es\/queens\/abogados-de-accidentes-de-instaladores-de-vapor\/","title":{"rendered":"Abogado de Accidentes de Montador de Tuber\u00edas"},"content":{"rendered":"<h2>Abogado de Accidentes de Vaporistas en Queens<\/h2>\n<p>Trabajar en la instalaci\u00f3n y mantenimiento de sistemas de vapor puede ser una profesi\u00f3n peligrosa. Los vaporistas deben trabajar en espacios reducidos, levantar objetos y materiales pesados, usar herramientas peligrosas y subir escaleras. Adem\u00e1s, las tuber\u00edas en las que trabajan pueden transportar l\u00edquidos o gases peligrosos en un sistema de alta presi\u00f3n, lo que puede causar quemaduras y otras lesiones graves.<\/p>\n<p>Si usted ha sufrido un accidente como vaporista en Queens, NY, puede tener opciones legales para obtener compensaci\u00f3n. Un reclamo exitoso por compensaci\u00f3n de trabajadores o una reclamaci\u00f3n a terceros cubrir\u00e1n sus gastos m\u00e9dicos, salarios perdidos y otras p\u00e9rdidas. Sin embargo, tendr\u00e1 la mejor oportunidad de asegurar la m\u00e1xima compensaci\u00f3n con la ayuda de un experimentado abogado de accidentes de vaporistas en Queens de\u00a0<a href=\"https:\/\/oreskylaw.com\/es\/acerca-de-nosotros\/\">Oresky &amp; Associates, PLLC<\/a>. Nuestro equipo legal tiene m\u00e1s de 30 a\u00f1os de experiencia representando a trabajadores lesionados en toda la ciudad de New York. Hemos recuperado m\u00e1s de $400 millones en beneficios, acuerdos y premios judiciales para nuestros merecedores clientes.<\/p>\n<p><a href=\"https:\/\/oreskylaw.com\/es\/contacto\/\">Cont\u00e1ctenos<\/a>\u00a0al\u00a0<a href=\"tel:+19293050949\">(929) 305-0949<\/a>\u00a0o contacte nuestra oficina de abogados en Queens en l\u00ednea para una consulta gratuita para discutir su accidente de vaporista y lesiones.<\/p>\n<h2>\u00bfC\u00f3mo puede un abogado de accidentes de construcci\u00f3n en Queens ayudar si result\u00f3 lesionado mientras trabajaba como vaporista?<\/h2>\n<p><img loading=\"lazy\" decoding=\"async\" class=\"size-full wp-image-16399 alignleft\" src=\"https:\/\/oreskylaw.com\/wp-content\/uploads\/2026\/01\/After-a-Falling-Debris-Accident-in-the-Bronx-NY.webp\" alt=\"Bronx bridge construction site accident attorney\" width=\"300\" height=\"200\" \/>Ya sea que haya sido lesionado en un sitio de construcci\u00f3n o en otro lugar, entendemos las luchas financieras que enfrenta. Si est\u00e1 perdiendo trabajo debido a sus lesiones, es probable que sus gastos m\u00e9dicos y cuentas dom\u00e9sticas est\u00e9n acumul\u00e1ndose. Mientras usted se concentra en seguir el plan de tratamiento de su m\u00e9dico y en sanar, dejemos que nuestros abogados de accidentes de construcci\u00f3n en Queens manejen su batalla legal. Sabemos c\u00f3mo proteger a los trabajadores de NYC que resultaron lesionados en el trabajo y asegurarnos de que reciban la compensaci\u00f3n que necesitan. Si contrata a nuestros abogados de lesiones personales despu\u00e9s de un accidente de vaporista en Queens, New York, le ayudaremos:<\/p>\n<ul>\n<li>Escuchando lo que sucedi\u00f3 e investigando el incidente<\/li>\n<li>Evaluando todas las posibles fuentes de compensaci\u00f3n, incluyendo compensaci\u00f3n laboral y\/o una demanda por lesiones personales<\/li>\n<li>Recopilando la evidencia necesaria para probar sus lesiones y da\u00f1os<\/li>\n<li>Presentando todas las reclamaciones y correspondiendo con la Junta de Compensaci\u00f3n para los Trabajadores de NYS, la empresa de seguros y otras partes en su nombre<\/li>\n<li>Represent\u00e1ndolo en todas las audiencias y protegiendo sus derechos a una compensaci\u00f3n justa<\/li>\n<\/ul>\n<p>Contacte a nuestros abogados de accidentes laborales en Queens para una consulta inicial gratuita para discutir sus lesiones de vaporista y opciones legales.<\/p>\n<h2>\u00bfQu\u00e9 causa los accidentes de vaporistas en Queens, NY?<\/h2>\n<p>Los vaporistas y montadores de tuber\u00edas de Queens pueden lesionarse de muchas maneras, incluyendo:<\/p>\n<ul>\n<li>Tuber\u00edas que se\u00a0<a href=\"https:\/\/www.osha.gov\/ords\/imis\/accidentsearch.accident_detail?id=200371946\" target=\"_blank\" rel=\"nofollow noopener noreferrer\">rompen<\/a>\u00a0o filtran vapor, l\u00edquidos calientes o sustancias peligrosas (exposici\u00f3n a qu\u00edmicos t\u00f3xicos)<\/li>\n<li>Accidentes que involucran sopletes de soldadura, sierras, cortatubos y otras herramientas y m\u00e1quinas peligrosas<\/li>\n<li>Accidentes de zanja o excavaci\u00f3n<\/li>\n<li>Exposici\u00f3n a ruidos fuertes<\/li>\n<li><a href=\"https:\/\/oreskylaw.com\/es\/queens\/abogados-de-equipos-inseguros\/\">Equipos de trabajo inseguros o defectuosos<\/a><\/li>\n<li>Ca\u00eddas desde alturas, como gr\u00faas, escaleras, techos y\u00a0<a href=\"https:\/\/oreskylaw.com\/es\/queens\/abogados-de-accidentes-de-andamios\/\">andamios<\/a><\/li>\n<li>Exposici\u00f3n a condiciones clim\u00e1ticas extremas<\/li>\n<li>Explosiones<\/li>\n<li>Peligros el\u00e9ctricos<\/li>\n<li><a href=\"https:\/\/oreskylaw.com\/es\/queens\/abogados-de-caida-de-escombros\/\">Ca\u00edda de objetos o escombros<\/a>\u00a0en un lugar de trabajo<\/li>\n<li><a href=\"https:\/\/oreskylaw.com\/es\/queens\/abogados-de-equipos-inseguros\/\">Falta de equipo de seguridad adecuado<\/a>, como lentes, guantes, zapatos de seguridad, cascos y protecci\u00f3n auditiva<\/li>\n<\/ul>\n<p>Desafortunadamente, muchos accidentes de vaporistas son causados por la negligencia de alguien, lo que significa que muchas de las lesiones de los trabajadores podr\u00edan haberse evitado. El incumplimiento de las regulaciones de seguridad estatales y de OSHA y otros actos descuidados pueden llevar a quemaduras graves, fracturas, da\u00f1o nervioso, amputaciones y m\u00e1s.<\/p>\n<h2>\u00bfC\u00f3mo puedo obtener compensaci\u00f3n despu\u00e9s de un accidente de vaporista en Queens, New York?<\/h2>\n<p>Puede tener algunas opciones para buscar compensaci\u00f3n por sus lesiones de vaporista. A continuaci\u00f3n, discutimos posibles fuentes de recuperaci\u00f3n financiera.<\/p>\n<h3>Beneficios de la Compensaci\u00f3n para Trabajadores<\/h3>\n<p>La mayor\u00eda de los empleadores en New York deben tener un\u00a0<a href=\"https:\/\/www.nyc.gov\/nycbusiness\/description\/workers-compensation-insurance\" target=\"_blank\" rel=\"nofollow noopener noreferrer\">seguro de compensaci\u00f3n para trabajadores<\/a>\u00a0para empleados que resulten lesionados en el trabajo. Seg\u00fan este sistema, no es necesario demostrar negligencia para recibir beneficios. A cambio de estos beneficios sin culpa, generalmente no puede demandar a su empleador.<\/p>\n<p>Cuando presenta un reclamo de compensaci\u00f3n laboral, puede tener derecho a los siguientes\u00a0<a href=\"https:\/\/www.wcb.ny.gov\/content\/main\/Workers\/lp_benefits.jsp\" target=\"_blank\" rel=\"nofollow noopener noreferrer\">beneficios<\/a>:<\/p>\n<ul>\n<li>Beneficios m\u00e9dicos, que incluyen atenci\u00f3n de emergencia, estancias hospitalarias, pruebas diagn\u00f3sticas, medicamentos<\/li>\n<li>Beneficios de salarios perdidos si est\u00e1 parcial o totalmente discapacitado y no puede trabajar<\/li>\n<li>Beneficios para sobrevivientes si perdi\u00f3 a un ser querido en un accidente de vaporista<\/li>\n<\/ul>\n<p>Los beneficios de compensaci\u00f3n laboral en NY est\u00e1n limitados. Por ejemplo, solo puede recuperar una parte de sus salarios perdidos, y no recibir\u00e1 nada por cosas como dolor y sufrimiento.<\/p>\n<h3>Demanda por Lesiones Personales<\/h3>\n<p>Si su empleador no tiene cobertura de compensaci\u00f3n laboral o un tercero caus\u00f3 su accidente de vaporista, es posible que pueda presentar una demanda por lesiones personales. Sin embargo, a diferencia del sistema de compensaci\u00f3n laboral, debe demostrar negligencia para recuperar da\u00f1os.<\/p>\n<p>Los posibles terceros en un reclamo por accidente de vaporista incluyen:<\/p>\n<ul>\n<li>Contratistas<\/li>\n<li>Subcontratistas<\/li>\n<li>Propietarios de propiedades<\/li>\n<li>Fabricantes de tuber\u00edas defectuosas, maquinaria o equipo<\/li>\n<li>Ingenieros<\/li>\n<\/ul>\n<p>Si puede demostrar que otra parte caus\u00f3 negligentemente sus lesiones como vaporista en Queens, puede buscar da\u00f1os econ\u00f3micos y no econ\u00f3micos. Por ejemplo, puede solicitar compensaci\u00f3n por sus costos m\u00e9dicos, todos los ingresos perdidos, disminuci\u00f3n de la calidad de vida y m\u00e1s.<\/p>\n<p>Nuestros abogados de accidentes de vaporistas en Queens identificar\u00e1n y luchar\u00e1n por cada posible fuente de compensaci\u00f3n en su caso.<\/p>\n    <div class=\"cw-cta-box\">\n        <div class=\"cw-cta-box__inner \">\n            <div class=\"cw-cta-box__info\">\n                                    <div class=\"label\">\u00a1Llame ahora!<\/div>\n                            <\/div>\n                            <div class=\"contact-phone\">\n                    <a href=\"tel:7189939999\"\n                        aria-label=\"Tap to call button\">\n                        718-993-9999                    <\/a>\n                <\/div>\n                    <\/div>\n                    <a href=\"\/es\/contacto\/\"\n               class=\"cta-btn btn btn--primary btn\"\n               target=\"\">\n                Obtenga Una Consulta Gratuita            <\/a>\n            <\/div>\n    \n<h2>Llame a Nuestros Abogados de Accidentes de Vaporistas en Queens para una Evaluaci\u00f3n Gratuita de su Caso<\/h2>\n<p>\u00bfFue usted lesionado en un accidente de vaporista en Queens, New York? Si es as\u00ed, contacte a Oresky &amp; Associates, PLLC para hablar con un abogado con experiencia. Nuestros abogados de lesiones de vaporistas en Queens est\u00e1n listos para ayudarlo a obtener la compensaci\u00f3n que necesita por las p\u00e9rdidas que ha sufrido. Llame ahora para una consulta gratuita para ver c\u00f3mo podemos ayudar.<\/p>\n","protected":false},"excerpt":{"rendered":"<p>Abogado de Accidentes de Vaporistas en Queens Trabajar en la instalaci\u00f3n y mantenimiento de sistemas de vapor puede ser una profesi\u00f3n peligrosa. Los vaporistas deben trabajar en espacios reducidos, levantar objetos y materiales pesados, usar herramientas peligrosas y subir escaleras. Adem\u00e1s, las tuber\u00edas en las que trabajan pueden transportar l\u00edquidos o gases peligrosos en un [&hellip;]<\/p>\n","protected":false},"author":9,"featured_media":0,"parent":19332,"menu_order":71,"comment_status":"closed","ping_status":"closed","template":"","meta":{"_acf_changed":false,"footnotes":""},"class_list":["post-19748","page","type-page","status-publish","hentry"],"acf":[],"yoast_head":"<!-- This site is optimized with the Yoast SEO plugin v27.3 - https:\/\/yoast.com\/product\/yoast-seo-wordpress\/ -->\n<title>Abogado de Accidentes para Montadores de Tuber\u00edas en Queens - Oresky &amp; Associates, PLLC<\/title>\n<meta name=\"description\" content=\"\u00bfSufri\u00f3 lesiones en un accidente de tuber\u00eda en Queens? Llame a Oresky &amp; Associates para hablar con un abogado experto en accidentes de construcci\u00f3n.\" \/>\n<meta name=\"robots\" content=\"index, follow, max-snippet:-1, max-image-preview:large, max-video-preview:-1\" \/>\n<link rel=\"canonical\" href=\"https:\/\/oreskylaw.com\/es\/queens\/abogados-de-accidentes-de-instaladores-de-vapor\/\" \/>\n<meta property=\"og:locale\" content=\"es_ES\" \/>\n<meta property=\"og:type\" content=\"article\" \/>\n<meta property=\"og:title\" content=\"Abogado de Accidentes para Montadores de Tuber\u00edas en Queens - Oresky &amp; Associates, PLLC\" \/>\n<meta property=\"og:description\" content=\"\u00bfSufri\u00f3 lesiones en un accidente de tuber\u00eda en Queens? Llame a Oresky &amp; Associates para hablar con un abogado experto en accidentes de construcci\u00f3n.\" \/>\n<meta property=\"og:url\" content=\"https:\/\/oreskylaw.com\/es\/queens\/abogados-de-accidentes-de-instaladores-de-vapor\/\" \/>\n<meta property=\"og:site_name\" content=\"Oresky &amp; Associates, PLLC\" \/>\n<meta property=\"article:publisher\" content=\"https:\/\/www.facebook.com\/Oreskylaw\/\" \/>\n<meta property=\"article:modified_time\" content=\"2026-01-31T10:55:45+00:00\" \/>\n<meta property=\"og:image\" content=\"https:\/\/oreskylaw.com\/wp-content\/uploads\/2026\/01\/After-a-Falling-Debris-Accident-in-the-Bronx-NY.webp\" \/>\n\t<meta property=\"og:image:width\" content=\"300\" \/>\n\t<meta property=\"og:image:height\" content=\"200\" \/>\n\t<meta property=\"og:image:type\" content=\"image\/webp\" \/>\n<meta name=\"twitter:card\" content=\"summary_large_image\" \/>\n<meta name=\"twitter:site\" content=\"@JacobOreskyLaw\" \/>\n<meta name=\"twitter:label1\" content=\"Tiempo de lectura\" \/>\n\t<meta name=\"twitter:data1\" content=\"5 minutos\" \/>\n<!-- \/ Yoast SEO plugin. -->","yoast_head_json":{"title":"Abogado de Accidentes para Montadores de Tuber\u00edas en Queens - Oresky & Associates, PLLC","description":"\u00bfSufri\u00f3 lesiones en un accidente de tuber\u00eda en Queens? Llame a Oresky & Associates para hablar con un abogado experto en accidentes de construcci\u00f3n.","robots":{"index":"index","follow":"follow","max-snippet":"max-snippet:-1","max-image-preview":"max-image-preview:large","max-video-preview":"max-video-preview:-1"},"canonical":"https:\/\/oreskylaw.com\/es\/queens\/abogados-de-accidentes-de-instaladores-de-vapor\/","og_locale":"es_ES","og_type":"article","og_title":"Abogado de Accidentes para Montadores de Tuber\u00edas en Queens - Oresky & Associates, PLLC","og_description":"\u00bfSufri\u00f3 lesiones en un accidente de tuber\u00eda en Queens? Llame a Oresky & Associates para hablar con un abogado experto en accidentes de construcci\u00f3n.","og_url":"https:\/\/oreskylaw.com\/es\/queens\/abogados-de-accidentes-de-instaladores-de-vapor\/","og_site_name":"Oresky &amp; Associates, PLLC","article_publisher":"https:\/\/www.facebook.com\/Oreskylaw\/","article_modified_time":"2026-01-31T10:55:45+00:00","og_image":[{"width":300,"height":200,"url":"https:\/\/oreskylaw.com\/wp-content\/uploads\/2026\/01\/After-a-Falling-Debris-Accident-in-the-Bronx-NY.webp","type":"image\/webp"}],"twitter_card":"summary_large_image","twitter_site":"@JacobOreskyLaw","twitter_misc":{"Tiempo de lectura":"5 minutos"},"schema":{"@context":"https:\/\/schema.org","@graph":[{"@type":"WebPage","@id":"https:\/\/oreskylaw.com\/es\/queens\/abogados-de-accidentes-de-instaladores-de-vapor\/","url":"https:\/\/oreskylaw.com\/es\/queens\/abogados-de-accidentes-de-instaladores-de-vapor\/","name":"Abogado de Accidentes para Montadores de Tuber\u00edas en Queens - Oresky & Associates, PLLC","isPartOf":{"@id":"https:\/\/oreskylaw.com\/es\/#website"},"primaryImageOfPage":{"@id":"https:\/\/oreskylaw.com\/es\/queens\/abogados-de-accidentes-de-instaladores-de-vapor\/#primaryimage"},"image":{"@id":"https:\/\/oreskylaw.com\/es\/queens\/abogados-de-accidentes-de-instaladores-de-vapor\/#primaryimage"},"thumbnailUrl":"https:\/\/oreskylaw.com\/wp-content\/uploads\/2026\/01\/After-a-Falling-Debris-Accident-in-the-Bronx-NY.webp","datePublished":"2025-12-10T06:02:04+00:00","dateModified":"2026-01-31T10:55:45+00:00","description":"\u00bfSufri\u00f3 lesiones en un accidente de tuber\u00eda en Queens? Llame a Oresky & Associates para hablar con un abogado experto en accidentes de construcci\u00f3n.","breadcrumb":{"@id":"https:\/\/oreskylaw.com\/es\/queens\/abogados-de-accidentes-de-instaladores-de-vapor\/#breadcrumb"},"inLanguage":"es","potentialAction":[{"@type":"ReadAction","target":["https:\/\/oreskylaw.com\/es\/queens\/abogados-de-accidentes-de-instaladores-de-vapor\/"]}]},{"@type":"ImageObject","inLanguage":"es","@id":"https:\/\/oreskylaw.com\/es\/queens\/abogados-de-accidentes-de-instaladores-de-vapor\/#primaryimage","url":"https:\/\/oreskylaw.com\/wp-content\/uploads\/2026\/01\/After-a-Falling-Debris-Accident-in-the-Bronx-NY.webp","contentUrl":"https:\/\/oreskylaw.com\/wp-content\/uploads\/2026\/01\/After-a-Falling-Debris-Accident-in-the-Bronx-NY.webp"},{"@type":"BreadcrumbList","@id":"https:\/\/oreskylaw.com\/es\/queens\/abogados-de-accidentes-de-instaladores-de-vapor\/#breadcrumb","itemListElement":[{"@type":"ListItem","position":1,"name":"Inicio","item":"https:\/\/oreskylaw.com\/es\/"},{"@type":"ListItem","position":2,"name":"Queens","item":"https:\/\/oreskylaw.com\/es\/queens\/"},{"@type":"ListItem","position":3,"name":"Abogado de Accidentes de Montador de Tuber\u00edas"}]},{"@type":"WebSite","@id":"https:\/\/oreskylaw.com\/es\/#website","url":"https:\/\/oreskylaw.com\/es\/","name":"Oresky & Associates PLLC","description":"","publisher":{"@id":"https:\/\/oreskylaw.com\/es\/#organization"},"potentialAction":[{"@type":"SearchAction","target":{"@type":"EntryPoint","urlTemplate":"https:\/\/oreskylaw.com\/es\/?s={search_term_string}"},"query-input":{"@type":"PropertyValueSpecification","valueRequired":true,"valueName":"search_term_string"}}],"inLanguage":"es"}]}},"_links":{"self":[{"href":"https:\/\/oreskylaw.com\/es\/wp-json\/wp\/v2\/pages\/19748","targetHints":{"allow":["GET"]}}],"collection":[{"href":"https:\/\/oreskylaw.com\/es\/wp-json\/wp\/v2\/pages"}],"about":[{"href":"https:\/\/oreskylaw.com\/es\/wp-json\/wp\/v2\/types\/page"}],"author":[{"embeddable":true,"href":"https:\/\/oreskylaw.com\/es\/wp-json\/wp\/v2\/users\/9"}],"replies":[{"embeddable":true,"href":"https:\/\/oreskylaw.com\/es\/wp-json\/wp\/v2\/comments?post=19748"}],"version-history":[{"count":0,"href":"https:\/\/oreskylaw.com\/es\/wp-json\/wp\/v2\/pages\/19748\/revisions"}],"up":[{"embeddable":true,"href":"https:\/\/oreskylaw.com\/es\/wp-json\/wp\/v2\/pages\/19332"}],"wp:attachment":[{"href":"https:\/\/oreskylaw.com\/es\/wp-json\/wp\/v2\/media?parent=19748"}],"curies":[{"name":"wp","href":"https:\/\/api.w.org\/{rel}","templated":true}]}}