{"id":19760,"date":"2025-12-10T06:02:20","date_gmt":"2025-12-10T06:02:20","guid":{"rendered":"https:\/\/oreskylaw.com\/?page_id=19760"},"modified":"2026-01-31T10:59:18","modified_gmt":"2026-01-31T10:59:18","slug":"abogados-de-accidentes-de-metro","status":"publish","type":"page","link":"https:\/\/oreskylaw.com\/es\/queens\/abogados-de-accidentes-de-metro\/","title":{"rendered":"Abogado de Accidentes de Metro"},"content":{"rendered":"<p>\u00bfTe has lesionado recientemente en un accidente en el metro en Queens, NY? Tanto si te atropell\u00f3 un tren como si resultaste herido como pasajero, puedes tener derecho a una indemnizaci\u00f3n por tus lesiones y sufrimiento. Los abogados expertos en accidentes de metro en Queens de\u00a0<a href=\"https:\/\/oreskylaw.com\/es\/acerca-de-nosotros\/\">Oresky &amp; Associates, PLLC<\/a>\u00a0pueden ayudarte a maximizar tu compensaci\u00f3n econ\u00f3mica.<\/p>\n<p>Desde 2012, nuestros aclamados abogados litigantes han ayudado a v\u00edctimas de lesiones en Queens y en toda la ciudad de New York a ganar cientos de millones de d\u00f3lares. Entendemos lo importante que es para ti ganar tu caso y lucharemos incansablemente para que as\u00ed sea.<\/p>\n<p>Ponte en\u00a0<a href=\"https:\/\/oreskylaw.com\/es\/contacto\/\">contacto<\/a>\u00a0con nuestro despacho de abogados en Queens, New York al\u00a0<a href=\"tel:+19293050949\">(929) 305-0949<\/a>, para obtener m\u00e1s informaci\u00f3n. Ofrecemos una evaluaci\u00f3n gratuita de tu caso, as\u00ed que no dudes en llamarnos para concertar una cita hoy mismo.<\/p>\n<h2>\u00bfC\u00f3mo pueden ayudarte nuestros abogados de lesiones personales de Queens tras un accidente de metro?<\/h2>\n<p>El metro es una forma maravillosa de moverse por Queens y otras localidades de New York, pero no siempre es la m\u00e1s segura. Y cuando hay un accidente, puede ser dif\u00edcil saber por qu\u00e9 ocurri\u00f3 y qui\u00e9n tiene la culpa. Cuando est\u00e1s luchando contra lesiones graves, no deber\u00edas tener que preocuparte por estas cosas.<\/p>\n<p>Cuando pidas ayuda a nuestros\u00a0<a href=\"https:\/\/oreskylaw.com\/es\/queens\/\">abogados de lesiones personales de Queens<\/a>, nos ocuparemos de tu lucha por una indemnizaci\u00f3n. Tendr\u00e1s la oportunidad que necesitas y mereces de concentrarte en tu salud mental y tu recuperaci\u00f3n f\u00edsica.<\/p>\n<p>Nuestros galardonados abogados se ocupar\u00e1n de todos los aspectos de tu caso de lesiones en el metro de New York:<\/p>\n<ul>\n<li>Reunir pruebas, incluidas grabaciones de v\u00eddeo, fotograf\u00edas del lugar del accidente y de tus lesiones, informes de accidentes, declaraciones de testigos, registros de mantenimiento, etc.<\/li>\n<li>Investigar el accidente de metro para averiguar las causas y qui\u00e9n es responsable.<\/li>\n<li>Obtener informes de los organismos de investigaci\u00f3n locales, estatales y\/o federales que hayan investigado el accidente (si procede)<\/li>\n<li>Reclamar una indemnizaci\u00f3n a quien comparta la responsabilidad de tus lesiones<\/li>\n<li>Negociar en tu nombre con la Autoridad Metropolitana de Tr\u00e1nsito (ATM), las compa\u00f1\u00edas de seguros y otras partes.<\/li>\n<\/ul>\n<p>Si no te ofrecen un acuerdo justo, nuestros respetados abogados litigantes estar\u00e1n preparados para llevar tu caso a los tribunales. Somos duros negociadores, pero hacemos nuestro mejor trabajo en los tribunales. Nuestro objetivo es conseguirte el mejor resultado, sin importar el tiempo, los recursos y la mano de obra necesarios.<\/p>\n<p>Nuestros abogados de accidentes de metro trabajan con honorarios condicionales, por lo que contratar a nuestro despacho no te supondr\u00e1 ning\u00fan costo por adelantado y obtendr\u00e1s la representaci\u00f3n legal de primera clase que te mereces. Ll\u00e1manos ahora para concertar una cita gratuita.<\/p>\n<h2>\u00bfSon frecuentes los accidentes de metro?<\/h2>\n<p>Solo en el distrito de Queens hay al menos 81 estaciones de metro. Dan servicio al menos a 11 l\u00edneas de metro diferentes. El sistema de metro de la MTA mueve a decenas de miles de personas por el distrito cada d\u00eda y los accidentes, en consecuencia, no son infrecuentes.<\/p>\n<p>En 2020, hubo al menos 169 accidentes en los que se vieron implicados trenes y personas. Un total de 63 de esos accidentes fueron mortales. Esto ocurri\u00f3 durante un a\u00f1o en el que el n\u00famero de pasajeros disminuy\u00f3 y la gente tambi\u00e9n evit\u00f3 activamente el transporte p\u00fablico por la pandemia.<\/p>\n<p>En 2021, casi 50 personas murieron en colisiones con el metro en los ocho primeros meses del a\u00f1o.<\/p>\n<p>Adem\u00e1s, miles m\u00e1s sufren lesiones en accidentes de trenes de metro sin que ocurran choques o descarrilamientos.<\/p>\n<h2>\u00bfQu\u00e9 causa la mayor\u00eda de los accidentes de trenes de metro en Queens?<\/h2>\n<p>El metro es un medio de transporte muy popular en Queens. Sin embargo, como cualquier medio de transporte en el que pones tu propia seguridad en manos de otra persona, no siempre es el m\u00e1s seguro. Aunque la Autoridad Metropolitana de Tr\u00e1nsito est\u00e1 regulada por leyes federales y estatales y los operadores de los vagones de metro reciben una amplia capacitaci\u00f3n, siguen ocurriendo accidentes.<\/p>\n<p>Lo m\u00e1s frecuente es que los accidentes de metro sean consecuencia de:<\/p>\n<ul>\n<li>Negligencia del operador y error humano (exceso de velocidad, distracci\u00f3n, drogas y alcohol, decisiones imprudentes, no se\u00f1alizar o no aplicar los frenos).<\/li>\n<li>Mal funcionamiento o defecto del tren<\/li>\n<li>Contrataci\u00f3n negligente<\/li>\n<li>Pasajeros imprudentes<\/li>\n<li>Defectos en las v\u00edas<\/li>\n<li>Mantenimiento inadecuado de trenes o v\u00edas<\/li>\n<li>Condiciones peligrosas y riesgos en las estaciones de metro de Queens<\/li>\n<li>Suicidios (intrusos)<\/li>\n<\/ul>\n<p>Cuando se produce un accidente de metro -ya sea con un tren, relacionado con un tren o en una estaci\u00f3n de metro- es importante identificar todas las causas posibles. Por eso nuestros abogados evaluar\u00e1n cuidadosamente tu accidente y reunir\u00e1n cualquier prueba que pueda ser relevante. Trabajaremos duro para reconstruir la situaci\u00f3n, identificar las causas y emprender acciones legales contra quienes hayan contribuido.<\/p>\n    <div class=\"cw-cta-box\">\n        <div class=\"cw-cta-box__inner \">\n            <div class=\"cw-cta-box__info\">\n                                    <div class=\"label\">\u00a1Llame ahora!<\/div>\n                            <\/div>\n                            <div class=\"contact-phone\">\n                    <a href=\"tel:7189939999\"\n                        aria-label=\"Tap to call button\">\n                        718-993-9999                    <\/a>\n                <\/div>\n                    <\/div>\n                    <a href=\"\/es\/contacto\/\"\n               class=\"cta-btn btn btn--primary btn\"\n               target=\"\">\n                Obtenga Una Consulta Gratuita            <\/a>\n            <\/div>\n    \n<h2>\u00bfCu\u00e1nto dinero vale mi caso de accidente de metro?<\/h2>\n<p>No hay dos casos de lesiones por accidente de metro iguales. Cada accidente es distinto, y cada v\u00edctima tambi\u00e9n. Por eso, el valor puede variar significativamente de un caso a otro.<\/p>\n<p>Para saber cu\u00e1nto puede valer tu caso, debes tener en cuenta una serie de factores distintos.<\/p>\n<p>Entre ellos est\u00e1n:<\/p>\n<ul>\n<li>El alcance de tus lesiones<\/li>\n<li>C\u00f3mo afectar\u00e1n tus lesiones a tu vida a largo plazo<\/li>\n<li>Si todav\u00eda puedes trabajar y mantenerte econ\u00f3micamente<\/li>\n<li>El trauma y la angustia que has experimentado a causa del accidente de metro<\/li>\n<li>Si el accidente ha provocado el empeoramiento de alg\u00fan trastorno m\u00e9dico preexistente<\/li>\n<li>Si compartes alguna culpa o responsabilidad por el accidente<\/li>\n<\/ul>\n<p>Cuanto m\u00e1s catastr\u00f3ficas sean las lesiones, m\u00e1s suele valer un caso de lesiones personales. Sin embargo, no subestimes tu caso solo porque tus lesiones no pongan en peligro tu vida. Incluso las lesiones y traumatismos moderados pueden causar dolor y cambiar fundamentalmente el curso de tu vida para siempre.<\/p>\n<p>Habla con nuestros abogados expertos en lesiones personales de Queens para discutir los detalles de tu demanda por lesiones en el metro. Revisaremos los hechos, evaluaremos las pruebas disponibles y te daremos una orientaci\u00f3n preliminar sobre la cantidad de dinero que potencialmente podr\u00edas obtener por tus lesiones. Ll\u00e1manos ahora para concertar una cita para evaluar tu caso de forma gratuita.<\/p>\n<h2>\u00bfQu\u00e9 indemnizaci\u00f3n puedo obtener si he sufrido lesiones en un accidente de metro en Queens, New York?<\/h2>\n<p>Tanto si has sufrido un accidente por resbal\u00f3n y ca\u00edda en una estaci\u00f3n de metro de Queens como si te has lesionado a bordo de un vag\u00f3n de metro, puedes obtener una indemnizaci\u00f3n por da\u00f1os y perjuicios\u00a0<a href=\"https:\/\/oreskylaw.com\/es\/blog\/lesiones-personales-danos-economicos\/\">econ\u00f3micos<\/a>\u00a0y no econ\u00f3micos.<\/p>\n<h3>Da\u00f1os Econ\u00f3micos<\/h3>\n<p>Los da\u00f1os econ\u00f3micos se pagan para compensar los costos monetarios de tu accidente de metro, como por ejemplo:<\/p>\n<div class=\"row\">\n<ul class=\"col-xl-6\">\n<li>Hospitalizaci\u00f3n<\/li>\n<li>Cirug\u00eda<\/li>\n<li>Atenci\u00f3n m\u00e9dica continuada y facturas m\u00e9dicas<\/li>\n<li>Rehabilitaci\u00f3n<\/li>\n<\/ul>\n<ul class=\"col-xl-6\">\n<li>Terapia<\/li>\n<li>Salarios perdidos<\/li>\n<li>Prestaciones perdidas<\/li>\n<li>Cuidados y asistencia de enfermer\u00eda<\/li>\n<\/ul>\n<\/div>\n<h3>Da\u00f1os No Econ\u00f3micos<\/h3>\n<p>Los da\u00f1os no econ\u00f3micos se conceden para compensar los costos de un descarrilamiento o colisi\u00f3n de metro que no tienen un valor econ\u00f3mico determinado, como por ejemplo<\/p>\n<div class=\"row\">\n<ul class=\"col-xl-6\">\n<li>Dolor y sufrimiento<\/li>\n<li>Desfiguraci\u00f3n<\/li>\n<li>P\u00e9rdida de calidad de vida<\/li>\n<\/ul>\n<ul class=\"col-xl-6\">\n<li>Verg\u00fcenza<\/li>\n<li>Trastorno de estr\u00e9s postraum\u00e1tico (TEPT)<\/li>\n<\/ul>\n<\/div>\n<p>Si hay pruebas claras y convincentes de que el demandado actu\u00f3 con malicia o mostr\u00f3 una indiferencia temeraria por tu seguridad, tambi\u00e9n puede haber da\u00f1os punitivos.<\/p>\n<h2>Los accidentes de metro pueden provocar lesiones graves y mortales<\/h2>\n<p>Decenas de personas mueren cada a\u00f1o en accidentes de metro en New York. Miles m\u00e1s sufren lesiones en resbalones, ca\u00eddas y accidentes a bordo de los trenes de cercan\u00edas. Sea cual sea el alcance de tus lesiones, Oresky &amp; Associates, PLLC estar\u00e1 ah\u00ed para ayudarte a luchar por conseguir una indemnizaci\u00f3n.<\/p>\n<p>Ll\u00e1manos para que te ayudemos si, tras un accidente de metro en Queen, has sufrido:<\/p>\n<div class=\"row\">\n<ul class=\"col-xl-6\">\n<li>Huesos rotos<\/li>\n<li>Quemaduras<\/li>\n<li>Lesi\u00f3n cerebral traum\u00e1tica<\/li>\n<li>Amputaci\u00f3n<\/li>\n<li>Lesi\u00f3n nerviosa<\/li>\n<li>Lesi\u00f3n por aplastamiento<\/li>\n<li>Traumatismo ocular o facial<\/li>\n<li>P\u00e9rdida de visi\u00f3n o audici\u00f3n<\/li>\n<\/ul>\n<ul class=\"col-xl-6\">\n<li>Ac\u00fafenos<\/li>\n<li>Conmoci\u00f3n cerebral<\/li>\n<li>Latigazo cervical<\/li>\n<li>Lesi\u00f3n cervical<\/li>\n<li>Lesi\u00f3n medular<\/li>\n<li>Lesi\u00f3n de espalda<\/li>\n<li>Da\u00f1os en tejidos blandos<\/li>\n<li>Muerte por negligencia de un ser querido, y mucho m\u00e1s.<\/li>\n<\/ul>\n<\/div>\n<p>Busca siempre asistencia m\u00e9dica inmediatamente despu\u00e9s de un accidente de metro en Queens. Un tratamiento r\u00e1pido puede reducir significativamente el riesgo de complicaciones o muerte.<\/p>\n<p>Adem\u00e1s, cuanto menos tiempo pase entre el accidente y la documentaci\u00f3n formal de tus lesiones, mejor. No querr\u00e1s dar a nadie una raz\u00f3n para argumentar que tus lesiones no tienen relaci\u00f3n con el accidente o que han empeorado en el tiempo transcurrido entre que ocurri\u00f3 el accidente y buscaste tratamiento m\u00e9dico.<\/p>\n<h2>\u00bfDe cu\u00e1nto tiempo dispongo para presentar una demanda por accidente de metro en Queens, New York?<\/h2>\n<p>Normalmente, el plazo de prescripci\u00f3n de las demandas por lesiones personales en el Estado de New York es de tres a\u00f1os. Sin embargo, las cosas funcionan de forma algo diferente cuando est\u00e1 implicada una agencia gubernamental como la MTA. En muchos casos de accidentes de metro, solo tienes 90 d\u00edas para presentar una reclamaci\u00f3n administrativa especial ante el organismo p\u00fablico.<\/p>\n<p>Una vez hecho esto, conservar\u00e1s el derecho a presentar una demanda civil en el plazo de tres a\u00f1os si la MTA y t\u00fa no consiguen resolver el conflicto.<\/p>\n<p>Ten en cuenta que los accidentes mortales de metro est\u00e1n sujetos a un plazo de prescripci\u00f3n de dos a\u00f1os.<\/p>\n<p>Si no cumples el plazo de prescripci\u00f3n aplicable a tu caso, renunciar\u00e1s al derecho a presentar una demanda y obtener el dinero que mereces.<\/p>\n<h2>Programa hoy una consulta gratuita con un abogado de accidentes de metro en Queens<\/h2>\n<p>No permitas que la MTA, su compa\u00f1\u00eda de seguros o terceros negligentes te presionen para que te conformes con menos. Lucha para conseguir toda la indemnizaci\u00f3n que mereces tras un devastador accidente en el metro de Queens. Mejor a\u00fan, permite que los\u00a0<a href=\"https:\/\/oreskylaw.com\/es\/\">abogados de accidentes<\/a>\u00a0de metro en Queens de Oresky &amp; Associates, PLLC luchen por ti.<\/p>\n<p>Hemos ganado m\u00e1s de 400 millones de d\u00f3lares (y seguimos sumando) para nuestros clientes, y estamos dispuestos a trabajar duro para conseguir los mejores resultados para ti. Pon m\u00e1s de 30 a\u00f1os de experiencia de tu lado. Llama a nuestro despacho para obtener m\u00e1s informaci\u00f3n. Tu primera consulta, como siempre, es 100% gratuita.<\/p>\n","protected":false},"excerpt":{"rendered":"<p>\u00bfTe has lesionado recientemente en un accidente en el metro en Queens, NY? Tanto si te atropell\u00f3 un tren como si resultaste herido como pasajero, puedes tener derecho a una indemnizaci\u00f3n por tus lesiones y sufrimiento. Los abogados expertos en accidentes de metro en Queens de\u00a0Oresky &amp; Associates, PLLC\u00a0pueden ayudarte a maximizar tu compensaci\u00f3n econ\u00f3mica. [&hellip;]<\/p>\n","protected":false},"author":9,"featured_media":0,"parent":19332,"menu_order":72,"comment_status":"closed","ping_status":"closed","template":"","meta":{"_acf_changed":false,"footnotes":""},"class_list":["post-19760","page","type-page","status-publish","hentry"],"acf":[],"yoast_head":"<!-- This site is optimized with the Yoast SEO plugin v27.3 - https:\/\/yoast.com\/product\/yoast-seo-wordpress\/ -->\n<title>Abogado de Accidentes de Metro en Queens - Oresky &amp; Associates, PLLC<\/title>\n<meta name=\"description\" content=\"\u00bfLesionado en un accidente de metro en Queens? Mereces una compensaci\u00f3n. Nuestros abogados expertos luchar\u00e1n por ti. Contacte a Oresky &amp; Associates, PLLC hoy.\" \/>\n<meta name=\"robots\" content=\"index, follow, max-snippet:-1, max-image-preview:large, max-video-preview:-1\" \/>\n<link rel=\"canonical\" href=\"https:\/\/oreskylaw.com\/es\/queens\/abogados-de-accidentes-de-metro\/\" \/>\n<meta property=\"og:locale\" content=\"es_ES\" \/>\n<meta property=\"og:type\" content=\"article\" \/>\n<meta property=\"og:title\" content=\"Abogado de Accidentes de Metro en Queens - Oresky &amp; Associates, PLLC\" \/>\n<meta property=\"og:description\" content=\"\u00bfLesionado en un accidente de metro en Queens? Mereces una compensaci\u00f3n. Nuestros abogados expertos luchar\u00e1n por ti. Contacte a Oresky &amp; Associates, PLLC hoy.\" \/>\n<meta property=\"og:url\" content=\"https:\/\/oreskylaw.com\/es\/queens\/abogados-de-accidentes-de-metro\/\" \/>\n<meta property=\"og:site_name\" content=\"Oresky &amp; Associates, PLLC\" \/>\n<meta property=\"article:publisher\" content=\"https:\/\/www.facebook.com\/Oreskylaw\/\" \/>\n<meta property=\"article:modified_time\" content=\"2026-01-31T10:59:18+00:00\" \/>\n<meta property=\"og:image\" content=\"https:\/\/oreskylaw.com\/wp-content\/uploads\/2026\/01\/oresky-team-careers.png\" \/>\n\t<meta property=\"og:image:width\" content=\"995\" \/>\n\t<meta property=\"og:image:height\" content=\"617\" \/>\n\t<meta property=\"og:image:type\" content=\"image\/png\" \/>\n<meta name=\"twitter:card\" content=\"summary_large_image\" \/>\n<meta name=\"twitter:site\" content=\"@JacobOreskyLaw\" \/>\n<meta name=\"twitter:label1\" content=\"Tiempo de lectura\" \/>\n\t<meta name=\"twitter:data1\" content=\"8 minutos\" \/>\n<!-- \/ Yoast SEO plugin. -->","yoast_head_json":{"title":"Abogado de Accidentes de Metro en Queens - Oresky & Associates, PLLC","description":"\u00bfLesionado en un accidente de metro en Queens? Mereces una compensaci\u00f3n. Nuestros abogados expertos luchar\u00e1n por ti. Contacte a Oresky & Associates, PLLC hoy.","robots":{"index":"index","follow":"follow","max-snippet":"max-snippet:-1","max-image-preview":"max-image-preview:large","max-video-preview":"max-video-preview:-1"},"canonical":"https:\/\/oreskylaw.com\/es\/queens\/abogados-de-accidentes-de-metro\/","og_locale":"es_ES","og_type":"article","og_title":"Abogado de Accidentes de Metro en Queens - Oresky & Associates, PLLC","og_description":"\u00bfLesionado en un accidente de metro en Queens? Mereces una compensaci\u00f3n. Nuestros abogados expertos luchar\u00e1n por ti. Contacte a Oresky & Associates, PLLC hoy.","og_url":"https:\/\/oreskylaw.com\/es\/queens\/abogados-de-accidentes-de-metro\/","og_site_name":"Oresky &amp; Associates, PLLC","article_publisher":"https:\/\/www.facebook.com\/Oreskylaw\/","article_modified_time":"2026-01-31T10:59:18+00:00","og_image":[{"width":995,"height":617,"url":"https:\/\/oreskylaw.com\/wp-content\/uploads\/2026\/01\/oresky-team-careers.png","type":"image\/png"}],"twitter_card":"summary_large_image","twitter_site":"@JacobOreskyLaw","twitter_misc":{"Tiempo de lectura":"8 minutos"},"schema":{"@context":"https:\/\/schema.org","@graph":[{"@type":"WebPage","@id":"https:\/\/oreskylaw.com\/es\/queens\/abogados-de-accidentes-de-metro\/","url":"https:\/\/oreskylaw.com\/es\/queens\/abogados-de-accidentes-de-metro\/","name":"Abogado de Accidentes de Metro en Queens - Oresky & Associates, PLLC","isPartOf":{"@id":"https:\/\/oreskylaw.com\/es\/#website"},"datePublished":"2025-12-10T06:02:20+00:00","dateModified":"2026-01-31T10:59:18+00:00","description":"\u00bfLesionado en un accidente de metro en Queens? Mereces una compensaci\u00f3n. Nuestros abogados expertos luchar\u00e1n por ti. Contacte a Oresky & Associates, PLLC hoy.","breadcrumb":{"@id":"https:\/\/oreskylaw.com\/es\/queens\/abogados-de-accidentes-de-metro\/#breadcrumb"},"inLanguage":"es","potentialAction":[{"@type":"ReadAction","target":["https:\/\/oreskylaw.com\/es\/queens\/abogados-de-accidentes-de-metro\/"]}]},{"@type":"BreadcrumbList","@id":"https:\/\/oreskylaw.com\/es\/queens\/abogados-de-accidentes-de-metro\/#breadcrumb","itemListElement":[{"@type":"ListItem","position":1,"name":"Inicio","item":"https:\/\/oreskylaw.com\/es\/"},{"@type":"ListItem","position":2,"name":"Queens","item":"https:\/\/oreskylaw.com\/es\/queens\/"},{"@type":"ListItem","position":3,"name":"Abogado de Accidentes de Metro"}]},{"@type":"WebSite","@id":"https:\/\/oreskylaw.com\/es\/#website","url":"https:\/\/oreskylaw.com\/es\/","name":"Oresky & Associates PLLC","description":"","publisher":{"@id":"https:\/\/oreskylaw.com\/es\/#organization"},"potentialAction":[{"@type":"SearchAction","target":{"@type":"EntryPoint","urlTemplate":"https:\/\/oreskylaw.com\/es\/?s={search_term_string}"},"query-input":{"@type":"PropertyValueSpecification","valueRequired":true,"valueName":"search_term_string"}}],"inLanguage":"es"}]}},"_links":{"self":[{"href":"https:\/\/oreskylaw.com\/es\/wp-json\/wp\/v2\/pages\/19760","targetHints":{"allow":["GET"]}}],"collection":[{"href":"https:\/\/oreskylaw.com\/es\/wp-json\/wp\/v2\/pages"}],"about":[{"href":"https:\/\/oreskylaw.com\/es\/wp-json\/wp\/v2\/types\/page"}],"author":[{"embeddable":true,"href":"https:\/\/oreskylaw.com\/es\/wp-json\/wp\/v2\/users\/9"}],"replies":[{"embeddable":true,"href":"https:\/\/oreskylaw.com\/es\/wp-json\/wp\/v2\/comments?post=19760"}],"version-history":[{"count":0,"href":"https:\/\/oreskylaw.com\/es\/wp-json\/wp\/v2\/pages\/19760\/revisions"}],"up":[{"embeddable":true,"href":"https:\/\/oreskylaw.com\/es\/wp-json\/wp\/v2\/pages\/19332"}],"wp:attachment":[{"href":"https:\/\/oreskylaw.com\/es\/wp-json\/wp\/v2\/media?parent=19760"}],"curies":[{"name":"wp","href":"https:\/\/api.w.org\/{rel}","templated":true}]}}