{"id":19772,"date":"2025-12-10T06:02:34","date_gmt":"2025-12-10T06:02:34","guid":{"rendered":"https:\/\/oreskylaw.com\/?page_id=19772"},"modified":"2026-01-31T11:04:17","modified_gmt":"2026-01-31T11:04:17","slug":"abogados-de-accidentes-de-taxi","status":"publish","type":"page","link":"https:\/\/oreskylaw.com\/es\/queens\/abogados-de-accidentes-de-taxi\/","title":{"rendered":"Abogado de accidentes de taxi en Queens"},"content":{"rendered":"<p>Podr\u00edas tener derecho a una indemnizaci\u00f3n si te has visto implicado recientemente en un accidente con un taxi en Queens, NY. Tanto si luchas contra un taxista negligente, un servicio de taxis o una compa\u00f1\u00eda de seguros,\u00a0<a href=\"https:\/\/oreskylaw.com\/es\/acerca-de-nosotros\/\">Oresky &amp; Associates, PLLC<\/a>\u00a0puede ayudarte. Nuestros abogados de accidentes de taxi en Queens est\u00e1n dispuestos a ayudarte a luchar para ganar tu caso y maximizar tu recuperaci\u00f3n econ\u00f3mica.<\/p>\n<p>Nuestros abogados son litigantes muy respetados con una capacidad demostrada para ganar los casos m\u00e1s dif\u00edciles. Hemos ayudado a nuestros clientes a ganar m\u00e1s de 400 millones de d\u00f3lares en acuerdos y sentencias del jurado. Si te has lesionado por culpa de un taxista imprudente, estamos aqu\u00ed para luchar por conseguirte la indemnizaci\u00f3n que mereces.<\/p>\n<p>Ponte en\u00a0<a href=\"https:\/\/oreskylaw.com\/es\/contacto\/\">contacto<\/a>\u00a0con nuestro despacho de abogados de Queens, New York, para concertar una cita para la evaluaci\u00f3n gratuita y sin compromiso de tu caso. Nuestro equipo est\u00e1 siempre dispuesto a atender tu llamada, 24 horas al d\u00eda, 7 d\u00edas a la semana, 365 d\u00edas al a\u00f1o. Ll\u00e1manos al\u00a0<a href=\"tel:+19293050949\">(929) 305-0949<\/a>.<\/p>\n<h2>C\u00f3mo pueden ayudarte nuestros abogados de accidentes de tr\u00e1fico en Queens tras un accidente de taxi<\/h2>\n<p>\u00bfQu\u00e9 caus\u00f3 el accidente del taxi? \u00bfEs culpable el conductor del taxi o lo es otra persona? \u00bfQu\u00e9 ocurre cuando hay varias partes culpables? \u00bfY qui\u00e9n es econ\u00f3micamente responsable de tus lesiones?<\/p>\n<p>Todas estas preguntas son importantes. Sin embargo, obtener las respuestas puede no ser tan sencillo como crees. Sobre todo, cuando te enfrentas a la resistencia de un servicio de taxi o de una compa\u00f1\u00eda de seguros.<\/p>\n<p>Afortunadamente, no tienes que obtener las respuestas por tu cuenta. Puedes tomarte el tiempo que necesites para recuperarte mientras nuestros abogados de accidentes de coche en Queens se ocupan de tu lucha por una indemnizaci\u00f3n.<\/p>\n<p>En Oresky &amp; Associates, PLLC, somos conocidos y respetados abogados litigantes con m\u00e1s de 30 a\u00f1os de experiencia. Nos enfrentamos cada d\u00eda a aseguradoras, grandes corporaciones y duros empresarios. En el proceso, ayudamos a nuestros clientes a salir con compensaciones econ\u00f3micas que les cambian la vida.<\/p>\n<p>Cuando conf\u00edes en nosotros tras tu accidente de taxi en Queens, nosotros:<\/p>\n<ul>\n<li>Iniciaremos una investigaci\u00f3n independiente de tu accidente de taxi para determinar por qu\u00e9 ocurri\u00f3 y qui\u00e9n es el culpable<\/li>\n<li>Reuniremos pruebas, incluidos historiales m\u00e9dicos, informes policiales, declaraciones de testigos, fotograf\u00edas, grabaciones de v\u00eddeo, pruebas f\u00edsicas del lugar del accidente y otra informaci\u00f3n \u00fatil.<\/li>\n<li>Te defenderemos si el taxista o la compa\u00f1\u00eda de seguros intentan decir que t\u00fa tienes la culpa<\/li>\n<li>Reclamaremos da\u00f1os y perjuicios a todas las partes responsables<\/li>\n<li>Negociaremos para conseguir las mejores condiciones posibles en un acuerdo de conciliaci\u00f3n<\/li>\n<\/ul>\n<p>Si la compa\u00f1\u00eda de taxis o la aseguradora no quieren negociar justamente, nuestros expertos abogados litigantes estar\u00e1n m\u00e1s que dispuestos a llevar tu caso ante un jurado. Como cliente nuestro, puedes estar seguro de que estamos dispuestos a invertir el tiempo, los recursos y la mano de obra que sean necesarios para conseguir los resultados que te mereces.<\/p>\n<p>Nuestro despacho trabaja en r\u00e9gimen de contingencia, lo que significa que no pagas nada a menos que ganemos tu caso. Asumimos los riesgos. T\u00fa disfrutas de los beneficios de un veredicto favorable. Ll\u00e1manos para concertar una cita y hablar de tu caso en detalle. Tu consulta inicial es gratis, as\u00ed que ponte en contacto con nosotros hoy mismo.<\/p>\n<h2>\u00bfQu\u00e9 frecuencia tienen los accidentes de taxi en Queens?<\/h2>\n<p>Seg\u00fan los datos publicados por el Departamento de Polic\u00eda de New York (NYPD), cada a\u00f1o se producen en la ciudad miles de accidentes de tr\u00e1fico en los que est\u00e1n implicados taxis. En 2021, hubo un total de 2.891 accidentes de taxi denunciados en NYC.<\/p>\n<p>Un n\u00famero significativo de estos accidentes de taxi ocurren en Queens. Ese a\u00f1o, el distrito registr\u00f3 al menos 469 accidentes de taxi. Solo Manhattan (1.103 accidentes) y el Bronx (616 accidentes) sufrieron m\u00e1s.<\/p>\n<p>Esto significa que, en un d\u00eda normal, hay entre uno y dos accidentes de taxi en Queens.<\/p>\n<h2>\u00bfCu\u00e1nto vale mi caso de lesiones personales tras un accidente de taxi?<\/h2>\n<p>No hay un valor est\u00e1ndar para las demandas por lesiones en accidente de taxi. Cada situaci\u00f3n es incre\u00edblemente \u00fanica, sobre todo en una ciudad como New York.<\/p>\n<p>Sin embargo, hay una serie de factores que ser\u00e1n relevantes a la hora de determinar el valor:<\/p>\n<ul>\n<li>\u00bfEras pasajero del taxi, ocupante de otro veh\u00edculo o peat\u00f3n\/ciclista?<\/li>\n<li>\u00bfQu\u00e9 tipo de accidente fue? (por ejemplo, colisi\u00f3n por alcance, vuelco, choque en T, choque frontal)<\/li>\n<li>\u00bfQu\u00e9 tipo de lesiones sufriste?<\/li>\n<li>\u00bfSe espera que te recuperes totalmente?<\/li>\n<li>\u00bfC\u00f3mo se ha visto afectada tu capacidad laboral?<\/li>\n<li>\u00bfVas a sufrir una discapacidad o minusval\u00eda permanente?<\/li>\n<li>\u00bfCu\u00e1les son tus costos actuales?<\/li>\n<li>\u00bfQu\u00e9 costos y p\u00e9rdidas econ\u00f3micas experimentar\u00e1s probablemente en el futuro?<\/li>\n<li>\u00bfCompartes la responsabilidad del accidente de taxi?<\/li>\n<li>\u00bfEl accidente agrav\u00f3 alguna enfermedad o afecci\u00f3n m\u00e9dica preexistente?<\/li>\n<\/ul>\n<p>Tambi\u00e9n se tendr\u00e1n en cuenta otros factores, como tu edad y capacidad de ganancia.<\/p>\n<p>La mejor forma de saber cu\u00e1nto vale tu caso concreto es hablar con un abogado experto en accidentes de tr\u00e1fico en Queens.<\/p>\n<p>En Oresky &amp; Associates, PLLC, nuestro equipo jur\u00eddico estar\u00e1 encantado de evaluar tu caso, tener en cuenta los hechos y las pruebas disponibles, y ofrecerte una visi\u00f3n preliminar de cu\u00e1nto dinero podr\u00edas obtener si presentas una demanda por da\u00f1os y perjuicios.<\/p>\n    <div class=\"cw-cta-box\">\n        <div class=\"cw-cta-box__inner \">\n            <div class=\"cw-cta-box__info\">\n                                    <div class=\"label\">\u00a1Llame ahora!<\/div>\n                            <\/div>\n                            <div class=\"contact-phone\">\n                    <a href=\"tel:7189939999\"\n                        aria-label=\"Tap to call button\">\n                        718-993-9999                    <\/a>\n                <\/div>\n                    <\/div>\n                    <a href=\"\/es\/contacto\/\"\n               class=\"cta-btn btn btn--primary btn\"\n               target=\"\">\n                Obtenga Una Consulta Gratuita            <\/a>\n            <\/div>\n    \n<h2>\u00bfCu\u00e1les son las principales causas de accidentes de taxi en Queens?<\/h2>\n<p>Los taxis amarillos de New York tienen fama de peligrosos. Los conductores tienden a ir muy r\u00e1pido, cambiar r\u00e1pidamente de carril y hacer maniobras agresivas en los cruces. El tr\u00e1fico, los atascos y la estrechez de las carreteras de Queens no ayudan en absoluto.<\/p>\n<p>Estas cosas pueden contribuir y contribuyen a los accidentes de taxi.<\/p>\n<p>Por ello, algunas de las principales causas de accidentes de tr\u00e1fico con taxis en Queens son:<\/p>\n<div class=\"row\">\n<ul class=\"col-xl-6\">\n<li>Conducci\u00f3n distra\u00edda<\/li>\n<li>Conducci\u00f3n bajo los efectos del alcohol o las drogas<\/li>\n<li>Exceso de velocidad<\/li>\n<li>Giros inseguros<\/li>\n<li>Giros ilegales<\/li>\n<li>No mirar a otros conductores, peatones o ciclistas en una intersecci\u00f3n<\/li>\n<li>No ceder el paso<\/li>\n<\/ul>\n<ul class=\"col-xl-6\">\n<li>Infringir las se\u00f1ales de tr\u00e1fico<\/li>\n<li>Saltarse sem\u00e1foros en rojo<\/li>\n<li>Furia al volante<\/li>\n<li>Construcci\u00f3n de carreteras<\/li>\n<li>Conductores inexpertos<\/li>\n<li>Mal funcionamiento del veh\u00edculo<\/li>\n<li>Mantenimiento inadecuado del veh\u00edculo<\/li>\n<li>Defectos del veh\u00edculo, como frenos defectuosos o airbags defectuosos<\/li>\n<\/ul>\n<\/div>\n<p>Nuestros abogados evaluar\u00e1n cuidadosamente los hechos de tu caso para tratar de identificar todas las posibles causas de tu accidente de taxi. Una vez que conozcamos las causas, podremos empezar a elaborar una estrategia para obtener una indemnizaci\u00f3n de todas las partes responsables.<\/p>\n<h2>\u00bfQui\u00e9n es responsable de mis lesiones en un taxi en Queens?<\/h2>\n<p>Cualquiera que contribuya directa o indirectamente a tu accidente de taxi podr\u00eda ser considerado responsable econ\u00f3mico de las consecuencias.<\/p>\n<p>Una investigaci\u00f3n exhaustiva podr\u00eda revelar que una o varias de estas partes son responsables:<\/p>\n<div class=\"row\">\n<ul class=\"col-xl-6\">\n<li>Taxistas negligentes<\/li>\n<li>Servicios y empresas de taxi<\/li>\n<li>Pasajeros de taxi<\/li>\n<li>Conductores negligentes<\/li>\n<\/ul>\n<ul class=\"col-xl-6\">\n<li><a href=\"https:\/\/oreskylaw.com\/es\/queens\/abogados-de-accidentes-de-metro\/\">Peatones<\/a><\/li>\n<li>Ciclistas<\/li>\n<li>Organismos p\u00fablicos<\/li>\n<li>Propietarios<\/li>\n<\/ul>\n<\/div>\n<p>Nuestros abogados perseguir\u00e1n agresivamente la indemnizaci\u00f3n de cualquiera que, de alguna manera, haya causado que te lesionaras.<\/p>\n<h2>\u00bfQu\u00e9 indemnizaciones pueden obtener las v\u00edctimas de accidentes de taxi en Queens?<\/h2>\n<p>Tras un accidente de taxi en Queens, deber\u00edas tener derecho a una indemnizaci\u00f3n por tus p\u00e9rdidas financieras (<a href=\"https:\/\/oreskylaw.com\/es\/blog\/lesiones-personales-danos-economicos\/\">da\u00f1os econ\u00f3micos<\/a>) y por el dolor y el sufrimiento (da\u00f1os no econ\u00f3micos).<\/p>\n<p>Algunos ejemplos de da\u00f1os y perjuicios que suelen concederse en casos de lesiones por accidente de tren son:<\/p>\n<div class=\"row\">\n<ul class=\"col-xl-6\">\n<li>Gastos m\u00e9dicos, incluidos hospitalizaci\u00f3n, cirug\u00eda, medicaci\u00f3n y atenci\u00f3n m\u00e9dica continua<\/li>\n<li>Salarios e ingresos perdidos<\/li>\n<li>Incapacidad<\/li>\n<li>Angustia mental<\/li>\n<li>P\u00e9rdida de calidad de vida<\/li>\n<\/ul>\n<ul class=\"col-xl-6\">\n<li>Desfiguraci\u00f3n<\/li>\n<li>Verg\u00fcenza<\/li>\n<li>Rehabilitaci\u00f3n<\/li>\n<li>Asistencia de enfermer\u00eda<\/li>\n<li>P\u00e9rdida de la pareja<\/li>\n<li>Da\u00f1os materiales<\/li>\n<\/ul>\n<\/div>\n<p>Oresky &amp; Associates, PLLC evaluar\u00e1 cuidadosamente tu caso desde todos los \u00e1ngulos posibles. Traeremos a expertos para que nos ayuden a comprender el alcance total de tus lesiones y sufrimiento. Cuanta m\u00e1s informaci\u00f3n tengamos, mejor preparados estaremos para conseguir un acuerdo econ\u00f3mico completo y justo en tu nombre.<\/p>\n<h2>Lucharemos para conseguir dinero por todas tus lesiones en un accidente de taxi en Queens<\/h2>\n<p>Tanto si eres un pasajero en la parte trasera de un taxi amarillo, un peat\u00f3n en la carretera o en otro veh\u00edculo, las lesiones que sufras en un accidente de taxi pueden ser catastr\u00f3ficas.<\/p>\n<p>Nuestro despacho est\u00e1 aqu\u00ed para ayudarte a buscar la m\u00e1xima indemnizaci\u00f3n por cada lesi\u00f3n que sufras.<\/p>\n<p>Ponte en contacto con nosotros para obtener asistencia inmediata si estuviste involucrado en un accidente de taxi y has sufrido:<\/p>\n<div class=\"row\">\n<ul class=\"col-xl-6\">\n<li>Huesos rotos<\/li>\n<li>Da\u00f1os nerviosos<\/li>\n<li>Lesi\u00f3n cerebral traum\u00e1tica<\/li>\n<li>Conmoci\u00f3n cerebral<\/li>\n<li>Lesi\u00f3n medular<\/li>\n<li>Latigazo cervical<\/li>\n<li>Lesi\u00f3n cervical<\/li>\n<li>Lesi\u00f3n de espalda<\/li>\n<li>Lesi\u00f3n tor\u00e1cica<\/li>\n<\/ul>\n<ul class=\"col-xl-6\">\n<li>Traumatismo interno<\/li>\n<li>Amputaci\u00f3n<\/li>\n<li>Lesi\u00f3n por aplastamiento<\/li>\n<li>Quemaduras<\/li>\n<li>Traumatismos en los ojos y la cara<\/li>\n<li>Lesiones en pies, rodillas o piernas<\/li>\n<li>Da\u00f1os en tejidos blandos<\/li>\n<li><a href=\"https:\/\/oreskylaw.com\/es\/queens\/abogados-de-compensacion-laboral\/\">Muerte por negligencia de un familiar<\/a><\/li>\n<\/ul>\n<\/div>\n<p>Busca siempre asistencia m\u00e9dica inmediatamente despu\u00e9s de un accidente de taxi. Acudir al hospital puede ayudar a que tus lesiones sean tratadas inmediatamente, lo que reducir\u00e1 la posibilidad de complicaciones o muerte. Tu visita tambi\u00e9n crear\u00e1 una prueba importante. El historial m\u00e9dico puede ayudar a establecer una relaci\u00f3n causal entre el accidente de taxi y tus lesiones. Esto ser\u00e1 fundamental si decides presentar una demanda o reclamaci\u00f3n por lesiones personales.<\/p>\n<p>\u00bfCu\u00e1l es el plazo para presentar una demanda por\u00a0<a href=\"https:\/\/oreskylaw.com\/es\/queens\/\">lesiones personales<\/a>\u00a0tras un accidente de taxi en New York?<\/p>\n<p>El Estado de New York tiene un plazo de prescripci\u00f3n de tres a\u00f1os para la mayor\u00eda de las demandas por lesiones personales. Esto te dar\u00e1 un plazo de tres a\u00f1os para presentar una demanda tras tu accidente de taxi. Si has perdido a un familiar en un accidente mortal de taxi en Queens, solo tendr\u00e1s dos a\u00f1os para actuar.<\/p>\n<p>No permitas que expire el plazo. Si no presentas tu demanda a tiempo, renunciar\u00e1s a la oportunidad de obtener una indemnizaci\u00f3n de los responsables.<\/p>\n<h2>Programa una consulta inicial gratuita con un abogado de Queens especializado en accidentes de taxi<\/h2>\n<p>\u00bfTe has lesionado recientemente en un accidente de tr\u00e1fico con un taxi en Queens? Ponte en contacto con Oresky &amp; Associates, PLLC para que te asesoremos. Nuestros abogados de accidentes de taxi en Queens pueden ayudarte a luchar para maximizar tu recuperaci\u00f3n econ\u00f3mica.<\/p>\n<p>Ofrecemos una consulta gratuita, as\u00ed que no dudes en llamarnos o en ponerte en contacto con nosotros online para programar la tuya hoy mismo.<\/p>\n","protected":false},"excerpt":{"rendered":"<p>Podr\u00edas tener derecho a una indemnizaci\u00f3n si te has visto implicado recientemente en un accidente con un taxi en Queens, NY. Tanto si luchas contra un taxista negligente, un servicio de taxis o una compa\u00f1\u00eda de seguros,\u00a0Oresky &amp; Associates, PLLC\u00a0puede ayudarte. Nuestros abogados de accidentes de taxi en Queens est\u00e1n dispuestos a ayudarte a luchar [&hellip;]<\/p>\n","protected":false},"author":9,"featured_media":0,"parent":19332,"menu_order":73,"comment_status":"closed","ping_status":"closed","template":"","meta":{"_acf_changed":false,"footnotes":""},"class_list":["post-19772","page","type-page","status-publish","hentry"],"acf":[],"yoast_head":"<!-- This site is optimized with the Yoast SEO plugin v27.3 - https:\/\/yoast.com\/product\/yoast-seo-wordpress\/ -->\n<title>Abogado de accidentes de taxi en Queens - Oresky &amp; Associates, PLLC<\/title>\n<meta name=\"description\" content=\"\u00bfLesionado en un accidente de taxi en Queens? Nuestros abogados luchar\u00e1n por la compensaci\u00f3n que merece. Contacte a Oresky &amp; Associates, PLLC para consulta hoy.\" \/>\n<meta name=\"robots\" content=\"index, follow, max-snippet:-1, max-image-preview:large, max-video-preview:-1\" \/>\n<link rel=\"canonical\" href=\"https:\/\/oreskylaw.com\/es\/queens\/abogados-de-accidentes-de-taxi\/\" \/>\n<meta property=\"og:locale\" content=\"es_ES\" \/>\n<meta property=\"og:type\" content=\"article\" \/>\n<meta property=\"og:title\" content=\"Abogado de accidentes de taxi en Queens - Oresky &amp; Associates, PLLC\" \/>\n<meta property=\"og:description\" content=\"\u00bfLesionado en un accidente de taxi en Queens? Nuestros abogados luchar\u00e1n por la compensaci\u00f3n que merece. Contacte a Oresky &amp; Associates, PLLC para consulta hoy.\" \/>\n<meta property=\"og:url\" content=\"https:\/\/oreskylaw.com\/es\/queens\/abogados-de-accidentes-de-taxi\/\" \/>\n<meta property=\"og:site_name\" content=\"Oresky &amp; Associates, PLLC\" \/>\n<meta property=\"article:publisher\" content=\"https:\/\/www.facebook.com\/Oreskylaw\/\" \/>\n<meta property=\"article:modified_time\" content=\"2026-01-31T11:04:17+00:00\" \/>\n<meta property=\"og:image\" content=\"https:\/\/oreskylaw.com\/wp-content\/uploads\/2026\/01\/oresky-team-careers.png\" \/>\n\t<meta property=\"og:image:width\" content=\"995\" \/>\n\t<meta property=\"og:image:height\" content=\"617\" \/>\n\t<meta property=\"og:image:type\" content=\"image\/png\" \/>\n<meta name=\"twitter:card\" content=\"summary_large_image\" \/>\n<meta name=\"twitter:site\" content=\"@JacobOreskyLaw\" \/>\n<meta name=\"twitter:label1\" content=\"Tiempo de lectura\" \/>\n\t<meta name=\"twitter:data1\" content=\"8 minutos\" \/>\n<!-- \/ Yoast SEO plugin. -->","yoast_head_json":{"title":"Abogado de accidentes de taxi en Queens - Oresky & Associates, PLLC","description":"\u00bfLesionado en un accidente de taxi en Queens? Nuestros abogados luchar\u00e1n por la compensaci\u00f3n que merece. Contacte a Oresky & Associates, PLLC para consulta hoy.","robots":{"index":"index","follow":"follow","max-snippet":"max-snippet:-1","max-image-preview":"max-image-preview:large","max-video-preview":"max-video-preview:-1"},"canonical":"https:\/\/oreskylaw.com\/es\/queens\/abogados-de-accidentes-de-taxi\/","og_locale":"es_ES","og_type":"article","og_title":"Abogado de accidentes de taxi en Queens - Oresky & Associates, PLLC","og_description":"\u00bfLesionado en un accidente de taxi en Queens? Nuestros abogados luchar\u00e1n por la compensaci\u00f3n que merece. Contacte a Oresky & Associates, PLLC para consulta hoy.","og_url":"https:\/\/oreskylaw.com\/es\/queens\/abogados-de-accidentes-de-taxi\/","og_site_name":"Oresky &amp; Associates, PLLC","article_publisher":"https:\/\/www.facebook.com\/Oreskylaw\/","article_modified_time":"2026-01-31T11:04:17+00:00","og_image":[{"width":995,"height":617,"url":"https:\/\/oreskylaw.com\/wp-content\/uploads\/2026\/01\/oresky-team-careers.png","type":"image\/png"}],"twitter_card":"summary_large_image","twitter_site":"@JacobOreskyLaw","twitter_misc":{"Tiempo de lectura":"8 minutos"},"schema":{"@context":"https:\/\/schema.org","@graph":[{"@type":"WebPage","@id":"https:\/\/oreskylaw.com\/es\/queens\/abogados-de-accidentes-de-taxi\/","url":"https:\/\/oreskylaw.com\/es\/queens\/abogados-de-accidentes-de-taxi\/","name":"Abogado de accidentes de taxi en Queens - Oresky & Associates, PLLC","isPartOf":{"@id":"https:\/\/oreskylaw.com\/es\/#website"},"datePublished":"2025-12-10T06:02:34+00:00","dateModified":"2026-01-31T11:04:17+00:00","description":"\u00bfLesionado en un accidente de taxi en Queens? Nuestros abogados luchar\u00e1n por la compensaci\u00f3n que merece. Contacte a Oresky & Associates, PLLC para consulta hoy.","breadcrumb":{"@id":"https:\/\/oreskylaw.com\/es\/queens\/abogados-de-accidentes-de-taxi\/#breadcrumb"},"inLanguage":"es","potentialAction":[{"@type":"ReadAction","target":["https:\/\/oreskylaw.com\/es\/queens\/abogados-de-accidentes-de-taxi\/"]}]},{"@type":"BreadcrumbList","@id":"https:\/\/oreskylaw.com\/es\/queens\/abogados-de-accidentes-de-taxi\/#breadcrumb","itemListElement":[{"@type":"ListItem","position":1,"name":"Inicio","item":"https:\/\/oreskylaw.com\/es\/"},{"@type":"ListItem","position":2,"name":"Queens","item":"https:\/\/oreskylaw.com\/es\/queens\/"},{"@type":"ListItem","position":3,"name":"Abogado de accidentes de taxi en Queens"}]},{"@type":"WebSite","@id":"https:\/\/oreskylaw.com\/es\/#website","url":"https:\/\/oreskylaw.com\/es\/","name":"Oresky & Associates PLLC","description":"","publisher":{"@id":"https:\/\/oreskylaw.com\/es\/#organization"},"potentialAction":[{"@type":"SearchAction","target":{"@type":"EntryPoint","urlTemplate":"https:\/\/oreskylaw.com\/es\/?s={search_term_string}"},"query-input":{"@type":"PropertyValueSpecification","valueRequired":true,"valueName":"search_term_string"}}],"inLanguage":"es"}]}},"_links":{"self":[{"href":"https:\/\/oreskylaw.com\/es\/wp-json\/wp\/v2\/pages\/19772","targetHints":{"allow":["GET"]}}],"collection":[{"href":"https:\/\/oreskylaw.com\/es\/wp-json\/wp\/v2\/pages"}],"about":[{"href":"https:\/\/oreskylaw.com\/es\/wp-json\/wp\/v2\/types\/page"}],"author":[{"embeddable":true,"href":"https:\/\/oreskylaw.com\/es\/wp-json\/wp\/v2\/users\/9"}],"replies":[{"embeddable":true,"href":"https:\/\/oreskylaw.com\/es\/wp-json\/wp\/v2\/comments?post=19772"}],"version-history":[{"count":0,"href":"https:\/\/oreskylaw.com\/es\/wp-json\/wp\/v2\/pages\/19772\/revisions"}],"up":[{"embeddable":true,"href":"https:\/\/oreskylaw.com\/es\/wp-json\/wp\/v2\/pages\/19332"}],"wp:attachment":[{"href":"https:\/\/oreskylaw.com\/es\/wp-json\/wp\/v2\/media?parent=19772"}],"curies":[{"name":"wp","href":"https:\/\/api.w.org\/{rel}","templated":true}]}}