{"id":19784,"date":"2025-12-10T06:02:51","date_gmt":"2025-12-10T06:02:51","guid":{"rendered":"https:\/\/oreskylaw.com\/?page_id=19784"},"modified":"2026-01-31T11:07:34","modified_gmt":"2026-01-31T11:07:34","slug":"abogados-de-accidentes-de-tren","status":"publish","type":"page","link":"https:\/\/oreskylaw.com\/es\/queens\/abogados-de-accidentes-de-tren\/","title":{"rendered":"Abogado de Accidentes de Tren"},"content":{"rendered":"<p>Usted podr\u00eda tener derecho a una compensaci\u00f3n si recientemente ha sufrido lesiones en un accidente de tren en Queens, NY. Para maximizar su recuperaci\u00f3n financiera, puede ser importante hablar con un abogado de accidentes de tren en Queens en\u00a0<a href=\"https:\/\/oreskylaw.com\/es\/acerca-de-nosotros\/\">Oresky &amp; Associates, LLC<\/a>. Ll\u00e1menos al <a href=\"tel:+19293050949\">(929) 305-0949<\/a>.<\/p>\n<p>Desde 1992, nuestros litigantes galardonados han ayudado a v\u00edctimas de accidentes de tren a enfrentarse a compa\u00f1\u00edas de seguros, servicios ferroviarios y terceros negligentes. Con esfuerzo y dedicaci\u00f3n, nuestros abogados altamente calificados han ganado m\u00e1s de $400 millones en acuerdos y veredictos.<\/p>\n<p>Un accidente de tren puede devastar su vida. Nuestro equipo legal est\u00e1 aqu\u00ed para ayudarlo a superar este momento dif\u00edcil. Contacte nuestra oficina legal que sirve a Queens, New York para descubrir m\u00e1s sobre nuestros servicios legales. Su primera consulta es gratuita, as\u00ed que <a href=\"https:\/\/oreskylaw.com\/es\/contacto\/\">cont\u00e1ctenos ahora<\/a>.<\/p>\n<h2>\u00bfC\u00f3mo Puede Ayudar Oresky &amp; Associates, LLC si Ha Sufrido Lesiones en un Accidente de Tren en Queens, NY?<\/h2>\n<p>Los accidentes de tren pueden ser catastr\u00f3ficos. Dado que estos tienden a ser eventos grandes, puede ser complicado saber por qu\u00e9 ocurre un accidente y qui\u00e9n tiene la culpa. Sin embargo, esta informaci\u00f3n ser\u00e1 cr\u00edtica si sufre lesiones y decide buscar compensaci\u00f3n.<\/p>\n<p>Oresky &amp; Associates, LLC puede ayudar. Nuestros abogados de lesiones en Queens tienen d\u00e9cadas de experiencia manejando casos dif\u00edciles de accidentes de tr\u00e1nsito masivo como el suyo. Invertiremos todo el tiempo y recursos necesarios no solo para ganar su caso, sino para maximizar su recuperaci\u00f3n financiera.<\/p>\n<p>Usted tome el tiempo que necesite para concentrarse en mejorar mientras nuestro equipo legal:<\/p>\n<ul>\n<li>Investiga su accidente de tren para determinar su causa, c\u00f3mo podr\u00eda haberse evitado y qui\u00e9n tiene la culpa.<\/li>\n<li>Coordina con agencias investigadoras locales, estatales y federales que tambi\u00e9n pueden estar investigando el accidente.<\/li>\n<li>Recopila piezas cr\u00edticas de evidencia.<\/li>\n<li>Consulta con especialistas en accidentes y lesiones mientras construimos y evaluamos cu\u00e1nto podr\u00eda valer su caso de accidente de tren.<\/li>\n<li>Negocia con partes negligentes, servicios de trenes, agencias gubernamentales y terceros negligentes en su nombre.<\/li>\n<li>Prepara su reclamaci\u00f3n por lesiones como si fuera a juicio en caso de que no se alcance un acuerdo.<\/li>\n<\/ul>\n<p>Nuestro bufete de abogados de lesiones personales en Queens trabaja en base a honorarios de contingencia. No hay riesgo al pedir nuestra ayuda porque solo paga si ganamos su caso. Ll\u00e1menos para discutir su situaci\u00f3n espec\u00edfica y aprender m\u00e1s sobre c\u00f3mo podemos ayudarlo a obtener el dinero que se merece.<\/p>\n<h2>\u00bfQu\u00e9 Tan Comunes Son los Accidentes de Tren?<\/h2>\n<p>A nivel nacional, generalmente se reportan m\u00e1s de 2.000 accidentes de tren anualmente. En 2021, hubo un total de 2.147 colisiones, resultando en al menos 666 lesiones y otras 236 muertes.<\/p>\n<p>Aproximadamente el 42% de todos los accidentes de tren en los Estados Unidos dejan a alguien lesionado o a una familia de luto por la muerte injusta de un ser querido.<\/p>\n<p>El noreste, incluyendo la regi\u00f3n metropolitana de New York, tiene miles de millas de v\u00edas ferroviarias que acomodan cientos de trenes de pasajeros y de carga cada d\u00eda. Por lo tanto, no es sorprendente que New York, situada en la costa este entre Boston y Filadelfia, sea el hogar de muchos de los accidentes de tren de la naci\u00f3n.<\/p>\n<h2>Manejamos Todos los Accidentes de Tren en Queens, New York<\/h2>\n<p>Ya sea que haya sido lesionado en un accidente con un tren de pasajeros o un tren de carga, Oresky &amp; Associates, LLC puede ayudar.<\/p>\n<p>Nuestros abogados de lesiones personales en Queens representan a v\u00edctimas de:<\/p>\n<div class=\"row\">\n<ul class=\"col-xl-6\">\n<li>Accidentes de trenes del metro<\/li>\n<li>Accidentes de Amtrak<\/li>\n<li>Accidentes de Long Island Railroad<\/li>\n<li>Accidentes de trenes de Port Washington Branch<\/li>\n<\/ul>\n<ul class=\"col-xl-6\">\n<li>Accidentes de trenes de New York and Atlantic railway<\/li>\n<li>Accidentes de tren y autom\u00f3vil<\/li>\n<li>Accidentes de tren y peatones<\/li>\n<li>Accidentes mortales de tren, y m\u00e1s.<\/li>\n<\/ul>\n<\/div>\n<p>No dude en comunicarse con nuestro compasivo equipo legal despu\u00e9s de que usted o un miembro de su familia haya sido lesionado en un accidente de tren en Queens. Escucharemos su versi\u00f3n de la historia, evaluaremos sus derechos legales y opciones, y le ayudaremos a entender el mejor camino a seguir.<\/p>\n<h2>\u00bfQu\u00e9 Causa la Mayor\u00eda de los Accidentes de Tren en Queens?<\/h2>\n<p><img loading=\"lazy\" decoding=\"async\" class=\"size-full wp-image-16464 alignright\" src=\"https:\/\/oreskylaw.com\/wp-content\/uploads\/2026\/01\/How-Oresky-Associates-PLLC-Can-Help-After-a-Train-Accident-in-the-Bronx.webp\" alt=\"What Causes Most Queens Train Accidents?\" width=\"300\" height=\"200\" \/>El error humano es una de las principales causas de accidentes de tren en la naci\u00f3n y aqu\u00ed mismo en Queens.<\/p>\n<p>Algunos de los factores m\u00e1s comunes que contribuyen a los accidentes de tren en Queens incluyen:<\/p>\n<ul>\n<li>Operador sin experiencia<\/li>\n<li>Operaci\u00f3n de tren distra\u00edda<\/li>\n<li>Exceso de velocidad<\/li>\n<li>Viajar demasiado r\u00e1pido para las condiciones de las v\u00edas<\/li>\n<li>Drogas y alcohol<\/li>\n<li>Fatiga del operador<\/li>\n<li>Colisiones con objetos fijos, incluyendo veh\u00edculos<\/li>\n<li>Descarrilamiento<\/li>\n<li>Cruces de ferrocarril sin protecci\u00f3n<\/li>\n<li>Falta de proporcionar advertencia adecuada<\/li>\n<li>Falta de encender se\u00f1ales luminosas<\/li>\n<li>Fallo mec\u00e1nico<\/li>\n<li>Falta de realizar mantenimiento regular del tren<\/li>\n<li>Falta de retirar de servicio trenes defectuosos o que funcionan mal<\/li>\n<li>V\u00edas defectuosas<\/li>\n<li>Intrusos (suicidios)<\/li>\n<\/ul>\n<p>Es esencial establecer todas las posibles causas de su accidente de tren en Queens. Cuanto m\u00e1s entendamos por qu\u00e9 ocurri\u00f3 el accidente, mejor posici\u00f3n tendremos para buscar da\u00f1os y perjuicios de todas las partes responsables en su nombre.<\/p>\n<h2>\u00bfCu\u00e1nto Vale Mi Caso de Accidente de Tren?<\/h2>\n<p>Muchos factores influir\u00e1n en cu\u00e1nto dinero podr\u00e1 recuperar si result\u00f3 lesionado en un accidente de tren.<\/p>\n<ul>\n<li>\u00bfQu\u00e9 tan catastr\u00f3fico fue el accidente de tren?<\/li>\n<li>\u00bfQu\u00e9 tipos de lesiones sufri\u00f3?<\/li>\n<li>\u00bfSe espera que se recupere completamente de manera f\u00edsica?<\/li>\n<li>\u00bfC\u00f3mo interferir\u00e1n sus lesiones f\u00edsicas con su capacidad para trabajar y disfrutar de su vida?<\/li>\n<li>\u00bfC\u00f3mo le afectar\u00e1 el trauma emocional y psicol\u00f3gico de estar involucrado en un accidente de tren?<\/li>\n<li>\u00bfComparte responsabilidad por su accidente de tren?<\/li>\n<li>\u00bfCu\u00e1les son sus costos actuales y proyectados de bolsillo?<\/li>\n<li>\u00bfEl accidente de tren agrav\u00f3 alguna condici\u00f3n m\u00e9dica preexistente?<\/li>\n<\/ul>\n<p>Cuanto m\u00e1s devastadoras sean sus lesiones y m\u00e1s cambie su vida despu\u00e9s de un accidente, m\u00e1s valdr\u00e1 generalmente una demanda por lesiones de tren.<\/p>\n<p>Tenga en cuenta que cada situaci\u00f3n es \u00fanica. La mejor manera de saber cu\u00e1nto podr\u00eda valer su caso de lesiones de tren es hablar con un experimentado abogado de lesiones personales cerca de usted en Queens, New York. Nuestro equipo legal siempre est\u00e1 disponible para tomar su llamada, 24 horas al d\u00eda, siete d\u00edas a la semana. Comun\u00edquese para discutir su situaci\u00f3n ahora.<\/p>\n<h2>\u00bfQu\u00e9 Da\u00f1os Puedo Obtener si Estoy Lesionado en un Accidente de Tren en Queens?<\/h2>\n<p>Las v\u00edctimas de accidentes de tren en New York generalmente pueden obtener dinero tanto por da\u00f1os econ\u00f3micos como no econ\u00f3micos. En casos limitados, tambi\u00e9n pueden aplicarse premios punitivos.<\/p>\n<p>Los da\u00f1os econ\u00f3micos se pagan para dar cuenta de los costos financieros y p\u00e9rdidas que experimenta debido a su accidente de tren y el trauma resultante.<\/p>\n<p>Ejemplos incluyen:<\/p>\n<div class=\"row\">\n<ul class=\"col-xl-6\">\n<li>Facturas m\u00e9dicas actuales<\/li>\n<li>Gastos m\u00e9dicos futuros<\/li>\n<li>Salarios e ingresos perdidos<\/li>\n<li>Capacidad de ganancia reducida<\/li>\n<\/ul>\n<ul class=\"col-xl-6\">\n<li>Da\u00f1o a la propiedad<\/li>\n<li>Rehabilitaci\u00f3n<\/li>\n<li>Cuidado de enfermer\u00eda y asistencia<\/li>\n<\/ul>\n<\/div>\n<p>Los da\u00f1os no econ\u00f3micos se pagan para compensar por el trauma dif\u00edcil de valorar luego de su accidente de tren.<\/p>\n<p>A menudo conocidos como da\u00f1os por dolor y sufrimiento, ejemplos incluyen:<\/p>\n<div class=\"row\">\n<ul class=\"col-xl-6\">\n<li>P\u00e9rdida del disfrute de la vida<\/li>\n<li>P\u00e9rdida del consorcio<\/li>\n<li>Trastorno de estr\u00e9s postraum\u00e1tico (TEPT)<\/li>\n<li>Depresi\u00f3n y ansiedad<\/li>\n<\/ul>\n<ul class=\"col-xl-6\">\n<li>Desfiguraci\u00f3n y cicatrices<\/li>\n<li>Pecado f\u00edsico cr\u00f3nico<\/li>\n<li>Verg\u00fcenza<\/li>\n<\/ul>\n<\/div>\n<p>Los da\u00f1os punitivos est\u00e1n reservados para situaciones en las que hay evidencia clara y convincente de que usted result\u00f3 herido intencionalmente o debido al temerario desprecio del acusado por su seguridad. Un ejemplo podr\u00eda incluir a un operador de tren que estaba muy intoxicado o dormido en los controles.<\/p>\n<p>Nuestro equipo legal perseguir\u00e1 apasionadamente la compensaci\u00f3n que refleje completamente la totalidad de sus lesiones y sufrimiento.<\/p>\n    <div class=\"cw-cta-box\">\n        <div class=\"cw-cta-box__inner \">\n            <div class=\"cw-cta-box__info\">\n                                    <div class=\"label\">\u00a1Llame ahora!<\/div>\n                            <\/div>\n                            <div class=\"contact-phone\">\n                    <a href=\"tel:7189939999\"\n                        aria-label=\"Tap to call button\">\n                        718-993-9999                    <\/a>\n                <\/div>\n                    <\/div>\n                    <a href=\"\/es\/contacto\/\"\n               class=\"cta-btn btn btn--primary btn\"\n               target=\"\">\n                Obtenga Una Consulta Gratuita            <\/a>\n            <\/div>\n    \n<h2>\u00bfCu\u00e1l es el Plazo de Prescripci\u00f3n para Demandas por Accidentes de Tren en New York?<\/h2>\n<p>New York generalmente tiene un l\u00edmite de tiempo de tres a\u00f1os que se aplica a las demandas por lesiones personales. Esto le dar\u00e1 tres a\u00f1os a partir de la fecha de su accidente de tren en Queens para presentar una reclamaci\u00f3n por lesiones por da\u00f1os.<\/p>\n<p>Hay algunas excepciones. Por ejemplo, tendr\u00e1 dos a\u00f1os para presentar una demanda por muerte injusta despu\u00e9s de un accidente de tren fatal. Si una agencia gubernamental negligente est\u00e1 involucrada, podr\u00eda tener hasta 90 d\u00edas para entrar en acci\u00f3n.<\/p>\n<p>Una vez que el plazo de prescripci\u00f3n expira, tambi\u00e9n lo hace su oportunidad para hacer valer sus derechos legales y presentar una reclamaci\u00f3n de compensaci\u00f3n. No deje que un dinero bien merecido se le escape. Contacte a nuestros experimentados abogados de accidentes de tren en Queens para obtener asistencia legal inmediata.<\/p>\n<h2>\u00bfQui\u00e9n Puede Ser Responsable por un Accidente de Tren en Queens?<\/h2>\n<p>Seg\u00fan las leyes del Estado de New York, cualquier parte que contribuya a un accidente de tren puede ser responsable por los da\u00f1os resultantes.<\/p>\n<p>Despu\u00e9s de una investigaci\u00f3n exhaustiva, puede quedar claro que una o m\u00e1s de las partes comparten la responsabilidad:<\/p>\n<div class=\"row\">\n<ul class=\"col-xl-6\">\n<li>Operadores de tren negligentes<\/li>\n<li>Servicios de trenes, como Amtrak o Long Island Railroad<\/li>\n<li>Compa\u00f1\u00edas de trenes de carga<\/li>\n<li>Fabricantes de trenes<\/li>\n<li>Agencias gubernamentales, incluyendo la MTA<\/li>\n<\/ul>\n<ul class=\"col-xl-6\">\n<li>Automovilistas negligentes<\/li>\n<li>Ciclistas o peatones<\/li>\n<li>Pasajeros del tren<\/li>\n<li>Propietarios de propiedades<\/li>\n<\/ul>\n<\/div>\n<p>Una vez que se establece la responsabilidad, nuestro bufete de abogados presentar\u00e1 un reclamo y buscar\u00e1 da\u00f1os y perjuicios de todas las partes culpables.<\/p>\n<p>Tambi\u00e9n intervendremos para defenderlo si alguien intenta se\u00f1alar con el dedo y decir que usted comparte la culpa. New York tiene un sistema de culpa comparativa pura, lo que significa que compartir la culpa puede afectar la cantidad de dinero que podr\u00e1 recuperar en una demanda.<\/p>\n<p>Nuestros abogados estar\u00e1n preparados para contrarrestar las afirmaciones de que usted comparte la culpa y trabajar\u00e1n para asegurar que maximice su recuperaci\u00f3n financiera.<\/p>\n<h2>Programe una Consulta Con un Experimentado Abogado de Accidentes de Tren en Queens<\/h2>\n<p>\u00bfUsted o un miembro de su familia ha estado recientemente involucrado en un accidente de tren en Queens, New York? Contacte a Oresky &amp; Associates, LLC. Nuestros abogados de accidentes de tren en Queens tienen d\u00e9cadas de experiencia y han ganado m\u00e1s de $400 millones en beneficios, acuerdos y veredictos para clientes lesionados como usted.<\/p>\n<p>Llegaremos al fondo de lo ocurrido y trabajaremos diligentemente para ayudarlo a obtener una recuperaci\u00f3n financiera significativa. Nuestro equipo est\u00e1 preparado para enfrentarse con las compa\u00f1\u00edas de seguros, las compa\u00f1\u00edas de trenes y las partes negligentes en su nombre. Esto le da la oportunidad de descansar y recuperarse, sabiendo bien que su caso est\u00e1 en manos calificadas.<\/p>\n<p>Su primera evaluaci\u00f3n de caso es 100% gratuita, as\u00ed que ll\u00e1menos para programar la suya ahora.<\/p>\n","protected":false},"excerpt":{"rendered":"<p>Usted podr\u00eda tener derecho a una compensaci\u00f3n si recientemente ha sufrido lesiones en un accidente de tren en Queens, NY. Para maximizar su recuperaci\u00f3n financiera, puede ser importante hablar con un abogado de accidentes de tren en Queens en\u00a0Oresky &amp; Associates, LLC. Ll\u00e1menos al (929) 305-0949. Desde 1992, nuestros litigantes galardonados han ayudado a v\u00edctimas [&hellip;]<\/p>\n","protected":false},"author":9,"featured_media":0,"parent":19332,"menu_order":74,"comment_status":"closed","ping_status":"closed","template":"","meta":{"_acf_changed":false,"footnotes":""},"class_list":["post-19784","page","type-page","status-publish","hentry"],"acf":[],"yoast_head":"<!-- This site is optimized with the Yoast SEO plugin v27.3 - https:\/\/yoast.com\/product\/yoast-seo-wordpress\/ -->\n<title>Abogado de accidentes de tren en Queens - Oresky &amp; Associates, PLLC<\/title>\n<meta name=\"description\" content=\"Los accidentes de tren en Queens pueden ser devastadores. Obtenga la ayuda legal experta que necesita para obtener una indemnizaci\u00f3n. Llame a Oresky &amp; Associates, PLLC para una consulta.\" \/>\n<meta name=\"robots\" content=\"index, follow, max-snippet:-1, max-image-preview:large, max-video-preview:-1\" \/>\n<link rel=\"canonical\" href=\"https:\/\/oreskylaw.com\/es\/queens\/abogados-de-accidentes-de-tren\/\" \/>\n<meta property=\"og:locale\" content=\"es_ES\" \/>\n<meta property=\"og:type\" content=\"article\" \/>\n<meta property=\"og:title\" content=\"Abogado de accidentes de tren en Queens - Oresky &amp; Associates, PLLC\" \/>\n<meta property=\"og:description\" content=\"Los accidentes de tren en Queens pueden ser devastadores. Obtenga la ayuda legal experta que necesita para obtener una indemnizaci\u00f3n. Llame a Oresky &amp; Associates, PLLC para una consulta.\" \/>\n<meta property=\"og:url\" content=\"https:\/\/oreskylaw.com\/es\/queens\/abogados-de-accidentes-de-tren\/\" \/>\n<meta property=\"og:site_name\" content=\"Oresky &amp; Associates, PLLC\" \/>\n<meta property=\"article:publisher\" content=\"https:\/\/www.facebook.com\/Oreskylaw\/\" \/>\n<meta property=\"article:modified_time\" content=\"2026-01-31T11:07:34+00:00\" \/>\n<meta property=\"og:image\" content=\"https:\/\/oreskylaw.com\/wp-content\/uploads\/2026\/01\/How-Oresky-Associates-PLLC-Can-Help-After-a-Train-Accident-in-the-Bronx.webp\" \/>\n\t<meta property=\"og:image:width\" content=\"300\" \/>\n\t<meta property=\"og:image:height\" content=\"200\" \/>\n\t<meta property=\"og:image:type\" content=\"image\/webp\" \/>\n<meta name=\"twitter:card\" content=\"summary_large_image\" \/>\n<meta name=\"twitter:site\" content=\"@JacobOreskyLaw\" \/>\n<meta name=\"twitter:label1\" content=\"Tiempo de lectura\" \/>\n\t<meta name=\"twitter:data1\" content=\"8 minutos\" \/>\n<!-- \/ Yoast SEO plugin. -->","yoast_head_json":{"title":"Abogado de accidentes de tren en Queens - Oresky & Associates, PLLC","description":"Los accidentes de tren en Queens pueden ser devastadores. Obtenga la ayuda legal experta que necesita para obtener una indemnizaci\u00f3n. Llame a Oresky & Associates, PLLC para una consulta.","robots":{"index":"index","follow":"follow","max-snippet":"max-snippet:-1","max-image-preview":"max-image-preview:large","max-video-preview":"max-video-preview:-1"},"canonical":"https:\/\/oreskylaw.com\/es\/queens\/abogados-de-accidentes-de-tren\/","og_locale":"es_ES","og_type":"article","og_title":"Abogado de accidentes de tren en Queens - Oresky & Associates, PLLC","og_description":"Los accidentes de tren en Queens pueden ser devastadores. Obtenga la ayuda legal experta que necesita para obtener una indemnizaci\u00f3n. Llame a Oresky & Associates, PLLC para una consulta.","og_url":"https:\/\/oreskylaw.com\/es\/queens\/abogados-de-accidentes-de-tren\/","og_site_name":"Oresky &amp; Associates, PLLC","article_publisher":"https:\/\/www.facebook.com\/Oreskylaw\/","article_modified_time":"2026-01-31T11:07:34+00:00","og_image":[{"width":300,"height":200,"url":"https:\/\/oreskylaw.com\/wp-content\/uploads\/2026\/01\/How-Oresky-Associates-PLLC-Can-Help-After-a-Train-Accident-in-the-Bronx.webp","type":"image\/webp"}],"twitter_card":"summary_large_image","twitter_site":"@JacobOreskyLaw","twitter_misc":{"Tiempo de lectura":"8 minutos"},"schema":{"@context":"https:\/\/schema.org","@graph":[{"@type":"WebPage","@id":"https:\/\/oreskylaw.com\/es\/queens\/abogados-de-accidentes-de-tren\/","url":"https:\/\/oreskylaw.com\/es\/queens\/abogados-de-accidentes-de-tren\/","name":"Abogado de accidentes de tren en Queens - Oresky & Associates, PLLC","isPartOf":{"@id":"https:\/\/oreskylaw.com\/es\/#website"},"primaryImageOfPage":{"@id":"https:\/\/oreskylaw.com\/es\/queens\/abogados-de-accidentes-de-tren\/#primaryimage"},"image":{"@id":"https:\/\/oreskylaw.com\/es\/queens\/abogados-de-accidentes-de-tren\/#primaryimage"},"thumbnailUrl":"https:\/\/oreskylaw.com\/wp-content\/uploads\/2026\/01\/How-Oresky-Associates-PLLC-Can-Help-After-a-Train-Accident-in-the-Bronx.webp","datePublished":"2025-12-10T06:02:51+00:00","dateModified":"2026-01-31T11:07:34+00:00","description":"Los accidentes de tren en Queens pueden ser devastadores. Obtenga la ayuda legal experta que necesita para obtener una indemnizaci\u00f3n. Llame a Oresky & Associates, PLLC para una consulta.","breadcrumb":{"@id":"https:\/\/oreskylaw.com\/es\/queens\/abogados-de-accidentes-de-tren\/#breadcrumb"},"inLanguage":"es","potentialAction":[{"@type":"ReadAction","target":["https:\/\/oreskylaw.com\/es\/queens\/abogados-de-accidentes-de-tren\/"]}]},{"@type":"ImageObject","inLanguage":"es","@id":"https:\/\/oreskylaw.com\/es\/queens\/abogados-de-accidentes-de-tren\/#primaryimage","url":"https:\/\/oreskylaw.com\/wp-content\/uploads\/2026\/01\/How-Oresky-Associates-PLLC-Can-Help-After-a-Train-Accident-in-the-Bronx.webp","contentUrl":"https:\/\/oreskylaw.com\/wp-content\/uploads\/2026\/01\/How-Oresky-Associates-PLLC-Can-Help-After-a-Train-Accident-in-the-Bronx.webp"},{"@type":"BreadcrumbList","@id":"https:\/\/oreskylaw.com\/es\/queens\/abogados-de-accidentes-de-tren\/#breadcrumb","itemListElement":[{"@type":"ListItem","position":1,"name":"Inicio","item":"https:\/\/oreskylaw.com\/es\/"},{"@type":"ListItem","position":2,"name":"Queens","item":"https:\/\/oreskylaw.com\/es\/queens\/"},{"@type":"ListItem","position":3,"name":"Abogado de Accidentes de Tren"}]},{"@type":"WebSite","@id":"https:\/\/oreskylaw.com\/es\/#website","url":"https:\/\/oreskylaw.com\/es\/","name":"Oresky & Associates PLLC","description":"","publisher":{"@id":"https:\/\/oreskylaw.com\/es\/#organization"},"potentialAction":[{"@type":"SearchAction","target":{"@type":"EntryPoint","urlTemplate":"https:\/\/oreskylaw.com\/es\/?s={search_term_string}"},"query-input":{"@type":"PropertyValueSpecification","valueRequired":true,"valueName":"search_term_string"}}],"inLanguage":"es"}]}},"_links":{"self":[{"href":"https:\/\/oreskylaw.com\/es\/wp-json\/wp\/v2\/pages\/19784","targetHints":{"allow":["GET"]}}],"collection":[{"href":"https:\/\/oreskylaw.com\/es\/wp-json\/wp\/v2\/pages"}],"about":[{"href":"https:\/\/oreskylaw.com\/es\/wp-json\/wp\/v2\/types\/page"}],"author":[{"embeddable":true,"href":"https:\/\/oreskylaw.com\/es\/wp-json\/wp\/v2\/users\/9"}],"replies":[{"embeddable":true,"href":"https:\/\/oreskylaw.com\/es\/wp-json\/wp\/v2\/comments?post=19784"}],"version-history":[{"count":0,"href":"https:\/\/oreskylaw.com\/es\/wp-json\/wp\/v2\/pages\/19784\/revisions"}],"up":[{"embeddable":true,"href":"https:\/\/oreskylaw.com\/es\/wp-json\/wp\/v2\/pages\/19332"}],"wp:attachment":[{"href":"https:\/\/oreskylaw.com\/es\/wp-json\/wp\/v2\/media?parent=19784"}],"curies":[{"name":"wp","href":"https:\/\/api.w.org\/{rel}","templated":true}]}}