{"id":19796,"date":"2025-12-10T06:03:11","date_gmt":"2025-12-10T06:03:11","guid":{"rendered":"https:\/\/oreskylaw.com\/?page_id=19796"},"modified":"2026-01-31T11:12:25","modified_gmt":"2026-01-31T11:12:25","slug":"abogados-de-accidentes-de-trinchera","status":"publish","type":"page","link":"https:\/\/oreskylaw.com\/es\/queens\/abogados-de-accidentes-de-trinchera\/","title":{"rendered":"Abogado Especialista en Accidentes en Zanjas"},"content":{"rendered":"<p>Si usted ha sufrido un accidente en una zanja en Queens, NY, podr\u00eda tener derecho a recibir compensaci\u00f3n por sus lesiones. Excavar zanjas puede ser peligroso, especialmente si no se implementan estrictas medidas de seguridad. Los empleadores en New York est\u00e1n obligados a mantener lugares de trabajo seguros para sus trabajadores. Desafortunadamente, eso no siempre ocurre, y trabajadores inocentes como usted resultan heridos.<\/p>\n<p>Con d\u00e9cadas de experiencia en derecho de lesiones personales, nuestros abogados de accidentes en zanjas en Queens de\u00a0<a href=\"https:\/\/oreskylaw.com\/es\/acerca-de-nosotros\/\">Oresky &amp; Associates, PLLC<\/a>\u00a0han ayudado a innumerables clientes que han sufrido lesiones en sitios de construcci\u00f3n a obtener el dinero que necesitan para una recuperaci\u00f3n completa. Trabajaremos igual de duro para obtener resultados similares para usted.<\/p>\n<p><a href=\"https:\/\/oreskylaw.com\/es\/contacto\/\">Cont\u00e1ctenos<\/a>\u00a0en nuestras oficinas legales en la Ciudad de New York al\u00a0<a href=\"tel:+19293050949\">(929) 305-0949<\/a> para programar una consulta gratuita. Evaluaremos su caso y le ayudaremos a entender sus opciones legales. Nuestra estructura de pago por contingencia significa que no paga honorarios de abogado a menos que podamos asegurar una recompensa financiera en su nombre.<\/p>\n<h2>C\u00f3mo Oresky &amp; Associates Puede Ayudarle Despu\u00e9s de un Accidente en una Zanja en Queens<\/h2>\n<p><img loading=\"lazy\" decoding=\"async\" class=\"size-full wp-image-11594 alignleft\" src=\"https:\/\/oreskylaw.com\/wp-content\/uploads\/2026\/01\/How-Much-Does-it-Cost-to-Hire-a-Personal-Injury-Lawyer.webp\" alt=\"construction accident attorney bronx ny\" width=\"300\" height=\"200\" \/>En Oresky &amp; Associates, PLLC, nuestros abogados de lesiones personales en la Ciudad de New York han recuperado m\u00e1s de $400 millones para v\u00edctimas de lesiones en accidentes. Sabemos cu\u00e1n importante puede ser el dinero cuando est\u00e1 lidiando con una lesi\u00f3n.<\/p>\n<p>Cuando usted trabaja en la industria de la construcci\u00f3n en Queens, New York, enfrenta riesgos extremos. El m\u00e1s peque\u00f1o descuido puede significar la vida o la muerte. No hay espacio para la negligencia en una industria tan peligrosa. Por eso estamos comprometidos a responsabilizar financieramente a las partes responsables de su accidente de construcci\u00f3n.<\/p>\n<p>Cuando utilice nuestros servicios, nuestros\u00a0<a href=\"https:\/\/oreskylaw.com\/es\/queens\/abogados-de-accidentes-de-construccion\/\">abogados de accidentes de construcci\u00f3n en Queens<\/a> comenzar\u00e1n:<\/p>\n<ul>\n<li>Realizando una inspecci\u00f3n del sitio de trabajo<\/li>\n<li>Revisando evidencia, como declaraciones de testigos, informes de accidentes y grabaciones de c\u00e1maras de seguridad<\/li>\n<li>Consultando expertos en construcci\u00f3n y otros campos relacionados<\/li>\n<li>Presentando reclamaciones de compensaci\u00f3n para trabajadores y demandas de responsabilidad contra terceros<\/li>\n<li>Negociando con compa\u00f1\u00edas de seguros y otras partes involucradas<\/li>\n<\/ul>\n<p>Tener al abogado correcto a su lado puede marcar toda la diferencia en el resultado de su caso. En Oresky &amp; Associates, PLLC, nuestros clientes son como familia, y los tratamos como tal. Tenga la seguridad de que su caso est\u00e1 en buenas manos con nosotros.<\/p>\n<p>Nuestro bufete de abogados de lesiones personales est\u00e1 bien establecido y altamente considerado. Tambi\u00e9n contamos con una vasta red de recursos y la estabilidad financiera para cuidar los costos iniciales hasta que llegue su compensaci\u00f3n.<\/p>\n<p>Dado que no nos debe honorarios de abogado a menos que ganemos o resolvamos su reclamo, no tiene nada que perder contact\u00e1ndonos hoy para programar su consulta gratuita.<\/p>\n<h2>Causas Comunes de Accidentes en Zanjas en Queens<\/h2>\n<p>Se excavan zanjas para una variedad de prop\u00f3sitos, incluyendo la instalaci\u00f3n de tuber\u00edas y la construcci\u00f3n de cimientos. La Administraci\u00f3n de Seguridad y Salud Ocupacional (OSHA, por sus siglas en ingl\u00e9s) define la excavaci\u00f3n de zanjas como la creaci\u00f3n de una excavaci\u00f3n estrecha. Seg\u00fan la OSHA, la excavaci\u00f3n de zanjas es uno de los proyectos m\u00e1s peligrosos que los trabajadores de la construcci\u00f3n emprenden.<\/p>\n<p>Reducir el riesgo implementando medidas de seguridad cr\u00edticas puede ayudar. Desafortunadamente, los protocolos de seguridad no siempre se siguen, lo que lleva a accidentes tr\u00e1gicos.<\/p>\n<p>Las causas de accidentes en zanjas en Queens incluyen:<\/p>\n<div class=\"row\">\n<ul class=\"col-xl-6\">\n<li>No instalar sistemas de refuerzo protectores para prevenir derrumbes en las zanjas<\/li>\n<li>Resbalones y ca\u00eddas en el \u00e1rea alrededor de las zanjas<\/li>\n<li>Objetos que caen, incluyendo herramientas y maquinaria<\/li>\n<li>Supervisi\u00f3n inadecuada<\/li>\n<li>Electrocuci\u00f3n por cables expuestos<\/li>\n<li>Lesiones el\u00e9ctricas generales<\/li>\n<li>Entrenamiento insuficiente<\/li>\n<\/ul>\n<ul class=\"col-xl-6\">\n<li>Falta de inspecciones continuas a medida que cambian las condiciones del suelo<\/li>\n<li>No realizar un an\u00e1lisis de las condiciones del suelo antes del proyecto<\/li>\n<li>Dejar el suelo demasiado cerca del borde de la zanja<\/li>\n<li>Equipamiento defectuoso<\/li>\n<li>Gases t\u00f3xicos y explosiones<\/li>\n<li>Ahogamiento<\/li>\n<\/ul>\n<\/div>\n<p>Como parte de nuestra investigaci\u00f3n, nuestros abogados de lesiones personales identificar\u00e1n la causa de su accidente en zanja y la rastrear\u00e1n para determinar qui\u00e9n puede ser responsable.<\/p>\n    <div class=\"cw-cta-box\">\n        <div class=\"cw-cta-box__inner \">\n            <div class=\"cw-cta-box__info\">\n                                    <div class=\"label\">\u00a1Llame ahora!<\/div>\n                            <\/div>\n                            <div class=\"contact-phone\">\n                    <a href=\"tel:7189939999\"\n                        aria-label=\"Tap to call button\">\n                        718-993-9999                    <\/a>\n                <\/div>\n                    <\/div>\n                    <a href=\"\/es\/contacto\/\"\n               class=\"cta-btn btn btn--primary btn\"\n               target=\"\">\n                Obtenga Una Consulta Gratuita            <\/a>\n            <\/div>\n    \n<h2>Lesiones Graves Pueden Resultar de un Accidente en una Zanja en Queens, New York<\/h2>\n<p>Los accidentes en zanjas pueden resultar en una variedad de lesiones, incluyendo:<\/p>\n<div class=\"row\">\n<ul class=\"col-xl-6\">\n<li>Electrocuci\u00f3n<\/li>\n<li><a href=\"https:\/\/oreskylaw.com\/es\/lesion\/abogados-de-lesiones-cerebrales\/\">Lesiones cerebrales<\/a><\/li>\n<li>Sofocaci\u00f3n<\/li>\n<li>Lesiones en el cuello<\/li>\n<li><a href=\"https:\/\/oreskylaw.com\/es\/lesion\/abogados-de-lesiones-de-espalda\/\">Lesiones en la espalda<\/a><\/li>\n<li>P\u00e9rdida de extremidades<\/li>\n<\/ul>\n<ul class=\"col-xl-6\">\n<li><a href=\"https:\/\/oreskylaw.com\/es\/lesion\/abogados-de-lesiones-huesos-rotos\/\">Huesos rotos, aplastados o fracturados<\/a><\/li>\n<li><a href=\"https:\/\/oreskylaw.com\/es\/lesion\/abogados-de-lesiones-de-la-medula-espinal\/\">Lesiones en la m\u00e9dula espinal<\/a><\/li>\n<li>Da\u00f1o a \u00f3rganos internos<\/li>\n<li>Quemaduras<\/li>\n<li>Par\u00e1lisis<\/li>\n<\/ul>\n<\/div>\n<p>Adem\u00e1s de las lesiones mencionadas, la muerte tambi\u00e9n es una triste posibilidad. De hecho, la OSHA informa que la tasa de mortalidad para los trabajadores de zanjas es un 112% m\u00e1s alta que para otros en la industria de la construcci\u00f3n.<\/p>\n<h2>\u00bfQui\u00e9n es Responsable de Pagar los Da\u00f1os Despu\u00e9s de un Accidente en una Zanja en Queens?<\/h2>\n<p>En general, los trabajadores de la construcci\u00f3n deben recurrir a sus empleadores para obtener alivio al presentar una reclamaci\u00f3n de compensaci\u00f3n para trabajadores.<\/p>\n<p>La compensaci\u00f3n para trabajadores es un tipo de seguro que los empleadores llevan en caso de lesiones a empleados. Los beneficios de la compensaci\u00f3n para trabajadores cubren <a href=\"https:\/\/www.justia.com\/injury\/negligence-theory\/economic-damages\/\" target=\"_blank\" rel=\"nofollow noopener noreferrer\">da\u00f1os econ\u00f3micos<\/a> como gastos m\u00e9dicos, ingresos perdidos y costos de rehabilitaci\u00f3n. Sin embargo, no cubre da\u00f1os no econ\u00f3micos como dolor y sufrimiento, angustia emocional y reducci\u00f3n de la calidad de vida.<\/p>\n<p>Si un tercero tiene la culpa de sus lesiones, puede solicitar una compensaci\u00f3n por da\u00f1os no econ\u00f3micos que la compensaci\u00f3n para trabajadores no cubre.<\/p>\n<p>Posibles terceros contra quienes puede tener un reclamo incluyen:<\/p>\n<div class=\"row\">\n<ul class=\"col-xl-6\">\n<li>Contratistas generales<\/li>\n<li>Fabricantes de equipos<\/li>\n<li>Dise\u00f1adores\/ingenieros<\/li>\n<\/ul>\n<ul class=\"col-xl-6\">\n<li>Propietarios de la propiedad<\/li>\n<li>Inspectores<\/li>\n<li>Instaladores de sistemas de protecci\u00f3n<\/li>\n<\/ul>\n<\/div>\n<p>En algunos casos raros, puede ser capaz de responsabilizar a su empleador m\u00e1s all\u00e1 de la compensaci\u00f3n para trabajadores demostrando lesi\u00f3n intencional o negligencia grave.<\/p>\n<h2>Programe una Consulta Gratuita con Nuestros Abogados de Accidentes en Zanjas en Queens<\/h2>\n<p>Los accidentes de construcci\u00f3n son traum\u00e1ticos y tienen un gran impacto en su vida. Adem\u00e1s del dolor f\u00edsico y emocional, no deber\u00eda tener que cargar con las repercusiones financieras. Podemos ayudarle a obtener el dinero que necesita de las personas responsables de sus lesiones.<\/p>\n<p>Llame a Oresky &amp; Associates, PLLC para obtener m\u00e1s informaci\u00f3n sobre nuestro bufete de abogados, nuestros abogados de accidentes en zanjas en Queens y c\u00f3mo podemos ayudarle a obtener el alivio que necesita.<\/p>\n","protected":false},"excerpt":{"rendered":"<p>Si usted ha sufrido un accidente en una zanja en Queens, NY, podr\u00eda tener derecho a recibir compensaci\u00f3n por sus lesiones. Excavar zanjas puede ser peligroso, especialmente si no se implementan estrictas medidas de seguridad. Los empleadores en New York est\u00e1n obligados a mantener lugares de trabajo seguros para sus trabajadores. Desafortunadamente, eso no siempre [&hellip;]<\/p>\n","protected":false},"author":9,"featured_media":0,"parent":19332,"menu_order":75,"comment_status":"closed","ping_status":"closed","template":"","meta":{"_acf_changed":false,"footnotes":""},"class_list":["post-19796","page","type-page","status-publish","hentry"],"acf":[],"yoast_head":"<!-- This site is optimized with the Yoast SEO plugin v27.3 - https:\/\/yoast.com\/product\/yoast-seo-wordpress\/ -->\n<title>Abogado Especialista en Accidentes de Zanja en Queens - Oresky &amp; Associates, PLLC<\/title>\n<meta name=\"description\" content=\"\u00bfHerido en un accidente de zanja en Queens? Nuestros abogados luchar\u00e1n por m\u00e1xima compensaci\u00f3n laboral o reclamos a terceros. Contacte nuestro bufete ahora.\" \/>\n<meta name=\"robots\" content=\"index, follow, max-snippet:-1, max-image-preview:large, max-video-preview:-1\" \/>\n<link rel=\"canonical\" href=\"https:\/\/oreskylaw.com\/es\/queens\/abogados-de-accidentes-de-trinchera\/\" \/>\n<meta property=\"og:locale\" content=\"es_ES\" \/>\n<meta property=\"og:type\" content=\"article\" \/>\n<meta property=\"og:title\" content=\"Abogado Especialista en Accidentes de Zanja en Queens - Oresky &amp; Associates, PLLC\" \/>\n<meta property=\"og:description\" content=\"\u00bfHerido en un accidente de zanja en Queens? Nuestros abogados luchar\u00e1n por m\u00e1xima compensaci\u00f3n laboral o reclamos a terceros. Contacte nuestro bufete ahora.\" \/>\n<meta property=\"og:url\" content=\"https:\/\/oreskylaw.com\/es\/queens\/abogados-de-accidentes-de-trinchera\/\" \/>\n<meta property=\"og:site_name\" content=\"Oresky &amp; Associates, PLLC\" \/>\n<meta property=\"article:publisher\" content=\"https:\/\/www.facebook.com\/Oreskylaw\/\" \/>\n<meta property=\"article:modified_time\" content=\"2026-01-31T11:12:25+00:00\" \/>\n<meta property=\"og:image\" content=\"https:\/\/oreskylaw.com\/wp-content\/uploads\/2026\/01\/How-Much-Does-it-Cost-to-Hire-a-Personal-Injury-Lawyer.webp\" \/>\n\t<meta property=\"og:image:width\" content=\"300\" \/>\n\t<meta property=\"og:image:height\" content=\"200\" \/>\n\t<meta property=\"og:image:type\" content=\"image\/webp\" \/>\n<meta name=\"twitter:card\" content=\"summary_large_image\" \/>\n<meta name=\"twitter:site\" content=\"@JacobOreskyLaw\" \/>\n<meta name=\"twitter:label1\" content=\"Tiempo de lectura\" \/>\n\t<meta name=\"twitter:data1\" content=\"5 minutos\" \/>\n<!-- \/ Yoast SEO plugin. -->","yoast_head_json":{"title":"Abogado Especialista en Accidentes de Zanja en Queens - Oresky & Associates, PLLC","description":"\u00bfHerido en un accidente de zanja en Queens? Nuestros abogados luchar\u00e1n por m\u00e1xima compensaci\u00f3n laboral o reclamos a terceros. Contacte nuestro bufete ahora.","robots":{"index":"index","follow":"follow","max-snippet":"max-snippet:-1","max-image-preview":"max-image-preview:large","max-video-preview":"max-video-preview:-1"},"canonical":"https:\/\/oreskylaw.com\/es\/queens\/abogados-de-accidentes-de-trinchera\/","og_locale":"es_ES","og_type":"article","og_title":"Abogado Especialista en Accidentes de Zanja en Queens - Oresky & Associates, PLLC","og_description":"\u00bfHerido en un accidente de zanja en Queens? Nuestros abogados luchar\u00e1n por m\u00e1xima compensaci\u00f3n laboral o reclamos a terceros. Contacte nuestro bufete ahora.","og_url":"https:\/\/oreskylaw.com\/es\/queens\/abogados-de-accidentes-de-trinchera\/","og_site_name":"Oresky &amp; Associates, PLLC","article_publisher":"https:\/\/www.facebook.com\/Oreskylaw\/","article_modified_time":"2026-01-31T11:12:25+00:00","og_image":[{"width":300,"height":200,"url":"https:\/\/oreskylaw.com\/wp-content\/uploads\/2026\/01\/How-Much-Does-it-Cost-to-Hire-a-Personal-Injury-Lawyer.webp","type":"image\/webp"}],"twitter_card":"summary_large_image","twitter_site":"@JacobOreskyLaw","twitter_misc":{"Tiempo de lectura":"5 minutos"},"schema":{"@context":"https:\/\/schema.org","@graph":[{"@type":"WebPage","@id":"https:\/\/oreskylaw.com\/es\/queens\/abogados-de-accidentes-de-trinchera\/","url":"https:\/\/oreskylaw.com\/es\/queens\/abogados-de-accidentes-de-trinchera\/","name":"Abogado Especialista en Accidentes de Zanja en Queens - Oresky & Associates, PLLC","isPartOf":{"@id":"https:\/\/oreskylaw.com\/es\/#website"},"primaryImageOfPage":{"@id":"https:\/\/oreskylaw.com\/es\/queens\/abogados-de-accidentes-de-trinchera\/#primaryimage"},"image":{"@id":"https:\/\/oreskylaw.com\/es\/queens\/abogados-de-accidentes-de-trinchera\/#primaryimage"},"thumbnailUrl":"https:\/\/oreskylaw.com\/wp-content\/uploads\/2026\/01\/How-Much-Does-it-Cost-to-Hire-a-Personal-Injury-Lawyer.webp","datePublished":"2025-12-10T06:03:11+00:00","dateModified":"2026-01-31T11:12:25+00:00","description":"\u00bfHerido en un accidente de zanja en Queens? Nuestros abogados luchar\u00e1n por m\u00e1xima compensaci\u00f3n laboral o reclamos a terceros. Contacte nuestro bufete ahora.","breadcrumb":{"@id":"https:\/\/oreskylaw.com\/es\/queens\/abogados-de-accidentes-de-trinchera\/#breadcrumb"},"inLanguage":"es","potentialAction":[{"@type":"ReadAction","target":["https:\/\/oreskylaw.com\/es\/queens\/abogados-de-accidentes-de-trinchera\/"]}]},{"@type":"ImageObject","inLanguage":"es","@id":"https:\/\/oreskylaw.com\/es\/queens\/abogados-de-accidentes-de-trinchera\/#primaryimage","url":"https:\/\/oreskylaw.com\/wp-content\/uploads\/2026\/01\/How-Much-Does-it-Cost-to-Hire-a-Personal-Injury-Lawyer.webp","contentUrl":"https:\/\/oreskylaw.com\/wp-content\/uploads\/2026\/01\/How-Much-Does-it-Cost-to-Hire-a-Personal-Injury-Lawyer.webp"},{"@type":"BreadcrumbList","@id":"https:\/\/oreskylaw.com\/es\/queens\/abogados-de-accidentes-de-trinchera\/#breadcrumb","itemListElement":[{"@type":"ListItem","position":1,"name":"Inicio","item":"https:\/\/oreskylaw.com\/es\/"},{"@type":"ListItem","position":2,"name":"Queens","item":"https:\/\/oreskylaw.com\/es\/queens\/"},{"@type":"ListItem","position":3,"name":"Abogado Especialista en Accidentes en Zanjas"}]},{"@type":"WebSite","@id":"https:\/\/oreskylaw.com\/es\/#website","url":"https:\/\/oreskylaw.com\/es\/","name":"Oresky & Associates PLLC","description":"","publisher":{"@id":"https:\/\/oreskylaw.com\/es\/#organization"},"potentialAction":[{"@type":"SearchAction","target":{"@type":"EntryPoint","urlTemplate":"https:\/\/oreskylaw.com\/es\/?s={search_term_string}"},"query-input":{"@type":"PropertyValueSpecification","valueRequired":true,"valueName":"search_term_string"}}],"inLanguage":"es"}]}},"_links":{"self":[{"href":"https:\/\/oreskylaw.com\/es\/wp-json\/wp\/v2\/pages\/19796","targetHints":{"allow":["GET"]}}],"collection":[{"href":"https:\/\/oreskylaw.com\/es\/wp-json\/wp\/v2\/pages"}],"about":[{"href":"https:\/\/oreskylaw.com\/es\/wp-json\/wp\/v2\/types\/page"}],"author":[{"embeddable":true,"href":"https:\/\/oreskylaw.com\/es\/wp-json\/wp\/v2\/users\/9"}],"replies":[{"embeddable":true,"href":"https:\/\/oreskylaw.com\/es\/wp-json\/wp\/v2\/comments?post=19796"}],"version-history":[{"count":0,"href":"https:\/\/oreskylaw.com\/es\/wp-json\/wp\/v2\/pages\/19796\/revisions"}],"up":[{"embeddable":true,"href":"https:\/\/oreskylaw.com\/es\/wp-json\/wp\/v2\/pages\/19332"}],"wp:attachment":[{"href":"https:\/\/oreskylaw.com\/es\/wp-json\/wp\/v2\/media?parent=19796"}],"curies":[{"name":"wp","href":"https:\/\/api.w.org\/{rel}","templated":true}]}}