{"id":19808,"date":"2026-01-19T08:09:48","date_gmt":"2026-01-19T08:09:48","guid":{"rendered":"https:\/\/oreskylaw.com\/?page_id=19808"},"modified":"2026-01-31T11:17:12","modified_gmt":"2026-01-31T11:17:12","slug":"abogados-de-accidentes-de-camiones","status":"publish","type":"page","link":"https:\/\/oreskylaw.com\/es\/queens\/abogados-de-accidentes-de-camiones\/","title":{"rendered":"Abogado de accidentes de cami\u00f3n"},"content":{"rendered":"<p>\u00bfTe has visto implicado recientemente en un accidente de cami\u00f3n en Queens, NY? Es posible que tengas derecho a recibir una indemnizaci\u00f3n por da\u00f1os y perjuicios, que puede incluir dinero para pagar las facturas m\u00e9dicas y tu sufrimiento. Nuestros experimentados abogados de accidentes de cami\u00f3n en Queens de\u00a0<a href=\"https:\/\/oreskylaw.com\/es\/acerca-de-nosotros\/\">Oresky &amp; Associates, PLLC<\/a>\u00a0puede ayudarte a luchar para conseguir el dinero que te mereces.<\/p>\n<p>Llevamos m\u00e1s de 30 a\u00f1os defendiendo a las v\u00edctimas de accidentes de tr\u00e1fico en Queens. A trav\u00e9s de una dura defensa, nuestros abogados han conseguido m\u00e1s de 400 millones de d\u00f3lares para clientes como t\u00fa. Estamos preparados para enfrentarnos a las compa\u00f1\u00edas de camiones y a las agencias de seguros en tu nombre.<\/p>\n<p>Ponte en\u00a0<a href=\"https:\/\/oreskylaw.com\/es\/contacto\/\">contacto<\/a>\u00a0con nuestro despacho de abogados en Queens para concertar una cita para hablar con un abogado calificado. Siempre estamos aqu\u00ed para atender tu llamada -24 horas al d\u00eda, 365 d\u00edas al a\u00f1o- al\u00a0<a href=\"tel:+19293050949\">(929) 305-0949<\/a>, as\u00ed que ponte en contacto con nosotros para empezar hoy mismo.<\/p>\n<h2>C\u00f3mo pueden ayudar nuestros abogados de lesiones personales de Queens tras un accidente de cami\u00f3n<\/h2>\n<p>Los accidentes de cami\u00f3n son complicados. Suele haber muchas partes implicadas y las circunstancias de un accidente son dif\u00edciles de entender. Contratar a un abogado experto en lesiones personales de Queens es la mejor manera de tener el tiempo para recuperarse y prepararse para una victoria econ\u00f3mica muy necesaria.<\/p>\n<p>En Oresky &amp; Associates, PLLC, somos abogados galardonados porque nos enfrentamos y luchamos contra poderosos acusados para defender a nuestros clientes, y obtenemos resultados. Les hemos ayudado a recuperar m\u00e1s de 400 millones de d\u00f3lares en acuerdos y veredictos.<\/p>\n<p>Cuando contratas a nuestro despacho de abogados para que te represente tras un accidente de cami\u00f3n en Queens, New York, nosotros:<\/p>\n<ul>\n<li>Pondremos en marcha una investigaci\u00f3n exhaustiva sobre tu accidente de cami\u00f3n<\/li>\n<li>Aseguraremos las pruebas importantes, incluidos los datos del m\u00f3dulo de control electr\u00f3nico (ECM) o del registrador de datos de eventos (EDR) y los registros de mantenimiento del veh\u00edculo<\/li>\n<li>Trabajaremos estrechamente con los principales expertos en lesiones por accidente de cami\u00f3n mientras analizamos los hechos y construimos tu caso<\/li>\n<li>Gestionaremos todas las negociaciones con otras partes en tu nombre<\/li>\n<li>Haremos que nuestros abogados litigantes de primera l\u00ednea lleven tu caso ante un jurado compasivo, si es necesario.<\/li>\n<\/ul>\n<p>Entendemos lo devastador que puede ser un accidente de cami\u00f3n para las v\u00edctimas y sus familias. Por eso trabajamos incansablemente para ayudarles a recuperarse y seguir adelante. Tras tu accidente de cami\u00f3n, debes saber que puedes confiar en nosotros para ayudarte a superar este dif\u00edcil momento.<\/p>\n<p>Ll\u00e1manos ahora para obtener m\u00e1s informaci\u00f3n y programar la evaluaci\u00f3n inicial gratuita de tu caso.<\/p>\n<h2>\u00bfQu\u00e9 tan comunes son los accidentes de cami\u00f3n en Queens, NY?<\/h2>\n<p>En diciembre de 2021, se registraron un total de\u00a0<a href=\"https:\/\/www1.nyc.gov\/assets\/nypd\/downloads\/pdf\/traffic_data\/cityacc-en-us.pdf\" target=\"_blank\" rel=\"nofollow noopener noreferrer\">142 accidentes de cami\u00f3n<\/a>\u00a0en el distrito de Queens. Eso supone una media de 4.5 accidentes de cami\u00f3n al d\u00eda.<\/p>\n<p>Los accidentes de camiones parecen ocurrir con m\u00e1s frecuencia en Queens que en la mayor\u00eda de los dem\u00e1s distritos. En diciembre de 2021, solo Brooklyn vio m\u00e1s colisiones con veh\u00edculos comerciales de gran tama\u00f1o.<\/p>\n<h2>\u00bfCu\u00e1nto vale mi caso de accidente de cami\u00f3n?<\/h2>\n<p><img loading=\"lazy\" decoding=\"async\" class=\"size-medium wp-image-33883 alignleft\" src=\"https:\/\/oreskylaw.com\/wp-content\/uploads\/2026\/01\/Cuant-vale-mi-caso-de-accidente-de-camion-300x200.webp\" alt=\"\u00bfCu\u00e1nto vale mi caso de accidente de cami\u00f3n?\" width=\"300\" height=\"200\" srcset=\"https:\/\/oreskylaw.com\/wp-content\/uploads\/2026\/01\/Cuant-vale-mi-caso-de-accidente-de-camion-300x200.webp 300w, https:\/\/oreskylaw.com\/wp-content\/uploads\/2026\/01\/Cuant-vale-mi-caso-de-accidente-de-camion-768x513.webp 768w, https:\/\/oreskylaw.com\/wp-content\/uploads\/2026\/01\/Cuant-vale-mi-caso-de-accidente-de-camion.webp 1024w\" sizes=\"auto, (max-width: 300px) 100vw, 300px\" \/>Los accidentes en los que est\u00e1n implicados grandes veh\u00edculos comerciales, como los grandes camiones y los remolques, pueden causar muchos da\u00f1os y destrucci\u00f3n. Por ello, los casos de lesiones personales relacionados con accidentes de cami\u00f3n en Queens pueden tener un valor superior al de los accidentes de coche normales.<\/p>\n<p>Pero cada caso es \u00fanico, y el valor de tu caso de accidente de cami\u00f3n depender\u00e1 de sus propias circunstancias espec\u00edficas.<\/p>\n<p>Los factores que influyen en el valor de un caso de accidente de cami\u00f3n pueden ser:<\/p>\n<div class=\"row\">\n<ul class=\"col-xl-6\">\n<li>Los tipos de lesiones que sufres<\/li>\n<li>El alcance de esas lesiones y el tiempo que probablemente tardar\u00e1n en recuperarse<\/li>\n<li>Si puedes o no recuperarte de tus lesiones o si \u00e9stas provocan una incapacidad permanente<\/li>\n<li>C\u00f3mo se ve afectada tu capacidad de ganancia por las lesiones de tu accidente de cami\u00f3n<\/li>\n<\/ul>\n<ul class=\"col-xl-6\">\n<li>La cantidad de salarios e ingresos que pierdes mientras te recuperas<\/li>\n<li>El grado de culpa que compartes en la colisi\u00f3n<\/li>\n<li>C\u00f3mo te afecta emocionalmente el accidente<\/li>\n<li>Tus gastos de bolsillo, tanto presentes como futuros.<\/li>\n<\/ul>\n<\/div>\n<p>Por regla general, cuanto m\u00e1s graves sean tus lesiones, probablemente m\u00e1s valdr\u00e1 tu caso. Un abogado experto en lesiones personales puede darte una idea mejor despu\u00e9s de escuchar tu historia y considerar los hechos y las pruebas relacionadas con tu caso.<\/p>\n<h2>\u00bfQu\u00e9 da\u00f1os y perjuicios pueden obtener las v\u00edctimas de accidentes de cami\u00f3n en Queens?<\/h2>\n<p>En New York, las v\u00edctimas de accidentes de tr\u00e1fico pueden reclamar da\u00f1os y perjuicios tanto\u00a0<a href=\"https:\/\/oreskylaw.com\/es\/blog\/lesiones-personales-danos-economicos\/\">econ\u00f3micos<\/a>\u00a0como no econ\u00f3micos.<\/p>\n<h3>Da\u00f1os Econ\u00f3micos<\/h3>\n<p>Los da\u00f1os econ\u00f3micos se pagan para compensar los costos financieros verificables de un accidente, como:<\/p>\n<div class=\"row\">\n<ul class=\"col-xl-6\">\n<li>Facturas m\u00e9dicas (actuales y en el futuro)<\/li>\n<li>P\u00e9rdida de salarios e ingresos<\/li>\n<li>Discapacidad<\/li>\n<li>Rehabilitaci\u00f3n<\/li>\n<\/ul>\n<ul class=\"col-xl-6\">\n<li>Fisioterapia<\/li>\n<li>Cuidados de enfermer\u00eda<\/li>\n<li>Da\u00f1os a la propiedad<\/li>\n<li>Los gastos funerarios, si un accidente de cami\u00f3n es mortal.<\/li>\n<\/ul>\n<\/div>\n<h3>Da\u00f1os No Econ\u00f3micos<\/h3>\n<p>Los da\u00f1os no econ\u00f3micos se conceden para compensar las consecuencias de un accidente que son dif\u00edciles de valorar en t\u00e9rminos de d\u00f3lares y centavos.<\/p>\n<p>A menudo se llaman da\u00f1os y perjuicios por \u201cdolor y sufrimiento\u201d, y pueden incluir dinero por:<\/p>\n<div class=\"row\">\n<ul class=\"col-xl-6\">\n<li>P\u00e9rdida de la calidad de vida<\/li>\n<li>Dolor f\u00edsico<\/li>\n<li>Sufrimiento emocional y angustia<\/li>\n<\/ul>\n<ul class=\"col-xl-6\">\n<li>Angustia mental<\/li>\n<li>P\u00e9rdida del c\u00f3nyuge<\/li>\n<li>Desfiguraci\u00f3n y cicatrizaci\u00f3n<\/li>\n<\/ul>\n<\/div>\n<h3>Da\u00f1os Punitivos<\/h3>\n<p>Si se determina que un conductor de cami\u00f3n u otra parte responsable actu\u00f3 con negligencia intencionada o gratuita, tambi\u00e9n puede haber da\u00f1os punitivos. Por ejemplo, podr\u00edan concederte da\u00f1os punitivos si el camionero que caus\u00f3 tu accidente sab\u00eda que estaba demasiado borracho o intoxicado para conducir, pero de todos modos se puso al volante de su cami\u00f3n.<\/p>\n<h2>\u00bfA qui\u00e9n puedo demandar si he resultado herido en un accidente de cami\u00f3n en Queens?<\/h2>\n<p>En primer lugar, es importante entender que New York funciona con\u00a0<a href=\"https:\/\/dfs.ny.gov\/consumers\/auto_insurance\/nofault_faqs\" target=\"_blank\" rel=\"nofollow noopener noreferrer\">normas de seguro \u201csin culpa\u201d<\/a>. Esto significa que, tras un accidente de tr\u00e1fico, generalmente buscar\u00e1s primero una indemnizaci\u00f3n de tu propio proveedor de seguros. Esto es as\u00ed, independientemente de qui\u00e9n sea el culpable del accidente de cami\u00f3n.<\/p>\n<p>Cuando agotes las prestaciones del seguro o si tu aseguradora no quiere pagar, puedes reclamar una indemnizaci\u00f3n a los verdaderos responsables del siniestro.<\/p>\n<h3>Presentaci\u00f3n de una demanda contra las partes negligentes<\/h3>\n<p>Seg\u00fan la ley del estado de New York, cualquiera que contribuya a un accidente en el que est\u00e9 implicado un cami\u00f3n-remolque puede ser responsable de las consecuencias. A menudo, esto significa que pedir\u00e1s da\u00f1os y perjuicios a un conductor de cami\u00f3n negligente (o, m\u00e1s concretamente, a su compa\u00f1\u00eda de seguros).<\/p>\n<p>Sin embargo, los conductores de camiones no son los \u00fanicos que pueden ser responsables de contribuir o causar tu accidente con un veh\u00edculo comercial.<\/p>\n<p>Otras partes responsables podr\u00edan ser:<\/p>\n<ul>\n<li>El empleador del camionero<\/li>\n<li>Empresas de transporte<\/li>\n<li>Empresas responsables de la fabricaci\u00f3n de camiones o equipos de transporte<\/li>\n<li>Otros automovilistas en la carretera, incluidos los conductores de veh\u00edculos de pasajeros, motociclistas, conductores de autobuses y conductores de Uber o Lyft<\/li>\n<li>Ciclistas o peatones<\/li>\n<li>Organismos gubernamentales<\/li>\n<\/ul>\n<p>En Oresky y Asociados, investigaremos cuidadosamente tu accidente para identificar por qu\u00e9 ocurri\u00f3. Entender la causa nos permitir\u00e1 determinar qui\u00e9n tiene la culpa y, a su vez, si es responsable de tus lesiones.<\/p>\n    <div class=\"cw-cta-box\">\n        <div class=\"cw-cta-box__inner \">\n            <div class=\"cw-cta-box__info\">\n                                    <div class=\"label\">\u00a1Llame ahora!<\/div>\n                            <\/div>\n                            <div class=\"contact-phone\">\n                    <a href=\"tel:7189939999\"\n                        aria-label=\"Tap to call button\">\n                        718-993-9999                    <\/a>\n                <\/div>\n                    <\/div>\n                    <a href=\"\/es\/contacto\/\"\n               class=\"cta-btn btn btn--primary btn\"\n               target=\"\">\n                Obtenga Una Consulta Gratuita            <\/a>\n            <\/div>\n    \n<h2>\u00bfQu\u00e9 ocurre si me culpan de mi accidente de cami\u00f3n?<\/h2>\n<p>Puedes recuperar la indemnizaci\u00f3n siempre que no tengas el 100% de la culpa. New York funciona con un sistema de\u00a0<a href=\"https:\/\/www.nysenate.gov\/legislation\/laws\/CVP\/1411\" target=\"_blank\" rel=\"nofollow noopener noreferrer\">culpa comparativa pura<\/a>. Esto significa que compartir la culpa no impedir\u00e1 una demanda, pero tus da\u00f1os se ver\u00e1n reducidos por el grado de culpa que tengas.<\/p>\n<p>Compartir el 10% de la culpa del accidente de cami\u00f3n supondr\u00e1 una reducci\u00f3n de los da\u00f1os en un 10%.<\/p>\n<p>Las compa\u00f1\u00edas de seguros, en particular, se apresurar\u00e1n a se\u00f1alar con el dedo y culpar a la v\u00edctima. Nuestros abogados dar\u00e1n la cara por ti y te defender\u00e1n contra este tipo de t\u00e1cticas. Trabajaremos con diligencia para demostrar que estas afirmaciones son falsas o, como m\u00ednimo, que tu contribuci\u00f3n al accidente fue peque\u00f1a. Cuanta menos culpa se te asigne, m\u00e1s dinero podr\u00e1s obtener por tus lesiones.<\/p>\n<h2>\u00bfQu\u00e9 causa la mayor\u00eda de los accidentes de cami\u00f3n en Queens?<\/h2>\n<p><img loading=\"lazy\" decoding=\"async\" class=\"size-medium wp-image-33886 alignright\" src=\"https:\/\/oreskylaw.com\/wp-content\/uploads\/2026\/01\/Que-causa-la-mayoria-de-los-accidentes-de-camion-en-Queens-300x200.webp\" alt=\"\u00bfQu\u00e9 causa la mayor\u00eda de los accidentes de cami\u00f3n en Queens?\" width=\"300\" height=\"200\" srcset=\"https:\/\/oreskylaw.com\/wp-content\/uploads\/2026\/01\/Que-causa-la-mayoria-de-los-accidentes-de-camion-en-Queens-300x200.webp 300w, https:\/\/oreskylaw.com\/wp-content\/uploads\/2026\/01\/Que-causa-la-mayoria-de-los-accidentes-de-camion-en-Queens-768x512.webp 768w, https:\/\/oreskylaw.com\/wp-content\/uploads\/2026\/01\/Que-causa-la-mayoria-de-los-accidentes-de-camion-en-Queens.webp 1024w\" sizes=\"auto, (max-width: 300px) 100vw, 300px\" \/>Los camiones son veh\u00edculos grandes y pesados. Los semirremolques pueden pesar hasta\u00a0<a href=\"https:\/\/www.tcsfuel.com\/blog\/truck-weight-classification\/\" target=\"_blank\" rel=\"nofollow noopener noreferrer\">80,000 libras<\/a>\u00a0y tener m\u00e1s de\u00a0<a href=\"https:\/\/www.bwtrailer.com\/semi-trailer-dimensions\/\" target=\"_blank\" rel=\"nofollow noopener noreferrer\">50 pies de largo<\/a>. Son dif\u00edciles de manejar, especialmente en las peque\u00f1as, estrechas y concurridas carreteras de Queens. Cualquier paso en falso o error de juicio puede hacer que estos camiones se vean involucrados en accidentes.<\/p>\n<p>La mayor\u00eda de las veces, nuestro despacho representa a clientes que han sufrido accidentes de cami\u00f3n causados por:<\/p>\n<div class=\"row\">\n<ul class=\"col-xl-6\">\n<li>Exceso de velocidad<\/li>\n<li>Ceder el paso de forma indebida o no ceder el derecho de paso<\/li>\n<li>Conductores de camiones cansados<\/li>\n<li>Conductores de camiones que operan bajo la influencia de drogas o alcohol<\/li>\n<li>Veh\u00edculos mal cargados<\/li>\n<\/ul>\n<ul class=\"col-xl-6\">\n<li>Conductores no cualificados o con f&lt;capacitaci\u00f3n inadecuada<\/li>\n<li>Defectos del veh\u00edculo, como frenos o luces defectuosas<\/li>\n<li>Camiones o equipos con un mantenimiento inadecuado<\/li>\n<li>Defectos en la carretera<\/li>\n<\/ul>\n<\/div>\n<p>En muchos casos, uno o varios de estos factores desempe\u00f1an un papel en los accidentes de cami\u00f3n en Queens.<\/p>\n<h2>Los accidentes de camiones grandes pueden provocar lesiones catastr\u00f3ficas y muerte por negligencia<\/h2>\n<p>Cualquier lesi\u00f3n derivada de un accidente de tr\u00e1fico puede cambiar el curso de tu vida. Sin embargo, cuando est\u00e1 implicado un cami\u00f3n, las lesiones suelen ser m\u00e1s graves.<\/p>\n<p>Algunas de las lesiones m\u00e1s comunes en los accidentes de cami\u00f3n son:<\/p>\n<div class=\"row\">\n<ul class=\"col-xl-6\">\n<li>Huesos rotos<\/li>\n<li>Quemaduras<\/li>\n<li>Lesi\u00f3n tor\u00e1cica<\/li>\n<li>Lesi\u00f3n por aplastamiento<\/li>\n<li>Lesi\u00f3n ocular<\/li>\n<li>Traumatismos craneales, incluidas las conmociones cerebrales<\/li>\n<\/ul>\n<ul class=\"col-xl-6\">\n<li>P\u00e9rdida de un miembro y amputaci\u00f3n<\/li>\n<li>Lesi\u00f3n de cuello y espalda<\/li>\n<li>Da\u00f1o a los nervios<\/li>\n<li>Par\u00e1lisis<\/li>\n<li>Lesi\u00f3n medular<\/li>\n<li>Lesi\u00f3n cerebral traum\u00e1tica, y<\/li>\n<li>Muerte por negligencia<\/li>\n<\/ul>\n<\/div>\n<p>Para saber si puedes tener derecho a una indemnizaci\u00f3n por estas u otras lesiones, no dudes en ponerte en contacto con nuestros abogados especialistas en accidentes de cami\u00f3n en Queens para una consulta gratuita.<\/p>\n<h2>\u00bfCu\u00e1nto tiempo tengo para presentar una demanda por da\u00f1os personales despu\u00e9s de un accidente de cami\u00f3n en Queens, NY?<\/h2>\n<p>Seg\u00fan la ley de New York, las v\u00edctimas de accidentes suelen tener\u00a0<a href=\"https:\/\/www.nysenate.gov\/legislation\/laws\/CVP\/214\" target=\"_blank\" rel=\"nofollow noopener noreferrer\">tres a\u00f1os<\/a>\u00a0para presentar una demanda por da\u00f1os y perjuicios. En los accidentes con muerte por negligencia, las familias tienen hasta dos a\u00f1os para actuar.<\/p>\n<p>Saltarse el plazo impuesto por la ley de prescripci\u00f3n no puede ser una opci\u00f3n. A no ser que existan circunstancias atenuantes, significar\u00e1 perder el derecho a reclamar una indemnizaci\u00f3n y a obtener da\u00f1os y perjuicios de los responsables.<\/p>\n<p>Protege tus derechos y salvaguarda tu capacidad para obtener el dinero que necesitas y mereces tras un accidente de cami\u00f3n. Llama a nuestros experimentados abogados de accidentes de cami\u00f3n en Queens para obtener asistencia inmediata.<\/p>\n<h2>Pide una consulta gratuita a nuestros abogados de accidentes de cami\u00f3n en Queens<\/h2>\n<p>\u00bfLesionado en un accidente de cami\u00f3n en Queens? Oresky y Asociados puede ayudarte a buscar la m\u00e1xima indemnizaci\u00f3n por tus facturas m\u00e9dicas, p\u00e9rdida de ingresos y sufrimiento.<\/p>\n<p>Ponte en contacto hoy mismo con nuestro galardonado equipo legal para empezar con una evaluaci\u00f3n gratuita de tu caso. Pedir nuestra ayuda es gratis y, como trabajamos en r\u00e9gimen de contingencia, no hay honorarios a menos que ganemos tu caso. Estamos preparados para ayudarte, as\u00ed que ll\u00e1manos hoy mismo.<\/p>\n","protected":false},"excerpt":{"rendered":"<p>\u00bfTe has visto implicado recientemente en un accidente de cami\u00f3n en Queens, NY? Es posible que tengas derecho a recibir una indemnizaci\u00f3n por da\u00f1os y perjuicios, que puede incluir dinero para pagar las facturas m\u00e9dicas y tu sufrimiento. Nuestros experimentados abogados de accidentes de cami\u00f3n en Queens de\u00a0Oresky &amp; Associates, PLLC\u00a0puede ayudarte a luchar para [&hellip;]<\/p>\n","protected":false},"author":9,"featured_media":0,"parent":19332,"menu_order":68,"comment_status":"closed","ping_status":"closed","template":"","meta":{"_acf_changed":false,"footnotes":""},"class_list":["post-19808","page","type-page","status-publish","hentry"],"acf":[],"yoast_head":"<!-- This site is optimized with the Yoast SEO plugin v27.3 - https:\/\/yoast.com\/product\/yoast-seo-wordpress\/ -->\n<title>Abogado de accidentes de cami\u00f3n en Queens - Oresky &amp; Associates, PLLC<\/title>\n<meta name=\"description\" content=\"\u00bfLesionado en un accidente de cami\u00f3n en Queens? Mereces una compensaci\u00f3n. Nuestros abogados luchar\u00e1n por tus derechos. Contacte a Oresky &amp; Associates, PLLC hoy.\" \/>\n<meta name=\"robots\" content=\"index, follow, max-snippet:-1, max-image-preview:large, max-video-preview:-1\" \/>\n<link rel=\"canonical\" href=\"https:\/\/oreskylaw.com\/es\/queens\/abogados-de-accidentes-de-camiones\/\" \/>\n<meta property=\"og:locale\" content=\"es_ES\" \/>\n<meta property=\"og:type\" content=\"article\" \/>\n<meta property=\"og:title\" content=\"Abogado de accidentes de cami\u00f3n en Queens - Oresky &amp; Associates, PLLC\" \/>\n<meta property=\"og:description\" content=\"\u00bfLesionado en un accidente de cami\u00f3n en Queens? Mereces una compensaci\u00f3n. Nuestros abogados luchar\u00e1n por tus derechos. Contacte a Oresky &amp; Associates, PLLC hoy.\" \/>\n<meta property=\"og:url\" content=\"https:\/\/oreskylaw.com\/es\/queens\/abogados-de-accidentes-de-camiones\/\" \/>\n<meta property=\"og:site_name\" content=\"Oresky &amp; Associates, PLLC\" \/>\n<meta property=\"article:publisher\" content=\"https:\/\/www.facebook.com\/Oreskylaw\/\" \/>\n<meta property=\"article:modified_time\" content=\"2026-01-31T11:17:12+00:00\" \/>\n<meta property=\"og:image\" content=\"https:\/\/oreskylaw.com\/wp-content\/uploads\/2026\/01\/Cuant-vale-mi-caso-de-accidente-de-camion.webp\" \/>\n\t<meta property=\"og:image:width\" content=\"1024\" \/>\n\t<meta property=\"og:image:height\" content=\"684\" \/>\n\t<meta property=\"og:image:type\" content=\"image\/webp\" \/>\n<meta name=\"twitter:card\" content=\"summary_large_image\" \/>\n<meta name=\"twitter:site\" content=\"@JacobOreskyLaw\" \/>\n<meta name=\"twitter:label1\" content=\"Tiempo de lectura\" \/>\n\t<meta name=\"twitter:data1\" content=\"9 minutos\" \/>\n<!-- \/ Yoast SEO plugin. -->","yoast_head_json":{"title":"Abogado de accidentes de cami\u00f3n en Queens - Oresky & Associates, PLLC","description":"\u00bfLesionado en un accidente de cami\u00f3n en Queens? Mereces una compensaci\u00f3n. Nuestros abogados luchar\u00e1n por tus derechos. Contacte a Oresky & Associates, PLLC hoy.","robots":{"index":"index","follow":"follow","max-snippet":"max-snippet:-1","max-image-preview":"max-image-preview:large","max-video-preview":"max-video-preview:-1"},"canonical":"https:\/\/oreskylaw.com\/es\/queens\/abogados-de-accidentes-de-camiones\/","og_locale":"es_ES","og_type":"article","og_title":"Abogado de accidentes de cami\u00f3n en Queens - Oresky & Associates, PLLC","og_description":"\u00bfLesionado en un accidente de cami\u00f3n en Queens? Mereces una compensaci\u00f3n. Nuestros abogados luchar\u00e1n por tus derechos. Contacte a Oresky & Associates, PLLC hoy.","og_url":"https:\/\/oreskylaw.com\/es\/queens\/abogados-de-accidentes-de-camiones\/","og_site_name":"Oresky &amp; Associates, PLLC","article_publisher":"https:\/\/www.facebook.com\/Oreskylaw\/","article_modified_time":"2026-01-31T11:17:12+00:00","og_image":[{"width":1024,"height":684,"url":"https:\/\/oreskylaw.com\/wp-content\/uploads\/2026\/01\/Cuant-vale-mi-caso-de-accidente-de-camion.webp","type":"image\/webp"}],"twitter_card":"summary_large_image","twitter_site":"@JacobOreskyLaw","twitter_misc":{"Tiempo de lectura":"9 minutos"},"schema":{"@context":"https:\/\/schema.org","@graph":[{"@type":"WebPage","@id":"https:\/\/oreskylaw.com\/es\/queens\/abogados-de-accidentes-de-camiones\/","url":"https:\/\/oreskylaw.com\/es\/queens\/abogados-de-accidentes-de-camiones\/","name":"Abogado de accidentes de cami\u00f3n en Queens - Oresky & Associates, PLLC","isPartOf":{"@id":"https:\/\/oreskylaw.com\/es\/#website"},"primaryImageOfPage":{"@id":"https:\/\/oreskylaw.com\/es\/queens\/abogados-de-accidentes-de-camiones\/#primaryimage"},"image":{"@id":"https:\/\/oreskylaw.com\/es\/queens\/abogados-de-accidentes-de-camiones\/#primaryimage"},"thumbnailUrl":"https:\/\/oreskylaw.com\/wp-content\/uploads\/2026\/01\/Cuant-vale-mi-caso-de-accidente-de-camion-300x200.webp","datePublished":"2026-01-19T08:09:48+00:00","dateModified":"2026-01-31T11:17:12+00:00","description":"\u00bfLesionado en un accidente de cami\u00f3n en Queens? Mereces una compensaci\u00f3n. Nuestros abogados luchar\u00e1n por tus derechos. Contacte a Oresky & Associates, PLLC hoy.","breadcrumb":{"@id":"https:\/\/oreskylaw.com\/es\/queens\/abogados-de-accidentes-de-camiones\/#breadcrumb"},"inLanguage":"es","potentialAction":[{"@type":"ReadAction","target":["https:\/\/oreskylaw.com\/es\/queens\/abogados-de-accidentes-de-camiones\/"]}]},{"@type":"ImageObject","inLanguage":"es","@id":"https:\/\/oreskylaw.com\/es\/queens\/abogados-de-accidentes-de-camiones\/#primaryimage","url":"https:\/\/oreskylaw.com\/wp-content\/uploads\/2026\/01\/Cuant-vale-mi-caso-de-accidente-de-camion-300x200.webp","contentUrl":"https:\/\/oreskylaw.com\/wp-content\/uploads\/2026\/01\/Cuant-vale-mi-caso-de-accidente-de-camion-300x200.webp"},{"@type":"BreadcrumbList","@id":"https:\/\/oreskylaw.com\/es\/queens\/abogados-de-accidentes-de-camiones\/#breadcrumb","itemListElement":[{"@type":"ListItem","position":1,"name":"Inicio","item":"https:\/\/oreskylaw.com\/es\/"},{"@type":"ListItem","position":2,"name":"Queens","item":"https:\/\/oreskylaw.com\/es\/queens\/"},{"@type":"ListItem","position":3,"name":"Abogado de accidentes de cami\u00f3n"}]},{"@type":"WebSite","@id":"https:\/\/oreskylaw.com\/es\/#website","url":"https:\/\/oreskylaw.com\/es\/","name":"Oresky & Associates PLLC","description":"","publisher":{"@id":"https:\/\/oreskylaw.com\/es\/#organization"},"potentialAction":[{"@type":"SearchAction","target":{"@type":"EntryPoint","urlTemplate":"https:\/\/oreskylaw.com\/es\/?s={search_term_string}"},"query-input":{"@type":"PropertyValueSpecification","valueRequired":true,"valueName":"search_term_string"}}],"inLanguage":"es"}]}},"_links":{"self":[{"href":"https:\/\/oreskylaw.com\/es\/wp-json\/wp\/v2\/pages\/19808","targetHints":{"allow":["GET"]}}],"collection":[{"href":"https:\/\/oreskylaw.com\/es\/wp-json\/wp\/v2\/pages"}],"about":[{"href":"https:\/\/oreskylaw.com\/es\/wp-json\/wp\/v2\/types\/page"}],"author":[{"embeddable":true,"href":"https:\/\/oreskylaw.com\/es\/wp-json\/wp\/v2\/users\/9"}],"replies":[{"embeddable":true,"href":"https:\/\/oreskylaw.com\/es\/wp-json\/wp\/v2\/comments?post=19808"}],"version-history":[{"count":0,"href":"https:\/\/oreskylaw.com\/es\/wp-json\/wp\/v2\/pages\/19808\/revisions"}],"up":[{"embeddable":true,"href":"https:\/\/oreskylaw.com\/es\/wp-json\/wp\/v2\/pages\/19332"}],"wp:attachment":[{"href":"https:\/\/oreskylaw.com\/es\/wp-json\/wp\/v2\/media?parent=19808"}],"curies":[{"name":"wp","href":"https:\/\/api.w.org\/{rel}","templated":true}]}}