{"id":19820,"date":"2025-12-10T06:03:45","date_gmt":"2025-12-10T06:03:45","guid":{"rendered":"https:\/\/oreskylaw.com\/?page_id=19820"},"modified":"2026-01-31T11:19:58","modified_gmt":"2026-01-31T11:19:58","slug":"abogados-de-equipos-inseguros","status":"publish","type":"page","link":"https:\/\/oreskylaw.com\/es\/queens\/abogados-de-equipos-inseguros\/","title":{"rendered":"Equipo de Trabajo de Construcci\u00f3n Inseguro"},"content":{"rendered":"<p>\u00bfHa sufrido lesiones en un sitio de construcci\u00f3n en la ciudad de New York debido a equipos de trabajo inseguros? Si es as\u00ed, es cr\u00edtico entender sus derechos legales y opciones. Puede tener el derecho a obtener compensaci\u00f3n a trav\u00e9s de una reclamaci\u00f3n de compensaci\u00f3n laboral o una demanda contra una parte negligente. Los abogados con experiencia en\u00a0<a href=\"https:\/\/oreskylaw.com\/es\/queens\/abogados-de-accidentes-de-construccion\/\">accidentes de construcci\u00f3n<\/a> de\u00a0<a href=\"https:\/\/oreskylaw.com\/es\/acerca-de-nosotros\/\">Oresky &amp; Associates, LLC<\/a>\u00a0en Queens pueden ayudarle a obtener cada centavo que se merece.<\/p>\n<p>Desde 1992, nuestro galardonado equipo legal ha sido un defensor tenaz de los trabajadores de la construcci\u00f3n lesionados en los cinco condados y el \u00e1rea metropolitana de la ciudad de New York. Nos enfrentamos a poderosas compa\u00f1\u00edas de seguros, empleadores dif\u00edciles y otros adversarios bien financiados y ganamos considerablemente para nuestros clientes, una y otra vez.<\/p>\n<p>Nuestros resultados hablan por s\u00ed mismos. Hemos ganado m\u00e1s de $400 millones (y contando) en beneficios financieros, acuerdos y premios. P\u00f3nganos en su esquina contactando nuestra oficina de abogados en la ciudad de New York, NY. Ofrecemos una\u00a0<a href=\"https:\/\/oreskylaw.com\/es\/contacto\/\">consulta gratuita<\/a>\u00a0y estamos disponibles para atender su llamada las 24 horas del d\u00eda en el\u00a0<a href=\"tel:+19293050949\">(929) 305-0949<\/a>.<\/p>\n<h2>C\u00f3mo Nuestros Abogados de Accidentes de Construcci\u00f3n en NYC Pueden Ayudar Si Ha Sido Lastimado Debido a Equipos de Trabajo Inseguros<\/h2>\n<p><img loading=\"lazy\" decoding=\"async\" class=\"size-full wp-image-12467 alignleft\" src=\"https:\/\/oreskylaw.com\/wp-content\/uploads\/2026\/01\/Help-After-a-Scaffolding-Accident-in-the-Bronx.webp\" alt=\"bridge construction accident attorney bronx\" width=\"300\" height=\"169\" \/>La construcci\u00f3n es suficientemente peligrosa cuando se utilizan las herramientas y equipos adecuados. Si los materiales y equipos son inseguros de alguna manera, esto aumenta el riesgo de sufrir lesiones graves o mortales en el trabajo. Los accidentes involucrando equipos de trabajo inseguros son inexcusables. Cuando suceden, alguien debe ser responsabilizado.<\/p>\n<p>Nuestros abogados de lesiones personales en NYC est\u00e1n aqu\u00ed para exigir esa responsabilidad por usted. Tomaremos su lucha por la compensaci\u00f3n y trabajaremos para recuperar los m\u00e1ximos da\u00f1os en su nombre.<\/p>\n<p>Usted conc\u00e9ntrese en recuperarse de las lesiones traum\u00e1ticas que ha sufrido en un sitio de construcci\u00f3n de la ciudad de New York mientras nosotros:<\/p>\n<ul>\n<li>Analizamos el equipo de trabajo para determinar c\u00f3mo fue inseguro, c\u00f3mo lleg\u00f3 al sitio de trabajo y qui\u00e9n podr\u00eda ser responsable.<\/li>\n<li>Identificamos todas las posibles v\u00edas legales para la recuperaci\u00f3n financiera, incluyendo una reclamaci\u00f3n por beneficios de compensaci\u00f3n laboral o una demanda contra un tercero como el fabricante del producto, el propietario de la propiedad u otras partes.<\/li>\n<li>Lo defendemos contra las afirmaciones de que no estaba utilizando el equipo correctamente o comparte la responsabilidad por sus lesiones en el accidente de construcci\u00f3n.<\/li>\n<li>Negociamos para obtener los mejores beneficios posibles o t\u00e9rminos en un paquete de acuerdo.<\/li>\n<li>Llevamos su caso a un tribunal si las compa\u00f1\u00edas de seguros y las partes culpables tratan de minimizar su compensaci\u00f3n o no negocian de manera justa.<\/li>\n<\/ul>\n<p>Nuestra firma de abogados en NYC trabaja sobre la base de contingencia, lo que significa que no hay costo para usted a menos que ganemos su caso. No hay riesgo en pedir nuestra ayuda, as\u00ed que no dude en contactarnos para una evaluaci\u00f3n de caso gratuita hoy mismo.<\/p>\n<h2>\u00bfQui\u00e9n Puede Ser Responsable Por Lesiones Debidas a Equipos de Trabajo Inseguros en la Ciudad de New York?<\/h2>\n<p><img loading=\"lazy\" decoding=\"async\" class=\"size-full wp-image-12801 alignright\" src=\"https:\/\/oreskylaw.com\/wp-content\/uploads\/2026\/01\/Help-You-After-a-Crane-Accident-in-Queens.webp\" alt=\"Bronx Unsafe Construction Work Equipment Lawyer\" width=\"300\" height=\"169\" \/>Cualquier persona que contribuya a un accidente que involucre equipos de trabajo inseguros puede ser financieramente responsable de las consecuencias.<\/p>\n<h3>Propietarios y Contratistas Generales<\/h3>\n<p>Bajo la Secci\u00f3n 200 de la Ley Laboral de New York, esto puede incluir a los propietarios y contratistas generales. La ley establece que los propietarios y contratistas tienen la obligaci\u00f3n de asegurarse de que los trabajadores tengan condiciones de trabajo razonablemente seguras, y eso incluye proporcionar equipos seguros.<\/p>\n<p>Espec\u00edficamente, estas partes deber\u00edan:<\/p>\n<ul>\n<li>Comprar las herramientas y equipos apropiados para el trabajo.<\/li>\n<li>Capacitar a los trabajadores sobre c\u00f3mo usar correctamente los equipos de trabajo.<\/li>\n<li>Inspeccionar regularmente las herramientas y equipos.<\/li>\n<li>Reparar o reemplazar los equipos de trabajo cuando sea necesario.<\/li>\n<li>Asegurarse de que los trabajadores est\u00e9n debidamente supervisados al usar los equipos.<\/li>\n<li>Retirar de servicio los equipos inseguros.<\/li>\n<\/ul>\n<p>El incumplimiento de estas acciones puede resultar en responsabilidad si un trabajador de la construcci\u00f3n sufre lesiones en el trabajo.<\/p>\n<h3>Fabricantes de Equipos de Trabajo<\/h3>\n<p>Las compa\u00f1\u00edas que dise\u00f1an, fabrican y\/o venden equipos de trabajo de construcci\u00f3n tienen la obligaci\u00f3n de asegurarse de que esos productos sean seguros. Si el equipo de trabajo es inherentemente peligroso o defectuoso, entonces las compa\u00f1\u00edas pueden ser estrictamente responsables por las lesiones y muertes resultantes. Nuestros abogados de responsabilidad del producto pueden ayudarle a navegar los desaf\u00edos que podr\u00edan acompa\u00f1ar a una reclamaci\u00f3n de accidente de construcci\u00f3n como esta.<\/p>\n<h3>Usted Puede Calificar Para Beneficios de Compensaci\u00f3n Laboral<\/h3>\n<p>Incluso si no puede presentar una demanda, deber\u00eda calificar para beneficios bajo la p\u00f3liza de seguro de compensaci\u00f3n laboral de su empleador si se lesion\u00f3 en el trabajo. La compensaci\u00f3n laboral es un sistema sin culpa, lo que significa que los beneficios para el tratamiento m\u00e9dico y la p\u00e9rdida de salarios (entre otras cosas) est\u00e1n disponibles independientemente de qui\u00e9n sea responsable de un accidente.<\/p>\n<h2>Manejamos Todos los Casos de Accidentes de Construcci\u00f3n Involucrando Equipos de Trabajo Inseguros<\/h2>\n<p>Cuando el equipo de trabajo es inseguro o defectuoso, Oresky &amp; Associates, LLC estar\u00e1 all\u00ed para ayudarlo a luchar por la compensaci\u00f3n que se merece.<\/p>\n<p>Ayudamos a trabajadores de la construcci\u00f3n lesionados que han resultado heridos debido a equipos de trabajo inseguros como:<\/p>\n<div class=\"row\">\n<ul class=\"col-xl-6\">\n<li>Escaleras<\/li>\n<li><a href=\"https:\/\/oreskylaw.com\/es\/queens\/abogados-de-accidentes-de-andamios\/\">Andamios<\/a><\/li>\n<li>Sierras de mano<\/li>\n<li>Herramientas el\u00e9ctricas, incluyendo sierras y taladros<\/li>\n<li>Equipos pesados<\/li>\n<\/ul>\n<ul class=\"col-xl-6\">\n<li>Maquinaria pesada, como montacargas, minicargadoras, retroexcavadoras,\u00a0<a href=\"https:\/\/oreskylaw.com\/es\/queens\/abogados-de-accidentes-de-grua\/\">gr\u00faas<\/a>, y excavadoras<\/li>\n<li>Compresores de aire<\/li>\n<li>Cargadores<\/li>\n<li>Pistolas de clavos<\/li>\n<\/ul>\n<\/div>\n<p>Si sufre una lesi\u00f3n mientras utiliza una pieza de equipo de construcci\u00f3n, es importante documentar el incidente. Reporte el incidente, retire el equipo peligroso de servicio y tome fotograf\u00edas para preservar evidencia de la condici\u00f3n insegura.<\/p>\n    <div class=\"cw-cta-box\">\n        <div class=\"cw-cta-box__inner \">\n            <div class=\"cw-cta-box__info\">\n                                    <div class=\"label\">\u00a1Llame ahora!<\/div>\n                            <\/div>\n                            <div class=\"contact-phone\">\n                    <a href=\"tel:7189939999\"\n                        aria-label=\"Tap to call button\">\n                        718-993-9999                    <\/a>\n                <\/div>\n                    <\/div>\n                    <a href=\"\/es\/contacto\/\"\n               class=\"cta-btn btn btn--primary btn\"\n               target=\"\">\n                Obtenga Una Consulta Gratuita            <\/a>\n            <\/div>\n    \n<h2>Llame a Oresky &amp; Associates, LLC si Ha Sufrido Lesiones Debido a Equipos de Trabajo en Construcci\u00f3n Inseguros<\/h2>\n<p>\u00bfRecientemente result\u00f3 herido en un sitio de construcci\u00f3n de la ciudad de New York debido a equipos peligrosos o defectuosos? Contacte a Oresky &amp; Associates, LLC. Puede tener el derecho a recuperar compensaci\u00f3n por sus facturas m\u00e9dicas, p\u00e9rdida de ingresos y otros da\u00f1os. Nuestros abogados de accidentes de construcci\u00f3n en NYC pueden ayudarle a buscar todo el dinero que necesita y merece.<\/p>\n<p>Cont\u00e1ctenos para programar una hora para una consulta gratuita. Nuestro equipo siempre est\u00e1 listo para atender su llamada, las 24 horas del d\u00eda, los 7 d\u00edas de la semana.<\/p>\n\n\t\t\t\t\n\t\t\t\t\t<div itemtype=\"https:\/\/schema.org\/VideoObject\" itemscope=\"\" id=\"video_play-1575\" class=\" vid-aligncenter\" style=\"display:block\">\n\t\t\t\t\t\t<meta itemprop=\"name\" content=\"Oresky &#038; Associates, Construction Accident Lawyers\" \/>\n\t\t\t\t\t\t<meta itemprop=\"thumbnailURL\" content=\"https:\/\/i.ytimg.com\/vi\/-x7Lm41GBRM\/hqdefault.jpg\" \/>\n\t\t\t\t\t\t<meta itemprop=\"uploadDate\" content=\"10 de diciembre de 2025\">\n\t\t\t\t\t\t\t\t\t\t\t\t\t<meta itemprop=\"embedURL\" content=\"https:\/\/www.youtube.com\/watch?v=-x7Lm41GBRM\" \/>\n\t\t\t\t\t\t\t<iframe loading=\"lazy\" class=\"cw_video_single\" src=\"https:\/\/www.youtube.com\/embed\/-x7Lm41GBRM?rel=0&amp;showinfo=1&amp;autoplay=1\" allowfullscreen=\"allowfullscreen\" width=\"100%\" height=\"480px\" ><\/iframe>\n\t\t\t\t\t\t\n\t\t\t\t\t\t\n\t\t\t\t\t\t\t\t\t\t\t\t\t\t\t<meta itemprop=\"description\" content=\"Often, profits are prioritized over job site safety at the workers\u2019 expense. Construction involves heavy equipment such as cranes, hoists, scaffolds, and ladders that can be very dangerous.\" \/>\n\t\t\t\t\t\t\t\n\t\t\t\t\t\t\n\t\t\t\t\t<\/div>\n\n\t\t\t\t\n\n\n\n\t\t\t\n\t\t\t\t\n","protected":false},"excerpt":{"rendered":"<p>\u00bfHa sufrido lesiones en un sitio de construcci\u00f3n en la ciudad de New York debido a equipos de trabajo inseguros? Si es as\u00ed, es cr\u00edtico entender sus derechos legales y opciones. Puede tener el derecho a obtener compensaci\u00f3n a trav\u00e9s de una reclamaci\u00f3n de compensaci\u00f3n laboral o una demanda contra una parte negligente. Los abogados [&hellip;]<\/p>\n","protected":false},"author":9,"featured_media":0,"parent":19332,"menu_order":78,"comment_status":"closed","ping_status":"closed","template":"","meta":{"_acf_changed":false,"footnotes":""},"class_list":["post-19820","page","type-page","status-publish","hentry"],"acf":[],"yoast_head":"<!-- This site is optimized with the Yoast SEO plugin v27.3 - https:\/\/yoast.com\/product\/yoast-seo-wordpress\/ -->\n<title>Abogado de accidentes en obras de construcci\u00f3n inseguras - Oresky &amp; Associates, PLLC<\/title>\n<meta name=\"description\" content=\"\u00bfLesionado por equipos inseguros en una obra de construcci\u00f3n en Queens? Nuestros abogados luchar\u00e1n por compensaci\u00f3n. Llame hoy a Oresky &amp; Associates, PLLC.\" \/>\n<meta name=\"robots\" content=\"index, follow, max-snippet:-1, max-image-preview:large, max-video-preview:-1\" \/>\n<link rel=\"canonical\" href=\"https:\/\/oreskylaw.com\/es\/queens\/abogados-de-equipos-inseguros\/\" \/>\n<meta property=\"og:locale\" content=\"es_ES\" \/>\n<meta property=\"og:type\" content=\"article\" \/>\n<meta property=\"og:title\" content=\"Abogado de accidentes en obras de construcci\u00f3n inseguras - Oresky &amp; Associates, PLLC\" \/>\n<meta property=\"og:description\" content=\"\u00bfLesionado por equipos inseguros en una obra de construcci\u00f3n en Queens? Nuestros abogados luchar\u00e1n por compensaci\u00f3n. Llame hoy a Oresky &amp; Associates, PLLC.\" \/>\n<meta property=\"og:url\" content=\"https:\/\/oreskylaw.com\/es\/queens\/abogados-de-equipos-inseguros\/\" \/>\n<meta property=\"og:site_name\" content=\"Oresky &amp; Associates, PLLC\" \/>\n<meta property=\"article:publisher\" content=\"https:\/\/www.facebook.com\/Oreskylaw\/\" \/>\n<meta property=\"article:modified_time\" content=\"2026-01-31T11:19:58+00:00\" \/>\n<meta property=\"og:image\" content=\"https:\/\/oreskylaw.com\/wp-content\/uploads\/2026\/01\/Help-After-a-Scaffolding-Accident-in-the-Bronx.webp\" \/>\n\t<meta property=\"og:image:width\" content=\"300\" \/>\n\t<meta property=\"og:image:height\" content=\"169\" \/>\n\t<meta property=\"og:image:type\" content=\"image\/webp\" \/>\n<meta name=\"twitter:card\" content=\"summary_large_image\" \/>\n<meta name=\"twitter:site\" content=\"@JacobOreskyLaw\" \/>\n<meta name=\"twitter:label1\" content=\"Tiempo de lectura\" \/>\n\t<meta name=\"twitter:data1\" content=\"5 minutos\" \/>\n<!-- \/ Yoast SEO plugin. -->","yoast_head_json":{"title":"Abogado de accidentes en obras de construcci\u00f3n inseguras - Oresky & Associates, PLLC","description":"\u00bfLesionado por equipos inseguros en una obra de construcci\u00f3n en Queens? Nuestros abogados luchar\u00e1n por compensaci\u00f3n. Llame hoy a Oresky & Associates, PLLC.","robots":{"index":"index","follow":"follow","max-snippet":"max-snippet:-1","max-image-preview":"max-image-preview:large","max-video-preview":"max-video-preview:-1"},"canonical":"https:\/\/oreskylaw.com\/es\/queens\/abogados-de-equipos-inseguros\/","og_locale":"es_ES","og_type":"article","og_title":"Abogado de accidentes en obras de construcci\u00f3n inseguras - Oresky & Associates, PLLC","og_description":"\u00bfLesionado por equipos inseguros en una obra de construcci\u00f3n en Queens? Nuestros abogados luchar\u00e1n por compensaci\u00f3n. Llame hoy a Oresky & Associates, PLLC.","og_url":"https:\/\/oreskylaw.com\/es\/queens\/abogados-de-equipos-inseguros\/","og_site_name":"Oresky &amp; Associates, PLLC","article_publisher":"https:\/\/www.facebook.com\/Oreskylaw\/","article_modified_time":"2026-01-31T11:19:58+00:00","og_image":[{"width":300,"height":169,"url":"https:\/\/oreskylaw.com\/wp-content\/uploads\/2026\/01\/Help-After-a-Scaffolding-Accident-in-the-Bronx.webp","type":"image\/webp"}],"twitter_card":"summary_large_image","twitter_site":"@JacobOreskyLaw","twitter_misc":{"Tiempo de lectura":"5 minutos"},"schema":{"@context":"https:\/\/schema.org","@graph":[{"@type":"WebPage","@id":"https:\/\/oreskylaw.com\/es\/queens\/abogados-de-equipos-inseguros\/","url":"https:\/\/oreskylaw.com\/es\/queens\/abogados-de-equipos-inseguros\/","name":"Abogado de accidentes en obras de construcci\u00f3n inseguras - Oresky & Associates, PLLC","isPartOf":{"@id":"https:\/\/oreskylaw.com\/es\/#website"},"primaryImageOfPage":{"@id":"https:\/\/oreskylaw.com\/es\/queens\/abogados-de-equipos-inseguros\/#primaryimage"},"image":{"@id":"https:\/\/oreskylaw.com\/es\/queens\/abogados-de-equipos-inseguros\/#primaryimage"},"thumbnailUrl":"https:\/\/oreskylaw.com\/wp-content\/uploads\/2026\/01\/Help-After-a-Scaffolding-Accident-in-the-Bronx.webp","datePublished":"2025-12-10T06:03:45+00:00","dateModified":"2026-01-31T11:19:58+00:00","description":"\u00bfLesionado por equipos inseguros en una obra de construcci\u00f3n en Queens? Nuestros abogados luchar\u00e1n por compensaci\u00f3n. Llame hoy a Oresky & Associates, PLLC.","breadcrumb":{"@id":"https:\/\/oreskylaw.com\/es\/queens\/abogados-de-equipos-inseguros\/#breadcrumb"},"inLanguage":"es","potentialAction":[{"@type":"ReadAction","target":["https:\/\/oreskylaw.com\/es\/queens\/abogados-de-equipos-inseguros\/"]}]},{"@type":"ImageObject","inLanguage":"es","@id":"https:\/\/oreskylaw.com\/es\/queens\/abogados-de-equipos-inseguros\/#primaryimage","url":"https:\/\/oreskylaw.com\/wp-content\/uploads\/2026\/01\/Help-After-a-Scaffolding-Accident-in-the-Bronx.webp","contentUrl":"https:\/\/oreskylaw.com\/wp-content\/uploads\/2026\/01\/Help-After-a-Scaffolding-Accident-in-the-Bronx.webp"},{"@type":"BreadcrumbList","@id":"https:\/\/oreskylaw.com\/es\/queens\/abogados-de-equipos-inseguros\/#breadcrumb","itemListElement":[{"@type":"ListItem","position":1,"name":"Inicio","item":"https:\/\/oreskylaw.com\/es\/"},{"@type":"ListItem","position":2,"name":"Queens","item":"https:\/\/oreskylaw.com\/es\/queens\/"},{"@type":"ListItem","position":3,"name":"Equipo de Trabajo de Construcci\u00f3n Inseguro"}]},{"@type":"WebSite","@id":"https:\/\/oreskylaw.com\/es\/#website","url":"https:\/\/oreskylaw.com\/es\/","name":"Oresky & Associates PLLC","description":"","publisher":{"@id":"https:\/\/oreskylaw.com\/es\/#organization"},"potentialAction":[{"@type":"SearchAction","target":{"@type":"EntryPoint","urlTemplate":"https:\/\/oreskylaw.com\/es\/?s={search_term_string}"},"query-input":{"@type":"PropertyValueSpecification","valueRequired":true,"valueName":"search_term_string"}}],"inLanguage":"es"}]}},"_links":{"self":[{"href":"https:\/\/oreskylaw.com\/es\/wp-json\/wp\/v2\/pages\/19820","targetHints":{"allow":["GET"]}}],"collection":[{"href":"https:\/\/oreskylaw.com\/es\/wp-json\/wp\/v2\/pages"}],"about":[{"href":"https:\/\/oreskylaw.com\/es\/wp-json\/wp\/v2\/types\/page"}],"author":[{"embeddable":true,"href":"https:\/\/oreskylaw.com\/es\/wp-json\/wp\/v2\/users\/9"}],"replies":[{"embeddable":true,"href":"https:\/\/oreskylaw.com\/es\/wp-json\/wp\/v2\/comments?post=19820"}],"version-history":[{"count":0,"href":"https:\/\/oreskylaw.com\/es\/wp-json\/wp\/v2\/pages\/19820\/revisions"}],"up":[{"embeddable":true,"href":"https:\/\/oreskylaw.com\/es\/wp-json\/wp\/v2\/pages\/19332"}],"wp:attachment":[{"href":"https:\/\/oreskylaw.com\/es\/wp-json\/wp\/v2\/media?parent=19820"}],"curies":[{"name":"wp","href":"https:\/\/api.w.org\/{rel}","templated":true}]}}