{"id":19832,"date":"2025-12-10T06:03:59","date_gmt":"2025-12-10T06:03:59","guid":{"rendered":"https:\/\/oreskylaw.com\/?page_id=19832"},"modified":"2026-01-31T11:22:44","modified_gmt":"2026-01-31T11:22:44","slug":"abogados-de-accidentes-de-soldadura","status":"publish","type":"page","link":"https:\/\/oreskylaw.com\/es\/queens\/abogados-de-accidentes-de-soldadura\/","title":{"rendered":"Accidentes de Soldadura"},"content":{"rendered":"<p>Los soldadores en Queens, NY, tienen un trabajo peligroso pero esencial. Los soldadores a menudo trabajan en la industria de la construcci\u00f3n. Sin embargo, tambi\u00e9n se encuentran soldadores trabajando en astilleros, plantas manufactureras, instalaci\u00f3n de tuber\u00edas, trabajo en hierro y otros empleos.<\/p>\n<p>Debido a que los soldadores est\u00e1n expuestos a numerosos peligros, pueden sufrir lesiones graves. Si usted ha resultado herido en el trabajo, nuestros abogados de accidentes de soldadura en Oresky &amp; Asociados, PLLC pueden ayudar. Podemos asistirlo con reclamaciones de compensaci\u00f3n laboral y reclamos a terceros.<\/p>\n<p>Nuestros abogados cuentan con m\u00e1s de 30 a\u00f1os de experiencia legal entre ellos. Nuestro bufete de abogados ha recuperado m\u00e1s de $400 millones en compensaci\u00f3n para los clientes desde 1992.<\/p>\n<p><a href=\"https:\/\/oreskylaw.com\/es\/contacto\/\">Contacte<\/a>\u00a0nuestra oficina legal al\u00a0<a href=\"tel:+19293050949\">(929) 305-0949<\/a>\u00a0para programar una consulta gratuita con un abogado de\u00a0<a href=\"https:\/\/oreskylaw.com\/es\/queens\/abogados-de-compensacion-laboral\/\">accidentes laborales<\/a>\u00a0de Queens.<\/p>\n<h2>C\u00f3mo Oresky &amp; Asociados, PLLC Puede Ayudarlo si Ha Sido Herido en un Accidente de Soldadura<\/h2>\n<p><img loading=\"lazy\" decoding=\"async\" class=\"size-full wp-image-12467 alignleft\" src=\"https:\/\/oreskylaw.com\/wp-content\/uploads\/2026\/01\/Help-After-a-Scaffolding-Accident-in-the-Bronx.webp\" alt=\"bridge construction accident attorney bronx\" width=\"300\" height=\"169\" \/>No deber\u00eda preocuparse por luchar por una compensaci\u00f3n despu\u00e9s de un accidente de soldadura en Queens, New York. En su lugar, deber\u00eda poder concentrarse en su recuperaci\u00f3n y plan de tratamiento. Sin embargo, alguien necesita proteger sus derechos legales.<\/p>\n<p>En Oresky &amp; Asociados, PLLC, nuestros\u00a0<a href=\"https:\/\/oreskylaw.com\/es\/queens\/abogados-de-accidentes-de-construccion\/\">abogados de accidentes de construcci\u00f3n en Queens<\/a> trabajan para obtener la compensaci\u00f3n que usted merece. Luchamos contra compa\u00f1\u00edas de seguros, contratistas, fabricantes de productos defectuosos, propietarios de propiedades y otras partes que podr\u00edan ser responsables de sus da\u00f1os.<\/p>\n<p>Cuando contrata a nuestros abogados especializados en lesiones personales de alta calificaci\u00f3n, puede confiar en que nosotros:<\/p>\n<ul>\n<li>Investigaremos c\u00f3mo result\u00f3 herido para identificar a las partes responsables.<\/li>\n<li>Determinaremos las opciones disponibles para usted para recibir beneficios y compensaci\u00f3n por una lesi\u00f3n de soldadura.<\/li>\n<li>Manejaremos todos los asuntos relacionados con su reclamo, incluyendo la preparaci\u00f3n de documentos, la presentaci\u00f3n de reclamos y la negociaci\u00f3n de acuerdos.<\/li>\n<li>Documentaremos los da\u00f1os para determinar cu\u00e1nto vale un reclamo a terceros o un acuerdo de compensaci\u00f3n laboral.<\/li>\n<li>Lo representaremos en audiencias y lucharemos con firmeza para obtener todos los beneficios y compensaciones disponibles.<\/li>\n<\/ul>\n<p>Ll\u00e1menos ahora para una evaluaci\u00f3n gratuita de su caso con un abogado experimentado en accidentes de soldadura en Queens.<\/p>\n<h2>Qu\u00e9 Causa los Accidentes de Soldadura en Queens, NY?<\/h2>\n<p>Los <a href=\"https:\/\/www.bls.gov\/ooh\/production\/welders-cutters-solderers-and-brazers.htm#tab-3\" target=\"_blank\" rel=\"nofollow noopener noreferrer\">peligros para la salud<\/a>\u00a0debido a la soldadura incluyen exposici\u00f3n a:<\/p>\n<div class=\"row\">\n<ul class=\"col-xl-6\">\n<li>Choque el\u00e9ctrico<\/li>\n<li>Llamas y calor<\/li>\n<li>Gases y vapores t\u00f3xicos<\/li>\n<\/ul>\n<ul class=\"col-xl-6\">\n<li>Radiaci\u00f3n ultravioleta (UV)<\/li>\n<li>Materiales sobrecalentados<\/li>\n<li>Ruido<\/li>\n<\/ul>\n<\/div>\n<p>Numerosas situaciones y condiciones pueden causar un accidente de soldadura. Adem\u00e1s de estar expuestos a peligros, los accidentes de soldadura pueden ocurrir debido a:<\/p>\n<div class=\"row\">\n<ul class=\"col-xl-6\">\n<li>Trabajar en espacios confinados aumenta el riesgo de exposici\u00f3n a gas, vapores, ruido e incendio.<\/li>\n<li>No seguir los procedimientos de seguridad y\u00a0<a href=\"https:\/\/www.osha.gov\/welding-cutting-brazing\/hazards-solutions\" target=\"_blank\" rel=\"nofollow noopener noreferrer\">las normas de OSHA<\/a>.<\/li>\n<li>Herramientas de soldadura defectuosas.<\/li>\n<li>Incendios y explosiones.<\/li>\n<li>Falta de uso de EPP (equipo de protecci\u00f3n personal).<\/li>\n<\/ul>\n<ul class=\"col-xl-6\">\n<li>Fatiga y somnolencia del soldador.<\/li>\n<li>Entrenamiento y experiencia insuficientes.<\/li>\n<li>Falta de ventilaci\u00f3n adecuada en el \u00e1rea de trabajo.<\/li>\n<li>Mantenimiento inadecuado del \u00e1rea de trabajo.<\/li>\n<\/ul>\n<\/div>\n<p>La causa del accidente determina el tipo de reclamo al que tiene derecho y qui\u00e9n es responsable de su accidente de soldadura. Para determinar los tipos de acciones que se aplican a su situaci\u00f3n, lo mejor es hablar con un abogado de accidentes laborales de Queens en Oresky &amp; Asociados, PLLC.<\/p>\n    <div class=\"cw-cta-box\">\n        <div class=\"cw-cta-box__inner \">\n            <div class=\"cw-cta-box__info\">\n                                    <div class=\"label\">\u00a1Llame ahora!<\/div>\n                            <\/div>\n                            <div class=\"contact-phone\">\n                    <a href=\"tel:7189939999\"\n                        aria-label=\"Tap to call button\">\n                        718-993-9999                    <\/a>\n                <\/div>\n                    <\/div>\n                    <a href=\"\/es\/contacto\/\"\n               class=\"cta-btn btn btn--primary btn\"\n               target=\"\">\n                Obtenga Una Consulta Gratuita            <\/a>\n            <\/div>\n    \n<h2>Lesiones Comunes en Accidentes de Soldadura en Queens<\/h2>\n<p>Los soldadores pueden sufrir lesiones potencialmente mortales y catastr\u00f3ficas. Sus lesiones pueden llevar a una discapacidad y deterioro permanentes. Las lesiones comunes sufridas por soldadores en New York incluyen:<\/p>\n<div class=\"row\">\n<ul class=\"col-xl-6\">\n<li>Lesiones oculares<\/li>\n<li>Quemaduras graves<\/li>\n<li>Cortes y laceraciones<\/li>\n<li>Lesiones auditivas<\/li>\n<\/ul>\n<ul class=\"col-xl-6\">\n<li>Exposici\u00f3n a sustancias qu\u00edmicas<\/li>\n<li>Electrocuci\u00f3n<\/li>\n<li>Exposici\u00f3n a radiaci\u00f3n infrarroja<\/li>\n<\/ul>\n<\/div>\n<p>Los soldadores heridos deben buscar atenci\u00f3n m\u00e9dica inmediata para sus lesiones. Adem\u00e1s de proteger su salud, la atenci\u00f3n m\u00e9dica oportuna ayuda con un reclamo de compensaci\u00f3n laboral o de lesiones personales.<\/p>\n<h2>Qu\u00e9 Tipo de Compensaci\u00f3n Puedo Recibir por un Reclamo de Accidente de Soldadura en Queens?<\/h2>\n<p>Las circunstancias de su lesi\u00f3n determinan el tipo de reclamo que presenta. En la mayor\u00eda de los casos, un soldador herido puede recibir beneficios de compensaci\u00f3n laboral. Sin embargo, el trabajador tambi\u00e9n podr\u00eda tener un reclamo por negligencia a un tercero.<\/p>\n<h3>Compensaci\u00f3n Laboral para un Accidente de Soldadura en Queens<\/h3>\n<p>La mayor\u00eda de los empleadores en New York deben tener cobertura de\u00a0<a href=\"https:\/\/nyc-business.nyc.gov\/nycbusiness\/description\/workers-compensation-insurance\" target=\"_blank\" rel=\"nofollow noopener noreferrer\">seguro de compensaci\u00f3n laboral<\/a>\u00a0para sus empleados. La cobertura del seguro proporciona beneficios a los trabajadores heridos en el trabajo.<\/p>\n<p>La compensaci\u00f3n laboral es un sistema sin culpa. Por lo tanto, usted no necesita probar que su empleador u otra parte caus\u00f3 su lesi\u00f3n. Tambi\u00e9n puede recibir beneficios completos incluso si tuvo parte de la culpa en su lesi\u00f3n, siempre que no se haya lesionado a prop\u00f3sito.<\/p>\n<p>El sistema de compensaci\u00f3n laboral de New York proporciona beneficios para los trabajadores lesionados, incluyendo:<\/p>\n<ul>\n<li>El costo del tratamiento m\u00e9dico y cuidado<\/li>\n<li>Reembolso de una parte de los salarios perdidos<\/li>\n<li>Beneficios para sobrevivientes si un trabajador muere a causa de sus lesiones<\/li>\n<\/ul>\n<p>Desafortunadamente, los beneficios de compensaci\u00f3n laboral son limitados. Por lo tanto, siempre debe hablar con un abogado de lesiones laborales sobre un reclamo a un tercero despu\u00e9s de un accidente.<\/p>\n<h3>Reclamo a Terceros por un Accidente de Soldadura en Queens<\/h3>\n<p>Los reclamos a terceros son reclamos de lesiones personales contra otra parte por negligencia o actos intencionales dolosos. En la mayor\u00eda de las situaciones, los empleados no pueden demandar a los empleadores si la compensaci\u00f3n laboral cubre su lesi\u00f3n de soldadura.<\/p>\n<p>Sin embargo, podr\u00edan tener un reclamo a terceros contra alguien cuya negligencia o actos intencionales causaron su lesi\u00f3n. Los posibles casos a terceros podr\u00edan incluir reclamos contra:<\/p>\n<ul>\n<li>Propietarios de propiedades<\/li>\n<li>Fabricantes<\/li>\n<li>Ingenieros<\/li>\n<li>Contratistas<\/li>\n<li>Otros individuos<\/li>\n<\/ul>\n<p>Un reclamo de lesiones personales a terceros puede proporcionar compensaci\u00f3n por da\u00f1os econ\u00f3micos y no econ\u00f3micos no cubiertos por la compensaci\u00f3n laboral. En muchos casos, el valor de un reclamo a terceros es mucho mayor que el valor de un reclamo de compensaci\u00f3n laboral.<\/p>\n<p>Usted puede presentar un reclamo de compensaci\u00f3n laboral y un reclamo a terceros por el mismo accidente de soldadura.<\/p>\n<h2>Programe una Consulta Gratuita Con Nuestros Abogados de Accidentes de Soldadura en Queens<\/h2>\n<p>Antes de aceptar un acuerdo, hable con nuestros abogados para asegurarse de que la cantidad del acuerdo es justa. Ll\u00e1menos para una consulta gratuita con un abogado experimentado en accidentes de soldadura en Queens.<\/p>\n\n\t\t\t\t\n\t\t\t\t\t<div itemtype=\"https:\/\/schema.org\/VideoObject\" itemscope=\"\" id=\"video_play-16512\" class=\" vid-aligncenter\" style=\"display:block\">\n\t\t\t\t\t\t<meta itemprop=\"name\" content=\"Bronx,  Queens &#038; Manhattan Construction Accident Attorneys | Oresky &#038; Associates, PLLC\" \/>\n\t\t\t\t\t\t<meta itemprop=\"thumbnailURL\" content=\"https:\/\/i.ytimg.com\/vi\/8gfe0xb8SuM\/hqdefault.jpg\" \/>\n\t\t\t\t\t\t<meta itemprop=\"uploadDate\" content=\"10 de diciembre de 2025\">\n\t\t\t\t\t\t\t\t\t\t\t\t\t<meta itemprop=\"embedURL\" content=\"https:\/\/www.youtube.com\/watch?v=8gfe0xb8SuM\" \/>\n\t\t\t\t\t\t\t<iframe loading=\"lazy\" class=\"cw_video_single\" src=\"https:\/\/www.youtube.com\/embed\/8gfe0xb8SuM?rel=0&amp;showinfo=1&amp;autoplay=1\" allowfullscreen=\"allowfullscreen\" width=\"100%\" height=\"480px\" ><\/iframe>\n\t\t\t\t\t\t\n\t\t\t\t\t\t\n\t\t\t\t\t\t\t\t\t\t\t\t\t\t\t<meta itemprop=\"description\" content=\"Our attorneys will pursue all available sources of compensation for your construction accident injuries. \" \/>\n\t\t\t\t\t\t\t\n\t\t\t\t\t\t\n\t\t\t\t\t<\/div>\n\n\t\t\t\t\n\n\n\n\t\t\t\n\t\t\t\t\n","protected":false},"excerpt":{"rendered":"<p>Los soldadores en Queens, NY, tienen un trabajo peligroso pero esencial. Los soldadores a menudo trabajan en la industria de la construcci\u00f3n. Sin embargo, tambi\u00e9n se encuentran soldadores trabajando en astilleros, plantas manufactureras, instalaci\u00f3n de tuber\u00edas, trabajo en hierro y otros empleos. Debido a que los soldadores est\u00e1n expuestos a numerosos peligros, pueden sufrir lesiones [&hellip;]<\/p>\n","protected":false},"author":9,"featured_media":0,"parent":19332,"menu_order":79,"comment_status":"closed","ping_status":"closed","template":"","meta":{"_acf_changed":false,"footnotes":""},"class_list":["post-19832","page","type-page","status-publish","hentry"],"acf":[],"yoast_head":"<!-- This site is optimized with the Yoast SEO plugin v27.3 - https:\/\/yoast.com\/product\/yoast-seo-wordpress\/ -->\n<title>Abogado de Accidentes de Soldadura en Queens - Oresky &amp; Associates, PLLC<\/title>\n<meta name=\"description\" content=\"\u00bfSufri\u00f3 una lesi\u00f3n soldando? Nuestros abogados especialistas en accidentes de soldadura en Queens de Oresky &amp; Associates, PLLC pueden ayudarle. Ll\u00e1menos hoy.\" \/>\n<meta name=\"robots\" content=\"index, follow, max-snippet:-1, max-image-preview:large, max-video-preview:-1\" \/>\n<link rel=\"canonical\" href=\"https:\/\/oreskylaw.com\/es\/queens\/abogados-de-accidentes-de-soldadura\/\" \/>\n<meta property=\"og:locale\" content=\"es_ES\" \/>\n<meta property=\"og:type\" content=\"article\" \/>\n<meta property=\"og:title\" content=\"Abogado de Accidentes de Soldadura en Queens - Oresky &amp; Associates, PLLC\" \/>\n<meta property=\"og:description\" content=\"\u00bfSufri\u00f3 una lesi\u00f3n soldando? Nuestros abogados especialistas en accidentes de soldadura en Queens de Oresky &amp; Associates, PLLC pueden ayudarle. Ll\u00e1menos hoy.\" \/>\n<meta property=\"og:url\" content=\"https:\/\/oreskylaw.com\/es\/queens\/abogados-de-accidentes-de-soldadura\/\" \/>\n<meta property=\"og:site_name\" content=\"Oresky &amp; Associates, PLLC\" \/>\n<meta property=\"article:publisher\" content=\"https:\/\/www.facebook.com\/Oreskylaw\/\" \/>\n<meta property=\"article:modified_time\" content=\"2026-01-31T11:22:44+00:00\" \/>\n<meta property=\"og:image\" content=\"https:\/\/oreskylaw.com\/wp-content\/uploads\/2026\/01\/Help-After-a-Scaffolding-Accident-in-the-Bronx.webp\" \/>\n\t<meta property=\"og:image:width\" content=\"300\" \/>\n\t<meta property=\"og:image:height\" content=\"169\" \/>\n\t<meta property=\"og:image:type\" content=\"image\/webp\" \/>\n<meta name=\"twitter:card\" content=\"summary_large_image\" \/>\n<meta name=\"twitter:site\" content=\"@JacobOreskyLaw\" \/>\n<meta name=\"twitter:label1\" content=\"Tiempo de lectura\" \/>\n\t<meta name=\"twitter:data1\" content=\"5 minutos\" \/>\n<!-- \/ Yoast SEO plugin. -->","yoast_head_json":{"title":"Abogado de Accidentes de Soldadura en Queens - Oresky & Associates, PLLC","description":"\u00bfSufri\u00f3 una lesi\u00f3n soldando? Nuestros abogados especialistas en accidentes de soldadura en Queens de Oresky & Associates, PLLC pueden ayudarle. Ll\u00e1menos hoy.","robots":{"index":"index","follow":"follow","max-snippet":"max-snippet:-1","max-image-preview":"max-image-preview:large","max-video-preview":"max-video-preview:-1"},"canonical":"https:\/\/oreskylaw.com\/es\/queens\/abogados-de-accidentes-de-soldadura\/","og_locale":"es_ES","og_type":"article","og_title":"Abogado de Accidentes de Soldadura en Queens - Oresky & Associates, PLLC","og_description":"\u00bfSufri\u00f3 una lesi\u00f3n soldando? Nuestros abogados especialistas en accidentes de soldadura en Queens de Oresky & Associates, PLLC pueden ayudarle. Ll\u00e1menos hoy.","og_url":"https:\/\/oreskylaw.com\/es\/queens\/abogados-de-accidentes-de-soldadura\/","og_site_name":"Oresky &amp; Associates, PLLC","article_publisher":"https:\/\/www.facebook.com\/Oreskylaw\/","article_modified_time":"2026-01-31T11:22:44+00:00","og_image":[{"width":300,"height":169,"url":"https:\/\/oreskylaw.com\/wp-content\/uploads\/2026\/01\/Help-After-a-Scaffolding-Accident-in-the-Bronx.webp","type":"image\/webp"}],"twitter_card":"summary_large_image","twitter_site":"@JacobOreskyLaw","twitter_misc":{"Tiempo de lectura":"5 minutos"},"schema":{"@context":"https:\/\/schema.org","@graph":[{"@type":"WebPage","@id":"https:\/\/oreskylaw.com\/es\/queens\/abogados-de-accidentes-de-soldadura\/","url":"https:\/\/oreskylaw.com\/es\/queens\/abogados-de-accidentes-de-soldadura\/","name":"Abogado de Accidentes de Soldadura en Queens - Oresky & Associates, PLLC","isPartOf":{"@id":"https:\/\/oreskylaw.com\/es\/#website"},"primaryImageOfPage":{"@id":"https:\/\/oreskylaw.com\/es\/queens\/abogados-de-accidentes-de-soldadura\/#primaryimage"},"image":{"@id":"https:\/\/oreskylaw.com\/es\/queens\/abogados-de-accidentes-de-soldadura\/#primaryimage"},"thumbnailUrl":"https:\/\/oreskylaw.com\/wp-content\/uploads\/2026\/01\/Help-After-a-Scaffolding-Accident-in-the-Bronx.webp","datePublished":"2025-12-10T06:03:59+00:00","dateModified":"2026-01-31T11:22:44+00:00","description":"\u00bfSufri\u00f3 una lesi\u00f3n soldando? Nuestros abogados especialistas en accidentes de soldadura en Queens de Oresky & Associates, PLLC pueden ayudarle. Ll\u00e1menos hoy.","breadcrumb":{"@id":"https:\/\/oreskylaw.com\/es\/queens\/abogados-de-accidentes-de-soldadura\/#breadcrumb"},"inLanguage":"es","potentialAction":[{"@type":"ReadAction","target":["https:\/\/oreskylaw.com\/es\/queens\/abogados-de-accidentes-de-soldadura\/"]}]},{"@type":"ImageObject","inLanguage":"es","@id":"https:\/\/oreskylaw.com\/es\/queens\/abogados-de-accidentes-de-soldadura\/#primaryimage","url":"https:\/\/oreskylaw.com\/wp-content\/uploads\/2026\/01\/Help-After-a-Scaffolding-Accident-in-the-Bronx.webp","contentUrl":"https:\/\/oreskylaw.com\/wp-content\/uploads\/2026\/01\/Help-After-a-Scaffolding-Accident-in-the-Bronx.webp"},{"@type":"BreadcrumbList","@id":"https:\/\/oreskylaw.com\/es\/queens\/abogados-de-accidentes-de-soldadura\/#breadcrumb","itemListElement":[{"@type":"ListItem","position":1,"name":"Inicio","item":"https:\/\/oreskylaw.com\/es\/"},{"@type":"ListItem","position":2,"name":"Queens","item":"https:\/\/oreskylaw.com\/es\/queens\/"},{"@type":"ListItem","position":3,"name":"Accidentes de Soldadura"}]},{"@type":"WebSite","@id":"https:\/\/oreskylaw.com\/es\/#website","url":"https:\/\/oreskylaw.com\/es\/","name":"Oresky & Associates PLLC","description":"","publisher":{"@id":"https:\/\/oreskylaw.com\/es\/#organization"},"potentialAction":[{"@type":"SearchAction","target":{"@type":"EntryPoint","urlTemplate":"https:\/\/oreskylaw.com\/es\/?s={search_term_string}"},"query-input":{"@type":"PropertyValueSpecification","valueRequired":true,"valueName":"search_term_string"}}],"inLanguage":"es"}]}},"_links":{"self":[{"href":"https:\/\/oreskylaw.com\/es\/wp-json\/wp\/v2\/pages\/19832","targetHints":{"allow":["GET"]}}],"collection":[{"href":"https:\/\/oreskylaw.com\/es\/wp-json\/wp\/v2\/pages"}],"about":[{"href":"https:\/\/oreskylaw.com\/es\/wp-json\/wp\/v2\/types\/page"}],"author":[{"embeddable":true,"href":"https:\/\/oreskylaw.com\/es\/wp-json\/wp\/v2\/users\/9"}],"replies":[{"embeddable":true,"href":"https:\/\/oreskylaw.com\/es\/wp-json\/wp\/v2\/comments?post=19832"}],"version-history":[{"count":0,"href":"https:\/\/oreskylaw.com\/es\/wp-json\/wp\/v2\/pages\/19832\/revisions"}],"up":[{"embeddable":true,"href":"https:\/\/oreskylaw.com\/es\/wp-json\/wp\/v2\/pages\/19332"}],"wp:attachment":[{"href":"https:\/\/oreskylaw.com\/es\/wp-json\/wp\/v2\/media?parent=19832"}],"curies":[{"name":"wp","href":"https:\/\/api.w.org\/{rel}","templated":true}]}}