{"id":19844,"date":"2025-12-10T06:04:15","date_gmt":"2025-12-10T06:04:15","guid":{"rendered":"https:\/\/oreskylaw.com\/?page_id=19844"},"modified":"2026-01-31T11:25:07","modified_gmt":"2026-01-31T11:25:07","slug":"abogados-de-compensacion-laboral","status":"publish","type":"page","link":"https:\/\/oreskylaw.com\/es\/queens\/abogados-de-compensacion-laboral\/","title":{"rendered":"Abogado de compensaci\u00f3n laboral"},"content":{"rendered":"<p>Si eres un trabajador que se ha lesionado en el trabajo en Queens, NY, puede que tengas derecho a las prestaciones de compensaci\u00f3n laboral. Obtener los m\u00e1ximos beneficios puede ser un reto, pero los experimentados abogados de compensaci\u00f3n laboral de Queens de\u00a0<a href=\"https:\/\/oreskylaw.com\/es\/acerca-de-nosotros\/\">Oresky &amp; Associates, PLLC<\/a> pueden ayudarte.<\/p>\n<p>Somos duros defensores de los trabajadores lesionados en Queens desde 1992. Nuestros galardonados abogados litigantes han ganado con \u00e9xito m\u00e1s de 400 millones de d\u00f3lares en da\u00f1os y perjuicios para clientes como t\u00fa.<\/p>\n<p>Ponte en igualdad de condiciones y lucha para maximizar tus beneficios. Llama a nuestras oficinas de abogados en Queens, New York, para saber c\u00f3mo empezar. La primera evaluaci\u00f3n de tu caso es gratuita, as\u00ed que ponte en\u00a0<a href=\"https:\/\/oreskylaw.com\/es\/contacto\/\">contacto<\/a>\u00a0con nosotros hoy mismo o ll\u00e1manos al\u00a0<a href=\"tel:+19293050949\">(929) 305-0949<\/a>.<\/p>\n<h2>C\u00f3mo puede ayudar Oresky &amp; Associates, PLLC cuando buscas beneficios de compensaci\u00f3n laboral<\/h2>\n<p>Puede que est\u00e9s cubierto por la p\u00f3liza de seguro de indemnizaci\u00f3n de tu empresa, pero eso no significa que tu camino hacia la indemnizaci\u00f3n sea f\u00e1cil. Tu empresa y su proveedor no querr\u00e1n pagar. Pueden hacer que el proceso sea una pesadilla para ti. Tendr\u00e1s que demostrarles que te tomas en serio lo de conseguir cada centavo que te mereces.<\/p>\n<p>Ah\u00ed es donde los abogados de lesiones personales de Queens, Oresky &amp; Associates, PLLC pueden ayudarte de verdad.<\/p>\n<p>Sabemos cu\u00e1nto puede alterar tu vida una lesi\u00f3n o enfermedad laboral. Tambi\u00e9n conocemos la resistencia que encontrar\u00e1s al pedir las prestaciones que te corresponden por ley.<\/p>\n<p>Puedes contar con nosotros para que seamos tus m\u00e1s fervientes defensores mientras:<\/p>\n<ul>\n<li>Nos encargamos de tu solicitud de indemnizaci\u00f3n por accidente de trabajo de principio a fin: desde la presentaci\u00f3n hasta las negociaciones y la apelaci\u00f3n, si es necesario<\/li>\n<li>Iniciamos una investigaci\u00f3n exhaustiva para determinar si tambi\u00e9n puedes tener una demanda de terceros en tus manos<\/li>\n<li>Trabajamos estrechamente con expertos y especialistas mientras determinamos el alcance y el impacto de tu lesi\u00f3n laboral<\/li>\n<\/ul>\n<p>Nuestro despacho de abogados estar\u00e1 ah\u00ed para guiarte a lo largo del proceso y tomar decisiones importantes en el camino. No solo necesitas un abogado, sino un aliado. Llama a nuestros abogados de accidentes laborales de Queens para que eso sea una realidad.<\/p>\n<h2>\u00bfTengo derecho a una indemnizaci\u00f3n laboral en Queens?<\/h2>\n<p>Seg\u00fan la ley del estado de New York, la mayor\u00eda de los empleados tendr\u00e1n derecho a las prestaciones si su empleador tiene cobertura de seguro de accidentes laborales.<\/p>\n<p>La definici\u00f3n de empleado, a efectos de la indemnizaci\u00f3n por accidente laboral, es amplia.<\/p>\n<p>Por lo tanto, deber\u00edas tener derecho a las prestaciones si eres:<\/p>\n<div class=\"row\">\n<ul class=\"col-xl-6\">\n<li>Empleado W2 \u2013 a tiempo completo o parcial<\/li>\n<li>Empleado alquilado<\/li>\n<li>Empleado prestado<\/li>\n<li>Jornalero<\/li>\n<\/ul>\n<ul class=\"col-xl-6\">\n<li>Trabajador de la construcci\u00f3n<\/li>\n<li>Subcontratista, o<\/li>\n<li>Voluntario no remunerado.<\/li>\n<\/ul>\n<\/div>\n<p>Los contratistas independientes no tienen derecho a la cobertura del sistema de indemnizaci\u00f3n de los trabajadores de New York.<\/p>\n<h2>\u00bfCu\u00e1ndo se aplica la indemnizaci\u00f3n por accidente de trabajo?<\/h2>\n<p>La indemnizaci\u00f3n por accidente de trabajo se aplica en general siempre que un empleado cubierto (como se indica en el \u00faltimo apartado) sufre una lesi\u00f3n o contrae una enfermedad en el trabajo.<\/p>\n<h2>\u00bfQu\u00e9 significa \u201cen el trabajo\u201d en el contexto de la indemnizaci\u00f3n por accidente laboral?<\/h2>\n<p>Normalmente, significa que estabas realizando tareas relacionadas con el trabajo en el trabajo o fuera de tu lugar de trabajo.<\/p>\n<p>Tus lesiones tienen que estar relacionadas con tareas, responsabilidades o deberes relacionados con el trabajo.<\/p>\n<p>Por ejemplo, supongamos que trabajas en una obra de construcci\u00f3n en Queens y no sueles salir del lugar de trabajo durante el d\u00eda. Sin embargo, hay ocasiones en las que tienes que tomar un veh\u00edculo de la empresa y cruzar la ciudad para hacer algo para tu jefe. Si en ese trayecto sufres un accidente de tr\u00e1fico, deber\u00edas disponer de las prestaciones de indemnizaci\u00f3n por accidente laboral. \u00bfPor qu\u00e9? Estabas realizando una tarea directamente relacionada con tu empleo.<\/p>\n<h2>Representamos a clientes en todo tipo de reclamaciones de indemnizaci\u00f3n laboral<\/h2>\n<p>Nuestros abogados de indemnizaci\u00f3n laboral de Queens luchan por los clientes que han sufrido lesiones y enfermedades en el trabajo como consecuencia de:<\/p>\n<div class=\"row\">\n<ul class=\"col-xl-6\">\n<li>Accidentes de construcci\u00f3n<\/li>\n<li>Accidentes de andamios<\/li>\n<li>Accidentes con escaleras<\/li>\n<li>Accidentes de soldadura<\/li>\n<li>Accidentes de gr\u00faa<\/li>\n<li>Accidentes con maquinaria pesada<\/li>\n<li>Equipos de trabajo defectuosos<\/li>\n<li>Condiciones de trabajo peligrosas<\/li>\n<li>Violaciones de las normas de seguridad de la OSHA<\/li>\n<\/ul>\n<ul class=\"col-xl-6\">\n<li>Accidentes de coche y de cami\u00f3n<\/li>\n<li>Exposici\u00f3n a productos qu\u00edmicos t\u00f3xicos<\/li>\n<li>Ca\u00eddas<\/li>\n<li>Aplastamiento por un objeto<\/li>\n<li>Lesiones por movimientos repetitivos<\/li>\n<li>Enfermedades y lesiones laborales<\/li>\n<li>Lesiones en hospitales y residencias de ancianos<\/li>\n<li>Y m\u00e1s<\/li>\n<\/ul>\n<\/div>\n<p>No dudes en ponerte en contacto con nuestro calificado equipo legal para que te asista despu\u00e9s de lesionarte mientras trabajas en Queens, New York. Estamos aqu\u00ed para ayudarte a entender tus opciones y facilitarte todo lo posible mientras te recuperas.<\/p>\n<h2>\u00bfQu\u00e9 prestaciones de la indemnizaci\u00f3n por accidente laboral est\u00e1n disponibles despu\u00e9s de un accidente laboral en Queens?<\/h2>\n<p>Hay diferentes tipos de prestaciones disponibles en el sistema de seguro de compensaci\u00f3n de los trabajadores de New York.<\/p>\n<p>He aqu\u00ed un breve resumen de lo que podr\u00edas tener derecho a recuperar si lo solicitas:<\/p>\n<h3>Gastos m\u00e9dicos<\/h3>\n<p>La indemnizaci\u00f3n por accidente de trabajo cubrir\u00e1 todos los gastos m\u00e9dicos razonables y necesarios relacionados con tu lesi\u00f3n en el trabajo.<\/p>\n<p>Ten en cuenta que no puedes solo elegir a tu m\u00e9dico. Tendr\u00e1s que seguir unos protocolos espec\u00edficos y buscar la atenci\u00f3n de un m\u00e9dico aprobado por la Junta de Compensaci\u00f3n de los Trabajadores.<\/p>\n<p>Si tu lesi\u00f3n te impide trabajar durante m\u00e1s de 7 d\u00edas, puede haber prestaciones econ\u00f3micas. Se pagan para compensar los salarios e ingresos que perder\u00e1s mientras te recuperas de tu lesi\u00f3n laboral.<\/p>\n<p>No recibir\u00e1s prestaciones que cubran todo tu salario perdido.<\/p>\n<p>En cambio, recibir\u00e1s<\/p>\n<ul>\n<li>Hasta dos tercios de tu salario promedio semanal<\/li>\n<\/ul>\n<p>Multiplicado por tu grado de incapacidad.<\/p>\n<h2>\u00bfQu\u00e9 es el grado de incapacidad?<\/h2>\n<p>Es una puntuaci\u00f3n -en una escala de 0 a 100- que tu m\u00e9dico te da en funci\u00f3n de la gravedad de tu lesi\u00f3n. Cuanto m\u00e1s grave sea tu lesi\u00f3n en el trabajo, mayor ser\u00e1 el grado de incapacidad.<\/p>\n<p>La prestaci\u00f3n semanal m\u00e1xima tiene un l\u00edmite. Para los accidentes ocurridos entre el 1 de julio de 2021 y el 30 de junio de 2022, lo m\u00e1ximo que podr\u00e1s obtener por prestaciones econ\u00f3micas es 1,063.05 d\u00f3lares.<\/p>\n<h3>Prestaciones complementarias<\/h3>\n<p>Puedes disponer de prestaciones complementarias si tu lesi\u00f3n provoca una incapacidad permanente o si tu c\u00f3nyuge ha fallecido a causa de una enfermedad o lesi\u00f3n relacionada con el trabajo. Estas prestaciones est\u00e1n disponibles en funci\u00f3n de las necesidades y pueden superar los m\u00e1ximos establecidos por la ley.<\/p>\n<h3>Prestaciones por fallecimiento<\/h3>\n<p>Las familias de las v\u00edctimas de accidentes laborales mortales pueden tener derecho a prestaciones por fallecimiento con arreglo al sistema de seguro de indemnizaci\u00f3n de los trabajadores del estado de New York.<\/p>\n<p>Las prestaciones por fallecimiento pueden incluir:<\/p>\n<ul>\n<li>Prestaciones en met\u00e1lico equivalentes a dos tercios del salario semanal medio del trabajador en el a\u00f1o anterior a su fallecimiento (hasta el m\u00e1ximo legal), y<\/li>\n<li>Gastos funerarios de hasta 12.500 d\u00f3lares.<\/li>\n<\/ul>\n<p>Un abogado experto en muerte por negligencia puede ayudarte a entender todas las opciones legales que tienes a tu disposici\u00f3n si un c\u00f3nyuge o padre ha fallecido recientemente en un accidente laboral en Queens. Ponte en contacto con nuestro compasivo equipo para obtener m\u00e1s informaci\u00f3n hoy mismo.<\/p>\n    <div class=\"cw-cta-box\">\n        <div class=\"cw-cta-box__inner \">\n            <div class=\"cw-cta-box__info\">\n                                    <div class=\"label\">\u00a1Llame ahora!<\/div>\n                            <\/div>\n                            <div class=\"contact-phone\">\n                    <a href=\"tel:7189939999\"\n                        aria-label=\"Tap to call button\">\n                        718-993-9999                    <\/a>\n                <\/div>\n                    <\/div>\n                    <a href=\"\/es\/contacto\/\"\n               class=\"cta-btn btn btn--primary btn\"\n               target=\"\">\n                Obtenga Una Consulta Gratuita            <\/a>\n            <\/div>\n    \n<h2>\u00bfTengo que demostrar la negligencia si quiero recuperar las prestaciones de la indemnizaci\u00f3n laboral?<\/h2>\n<p><img loading=\"lazy\" decoding=\"async\" class=\"size-full wp-image-13528 alignright\" src=\"https:\/\/oreskylaw.com\/wp-content\/uploads\/2026\/01\/Why-Choose-Oresky-Associates-PLLC-to-Handle-Your-Bronx-Injury-Claim.webp\" alt=\"construction accident attorney Bronx NY\" width=\"300\" height=\"176\" \/>No. En New York, la compensaci\u00f3n de los trabajadores es un sistema sin culpa.<\/p>\n<p>Hay dos cosas importantes que hay que saber al respecto:<\/p>\n<ul>\n<li>Los trabajadores cubiertos tienen derecho a las prestaciones, independientemente de qui\u00e9n sea el culpable, y<\/li>\n<li>Renuncias al derecho a demandar a tu empleador, aunque haya sido negligente.<\/li>\n<\/ul>\n<p>La idea que subyace al sistema sin culpa es que ayuda a los trabajadores a obtener el dinero que necesitan sin tener que enfrentarse a un juicio largo y disputado. A cambio de las prestaciones garantizadas, el trabajador renuncia al derecho de darse vuelta y demandar a su empresario.<\/p>\n<p>Esto suele ser as\u00ed, a menos que haya pruebas de que el empresario act\u00faa intencionadamente o con un grave desprecio por la seguridad de sus empleados. Adem\u00e1s, tu empresario no est\u00e1 protegido de los litigios si no tiene un seguro de indemnizaci\u00f3n por accidente laboral que te proteja.<\/p>\n<p>Sin embargo, esto no significa que los trabajadores nunca puedan presentar una demanda si se lesionan en el trabajo.<\/p>\n<h2>\u00bfExiste alguna indemnizaci\u00f3n adicional a la indemnizaci\u00f3n por accidente de trabajo?<\/h2>\n<p>Si una investigaci\u00f3n revela que tu accidente fue el resultado de la negligencia de un tercero (que no sea tu empleador), esa parte podr\u00eda ser considerada responsable en una demanda por da\u00f1os personales contra terceros. Alternativamente, puedes tener derecho a presentar una demanda si alguien es estrictamente responsable de tus lesiones seg\u00fan la ley.<\/p>\n<p>Las partes potencialmente responsables podr\u00edan:<\/p>\n<ul>\n<li>Propietarios de inmuebles<\/li>\n<li>Empresas responsables de la fabricaci\u00f3n o venta de equipos o materiales de trabajo defectuosos<\/li>\n<li>Fabricantes de sustancias t\u00f3xicas o qu\u00edmicas<\/li>\n<li>Conductores en la carretera que hayan contribuido a un accidente de tr\u00e1fico<\/li>\n<\/ul>\n<p>Puede ser importante considerar todas tus opciones tras un accidente laboral. Las prestaciones de indemnizaci\u00f3n por accidente de trabajo suelen ser m\u00e1s dif\u00edciles de conseguir de lo que deber\u00edan, y no cubrir\u00e1n todos tus costos. Presentar una demanda puede ser un gran complemento y ayudarte a maximizar tu recuperaci\u00f3n econ\u00f3mica.<\/p>\n<h2>\u00bfDe cu\u00e1nto tiempo dispongo para presentar una demanda de indemnizaci\u00f3n por accidente de trabajo en Queens?<\/h2>\n<p>En primer lugar, tienes que comunicar a tu empresario que te has lesionado en un accidente laboral. Tendr\u00e1s que hacerlo -por escrito- en un plazo de 30 d\u00edas.<\/p>\n<p>Luego tendr\u00e1s que presentar una solicitud formal de prestaciones. En New York, el plazo de prescripci\u00f3n para presentar una solicitud de prestaciones por accidente laboral es de dos a\u00f1os.<\/p>\n<p>El reloj empieza a correr desde la fecha en que te lesionaste o la fecha en que descubriste razonablemente tu lesi\u00f3n o enfermedad.<\/p>\n<p>Perder\u00e1s la posibilidad de obtener las prestaciones a las que tienes derecho si se te pasa el plazo que se aplica a tu caso. Llama a Oresky &amp; Associates, PLLC para obtener asistencia inmediata.<\/p>\n<h2>Programa una consulta gratuita con un abogado de compensaci\u00f3n laboral de Queens<\/h2>\n<p>Tanto si has sufrido un traumatismo craneoencef\u00e1lico en una ca\u00edda como si has contra\u00eddo una infecci\u00f3n respiratoria tras exponerte a una sustancia t\u00f3xica en el trabajo, es posible que tengas a tu disposici\u00f3n las prestaciones de compensaci\u00f3n laboral. Oresky &amp; Associates, PLLC est\u00e1 aqu\u00ed para facilitarte el proceso de obtener dinero para tus facturas m\u00e9dicas, salarios perdidos e incapacidad.<\/p>\n<p>Durante m\u00e1s de 25 a\u00f1os, nuestro despacho ha ayudado a trabajadores como t\u00fa a superar los retos del proceso de reclamaci\u00f3n de la indemnizaci\u00f3n por accidente laboral. Un abogado con experiencia en indemnizaciones laborales en Queens est\u00e1 preparado para ayudarte en los momentos en que lo necesites.<\/p>\n<p>Llama a nuestro despacho para empezar con una consulta gratuita. Estaremos encantados de revisar tu caso, explicarte tus opciones y ayudarte a tomar las mejores decisiones para ti y tu familia.<\/p>\n","protected":false},"excerpt":{"rendered":"<p>Si eres un trabajador que se ha lesionado en el trabajo en Queens, NY, puede que tengas derecho a las prestaciones de compensaci\u00f3n laboral. Obtener los m\u00e1ximos beneficios puede ser un reto, pero los experimentados abogados de compensaci\u00f3n laboral de Queens de\u00a0Oresky &amp; Associates, PLLC pueden ayudarte. Somos duros defensores de los trabajadores lesionados en [&hellip;]<\/p>\n","protected":false},"author":9,"featured_media":0,"parent":19332,"menu_order":80,"comment_status":"closed","ping_status":"closed","template":"","meta":{"_acf_changed":false,"footnotes":""},"class_list":["post-19844","page","type-page","status-publish","hentry"],"acf":[],"yoast_head":"<!-- This site is optimized with the Yoast SEO plugin v27.3 - https:\/\/yoast.com\/product\/yoast-seo-wordpress\/ -->\n<title>Abogado de compensaci\u00f3n laboral en Queens - Oresky &amp; Associates, PLLC<\/title>\n<meta name=\"description\" content=\"Trabajadores lesionados en Queens, obtengan m\u00e1ximos beneficios de compensaci\u00f3n laboral posibles. Contacten a Oresky &amp; Associates, PLLC para representaci\u00f3n legal.\" \/>\n<meta name=\"robots\" content=\"index, follow, max-snippet:-1, max-image-preview:large, max-video-preview:-1\" \/>\n<link rel=\"canonical\" href=\"https:\/\/oreskylaw.com\/es\/queens\/abogados-de-compensacion-laboral\/\" \/>\n<meta property=\"og:locale\" content=\"es_ES\" \/>\n<meta property=\"og:type\" content=\"article\" \/>\n<meta property=\"og:title\" content=\"Abogado de compensaci\u00f3n laboral en Queens - Oresky &amp; Associates, PLLC\" \/>\n<meta property=\"og:description\" content=\"Trabajadores lesionados en Queens, obtengan m\u00e1ximos beneficios de compensaci\u00f3n laboral posibles. Contacten a Oresky &amp; Associates, PLLC para representaci\u00f3n legal.\" \/>\n<meta property=\"og:url\" content=\"https:\/\/oreskylaw.com\/es\/queens\/abogados-de-compensacion-laboral\/\" \/>\n<meta property=\"og:site_name\" content=\"Oresky &amp; Associates, PLLC\" \/>\n<meta property=\"article:publisher\" content=\"https:\/\/www.facebook.com\/Oreskylaw\/\" \/>\n<meta property=\"article:modified_time\" content=\"2026-01-31T11:25:07+00:00\" \/>\n<meta property=\"og:image\" content=\"https:\/\/oreskylaw.com\/wp-content\/uploads\/2026\/01\/Why-Choose-Oresky-Associates-PLLC-to-Handle-Your-Bronx-Injury-Claim.webp\" \/>\n\t<meta property=\"og:image:width\" content=\"300\" \/>\n\t<meta property=\"og:image:height\" content=\"176\" \/>\n\t<meta property=\"og:image:type\" content=\"image\/webp\" \/>\n<meta name=\"twitter:card\" content=\"summary_large_image\" \/>\n<meta name=\"twitter:site\" content=\"@JacobOreskyLaw\" \/>\n<meta name=\"twitter:label1\" content=\"Tiempo de lectura\" \/>\n\t<meta name=\"twitter:data1\" content=\"9 minutos\" \/>\n<!-- \/ Yoast SEO plugin. -->","yoast_head_json":{"title":"Abogado de compensaci\u00f3n laboral en Queens - Oresky & Associates, PLLC","description":"Trabajadores lesionados en Queens, obtengan m\u00e1ximos beneficios de compensaci\u00f3n laboral posibles. Contacten a Oresky & Associates, PLLC para representaci\u00f3n legal.","robots":{"index":"index","follow":"follow","max-snippet":"max-snippet:-1","max-image-preview":"max-image-preview:large","max-video-preview":"max-video-preview:-1"},"canonical":"https:\/\/oreskylaw.com\/es\/queens\/abogados-de-compensacion-laboral\/","og_locale":"es_ES","og_type":"article","og_title":"Abogado de compensaci\u00f3n laboral en Queens - Oresky & Associates, PLLC","og_description":"Trabajadores lesionados en Queens, obtengan m\u00e1ximos beneficios de compensaci\u00f3n laboral posibles. Contacten a Oresky & Associates, PLLC para representaci\u00f3n legal.","og_url":"https:\/\/oreskylaw.com\/es\/queens\/abogados-de-compensacion-laboral\/","og_site_name":"Oresky &amp; Associates, PLLC","article_publisher":"https:\/\/www.facebook.com\/Oreskylaw\/","article_modified_time":"2026-01-31T11:25:07+00:00","og_image":[{"width":300,"height":176,"url":"https:\/\/oreskylaw.com\/wp-content\/uploads\/2026\/01\/Why-Choose-Oresky-Associates-PLLC-to-Handle-Your-Bronx-Injury-Claim.webp","type":"image\/webp"}],"twitter_card":"summary_large_image","twitter_site":"@JacobOreskyLaw","twitter_misc":{"Tiempo de lectura":"9 minutos"},"schema":{"@context":"https:\/\/schema.org","@graph":[{"@type":"WebPage","@id":"https:\/\/oreskylaw.com\/es\/queens\/abogados-de-compensacion-laboral\/","url":"https:\/\/oreskylaw.com\/es\/queens\/abogados-de-compensacion-laboral\/","name":"Abogado de compensaci\u00f3n laboral en Queens - Oresky & Associates, PLLC","isPartOf":{"@id":"https:\/\/oreskylaw.com\/es\/#website"},"primaryImageOfPage":{"@id":"https:\/\/oreskylaw.com\/es\/queens\/abogados-de-compensacion-laboral\/#primaryimage"},"image":{"@id":"https:\/\/oreskylaw.com\/es\/queens\/abogados-de-compensacion-laboral\/#primaryimage"},"thumbnailUrl":"https:\/\/oreskylaw.com\/wp-content\/uploads\/2026\/01\/Why-Choose-Oresky-Associates-PLLC-to-Handle-Your-Bronx-Injury-Claim.webp","datePublished":"2025-12-10T06:04:15+00:00","dateModified":"2026-01-31T11:25:07+00:00","description":"Trabajadores lesionados en Queens, obtengan m\u00e1ximos beneficios de compensaci\u00f3n laboral posibles. Contacten a Oresky & Associates, PLLC para representaci\u00f3n legal.","breadcrumb":{"@id":"https:\/\/oreskylaw.com\/es\/queens\/abogados-de-compensacion-laboral\/#breadcrumb"},"inLanguage":"es","potentialAction":[{"@type":"ReadAction","target":["https:\/\/oreskylaw.com\/es\/queens\/abogados-de-compensacion-laboral\/"]}]},{"@type":"ImageObject","inLanguage":"es","@id":"https:\/\/oreskylaw.com\/es\/queens\/abogados-de-compensacion-laboral\/#primaryimage","url":"https:\/\/oreskylaw.com\/wp-content\/uploads\/2026\/01\/Why-Choose-Oresky-Associates-PLLC-to-Handle-Your-Bronx-Injury-Claim.webp","contentUrl":"https:\/\/oreskylaw.com\/wp-content\/uploads\/2026\/01\/Why-Choose-Oresky-Associates-PLLC-to-Handle-Your-Bronx-Injury-Claim.webp"},{"@type":"BreadcrumbList","@id":"https:\/\/oreskylaw.com\/es\/queens\/abogados-de-compensacion-laboral\/#breadcrumb","itemListElement":[{"@type":"ListItem","position":1,"name":"Inicio","item":"https:\/\/oreskylaw.com\/es\/"},{"@type":"ListItem","position":2,"name":"Queens","item":"https:\/\/oreskylaw.com\/es\/queens\/"},{"@type":"ListItem","position":3,"name":"Abogado de compensaci\u00f3n laboral"}]},{"@type":"WebSite","@id":"https:\/\/oreskylaw.com\/es\/#website","url":"https:\/\/oreskylaw.com\/es\/","name":"Oresky & Associates PLLC","description":"","publisher":{"@id":"https:\/\/oreskylaw.com\/es\/#organization"},"potentialAction":[{"@type":"SearchAction","target":{"@type":"EntryPoint","urlTemplate":"https:\/\/oreskylaw.com\/es\/?s={search_term_string}"},"query-input":{"@type":"PropertyValueSpecification","valueRequired":true,"valueName":"search_term_string"}}],"inLanguage":"es"}]}},"_links":{"self":[{"href":"https:\/\/oreskylaw.com\/es\/wp-json\/wp\/v2\/pages\/19844","targetHints":{"allow":["GET"]}}],"collection":[{"href":"https:\/\/oreskylaw.com\/es\/wp-json\/wp\/v2\/pages"}],"about":[{"href":"https:\/\/oreskylaw.com\/es\/wp-json\/wp\/v2\/types\/page"}],"author":[{"embeddable":true,"href":"https:\/\/oreskylaw.com\/es\/wp-json\/wp\/v2\/users\/9"}],"replies":[{"embeddable":true,"href":"https:\/\/oreskylaw.com\/es\/wp-json\/wp\/v2\/comments?post=19844"}],"version-history":[{"count":0,"href":"https:\/\/oreskylaw.com\/es\/wp-json\/wp\/v2\/pages\/19844\/revisions"}],"up":[{"embeddable":true,"href":"https:\/\/oreskylaw.com\/es\/wp-json\/wp\/v2\/pages\/19332"}],"wp:attachment":[{"href":"https:\/\/oreskylaw.com\/es\/wp-json\/wp\/v2\/media?parent=19844"}],"curies":[{"name":"wp","href":"https:\/\/api.w.org\/{rel}","templated":true}]}}