{"id":19856,"date":"2026-01-19T08:12:08","date_gmt":"2026-01-19T08:12:08","guid":{"rendered":"https:\/\/oreskylaw.com\/?page_id=19856"},"modified":"2026-01-31T11:31:18","modified_gmt":"2026-01-31T11:31:18","slug":"abogados-de-muerte-por-negligencia","status":"publish","type":"page","link":"https:\/\/oreskylaw.com\/es\/queens\/abogados-de-muerte-por-negligencia\/","title":{"rendered":"Abogado de homicidio culposo"},"content":{"rendered":"<p>\u00bfPerdi\u00f3 recientemente a un familiar en un accidente en Queens, New York? Un abogado de homicidio culposo de Queens es\u00a0<a href=\"https:\/\/oreskylaw.com\/es\/acerca-de-nosotros\/\">Oresky &amp; Associates, LLC<\/a> puede ayudar a luchar para que las partes responsables rindan cuentas por una compensaci\u00f3n justa. Es posible que tenga derecho a recibir dinero para ayudar con los gastos del funeral, las facturas m\u00e9dicas y m\u00e1s.<\/p>\n<p>Tenemos m\u00e1s de 30 a\u00f1os de experiencia ayudando a las familias en duelo a recuperar el dinero que se merecen. Hemos recuperado m\u00e1s de 400 millones de d\u00f3lares en acuerdos y veredictos de jurados.<\/p>\n<p>Ya ha sufrido una p\u00e9rdida inimaginable. No deber\u00edas tener que preocuparte por c\u00f3mo pagar\u00e1s las cuentas y mantendr\u00e1s a tu familia. Llame a nuestras oficinas legales en Queens, New York al\u00a0<a href=\"tel:+19293050949\">(929) 305-0949<\/a> o\u00a0<a href=\"https:\/\/oreskylaw.com\/es\/contacto\/\">contacta con nosotros aqu\u00ed<\/a>\u00a0para programar una consulta gratuita con un abogado que pueda ayudarlo.<\/p>\n<h2>C\u00f3mo puede ayudar a Oresky &amp; Associates, PLLC con una demanda por homicidio culposo en Queens<\/h2>\n<p>Perder a un ser querido puede ser abrumador por s\u00ed solo. Si la p\u00e9rdida fue repentina, el dolor puede ser a\u00fan m\u00e1s dif\u00edcil de soportar. Las consecuencias financieras pueden agravar a\u00fan m\u00e1s la lesi\u00f3n, especialmente si la v\u00edctima brind\u00f3 apoyo financiero a la familia.<\/p>\n<p>Oresky &amp; Associates, PLLC es un bufete de abogados galardonado que se ha recuperado\u00a0<a href=\"https:\/\/oreskylaw.com\/es\/resultados-del-casos\/\">cientos de millones de dolares<\/a>\u00a0para clientes lesionados. A lo largo de los a\u00f1os, nuestro\u00a0<a href=\"https:\/\/oreskylaw.com\/es\/queens\/\">Abogados de lesiones personales en Queens<\/a>\u00a0han sido calificados por Super Lawyers y se han ganado un lugar en el formulario de abogados multimillonarios.<\/p>\n<p>Cuando nos contratemos, utilizaremos nuestras d\u00e9cadas de experiencia para:<\/p>\n<ul>\n<li>Investiga a fondo la muerte de tu ser querido<\/li>\n<li>Trabaje con expertos y especialistas que puedan prestar testimonio sobre la causalidad, la responsabilidad y el valor de su\u00a0<a href=\"https:\/\/oreskylaw.com\/es\/blog\/reclamacion-por-lesiones-personales-vs-demanda-judicial-explicacion\/\">reclamaci\u00f3n<\/a><\/li>\n<li>Prot\u00e9jalo de las acusaciones de culpa compartida<\/li>\n<li>Impida que la compa\u00f1\u00eda de seguros utilice t\u00e1cticas de miedo para presionarlo para que acepte un acuerdo bajo<\/li>\n<li>Gestione todas las negociaciones de seguro y luche para maximizar su acuerdo<\/li>\n<\/ul>\n<p>No deber\u00edas tener que luchar solo con las consecuencias financieras si pierdes a un ser querido en un tr\u00e1gico accidente. Nuestro abogado fundador ha estado ayudando a clientes como usted a recuperar una compensaci\u00f3n desde 1987, y nuestros abogados de lesiones personales en Queens conocen las leyes a fondo.<\/p>\n<p>El asesoramiento legal de calidad es solo una llamada de distancia, as\u00ed que p\u00f3ngase en contacto con nosotros para programar una consulta gratuita hoy mismo.<\/p>\n<h2>\u00bfQu\u00e9 es la muerte injusta?<\/h2>\n<p>La muerte injusta es el t\u00e9rmino legal para una muerte que ocurre debido a los actos negligentes, imprudentes o il\u00edcitos de otra parte. Una acci\u00f3n para\u00a0<a href=\"https:\/\/www.nysenate.gov\/legislation\/laws\/EPT\/11-3.2\" target=\"_blank\" rel=\"nofollow noopener noreferrer\">homicidio culposo<\/a>\u00a0otorga a los familiares sobrevivientes el derecho a solicitar una compensaci\u00f3n si el difunto hubiera podido presentar una demanda por lesiones personales.<\/p>\n<p>Las muertes por negligencia ocurren por varias razones, incluidos los accidentes automovil\u00edsticos, las ca\u00eddas e incluso los accidentes laborales.<\/p>\n<h3>\u00bfQui\u00e9n tiene derecho a presentar una acci\u00f3n por homicidio culposo en la ciudad de New York?<\/h3>\n<p>La de la persona fallecida\u00a0<a href=\"https:\/\/www.nysenate.gov\/legislation\/laws\/EPT\/5-4.1\" target=\"_blank\" rel=\"nofollow noopener noreferrer\">representante personal<\/a>\u00a0presenta la demanda por homicidio culposo en New York. El representante personal puede ser un miembro de la familia u otra persona que haya sido designada para el cargo.<\/p>\n<p>El representante personal presenta la demanda en nombre de los familiares del difunto, que incluye:<\/p>\n<ul>\n<li>C\u00f3nyuge sobreviviente<\/li>\n<li>Ni\u00f1es<\/li>\n<li>Padres<\/li>\n<\/ul>\n<p>Los familiares sobrevivientes son aquellos que realmente recibir\u00e1n la compensaci\u00f3n recuperada en la demanda por homicidio culposo.<\/p>\n<h2>\u00bfCu\u00e1nto vale mi caso de homicidio culposo en Queens?<\/h2>\n<p>El valor de cualquier demanda por homicidio culposo depende de los hechos \u00fanicos del caso. A menudo, el valor de su caso depend\u00eda de la identidad de los sobrevivientes.<\/p>\n<p>Si bien cada caso es diferente, algunos factores relevantes incluyen:<\/p>\n<ul>\n<li>Las edades de los hijos o dependientes sobrevivientes<\/li>\n<li>La edad y la esperanza de vida de la v\u00edctima<\/li>\n<li>El historial de ingresos anteriores de la v\u00edctima y el potencial de ingresos futuros<\/li>\n<li>El tipo de apoyo que la v\u00edctima brind\u00f3 a la familia<\/li>\n<li>Si el difunto sobrevivi\u00f3 durante alg\u00fan per\u00edodo de tiempo despu\u00e9s del accidente<\/li>\n<li>The cost of medical treatment before the death<\/li>\n<\/ul>\n<p>Con frecuencia, nuestros abogados trabajar\u00e1n con expertos en econom\u00eda y planificaci\u00f3n que pueden ayudarlo a estimar sus p\u00e9rdidas financieras. En los casos en que una acci\u00f3n de supervivencia se combine con una demanda por homicidio culposo, tambi\u00e9n podemos contratar expertos para que testifiquen sobre el dolor y el sufrimiento de su ser querido antes del accidente.<\/p>\n<p>\u00bfTiene preguntas sobre cu\u00e1nto vale su caso de homicidio culposo en Queens? Nuestros abogados pueden ayudarlo. Antes de llegar a un acuerdo de seguro, comun\u00edquese con nuestro equipo legal para programar una consulta gratuita.<\/p>\n    <div class=\"cw-cta-box\">\n        <div class=\"cw-cta-box__inner \">\n            <div class=\"cw-cta-box__info\">\n                                    <div class=\"label\">\u00a1Llame ahora!<\/div>\n                            <\/div>\n                            <div class=\"contact-phone\">\n                    <a href=\"tel:7189939999\"\n                        aria-label=\"Tap to call button\">\n                        718-993-9999                    <\/a>\n                <\/div>\n                    <\/div>\n                    <a href=\"\/es\/contacto\/\"\n               class=\"cta-btn btn btn--primary btn\"\n               target=\"\">\n                Obtenga Una Consulta Gratuita            <\/a>\n            <\/div>\n    \n<h2>\u00bfQu\u00e9 tipos de da\u00f1os est\u00e1n disponibles en una acci\u00f3n por homicidio culposo?<\/h2>\n<p><img loading=\"lazy\" decoding=\"async\" class=\"size-full wp-image-26107 alignleft\" src=\"https:\/\/oreskylaw.com\/wp-content\/uploads\/2026\/01\/How-Our-Bronx-Wrongful-Death-Lawyers-Can-Help-After-a-Fatal-Accident.webp\" alt=\"Bronx construction site accident attorney\" width=\"300\" height=\"200\" \/>Bajo la New York\u00a0Ley de sucesiones, poderes y fideicomisos\u00a0(EPTL), los supervivientes tienen derecho a una \u00abindemnizaci\u00f3n justa y equitativa por los da\u00f1os pecuniarios\u00bb.<\/p>\n<p>En otras palabras, los familiares supervivientes tienen derecho a una indemnizaci\u00f3n para compensar la\u00a0<a href=\"https:\/\/oreskylaw.com\/es\/blog\/lesiones-personales-danos-economicos\/\">da\u00f1os econ\u00f3micos<\/a> sufri\u00f3 la causa de la muerte de la v\u00edctima. A diferencia de otros estados, los sobrevivientes en un caso de homicidio culposo en New York no tienen derecho a una indemnizaci\u00f3n por la p\u00e9rdida del consorcio u otros da\u00f1os no econ\u00f3micos.<\/p>\n<p>Al presentar una demanda por homicidio culposo, puede tener derecho a una compensaci\u00f3n por:<\/p>\n<ul>\n<li>Funeral y entierro<\/li>\n<li>Apoye el salario financiero y de p\u00e9rdidas<\/li>\n<li>Herencia de p\u00e9rdida<\/li>\n<li>Perder de la muerte: muerte laboral de Lobres<\/li>\n<li>Servicios dom\u00e9sticos que habr\u00eda proporcionado el difunto, incluido el cuidado de los ni\u00f1os y las tareas del hogar<\/li>\n<li>Los gastos m\u00e9dicos del difunto, desde la fecha de la lesi\u00f3n hasta la fecha de la muerte<\/li>\n<\/ul>\n<p>Una acci\u00f3n de supervivencia es diferente. Suponiendo que la v\u00edctima no muriera al instante, tambi\u00e9n es posible recuperar da\u00f1os adicionales por el dolor y el sufrimiento de la v\u00edctima antes de la muerte.<\/p>\n<h2>\u00bfPuedo recuperar los da\u00f1os si se culpa a mi ser querido por un accidente fatal en New York?<\/h2>\n<p>Debe estar preparado para la posibilidad de que la compa\u00f1\u00eda de seguros culpe a su ser querido por causar su propia muerte. Si la compa\u00f1\u00eda de seguros puede demostrar que su ser querido fue parcialmente responsable, puede reducir su compensaci\u00f3n.<\/p>\n<p>New York es un\u00a0<a href=\"https:\/\/www.nysenate.gov\/legislation\/laws\/CVP\/1411\" target=\"_blank\" rel=\"nofollow noopener noreferrer\">pura falta comparativa<\/a>\u00a0estado. Cualquier persona que haya contribuido al accidente es responsable de su parte proporcional de los da\u00f1os. Por lo tanto, su compensaci\u00f3n financiera se reducir\u00e1 en la medida en que su ser querido haya contribuido al accidente.<\/p>\n<p>Si el tribunal asigna el 25% de la culpa al difunto, su acuerdo o veredicto se reducir\u00e1 en un 25%.<\/p>\n<p>Es muy posible que no estuvieras all\u00ed cuando ocurri\u00f3 el accidente. Por supuesto, su ser querido no est\u00e1 presente para contar su versi\u00f3n de los hechos. Es por eso que recomendamos encarecidamente trabajar con un abogado con experiencia en casos de homicidio culposo en Queens.<\/p>\n<p>En Oresky &amp; Associates, PLLC, tenemos los recursos para llevar a cabo una investigaci\u00f3n detallada. Identificaremos las pruebas que puedan usarse para restar importancia al papel de su familiar en el accidente. Para obtener m\u00e1s informaci\u00f3n, ll\u00e1menos hoy mismo para una revisi\u00f3n gratuita de su caso.<\/p>\n<h2>\u00bfCu\u00e1les son las causas m\u00e1s comunes de muerte por negligencia en Queens, New York?<\/h2>\n<p>La muerte injusta puede ocurrir de muchas maneras diferentes. A veces, es el resultado de una violencia intencional. Con mayor frecuencia, las demandas por homicidio culposo se basan en la negligencia.<\/p>\n<p>En Oresky &amp; Associates, PLLC, manejamos todo tipo de casos de homicidio culposo en Queens, incluidos los que involucran:<\/p>\n<div class=\"row\">\n<ul class=\"col-xl-6\">\n<li><a href=\"https:\/\/oreskylaw.com\/es\/queens\/abogados-de-accidentes-de-auto\/\">Accidentes automovil\u00edsticos<\/a><\/li>\n<li><a href=\"https:\/\/oreskylaw.com\/es\/queens\/abogados-de-accidentes-de-construccion\/\">Construction Accidents<\/a><\/li>\n<li><a href=\"https:\/\/oreskylaw.com\/es\/queens\/abogados-de-accidentes-de-camiones\/\">Accidentes de camiones<\/a><\/li>\n<li>Products defectuous<\/li>\n<li>Seguridad negligente<\/li>\n<li>Negligencia m\u00e9dica<\/li>\n<li>Abuso y negligencia in hogares de ancianos<\/li>\n<li><a href=\"https:\/\/oreskylaw.com\/es\/queens\/abogados-de-responsabilidad-de-locales\/\">Responsibility of the Installations<\/a><\/li>\n<li><a href=\"https:\/\/oreskylaw.com\/es\/queens\/abogados-de-resbalones-y-caidas\/\">Accidents for resbalones and cells<\/a><\/li>\n<\/ul>\n<ul class=\"col-xl-6\">\n<li><a href=\"https:\/\/oreskylaw.com\/es\/queens\/abogados-de-accidentes-de-motocicleta\/\">Motorcycle Accidents<\/a><\/li>\n<li><a href=\"https:\/\/oreskylaw.com\/es\/queens\/abogados-de-accidentes-de-peatones\/\">Peatones Accidents<\/a><\/li>\n<li><a href=\"https:\/\/oreskylaw.com\/es\/queens\/abogados-de-accidentes-de-bicicleta\/\">Accidentes de bicicleta<\/a><\/li>\n<li>Accidentes de autob\u00fas<\/li>\n<li>Accidentes de Uber o Lyft<\/li>\n<li>Navigation Accidents<\/li>\n<li><a href=\"https:\/\/oreskylaw.com\/es\/queens\/abogados-de-compensacion-laboral\/\">Accidentes laborales<\/a><\/li>\n<li>Mordeduras de perro<\/li>\n<li>Actos de violencia intencional<\/li>\n<\/ul>\n<\/div>\n<p>Nuestros abogados se comprometen a ayudar a buscar la m\u00e1xima compensaci\u00f3n posible. Para obtener m\u00e1s informaci\u00f3n sobre la representaci\u00f3n legal, llame hoy mismo a nuestro bufete de abogados en Queens para una evaluaci\u00f3n gratuita de su caso.<\/p>\n<h2>\u00bfC\u00f3mo demuestro la negligencia despu\u00e9s de un accidente fatal en New York?<\/h2>\n<p>Para recuperar los da\u00f1os por homicidio culposo, debe demostrar que los actos de la parte responsable causaron la muerte de su ser querido. La mayor\u00eda de las veces, eso significa probar la negligencia.<\/p>\n<p>Hay cuatro elementos para un caso de negligencia exitoso. Debe establecer:<\/p>\n<ul>\n<li>El deber legal de cuidado del demandado<\/li>\n<li>Incumplimiento del deber<\/li>\n<li>El incumplimiento del deber caus\u00f3 directamente la muerte de su ser querido<\/li>\n<li>Las p\u00e9rdidas o da\u00f1os econ\u00f3micos sufridos por los seres queridos sobrevivientes<\/li>\n<\/ul>\n<p>Para demostrar la responsabilidad, nuestros abogados iniciar\u00e1n una investigaci\u00f3n sobre las circunstancias de la muerte de su ser querido. Dependiendo de la situaci\u00f3n, podemos utilizar im\u00e1genes de v\u00eddeo, informes policiales, declaraciones de testigos, registros m\u00e9dicos y otras pruebas para probar su caso.<\/p>\n<p>\u00bfTiene preguntas sobre sus opciones legales despu\u00e9s de la p\u00e9rdida de un ser querido? No espere para emprender acciones legales. Esta p\u00e1gina es solo para fines informativos generales, as\u00ed que llame a nuestro equipo de Oresky &amp; Associates, PLLC para obtener m\u00e1s informaci\u00f3n sobre c\u00f3mo lucharemos para proteger la seguridad financiera de su familia.<\/p>\n<h2>\u00bfCu\u00e1nto tiempo tengo para presentar una demanda por homicidio culposo en New York?<\/h2>\n<p>El plazo de prescripci\u00f3n en la mayor\u00eda de los casos de homicidio culposo es de dos a\u00f1os en el estado de New York. En otras palabras, la albacea tiene\u00a0<a href=\"https:\/\/codes.findlaw.com\/ny\/estates-powers-and-trusts-law\/ept-sect-5-4-1.html\" target=\"_blank\" rel=\"nofollow noopener noreferrer\">dos a\u00f1os<\/a>\u00a0desde la fecha del fallecimiento para presentar una demanda. Si la persona fallecida fue v\u00edctima de negligencia m\u00e9dica, el representante personal debe presentar una demanda dentro de\u00a0<a href=\"https:\/\/www.nysenate.gov\/legislation\/laws\/CVP\/214-A\" target=\"_blank\" rel=\"nofollow noopener noreferrer\">dos a\u00f1os y seis meses<\/a>\u00a0a partir de la fecha de fallecimiento.<\/p>\n<p>Sin embargo, si la parte responsable enfrenta cargos penales, tendr\u00e1 un a\u00f1o a partir de la fecha en que se resuelvan los cargos penales para presentar una demanda por homicidio culposo.<\/p>\n<p>Estos plazos son cruciales. Si el representante personal no presenta una demanda antes de que venza el plazo de prescripci\u00f3n, su familia perder\u00e1 su derecho a una compensaci\u00f3n.<\/p>\n<h2>Comun\u00edquese con un abogado de homicidio culposo de Queens para una consulta gratuita<\/h2>\n<p>Ganar una compensaci\u00f3n justa despu\u00e9s de la muerte de un ser querido puede ser una ardua batalla en la ciudad de New York. En Oresky &amp; Associates, PLLC, nuestros abogados con experiencia est\u00e1n a la altura del desaf\u00edo. Para obtener m\u00e1s informaci\u00f3n sobre c\u00f3mo lucharemos para proteger a su familia, llame hoy mismo para hablar con un abogado de homicidio culposo de Queens.<\/p>\n","protected":false},"excerpt":{"rendered":"<p>\u00bfPerdi\u00f3 recientemente a un familiar en un accidente en Queens, New York? Un abogado de homicidio culposo de Queens es\u00a0Oresky &amp; Associates, LLC puede ayudar a luchar para que las partes responsables rindan cuentas por una compensaci\u00f3n justa. Es posible que tenga derecho a recibir dinero para ayudar con los gastos del funeral, las facturas [&hellip;]<\/p>\n","protected":false},"author":9,"featured_media":0,"parent":19332,"menu_order":77,"comment_status":"closed","ping_status":"closed","template":"","meta":{"_acf_changed":false,"footnotes":""},"class_list":["post-19856","page","type-page","status-publish","hentry"],"acf":[],"yoast_head":"<!-- This site is optimized with the Yoast SEO plugin v27.3 - https:\/\/yoast.com\/product\/yoast-seo-wordpress\/ -->\n<title>Abogado de muerte por negligencia en Queens - Oresky &amp; Associates, PLLC<\/title>\n<meta name=\"description\" content=\"\u00bfDevastado por una muerte por negligencia en Queens? No lo supere solo. Nuestros abogados con experiencia pueden ayudarle a obtener una indemnizaci\u00f3n. Llame a nuestro bufete hoy mismo.\" \/>\n<meta name=\"robots\" content=\"index, follow, max-snippet:-1, max-image-preview:large, max-video-preview:-1\" \/>\n<link rel=\"canonical\" href=\"https:\/\/oreskylaw.com\/es\/queens\/abogados-de-muerte-por-negligencia\/\" \/>\n<meta property=\"og:locale\" content=\"es_ES\" \/>\n<meta property=\"og:type\" content=\"article\" \/>\n<meta property=\"og:title\" content=\"Abogado de muerte por negligencia en Queens - Oresky &amp; Associates, PLLC\" \/>\n<meta property=\"og:description\" content=\"\u00bfDevastado por una muerte por negligencia en Queens? No lo supere solo. Nuestros abogados con experiencia pueden ayudarle a obtener una indemnizaci\u00f3n. Llame a nuestro bufete hoy mismo.\" \/>\n<meta property=\"og:url\" content=\"https:\/\/oreskylaw.com\/es\/queens\/abogados-de-muerte-por-negligencia\/\" \/>\n<meta property=\"og:site_name\" content=\"Oresky &amp; Associates, PLLC\" \/>\n<meta property=\"article:publisher\" content=\"https:\/\/www.facebook.com\/Oreskylaw\/\" \/>\n<meta property=\"article:modified_time\" content=\"2026-01-31T11:31:18+00:00\" \/>\n<meta property=\"og:image\" content=\"https:\/\/oreskylaw.com\/wp-content\/uploads\/2026\/01\/How-Our-Bronx-Wrongful-Death-Lawyers-Can-Help-After-a-Fatal-Accident.webp\" \/>\n\t<meta property=\"og:image:width\" content=\"300\" \/>\n\t<meta property=\"og:image:height\" content=\"200\" \/>\n\t<meta property=\"og:image:type\" content=\"image\/webp\" \/>\n<meta name=\"twitter:card\" content=\"summary_large_image\" \/>\n<meta name=\"twitter:site\" content=\"@JacobOreskyLaw\" \/>\n<meta name=\"twitter:label1\" content=\"Tiempo de lectura\" \/>\n\t<meta name=\"twitter:data1\" content=\"8 minutos\" \/>\n<!-- \/ Yoast SEO plugin. -->","yoast_head_json":{"title":"Abogado de muerte por negligencia en Queens - Oresky & Associates, PLLC","description":"\u00bfDevastado por una muerte por negligencia en Queens? No lo supere solo. Nuestros abogados con experiencia pueden ayudarle a obtener una indemnizaci\u00f3n. Llame a nuestro bufete hoy mismo.","robots":{"index":"index","follow":"follow","max-snippet":"max-snippet:-1","max-image-preview":"max-image-preview:large","max-video-preview":"max-video-preview:-1"},"canonical":"https:\/\/oreskylaw.com\/es\/queens\/abogados-de-muerte-por-negligencia\/","og_locale":"es_ES","og_type":"article","og_title":"Abogado de muerte por negligencia en Queens - Oresky & Associates, PLLC","og_description":"\u00bfDevastado por una muerte por negligencia en Queens? No lo supere solo. Nuestros abogados con experiencia pueden ayudarle a obtener una indemnizaci\u00f3n. Llame a nuestro bufete hoy mismo.","og_url":"https:\/\/oreskylaw.com\/es\/queens\/abogados-de-muerte-por-negligencia\/","og_site_name":"Oresky &amp; Associates, PLLC","article_publisher":"https:\/\/www.facebook.com\/Oreskylaw\/","article_modified_time":"2026-01-31T11:31:18+00:00","og_image":[{"width":300,"height":200,"url":"https:\/\/oreskylaw.com\/wp-content\/uploads\/2026\/01\/How-Our-Bronx-Wrongful-Death-Lawyers-Can-Help-After-a-Fatal-Accident.webp","type":"image\/webp"}],"twitter_card":"summary_large_image","twitter_site":"@JacobOreskyLaw","twitter_misc":{"Tiempo de lectura":"8 minutos"},"schema":{"@context":"https:\/\/schema.org","@graph":[{"@type":"WebPage","@id":"https:\/\/oreskylaw.com\/es\/queens\/abogados-de-muerte-por-negligencia\/","url":"https:\/\/oreskylaw.com\/es\/queens\/abogados-de-muerte-por-negligencia\/","name":"Abogado de muerte por negligencia en Queens - Oresky & Associates, PLLC","isPartOf":{"@id":"https:\/\/oreskylaw.com\/es\/#website"},"primaryImageOfPage":{"@id":"https:\/\/oreskylaw.com\/es\/queens\/abogados-de-muerte-por-negligencia\/#primaryimage"},"image":{"@id":"https:\/\/oreskylaw.com\/es\/queens\/abogados-de-muerte-por-negligencia\/#primaryimage"},"thumbnailUrl":"https:\/\/oreskylaw.com\/wp-content\/uploads\/2026\/01\/How-Our-Bronx-Wrongful-Death-Lawyers-Can-Help-After-a-Fatal-Accident.webp","datePublished":"2026-01-19T08:12:08+00:00","dateModified":"2026-01-31T11:31:18+00:00","description":"\u00bfDevastado por una muerte por negligencia en Queens? No lo supere solo. Nuestros abogados con experiencia pueden ayudarle a obtener una indemnizaci\u00f3n. Llame a nuestro bufete hoy mismo.","breadcrumb":{"@id":"https:\/\/oreskylaw.com\/es\/queens\/abogados-de-muerte-por-negligencia\/#breadcrumb"},"inLanguage":"es","potentialAction":[{"@type":"ReadAction","target":["https:\/\/oreskylaw.com\/es\/queens\/abogados-de-muerte-por-negligencia\/"]}]},{"@type":"ImageObject","inLanguage":"es","@id":"https:\/\/oreskylaw.com\/es\/queens\/abogados-de-muerte-por-negligencia\/#primaryimage","url":"https:\/\/oreskylaw.com\/wp-content\/uploads\/2026\/01\/How-Our-Bronx-Wrongful-Death-Lawyers-Can-Help-After-a-Fatal-Accident.webp","contentUrl":"https:\/\/oreskylaw.com\/wp-content\/uploads\/2026\/01\/How-Our-Bronx-Wrongful-Death-Lawyers-Can-Help-After-a-Fatal-Accident.webp"},{"@type":"BreadcrumbList","@id":"https:\/\/oreskylaw.com\/es\/queens\/abogados-de-muerte-por-negligencia\/#breadcrumb","itemListElement":[{"@type":"ListItem","position":1,"name":"Inicio","item":"https:\/\/oreskylaw.com\/es\/"},{"@type":"ListItem","position":2,"name":"Queens","item":"https:\/\/oreskylaw.com\/es\/queens\/"},{"@type":"ListItem","position":3,"name":"Abogado de homicidio culposo"}]},{"@type":"WebSite","@id":"https:\/\/oreskylaw.com\/es\/#website","url":"https:\/\/oreskylaw.com\/es\/","name":"Oresky & Associates PLLC","description":"","publisher":{"@id":"https:\/\/oreskylaw.com\/es\/#organization"},"potentialAction":[{"@type":"SearchAction","target":{"@type":"EntryPoint","urlTemplate":"https:\/\/oreskylaw.com\/es\/?s={search_term_string}"},"query-input":{"@type":"PropertyValueSpecification","valueRequired":true,"valueName":"search_term_string"}}],"inLanguage":"es"}]}},"_links":{"self":[{"href":"https:\/\/oreskylaw.com\/es\/wp-json\/wp\/v2\/pages\/19856","targetHints":{"allow":["GET"]}}],"collection":[{"href":"https:\/\/oreskylaw.com\/es\/wp-json\/wp\/v2\/pages"}],"about":[{"href":"https:\/\/oreskylaw.com\/es\/wp-json\/wp\/v2\/types\/page"}],"author":[{"embeddable":true,"href":"https:\/\/oreskylaw.com\/es\/wp-json\/wp\/v2\/users\/9"}],"replies":[{"embeddable":true,"href":"https:\/\/oreskylaw.com\/es\/wp-json\/wp\/v2\/comments?post=19856"}],"version-history":[{"count":0,"href":"https:\/\/oreskylaw.com\/es\/wp-json\/wp\/v2\/pages\/19856\/revisions"}],"up":[{"embeddable":true,"href":"https:\/\/oreskylaw.com\/es\/wp-json\/wp\/v2\/pages\/19332"}],"wp:attachment":[{"href":"https:\/\/oreskylaw.com\/es\/wp-json\/wp\/v2\/media?parent=19856"}],"curies":[{"name":"wp","href":"https:\/\/api.w.org\/{rel}","templated":true}]}}