{"id":19868,"date":"2025-12-08T02:39:36","date_gmt":"2025-12-08T02:39:36","guid":{"rendered":"https:\/\/oreskylaw.com\/?page_id=19868"},"modified":"2026-01-31T11:34:43","modified_gmt":"2026-01-31T11:34:43","slug":"staten-island","status":"publish","type":"page","link":"https:\/\/oreskylaw.com\/es\/staten-island\/","title":{"rendered":"Abogado de lesiones personales en Staten Island"},"content":{"rendered":"<h2>Hemos recuperado m\u00e1s de $400 millones para v\u00edctimas de lesiones personales en Staten Island<\/h2>\n<p>Nuestros abogados de Staten Island manejan casos que involucran lesiones f\u00edsicas, as\u00ed como accidentes de construcci\u00f3n, accidentes automovil\u00edsticos, accidentes de construcci\u00f3n y otros tipos de accidentes en Staten Island debido a la negligencia de otra persona.<\/p>\n<p><iframe loading=\"lazy\" style=\"border: 0;\" src=\"https:\/\/www.google.com\/maps\/embed?pb=!1m18!1m12!1m3!1d193980.89291651492!2d-74.31162897189121!3d40.56474933603023!2m3!1f0!2f0!3f0!3m2!1i1024!2i768!4f13.1!3m3!1m2!1s0x89c245ef79f4d4e7%3A0x50271f8534babc78!2sStaten%20Island%2C%20NY%2C%20USA!5e0!3m2!1sen!2ssg!4v1768631443030!5m2!1sen!2ssg\" width=\"100%\" height=\"250\" allowfullscreen=\"allowfullscreen\"><\/iframe><\/p>\n<h2>\u00c1reas de pr\u00e1ctica<\/h2>\n<h3>Accidentes de construcci\u00f3n<\/h3>\n<p>Trabajar en la construcci\u00f3n es una de las ocupaciones m\u00e1s peligrosas de Staten Island. En cuesti\u00f3n de segundos, la vida de un hombre o una mujer que trabaja arduamente puede alterarse tr\u00e1gicamente o incluso terminar mientras trabaja en la peligrosa industria de la construcci\u00f3n. Nuestros abogados con experiencia comprobada abogan por los derechos de los trabajadores que han resultado lesionados en accidentes en obras de construcci\u00f3n. Aportamos experiencia, dedicaci\u00f3n y \u00e9tica laboral a cada caso y luchamos por los derechos de nuestros clientes que no pueden luchar por s\u00ed mismos.<\/p>\n<p>Staten Island tiene algunas de las normas de seguridad m\u00e1s estrictas del pa\u00eds, y sabemos c\u00f3mo responsabilizar a los propietarios y contratistas por no cumplir con la ley.<\/p>\n<div class=\"row\">\n<ul class=\"col-xl-6\">\n<li><a href=\"https:\/\/oreskylaw.com\/es\/nyc\/abogados-de-accidentes-de-andamios\/\">Accidentes de andamios<\/a><\/li>\n<li><a href=\"https:\/\/oreskylaw.com\/es\/nyc\/abogados-de-accidentes-de-demolicion\/\">Accidentes de demolici\u00f3n<\/a><\/li>\n<li><a href=\"https:\/\/oreskylaw.com\/es\/nyc\/abogados-de-accidentes-de-grua\/\">Accidentes de gr\u00faas<\/a><\/li>\n<li><a href=\"https:\/\/oreskylaw.com\/es\/nyc\/abogados-de-accidentes-de-montacargas\/\">Accidentes de montacargas<\/a><\/li>\n<li><a href=\"https:\/\/oreskylaw.com\/es\/nyc\/abogados-de-accidentes-de-ascensor\/\">Accidentes de ascensor<\/a><\/li>\n<li>Accidentes con limpiadores<\/li>\n<\/ul>\n<ul class=\"col-xl-6\">\n<li><a href=\"https:\/\/oreskylaw.com\/es\/nyc\/abogados-de-compensacion-laboral\/\">Accidentes laborales<\/a><\/li>\n<li><a href=\"https:\/\/oreskylaw.com\/es\/nyc\/abogados-de-accidentes-en-la-construccion-de-edificios\/\">Accidentes de construcci\u00f3n<\/a><\/li>\n<li><a href=\"https:\/\/oreskylaw.com\/es\/nyc\/abogados-de-accidentes-por-excavaciones-y-derrumbes\/\">Accidentes de excavaci\u00f3n por derrumbes<\/a><\/li>\n<li><a href=\"https:\/\/oreskylaw.com\/es\/nyc\/abogados-de-accidentes-en-renovaciones\/\">Accidentes de renovaci\u00f3n<\/a><\/li>\n<li><a href=\"https:\/\/oreskylaw.com\/es\/nyc\/abogados-de-accidentes-de-limpieza\/\">Accidentes de limpieza<\/a><\/li>\n<li><a href=\"https:\/\/oreskylaw.com\/es\/nyc\/abogados-de-accidentes-de-pintura\/\">Accidentes de pintura<\/a><\/li>\n<\/ul>\n<\/div>\n<p><a class=\"btn btn--secondary\" href=\"https:\/\/oreskylaw.com\/es\/nyc\/abogados-de-accidentes-de-construccion\/\">Todos los servicios de accidentes de construcci\u00f3n<\/a><\/p>\n<h3>Accidentes automovil\u00edsticos<\/h3>\n<p>No hay competencia cuando un autom\u00f3vil, autob\u00fas o cami\u00f3n que pesa miles de libras atropella a una persona; el veh\u00edculo siempre gana. La recuperaci\u00f3n de un accidente automovil\u00edstico puede ir desde unos pocos d\u00edas de dolor hasta toda una vida de agon\u00eda. En el camino hacia la recuperaci\u00f3n, las v\u00edctimas lesionadas de accidentes automovil\u00edsticos a menudo requieren hospitalizaci\u00f3n, rehabilitaci\u00f3n, cirug\u00eda o cuidados de por vida. Nuestro experimentado equipo de abogados y asistentes legales lo ayudar\u00e1 a pagar sus gastos m\u00e9dicos y salarios perdidos sin culpa, a investigar su caso y a prepararlo para un juicio o para llegar a un acuerdo anticipado, seg\u00fan los hechos y las circunstancias. Podemos quitarle el peso de encima y ayudarlo a superar los obst\u00e1culos y las complejidades legales para garantizar una resoluci\u00f3n justa y equitativa.<\/p>\n<div class=\"row\">\n<ul class=\"col-xl-6\">\n<li><a href=\"https:\/\/oreskylaw.com\/es\/nyc\/abogados-de-accidentes-de-auto\/\">Accidentes automovil\u00edsticos<\/a><\/li>\n<li><a href=\"https:\/\/oreskylaw.com\/es\/nyc\/abogados-de-accidentes-de-camiones\/\">Accidentes de camiones<\/a><\/li>\n<li><a href=\"https:\/\/oreskylaw.com\/es\/nyc\/abogados-de-accidentes-de-peatones\/\">Accidentes de peatones<\/a><\/li>\n<li><a href=\"https:\/\/oreskylaw.com\/es\/nyc\/abogado-de-accidentes-de-camiones-de-18-ruedas\/\">Accidentes de veh\u00edculos de 18 ruedas<\/a><\/li>\n<li><a href=\"https:\/\/oreskylaw.com\/es\/nyc\/abogados-de-accidentes-de-autobus\/\">Accidentes de autob\u00fas<\/a><\/li>\n<li><a href=\"https:\/\/oreskylaw.com\/es\/nyc\/abogados-de-accidentes-de-motocicleta\/\">Accidentes de motocicleta<\/a><\/li>\n<\/ul>\n<ul class=\"col-xl-6\">\n<li><a href=\"https:\/\/oreskylaw.com\/es\/nyc\/abogados-de-accidentes-de-lyft\/\">Accidentes de Lyft<\/a><\/li>\n<li><a href=\"https:\/\/oreskylaw.com\/es\/nyc\/abogados-de-accidentes-de-taxi\/\">Accidentes de taxi<\/a><\/li>\n<li><a href=\"https:\/\/oreskylaw.com\/es\/nyc\/abogados-de-accidentes-de-coche-por-conducir-bajo-los-efectos-del-alcohol\/\">Accidentes por conducir en estado<\/a><\/li>\n<li><a href=\"https:\/\/oreskylaw.com\/es\/nyc\/abogados-de-accidentes-por-no-ceder-el-paso\/\">Accidentes por falta de rendimiento<\/a><\/li>\n<li><a href=\"https:\/\/oreskylaw.com\/es\/nyc\/abogados-de-accidentes-por-conduccion-distraida\/\">Accidentes por conducci\u00f3n distra\u00ed<\/a><\/li>\n<\/ul>\n<\/div>\n<p><a class=\"btn btn--secondary\" href=\"https:\/\/oreskylaw.com\/es\/nyc\/abogados-de-accidentes-de-auto\/\">Todos los servicios de accidentes automovil\u00edsticos<\/a><\/p>\n<h3>Responsabilidad de las instalaciones<\/h3>\n<p>Los resbalones, tropiezos y ca\u00eddas pueden generar la responsabilidad del propietario o inquilino. Los propietarios tienen la obligaci\u00f3n legal de mantener sus instalaciones en condiciones razonablemente seguras. Si bien las medidas espec\u00edficas que debe tomar el propietario dependen de la situaci\u00f3n y el tipo de propiedad, en general, las instalaciones deben recibir un mantenimiento adecuado y estar libres de defectos o peligros inesperados.<\/p>\n<p>Los propietarios de negocios, en particular, deben inspeccionar regularmente sus instalaciones para detectar posibles peligros, corregir los peligros descubiertos y\/o advertir sobre los posibles riesgos.<\/p>\n<p>Cuando el propietario de una propiedad no toma un curso de acci\u00f3n razonable y ocurre un accidente por resbal\u00f3n o tropiezo y ca\u00edda, puede ser responsable de las consecuencias resultantes.<\/p>\n<p>El h\u00e1bil equipo legal de abogados y asistentes legales de Oresky &amp; Associates, PLLC tiene una amplia experiencia en la representaci\u00f3n de clientes en casos de instalaciones y est\u00e1 listo para dedicar sus conocimientos y recursos a ayudar a los lesionados debido a condiciones de propiedad inseguras. Comun\u00edquese con nosotros acerca de su accidente y perm\u00edtanos ayudarlo a obtener la compensaci\u00f3n que se merece.<\/p>\n<ul>\n<li><a href=\"https:\/\/oreskylaw.com\/es\/nyc\/abogados-de-accidentes-en-tiendas-minoristas\/\">Accidentes en tiendas minoristas<\/a><\/li>\n<li><a href=\"https:\/\/oreskylaw.com\/es\/nyc\/abogados-de-resbalones-y-caidas\/\">Accidentes por resbalones y ca\u00eddas<\/a><\/li>\n<\/ul>\n<h3>Lesi\u00f3n personal<\/h3>\n<p>En Oresky &amp; Associates, PLLC, somos conocidos por nuestra exitosa representaci\u00f3n de v\u00edctimas de accidentes en toda el \u00e1rea metropolitana de la ciudad de Nueva York. Si usted o un ser querido se lesion\u00f3 debido al descuido de una persona o empresa, queremos revisar su caso y ayudarlo a luchar por una compensaci\u00f3n. Nuestro equipo de abogados experimentados puede ofrecer un salvavidas en los momentos m\u00e1s dif\u00edciles.<\/p>\n<ul>\n<li><a href=\"https:\/\/oreskylaw.com\/es\/nyc\/abogados-de-muerte-por-negligencia\/\">Muerte injusta<\/a><\/li>\n<li><a href=\"https:\/\/oreskylaw.com\/es\/nyc\/abogados-de-accidentes-de-bicicleta\/\">Accidentes de bicicleta<\/a><\/li>\n<li><a href=\"https:\/\/oreskylaw.com\/es\/nyc\/abogados-de-errores-quirurgicos\/\">Errores quir\u00fargicos<\/a><\/li>\n<li><a href=\"https:\/\/oreskylaw.com\/es\/nyc\/abogados-de-diagnostico-incorrecto\/\">Falta de diagn\u00f3stico<\/a><\/li>\n<li><a href=\"https:\/\/oreskylaw.com\/es\/nyc\/abogados-de-negligencia-en-residencias-de-ancianos\/\">Abuso en hogares de ancianos<\/a><\/li>\n<\/ul>\n<h2>Abogados Experimentados en Lesiones de Staten Island<\/h2>\n<img loading=\"lazy\" decoding=\"async\" class=\"aligncenter\" src=\"https:\/\/oreskylaw.com\/wp-content\/uploads\/2026\/01\/bronx-construction-site-accident-attorney.webp\" alt=\"bronx construction site accident attorney\" width=\"746\" height=\"420\" \/>\n<p>Cuando un accidente es causado por la falta de atenci\u00f3n razonable de otra persona, se puede considerar negligente: no proteger a otras personas de los riesgos de da\u00f1o previsibles. Para fortalecer su reclamo, nuestros abogados de lesiones personales de Staten Island pueden ayudarlo a analizar las circunstancias de su accidente y reunir la mayor cantidad de evidencia posible.<\/p>\n<h3>Accidentes en El Sitio de Construcci\u00f3n<\/h3>\n<p>Oresky &amp; Associates ha defendido los derechos de innumerables v\u00edctimas de accidentes de construcci\u00f3n en Staten Island. Hemos recuperado con \u00e9xito da\u00f1os en casos de lesiones por ca\u00eddas, ca\u00edda de objetos, equipos peligrosos o defectuosos, fallas de los equipos de seguridad, falta del equipo de seguridad necesario y mucho m\u00e1s.<\/p>\n<p>Si ha resultado lesionado en un accidente de construcci\u00f3n en Staten Island, es fundamental que contrate a un abogado con experiencia en lesiones para defender sus derechos. Ll\u00e1menos hoy para programar una revisi\u00f3n gratuita de su caso con uno de nuestros abogados con experiencia en lesiones en Staten Island.<\/p>\n<h3>Accidentes Laborales<\/h3>\n<p>Lesionarse en el trabajo puede ser una situaci\u00f3n muy aterradora. No solo est\u00e1 lidiando con una lesi\u00f3n inesperada, sino que tambi\u00e9n es probable que se enfrente a una p\u00e9rdida repentina de ingresos e incapacidad para continuar trabajando.<\/p>\n<p>Entendemos la situaci\u00f3n en la que se encuentra y nuestros compasivos abogados de lesiones en Staten Island est\u00e1n aqu\u00ed para ayudarlo. Ayudamos a los trabajadores lesionados a buscar una compensaci\u00f3n adecuada, ya sea a trav\u00e9s de un reclamo de compensaci\u00f3n para trabajadores, un reclamo de terceros o ambos. Nuestros abogados est\u00e1n aqu\u00ed para luchar por sus derechos para que pueda concentrarse en recuperarse y volver al trabajo.<\/p>\n<h3>Accidentes Automovil\u00edsticos y Accidentes de Motocicleta<\/h3>\n<p>Los accidentes automovil\u00edsticos ocurren constantemente en la ciudad de New York y Staten Island no es una excepci\u00f3n. Lesionarse debido a la negligencia de alguien que maneja un autom\u00f3vil o motocicleta puede ser frustrante como m\u00ednimo y cambiar la vida en situaciones m\u00e1s graves.<\/p>\n<p>Nuestros abogados de accidentes automovil\u00edsticos de Staten Island han estado luchando por los derechos de las v\u00edctimas de accidentes desde 1992. Nuestros abogados tienen experiencia, son compasivos y, lo m\u00e1s importante, diligentes con cada caso que tomamos. Representamos a conductores, pasajeros y peatones en accidentes que involucran diferentes tipos de veh\u00edculos. Cont\u00e1ctenos hoy para programar una consulta.<\/p>\n<h3>Muerte Injusta<\/h3>\n<p>Nadie quiere verse lesionado debido a la negligencia de otra persona, pero lo \u00faltimo con lo que alguien quiere lidiar es con la p\u00e9rdida de un ser querido por descuido. Sin embargo, la muerte por negligencia en Staten Island es, desafortunadamente, una realidad.<\/p>\n<p>Si ha perdido a un amigo, familiar o ser querido por muerte por negligencia en Staten Island, estamos aqu\u00ed para ayudarlo. Nuestros abogados con experiencia en Staten Island han defendido los derechos de las v\u00edctimas desde 1992 y han recuperado m\u00e1s de $ 400 millones en da\u00f1os para nuestros clientes.<\/p>\n    <div class=\"cw-cta-box\">\n        <div class=\"cw-cta-box__inner \">\n            <div class=\"cw-cta-box__info\">\n                                    <div class=\"label\">\u00a1Llame ahora!<\/div>\n                            <\/div>\n                            <div class=\"contact-phone\">\n                    <a href=\"tel:7189939999\"\n                        aria-label=\"Tap to call button\">\n                        718-993-9999                    <\/a>\n                <\/div>\n                    <\/div>\n                    <a href=\"\/es\/contacto\/\"\n               class=\"cta-btn btn btn--primary btn\"\n               target=\"\">\n                Obtenga Una Consulta Gratuita            <\/a>\n            <\/div>\n    \n<h2>Entonces, \u00bfQu\u00e9 Est\u00e1 Pasando en Staten Island?<\/h2>\n<p>Si bien Manhattan puede recibir la mayor atenci\u00f3n de la cultura pop, Staten Island es un lugar que no debe perderse. Es el hogar de numerosas atracciones culturales fascinantes, excelentes restaurantes, los mejores alojamientos, m\u00e1s de 170 hermosos parques y m\u00e1s. A solo un viaje en ferry gratuito desde Manhattan, ofrece toneladas de actividades para todos.<\/p>\n<p>Staten Island tiene una poblaci\u00f3n de aproximadamente 500.000 habitantes, lo que lo convierte en el distrito menos poblado de la ciudad de New York. Fue fundada en 1524 por Giovanni da Verrazzano.<\/p>\n<p>Hay 4 puentes conectados a Staten Island. Tambi\u00e9n se le conoce como el distrito m\u00e1s verde debido a sus 9.300 acres de zonas verdes.<\/p>\n<h3>Atracciones<\/h3>\n<p><strong>Ferry de Staten Island<\/strong><\/p>\n<p>Este ferry naranja de tres niveles es uno de los principales medios de transporte para los residentes de la isla que van y vienen del trabajo. Completamente gratuito, tambi\u00e9n ofrece a los turistas la oportunidad de ver lugares de inter\u00e9s como el horizonte de la ciudad de fama mundial, la Estatua de la Libertad, Governors Island y Ellis Island. Atraca en la terminal de ferry de St. George.<\/p>\n<p><strong>Centro cultural y jard\u00edn bot\u00e1nico Snug Harbor<\/strong><\/p>\n<p>Una de las principales atracciones, el Snug Harbor Cultural Center &amp; Botanical Garden es un para\u00edso natural y cultural. Este sitio afiliado al Smithsonian est\u00e1 a solo dos millas de la terminal de ferry de St. George. Alberga edificios del Renacimiento griego del siglo XIX en Temple Row, el Museo Infantil de Staten Island, el Centro de Arte Contempor\u00e1neo Newhouse, el Jard\u00edn Bot\u00e1nico y el Museo de Staten Island.<\/p>\n<p><strong>Zool\u00f3gico de Staten Island<\/strong><\/p>\n<p>El zool\u00f3gico de Staten Island cuenta con un incre\u00edble serpentario. Es el hogar de una gran colecci\u00f3n de reptiles y la colecci\u00f3n m\u00e1s grande de serpientes de cascabel, en una instalaci\u00f3n de 16.000 pies cuadrados. Apodado como el \u201cpeque\u00f1o zool\u00f3gico m\u00e1s grande\u201d, tiene m\u00e1s de 800 especies en un espacio de ocho acres. Puede llegar al zool\u00f3gico tomando el autob\u00fas S-48 desde la terminal de ferry de St. George.<\/p>\n<p><strong>Teatro St. George<\/strong><\/p>\n<p>Inaugurado como un teatro de vodevil, el Teatro St. George exhibe pinturas de estilo barroco espa\u00f1ol \/ italiano, grandes vidrieras y una c\u00fapula gigante. Este teatro de 2.800 asientos es un lugar para musicales, espect\u00e1culos infantiles, stand ups y espect\u00e1culos musicales. Jerry Seinfeld, Joan Rivers, Jason Mraz y Chris Rock han actuado aqu\u00ed.<\/p>\n<h3>Ocupado y Hermoso<\/h3>\n<p>A solo un puerto de Manhattan, Staten Island es un lugar de visita obligada. Sin embargo, con el aumento de la poblaci\u00f3n de la isla, puede esperar m\u00e1s movimiento, lo que puede provocar una serie de accidentes.<\/p>\n<p>Si ha sido v\u00edctima de negligencia de otra persona o entidad, nuestros abogados de lesiones de Staten Island pueden ayudarlo con su caso, ya sea un resbal\u00f3n o una ca\u00edda, un accidente automovil\u00edstico, un accidente de construcci\u00f3n o cualquier otra cosa.<\/p>\n<p>Es realmente un lugar incre\u00edble para vivir, trabajar y jugar. Sin embargo, los accidentes desafortunados son inevitables. Cuando esto sucede, nos dedicamos a conseguirle un acuerdo justo. Aceptamos todos los reclamos por lesiones personales de manera contingente, por lo que solo cobraremos honorarios legales si obtiene su compensaci\u00f3n.<\/p>\n","protected":false},"excerpt":{"rendered":"<p>Hemos recuperado m\u00e1s de $400 millones para v\u00edctimas de lesiones personales en Staten Island Nuestros abogados de Staten Island manejan casos que involucran lesiones f\u00edsicas, as\u00ed como accidentes de construcci\u00f3n, accidentes automovil\u00edsticos, accidentes de construcci\u00f3n y otros tipos de accidentes en Staten Island debido a la negligencia de otra persona. \u00c1reas de pr\u00e1ctica Accidentes de [&hellip;]<\/p>\n","protected":false},"author":9,"featured_media":0,"parent":0,"menu_order":141,"comment_status":"closed","ping_status":"closed","template":"","meta":{"_acf_changed":false,"footnotes":""},"class_list":["post-19868","page","type-page","status-publish","hentry"],"acf":[],"yoast_head":"<!-- This site is optimized with the Yoast SEO plugin v27.3 - https:\/\/yoast.com\/product\/yoast-seo-wordpress\/ -->\n<title>Abogado de lesiones personales en Staten Island - Oresky &amp; Associates, PLLC<\/title>\n<meta name=\"description\" content=\"\u00bfLesionado en Staten Island? Nuestros abogados de lesiones personales luchan por la m\u00e1xima compensaci\u00f3n. \u00a1Cont\u00e1ctenos hoy para una consulta gratuita!\" \/>\n<meta name=\"robots\" content=\"index, follow, max-snippet:-1, max-image-preview:large, max-video-preview:-1\" \/>\n<link rel=\"canonical\" href=\"https:\/\/oreskylaw.com\/es\/staten-island\/\" \/>\n<meta property=\"og:locale\" content=\"es_ES\" \/>\n<meta property=\"og:type\" content=\"article\" \/>\n<meta property=\"og:title\" content=\"Abogado de lesiones personales en Staten Island - Oresky &amp; Associates, PLLC\" \/>\n<meta property=\"og:description\" content=\"\u00bfLesionado en Staten Island? Nuestros abogados de lesiones personales luchan por la m\u00e1xima compensaci\u00f3n. \u00a1Cont\u00e1ctenos hoy para una consulta gratuita!\" \/>\n<meta property=\"og:url\" content=\"https:\/\/oreskylaw.com\/es\/staten-island\/\" \/>\n<meta property=\"og:site_name\" content=\"Oresky &amp; Associates, PLLC\" \/>\n<meta property=\"article:publisher\" content=\"https:\/\/www.facebook.com\/Oreskylaw\/\" \/>\n<meta property=\"article:modified_time\" content=\"2026-01-31T11:34:43+00:00\" \/>\n<meta property=\"og:image\" content=\"https:\/\/oreskylaw.com\/wp-content\/uploads\/2026\/01\/bronx-construction-site-accident-attorney.webp\" \/>\n<meta name=\"twitter:card\" content=\"summary_large_image\" \/>\n<meta name=\"twitter:site\" content=\"@JacobOreskyLaw\" \/>\n<meta name=\"twitter:label1\" content=\"Tiempo de lectura\" \/>\n\t<meta name=\"twitter:data1\" content=\"8 minutos\" \/>\n<!-- \/ Yoast SEO plugin. -->","yoast_head_json":{"title":"Abogado de lesiones personales en Staten Island - Oresky & Associates, PLLC","description":"\u00bfLesionado en Staten Island? Nuestros abogados de lesiones personales luchan por la m\u00e1xima compensaci\u00f3n. \u00a1Cont\u00e1ctenos hoy para una consulta gratuita!","robots":{"index":"index","follow":"follow","max-snippet":"max-snippet:-1","max-image-preview":"max-image-preview:large","max-video-preview":"max-video-preview:-1"},"canonical":"https:\/\/oreskylaw.com\/es\/staten-island\/","og_locale":"es_ES","og_type":"article","og_title":"Abogado de lesiones personales en Staten Island - Oresky & Associates, PLLC","og_description":"\u00bfLesionado en Staten Island? Nuestros abogados de lesiones personales luchan por la m\u00e1xima compensaci\u00f3n. \u00a1Cont\u00e1ctenos hoy para una consulta gratuita!","og_url":"https:\/\/oreskylaw.com\/es\/staten-island\/","og_site_name":"Oresky &amp; Associates, PLLC","article_publisher":"https:\/\/www.facebook.com\/Oreskylaw\/","article_modified_time":"2026-01-31T11:34:43+00:00","og_image":[{"url":"https:\/\/oreskylaw.com\/wp-content\/uploads\/2026\/01\/bronx-construction-site-accident-attorney.webp","type":"","width":"","height":""}],"twitter_card":"summary_large_image","twitter_site":"@JacobOreskyLaw","twitter_misc":{"Tiempo de lectura":"8 minutos"},"schema":{"@context":"https:\/\/schema.org","@graph":[{"@type":"WebPage","@id":"https:\/\/oreskylaw.com\/es\/staten-island\/","url":"https:\/\/oreskylaw.com\/es\/staten-island\/","name":"Abogado de lesiones personales en Staten Island - Oresky & Associates, PLLC","isPartOf":{"@id":"https:\/\/oreskylaw.com\/es\/#website"},"primaryImageOfPage":{"@id":"https:\/\/oreskylaw.com\/es\/staten-island\/#primaryimage"},"image":{"@id":"https:\/\/oreskylaw.com\/es\/staten-island\/#primaryimage"},"thumbnailUrl":"https:\/\/oreskylaw.com\/wp-content\/uploads\/2026\/01\/bronx-construction-site-accident-attorney.webp","datePublished":"2025-12-08T02:39:36+00:00","dateModified":"2026-01-31T11:34:43+00:00","description":"\u00bfLesionado en Staten Island? Nuestros abogados de lesiones personales luchan por la m\u00e1xima compensaci\u00f3n. \u00a1Cont\u00e1ctenos hoy para una consulta gratuita!","breadcrumb":{"@id":"https:\/\/oreskylaw.com\/es\/staten-island\/#breadcrumb"},"inLanguage":"es","potentialAction":[{"@type":"ReadAction","target":["https:\/\/oreskylaw.com\/es\/staten-island\/"]}]},{"@type":"ImageObject","inLanguage":"es","@id":"https:\/\/oreskylaw.com\/es\/staten-island\/#primaryimage","url":"https:\/\/oreskylaw.com\/wp-content\/uploads\/2026\/01\/bronx-construction-site-accident-attorney.webp","contentUrl":"https:\/\/oreskylaw.com\/wp-content\/uploads\/2026\/01\/bronx-construction-site-accident-attorney.webp"},{"@type":"BreadcrumbList","@id":"https:\/\/oreskylaw.com\/es\/staten-island\/#breadcrumb","itemListElement":[{"@type":"ListItem","position":1,"name":"Inicio","item":"https:\/\/oreskylaw.com\/es\/"},{"@type":"ListItem","position":2,"name":"Abogado de lesiones personales en Staten Island"}]},{"@type":"WebSite","@id":"https:\/\/oreskylaw.com\/es\/#website","url":"https:\/\/oreskylaw.com\/es\/","name":"Oresky & Associates PLLC","description":"","publisher":{"@id":"https:\/\/oreskylaw.com\/es\/#organization"},"potentialAction":[{"@type":"SearchAction","target":{"@type":"EntryPoint","urlTemplate":"https:\/\/oreskylaw.com\/es\/?s={search_term_string}"},"query-input":{"@type":"PropertyValueSpecification","valueRequired":true,"valueName":"search_term_string"}}],"inLanguage":"es"}]}},"_links":{"self":[{"href":"https:\/\/oreskylaw.com\/es\/wp-json\/wp\/v2\/pages\/19868","targetHints":{"allow":["GET"]}}],"collection":[{"href":"https:\/\/oreskylaw.com\/es\/wp-json\/wp\/v2\/pages"}],"about":[{"href":"https:\/\/oreskylaw.com\/es\/wp-json\/wp\/v2\/types\/page"}],"author":[{"embeddable":true,"href":"https:\/\/oreskylaw.com\/es\/wp-json\/wp\/v2\/users\/9"}],"replies":[{"embeddable":true,"href":"https:\/\/oreskylaw.com\/es\/wp-json\/wp\/v2\/comments?post=19868"}],"version-history":[{"count":0,"href":"https:\/\/oreskylaw.com\/es\/wp-json\/wp\/v2\/pages\/19868\/revisions"}],"wp:attachment":[{"href":"https:\/\/oreskylaw.com\/es\/wp-json\/wp\/v2\/media?parent=19868"}],"curies":[{"name":"wp","href":"https:\/\/api.w.org\/{rel}","templated":true}]}}