{"id":19898,"date":"2025-12-09T08:33:36","date_gmt":"2025-12-09T08:33:36","guid":{"rendered":"https:\/\/oreskylaw.com\/?page_id=19898"},"modified":"2026-01-31T11:41:44","modified_gmt":"2026-01-31T11:41:44","slug":"abogados-de-accidentes-de-auto","status":"publish","type":"page","link":"https:\/\/oreskylaw.com\/es\/staten-island\/abogados-de-accidentes-de-auto\/","title":{"rendered":"Abogados de accidentes de autom\u00f3vil"},"content":{"rendered":"<h2>Nuestros Abogados de Accidentes de Autom\u00f3vil en Staten Island Est\u00e1n Listos para Luchar por Usted<\/h2>\n<p>Si la negligencia de otra persona caus\u00f3 su accidente automovil\u00edstico, usted tiene derechos. Un abogado de accidentes de autom\u00f3vil de Staten Island de nuestra firma investigar\u00e1 el accidente, identificar\u00e1 a la parte culpable y buscar\u00e1 una compensaci\u00f3n justa por sus p\u00e9rdidas f\u00edsicas, emocionales y financieras.<\/p>\n<p>Usted tiene un tiempo limitado para tomar acci\u00f3n legal despu\u00e9s de una colisi\u00f3n de tr\u00e1fico, as\u00ed que llame a Oresky &amp; Associates, PLLC al <strong>(929) 305-0949<\/strong> hoy mismo. Ofrecemos consultas gratuitas a todos los que llamen y podemos responder a sus preguntas en ingl\u00e9s o en espa\u00f1ol. Nuestros <a href=\"https:\/\/oreskylaw.com\/es\/staten-island\/\">abogados de lesiones personales en Staten Island<\/a>\u00a0har\u00e1n todo lo posible para abogar por usted.<\/p>\n<h2>\u00bfC\u00f3mo Pueden Ayudarle Nuestros Abogados de Accidentes de Autom\u00f3vil en Staten Island?<\/h2>\n<p>Nuestros abogados de accidentes de autom\u00f3vil en Staten Island manejar\u00e1n todos los aspectos de su caso mientras usted se enfoca en recibir atenci\u00f3n m\u00e9dica y reconstruir su vida. Nuestros servicios legales incluyen:<\/p>\n<ul>\n<li>Recopilar evidencia para probar la extensi\u00f3n de sus lesiones y la identidad de la parte responsable<\/li>\n<li>Evaluar su caso para que sepa qu\u00e9 da\u00f1os buscar<\/li>\n<li>Comunicarse con las otras partes en su nombre<\/li>\n<li>Presentar y recibir toda la documentaci\u00f3n necesaria<\/li>\n<li>Luchar dentro y fuera de la sala del tribunal por el dinero que le corresponde<\/li>\n<li>Explicar sus opciones legales para que pueda tomar las decisiones correctas para usted<\/li>\n<\/ul>\n<h2>\u00bfQu\u00e9 Tipos de Da\u00f1os Pueden Recuperar las V\u00edctimas de Accidentes de Autom\u00f3vil?<\/h2>\n<p>Usted podr\u00eda tener derecho a:<\/p>\n<ul>\n<li>Da\u00f1os econ\u00f3micos<\/li>\n<li>Da\u00f1os no econ\u00f3micos<\/li>\n<li>Da\u00f1os punitivos<\/li>\n<\/ul>\n<p>Los\u00a0da\u00f1os econ\u00f3micos\u00a0cubrir\u00e1n las p\u00e9rdidas financieras asociadas con el accidente de autom\u00f3vil en Staten Island. Esto podr\u00eda incluir:<\/p>\n<div class=\"row\">\n<ul class=\"col-xl-6\">\n<li>P\u00e9rdida de ingresos<\/li>\n<li>Capacidad de ganancia reducida<\/li>\n<li>P\u00e9rdida de beneficios sindicales y otros beneficios laborales<\/li>\n<\/ul>\n<ul class=\"col-xl-6\">\n<li>Gastos m\u00e9dicos<\/li>\n<li>Da\u00f1os a la propiedad<\/li>\n<li>Gastos de bolsillo<\/li>\n<\/ul>\n<\/div>\n<p>Los\u00a0<strong>da\u00f1os no econ\u00f3micos\u00a0<\/strong>son sus p\u00e9rdidas f\u00edsicas y emocionales. Dependiendo del tipo y la extensi\u00f3n de sus lesiones, nuestros abogados de accidentes de autom\u00f3vil en Staten Island podr\u00edan buscar:<\/p>\n<ul>\n<li>Dolor y sufrimiento pasados y futuros<\/li>\n<li>Calidad de vida reducida<\/li>\n<li>Discapacidad<\/li>\n<li>P\u00e9rdida de consorcio<\/li>\n<\/ul>\n<p>Los\u00a0<strong>da\u00f1os punitivos<\/strong>\u00a0son raros y no le compensan por una p\u00e9rdida espec\u00edfica. En cambio, son da\u00f1os adicionales que una parte responsable debe pagar si su comportamiento va m\u00e1s all\u00e1 de la negligencia ordinaria. La mayor\u00eda de los casos de accidentes de veh\u00edculos motorizados no involucran da\u00f1os punitivos.<\/p>\n<h2>\u00bfPuedo Recuperar Compensaci\u00f3n Si Soy Parcialmente Culpable del Accidente?<\/h2>\n<p>S\u00ed.\u00a0Seg\u00fan el\u00a0<a href=\"https:\/\/www.nysenate.gov\/legislation\/laws\/CVP\/1411\" target=\"_blank\" rel=\"nofollow noopener noreferrer\">CPLR 1411<\/a>, ser parcialmente culpable de un accidente automovil\u00edstico no le impide recuperar compensaci\u00f3n, pero su pago puede reducirse en funci\u00f3n de su porcentaje de culpa.<\/p>\n<h2>\u00bfQu\u00e9 Causa la Mayor\u00eda de los Accidentes de Autom\u00f3vil en Staten Island?<\/h2>\n<p><img loading=\"lazy\" decoding=\"async\" class=\"size-medium wp-image-13400 alignright\" src=\"https:\/\/oreskylaw.com\/wp-content\/uploads\/2026\/01\/what-causes-most-car-accidents-in-staten-island-300x200.webp\" alt=\"distractive \" width=\"300\" height=\"200\" srcset=\"https:\/\/oreskylaw.com\/wp-content\/uploads\/2026\/01\/what-causes-most-car-accidents-in-staten-island-300x200.webp 300w, https:\/\/oreskylaw.com\/wp-content\/uploads\/2026\/01\/what-causes-most-car-accidents-in-staten-island-768x511.webp 768w, https:\/\/oreskylaw.com\/wp-content\/uploads\/2026\/01\/what-causes-most-car-accidents-in-staten-island.webp 900w\" sizes=\"auto, (max-width: 300px) 100vw, 300px\" \/>Datos del\u00a0<a href=\"https:\/\/www.nyc.gov\/site\/nypd\/stats\/traffic-data\/traffic-data-archive-2024.page\" target=\"_blank\" rel=\"nofollow noopener noreferrer\">Departamento de Polic\u00eda de la Ciudad de Nueva York (NYPD)<\/a>\u00a0de noviembre de 2024 muestran que la mayor\u00eda de los accidentes en los cruces de Staten Island son el resultado de la negligencia del conductor:<\/p>\n<ul>\n<li>La falta de atenci\u00f3n o distracci\u00f3n del conductor fue la causa m\u00e1s com\u00fan de los accidentes de veh\u00edculos motorizados. Las distracciones potenciales incluyen tel\u00e9fonos\/dispositivos electr\u00f3nicos, pasajeros, animales y equipos integrados en el autom\u00f3vil (por ejemplo, la radio).<\/li>\n<li>El no ceder el paso jug\u00f3 un papel en muchas colisiones. Es vital que los conductores obedezcan las se\u00f1ales de tr\u00e1fico y respeten el derecho de los dem\u00e1s a usar la carretera.<\/li>\n<li>Procedimientos incorrectos de giro, retroceso y cambio de carril tambi\u00e9n fueron factores en demasiados accidentes. Los conductores deben revisar cuidadosamente su entorno antes de intentar estas maniobras.<\/li>\n<\/ul>\n<p>En la mayor\u00eda de los casos de accidentes de autom\u00f3vil, un conductor negligente es responsable del accidente y de los da\u00f1os resultantes. Sin embargo, existen casos en los que otra parte, como el empleador del conductor, si el conductor estaba trabajando en el momento de la colisi\u00f3n, puede compartir o asumir la responsabilidad total.<\/p>\n<p>Deje que nuestra firma de lesiones personales revise su caso para asegurarse de buscar compensaci\u00f3n de todas las partes responsables.<\/p>\n<h2>Tipos de Accidentes de Autom\u00f3vil que Tratamos en Staten Island<\/h2>\n<p>Oresky &amp; Associates, PLLC est\u00e1 preparado para aceptar casos relacionados con la negligencia como los siguientes:<\/p>\n<ul>\n<li><strong>Accidentes por conducci\u00f3n distra\u00edda:<\/strong>\u00a0Como se mencion\u00f3 anteriormente, las distracciones son especialmente peligrosas para los usuarios de la carretera.<\/li>\n<li><strong>Accidentes por conducci\u00f3n bajo los efectos del alcohol:<\/strong>\u00a0La\u00a0<a href=\"https:\/\/troopers.ny.gov\/impaired-driving\" target=\"_blank\" rel=\"nofollow noopener noreferrer\">Polic\u00eda del Estado de Nueva York (NYSP)<\/a>\u00a0informa que la conducci\u00f3n bajo los efectos del alcohol causa un promedio de una lesi\u00f3n cada dos minutos en este estado. Queremos hacer nuestra parte para responsabilizar a los conductores irresponsables.<\/li>\n<li><strong>Accidentes con conductores sin seguro:\u00a0<\/strong>Si la persona que lo golpe\u00f3 no tiene seguro o tiene un seguro insuficiente, puede tener otras opciones para recolectar da\u00f1os, como presentar una reclamaci\u00f3n con su propia p\u00f3liza de seguro o presentar una reclamaci\u00f3n con la\u00a0<a href=\"https:\/\/mvaic.com\/do-you-qualify\" target=\"_blank\" rel=\"nofollow noopener noreferrer\">Corporaci\u00f3n de Indemnizaci\u00f3n por Accidentes de Veh\u00edculos Motorizados (MVAIC)<\/a>.<\/li>\n<li><strong>Accidentes de choque y fuga:\u00a0<\/strong>Abandonar la escena de un accidente con lesiones sin intercambiar informaci\u00f3n ni llamar para pedir ayuda es ilegal. Nuestros abogados de lesiones en autom\u00f3vil trabajar\u00e1n arduamente para identificar al conductor en su caso.<\/li>\n<li><strong>Accidentes de Uber y Lyft:<\/strong>\u00a0Los accidentes que involucran veh\u00edculos de transporte compartido pueden ser complejos. Nuestros abogados en Staten Island le dar\u00e1n la oportunidad de buscar los da\u00f1os apropiados.<\/li>\n<li><strong>Accidentes de taxi:\u00a0<\/strong>Ya sea que usted fuera conductor de taxi, pasajero de taxi o ocupante de otro veh\u00edculo, tiene derecho a da\u00f1os cuando la negligencia de otra persona causa sus lesiones.<\/li>\n<li><strong>Colisiones frontales:\u00a0<\/strong>Cuando dos autos se golpean de frente, los resultados pueden ser catastr\u00f3ficos, especialmente si el impacto ocurri\u00f3 a alta velocidad.<\/li>\n<li><strong>Colisiones laterales:\u00a0<\/strong>Tambi\u00e9n llamadas colisiones en T, estos accidentes ocurren cuando la parte delantera de un auto golpea el costado de otro.<\/li>\n<li><strong>Colisiones por alcance:\u00a0<\/strong>Estos accidentes pueden ocurrir cuando alguien detr\u00e1s de usted maneja demasiado r\u00e1pido, sigue su veh\u00edculo demasiado de cerca o no est\u00e1 prestando atenci\u00f3n a su entorno.<\/li>\n<\/ul>\n<p>Si no est\u00e1 seguro de si tomamos casos como el suyo, le animamos a preguntar. Nuestro equipo legal le dir\u00e1 todo lo que necesita saber sobre c\u00f3mo manejar su caso.<\/p>\n    <div class=\"cw-cta-box\">\n        <div class=\"cw-cta-box__inner \">\n            <div class=\"cw-cta-box__info\">\n                                    <div class=\"label\">\u00a1Llame ahora!<\/div>\n                            <\/div>\n                            <div class=\"contact-phone\">\n                    <a href=\"tel:7189939999\"\n                        aria-label=\"Tap to call button\">\n                        718-993-9999                    <\/a>\n                <\/div>\n                    <\/div>\n                    <a href=\"\/es\/contacto\/\"\n               class=\"cta-btn btn btn--primary btn\"\n               target=\"\">\n                Obtenga Una Consulta Gratuita            <\/a>\n            <\/div>\n    \n<h2>Lesiones Comunes en Accidentes de Autom\u00f3vil en Staten Island<\/h2>\n<p>Los accidentes de autom\u00f3vil pueden causar una amplia variedad de lesiones, dependiendo de factores como la velocidad a la que ocurri\u00f3 el accidente, qu\u00e9 parte de su autom\u00f3vil fue golpeada y el tama\u00f1o de los veh\u00edculos involucrados. Usted podr\u00eda buscar compensaci\u00f3n financiera por lesiones como:<\/p>\n<div class=\"row\">\n<ul class=\"col-xl-6\">\n<li>Huesos rotos\/fracturas \u00f3seas<\/li>\n<li>Lesiones cerebrales traum\u00e1ticas (TBI), incluidas las conmociones cerebrales<\/li>\n<li>Lesiones en la espalda y la m\u00e9dula espinal<\/li>\n<li>Lesiones en el cuello, incluidas las latigazos<\/li>\n<\/ul>\n<ul class=\"col-xl-6\">\n<li>Cortes y laceraciones<\/li>\n<li>Amputaci\u00f3n<\/li>\n<li>Da\u00f1o a \u00f3rganos<\/li>\n<li>Da\u00f1o a los nervios<\/li>\n<\/ul>\n<\/div>\n<p>Estas y otras lesiones f\u00edsicas a menudo conducen a angustia mental y emocional, especialmente cuando sus lesiones son permanentes o alteran su vida.<\/p>\n<p>Tan pronto como sea posible despu\u00e9s de su colisi\u00f3n, obtenga atenci\u00f3n m\u00e9dica. Un m\u00e9dico puede diagnosticar oficialmente sus lesiones y recetar los tratamientos adecuados. Esto previene que sus lesiones empeoren y crea un registro m\u00e9dico claro que podemos usar al construir su caso.<\/p>\n<p>En los casos m\u00e1s graves, las lesiones mencionadas anteriormente pueden ser fatales. Como familiar sobreviviente del fallecido, tiene derecho a buscar compensaci\u00f3n por la muerte de su ser querido. Nuestros abogados de muertes por negligencia en Staten Island le ayudar\u00e1n.<\/p>\n<h2>\u00bfC\u00f3mo Probaremos la Negligencia en los Casos de Accidentes de Autom\u00f3vil en Staten Island?<\/h2>\n<p><img loading=\"lazy\" decoding=\"async\" class=\"size-medium wp-image-13403 alignright\" src=\"https:\/\/oreskylaw.com\/wp-content\/uploads\/2026\/01\/how-do-we-prove-negligence-in-staten-island-car-accident-cases-300x187.webp\" alt=\"taking a photo of a car accident\" width=\"300\" height=\"187\" srcset=\"https:\/\/oreskylaw.com\/wp-content\/uploads\/2026\/01\/how-do-we-prove-negligence-in-staten-island-car-accident-cases-300x187.webp 300w, https:\/\/oreskylaw.com\/wp-content\/uploads\/2026\/01\/how-do-we-prove-negligence-in-staten-island-car-accident-cases-768x480.webp 768w, https:\/\/oreskylaw.com\/wp-content\/uploads\/2026\/01\/how-do-we-prove-negligence-in-staten-island-car-accident-cases-91x58.webp 91w, https:\/\/oreskylaw.com\/wp-content\/uploads\/2026\/01\/how-do-we-prove-negligence-in-staten-island-car-accident-cases.webp 900w\" sizes=\"auto, (max-width: 300px) 100vw, 300px\" \/>Probar la negligencia requiere encontrar suficiente evidencia para demostrar que la parte culpable no actu\u00f3 con el cuidado razonable y conectar su falta de cuidado razonable con su colisi\u00f3n de tr\u00e1fico. Nuestros abogados de accidentes de autom\u00f3vil en Staten Island pueden buscar evidencia como:<\/p>\n<ul>\n<li>Informes policiales<\/li>\n<li>Im\u00e1genes de video<\/li>\n<li>Evidencia fotogr\u00e1fica<\/li>\n<li>Testimonios de testigos<\/li>\n<li>Sus propios recuerdos del accidente<\/li>\n<li>Testimonio de expertos<\/li>\n<li>El comportamiento pasado de la parte culpable (por ejemplo, condenas anteriores por infracciones de tr\u00e1fico)<\/li>\n<\/ul>\n<p>Cuanto antes comencemos a investigar, m\u00e1s evidencia podremos encontrar para respaldar su caso.<\/p>\n<h2>\u00bfCu\u00e1l es el Plazo para Presentar una Demanda por un Accidente de Autom\u00f3vil en Staten Island?<\/h2>\n<p>Seg\u00fan el\u00a0<a href=\"https:\/\/www.nysenate.gov\/legislation\/laws\/CVP\/214\" target=\"_blank\" rel=\"nofollow noopener noreferrer\">CPLR 214(4)<\/a>, puede presentar su caso en cualquier momento dentro de los tres a\u00f1os posteriores a la fecha del accidente. Sin embargo, este estatuto no cuenta toda la historia: factores espec\u00edficos de su situaci\u00f3n podr\u00edan alterar el plazo. Por ejemplo, aquellos que pretendan demandar a una entidad gubernamental tienen mucho menos tiempo para iniciar un caso, seg\u00fan el\u00a0<a href=\"https:\/\/www.nysenate.gov\/legislation\/laws\/CVP\/217-A\" target=\"_blank\" rel=\"nofollow noopener noreferrer\">CPLR 217-A<\/a>. Por lo tanto, es mejor comenzar su caso r\u00e1pidamente.<\/p>\n","protected":false},"excerpt":{"rendered":"<p>Nuestros Abogados de Accidentes de Autom\u00f3vil en Staten Island Est\u00e1n Listos para Luchar por Usted Si la negligencia de otra persona caus\u00f3 su accidente automovil\u00edstico, usted tiene derechos. Un abogado de accidentes de autom\u00f3vil de Staten Island de nuestra firma investigar\u00e1 el accidente, identificar\u00e1 a la parte culpable y buscar\u00e1 una compensaci\u00f3n justa por sus [&hellip;]<\/p>\n","protected":false},"author":9,"featured_media":0,"parent":19868,"menu_order":2,"comment_status":"closed","ping_status":"closed","template":"","meta":{"_acf_changed":false,"footnotes":""},"class_list":["post-19898","page","type-page","status-publish","hentry"],"acf":[],"yoast_head":"<!-- This site is optimized with the Yoast SEO plugin v27.3 - https:\/\/yoast.com\/product\/yoast-seo-wordpress\/ -->\n<title>Abogados de accidentes automovil\u00edsticos en Staten Island - Oresky &amp; Associates, PLLC<\/title>\n<meta name=\"description\" content=\"\u00bfHerido en un accidente automovil\u00edstico? Nuestros abogados de accidentes automovil\u00edsticos en Staten Island se comprometen a garantizar la compensaci\u00f3n y la justicia que usted se merece. \u00a1P\u00f3ngase en contacto con nosotros ahora!\" \/>\n<meta name=\"robots\" content=\"index, follow, max-snippet:-1, max-image-preview:large, max-video-preview:-1\" \/>\n<link rel=\"canonical\" href=\"https:\/\/oreskylaw.com\/es\/staten-island\/abogados-de-accidentes-de-auto\/\" \/>\n<meta property=\"og:locale\" content=\"es_ES\" \/>\n<meta property=\"og:type\" content=\"article\" \/>\n<meta property=\"og:title\" content=\"Abogados de accidentes automovil\u00edsticos en Staten Island - Oresky &amp; Associates, PLLC\" \/>\n<meta property=\"og:description\" content=\"\u00bfHerido en un accidente automovil\u00edstico? Nuestros abogados de accidentes automovil\u00edsticos en Staten Island se comprometen a garantizar la compensaci\u00f3n y la justicia que usted se merece. \u00a1P\u00f3ngase en contacto con nosotros ahora!\" \/>\n<meta property=\"og:url\" content=\"https:\/\/oreskylaw.com\/es\/staten-island\/abogados-de-accidentes-de-auto\/\" \/>\n<meta property=\"og:site_name\" content=\"Oresky &amp; Associates, PLLC\" \/>\n<meta property=\"article:publisher\" content=\"https:\/\/www.facebook.com\/Oreskylaw\/\" \/>\n<meta property=\"article:modified_time\" content=\"2026-01-31T11:41:44+00:00\" \/>\n<meta property=\"og:image\" content=\"https:\/\/oreskylaw.com\/wp-content\/uploads\/2026\/01\/what-causes-most-car-accidents-in-staten-island.webp\" \/>\n\t<meta property=\"og:image:width\" content=\"900\" \/>\n\t<meta property=\"og:image:height\" content=\"599\" \/>\n\t<meta property=\"og:image:type\" content=\"image\/webp\" \/>\n<meta name=\"twitter:card\" content=\"summary_large_image\" \/>\n<meta name=\"twitter:site\" content=\"@JacobOreskyLaw\" \/>\n<meta name=\"twitter:label1\" content=\"Tiempo de lectura\" \/>\n\t<meta name=\"twitter:data1\" content=\"7 minutos\" \/>\n<!-- \/ Yoast SEO plugin. -->","yoast_head_json":{"title":"Abogados de accidentes automovil\u00edsticos en Staten Island - Oresky & Associates, PLLC","description":"\u00bfHerido en un accidente automovil\u00edstico? Nuestros abogados de accidentes automovil\u00edsticos en Staten Island se comprometen a garantizar la compensaci\u00f3n y la justicia que usted se merece. \u00a1P\u00f3ngase en contacto con nosotros ahora!","robots":{"index":"index","follow":"follow","max-snippet":"max-snippet:-1","max-image-preview":"max-image-preview:large","max-video-preview":"max-video-preview:-1"},"canonical":"https:\/\/oreskylaw.com\/es\/staten-island\/abogados-de-accidentes-de-auto\/","og_locale":"es_ES","og_type":"article","og_title":"Abogados de accidentes automovil\u00edsticos en Staten Island - Oresky & Associates, PLLC","og_description":"\u00bfHerido en un accidente automovil\u00edstico? Nuestros abogados de accidentes automovil\u00edsticos en Staten Island se comprometen a garantizar la compensaci\u00f3n y la justicia que usted se merece. \u00a1P\u00f3ngase en contacto con nosotros ahora!","og_url":"https:\/\/oreskylaw.com\/es\/staten-island\/abogados-de-accidentes-de-auto\/","og_site_name":"Oresky &amp; Associates, PLLC","article_publisher":"https:\/\/www.facebook.com\/Oreskylaw\/","article_modified_time":"2026-01-31T11:41:44+00:00","og_image":[{"width":900,"height":599,"url":"https:\/\/oreskylaw.com\/wp-content\/uploads\/2026\/01\/what-causes-most-car-accidents-in-staten-island.webp","type":"image\/webp"}],"twitter_card":"summary_large_image","twitter_site":"@JacobOreskyLaw","twitter_misc":{"Tiempo de lectura":"7 minutos"},"schema":{"@context":"https:\/\/schema.org","@graph":[{"@type":"WebPage","@id":"https:\/\/oreskylaw.com\/es\/staten-island\/abogados-de-accidentes-de-auto\/","url":"https:\/\/oreskylaw.com\/es\/staten-island\/abogados-de-accidentes-de-auto\/","name":"Abogados de accidentes automovil\u00edsticos en Staten Island - Oresky & Associates, PLLC","isPartOf":{"@id":"https:\/\/oreskylaw.com\/es\/#website"},"primaryImageOfPage":{"@id":"https:\/\/oreskylaw.com\/es\/staten-island\/abogados-de-accidentes-de-auto\/#primaryimage"},"image":{"@id":"https:\/\/oreskylaw.com\/es\/staten-island\/abogados-de-accidentes-de-auto\/#primaryimage"},"thumbnailUrl":"https:\/\/oreskylaw.com\/wp-content\/uploads\/2026\/01\/what-causes-most-car-accidents-in-staten-island-300x200.webp","datePublished":"2025-12-09T08:33:36+00:00","dateModified":"2026-01-31T11:41:44+00:00","description":"\u00bfHerido en un accidente automovil\u00edstico? Nuestros abogados de accidentes automovil\u00edsticos en Staten Island se comprometen a garantizar la compensaci\u00f3n y la justicia que usted se merece. \u00a1P\u00f3ngase en contacto con nosotros ahora!","breadcrumb":{"@id":"https:\/\/oreskylaw.com\/es\/staten-island\/abogados-de-accidentes-de-auto\/#breadcrumb"},"inLanguage":"es","potentialAction":[{"@type":"ReadAction","target":["https:\/\/oreskylaw.com\/es\/staten-island\/abogados-de-accidentes-de-auto\/"]}]},{"@type":"ImageObject","inLanguage":"es","@id":"https:\/\/oreskylaw.com\/es\/staten-island\/abogados-de-accidentes-de-auto\/#primaryimage","url":"https:\/\/oreskylaw.com\/wp-content\/uploads\/2026\/01\/what-causes-most-car-accidents-in-staten-island-300x200.webp","contentUrl":"https:\/\/oreskylaw.com\/wp-content\/uploads\/2026\/01\/what-causes-most-car-accidents-in-staten-island-300x200.webp"},{"@type":"BreadcrumbList","@id":"https:\/\/oreskylaw.com\/es\/staten-island\/abogados-de-accidentes-de-auto\/#breadcrumb","itemListElement":[{"@type":"ListItem","position":1,"name":"Inicio","item":"https:\/\/oreskylaw.com\/es\/"},{"@type":"ListItem","position":2,"name":"Abogado de lesiones personales en Staten Island","item":"https:\/\/oreskylaw.com\/es\/staten-island\/"},{"@type":"ListItem","position":3,"name":"Abogados de accidentes de autom\u00f3vil"}]},{"@type":"WebSite","@id":"https:\/\/oreskylaw.com\/es\/#website","url":"https:\/\/oreskylaw.com\/es\/","name":"Oresky & Associates PLLC","description":"","publisher":{"@id":"https:\/\/oreskylaw.com\/es\/#organization"},"potentialAction":[{"@type":"SearchAction","target":{"@type":"EntryPoint","urlTemplate":"https:\/\/oreskylaw.com\/es\/?s={search_term_string}"},"query-input":{"@type":"PropertyValueSpecification","valueRequired":true,"valueName":"search_term_string"}}],"inLanguage":"es"}]}},"_links":{"self":[{"href":"https:\/\/oreskylaw.com\/es\/wp-json\/wp\/v2\/pages\/19898","targetHints":{"allow":["GET"]}}],"collection":[{"href":"https:\/\/oreskylaw.com\/es\/wp-json\/wp\/v2\/pages"}],"about":[{"href":"https:\/\/oreskylaw.com\/es\/wp-json\/wp\/v2\/types\/page"}],"author":[{"embeddable":true,"href":"https:\/\/oreskylaw.com\/es\/wp-json\/wp\/v2\/users\/9"}],"replies":[{"embeddable":true,"href":"https:\/\/oreskylaw.com\/es\/wp-json\/wp\/v2\/comments?post=19898"}],"version-history":[{"count":0,"href":"https:\/\/oreskylaw.com\/es\/wp-json\/wp\/v2\/pages\/19898\/revisions"}],"up":[{"embeddable":true,"href":"https:\/\/oreskylaw.com\/es\/wp-json\/wp\/v2\/pages\/19868"}],"wp:attachment":[{"href":"https:\/\/oreskylaw.com\/es\/wp-json\/wp\/v2\/media?parent=19898"}],"curies":[{"name":"wp","href":"https:\/\/api.w.org\/{rel}","templated":true}]}}