{"id":19910,"date":"2025-12-10T06:05:15","date_gmt":"2025-12-10T06:05:15","guid":{"rendered":"https:\/\/oreskylaw.com\/?page_id=19910"},"modified":"2026-01-27T20:13:19","modified_gmt":"2026-01-27T20:13:19","slug":"westchester","status":"publish","type":"page","link":"https:\/\/oreskylaw.com\/es\/westchester\/","title":{"rendered":"Abogado de lesiones personales en Westchester"},"content":{"rendered":"<h2>Abogados de Lesiones Personales de Confianza en el Condado de Westchester<\/h2>\n<p>Cuando sufre lesiones causadas por el comportamiento descuidado o imprudente de otra parte, puede responsabilizarlos y recuperar compensaci\u00f3n por sus da\u00f1os relacionados. Trabajar con una firma de abogados de lesiones personales experimentada le brinda recursos y habilidades que probablemente no tenga por su cuenta. Nuestro equipo puede ayudarlo a navegar su caso de lesiones en el Condado de Westchester y buscar el pago que merece.<\/p>\n<p>Un abogado de lesiones personales en Westchester de Oresky &amp; Associates, PLLC puede ayudarlo a comprender sus derechos y opciones legales despu\u00e9s de su lesi\u00f3n. Brindamos consultas iniciales de casos gratuitas. Cont\u00e1ctenos hoy para comenzar.<\/p>\n<p><iframe loading=\"lazy\" style=\"border: 0;\" src=\"https:\/\/www.google.com\/maps\/embed?pb=!1m18!1m12!1m3!1d384729.9778773704!2d-74.0626286018344!3d41.11917807264727!2m3!1f0!2f0!3f0!3m2!1i1024!2i768!4f13.1!3m3!1m2!1s0x89c2c96a9d6b59af%3A0x370ed86222bddb89!2sWestchester%20County%2C%20NY%2C%20USA!5e0!3m2!1sen!2ssg!4v1768745747476!5m2!1sen!2ssg\" width=\"100%\" height=\"250\" allowfullscreen=\"allowfullscreen\"><\/iframe><\/p>\n<h2>Tipos de Casos de Lesiones Personales que Manejan Nuestros Abogados en el Condado de Westchester<\/h2>\n<h3>Accidentes de Construcci\u00f3n<\/h3>\n<p>Los sitios de construcci\u00f3n est\u00e1n altamente regulados debido a los peligros inherentes. Estas regulaciones locales, estatales y federales crean un deber de cuidado para los propietarios del sitio de construcci\u00f3n y los contratistas generales para mantener seguros a los trabajadores y otras personas en la propiedad. Esto es especialmente cierto para aquellos que trabajan a alturas elevadas, donde las ca\u00eddas y lesiones catastr\u00f3ficas son comunes.<\/p>\n<div class=\"row\">\n<ul class=\"col-xl-6\">\n<li><a href=\"https:\/\/oreskylaw.com\/es\/nyc\/abogados-de-accidentes-de-andamios\/\">Accidentes de andamios<\/a><\/li>\n<li><a href=\"https:\/\/oreskylaw.com\/es\/nyc\/abogados-de-accidentes-de-demolicion\/\">Accidentes de demolici\u00f3n<\/a><\/li>\n<li><a href=\"https:\/\/oreskylaw.com\/es\/nyc\/abogados-de-accidentes-de-grua\/\">Accidentes de gr\u00faas<\/a><\/li>\n<li><a href=\"https:\/\/oreskylaw.com\/es\/nyc\/abogados-de-accidentes-de-montacargas\/\">Accidentes de montacargas<\/a><\/li>\n<li><a href=\"https:\/\/oreskylaw.com\/es\/nyc\/abogados-de-accidentes-de-ascensor\/\">Accidentes de ascensor<\/a><\/li>\n<li>Accidentes con limpiadores<\/li>\n<\/ul>\n<ul class=\"col-xl-6\">\n<li><a href=\"https:\/\/oreskylaw.com\/es\/nyc\/abogados-de-compensacion-laboral\/\">Accidentes laborales<\/a><\/li>\n<li><a href=\"https:\/\/oreskylaw.com\/es\/nyc\/abogados-de-accidentes-en-la-construccion-de-edificios\/\">Accidentes de construcci\u00f3n<\/a><\/li>\n<li><a href=\"https:\/\/oreskylaw.com\/es\/nyc\/abogados-de-accidentes-por-excavaciones-y-derrumbes\/\">Accidentes de excavaci\u00f3n por derrumbes<\/a><\/li>\n<li><a href=\"https:\/\/oreskylaw.com\/es\/nyc\/abogados-de-accidentes-en-renovaciones\/\">Accidentes de renovaci\u00f3n<\/a><\/li>\n<li><a href=\"https:\/\/oreskylaw.com\/es\/nyc\/abogados-de-accidentes-de-limpieza\/\">Accidentes de limpieza<\/a><\/li>\n<li><a href=\"https:\/\/oreskylaw.com\/es\/nyc\/abogados-de-accidentes-de-pintura\/\">Accidentes de pintura<\/a><\/li>\n<\/ul>\n<\/div>\n<p><a class=\"btn btn--secondary\" href=\"https:\/\/oreskylaw.com\/es\/nyc\/abogados-de-accidentes-de-construccion\/\">Todos los servicios de accidentes de construcci\u00f3n<\/a><\/p>\n<p>Cuando ocurre una lesi\u00f3n, nuestros abogados a menudo pueden construir un caso contra el propietario del sitio de construcci\u00f3n, los contratistas responsables y otras partes y recuperar compensaci\u00f3n para nuestro cliente.<\/p>\n<h3>Accidentes de Autom\u00f3viles<\/h3>\n<p>Cuando las v\u00edctimas de un accidente sufren lesiones graves, pueden responsabilizar legalmente tanto al propietario del veh\u00edculo como al conductor culpable que caus\u00f3 la colisi\u00f3n. Preparamos y presentamos reclamaciones basadas en la cobertura del seguro de responsabilidad autom\u00e1tica del conductor o demandamos al conductor y preparamos el caso para el juicio. Tambi\u00e9n representamos a ciclistas, motociclistas, peatones y otras personas heridas mientras comparten las carreteras de Westchester con conductores descuidados e imprudentes.<\/p>\n<div class=\"row\">\n<ul class=\"col-xl-6\">\n<li><a href=\"https:\/\/oreskylaw.com\/es\/nyc\/abogados-de-accidentes-de-auto\/\">Accidentes automovil\u00edsticos<\/a><\/li>\n<li><a href=\"https:\/\/oreskylaw.com\/es\/nyc\/abogados-de-accidentes-de-camiones\/\">Accidentes de camiones<\/a><\/li>\n<li><a href=\"https:\/\/oreskylaw.com\/es\/nyc\/abogados-de-accidentes-de-peatones\/\">Accidentes de peatones<\/a><\/li>\n<li><a href=\"https:\/\/oreskylaw.com\/es\/nyc\/abogado-de-accidentes-de-camiones-de-18-ruedas\/\">Accidentes de veh\u00edculos de 18 ruedas<\/a><\/li>\n<li><a href=\"https:\/\/oreskylaw.com\/es\/nyc\/abogados-de-accidentes-de-autobus\/\">Accidentes de autob\u00fas<\/a><\/li>\n<li><a href=\"https:\/\/oreskylaw.com\/es\/nyc\/abogados-de-accidentes-de-motocicleta\/\">Accidentes de motocicleta<\/a><\/li>\n<\/ul>\n<ul class=\"col-xl-6\">\n<li><a href=\"https:\/\/oreskylaw.com\/es\/nyc\/abogados-de-accidentes-de-lyft\/\">Accidentes de Lyft<\/a><\/li>\n<li><a href=\"https:\/\/oreskylaw.com\/es\/nyc\/abogados-de-accidentes-de-taxi\/\">Accidentes de taxi<\/a><\/li>\n<li><a href=\"https:\/\/oreskylaw.com\/es\/nyc\/abogados-de-accidentes-de-coche-por-conducir-bajo-los-efectos-del-alcohol\/\">Accidentes por conducir en estado<\/a><\/li>\n<li><a href=\"https:\/\/oreskylaw.com\/es\/nyc\/abogados-de-accidentes-por-no-ceder-el-paso\/\">Accidentes por falta de rendimiento<\/a><\/li>\n<li><a href=\"https:\/\/oreskylaw.com\/es\/nyc\/abogados-de-accidentes-por-conduccion-distraida\/\">Accidentes por conducci\u00f3n distra\u00ed<\/a><\/li>\n<\/ul>\n<\/div>\n<p><a class=\"btn btn--secondary\" href=\"https:\/\/oreskylaw.com\/es\/nyc\/abogados-de-accidentes-de-auto\/\">Todos los servicios de accidentes automovil\u00edsticos<\/a><\/p>\n<p>A veces, un conductor comercial causa un accidente. Cuando esto ocurre, nuestros abogados de lesiones personales en Westchester construyen un caso contra la empresa de camiones u otra corporaci\u00f3n que emplea al conductor profesional. Sabemos c\u00f3mo navegar estos casos complejos, para que no tenga que hacerlo.<\/p>\n<h3>Negligencia M\u00e9dica<\/h3>\n<p>Cuando un proveedor de atenci\u00f3n m\u00e9dica act\u00faa negligentemente o no proporciona un est\u00e1ndar de atenci\u00f3n apropiado, puede causar da\u00f1os graves y duraderos. Nuestros abogados de lesiones personales representan a individuos que fueron diagnosticados err\u00f3neamente y requieren atenci\u00f3n m\u00e9dica adicional como resultado, sufrieron discapacidades duraderas o fallecieron debido a la negligencia del profesional.<\/p>\n<p>Navegar por el proceso necesario para responsabilizar a un proveedor de atenci\u00f3n m\u00e9dica por negligencia m\u00e9dica es dif\u00edcil. Nuestros abogados de Westchester comprenden los pasos necesarios, los plazos y otros detalles.<\/p>\n<h3>Otros Casos<\/h3>\n<p>Casi cualquier circunstancia en la que la negligencia o imprudencia de una parte caus\u00f3 que otra persona sufriera da\u00f1os f\u00edsicos, emocionales y financieros respaldar\u00e1 un caso de lesiones personales. Si cree que puede tener un caso viable en el Condado de Westchester, NY, comun\u00edquese con nuestro equipo para una evaluaci\u00f3n gratuita del caso. Podemos proporcionarle informaci\u00f3n sobre sus derechos, opciones legales y pr\u00f3ximos pasos.<\/p>\n<h2>Lesiones Comunes que Nuestros Abogados de Lesiones Personales Ven en Accidentes en el Condado de Westchester<\/h2>\n<p>Nuestros abogados de lesiones personales en Westchester saben c\u00f3mo manejar incluso los casos m\u00e1s complejos, incluidos aquellos que involucran lesiones catastr\u00f3ficas y discapacidades permanentes. Nuestros clientes han sufrido una amplia gama de lesiones, desde relativamente menores hasta muy graves. Algunos de nuestros casos m\u00e1s dif\u00edciles, pero gratificantes, involucran a personas lesionadas que requerir\u00e1n atenci\u00f3n y apoyo continuos durante a\u00f1os. Debemos identificar sus necesidades, estimar los costos futuros y buscar una compensaci\u00f3n justa para ellos. Esto ocurre a menudo en lesiones catastr\u00f3ficas como:<\/p>\n<div class=\"row\">\n<ul class=\"col-xl-6\">\n<li><a href=\"https:\/\/oreskylaw.com\/es\/lesion\/abogados-de-lesiones-cerebrales\/\">Lesiones craneales y cerebrales traum\u00e1ticas<\/a><\/li>\n<li>Lesiones en el cuello y latigazo cervical<\/li>\n<li>Lesiones oculares<\/li>\n<li><a href=\"https:\/\/oreskylaw.com\/es\/lesion\/abogados-de-lesiones-de-la-medula-espinal\/\">Lesiones de la m\u00e9dula espinal<\/a><\/li>\n<li>Lesiones tor\u00e1cicas<\/li>\n<\/ul>\n<ul class=\"col-xl-6\">\n<li>Lesiones internas<\/li>\n<li><a href=\"https:\/\/oreskylaw.com\/es\/lesion\/abogados-de-lesiones-huesos-rotos\/\">Huesos rotos<\/a><\/li>\n<li>Quemaduras<\/li>\n<li><a href=\"https:\/\/oreskylaw.com\/es\/lesion\/abogados-de-lesiones-por-amputacion\/\">Amputaciones<\/a><\/li>\n<li>Otros\u00a0<a href=\"https:\/\/oreskylaw.com\/es\/lesion\/\">lesiones catastr\u00f3ficas<\/a><\/li>\n<\/ul>\n<\/div>\n<p>Nuestros clientes a menudo reciben atenci\u00f3n que salva vidas, cirug\u00eda, rehabilitaci\u00f3n y otros servicios. El Centro M\u00e9dico de Westchester en Valhalla es el \u00fanico centro de trauma de Nivel I en el Valle de Hudson, seg\u00fan el<a href=\"https:\/\/www.health.ny.gov\/professionals\/ems\/state_trauma\/trauma2.htm\" target=\"_blank\" rel=\"nofollow noopener noreferrer\">\u00a0Departamento de Salud del Estado de Nueva York.<\/a><\/p>\n<p>Nuestros abogados de lesiones personales est\u00e1n familiarizados con esta instalaci\u00f3n y representan regularmente a clientes que a\u00fan reciben tratamiento all\u00ed. Conocemos los pasos necesarios para obtener registros m\u00e9dicos relevantes y otros documentos utilizados para mostrar el tipo y la gravedad de sus lesiones y el tratamiento que recibi\u00f3.<\/p>\n<h2>\u00bfQu\u00e9 Da\u00f1os Puede Ayudarme a Recuperar un Abogado de Lesiones Personales en Westchester?<\/h2>\n<p>Los da\u00f1os que nuestros abogados de lesiones personales persiguen para los clientes dependen de las lesiones, gastos y p\u00e9rdidas \u00fanicas del individuo. Debemos documentar sus da\u00f1os recuperables y buscar un pago apropiado basado en ellos, generalmente a trav\u00e9s de negociaciones o litigios.<\/p>\n<p>Algunos da\u00f1os recuperables comunes en un caso de lesiones personales en Westchester incluyen:<\/p>\n<div class=\"row\">\n<ul class=\"col-xl-6\">\n<li>Costos de atenci\u00f3n m\u00e9dica, pasados y futuros<\/li>\n<li>P\u00e9rdidas de ingresos<\/li>\n<li>Capacidad de ganancias disminuida si hay lesiones duraderas<\/li>\n<li>Dolor y sufrimiento pasado causado por lesiones<\/li>\n<\/ul>\n<ul class=\"col-xl-6\">\n<li>Dolor y sufrimiento futuro causado por lesiones<\/li>\n<li>Da\u00f1o a la propiedad personal<\/li>\n<li>Gastos relacionados con recibos<\/li>\n<li>Beneficios sindicales perdidos<\/li>\n<\/ul>\n<\/div>\n<p>Puedes tambi\u00e9n buscar da\u00f1os por muerte injusta si perdiste a alguien que amabas en un accidente fatal.<\/p>\n<img loading=\"lazy\" decoding=\"async\" class=\"aligncenter wp-image-11408 size-full\" src=\"https:\/\/oreskylaw.com\/wp-content\/uploads\/2026\/01\/bronx-construction-site-accident-attorney.webp\" alt=\"bronx construction site accident attorney\" width=\"746\" height=\"420\" srcset=\"https:\/\/oreskylaw.com\/wp-content\/uploads\/2026\/01\/bronx-construction-site-accident-attorney.webp 746w, https:\/\/oreskylaw.com\/wp-content\/uploads\/2026\/01\/bronx-construction-site-accident-attorney-300x169.webp 300w\" sizes=\"auto, (max-width: 746px) 100vw, 746px\" \/>\n<h2>\u00bfC\u00f3mo Puede Ayudarme un Abogado de Lesiones Personales en Westchester?<\/h2>\n<p>En Oresky &amp; Associates, PLLC, nuestros abogados de lesiones personales en Westchester pueden asegurarse de que tengas a alguien con experiencia y conocimiento de tu lado durante todo el proceso de reclamaci\u00f3n. No tienes que luchar por la justicia solo. Cuando contratas a nuestro equipo, puedes contar con nosotros para:<\/p>\n<h3>Evaluar tu caso honestamente<\/h3>\n<p>Revisaremos los hechos de tu caso y te explicaremos tus opciones basadas en nuestra experiencia con casos similares y nuestro conocimiento de las leyes aplicables.<\/p>\n<h3>Proteger tu derecho a una compensaci\u00f3n justa<\/h3>\n<p>Desde el d\u00eda que nos contrates, nuestro equipo gestionar\u00e1 todos los aspectos de tu caso y proteger\u00e1 tu derecho a buscar y recuperar el dinero que necesitas.<\/p>\n<h3>Proporcionar consejos y orientaci\u00f3n con conocimiento<\/h3>\n<p>Te beneficiar\u00e1s de nuestro conocimiento y experiencia durante todo este proceso. Responderemos tus preguntas y abordaremos cualquier preocupaci\u00f3n.<\/p>\n<h3>Construir un caso convincente<\/h3>\n<p>Investigamos cada caso que manejamos, recopilando apoyo para tu reclamo y un pago justo.<\/p>\n<h3>Negociar<\/h3>\n<p>A menudo cerramos estos casos negociando un acuerdo de liquidaci\u00f3n justo con una compa\u00f1\u00eda de seguros y recuperando compensaci\u00f3n para nuestros clientes.<\/p>\n<h3>Litigar, si es necesario<\/h3>\n<p>A veces, debemos llevar una demanda por lesiones personales a juicio. Nuestros abogados est\u00e1n listos para dar este paso cuando sea necesario para asegurar una compensaci\u00f3n justa en tu caso.<\/p>\n    <div class=\"cw-cta-box\">\n        <div class=\"cw-cta-box__inner \">\n            <div class=\"cw-cta-box__info\">\n                                    <div class=\"label\">\u00a1Llame ahora!<\/div>\n                            <\/div>\n                            <div class=\"contact-phone\">\n                    <a href=\"tel:7189939999\"\n                        aria-label=\"Tap to call button\">\n                        718-993-9999                    <\/a>\n                <\/div>\n                    <\/div>\n                    <a href=\"\/es\/contacto\/\"\n               class=\"cta-btn btn btn--primary btn\"\n               target=\"\">\n                Obtenga Una Consulta Gratuita            <\/a>\n            <\/div>\n    \n<h2>\u00bfQui\u00e9n Puede Ser Responsable por Mi Accidente de Lesiones Personales en Westchester?<\/h2>\n<p>Nuestros abogados de lesiones personales investigan cada caso para identificar las partes potencialmente responsables. Luego, continuamos recopilando evidencia para apoyar nuestro caso contra ellas. La parte responsable en tu caso depender\u00e1 del tipo de lesi\u00f3n, accidente y circunstancias. Ejemplos podr\u00edan incluir:<\/p>\n<ul>\n<li>El propietario del sitio en un accidente de construcci\u00f3n<\/li>\n<li>El conductor culpable en un accidente automovil\u00edstico<\/li>\n<li>Una empresa de camiones en una colisi\u00f3n de camiones<\/li>\n<li>El due\u00f1o de un perro en un caso de mordedura de perro<\/li>\n<li>Un propietario u ocupante de una propiedad en una lesi\u00f3n por resbal\u00f3n y ca\u00edda<\/li>\n<\/ul>\n<p>Para responsabilizar a una parte, generalmente necesitamos demostrar que actuaron negligentemente. Esto requiere que mostremos:<\/p>\n<ul>\n<li>Te deb\u00edan un deber de cuidado<\/li>\n<li>Incumplieron con este deber<\/li>\n<li>Su incumplimiento caus\u00f3 tu accidente o incidente<\/li>\n<li>Sufriste lesiones f\u00edsicas y\/o da\u00f1os financieros<\/li>\n<\/ul>\n<p>Con evidencia para demostrar estos cuatro elementos, podemos responsabilizar a la parte culpable y recuperar compensaci\u00f3n para ti.<\/p>\n<h2>\u00bfCu\u00e1nto Cuesta un Abogado de Lesiones Personales del Condado de Westchester?<\/h2>\n<p>Los abogados de Oresky &amp; Associates, PLLC, al igual que muchas otras firmas de lesiones personales, trabajan basados en contingencia. No cobramos tarifas por nuestros servicios ni te facturamos el costo de gestionar tu caso. En cambio, usamos los recursos de la firma para cubrir estos gastos. S\u00f3lo recibir\u00e1s una factura despu\u00e9s de que cerremos tu caso y ganemos. Nuestras tarifas son un porcentaje del dinero total que recuperamos para ti en tu caso.<\/p>\n<h2>\u00bfCu\u00e1nto Tiempo Tengo para Contratar a un Abogado de Lesiones Personales y Presentar una Reclamaci\u00f3n en Westchester?<\/h2>\n<p>Nueva York tiene un estatuto de limitaciones de tres a\u00f1os para la mayor\u00eda de los casos de lesiones personales. Sin embargo, no debes esperar hasta que se acerque este plazo para comenzar a trabajar en tu caso. En su lugar, contacta a nuestro equipo tan pronto como tus lesiones lo permitan. Esto asegura que podamos proteger tus derechos, gestionar tu caso y asegurar evidencia sensible al tiempo r\u00e1pidamente.<\/p>\n<h2>\u00bfPuede Mi Abogado de Lesiones Personales Presentar una Demanda si Yo Fui Parcialmente Responsable por Mi Accidente en Westchester?<\/h2>\n<p>Bajo\u00a0<a href=\"https:\/\/law.justia.com\/codes\/new-york\/2022\/cvp\/article-14-a\/1411\/\" target=\"_blank\" rel=\"nofollow noopener noreferrer\">N.Y. C.P.L.R. \u00a7 1411<\/a>, el Estado de Nueva York tiene un sistema de culpa comparativa pura. Esta ley significa que cualquier persona involucrada en un accidente o incidente puede buscar y recuperar una compensaci\u00f3n justa incluso si tienes parte de culpa. Sin embargo, el porcentaje de culpa asignado a ti por tu accidente en Westchester reducir\u00e1 el dinero que puedes recuperar a trav\u00e9s de una reclamaci\u00f3n o demanda.<\/p>\n","protected":false},"excerpt":{"rendered":"<p>Abogados de Lesiones Personales de Confianza en el Condado de Westchester Cuando sufre lesiones causadas por el comportamiento descuidado o imprudente de otra parte, puede responsabilizarlos y recuperar compensaci\u00f3n por sus da\u00f1os relacionados. Trabajar con una firma de abogados de lesiones personales experimentada le brinda recursos y habilidades que probablemente no tenga por su cuenta. [&hellip;]<\/p>\n","protected":false},"author":9,"featured_media":0,"parent":0,"menu_order":153,"comment_status":"closed","ping_status":"closed","template":"","meta":{"_acf_changed":false,"footnotes":""},"class_list":["post-19910","page","type-page","status-publish","hentry"],"acf":[],"yoast_head":"<!-- This site is optimized with the Yoast SEO plugin v27.3 - https:\/\/yoast.com\/product\/yoast-seo-wordpress\/ -->\n<title>Abogados de Lesiones Personales en el Condado de Westchester - Oresky &amp; Associates, PLLC<\/title>\n<meta name=\"description\" content=\"Si sufre lesiones en el Condado de Westchester causadas por la negligencia de otra persona, nuestros abogados pueden ayudarlo a obtener justicia. Consulta gratuita.\" \/>\n<meta name=\"robots\" content=\"index, follow, max-snippet:-1, max-image-preview:large, max-video-preview:-1\" \/>\n<link rel=\"canonical\" href=\"https:\/\/oreskylaw.com\/es\/westchester\/\" \/>\n<meta property=\"og:locale\" content=\"es_ES\" \/>\n<meta property=\"og:type\" content=\"article\" \/>\n<meta property=\"og:title\" content=\"Abogados de Lesiones Personales en el Condado de Westchester - Oresky &amp; Associates, PLLC\" \/>\n<meta property=\"og:description\" content=\"Si sufre lesiones en el Condado de Westchester causadas por la negligencia de otra persona, nuestros abogados pueden ayudarlo a obtener justicia. Consulta gratuita.\" \/>\n<meta property=\"og:url\" content=\"https:\/\/oreskylaw.com\/es\/westchester\/\" \/>\n<meta property=\"og:site_name\" content=\"Oresky &amp; Associates, PLLC\" \/>\n<meta property=\"article:publisher\" content=\"https:\/\/www.facebook.com\/Oreskylaw\/\" \/>\n<meta property=\"article:modified_time\" content=\"2026-01-27T20:13:19+00:00\" \/>\n<meta property=\"og:image\" content=\"https:\/\/oreskylaw.com\/wp-content\/uploads\/2026\/01\/bronx-construction-site-accident-attorney.webp\" \/>\n\t<meta property=\"og:image:width\" content=\"746\" \/>\n\t<meta property=\"og:image:height\" content=\"420\" \/>\n\t<meta property=\"og:image:type\" content=\"image\/webp\" \/>\n<meta name=\"twitter:card\" content=\"summary_large_image\" \/>\n<meta name=\"twitter:site\" content=\"@JacobOreskyLaw\" \/>\n<meta name=\"twitter:label1\" content=\"Tiempo de lectura\" \/>\n\t<meta name=\"twitter:data1\" content=\"8 minutos\" \/>\n<!-- \/ Yoast SEO plugin. -->","yoast_head_json":{"title":"Abogados de Lesiones Personales en el Condado de Westchester - Oresky & Associates, PLLC","description":"Si sufre lesiones en el Condado de Westchester causadas por la negligencia de otra persona, nuestros abogados pueden ayudarlo a obtener justicia. Consulta gratuita.","robots":{"index":"index","follow":"follow","max-snippet":"max-snippet:-1","max-image-preview":"max-image-preview:large","max-video-preview":"max-video-preview:-1"},"canonical":"https:\/\/oreskylaw.com\/es\/westchester\/","og_locale":"es_ES","og_type":"article","og_title":"Abogados de Lesiones Personales en el Condado de Westchester - Oresky & Associates, PLLC","og_description":"Si sufre lesiones en el Condado de Westchester causadas por la negligencia de otra persona, nuestros abogados pueden ayudarlo a obtener justicia. Consulta gratuita.","og_url":"https:\/\/oreskylaw.com\/es\/westchester\/","og_site_name":"Oresky &amp; Associates, PLLC","article_publisher":"https:\/\/www.facebook.com\/Oreskylaw\/","article_modified_time":"2026-01-27T20:13:19+00:00","og_image":[{"width":746,"height":420,"url":"https:\/\/oreskylaw.com\/wp-content\/uploads\/2026\/01\/bronx-construction-site-accident-attorney.webp","type":"image\/webp"}],"twitter_card":"summary_large_image","twitter_site":"@JacobOreskyLaw","twitter_misc":{"Tiempo de lectura":"8 minutos"},"schema":{"@context":"https:\/\/schema.org","@graph":[{"@type":"WebPage","@id":"https:\/\/oreskylaw.com\/es\/westchester\/","url":"https:\/\/oreskylaw.com\/es\/westchester\/","name":"Abogados de Lesiones Personales en el Condado de Westchester - Oresky & Associates, PLLC","isPartOf":{"@id":"https:\/\/oreskylaw.com\/es\/#website"},"primaryImageOfPage":{"@id":"https:\/\/oreskylaw.com\/es\/westchester\/#primaryimage"},"image":{"@id":"https:\/\/oreskylaw.com\/es\/westchester\/#primaryimage"},"thumbnailUrl":"https:\/\/oreskylaw.com\/wp-content\/uploads\/2026\/01\/bronx-construction-site-accident-attorney.webp","datePublished":"2025-12-10T06:05:15+00:00","dateModified":"2026-01-27T20:13:19+00:00","description":"Si sufre lesiones en el Condado de Westchester causadas por la negligencia de otra persona, nuestros abogados pueden ayudarlo a obtener justicia. Consulta gratuita.","breadcrumb":{"@id":"https:\/\/oreskylaw.com\/es\/westchester\/#breadcrumb"},"inLanguage":"es","potentialAction":[{"@type":"ReadAction","target":["https:\/\/oreskylaw.com\/es\/westchester\/"]}]},{"@type":"ImageObject","inLanguage":"es","@id":"https:\/\/oreskylaw.com\/es\/westchester\/#primaryimage","url":"https:\/\/oreskylaw.com\/wp-content\/uploads\/2026\/01\/bronx-construction-site-accident-attorney.webp","contentUrl":"https:\/\/oreskylaw.com\/wp-content\/uploads\/2026\/01\/bronx-construction-site-accident-attorney.webp"},{"@type":"BreadcrumbList","@id":"https:\/\/oreskylaw.com\/es\/westchester\/#breadcrumb","itemListElement":[{"@type":"ListItem","position":1,"name":"Inicio","item":"https:\/\/oreskylaw.com\/es\/"},{"@type":"ListItem","position":2,"name":"Abogado de lesiones personales en Westchester"}]},{"@type":"WebSite","@id":"https:\/\/oreskylaw.com\/es\/#website","url":"https:\/\/oreskylaw.com\/es\/","name":"Oresky & Associates PLLC","description":"","publisher":{"@id":"https:\/\/oreskylaw.com\/es\/#organization"},"potentialAction":[{"@type":"SearchAction","target":{"@type":"EntryPoint","urlTemplate":"https:\/\/oreskylaw.com\/es\/?s={search_term_string}"},"query-input":{"@type":"PropertyValueSpecification","valueRequired":true,"valueName":"search_term_string"}}],"inLanguage":"es"}]}},"_links":{"self":[{"href":"https:\/\/oreskylaw.com\/es\/wp-json\/wp\/v2\/pages\/19910","targetHints":{"allow":["GET"]}}],"collection":[{"href":"https:\/\/oreskylaw.com\/es\/wp-json\/wp\/v2\/pages"}],"about":[{"href":"https:\/\/oreskylaw.com\/es\/wp-json\/wp\/v2\/types\/page"}],"author":[{"embeddable":true,"href":"https:\/\/oreskylaw.com\/es\/wp-json\/wp\/v2\/users\/9"}],"replies":[{"embeddable":true,"href":"https:\/\/oreskylaw.com\/es\/wp-json\/wp\/v2\/comments?post=19910"}],"version-history":[{"count":0,"href":"https:\/\/oreskylaw.com\/es\/wp-json\/wp\/v2\/pages\/19910\/revisions"}],"wp:attachment":[{"href":"https:\/\/oreskylaw.com\/es\/wp-json\/wp\/v2\/media?parent=19910"}],"curies":[{"name":"wp","href":"https:\/\/api.w.org\/{rel}","templated":true}]}}