{"id":19925,"date":"2025-12-10T06:05:42","date_gmt":"2025-12-10T06:05:42","guid":{"rendered":"https:\/\/oreskylaw.com\/?page_id=19925"},"modified":"2026-01-26T14:44:39","modified_gmt":"2026-01-26T14:44:39","slug":"abogados-de-accidentes-de-auto","status":"publish","type":"page","link":"https:\/\/oreskylaw.com\/es\/westchester\/abogados-de-accidentes-de-auto\/","title":{"rendered":"Abogado de Accidentes de Auto"},"content":{"rendered":"<h2>Abogados de Accidentes de Auto en Westchester de Confianza<\/h2>\n<p>\u00bfUsted o un ser querido result\u00f3 herido en un accidente automovil\u00edstico? Podr\u00eda tener derecho a una compensaci\u00f3n por sus p\u00e9rdidas f\u00edsicas, financieras y emocionales. Los abogados de accidentes de auto del condado de Westchester en Oresky &amp; Associates, PLLC le explicar\u00e1n sus derechos y c\u00f3mo abogaremos por usted.<\/p>\n<p>Nuestro equipo legal ofrece consultas gratuitas a todos los que llamen a nuestra firma al\u00a0<strong>(929) 305-0949<\/strong>. Podemos asistirle en ingl\u00e9s o espa\u00f1ol, y tratamos todo lo que nos diga como estrictamente confidencial. Comun\u00edquese hoy con nuestros\u00a0<a href=\"https:\/\/oreskylaw.com\/es\/westchester-personal-injury-lawyers.html\">abogados de lesiones personales en Westchester<\/a>\u00a0para conocer m\u00e1s sobre sus opciones legales.<\/p>\n<h2>\u00bfC\u00f3mo Puede Ayudarme Oresky &amp; Associates, PLLC Despu\u00e9s de un Accidente de Auto en Westchester?<\/h2>\n<p>El sistema legal suele ser complejo y llevar mucho tiempo. Permita que nuestros abogados de accidentes de auto en Westchester, NY, le gu\u00eden a trav\u00e9s del proceso manejando cada tarea legal relacionada con su caso. Esto a menudo incluye, pero no se limita a:<\/p>\n<ul>\n<li>Investigar la causa del accidente en Westchester y recopilar suficiente evidencia para demostrar que el otro conductor es responsable.<\/li>\n<li>Documentar sus p\u00e9rdidas para demostrarle a la compa\u00f1\u00eda de seguros del conductor culpable que usted no se habr\u00eda lesionado de no ser por la negligencia de su cliente.<\/li>\n<li>Comunicarse con otras partes involucradas, incluyendo la presentaci\u00f3n de documentos y responder a las solicitudes de informaci\u00f3n del asegurador.<\/li>\n<li>Buscar compensaci\u00f3n negociando un acuerdo y\/o represent\u00e1ndolo en un juicio.<\/li>\n<li>Revisar todas las ofertas de acuerdo con usted antes de que firme cualquier documento.<\/li>\n<\/ul>\n<p>Nuestro equipo legal tambi\u00e9n lo apoyar\u00e1 a lo largo de su caso mediante:<\/p>\n<ul>\n<li>Brindarle asesoramiento honesto y f\u00e1cil de entender<\/li>\n<li>Responder r\u00e1pidamente a todas sus preguntas y comentarios<\/li>\n<li>Mantenerlo actualizado regularmente a medida que su caso avanza en el sistema<\/li>\n<\/ul>\n<h2>Tipos de Accidentes de Auto con los que Podemos Ayudar<\/h2>\n<p>El equipo de Oresky &amp; Associates, PLLC, incluye representantes legales capaces y dispuestos a asistir en casos de lesiones por accidentes de auto de todo tipo:<\/p>\n<ul role=\"list\">\n<li><strong>Abogados de accidentes de auto con conductores de otro estado en Westchester:<\/strong>\u00a0\u00bfUn conductor de otro estado caus\u00f3 su colisi\u00f3n? Encontrar a ese conductor y tratar con su aseguradora puede ser m\u00e1s complejo que en otros casos. Nos encargaremos de su reclamaci\u00f3n sin importar los obst\u00e1culos que surjan.<\/li>\n<li><strong>Abogados de accidentes de Uber\/Lyft en Westchester:<\/strong>\u00a0Identificaremos qui\u00e9n es responsable y qu\u00e9 aseguradora debe cubrir sus da\u00f1os, incluso si esto significa tratar con una gran empresa de transporte compartido.<\/li>\n<li><strong>Abogados de accidentes por no ceder el paso en Westchester:<\/strong>\u00a0\u00bfFue impactado por un conductor que no cedi\u00f3 el derecho de paso en una se\u00f1al de alto o de ceder el paso? Nuestro equipo legal sabe c\u00f3mo manejar estos casos.<\/li>\n<li><strong>Abogados de accidentes frontales en Westchester:<\/strong>\u00a0Una colisi\u00f3n frontal puede ocurrir cuando un conductor no gira de manera segura o se mueve al carril equivocado. Estos accidentes pueden ser aterradores y destructivos. Nuestra firma proteger\u00e1 sus derechos.<\/li>\n<li><strong>Abogados de muerte injusta en Westchester:<\/strong>\u00a0Si su ser querido falleci\u00f3 en un accidente de tr\u00e1fico, lucharemos por la justicia y la compensaci\u00f3n financiera que su familia necesita para reconstruir sus vidas.<\/li>\n<\/ul>\n<h2>\u00bfQu\u00e9 Causa la Mayor\u00eda de los Accidentes de Auto en Westchester, Nueva York?<\/h2>\n<p>Los accidentes de auto ocurren de diversas maneras, pero demasiados son causados por conductores negligentes que no prestan atenci\u00f3n ni siguen la ley. Si el conductor negligente estaba trabajando en ese momento, su empleador tambi\u00e9n podr\u00eda ser responsable.<\/p>\n<p>Nuestros abogados de accidentes de auto en Westchester buscan da\u00f1os para clientes lesionados debido a actos negligentes como:<\/p>\n<h3>Enviar Mensajes de Texto Mientras se Conduce<\/h3>\n<p>Seg\u00fan el\u00a0<a href=\"https:\/\/dmv.ny.gov\/points-and-penalties\/cell-phone-use-and-texting\" target=\"_blank\" rel=\"nofollow noopener noreferrer\">Departamento de Veh\u00edculos Motorizados (DMV) del Estado de Nueva York<\/a>, es ilegal usar un dispositivo electr\u00f3nico de mano mientras se conduce por cualquier motivo, excepto para contactar a los servicios de emergencia. Enviar mensajes de texto desv\u00eda la mirada del conductor de la carretera, lo que hace que sea f\u00e1cil que no vea autos que se acercan o que se desv\u00ede de su carril.<\/p>\n<h3>Conducci\u00f3n Distra\u00edda<\/h3>\n<p>Los tel\u00e9fonos celulares no son la \u00fanica distracci\u00f3n que podr\u00eda desviar la atenci\u00f3n de un conductor el tiempo suficiente para causar un accidente. Otros dispositivos electr\u00f3nicos, equipos incorporados en el veh\u00edculo, pasajeros, animales y comida o bebida pueden impedir que un conductor se mantenga alerta y conduzca de manera segura.<\/p>\n<h3>Exceso de Velocidad<\/h3>\n<p>Un abogado de accidentes automovil\u00edsticos en Westchester de nuestro bufete buscar\u00e1 compensaci\u00f3n si el conductor responsable exced\u00eda el l\u00edmite de velocidad o conduc\u00eda demasiado r\u00e1pido para las condiciones (por ejemplo, si se neg\u00f3 a reducir la velocidad en una curva peligrosa o en una calle helada).<\/p>\n<h3>Conducci\u00f3n en Estado de Ebriedad<\/h3>\n<p>El\u00a0<a href=\"https:\/\/www.nysenate.gov\/legislation\/laws\/VAT\/1192\" target=\"_blank\" rel=\"nofollow noopener noreferrer\">art\u00edculo 1192 del VAT<\/a>\u00a0establece que \u00abninguna persona deber\u00e1 operar un veh\u00edculo motorizado\u00bb si el alcohol y\/o las drogas han comprometido su capacidad para conducir de manera segura. Incluso una peque\u00f1a cantidad de estas sustancias puede afectar la forma en que los conductores reaccionan ante el peligro, poniendo en riesgo a otros usuarios de la v\u00eda.<\/p>\n<h3>Conducci\u00f3n Agresiva (Tailgating)<\/h3>\n<p>El \u00abtailgating\u00bb es un ejemplo de conducci\u00f3n agresiva que implica seguir a otro veh\u00edculo demasiado de cerca. Si el auto de adelante se detiene o reduce la velocidad, el auto de atr\u00e1s no tendr\u00e1 espacio para maniobrar y podr\u00eda chocar por detr\u00e1s. Nuestros abogados de accidentes automovil\u00edsticos por colisiones traseras en Westchester le ayudar\u00e1n si esto le ocurri\u00f3.<\/p>\n<h3>Zigzagueo y Cambios de Carril R\u00e1pidos<\/h3>\n<p>La \u00fanica forma segura de cambiar de carril es se\u00f1alar la intenci\u00f3n y verificar que el camino est\u00e9 libre antes de moverse. Si un conductor cambia de carril demasiado r\u00e1pido, de manera err\u00e1tica o impredecible, los dem\u00e1s conductores no pueden reaccionar a tiempo.<\/p>\n<h3>Conducci\u00f3n Somnolienta<\/h3>\n<p>El agotamiento dificulta la concentraci\u00f3n en la carretera y la capacidad de reaccionar ante cambios en las condiciones. Algunos conductores cansados incluso comienzan a quedarse dormidos al volante, lo que puede hacer que se desv\u00eden de su carril. Se debe tener precauci\u00f3n adicional en viajes largos o al conducir de noche.<\/p>\n<h2>Lesiones Comunes en V\u00edctimas de Accidentes Automovil\u00edsticos en Westchester<\/h2>\n<p>El tipo y la gravedad de sus lesiones depender\u00e1n de muchos factores espec\u00edficos de su situaci\u00f3n. Nuestros abogados de accidentes automovil\u00edsticos en el condado de Westchester tienen experiencia en casos de lesiones complejas y catastr\u00f3ficas. Mientras usted se enfoca en recibir atenci\u00f3n m\u00e9dica, nosotros lucharemos por obtener compensaci\u00f3n por:<\/p>\n<ul>\n<li><strong>Lesiones cerebrales traum\u00e1ticas:\u00a0<\/strong>Un golpe en la cabeza podr\u00eda afectar temporal o permanentemente la forma en que piensa, se comporta y controla su cuerpo.<\/li>\n<li><strong>Huesos rotos:<\/strong>\u00a0Nuestros abogados de fracturas por accidentes automovil\u00edsticos en Westchester demostrar\u00e1n que el accidente caus\u00f3 su lesi\u00f3n y el impacto negativo que ha tenido en su vida.<\/li>\n<li><strong>Amputaciones:\u00a0<\/strong>Perder un dedo o una extremidad puede requerir cambios radicales en su estilo de vida y traer s\u00edntomas f\u00edsicos y traumas mentales debilitantes.<\/li>\n<li><strong>Lesiones de espalda:<\/strong>\u00a0Pueden incluir da\u00f1os en los m\u00fasculos, huesos o la m\u00e9dula espinal. Los casos m\u00e1s graves pueden causar par\u00e1lisis. Un abogado de lesiones de espalda por accidente automovil\u00edstico en Westchester de nuestro bufete buscar\u00e1 compensaci\u00f3n por usted.<\/li>\n<\/ul>\n<p>Le ayudaremos a documentar todas sus lesiones para que pueda recuperar el dinero que le corresponde.<\/p>\n<h2>\u00bfCu\u00e1nto Vale Mi Caso de Accidente de Auto en Westchester?<\/h2>\n<p>Tiene derecho a compensaci\u00f3n por todas las p\u00e9rdidas pasadas, presentes y futuras relacionadas con el accidente. La cantidad de compensaci\u00f3n depender\u00e1 de:<\/p>\n<ul>\n<li>La gravedad de sus lesiones<\/li>\n<li>Los tipos de lesiones y p\u00e9rdidas que haya sufrido<\/li>\n<li>Los gastos generados por el accidente<\/li>\n<li>El impacto en su capacidad laboral y actividades diarias<\/li>\n<\/ul>\n<p>No hay una cantidad est\u00e1ndar o \u00abpromedio\u00bb de acuerdo por accidente de auto que deba buscar. En su lugar, nuestros abogados de accidentes de auto en Westchester analizar\u00e1n su situaci\u00f3n y luchar\u00e1n por los tipos y la cantidad de da\u00f1os a los que tiene derecho.<\/p>\n    <div class=\"cw-cta-box\">\n        <div class=\"cw-cta-box__inner \">\n            <div class=\"cw-cta-box__info\">\n                                    <div class=\"label\">\u00a1Llame ahora!<\/div>\n                            <\/div>\n                            <div class=\"contact-phone\">\n                    <a href=\"tel:7189939999\"\n                        aria-label=\"Tap to call button\">\n                        718-993-9999                    <\/a>\n                <\/div>\n                    <\/div>\n                    <a href=\"\/es\/contacto\/\"\n               class=\"cta-btn btn btn--primary btn\"\n               target=\"\">\n                Obtenga Una Consulta Gratuita            <\/a>\n            <\/div>\n    \n<h2>Tipos de Da\u00f1os Disponibles para V\u00edctimas de Accidentes de Auto<\/h2>\n<p>Oresky &amp; Associates, PLLC est\u00e1 preparado para buscar los siguientes tipos de da\u00f1os para nuestros clientes:<\/p>\n<h3>Da\u00f1os Econ\u00f3micos<\/h3>\n<p>Los da\u00f1os econ\u00f3micos son las p\u00e9rdidas financieras causadas por el accidente de tr\u00e1fico. Frecuentemente incluyen:<\/p>\n<ul>\n<li>Gastos m\u00e9dicos pasados y futuros<\/li>\n<li>P\u00e9rdida de ingresos<\/li>\n<li>P\u00e9rdida de beneficios laborales, incluidos beneficios sindicales, planes de pensi\u00f3n y seguro de salud<\/li>\n<li>P\u00e9rdida de capacidad de ganancia<\/li>\n<li>Da\u00f1os a la propiedad, especialmente da\u00f1os a su autom\u00f3vil<\/li>\n<li>Gastos de bolsillo<\/li>\n<\/ul>\n<h3>Da\u00f1os No Econ\u00f3micos<\/h3>\n<p>Su dolor f\u00edsico y estr\u00e9s mental se clasifican como da\u00f1os no econ\u00f3micos. Nuestros abogados de accidentes automovil\u00edsticos en Westchester, NY, a menudo buscan compensaci\u00f3n por:<\/p>\n<ul>\n<li>Dolor y sufrimiento pasados y futuros<\/li>\n<li>P\u00e9rdida de consorcio<\/li>\n<li>Discapacidad<\/li>\n<li>Cicatrices y desfiguraci\u00f3n<\/li>\n<li>Reducci\u00f3n de la calidad de vida<\/li>\n<\/ul>\n<h3>Da\u00f1os por Muerte Injusta<\/h3>\n<p>Si su ser querido no sobrevivi\u00f3 a la colisi\u00f3n, un abogado de accidentes automovil\u00edsticos en Westchester le ayudar\u00e1 a recuperar:<\/p>\n<ul>\n<li>Todos los da\u00f1os econ\u00f3micos asociados con su fallecimiento, incluidos gastos m\u00e9dicos, gastos funerarios y p\u00e9rdida de ingresos o apoyo financiero.<\/li>\n<li>El dolor y sufrimiento que experimentaron antes de su fallecimiento.<\/li>\n<\/ul>\n<h2>\u00bfPuedo Recuperar Da\u00f1os si Me Culpan por un Accidente Automovil\u00edstico en Nueva York?<\/h2>\n<p>En muchos casos, s\u00ed. La ley del Estado de Nueva York permite que las v\u00edctimas que comparten responsabilidad en un accidente a\u00fan reciban una cierta cantidad de compensaci\u00f3n, pero su porcentaje de culpa puede afectar la cantidad que reciba.<\/p>\n<p>Proteja su compensaci\u00f3n permitiendo que nuestro equipo legal fortalezca su caso y demuestre que las acciones del otro conductor son principalmente o totalmente responsables de sus p\u00e9rdidas.<\/p>\n<h2>\u00bfC\u00f3mo Demuestro Negligencia Despu\u00e9s de un Accidente Automovil\u00edstico en el Condado de Westchester?<\/h2>\n<p>Probar la negligencia requiere recopilar toda la evidencia disponible para demostrar que:<\/p>\n<ul>\n<li>El otro conductor ten\u00eda la responsabilidad legal de conducir con cuidado razonable.<\/li>\n<li>El otro conductor no cumpli\u00f3 con su responsabilidad legal.<\/li>\n<li>El comportamiento negligente llev\u00f3 a su colisi\u00f3n, lo que a su vez caus\u00f3 sus lesiones.<\/li>\n<\/ul>\n<p>Nuestros abogados de accidentes automovil\u00edsticos en el condado de Westchester, NY, pueden usar algunos o todos los siguientes tipos de evidencia para respaldar su reclamo o demanda por lesiones personales:<\/p>\n<ul>\n<li>Im\u00e1genes de video<\/li>\n<li>Fotograf\u00edas<\/li>\n<li>Declaraciones de testigos<\/li>\n<li>Testimonio de expertos<\/li>\n<li>Registros m\u00e9dicos<\/li>\n<li>Informes policiales<\/li>\n<li>Declaraciones hechas por el otro conductor sobre el accidente<\/li>\n<\/ul>\n<h2>\u00bfCu\u00e1nto Tiempo Tengo para Presentar una Demanda Despu\u00e9s de un Accidente Automovil\u00edstico en Nueva York?<\/h2>\n<p>Seg\u00fan\u00a0<a href=\"https:\/\/www.nysenate.gov\/legislation\/laws\/CVP\/214\" target=\"_blank\" rel=\"nofollow noopener noreferrer\">CPLR 214(4)<\/a>, tiene\u00a0<strong>tres a\u00f1os para demandar por una lesi\u00f3n personal<\/strong>.\u00a0<a href=\"https:\/\/www.nysenate.gov\/legislation\/laws\/EPT\/5-4.1\" target=\"_blank\" rel=\"nofollow noopener noreferrer\">EPTL 5-4.1<\/a>\u00a0le otorga\u00a0<strong>dos a\u00f1os para demandar por una muerte injusta<\/strong>. Sin embargo, sus circunstancias, incluido a qui\u00e9n debe demandar y por qu\u00e9, podr\u00edan resultar en plazos m\u00e1s cortos, por lo que es fundamental que act\u00fae r\u00e1pidamente despu\u00e9s de un accidente.<\/p>\n","protected":false},"excerpt":{"rendered":"<p>Abogados de Accidentes de Auto en Westchester de Confianza \u00bfUsted o un ser querido result\u00f3 herido en un accidente automovil\u00edstico? Podr\u00eda tener derecho a una compensaci\u00f3n por sus p\u00e9rdidas f\u00edsicas, financieras y emocionales. Los abogados de accidentes de auto del condado de Westchester en Oresky &amp; Associates, PLLC le explicar\u00e1n sus derechos y c\u00f3mo abogaremos [&hellip;]<\/p>\n","protected":false},"author":9,"featured_media":0,"parent":19910,"menu_order":2,"comment_status":"closed","ping_status":"closed","template":"","meta":{"_acf_changed":false,"footnotes":""},"class_list":["post-19925","page","type-page","status-publish","hentry"],"acf":[],"yoast_head":"<!-- This site is optimized with the Yoast SEO plugin v27.3 - https:\/\/yoast.com\/product\/yoast-seo-wordpress\/ -->\n<title>Abogados de accidentes automovil\u00edsticos del condado de Westchester - Oresky &amp; Associates, PLLC<\/title>\n<meta name=\"description\" content=\"\u00bfHerido en un accidente automovil\u00edstico? Nuestros abogados de accidentes automovil\u00edsticos del condado de Westchester se comprometen a garantizar la compensaci\u00f3n y la justicia que usted se merece. \u00a1P\u00f3ngase en contacto con nosotros ahora!\" \/>\n<meta name=\"robots\" content=\"index, follow, max-snippet:-1, max-image-preview:large, max-video-preview:-1\" \/>\n<link rel=\"canonical\" href=\"https:\/\/oreskylaw.com\/es\/westchester\/abogados-de-accidentes-de-auto\/\" \/>\n<meta property=\"og:locale\" content=\"es_ES\" \/>\n<meta property=\"og:type\" content=\"article\" \/>\n<meta property=\"og:title\" content=\"Abogados de accidentes automovil\u00edsticos del condado de Westchester - Oresky &amp; Associates, PLLC\" \/>\n<meta property=\"og:description\" content=\"\u00bfHerido en un accidente automovil\u00edstico? Nuestros abogados de accidentes automovil\u00edsticos del condado de Westchester se comprometen a garantizar la compensaci\u00f3n y la justicia que usted se merece. \u00a1P\u00f3ngase en contacto con nosotros ahora!\" \/>\n<meta property=\"og:url\" content=\"https:\/\/oreskylaw.com\/es\/westchester\/abogados-de-accidentes-de-auto\/\" \/>\n<meta property=\"og:site_name\" content=\"Oresky &amp; Associates, PLLC\" \/>\n<meta property=\"article:publisher\" content=\"https:\/\/www.facebook.com\/Oreskylaw\/\" \/>\n<meta property=\"article:modified_time\" content=\"2026-01-26T14:44:39+00:00\" \/>\n<meta property=\"og:image\" content=\"https:\/\/oreskylaw.com\/wp-content\/uploads\/2026\/01\/oresky-team-careers.png\" \/>\n\t<meta property=\"og:image:width\" content=\"995\" \/>\n\t<meta property=\"og:image:height\" content=\"617\" \/>\n\t<meta property=\"og:image:type\" content=\"image\/png\" \/>\n<meta name=\"twitter:card\" content=\"summary_large_image\" \/>\n<meta name=\"twitter:site\" content=\"@JacobOreskyLaw\" \/>\n<meta name=\"twitter:label1\" content=\"Tiempo de lectura\" \/>\n\t<meta name=\"twitter:data1\" content=\"8 minutos\" \/>\n<!-- \/ Yoast SEO plugin. -->","yoast_head_json":{"title":"Abogados de accidentes automovil\u00edsticos del condado de Westchester - Oresky & Associates, PLLC","description":"\u00bfHerido en un accidente automovil\u00edstico? Nuestros abogados de accidentes automovil\u00edsticos del condado de Westchester se comprometen a garantizar la compensaci\u00f3n y la justicia que usted se merece. \u00a1P\u00f3ngase en contacto con nosotros ahora!","robots":{"index":"index","follow":"follow","max-snippet":"max-snippet:-1","max-image-preview":"max-image-preview:large","max-video-preview":"max-video-preview:-1"},"canonical":"https:\/\/oreskylaw.com\/es\/westchester\/abogados-de-accidentes-de-auto\/","og_locale":"es_ES","og_type":"article","og_title":"Abogados de accidentes automovil\u00edsticos del condado de Westchester - Oresky & Associates, PLLC","og_description":"\u00bfHerido en un accidente automovil\u00edstico? Nuestros abogados de accidentes automovil\u00edsticos del condado de Westchester se comprometen a garantizar la compensaci\u00f3n y la justicia que usted se merece. \u00a1P\u00f3ngase en contacto con nosotros ahora!","og_url":"https:\/\/oreskylaw.com\/es\/westchester\/abogados-de-accidentes-de-auto\/","og_site_name":"Oresky &amp; Associates, PLLC","article_publisher":"https:\/\/www.facebook.com\/Oreskylaw\/","article_modified_time":"2026-01-26T14:44:39+00:00","og_image":[{"width":995,"height":617,"url":"https:\/\/oreskylaw.com\/wp-content\/uploads\/2026\/01\/oresky-team-careers.png","type":"image\/png"}],"twitter_card":"summary_large_image","twitter_site":"@JacobOreskyLaw","twitter_misc":{"Tiempo de lectura":"8 minutos"},"schema":{"@context":"https:\/\/schema.org","@graph":[{"@type":"WebPage","@id":"https:\/\/oreskylaw.com\/es\/westchester\/abogados-de-accidentes-de-auto\/","url":"https:\/\/oreskylaw.com\/es\/westchester\/abogados-de-accidentes-de-auto\/","name":"Abogados de accidentes automovil\u00edsticos del condado de Westchester - Oresky & Associates, PLLC","isPartOf":{"@id":"https:\/\/oreskylaw.com\/es\/#website"},"datePublished":"2025-12-10T06:05:42+00:00","dateModified":"2026-01-26T14:44:39+00:00","description":"\u00bfHerido en un accidente automovil\u00edstico? Nuestros abogados de accidentes automovil\u00edsticos del condado de Westchester se comprometen a garantizar la compensaci\u00f3n y la justicia que usted se merece. \u00a1P\u00f3ngase en contacto con nosotros ahora!","breadcrumb":{"@id":"https:\/\/oreskylaw.com\/es\/westchester\/abogados-de-accidentes-de-auto\/#breadcrumb"},"inLanguage":"es","potentialAction":[{"@type":"ReadAction","target":["https:\/\/oreskylaw.com\/es\/westchester\/abogados-de-accidentes-de-auto\/"]}]},{"@type":"BreadcrumbList","@id":"https:\/\/oreskylaw.com\/es\/westchester\/abogados-de-accidentes-de-auto\/#breadcrumb","itemListElement":[{"@type":"ListItem","position":1,"name":"Inicio","item":"https:\/\/oreskylaw.com\/es\/"},{"@type":"ListItem","position":2,"name":"Abogado de lesiones personales en Westchester","item":"https:\/\/oreskylaw.com\/es\/westchester\/"},{"@type":"ListItem","position":3,"name":"Abogado de Accidentes de Auto"}]},{"@type":"WebSite","@id":"https:\/\/oreskylaw.com\/es\/#website","url":"https:\/\/oreskylaw.com\/es\/","name":"Oresky & Associates PLLC","description":"","publisher":{"@id":"https:\/\/oreskylaw.com\/es\/#organization"},"potentialAction":[{"@type":"SearchAction","target":{"@type":"EntryPoint","urlTemplate":"https:\/\/oreskylaw.com\/es\/?s={search_term_string}"},"query-input":{"@type":"PropertyValueSpecification","valueRequired":true,"valueName":"search_term_string"}}],"inLanguage":"es"}]}},"_links":{"self":[{"href":"https:\/\/oreskylaw.com\/es\/wp-json\/wp\/v2\/pages\/19925","targetHints":{"allow":["GET"]}}],"collection":[{"href":"https:\/\/oreskylaw.com\/es\/wp-json\/wp\/v2\/pages"}],"about":[{"href":"https:\/\/oreskylaw.com\/es\/wp-json\/wp\/v2\/types\/page"}],"author":[{"embeddable":true,"href":"https:\/\/oreskylaw.com\/es\/wp-json\/wp\/v2\/users\/9"}],"replies":[{"embeddable":true,"href":"https:\/\/oreskylaw.com\/es\/wp-json\/wp\/v2\/comments?post=19925"}],"version-history":[{"count":0,"href":"https:\/\/oreskylaw.com\/es\/wp-json\/wp\/v2\/pages\/19925\/revisions"}],"up":[{"embeddable":true,"href":"https:\/\/oreskylaw.com\/es\/wp-json\/wp\/v2\/pages\/19910"}],"wp:attachment":[{"href":"https:\/\/oreskylaw.com\/es\/wp-json\/wp\/v2\/media?parent=19925"}],"curies":[{"name":"wp","href":"https:\/\/api.w.org\/{rel}","templated":true}]}}