{"id":19961,"date":"2025-12-10T06:07:32","date_gmt":"2025-12-10T06:07:32","guid":{"rendered":"https:\/\/oreskylaw.com\/?page_id=19961"},"modified":"2026-01-31T11:46:32","modified_gmt":"2026-01-31T11:46:32","slug":"abogados-de-lesiones-por-airbag","status":"publish","type":"page","link":"https:\/\/oreskylaw.com\/es\/lesion\/abogados-de-lesiones-por-airbag\/","title":{"rendered":"Lesiones por Airbag"},"content":{"rendered":"<h2>Sus Abogados de Confianza en New York para Lesiones por Bolsas de Aire<\/h2>\n<p>Las bolsas de aire est\u00e1n dise\u00f1adas para evitar lesiones en la cabeza y otros traumas corporales a los ocupantes de veh\u00edculos en caso de un choque de coche. Sin embargo, a veces las bolsas de aire hacen m\u00e1s da\u00f1o que beneficio. Las bolsas de aire que no se despliegan cuando deber\u00edan o se despliegan incorrectamente pueden causar lesiones graves.<\/p>\n<p>Si usted ha sufrido una lesi\u00f3n por bolsa de aire, un experimentado abogado de accidentes de autom\u00f3vil de New York de Oresky &amp; Associates, PLLC puede ayudar. Lucharemos por la compensaci\u00f3n que se merece. Ofrecemos una consulta gratuita y confidencial, por lo que no hay riesgo alguno en aprender m\u00e1s acerca de sus derechos legales y opciones. Cont\u00e1ctenos hoy en Queens, NY, para saber m\u00e1s.<\/p>\n<h2>C\u00f3mo Oresky &amp; Associates, PLLC Puede Ayudar Si Usted Fue Lesionado por una Bolsa de Aire en Queens<\/h2>\n<p>Con m\u00e1s de 30 a\u00f1os de experiencia, nuestros\u00a0<a href=\"https:\/\/oreskylaw.com\/es\/queens\/abogados-de-accidentes-de-auto\/\">abogados de accidentes automovil\u00edsticos de Queens<\/a>\u00a0entienden la complejidad de los casos que involucran bolsas de aire defectuosas y otros componentes. Hemos recuperado exitosamente m\u00e1s de $400 millones en nombre de nuestros merecedores clientes. Nos apasiona ayudar a las personas que han sido perjudicadas por la negligencia de otros. Podemos ayudar con su reclamo:<\/p>\n<div class=\"row\">\n<ul class=\"col-xl-6\">\n<li>Investigando su caso<\/li>\n<li>Reuniendo pruebas s\u00f3lidas<\/li>\n<li>Identificando todas las partes responsables de sus lesiones<\/li>\n<li>Revisando todas las p\u00f3lizas de seguros aplicables<\/li>\n<\/ul>\n<ul class=\"col-xl-6\">\n<li>Presentando reclamaciones de seguros en su nombre<\/li>\n<li>Negociando un acuerdo justo en su nombre<\/li>\n<li>Asesor\u00e1ndole sobre sus derechos legales y opciones<\/li>\n<\/ul>\n<\/div>\n<p>Cont\u00e1ctenos hoy en Queens, New York, para una evaluaci\u00f3n de caso completamente gratuita y sin compromiso.<\/p>\n<h2>\u00bfQu\u00e9 Tan Comunes Son las Lesiones por Bolsas de Aire?<\/h2>\n<p>Seg\u00fan el\u00a0<a href=\"https:\/\/www.iihs.org\/topics\/airbags#airbag-injuries\" target=\"_blank\" rel=\"nofollow noopener noreferrer\">Instituto de Seguridad de Seguros para Autopistas<\/a>\u00a0(IIHS, por sus siglas en ingl\u00e9s), las bolsas de aire frontales causaron la muerte de aproximadamente 290 personas entre 1990 y 2008. El IIHS dice que las bolsas de aire que funcionan correctamente rara vez causan lesiones hoy en d\u00eda. Sin embargo, bolsas de\u00a0<a href=\"https:\/\/www.nhtsa.gov\/equipment\/takata-recall-spotlight\" target=\"_blank\" rel=\"nofollow noopener noreferrer\">aire defectuosas como las de Takata<\/a>\u00a0pueden causar lesiones graves. Estas notorias bolsas de aire mataron al menos a 23 personas y lesionaron a cientos m\u00e1s.<\/p>\n<h2>Lesiones Comunes Derivadas de Bolsas de Aire en Queens<\/h2>\n<p>Debido a su ubicaci\u00f3n en el veh\u00edculo, las bolsas de aire tienden a causar lesiones en la parte superior del cuerpo. Las lesiones comunes derivadas de bolsas de aire incluyen:<\/p>\n<div class=\"row\">\n<ul class=\"col-xl-6\">\n<li><a href=\"https:\/\/oreskylaw.com\/es\/lesion\/abogados-de-lesiones-cerebrales\/\">Lesiones cerebrales traum\u00e1ticas<\/a><\/li>\n<li>Lesiones oculares<\/li>\n<li>Lesiones en el pecho, pulmones o sistema respiratorio<\/li>\n<li>Trauma en los o\u00eddos o p\u00e9rdida auditiva<\/li>\n<li><a href=\"https:\/\/oreskylaw.com\/es\/lesion\/abogados-de-lesiones-por-quemaduras\/\">Quemaduras<\/a><\/li>\n<li>Abrasiones y laceraciones<\/li>\n<\/ul>\n<ul class=\"col-xl-6\">\n<li>Fracturas en la cara, cr\u00e1neo, costillas, brazos, mu\u00f1ecas o manos<\/li>\n<li>Lesiones faciales, incluidas cicatrices y desfiguraci\u00f3n permanente<\/li>\n<li>Cicatrices, desfiguraci\u00f3n permanente y quemaduras<\/li>\n<li>Da\u00f1o a \u00f3rganos internos<\/li>\n<\/ul>\n<\/div>\n<p>Estas lesiones pueden causar gastos m\u00e9dicos significativos y p\u00e9rdidas financieras. La parte responsable de sus lesiones puede ser financieramente responsable de estas p\u00e9rdidas. Su principal prioridad despu\u00e9s de un accidente debe ser buscar tratamiento m\u00e9dico inmediato.<\/p>\n<h2>Responsabilidad por Lesiones de Bolsas de Aire en Queens, NY<\/h2>\n<p>Las siguientes partLas siguientes partes pueden ser responsables de las lesiones por bolsas de aire:<\/p>\n<ul>\n<li>Fabricante de la bolsa de aire: El fabricante de la bolsa de aire puede ser responsable de lesiones que se deriven de dise\u00f1os defectuosos, defectos que ocurren durante el proceso de fabricaci\u00f3n o la falta de proporcionar instrucciones o advertencias adecuadas.<\/li>\n<li>Fabricante de autom\u00f3viles: El fabricante del autom\u00f3vil a veces puede ser responsable por los componentes defectuosos que componen el veh\u00edculo.<\/li>\n<li>Compa\u00f1\u00eda de reparaci\u00f3n: Si una bolsa de aire tuvo que ser reemplazada despu\u00e9s de un despliegue o una retirada del mercado requiri\u00f3 un reemplazo, la compa\u00f1\u00eda que hace una mala reparaci\u00f3n o reemplazo puede ser responsable de sus da\u00f1os.<\/li>\n<li>Instalador: Si un tercero instal\u00f3 la bolsa de aire y cometi\u00f3 errores durante el proceso de instalaci\u00f3n, pueden ser responsables de las lesiones resultantes.<\/li>\n<\/ul>\n<p>Los da\u00f1os derivados de lesiones por bolsas de aire pueden ser extensos, pero un abogado experimentado puede ayudarlo a buscar una recuperaci\u00f3n justa despu\u00e9s de su accidente.<\/p>\n    <div class=\"cw-cta-box\">\n        <div class=\"cw-cta-box__inner \">\n            <div class=\"cw-cta-box__info\">\n                                    <div class=\"label\">\u00a1Llame ahora!<\/div>\n                            <\/div>\n                            <div class=\"contact-phone\">\n                    <a href=\"tel:7189939999\"\n                        aria-label=\"Tap to call button\">\n                        718-993-9999                    <\/a>\n                <\/div>\n                    <\/div>\n                    <a href=\"\/es\/contacto\/\"\n               class=\"cta-btn btn btn--primary btn\"\n               target=\"\">\n                Obtenga Una Consulta Gratuita            <\/a>\n            <\/div>\n    \n<h2>Posibles Da\u00f1os Causados por un Producto Defectuoso en la Ciudad de New York<\/h2>\n<p>En una reclamaci\u00f3n por producto defectuoso, usted puede buscar compensaci\u00f3n por todos los gastos m\u00e9dicos que surjan de sus lesiones, incluyendo:<\/p>\n<div class=\"row\">\n<ul class=\"col-xl-6\">\n<li>Estancias hospitalarias<\/li>\n<li>Tratamiento de emergencia y transporte<\/li>\n<li>Costos quir\u00fargicos<\/li>\n<li>Rehabilitaci\u00f3n<\/li>\n<\/ul>\n<ul class=\"col-xl-6\">\n<li>Medicamentos recetados<\/li>\n<li>Cuidado de seguimiento<\/li>\n<li>Visitas especializadas<\/li>\n<li>Gastos m\u00e9dicos futuros anticipados<\/li>\n<\/ul>\n<\/div>\n<p>Tambi\u00e9n puede recuperar compensaci\u00f3n por otros da\u00f1os econ\u00f3micos que sufra, como:<\/p>\n<ul>\n<li>Ingresos perdidos<\/li>\n<li>Capacidad de ganancia reducida<\/li>\n<li>Propiedad personal da\u00f1ada<\/li>\n<\/ul>\n<p>La ley de agravio de New York tambi\u00e9n le da derecho a recuperar compensaci\u00f3n por las p\u00e9rdidas no econ\u00f3micas que experiment\u00f3, incluyendo:<\/p>\n<ul>\n<li>Dolor y sufrimiento<\/li>\n<li>Angustia mental<\/li>\n<li>Distress emocional<\/li>\n<li>Cicatrices o desfiguraci\u00f3n permanente<\/li>\n<\/ul>\n<p>Un <a href=\"https:\/\/oreskylaw.com\/es\/queens\/\">abogado experimentado en lesiones personales<\/a>\u00a0puede darle una mejor idea sobre el valor potencial de su reclamaci\u00f3n.<\/p>\n<h2>Contacte a Nuestros Abogados de Lesiones por Accidentes de Autom\u00f3vil en Queens para una Revisi\u00f3n Gratuita de su Caso<\/h2>\n<p>Si usted result\u00f3 lesionado por una bolsa de aire defectuosa,\u00a0<a href=\"https:\/\/oreskylaw.com\/es\/contacto\/\">cont\u00e1ctenos<\/a>\u00a0al\u00a0<a href=\"tel:+19299304705\">(929) 930-4705<\/a>. Los abogados de accidentes de autom\u00f3vil en Queens de Oresky &amp; Associates, PLLC, est\u00e1n aqu\u00ed para ayudar. Queremos usar nuestra m\u00e1s de tres d\u00e9cadas de experiencia legal para ayudarle a buscar la compensaci\u00f3n que se merece despu\u00e9s de ser lesionado por una bolsa de aire defectuosa.<\/p>\n<p>Su consulta inicial de caso es gratuita. Como trabajamos bajo un acuerdo de honorarios de contingencia, no nos deber\u00e1 dinero por nuestros honorarios de abogados a menos que recuperemos compensaci\u00f3n para su caso. Contacte hoy para m\u00e1s informaci\u00f3n o para comenzar a establecer una relaci\u00f3n abogado-cliente.<\/p>\n","protected":false},"excerpt":{"rendered":"<p>Sus Abogados de Confianza en New York para Lesiones por Bolsas de Aire Las bolsas de aire est\u00e1n dise\u00f1adas para evitar lesiones en la cabeza y otros traumas corporales a los ocupantes de veh\u00edculos en caso de un choque de coche. Sin embargo, a veces las bolsas de aire hacen m\u00e1s da\u00f1o que beneficio. Las [&hellip;]<\/p>\n","protected":false},"author":9,"featured_media":0,"parent":19949,"menu_order":2,"comment_status":"closed","ping_status":"closed","template":"","meta":{"_acf_changed":false,"footnotes":""},"class_list":["post-19961","page","type-page","status-publish","hentry"],"acf":[],"yoast_head":"<!-- This site is optimized with the Yoast SEO plugin v27.3 - https:\/\/yoast.com\/product\/yoast-seo-wordpress\/ -->\n<title>Abogado de Lesiones por Airbag - Oresky &amp; Associates, PLLC<\/title>\n<meta name=\"description\" content=\"Si sufri\u00f3 lesiones por un airbag durante un accidente vehicular, Oresky &amp; Associates puede ayudarle a obtener compensaci\u00f3n por sufrimiento. \u00a1Ll\u00e1menos hoy!\" \/>\n<meta name=\"robots\" content=\"index, follow, max-snippet:-1, max-image-preview:large, max-video-preview:-1\" \/>\n<link rel=\"canonical\" href=\"https:\/\/oreskylaw.com\/es\/lesion\/abogados-de-lesiones-por-airbag\/\" \/>\n<meta property=\"og:locale\" content=\"es_ES\" \/>\n<meta property=\"og:type\" content=\"article\" \/>\n<meta property=\"og:title\" content=\"Abogado de Lesiones por Airbag - Oresky &amp; Associates, PLLC\" \/>\n<meta property=\"og:description\" content=\"Si sufri\u00f3 lesiones por un airbag durante un accidente vehicular, Oresky &amp; Associates puede ayudarle a obtener compensaci\u00f3n por sufrimiento. \u00a1Ll\u00e1menos hoy!\" \/>\n<meta property=\"og:url\" content=\"https:\/\/oreskylaw.com\/es\/lesion\/abogados-de-lesiones-por-airbag\/\" \/>\n<meta property=\"og:site_name\" content=\"Oresky &amp; Associates, PLLC\" \/>\n<meta property=\"article:publisher\" content=\"https:\/\/www.facebook.com\/Oreskylaw\/\" \/>\n<meta property=\"article:modified_time\" content=\"2026-01-31T11:46:32+00:00\" \/>\n<meta property=\"og:image\" content=\"https:\/\/oreskylaw.com\/wp-content\/uploads\/2026\/01\/oresky-team-careers.png\" \/>\n\t<meta property=\"og:image:width\" content=\"995\" \/>\n\t<meta property=\"og:image:height\" content=\"617\" \/>\n\t<meta property=\"og:image:type\" content=\"image\/png\" \/>\n<meta name=\"twitter:card\" content=\"summary_large_image\" \/>\n<meta name=\"twitter:site\" content=\"@JacobOreskyLaw\" \/>\n<meta name=\"twitter:label1\" content=\"Tiempo de lectura\" \/>\n\t<meta name=\"twitter:data1\" content=\"5 minutos\" \/>\n<!-- \/ Yoast SEO plugin. -->","yoast_head_json":{"title":"Abogado de Lesiones por Airbag - Oresky & Associates, PLLC","description":"Si sufri\u00f3 lesiones por un airbag durante un accidente vehicular, Oresky & Associates puede ayudarle a obtener compensaci\u00f3n por sufrimiento. \u00a1Ll\u00e1menos hoy!","robots":{"index":"index","follow":"follow","max-snippet":"max-snippet:-1","max-image-preview":"max-image-preview:large","max-video-preview":"max-video-preview:-1"},"canonical":"https:\/\/oreskylaw.com\/es\/lesion\/abogados-de-lesiones-por-airbag\/","og_locale":"es_ES","og_type":"article","og_title":"Abogado de Lesiones por Airbag - Oresky & Associates, PLLC","og_description":"Si sufri\u00f3 lesiones por un airbag durante un accidente vehicular, Oresky & Associates puede ayudarle a obtener compensaci\u00f3n por sufrimiento. \u00a1Ll\u00e1menos hoy!","og_url":"https:\/\/oreskylaw.com\/es\/lesion\/abogados-de-lesiones-por-airbag\/","og_site_name":"Oresky &amp; Associates, PLLC","article_publisher":"https:\/\/www.facebook.com\/Oreskylaw\/","article_modified_time":"2026-01-31T11:46:32+00:00","og_image":[{"width":995,"height":617,"url":"https:\/\/oreskylaw.com\/wp-content\/uploads\/2026\/01\/oresky-team-careers.png","type":"image\/png"}],"twitter_card":"summary_large_image","twitter_site":"@JacobOreskyLaw","twitter_misc":{"Tiempo de lectura":"5 minutos"},"schema":{"@context":"https:\/\/schema.org","@graph":[{"@type":"WebPage","@id":"https:\/\/oreskylaw.com\/es\/lesion\/abogados-de-lesiones-por-airbag\/","url":"https:\/\/oreskylaw.com\/es\/lesion\/abogados-de-lesiones-por-airbag\/","name":"Abogado de Lesiones por Airbag - Oresky & Associates, PLLC","isPartOf":{"@id":"https:\/\/oreskylaw.com\/es\/#website"},"datePublished":"2025-12-10T06:07:32+00:00","dateModified":"2026-01-31T11:46:32+00:00","description":"Si sufri\u00f3 lesiones por un airbag durante un accidente vehicular, Oresky & Associates puede ayudarle a obtener compensaci\u00f3n por sufrimiento. \u00a1Ll\u00e1menos hoy!","breadcrumb":{"@id":"https:\/\/oreskylaw.com\/es\/lesion\/abogados-de-lesiones-por-airbag\/#breadcrumb"},"inLanguage":"es","potentialAction":[{"@type":"ReadAction","target":["https:\/\/oreskylaw.com\/es\/lesion\/abogados-de-lesiones-por-airbag\/"]}]},{"@type":"BreadcrumbList","@id":"https:\/\/oreskylaw.com\/es\/lesion\/abogados-de-lesiones-por-airbag\/#breadcrumb","itemListElement":[{"@type":"ListItem","position":1,"name":"Inicio","item":"https:\/\/oreskylaw.com\/es\/"},{"@type":"ListItem","position":2,"name":"Recursos","item":"https:\/\/oreskylaw.com\/es\/lesion\/"},{"@type":"ListItem","position":3,"name":"Lesiones por Airbag"}]},{"@type":"WebSite","@id":"https:\/\/oreskylaw.com\/es\/#website","url":"https:\/\/oreskylaw.com\/es\/","name":"Oresky & Associates PLLC","description":"","publisher":{"@id":"https:\/\/oreskylaw.com\/es\/#organization"},"potentialAction":[{"@type":"SearchAction","target":{"@type":"EntryPoint","urlTemplate":"https:\/\/oreskylaw.com\/es\/?s={search_term_string}"},"query-input":{"@type":"PropertyValueSpecification","valueRequired":true,"valueName":"search_term_string"}}],"inLanguage":"es"}]}},"_links":{"self":[{"href":"https:\/\/oreskylaw.com\/es\/wp-json\/wp\/v2\/pages\/19961","targetHints":{"allow":["GET"]}}],"collection":[{"href":"https:\/\/oreskylaw.com\/es\/wp-json\/wp\/v2\/pages"}],"about":[{"href":"https:\/\/oreskylaw.com\/es\/wp-json\/wp\/v2\/types\/page"}],"author":[{"embeddable":true,"href":"https:\/\/oreskylaw.com\/es\/wp-json\/wp\/v2\/users\/9"}],"replies":[{"embeddable":true,"href":"https:\/\/oreskylaw.com\/es\/wp-json\/wp\/v2\/comments?post=19961"}],"version-history":[{"count":0,"href":"https:\/\/oreskylaw.com\/es\/wp-json\/wp\/v2\/pages\/19961\/revisions"}],"up":[{"embeddable":true,"href":"https:\/\/oreskylaw.com\/es\/wp-json\/wp\/v2\/pages\/19949"}],"wp:attachment":[{"href":"https:\/\/oreskylaw.com\/es\/wp-json\/wp\/v2\/media?parent=19961"}],"curies":[{"name":"wp","href":"https:\/\/api.w.org\/{rel}","templated":true}]}}