{"id":19977,"date":"2025-12-10T06:07:51","date_gmt":"2025-12-10T06:07:51","guid":{"rendered":"https:\/\/oreskylaw.com\/?page_id=19977"},"modified":"2026-01-31T11:48:26","modified_gmt":"2026-01-31T11:48:26","slug":"abogados-de-lesiones-por-amputacion","status":"publish","type":"page","link":"https:\/\/oreskylaw.com\/es\/lesion\/abogados-de-lesiones-por-amputacion\/","title":{"rendered":"Lesi\u00f3n por Amputaci\u00f3n"},"content":{"rendered":"<h2>Sus Abogados de Confianza en Casos de Amputaciones en New York<\/h2>\n<p>Las amputaciones son sorprendentemente comunes. Cerca de\u00a0<a href=\"https:\/\/www.amputee-coalition.org\/resources\/limb-loss-statistics\/#1\" target=\"_blank\" rel=\"nofollow noopener noreferrer\">dos millones de estadounidenses<\/a>\u00a0han sufrido una amputaci\u00f3n debido a enfermedades o lesiones. Estas amputaciones var\u00edan desde la punta de un dedo o parte de un dedo del pie hasta una extremidad completa. Independientemente de la ubicaci\u00f3n de la amputaci\u00f3n, la p\u00e9rdida de una parte de su cuerpo puede causar una desfiguraci\u00f3n significativa y discapacidades.<\/p>\n<p>Conozca las causas, efectos y complicaciones de una lesi\u00f3n por amputaci\u00f3n y c\u00f3mo buscar compensaci\u00f3n por una amputaci\u00f3n que haya sufrido debido a un accidente.<\/p>\n<h2>Causas de una Lesi\u00f3n por Amputaci\u00f3n<\/h2>\n<p>Las amputaciones tienen dos causas principales. Las enfermedades\u00a0<a href=\"https:\/\/www.hopkinsmedicine.org\/health\/treatment-tests-and-therapies\/amputation\" target=\"_blank\" rel=\"nofollow noopener noreferrer\">causan poco m\u00e1s de la mitad<\/a>\u00a0de todas las amputaciones. Estas enfermedades generalmente afectan su circulaci\u00f3n, lo que lleva a la muerte del tejido.<\/p>\n<p>Algunas enfermedades que pueden llevar a amputaciones incluyen:<\/p>\n<ul>\n<li>Enfermedad vascular<\/li>\n<li>Diabetes<\/li>\n<li>C\u00e1ncer<\/li>\n<\/ul>\n<p>El trauma ocasiona el 45% restante de las amputaciones. Estas amputaciones son resultado de accidentes como accidentes automovil\u00edsticos y accidentes laborales.<\/p>\n<p>Los\u00a0<a href=\"https:\/\/oreskylaw.com\/es\/queens\/abogados-de-accidentes-de-auto\/\">accidentes de coche y motocicleta<\/a>\u00a0pueden causar lesiones en las extremidades inferiores. En una colisi\u00f3n frontal, el motor puede empujarse hacia la pared de fuego de su coche y aplastar sus piernas. Y en un accidente de motocicleta, su veh\u00edculo no proteger\u00e1 sus piernas, las cuales pueden\u00a0<a href=\"https:\/\/oreskylaw.com\/es\/lesion\/abogados-de-lesiones-por-quemaduras\/\">quemarse<\/a>, aplastarse o romperse por la fuerza del accidente.<\/p>\n<p>Los accidentes laborales pueden llevar a lesiones en las extremidades superiores. Estos accidentes a menudo involucran herramientas o maquinaria que pueden cortar, aplastar o atrapar sus dedos, manos y brazos.<\/p>\n<h2>C\u00f3mo Ocurrir una Lesi\u00f3n por Amputaci\u00f3n<\/h2>\n<p>Las lesiones por amputaci\u00f3n ocurren de dos maneras:<\/p>\n<h3>Amputaci\u00f3n Traum\u00e1tica<\/h3>\n<p>Una amputaci\u00f3n traum\u00e1tica sucede cuando su accidente corta o arranca una parte de su cuerpo. En algunas situaciones, los m\u00e9dicos pueden volver a unir una parte del cuerpo amputada. Pero varios factores pueden limitar sus habilidades, incluyendo:<\/p>\n<ul>\n<li>La cantidad de tiempo que la parte estuvo separada<\/li>\n<li>Contaminaci\u00f3n de la parte del cuerpo<\/li>\n<li>Da\u00f1o a la parte del cuerpo<\/li>\n<li>La complejidad de reconectar nervios y vasos sangu\u00edneos<\/li>\n<\/ul>\n<p>En general, la muerte del tejido suele ocurrir en una parte del cuerpo despu\u00e9s\u00a0<a href=\"https:\/\/medlineplus.gov\/ency\/article\/000006.htm\" target=\"_blank\" rel=\"nofollow noopener noreferrer\">de cuatro a seis horas sin sangre<\/a>. Si usted no puede llegar a un hospital quir\u00fargico dentro de ese tiempo, los m\u00e9dicos podr\u00edan recomendar contra el intento de reanexar la parte del cuerpo.<\/p>\n<p>Adem\u00e1s, los m\u00e9dicos podr\u00edan no volver a unir una parte del cuerpo contaminada con suciedad o productos qu\u00edmicos. Volver a unir una parte del cuerpo contaminada podr\u00eda poner su vida en peligro.<\/p>\n<p>Las partes del cuerpo severamente da\u00f1adas, como una parte del cuerpo mutilada en una\u00a0<a href=\"https:\/\/oreskylaw.com\/es\/queens\/abogados-de-mordeduras-de-perro\/\">mordedura de perro<\/a>, podr\u00edan no tener suficiente tejido viable para la reanexi\u00f3n. Y los m\u00e9dicos podr\u00edan no tener el tiempo para reparar huesos aplastados, vasos sangu\u00edneos desgarrados y nervios cortados antes de que las c\u00e9lulas de la parte separada mueran.<\/p>\n<h3>Amputaci\u00f3n Quir\u00fargica<\/h3>\n<p>A veces, un accidente causa tal da\u00f1o extenso a su cuerpo que los m\u00e9dicos necesitan amputar para salvar su vida. Esto a menudo sucede cuando sus lesiones comprometen el flujo sangu\u00edneo a una parte del cuerpo. Sin sangre, el tejido morir\u00e1, llevando a la gangrena. Esta condici\u00f3n potencialmente mortal puede envenenar su cuerpo a medida que el tejido muerto se descompone.<\/p>\n<p><a href=\"https:\/\/www.webmd.com\/a-to-z-guides\/definition-amputation\" target=\"_blank\" rel=\"nofollow noopener noreferrer\">En una amputaci\u00f3n quir\u00fargica<\/a>, los m\u00e9dicos identificar\u00e1n d\u00f3nde el tejido sigue siendo saludable. Remover\u00e1n el tejido da\u00f1ado y atar\u00e1n los vasos sangu\u00edneos y los nervios. Tambi\u00e9n suavizar\u00e1n el extremo del hueso y formar\u00e1n un mu\u00f1\u00f3n con el m\u00fasculo y la piel restantes.<\/p>\n<p>Los m\u00e9dicos podr\u00edan dejar su sitio de amputaci\u00f3n abierto. Esto les permite tratar infecciones en el sitio y remover tejido adicional si es necesario. Despu\u00e9s de que se recupere de su cirug\u00eda, los m\u00e9dicos cerrar\u00e1n el sitio para que pueda ser equipado con una pr\u00f3tesis.<\/p>\n<p>Muchas lesiones pueden llevar a una amputaci\u00f3n quir\u00fargica, incluyendo:<\/p>\n<h3>Fractura Conminuta<\/h3>\n<p>Cuando un hueso se fractura en al menos tres piezas, tiene una <a href=\"https:\/\/my.clevelandclinic.org\/health\/diseases\/22252-comminuted-fracture\" target=\"_blank\" rel=\"nofollow noopener noreferrer\">fractura conminuta<\/a>. M\u00e1s com\u00fanmente llamada hueso destrozado, fracturas conminutas pueden llevar a la amputaci\u00f3n.<\/p>\n<p>Para reconstruir un hueso destrozado, los m\u00e9dicos necesitan reensamblar las piezas como un rompecabezas y mantenerlas unidas con placas y tornillos. Si no pueden encontrar todas las piezas o algunas piezas son demasiado peque\u00f1as o demasiado da\u00f1adas para reensamblar, podr\u00edan necesitar amputar su extremidad rota.<\/p>\n<h3>Da\u00f1o a los Vasos Sangu\u00edneos<\/h3>\n<p>Los vasos sangu\u00edneos da\u00f1ados tambi\u00e9n llevan a amputaciones. Cada c\u00e9lula en su cuerpo requiere ox\u00edgeno para vivir. Su sangre circulante suministra este ox\u00edgeno. Si sus vasos sangu\u00edneos se da\u00f1an gravemente, sus c\u00e9lulas no recibir\u00e1n la sangre que necesitan para mantener la parte del cuerpo viva.<\/p>\n<h3>Quemaduras<\/h3>\n<p>Las quemaduras suceden cuando una reacci\u00f3n qu\u00edmica destruye el tejido de su cuerpo. Las quemaduras pueden tomar muchas formas, incluyendo:<\/p>\n<ul>\n<li>T\u00e9rmicas<\/li>\n<li>Combusti\u00f3n<\/li>\n<li>Qu\u00edmicas<\/li>\n<li>Radiaci\u00f3n<\/li>\n<li>El\u00e9ctricas<\/li>\n<\/ul>\n<p>Despu\u00e9s de una quemadura grave, sus m\u00e9dicos pueden recomendar una amputaci\u00f3n para remover el tejido muerto o moribundo.<\/p>\n    <div class=\"cw-cta-box\">\n        <div class=\"cw-cta-box__inner \">\n            <div class=\"cw-cta-box__info\">\n                                    <div class=\"label\">\u00a1Llame ahora!<\/div>\n                            <\/div>\n                            <div class=\"contact-phone\">\n                    <a href=\"tel:7189939999\"\n                        aria-label=\"Tap to call button\">\n                        718-993-9999                    <\/a>\n                <\/div>\n                    <\/div>\n                    <a href=\"\/es\/contacto\/\"\n               class=\"cta-btn btn btn--primary btn\"\n               target=\"\">\n                Obtenga Una Consulta Gratuita            <\/a>\n            <\/div>\n    \n<h2>Complicaciones de una Lesi\u00f3n por Amputaci\u00f3n<\/h2>\n<p>Las amputaciones llevan a varias complicaciones, incluyendo:<\/p>\n<h3>Infecci\u00f3n<\/h3>\n<p>Las infecciones ocurren cuando microorganismos entran en su cuerpo. Estos microorganismos a menudo liberan sustancias t\u00f3xicas y compiten con las c\u00e9lulas de su cuerpo por recursos. Como resultado, sus c\u00e9lulas corporales mueren.<\/p>\n<p>En respuesta a una lesi\u00f3n, su cuerpo desencadenar\u00e1 inflamaci\u00f3n. Su cuerpo se hinchar\u00e1 para que los vasos sangu\u00edneos se constri\u00f1an. Esto atrapa a los microorganismos en la parte del cuerpo lesionada. Su cuerpo tambi\u00e9n tendr\u00e1 fiebre. La temperatura elevada mata a los microorganismos.<\/p>\n<p>Las toxinas de los microorganismos combinadas con la fiebre y la hinchaz\u00f3n provocada por su cuerpo le hacen enfermar gravemente. Si no se trata,\u00a0<a href=\"https:\/\/medlineplus.gov\/sepsis.html\" target=\"_blank\" rel=\"nofollow noopener noreferrer\">puede desarrollar sepsis<\/a>\u00a0y morir por una infecci\u00f3n.<\/p>\n<h3>S\u00edndrome del Miembro Fantasma<\/h3>\n<p>El s\u00edndrome del miembro fantasma es una complicaci\u00f3n muy com\u00fan de lesiones por amputaci\u00f3n. El miembro fantasma afecta aproximadamente al\u00a0<a href=\"https:\/\/my.clevelandclinic.org\/health\/diseases\/12092-phantom-limb-pain\" target=\"_blank\" rel=\"nofollow noopener noreferrer\">80% de los amputados<\/a>\u00a0en alg\u00fan momento de su recuperaci\u00f3n.<\/p>\n<p>El miembro fantasma ocurre cuando el cerebro percibe se\u00f1ales nerviosas provenientes de la parte del cuerpo amputada. Esto no es un problema psicol\u00f3gico. En cambio, resulta del cerebro utilizando un mapa desactualizado del sistema nervioso y su cuerpo. Su cerebro malinterpreta se\u00f1ales de terminaciones nerviosas en su mu\u00f1\u00f3n y coloca el origen de la se\u00f1al en su extremidad faltante.<\/p>\n<h3>Depresi\u00f3n<\/h3>\n<p>La depresi\u00f3n afecta aproximadamente a un tercio de los\u00a0<a href=\"https:\/\/www.physio-pedia.com\/Emotional_and_Psychological_Reactions_to_Amputation\" target=\"_blank\" rel=\"nofollow noopener noreferrer\">amputados<\/a>. La depresi\u00f3n despu\u00e9s de una amputaci\u00f3n puede surgir por muchas causas, incluyendo:<\/p>\n<ul>\n<li>Trauma por el accidente<\/li>\n<li>Duelo por la p\u00e9rdida de una extremidad<\/li>\n<li>Miedo al futuro sin la parte amputada<\/li>\n<\/ul>\n<p>La ansiedad tambi\u00e9n puede surgir de las mismas circunstancias. La depresi\u00f3n y la ansiedad a menudo pueden causar tantos problemas para recuperarse de una lesi\u00f3n por amputaci\u00f3n como la propia amputaci\u00f3n.<\/p>\n<h2>Obteniendo Compensaci\u00f3n por una Lesi\u00f3n por Amputaci\u00f3n<\/h2>\n<p>Si su lesi\u00f3n por amputaci\u00f3n fue el resultado de la negligencia de otra persona, usted puede buscar compensaci\u00f3n por sus p\u00e9rdidas <a href=\"https:\/\/oreskylaw.com\/es\/blog\/lesiones-personales-danos-economicos\/\">econ\u00f3micas<\/a>\u00a0y no econ\u00f3micas. Estas p\u00e9rdidas pueden incluir gastos m\u00e9dicos, p\u00e9rdida de ingresos, y dolor y sufrimiento.<\/p>\n<p>Para discutir la compensaci\u00f3n que puede buscar por su lesi\u00f3n por amputaci\u00f3n,\u00a0<a href=\"https:\/\/oreskylaw.com\/es\/contacto\/\">contacte<\/a>\u00a0a\u00a0<a href=\"https:\/\/oreskylaw.com\/es\/acerca-de-nosotros\/\">Oresky &amp; Associates, PLLC<\/a>, para agendar una consulta gratuita.<\/p>\n","protected":false},"excerpt":{"rendered":"<p>Sus Abogados de Confianza en Casos de Amputaciones en New York Las amputaciones son sorprendentemente comunes. Cerca de\u00a0dos millones de estadounidenses\u00a0han sufrido una amputaci\u00f3n debido a enfermedades o lesiones. Estas amputaciones var\u00edan desde la punta de un dedo o parte de un dedo del pie hasta una extremidad completa. Independientemente de la ubicaci\u00f3n de la [&hellip;]<\/p>\n","protected":false},"author":9,"featured_media":0,"parent":19949,"menu_order":4,"comment_status":"closed","ping_status":"closed","template":"","meta":{"_acf_changed":false,"footnotes":""},"class_list":["post-19977","page","type-page","status-publish","hentry"],"acf":[],"yoast_head":"<!-- This site is optimized with the Yoast SEO plugin v27.3 - https:\/\/yoast.com\/product\/yoast-seo-wordpress\/ -->\n<title>Abogado de Lesiones por Amputaci\u00f3n - Oresky &amp; Associates, PLLC<\/title>\n<meta name=\"description\" content=\"Si sufri\u00f3 una lesi\u00f3n durante una amputaci\u00f3n, nuestros abogados expertos le ayudar\u00e1n a buscar compensaci\u00f3n. Contacte nuestro bufete hoy para consulta.\" \/>\n<meta name=\"robots\" content=\"index, follow, max-snippet:-1, max-image-preview:large, max-video-preview:-1\" \/>\n<link rel=\"canonical\" href=\"https:\/\/oreskylaw.com\/es\/lesion\/abogados-de-lesiones-por-amputacion\/\" \/>\n<meta property=\"og:locale\" content=\"es_ES\" \/>\n<meta property=\"og:type\" content=\"article\" \/>\n<meta property=\"og:title\" content=\"Abogado de Lesiones por Amputaci\u00f3n - Oresky &amp; Associates, PLLC\" \/>\n<meta property=\"og:description\" content=\"Si sufri\u00f3 una lesi\u00f3n durante una amputaci\u00f3n, nuestros abogados expertos le ayudar\u00e1n a buscar compensaci\u00f3n. Contacte nuestro bufete hoy para consulta.\" \/>\n<meta property=\"og:url\" content=\"https:\/\/oreskylaw.com\/es\/lesion\/abogados-de-lesiones-por-amputacion\/\" \/>\n<meta property=\"og:site_name\" content=\"Oresky &amp; Associates, PLLC\" \/>\n<meta property=\"article:publisher\" content=\"https:\/\/www.facebook.com\/Oreskylaw\/\" \/>\n<meta property=\"article:modified_time\" content=\"2026-01-31T11:48:26+00:00\" \/>\n<meta property=\"og:image\" content=\"https:\/\/oreskylaw.com\/wp-content\/uploads\/2026\/01\/oresky-team-careers.png\" \/>\n\t<meta property=\"og:image:width\" content=\"995\" \/>\n\t<meta property=\"og:image:height\" content=\"617\" \/>\n\t<meta property=\"og:image:type\" content=\"image\/png\" \/>\n<meta name=\"twitter:card\" content=\"summary_large_image\" \/>\n<meta name=\"twitter:site\" content=\"@JacobOreskyLaw\" \/>\n<meta name=\"twitter:label1\" content=\"Tiempo de lectura\" \/>\n\t<meta name=\"twitter:data1\" content=\"6 minutos\" \/>\n<!-- \/ Yoast SEO plugin. -->","yoast_head_json":{"title":"Abogado de Lesiones por Amputaci\u00f3n - Oresky & Associates, PLLC","description":"Si sufri\u00f3 una lesi\u00f3n durante una amputaci\u00f3n, nuestros abogados expertos le ayudar\u00e1n a buscar compensaci\u00f3n. Contacte nuestro bufete hoy para consulta.","robots":{"index":"index","follow":"follow","max-snippet":"max-snippet:-1","max-image-preview":"max-image-preview:large","max-video-preview":"max-video-preview:-1"},"canonical":"https:\/\/oreskylaw.com\/es\/lesion\/abogados-de-lesiones-por-amputacion\/","og_locale":"es_ES","og_type":"article","og_title":"Abogado de Lesiones por Amputaci\u00f3n - Oresky & Associates, PLLC","og_description":"Si sufri\u00f3 una lesi\u00f3n durante una amputaci\u00f3n, nuestros abogados expertos le ayudar\u00e1n a buscar compensaci\u00f3n. Contacte nuestro bufete hoy para consulta.","og_url":"https:\/\/oreskylaw.com\/es\/lesion\/abogados-de-lesiones-por-amputacion\/","og_site_name":"Oresky &amp; Associates, PLLC","article_publisher":"https:\/\/www.facebook.com\/Oreskylaw\/","article_modified_time":"2026-01-31T11:48:26+00:00","og_image":[{"width":995,"height":617,"url":"https:\/\/oreskylaw.com\/wp-content\/uploads\/2026\/01\/oresky-team-careers.png","type":"image\/png"}],"twitter_card":"summary_large_image","twitter_site":"@JacobOreskyLaw","twitter_misc":{"Tiempo de lectura":"6 minutos"},"schema":{"@context":"https:\/\/schema.org","@graph":[{"@type":"WebPage","@id":"https:\/\/oreskylaw.com\/es\/lesion\/abogados-de-lesiones-por-amputacion\/","url":"https:\/\/oreskylaw.com\/es\/lesion\/abogados-de-lesiones-por-amputacion\/","name":"Abogado de Lesiones por Amputaci\u00f3n - Oresky & Associates, PLLC","isPartOf":{"@id":"https:\/\/oreskylaw.com\/es\/#website"},"datePublished":"2025-12-10T06:07:51+00:00","dateModified":"2026-01-31T11:48:26+00:00","description":"Si sufri\u00f3 una lesi\u00f3n durante una amputaci\u00f3n, nuestros abogados expertos le ayudar\u00e1n a buscar compensaci\u00f3n. Contacte nuestro bufete hoy para consulta.","breadcrumb":{"@id":"https:\/\/oreskylaw.com\/es\/lesion\/abogados-de-lesiones-por-amputacion\/#breadcrumb"},"inLanguage":"es","potentialAction":[{"@type":"ReadAction","target":["https:\/\/oreskylaw.com\/es\/lesion\/abogados-de-lesiones-por-amputacion\/"]}]},{"@type":"BreadcrumbList","@id":"https:\/\/oreskylaw.com\/es\/lesion\/abogados-de-lesiones-por-amputacion\/#breadcrumb","itemListElement":[{"@type":"ListItem","position":1,"name":"Inicio","item":"https:\/\/oreskylaw.com\/es\/"},{"@type":"ListItem","position":2,"name":"Recursos","item":"https:\/\/oreskylaw.com\/es\/lesion\/"},{"@type":"ListItem","position":3,"name":"Lesi\u00f3n por Amputaci\u00f3n"}]},{"@type":"WebSite","@id":"https:\/\/oreskylaw.com\/es\/#website","url":"https:\/\/oreskylaw.com\/es\/","name":"Oresky & Associates PLLC","description":"","publisher":{"@id":"https:\/\/oreskylaw.com\/es\/#organization"},"potentialAction":[{"@type":"SearchAction","target":{"@type":"EntryPoint","urlTemplate":"https:\/\/oreskylaw.com\/es\/?s={search_term_string}"},"query-input":{"@type":"PropertyValueSpecification","valueRequired":true,"valueName":"search_term_string"}}],"inLanguage":"es"}]}},"_links":{"self":[{"href":"https:\/\/oreskylaw.com\/es\/wp-json\/wp\/v2\/pages\/19977","targetHints":{"allow":["GET"]}}],"collection":[{"href":"https:\/\/oreskylaw.com\/es\/wp-json\/wp\/v2\/pages"}],"about":[{"href":"https:\/\/oreskylaw.com\/es\/wp-json\/wp\/v2\/types\/page"}],"author":[{"embeddable":true,"href":"https:\/\/oreskylaw.com\/es\/wp-json\/wp\/v2\/users\/9"}],"replies":[{"embeddable":true,"href":"https:\/\/oreskylaw.com\/es\/wp-json\/wp\/v2\/comments?post=19977"}],"version-history":[{"count":0,"href":"https:\/\/oreskylaw.com\/es\/wp-json\/wp\/v2\/pages\/19977\/revisions"}],"up":[{"embeddable":true,"href":"https:\/\/oreskylaw.com\/es\/wp-json\/wp\/v2\/pages\/19949"}],"wp:attachment":[{"href":"https:\/\/oreskylaw.com\/es\/wp-json\/wp\/v2\/media?parent=19977"}],"curies":[{"name":"wp","href":"https:\/\/api.w.org\/{rel}","templated":true}]}}