{"id":19989,"date":"2025-12-10T06:08:13","date_gmt":"2025-12-10T06:08:13","guid":{"rendered":"https:\/\/oreskylaw.com\/?page_id=19989"},"modified":"2026-01-31T11:50:13","modified_gmt":"2026-01-31T11:50:13","slug":"abogados-de-lesiones-por-anestesia","status":"publish","type":"page","link":"https:\/\/oreskylaw.com\/es\/lesion\/abogados-de-lesiones-por-anestesia\/","title":{"rendered":"Lesi\u00f3n por Anestesia"},"content":{"rendered":"<h2>Abogados de Confianza en Lesiones por Anestesia en New York<\/h2>\n<p>La anestesia tiene m\u00faltiples usos, incluido el alivio del dolor, la par\u00e1lisis y la inducci\u00f3n del sue\u00f1o. Durante un procedimiento invasivo, los m\u00e9dicos necesitan usar anestesia para protegerte y ayudarles a realizar su trabajo. Pero cuando se administra incorrectamente, la anestesia puede causarte lesiones. Estas lesiones pueden ir desde un trauma mental horroroso despu\u00e9s de despertar durante un procedimiento hasta da\u00f1o cerebral permanente o incluso la muerte.<\/p>\n<p>Aprende sobre las lesiones por anestesia y las circunstancias que pueden justificar un reclamo por lesiones contra un anestesi\u00f3logo.<\/p>\n<h2>\u00bfC\u00f3mo Funciona la Anestesia?<\/h2>\n<p>Tu sistema nervioso incluye tu cerebro y nervios. El cerebro formula se\u00f1ales de control y las env\u00eda a tus m\u00fasculos y \u00f3rganos. El cerebro tambi\u00e9n recibe informaci\u00f3n sensorial. Utiliza esta informaci\u00f3n para aprender, razonar y mover tu cuerpo.<\/p>\n<p>Las c\u00e9lulas que transmiten se\u00f1ales nerviosas se llaman neuronas. Las neuronas llevan se\u00f1ales pasando se\u00f1ales de una neurona a la siguiente a trav\u00e9s de una combinaci\u00f3n de qu\u00edmica y electricidad.<\/p>\n<p>Los neurotransmisores le dicen a los nervios el tipo de se\u00f1al a enviar y la importancia de la se\u00f1al. Las c\u00e9lulas nerviosas tienen receptores para diferentes tipos de neurotransmisores. Cuando un neurotransmisor llena un receptor, la c\u00e9lula nerviosa sabe qu\u00e9 se\u00f1al enviar.<\/p>\n<p>Los iones son mol\u00e9culas cargadas. Cuando una c\u00e9lula nerviosa necesita enviar una se\u00f1al, pasa iones desde el interior de la neurona a trav\u00e9s de un canal i\u00f3nico hacia la superficie de la neurona. Los iones provocan un cambio en la carga el\u00e9ctrica de la neurona, desencadenando un cambio en la siguiente neurona.<\/p>\n<p>La\u00a0<a href=\"https:\/\/www.scientificamerican.com\/article\/how-does-anesthesia-work\/\" target=\"_blank\" rel=\"nofollow noopener noreferrer\">anestesia funciona<\/a>\u00a0de dos maneras:<\/p>\n<h3>Bloqueador de Receptor de Neurotransmisores<\/h3>\n<p>Estos anest\u00e9sicos funcionan bloqueando los receptores de neurotransmisores. Cuando bloquean los receptores, los neurotransmisores no pueden desencadenar que las neuronas produzcan se\u00f1ales o tomen acciones.<\/p>\n<p>Los opioides son bloqueadores de neurotransmisores. Cuando un anestesi\u00f3logo administra un opioide, se asienta en los receptores de neurotransmisores para qu\u00edmicos que regulan el\u00a0<a href=\"https:\/\/www.ncbi.nlm.nih.gov\/books\/NBK546642\/\" target=\"_blank\" rel=\"nofollow noopener noreferrer\">dolor, la recompensa y la aversi\u00f3n<\/a>.<\/p>\n<p>En el caso de los opioides, tu cuerpo todav\u00eda experimenta dolor. Pero la se\u00f1al de dolor no puede llegar a tu cerebro porque las neuronas no pueden detectar el neurotransmisor que desencadena la se\u00f1al de dolor.<\/p>\n<h3>Bloqueador de Canal I\u00f3nico<\/h3>\n<p>Un bloqueador de canal i\u00f3nico evita que las neuronas muevan iones desde el interior de la c\u00e9lula hasta su superficie. Como resultado, las se\u00f1ales nerviosas pasando por el nervio se detienen donde se ha administrado el anest\u00e9sico porque la neurona anestesiada no puede pasar se\u00f1ales a otras neuronas.<\/p>\n<h2>\u00bfQu\u00e9 Tipos de Anestesia Existen?<\/h2>\n<p>La anestesia se utiliza para muchos prop\u00f3sitos. Estos prop\u00f3sitos definen el tipo de anestesia utilizada para un procedimiento. Algunos\u00a0<a href=\"https:\/\/my.clevelandclinic.org\/health\/treatments\/15286-anesthesia\" target=\"_blank\" rel=\"nofollow noopener noreferrer\">tipos de anestesia<\/a>\u00a0incluyen:<\/p>\n<h3>Anestesia Local<\/h3>\n<p>Los anest\u00e9sicos locales adormecen un \u00e1rea espec\u00edfica del cuerpo. Los dentistas usan anest\u00e9sicos locales durante los procedimientos dentales. Los m\u00e9dicos de la sala de emergencias usan anest\u00e9sicos locales cuando suturan una laceraci\u00f3n.<\/p>\n<p>Los m\u00e9dicos suelen usar un bloqueador de canales i\u00f3nicos para la anestesia local. Por ejemplo, la proca\u00edna, el nombre gen\u00e9rico de Novoca\u00edna, es un bloqueador de canales de sodio.<\/p>\n<h3>Anestesia Regional<\/h3>\n<p>La anestesia regional evita que las se\u00f1ales nerviosas pasen de una regi\u00f3n espec\u00edfica de tu cuerpo. Los m\u00e9dicos utilizan anest\u00e9sicos regionales para procedimientos ambulatorios y otros tratamientos donde los m\u00e9dicos optan por no sedar al paciente.<\/p>\n<p>Por ejemplo, la epidural que los anestesi\u00f3logos administran a las mujeres embarazadas durante el trabajo de parto y el parto es un anest\u00e9sico regional. Para una epidural, los anestesi\u00f3logos inyectan un bloqueador de neurotransmisores en el \u00e1rea alrededor de la m\u00e9dula espinal. El anest\u00e9sico regional apaga los nervios al evitar que utilicen neurotransmisores.<\/p>\n<h3>Anestesia General<\/h3>\n<p>La anestesia general combina un anest\u00e9sico con un sedante. Los anestesi\u00f3logos a menudo utilizan un bloqueador de neurotransmisores, como un opioide, para apagar los nervios y bloquear el dolor. Los neurotransmisores pueden paralizarte ya que los nervios que llevan se\u00f1ales motoras tambi\u00e9n se apagan.<\/p>\n<p>La anestesia tambi\u00e9n incluye un sedante. El sedante te adormece, para que no te muevas, sientas dolor o reacciones mientras el m\u00e9dico realiza el procedimiento.<\/p>\n    <div class=\"cw-cta-box\">\n        <div class=\"cw-cta-box__inner \">\n            <div class=\"cw-cta-box__info\">\n                                    <div class=\"label\">\u00a1Llame ahora!<\/div>\n                            <\/div>\n                            <div class=\"contact-phone\">\n                    <a href=\"tel:7189939999\"\n                        aria-label=\"Tap to call button\">\n                        718-993-9999                    <\/a>\n                <\/div>\n                    <\/div>\n                    <a href=\"\/es\/contacto\/\"\n               class=\"cta-btn btn btn--primary btn\"\n               target=\"\">\n                Obtenga Una Consulta Gratuita            <\/a>\n            <\/div>\n    \n<h2>\u00bfC\u00f3mo Puede la Anestesia Causar Lesiones?<\/h2>\n<p>Los medicamentos anest\u00e9sicos son potentes. Tambi\u00e9n est\u00e1n destinados a ponerte en un estado de sue\u00f1o y par\u00e1lisis donde tu cerebro puede perder el control de funciones vitales como la respiraci\u00f3n y el latido del coraz\u00f3n. Estos efectos pueden causar lesiones graves si los anest\u00e9sicos se administran incorrectamente.<\/p>\n<p>Algunas lesiones que pueden resultar de la anestesia incluyen:<\/p>\n<h3>Lesiones An\u00f3xicas<\/h3>\n<p>Los sedantes utilizados para la anestesia general suelen ser tan potentes que pueden detener tu respiraci\u00f3n.<\/p>\n<p>Como resultado, el anestesi\u00f3logo debe:<\/p>\n<ul>\n<li>Administrar el anest\u00e9sico<\/li>\n<li>Monitorizar tus signos vitales durante el procedimiento<\/li>\n<li>Revivirte despu\u00e9s del procedimiento<\/li>\n<\/ul>\n<p>Las lesiones an\u00f3xicas ocurren cuando tu cerebro no recibe suficiente ox\u00edgeno. Esto puede suceder de varias maneras durante la anestesia.<\/p>\n<p>El anestesi\u00f3logo podr\u00eda administrar demasiada anestesia, paralizando tus pulmones. El anestesi\u00f3logo tambi\u00e9n podr\u00eda fallar en monitorearte, y podr\u00edas dejar de respirar. Incluso podr\u00edas sufrir una lesi\u00f3n an\u00f3xica si experimentas angustia durante el procedimiento y el m\u00e9dico no responde.<\/p>\n<h3>Sobredosis<\/h3>\n<p>Una sobredosis ocurre cuando recibes demasiada anestesia.<\/p>\n<p>Esto podr\u00eda resultar de:<\/p>\n<ul>\n<li>Registros hospitalarios que dan un peso corporal incorrecto para c\u00e1lculos de anestesia<\/li>\n<li>Un anestesi\u00f3logo que ordena la dosis incorrecta de anestesia<\/li>\n<li>Un farmac\u00e9utico que suministra la dosis o concentraci\u00f3n equivocada de anestesia<\/li>\n<li>Un anestesi\u00f3logo o enfermero anestesi\u00f3logo que administra la dosis o concentraci\u00f3n incorrecta<\/li>\n<\/ul>\n<p>En todos estos casos, la cantidad de anestesia podr\u00eda apagar tu cerebro, pulmones o coraz\u00f3n. Podr\u00eda ponerte en coma, causar da\u00f1o cerebral permanente o incluso matarte.<\/p>\n<h3>Subdosis<\/h3>\n<p>Una subdosis ocurre cuando no recibes suficiente anestesia. Esto podr\u00eda parecer un error inofensivo porque el anestesi\u00f3logo siempre puede administrar m\u00e1s anestesia.<\/p>\n<p>Pero en algunas situaciones, el anestesi\u00f3logo no puede corregir una subdosis porque el paciente no puede quejarse ante ellos. En un fen\u00f3meno llamado conciencia anest\u00e9sica, un anestesi\u00f3logo administra suficiente anest\u00e9sico para paralizarte. Pero el anestesi\u00f3logo no administra suficientes sedantes para dormirte.<\/p>\n<p>Como resultado, permaneces consciente durante tu procedimiento, pero como est\u00e1s paralizado, no puedes decirle al anestesi\u00f3logo del problema.<\/p>\n<h3>Da\u00f1o Nervioso<\/h3>\n<p>Los anest\u00e9sicos locales son, por definici\u00f3n, t\u00f3xicos para los nervios. En una dosis controlada, apagan los nervios temporalmente durante un procedimiento. En la cantidad incorrecta, apagan los nervios permanentemente al da\u00f1arlos de manera irreversible.<\/p>\n<h2>\u00bfPuedes Obtener Compensaci\u00f3n por Lesiones por Anestesia?<\/h2>\n<p>No todos los malos resultados se clasifican como\u00a0<a href=\"https:\/\/oreskylaw.com\/es\/queens\/abogados-de-negligencia-medica\/\">negligencia m\u00e9dica<\/a>. Si sufres un efecto secundario conocido despu\u00e9s de discutir los efectos secundarios con el m\u00e9dico, el m\u00e9dico podr\u00eda no haber cometido una negligencia. Pero si el m\u00e9dico proporcion\u00f3 un tratamiento que no cumpli\u00f3 con el est\u00e1ndar profesional de cuidado, el m\u00e9dico podr\u00eda haber cometido una negligencia.<\/p>\n<p>Una lesi\u00f3n por anestesia puede resultar en da\u00f1o nervioso o cerebral permanente. Incluso podr\u00eda matar al paciente. Para discutir la compensaci\u00f3n que puedes buscar por estos y otros efectos de una lesi\u00f3n por anestesia,\u00a0<a href=\"https:\/\/oreskylaw.com\/es\/contacto\/\">contacta<\/a>\u00a0a\u00a0<a href=\"https:\/\/oreskylaw.com\/es\/acerca-de-nosotros\/\">Oresky &amp; Associates, PLLC<\/a>\u00a0al\u00a0<a href=\"tel:+19299304705\">(929) 930-4705<\/a>\u00a0para una consulta gratuita.<\/p>\n","protected":false},"excerpt":{"rendered":"<p>Abogados de Confianza en Lesiones por Anestesia en New York La anestesia tiene m\u00faltiples usos, incluido el alivio del dolor, la par\u00e1lisis y la inducci\u00f3n del sue\u00f1o. Durante un procedimiento invasivo, los m\u00e9dicos necesitan usar anestesia para protegerte y ayudarles a realizar su trabajo. Pero cuando se administra incorrectamente, la anestesia puede causarte lesiones. Estas [&hellip;]<\/p>\n","protected":false},"author":9,"featured_media":0,"parent":19949,"menu_order":7,"comment_status":"closed","ping_status":"closed","template":"","meta":{"_acf_changed":false,"footnotes":""},"class_list":["post-19989","page","type-page","status-publish","hentry"],"acf":[],"yoast_head":"<!-- This site is optimized with the Yoast SEO plugin v27.3 - https:\/\/yoast.com\/product\/yoast-seo-wordpress\/ -->\n<title>Abogado de Lesiones por Anestesia - Oresky &amp; Associates, PLLC<\/title>\n<meta name=\"description\" content=\"Si ha sufrido una lesi\u00f3n por anestesia, nuestro bufete de abogados Oresky &amp; Associates, PLLC luchar\u00e1 por la compensaci\u00f3n que merece. \u00a1Ll\u00e1menos ahora mismo!\" \/>\n<meta name=\"robots\" content=\"index, follow, max-snippet:-1, max-image-preview:large, max-video-preview:-1\" \/>\n<link rel=\"canonical\" href=\"https:\/\/oreskylaw.com\/es\/lesion\/abogados-de-lesiones-por-anestesia\/\" \/>\n<meta property=\"og:locale\" content=\"es_ES\" \/>\n<meta property=\"og:type\" content=\"article\" \/>\n<meta property=\"og:title\" content=\"Abogado de Lesiones por Anestesia - Oresky &amp; Associates, PLLC\" \/>\n<meta property=\"og:description\" content=\"Si ha sufrido una lesi\u00f3n por anestesia, nuestro bufete de abogados Oresky &amp; Associates, PLLC luchar\u00e1 por la compensaci\u00f3n que merece. \u00a1Ll\u00e1menos ahora mismo!\" \/>\n<meta property=\"og:url\" content=\"https:\/\/oreskylaw.com\/es\/lesion\/abogados-de-lesiones-por-anestesia\/\" \/>\n<meta property=\"og:site_name\" content=\"Oresky &amp; Associates, PLLC\" \/>\n<meta property=\"article:publisher\" content=\"https:\/\/www.facebook.com\/Oreskylaw\/\" \/>\n<meta property=\"article:modified_time\" content=\"2026-01-31T11:50:13+00:00\" \/>\n<meta property=\"og:image\" content=\"https:\/\/oreskylaw.com\/wp-content\/uploads\/2026\/01\/oresky-team-careers.png\" \/>\n\t<meta property=\"og:image:width\" content=\"995\" \/>\n\t<meta property=\"og:image:height\" content=\"617\" \/>\n\t<meta property=\"og:image:type\" content=\"image\/png\" \/>\n<meta name=\"twitter:card\" content=\"summary_large_image\" \/>\n<meta name=\"twitter:site\" content=\"@JacobOreskyLaw\" \/>\n<meta name=\"twitter:label1\" content=\"Tiempo de lectura\" \/>\n\t<meta name=\"twitter:data1\" content=\"5 minutos\" \/>\n<!-- \/ Yoast SEO plugin. -->","yoast_head_json":{"title":"Abogado de Lesiones por Anestesia - Oresky & Associates, PLLC","description":"Si ha sufrido una lesi\u00f3n por anestesia, nuestro bufete de abogados Oresky & Associates, PLLC luchar\u00e1 por la compensaci\u00f3n que merece. \u00a1Ll\u00e1menos ahora mismo!","robots":{"index":"index","follow":"follow","max-snippet":"max-snippet:-1","max-image-preview":"max-image-preview:large","max-video-preview":"max-video-preview:-1"},"canonical":"https:\/\/oreskylaw.com\/es\/lesion\/abogados-de-lesiones-por-anestesia\/","og_locale":"es_ES","og_type":"article","og_title":"Abogado de Lesiones por Anestesia - Oresky & Associates, PLLC","og_description":"Si ha sufrido una lesi\u00f3n por anestesia, nuestro bufete de abogados Oresky & Associates, PLLC luchar\u00e1 por la compensaci\u00f3n que merece. \u00a1Ll\u00e1menos ahora mismo!","og_url":"https:\/\/oreskylaw.com\/es\/lesion\/abogados-de-lesiones-por-anestesia\/","og_site_name":"Oresky &amp; Associates, PLLC","article_publisher":"https:\/\/www.facebook.com\/Oreskylaw\/","article_modified_time":"2026-01-31T11:50:13+00:00","og_image":[{"width":995,"height":617,"url":"https:\/\/oreskylaw.com\/wp-content\/uploads\/2026\/01\/oresky-team-careers.png","type":"image\/png"}],"twitter_card":"summary_large_image","twitter_site":"@JacobOreskyLaw","twitter_misc":{"Tiempo de lectura":"5 minutos"},"schema":{"@context":"https:\/\/schema.org","@graph":[{"@type":"WebPage","@id":"https:\/\/oreskylaw.com\/es\/lesion\/abogados-de-lesiones-por-anestesia\/","url":"https:\/\/oreskylaw.com\/es\/lesion\/abogados-de-lesiones-por-anestesia\/","name":"Abogado de Lesiones por Anestesia - Oresky & Associates, PLLC","isPartOf":{"@id":"https:\/\/oreskylaw.com\/es\/#website"},"datePublished":"2025-12-10T06:08:13+00:00","dateModified":"2026-01-31T11:50:13+00:00","description":"Si ha sufrido una lesi\u00f3n por anestesia, nuestro bufete de abogados Oresky & Associates, PLLC luchar\u00e1 por la compensaci\u00f3n que merece. \u00a1Ll\u00e1menos ahora mismo!","breadcrumb":{"@id":"https:\/\/oreskylaw.com\/es\/lesion\/abogados-de-lesiones-por-anestesia\/#breadcrumb"},"inLanguage":"es","potentialAction":[{"@type":"ReadAction","target":["https:\/\/oreskylaw.com\/es\/lesion\/abogados-de-lesiones-por-anestesia\/"]}]},{"@type":"BreadcrumbList","@id":"https:\/\/oreskylaw.com\/es\/lesion\/abogados-de-lesiones-por-anestesia\/#breadcrumb","itemListElement":[{"@type":"ListItem","position":1,"name":"Inicio","item":"https:\/\/oreskylaw.com\/es\/"},{"@type":"ListItem","position":2,"name":"Recursos","item":"https:\/\/oreskylaw.com\/es\/lesion\/"},{"@type":"ListItem","position":3,"name":"Lesi\u00f3n por Anestesia"}]},{"@type":"WebSite","@id":"https:\/\/oreskylaw.com\/es\/#website","url":"https:\/\/oreskylaw.com\/es\/","name":"Oresky & Associates PLLC","description":"","publisher":{"@id":"https:\/\/oreskylaw.com\/es\/#organization"},"potentialAction":[{"@type":"SearchAction","target":{"@type":"EntryPoint","urlTemplate":"https:\/\/oreskylaw.com\/es\/?s={search_term_string}"},"query-input":{"@type":"PropertyValueSpecification","valueRequired":true,"valueName":"search_term_string"}}],"inLanguage":"es"}]}},"_links":{"self":[{"href":"https:\/\/oreskylaw.com\/es\/wp-json\/wp\/v2\/pages\/19989","targetHints":{"allow":["GET"]}}],"collection":[{"href":"https:\/\/oreskylaw.com\/es\/wp-json\/wp\/v2\/pages"}],"about":[{"href":"https:\/\/oreskylaw.com\/es\/wp-json\/wp\/v2\/types\/page"}],"author":[{"embeddable":true,"href":"https:\/\/oreskylaw.com\/es\/wp-json\/wp\/v2\/users\/9"}],"replies":[{"embeddable":true,"href":"https:\/\/oreskylaw.com\/es\/wp-json\/wp\/v2\/comments?post=19989"}],"version-history":[{"count":0,"href":"https:\/\/oreskylaw.com\/es\/wp-json\/wp\/v2\/pages\/19989\/revisions"}],"up":[{"embeddable":true,"href":"https:\/\/oreskylaw.com\/es\/wp-json\/wp\/v2\/pages\/19949"}],"wp:attachment":[{"href":"https:\/\/oreskylaw.com\/es\/wp-json\/wp\/v2\/media?parent=19989"}],"curies":[{"name":"wp","href":"https:\/\/api.w.org\/{rel}","templated":true}]}}