{"id":20001,"date":"2025-12-10T06:08:48","date_gmt":"2025-12-10T06:08:48","guid":{"rendered":"https:\/\/oreskylaw.com\/?page_id=20001"},"modified":"2026-01-31T11:52:56","modified_gmt":"2026-01-31T11:52:56","slug":"abogados-de-lesiones-de-espalda","status":"publish","type":"page","link":"https:\/\/oreskylaw.com\/es\/lesion\/abogados-de-lesiones-de-espalda\/","title":{"rendered":"Lesi\u00f3n de Espalda"},"content":{"rendered":"<h2>Sus Abogados de Confianza en Lesiones de Espalda en New York<\/h2>\n<p>Su espalda sostiene su peso. Es posible que ninguna posici\u00f3n sea c\u00f3moda cuando su espalda est\u00e1 lesionada, ya sea de pie, sentado o acostado.<\/p>\n<p>Como resultado, su calidad de vida podr\u00eda sufrir significativamente. M\u00e1s importante a\u00fan, es posible que falte al trabajo durante un tiempo considerable y necesite una cirug\u00eda costosa y terapia f\u00edsica para intentar aliviar su dolor.<\/p>\n<p>A continuaci\u00f3n, aprender\u00e1 sobre las causas y s\u00edntomas de una lesi\u00f3n de espalda y c\u00f3mo buscar compensaci\u00f3n por ella.<\/p>\n<h2>\u00bfCu\u00e1l es la Estructura de su Espalda?<\/h2>\n<p>Su espalda juega dos roles contradictorios. Sostiene el peso de su torso, extremidades superiores y cabeza. Pero tambi\u00e9n le brinda la flexibilidad para inclinarse o girar el cuerpo. Esto lo hace porque su columna contiene\u00a0<a href=\"https:\/\/www.cedars-sinai.org\/health-library\/diseases-and-conditions\/a\/anatomy-of-the-spine.html\" target=\"_blank\" rel=\"nofollow noopener noreferrer\">24 huesos separados llamados v\u00e9rtebras<\/a>.<\/p>\n<p>Cuando est\u00e1 de pie, las v\u00e9rtebras se alinean para formar una columna fuerte. Cuando las v\u00e9rtebras y los discos entre ellas est\u00e1n sanos, pueden soportar su peso.<\/p>\n<p>Al mismo tiempo, las v\u00e9rtebras individuales permiten que su columna se arquee y gire. Este movimiento ocurre cuando las v\u00e9rtebras se mueven sobre el material liso y resistente de los discos.<\/p>\n<p>Cada v\u00e9rtebra incluye un cuerpo y procesos en forma de alas. El cuerpo lleva su peso mientras los procesos se unen a los tendones de los m\u00fasculos de la espalda.<\/p>\n<p>El espacio entre el cuerpo y los procesos forma el canal vertebral. El canal vertebral protege la m\u00e9dula espinal.<\/p>\n<p>Los discos se encuentran entre pares adyacentes de v\u00e9rtebras. Los discos tienen un anillo fibroso que rodea un n\u00facleo similar al gel. Los discos amortiguan las v\u00e9rtebras y les dan una superficie lisa sobre la cual moverse.<\/p>\n<p>Los ligamentos mantienen sus v\u00e9rtebras unidas. Tambi\u00e9n mantienen la tensi\u00f3n en su columna para mantener los discos en su lugar.<\/p>\n<p>Algunos de los m\u00fasculos m\u00e1s grandes del cuerpo tambi\u00e9n se encuentran en su espalda. Estos m\u00fasculos se anclan a sus om\u00f3platos, columna, costillas, pelvis y cr\u00e1neo. Mueven su espalda y le dan la fuerza para llevar su cuerpo.<\/p>\n<h2>\u00bfC\u00f3mo Ocurre una Lesi\u00f3n de Espalda?<\/h2>\n<p>Una lesi\u00f3n de espalda puede tener varias causas, incluyendo:<\/p>\n<h3>Hiperextensi\u00f3n<\/h3>\n<p>La hiperextensi\u00f3n ocurre cuando las fuerzas en su espalda la hacen estirarse, doblarse o girar anormalmente.<\/p>\n<p>Por ejemplo, otro veh\u00edculo podr\u00eda chocarlo desde el lado durante un accidente automovil\u00edstico en una intersecci\u00f3n. Esto forzar\u00eda su cuerpo hacia arriba, haciendo que su espalda se doble hacia la colisi\u00f3n, luego alej\u00e1ndose de ella. La fuerza del latigazo lateral podr\u00eda hiperextender los m\u00fasculos, tendones y ligamentos de su espalda.<\/p>\n<h3>Trauma por Golpe Contundente<\/h3>\n<p>Otra causa de lesiones de espalda es un impacto contundente, que ocurre cuando algo golpea su espalda sin causar una herida abierta.<\/p>\n<p>Un objeto podr\u00eda golpear su espalda. Un auto que golpea su espalda en un\u00a0<a href=\"https:\/\/oreskylaw.com\/es\/bronx\/abogados-de-accidentes-de-peatones\/\">accidente peatonal<\/a> causar\u00eda trauma por golpe contundente.<\/p>\n<p>Su espalda podr\u00eda golpear un objeto. Podr\u00eda sufrir trauma por golpe contundente cuando su espalda golpea el suelo despu\u00e9s de un\u00a0<a href=\"https:\/\/oreskylaw.com\/es\/bronx\/abogados-de-resbalones-y-caidas\/\">accidente por resbal\u00f3n y ca\u00edda<\/a>.<\/p>\n<h3>Trauma Penetrante<\/h3>\n<p>El trauma penetrante ocurre cuando algo golpea su espalda y perfora la piel. El trauma penetrante puede ocurrir en un\u00a0<a href=\"https:\/\/oreskylaw.com\/es\/bronx\/abogados-de-resbalones-y-caidas\/\">accidente laboral<\/a> cuando un pedazo de material sale despedido de una m\u00e1quina defectuosa y penetra su espalda.<\/p>\n<h3>Sobrecarga<\/h3>\n<p>Una lesi\u00f3n ocupacional com\u00fan ocurre al realizar movimientos repetitivos en el trabajo como levantar, cargar y caminar. Se forman peque\u00f1as l\u00e1grimas y grietas en sus huesos, m\u00fasculos, tendones y ligamentos cuando estresa su espalda. Con descanso, estas peque\u00f1as lesiones sanar\u00e1n.<\/p>\n<p>Una raz\u00f3n para hacer ejercicio es que estas peque\u00f1as lesiones sanan m\u00e1s fuertes que antes, lo que le permite desarrollar masa muscular y \u00f3sea.<\/p>\n<p>Pero si repite movimientos sin descansar, estas peque\u00f1as l\u00e1grimas y grietas se propagar\u00e1n en lugar de sanar. Como resultado, puede desarrollar fracturas por estr\u00e9s,\u00a0<a href=\"https:\/\/www.healthline.com\/health\/degenerative-disc-disease#symptoms\" target=\"_blank\" rel=\"nofollow noopener noreferrer\">enfermedad degenerativa del disco<\/a>, y m\u00fasculos desgarrados, tendones y ligamentos.<\/p>\n<p>La\u00a0<a href=\"https:\/\/oreskylaw.com\/es\/bronx\/abogados-de-accidentes-de-soldadura\/\">compensaci\u00f3n para<\/a>\u00a0trabajadores generalmente cubre estas lesiones cuando ocurren en el trabajo.<\/p>\n    <div class=\"cw-cta-box\">\n        <div class=\"cw-cta-box__inner \">\n            <div class=\"cw-cta-box__info\">\n                                    <div class=\"label\">\u00a1Llame ahora!<\/div>\n                            <\/div>\n                            <div class=\"contact-phone\">\n                    <a href=\"tel:7189939999\"\n                        aria-label=\"Tap to call button\">\n                        718-993-9999                    <\/a>\n                <\/div>\n                    <\/div>\n                    <a href=\"\/es\/contacto\/\"\n               class=\"cta-btn btn btn--primary btn\"\n               target=\"\">\n                Obtenga Una Consulta Gratuita            <\/a>\n            <\/div>\n    \n<h2>\u00bfCu\u00e1les son Algunos Ejemplos de Lesiones de Espalda?<\/h2>\n<p>Las lesiones de espalda pueden adoptar muchas formas dependiendo de los tejidos lesionados. El tipo de lesi\u00f3n determinar\u00e1 el pron\u00f3stico y tratamiento para la lesi\u00f3n.<\/p>\n<p>Algunos ejemplos de lesiones de espalda incluyen:<\/p>\n<h3>Tirones y Esguinces de Espalda<\/h3>\n<p>Cuando\u00a0<a href=\"https:\/\/my.clevelandclinic.org\/health\/diseases\/10265-back-strains-and-sprains\" target=\"_blank\" rel=\"nofollow noopener noreferrer\">estira o desgarra<\/a>\u00a0los m\u00fasculos, tendones o ligamentos en su espalda, podr\u00eda sufrir limitaciones significativas en sus actividades. Un tir\u00f3n ocurre cuando los m\u00fasculos o tendones se estiran o desgarran.<\/p>\n<p>Los s\u00edntomas de un tir\u00f3n de espalda incluyen:<\/p>\n<ul>\n<li>Dolor<\/li>\n<li>Limitaci\u00f3n del rango de movimiento<\/li>\n<li>Hinchaz\u00f3n<\/li>\n<li>Espasmos musculares<\/li>\n<li>Debilidad en la espalda<\/li>\n<\/ul>\n<p>Un esguince ocurre cuando estira o desgarra los ligamentos en su espalda, como los que mantienen unidos sus v\u00e9rtebras.<\/p>\n<p>Los s\u00edntomas de un esguince de espalda incluyen:<\/p>\n<ul>\n<li>Dolor<\/li>\n<li>Rigidez<\/li>\n<li>Hinchaz\u00f3n<\/li>\n<li>Moretones<\/li>\n<li>Sensaci\u00f3n de estallido durante la lesi\u00f3n<\/li>\n<\/ul>\n<p>Los esguinces y tirones se curan por s\u00ed solos en la mayor\u00eda de los casos. Es probable que su m\u00e9dico le recete descanso y tiempo libre del trabajo. Tambi\u00e9n puede tomar medicamentos antiinflamatorios para reducir la hinchaz\u00f3n y promover la curaci\u00f3n.<\/p>\n<h3>Disco Da\u00f1ado<\/h3>\n<p>El trauma y el desgaste pueden causar que el tejido de sus discos se descomponga. Usted tiene un disco abultado cuando el anillo se deforma en una forma plana. Usted tiene un disco herniado cuando el anillo\u00a0<a href=\"https:\/\/www.pennmedicine.org\/updates\/blogs\/musculoskeletal-and-rheumatology\/2018\/november\/bulging-disc-vs-herniated-disc\" target=\"_blank\" rel=\"nofollow noopener noreferrer\">se separa y permite que el n\u00facleo se exprima hacia fuera<\/a>.<\/p>\n<p>En cualquiera de los casos, el disco deformado har\u00e1 que su espalda se vuelva inestable y d\u00e9bil. El disco da\u00f1ado tambi\u00e9n puede causar dolor local y radiante, ya que el disco deformado puede presionar las ra\u00edces nerviosas cercanas.<\/p>\n<h3>V\u00e9rtebra Fracturada<\/h3>\n<p>La lesi\u00f3n de espalda m\u00e1s grave es una v\u00e9rtebra fracturada. Una v\u00e9rtebra puede fracturarse por un trauma que rompe el cuerpo o los procesos de la v\u00e9rtebra.<\/p>\n<p>Una v\u00e9rtebra fracturada puede paralizarlo si fragmentos \u00f3seos se desplazan hacia el canal vertebral y cortan o comprimen la m\u00e9dula espinal.<\/p>\n<h2>\u00bfC\u00f3mo Obtener Compensaci\u00f3n por una Lesi\u00f3n de Espalda?<\/h2>\n<p>Puede buscar una compensaci\u00f3n para trabajadores si sufri\u00f3 su lesi\u00f3n de espalda en el curso y alcance de su trabajo. Puede buscar compensaci\u00f3n por lesiones personales si puede probar que su accidente fue el resultado de la negligencia de otra persona.<\/p>\n<p>Las lesiones de espalda son la causa m\u00e1s com\u00fan de d\u00edas de trabajo perdidos. Pueden afectar significativamente su capacidad para trabajar y ganarse la vida. Tambi\u00e9n pueden impedirle disfrutar de las actividades que ama, desde los deportes hasta los viajes.<\/p>\n<p>Para discutir la compensaci\u00f3n que puede buscar por los efectos de su lesi\u00f3n en la espalda, <a href=\"https:\/\/oreskylaw.com\/es\/contacto\/\">comun\u00edquese con<\/a> Oresky &amp; Associates, PLLC para programar una consulta gratuita con uno de nuestros <a href=\"https:\/\/oreskylaw.com\/es\/bronx\/\">abogados de lesiones personales<\/a>\u00a0en el Bronx o nuestro\u00a0<a href=\"https:\/\/oreskylaw.com\/es\/queens\/\">abogado de lesiones personales en Queens<\/a>.<\/p>\n","protected":false},"excerpt":{"rendered":"<p>Sus Abogados de Confianza en Lesiones de Espalda en New York Su espalda sostiene su peso. Es posible que ninguna posici\u00f3n sea c\u00f3moda cuando su espalda est\u00e1 lesionada, ya sea de pie, sentado o acostado. Como resultado, su calidad de vida podr\u00eda sufrir significativamente. M\u00e1s importante a\u00fan, es posible que falte al trabajo durante un [&hellip;]<\/p>\n","protected":false},"author":9,"featured_media":0,"parent":19949,"menu_order":9,"comment_status":"closed","ping_status":"closed","template":"","meta":{"_acf_changed":false,"footnotes":""},"class_list":["post-20001","page","type-page","status-publish","hentry"],"acf":[],"yoast_head":"<!-- This site is optimized with the Yoast SEO plugin v27.3 - https:\/\/yoast.com\/product\/yoast-seo-wordpress\/ -->\n<title>Abogado de Lesiones de Espalda - Oresky &amp; Associates, PLLC<\/title>\n<meta name=\"description\" content=\"\u00bfSufre de una lesi\u00f3n de espalda? Podr\u00eda tener derecho a una compensaci\u00f3n. Nuestro bufete de abogados le ayudar\u00e1 a explorar sus opciones. Ll\u00e1menos hoy.\" \/>\n<meta name=\"robots\" content=\"index, follow, max-snippet:-1, max-image-preview:large, max-video-preview:-1\" \/>\n<link rel=\"canonical\" href=\"https:\/\/oreskylaw.com\/es\/lesion\/abogados-de-lesiones-de-espalda\/\" \/>\n<meta property=\"og:locale\" content=\"es_ES\" \/>\n<meta property=\"og:type\" content=\"article\" \/>\n<meta property=\"og:title\" content=\"Abogado de Lesiones de Espalda - Oresky &amp; Associates, PLLC\" \/>\n<meta property=\"og:description\" content=\"\u00bfSufre de una lesi\u00f3n de espalda? Podr\u00eda tener derecho a una compensaci\u00f3n. Nuestro bufete de abogados le ayudar\u00e1 a explorar sus opciones. Ll\u00e1menos hoy.\" \/>\n<meta property=\"og:url\" content=\"https:\/\/oreskylaw.com\/es\/lesion\/abogados-de-lesiones-de-espalda\/\" \/>\n<meta property=\"og:site_name\" content=\"Oresky &amp; Associates, PLLC\" \/>\n<meta property=\"article:publisher\" content=\"https:\/\/www.facebook.com\/Oreskylaw\/\" \/>\n<meta property=\"article:modified_time\" content=\"2026-01-31T11:52:56+00:00\" \/>\n<meta property=\"og:image\" content=\"https:\/\/oreskylaw.com\/wp-content\/uploads\/2026\/01\/oresky-team-careers.png\" \/>\n\t<meta property=\"og:image:width\" content=\"995\" \/>\n\t<meta property=\"og:image:height\" content=\"617\" \/>\n\t<meta property=\"og:image:type\" content=\"image\/png\" \/>\n<meta name=\"twitter:card\" content=\"summary_large_image\" \/>\n<meta name=\"twitter:site\" content=\"@JacobOreskyLaw\" \/>\n<meta name=\"twitter:label1\" content=\"Tiempo de lectura\" \/>\n\t<meta name=\"twitter:data1\" content=\"5 minutos\" \/>\n<!-- \/ Yoast SEO plugin. -->","yoast_head_json":{"title":"Abogado de Lesiones de Espalda - Oresky & Associates, PLLC","description":"\u00bfSufre de una lesi\u00f3n de espalda? Podr\u00eda tener derecho a una compensaci\u00f3n. Nuestro bufete de abogados le ayudar\u00e1 a explorar sus opciones. Ll\u00e1menos hoy.","robots":{"index":"index","follow":"follow","max-snippet":"max-snippet:-1","max-image-preview":"max-image-preview:large","max-video-preview":"max-video-preview:-1"},"canonical":"https:\/\/oreskylaw.com\/es\/lesion\/abogados-de-lesiones-de-espalda\/","og_locale":"es_ES","og_type":"article","og_title":"Abogado de Lesiones de Espalda - Oresky & Associates, PLLC","og_description":"\u00bfSufre de una lesi\u00f3n de espalda? Podr\u00eda tener derecho a una compensaci\u00f3n. Nuestro bufete de abogados le ayudar\u00e1 a explorar sus opciones. Ll\u00e1menos hoy.","og_url":"https:\/\/oreskylaw.com\/es\/lesion\/abogados-de-lesiones-de-espalda\/","og_site_name":"Oresky &amp; Associates, PLLC","article_publisher":"https:\/\/www.facebook.com\/Oreskylaw\/","article_modified_time":"2026-01-31T11:52:56+00:00","og_image":[{"width":995,"height":617,"url":"https:\/\/oreskylaw.com\/wp-content\/uploads\/2026\/01\/oresky-team-careers.png","type":"image\/png"}],"twitter_card":"summary_large_image","twitter_site":"@JacobOreskyLaw","twitter_misc":{"Tiempo de lectura":"5 minutos"},"schema":{"@context":"https:\/\/schema.org","@graph":[{"@type":"WebPage","@id":"https:\/\/oreskylaw.com\/es\/lesion\/abogados-de-lesiones-de-espalda\/","url":"https:\/\/oreskylaw.com\/es\/lesion\/abogados-de-lesiones-de-espalda\/","name":"Abogado de Lesiones de Espalda - Oresky & Associates, PLLC","isPartOf":{"@id":"https:\/\/oreskylaw.com\/es\/#website"},"datePublished":"2025-12-10T06:08:48+00:00","dateModified":"2026-01-31T11:52:56+00:00","description":"\u00bfSufre de una lesi\u00f3n de espalda? Podr\u00eda tener derecho a una compensaci\u00f3n. Nuestro bufete de abogados le ayudar\u00e1 a explorar sus opciones. Ll\u00e1menos hoy.","breadcrumb":{"@id":"https:\/\/oreskylaw.com\/es\/lesion\/abogados-de-lesiones-de-espalda\/#breadcrumb"},"inLanguage":"es","potentialAction":[{"@type":"ReadAction","target":["https:\/\/oreskylaw.com\/es\/lesion\/abogados-de-lesiones-de-espalda\/"]}]},{"@type":"BreadcrumbList","@id":"https:\/\/oreskylaw.com\/es\/lesion\/abogados-de-lesiones-de-espalda\/#breadcrumb","itemListElement":[{"@type":"ListItem","position":1,"name":"Inicio","item":"https:\/\/oreskylaw.com\/es\/"},{"@type":"ListItem","position":2,"name":"Recursos","item":"https:\/\/oreskylaw.com\/es\/lesion\/"},{"@type":"ListItem","position":3,"name":"Lesi\u00f3n de Espalda"}]},{"@type":"WebSite","@id":"https:\/\/oreskylaw.com\/es\/#website","url":"https:\/\/oreskylaw.com\/es\/","name":"Oresky & Associates PLLC","description":"","publisher":{"@id":"https:\/\/oreskylaw.com\/es\/#organization"},"potentialAction":[{"@type":"SearchAction","target":{"@type":"EntryPoint","urlTemplate":"https:\/\/oreskylaw.com\/es\/?s={search_term_string}"},"query-input":{"@type":"PropertyValueSpecification","valueRequired":true,"valueName":"search_term_string"}}],"inLanguage":"es"}]}},"_links":{"self":[{"href":"https:\/\/oreskylaw.com\/es\/wp-json\/wp\/v2\/pages\/20001","targetHints":{"allow":["GET"]}}],"collection":[{"href":"https:\/\/oreskylaw.com\/es\/wp-json\/wp\/v2\/pages"}],"about":[{"href":"https:\/\/oreskylaw.com\/es\/wp-json\/wp\/v2\/types\/page"}],"author":[{"embeddable":true,"href":"https:\/\/oreskylaw.com\/es\/wp-json\/wp\/v2\/users\/9"}],"replies":[{"embeddable":true,"href":"https:\/\/oreskylaw.com\/es\/wp-json\/wp\/v2\/comments?post=20001"}],"version-history":[{"count":0,"href":"https:\/\/oreskylaw.com\/es\/wp-json\/wp\/v2\/pages\/20001\/revisions"}],"up":[{"embeddable":true,"href":"https:\/\/oreskylaw.com\/es\/wp-json\/wp\/v2\/pages\/19949"}],"wp:attachment":[{"href":"https:\/\/oreskylaw.com\/es\/wp-json\/wp\/v2\/media?parent=20001"}],"curies":[{"name":"wp","href":"https:\/\/api.w.org\/{rel}","templated":true}]}}