{"id":20025,"date":"2025-12-10T06:09:27","date_gmt":"2025-12-10T06:09:27","guid":{"rendered":"https:\/\/oreskylaw.com\/?page_id=20025"},"modified":"2026-01-31T12:23:00","modified_gmt":"2026-01-31T12:23:00","slug":"abogados-de-lesiones-huesos-rotos","status":"publish","type":"page","link":"https:\/\/oreskylaw.com\/es\/lesion\/abogados-de-lesiones-huesos-rotos\/","title":{"rendered":"Huesos Rotos"},"content":{"rendered":"<h2>Sus Abogados de Confianza en NYC para Fracturas \u00d3seas<\/h2>\n<p>Sus huesos le proporcionan estructura a su cuerpo. Cuando se rompe un hueso, su cuerpo se vuelve inestable. Probablemente experimentar\u00e1 un profundo dolor al ejercer presi\u00f3n sobre el hueso fracturado. Incluso despu\u00e9s de que se cure, es posible que a\u00fan sienta dolor en el sitio de la fractura o cerca de \u00e9l.<\/p>\n<p>Lea a continuaci\u00f3n para obtener una visi\u00f3n general de las fracturas \u00f3seas y la compensaci\u00f3n que puede solicitar por ellas.<\/p>\n<h2>\u00bfCu\u00e1l es la estructura y funci\u00f3n de su esqueleto?<\/h2>\n<p>Su sistema m\u00fasculo-esquel\u00e9tico incluye huesos y tejido blando. Los huesos tienen tejido osificado. La osificaci\u00f3n ocurre cuando sus c\u00e9lulas utilizan minerales como el calcio y el f\u00f3sforo para construir una estructura de celos\u00eda. Esta celos\u00eda mineral hace que sus huesos sean r\u00edgidos.<\/p>\n<p>El tejido blando incluye todo el tejido no osificado en su sistema m\u00fasculo-esquel\u00e9tico. El tejido blando incluye m\u00fasculos, tendones, ligamentos y cart\u00edlago.<\/p>\n<p>Su esqueleto y tejidos blandos cooperan en <a href=\"https:\/\/www.visiblebody.com\/learn\/skeleton\/overview-of-skeleton\" target=\"_blank\" rel=\"nofollow noopener noreferrer\">proporcionar estructura, fuerza y movimiento<\/a>\u00a0a su cuerpo. Su esqueleto es el andamio que le da a su cuerpo su forma. Tambi\u00e9n protege los \u00f3rganos del cuerpo en su cabeza y pecho.<\/p>\n<p>El tejido blando se ancla al esqueleto. Los ligamentos mantienen unidos los huesos en las articulaciones. Los ligamentos utilizan su naturaleza fuerte y el\u00e1stica para guiar sus articulaciones y proporcionar la flexibilidad que les permite moverse.<\/p>\n<p>El esqueleto proporciona palanca para que sus m\u00fasculos muevan su cuerpo. Los m\u00fasculos se anclan a los huesos mediante tendones.<\/p>\n<p>El cart\u00edlago recubre sus articulaciones. El cart\u00edlago amortigua sus articulaciones y les permite moverse suavemente. Cuando el cart\u00edlago se desgasta, los huesos pueden rozarse entre s\u00ed, causando artritis.<\/p>\n<p>Sus huesos tambi\u00e9n juegan un papel en su sistema circulatorio. Sus huesos tienen poros por toda la superficie para los vasos sangu\u00edneos. Estos vasos sangu\u00edneos suministran ox\u00edgeno a sus c\u00e9lulas \u00f3seas. Tambi\u00e9n recogen nuevas c\u00e9lulas sangu\u00edneas fabricadas en la m\u00e9dula \u00f3sea. Estas nuevas c\u00e9lulas rojas, blancas y plaquetas reemplazan a las viejas c\u00e9lulas sangu\u00edneas filtradas por el bazo.<\/p>\n<h2>\u00bfC\u00f3mo Suceden las Fracturas \u00d3seas?<\/h2>\n<p>Las fracturas \u00f3seas suceden cuando una fuerza sobre los huesos excede la resistencia de la celos\u00eda mineral. Esto puede ocurrir de varias maneras, incluyendo:<\/p>\n<h3>Fuerzas de Impacto<\/h3>\n<p>Cuando algo golpea su cuerpo, puede hacerlo con suficiente fuerza para fracturar sus huesos. Las fuerzas de impacto pueden venir de un objeto que golpea su cuerpo. Por ejemplo, un coche que golpea su cuerpo en un accidente peatonal puede fracturar sus huesos.<\/p>\n<p>Las fuerzas de impacto tambi\u00e9n pueden provenir de objetos que su cuerpo golpea. Puede romperse huesos en sus brazos cuando golpean el suelo en un\u00a0<a href=\"https:\/\/oreskylaw.com\/es\/bronx\/abogados-de-resbalones-y-caidas\/\">accidente de resbal\u00f3n y ca\u00edda<\/a>.<\/p>\n<h3>Fuerzas de Aplastamiento<\/h3>\n<p>Las fuerzas de aplastamiento ocurren sobre una superficie. Como resultado, las fuerzas de aplastamiento pueden fracturar m\u00faltiples huesos o fracturar huesos m\u00e1s grandes en m\u00faltiples piezas.<\/p>\n<p>Las fuerzas de aplastamiento pueden suceder en\u00a0<a href=\"https:\/\/oreskylaw.com\/es\/bronx\/abogados-de-accidentes-de-construccion\/\">accidentes de construcci\u00f3n<\/a>. Un accidente com\u00fan en los sitios de construcci\u00f3n sucede cuando un trabajador queda atrapado entre un veh\u00edculo y otro veh\u00edculo o un objeto estacionario.<\/p>\n<p>Los\u00a0<a href=\"https:\/\/oreskylaw.com\/es\/bronx\/abogados-de-accidentes-de-auto\/\">accidentes automovil\u00edsticos<\/a>\u00a0tambi\u00e9n pueden causar fuerzas de aplastamiento. En una colisi\u00f3n frontal o lateral, el compartimento del pasajero de su coche puede colapsar y aplastarlo.<\/p>\n<h3>Estr\u00e9s Repetitivo<\/h3>\n<p>El estr\u00e9s puede causar microfisuras en los huesos. Si descansa, estas microfisuras se curan. Pero si repite el movimiento causante del estr\u00e9s d\u00eda tras d\u00eda, las microfisuras crecer\u00e1n convirti\u00e9ndose en una fractura.<\/p>\n<p>Las fracturas por estr\u00e9s a menudo forman la base de las reclamaciones de\u00a0<a href=\"https:\/\/oreskylaw.com\/es\/bronx\/abogados-de-accidentes-de-soldadura\/\">compensaci\u00f3n a trabajadores<\/a>. Los trabajadores que caminan, levantan y transportan como parte regular de sus trabajos pueden desarrollar estas fracturas.<\/p>\n    <div class=\"cw-cta-box\">\n        <div class=\"cw-cta-box__inner \">\n            <div class=\"cw-cta-box__info\">\n                                    <div class=\"label\">\u00a1Llame ahora!<\/div>\n                            <\/div>\n                            <div class=\"contact-phone\">\n                    <a href=\"tel:7189939999\"\n                        aria-label=\"Tap to call button\">\n                        718-993-9999                    <\/a>\n                <\/div>\n                    <\/div>\n                    <a href=\"\/es\/contacto\/\"\n               class=\"cta-btn btn btn--primary btn\"\n               target=\"\">\n                Obtenga Una Consulta Gratuita            <\/a>\n            <\/div>\n    \n<h2>\u00bfQu\u00e9 Tipos de Fracturas \u00d3seas Pueden Ocurrir?<\/h2>\n<p>Las fracturas \u00f3seas se\u00a0<a href=\"https:\/\/orthoinfo.aaos.org\/en\/diseases--conditions\/fractures-broken-bones\/\" target=\"_blank\" rel=\"nofollow noopener noreferrer\">dividen en diferentes tipos<\/a>\u00a0basados en tres factores. Estos tipos ayudan a los m\u00e9dicos a determinar el tratamiento necesario y el pron\u00f3stico para la recuperaci\u00f3n.<\/p>\n<h3>Desplazadas o No Desplazadas<\/h3>\n<p>Una fractura no desplazada sucede cuando los extremos rotos del hueso permanecen alineados. Como resultado, los m\u00e9dicos solo necesitan inmovilizar el hueso roto con un yeso para mantenerlo en su lugar mientras se cura.<\/p>\n<p>Una fractura desplazada ocurre cuando los extremos rotos del hueso se mueven fuera de alineaci\u00f3n despu\u00e9s del accidente. Antes de que los m\u00e9dicos puedan inmovilizar el hueso, deben realinearlo.<\/p>\n<p>Para colocar un hueso, los m\u00e9dicos manipular\u00e1n el hueso desde el exterior o lo operar\u00e1n para realinearlo desde el interior. Si los m\u00e9dicos necesitan realizar una cirug\u00eda, pueden mantener el hueso realineado en su lugar utilizando placas o varillas. Despu\u00e9s de colocar el hueso, los m\u00e9dicos lo inmovilizar\u00e1n con un yeso o una abrazadera hasta que se cure.<\/p>\n<h3>Abiertas o Cerradas<\/h3>\n<p>Una fractura cerrada ocurre cuando los extremos rotos del hueso no rompen la piel. Las fracturas no desplazadas son cerradas. Las fracturas desplazadas pueden ser abiertas o cerradas, dependiendo de cu\u00e1nto se desplacen los extremos rotos del hueso.<\/p>\n<p>Una fractura abierta sucede cuando los extremos rotos se desplazan tanto que rompen la piel. Cuando usted tiene una fractura abierta, tambi\u00e9n conocida como fractura compuesta, los m\u00e9dicos deben tratar tanto la fractura como la herida abierta.<\/p>\n<p>Las complicaciones de una fractura compuesta incluyen da\u00f1o nervioso cuando los nervios se desgarran por el hueso desplazado. Las fracturas compuestas tambi\u00e9n pueden desarrollar infecciones cuando las bacterias entran en la herida abierta.<\/p>\n<h3>La Forma de la Fractura<\/h3>\n<p>La forma de la fractura tambi\u00e9n puede afectar su tratamiento y pron\u00f3stico. En la fractura m\u00e1s b\u00e1sica, una fractura transversal, el hueso se rompe a trav\u00e9s de su eje. Esta fractura parece una l\u00ednea recta a trav\u00e9s del hueso que lo rompe en dos piezas. Estas fracturas suelen curarse en seis a ocho semanas con descanso.<\/p>\n<p>Una fractura conminuta ocurre cuando el hueso se hace a\u00f1icos en tres o m\u00e1s piezas. Cuando un hueso se rompe en tres o m\u00e1s piezas, al menos una pieza separada queda flotando en el sitio de la lesi\u00f3n. Los m\u00e9dicos deben reconstruir el hueso quir\u00fargicamente ensamblando las piezas y manteni\u00e9ndolas en su lugar con herrajes. Una fractura conminuta puede tardar hasta un a\u00f1o en curarse.<\/p>\n<h2>\u00bfC\u00f3mo Puede Obtener Compensaci\u00f3n por Fracturas \u00d3seas?<\/h2>\n<p>Podr\u00eda tener derecho a una compensaci\u00f3n dependiendo de c\u00f3mo se fracturaron sus huesos. Probablemente pueda solicitar beneficios de compensaci\u00f3n a trabajadores si se rompi\u00f3 un hueso en un accidente laboral. Si se rompi\u00f3 los huesos en un accidente automovil\u00edstico, es probable que la ley de seguros sin culpa de New York le otorgue beneficios de seguro sin culpa.<\/p>\n<p>Si sus fracturas \u00f3seas han resultado por la negligencia de otra persona, puede presentar una reclamaci\u00f3n por lesiones personales contra la parte culpable. Si tiene \u00e9xito en su reclamaci\u00f3n, puede recuperar una compensaci\u00f3n para cubrir sus p\u00e9rdidas, incluyendo gastos m\u00e9dicos, ingresos perdidos y dolor y sufrimiento.<\/p>\n<p>Debido a que las fracturas \u00f3seas tardan semanas o incluso meses en curarse, es posible que pierda la capacidad de trabajar o realizar sus tareas diarias, como conducir, vestirse o comprar sin asistencia. Para obtener m\u00e1s informaci\u00f3n sobre la compensaci\u00f3n que puede solicitar por sus fracturas \u00f3seas, <a href=\"https:\/\/oreskylaw.com\/es\/contacto\/\">contacte<\/a> a nuestro bufete de abogados\u00a0<a href=\"https:\/\/oreskylaw.com\/es\/acerca-de-nosotros\/\">Oresky &amp; Associates, PLLC<\/a>\u00a0al\u00a0<a href=\"tel:+19299304705\">(929) 930-4705<\/a> para una consulta gratuita.<\/p>\n","protected":false},"excerpt":{"rendered":"<p>Sus Abogados de Confianza en NYC para Fracturas \u00d3seas Sus huesos le proporcionan estructura a su cuerpo. Cuando se rompe un hueso, su cuerpo se vuelve inestable. Probablemente experimentar\u00e1 un profundo dolor al ejercer presi\u00f3n sobre el hueso fracturado. Incluso despu\u00e9s de que se cure, es posible que a\u00fan sienta dolor en el sitio de [&hellip;]<\/p>\n","protected":false},"author":9,"featured_media":0,"parent":19949,"menu_order":17,"comment_status":"closed","ping_status":"closed","template":"","meta":{"_acf_changed":false,"footnotes":""},"class_list":["post-20025","page","type-page","status-publish","hentry"],"acf":[],"yoast_head":"<!-- This site is optimized with the Yoast SEO plugin v27.3 - https:\/\/yoast.com\/product\/yoast-seo-wordpress\/ -->\n<title>Abogado de Lesiones de Huesos Rotos - Oresky &amp; Associates, PLLC<\/title>\n<meta name=\"description\" content=\"Conozca sobre fracturas \u00f3seas y la compensaci\u00f3n por lesiones que puede reclamar. \u00a1Llame a nuestros abogados en Oresky &amp; Associates, PLLC para una consulta!\" \/>\n<meta name=\"robots\" content=\"index, follow, max-snippet:-1, max-image-preview:large, max-video-preview:-1\" \/>\n<link rel=\"canonical\" href=\"https:\/\/oreskylaw.com\/es\/lesion\/abogados-de-lesiones-huesos-rotos\/\" \/>\n<meta property=\"og:locale\" content=\"es_ES\" \/>\n<meta property=\"og:type\" content=\"article\" \/>\n<meta property=\"og:title\" content=\"Abogado de Lesiones de Huesos Rotos - Oresky &amp; Associates, PLLC\" \/>\n<meta property=\"og:description\" content=\"Conozca sobre fracturas \u00f3seas y la compensaci\u00f3n por lesiones que puede reclamar. \u00a1Llame a nuestros abogados en Oresky &amp; Associates, PLLC para una consulta!\" \/>\n<meta property=\"og:url\" content=\"https:\/\/oreskylaw.com\/es\/lesion\/abogados-de-lesiones-huesos-rotos\/\" \/>\n<meta property=\"og:site_name\" content=\"Oresky &amp; Associates, PLLC\" \/>\n<meta property=\"article:publisher\" content=\"https:\/\/www.facebook.com\/Oreskylaw\/\" \/>\n<meta property=\"article:modified_time\" content=\"2026-01-31T12:23:00+00:00\" \/>\n<meta property=\"og:image\" content=\"https:\/\/oreskylaw.com\/wp-content\/uploads\/2026\/01\/oresky-team-careers.png\" \/>\n\t<meta property=\"og:image:width\" content=\"995\" \/>\n\t<meta property=\"og:image:height\" content=\"617\" \/>\n\t<meta property=\"og:image:type\" content=\"image\/png\" \/>\n<meta name=\"twitter:card\" content=\"summary_large_image\" \/>\n<meta name=\"twitter:site\" content=\"@JacobOreskyLaw\" \/>\n<meta name=\"twitter:label1\" content=\"Tiempo de lectura\" \/>\n\t<meta name=\"twitter:data1\" content=\"6 minutos\" \/>\n<!-- \/ Yoast SEO plugin. -->","yoast_head_json":{"title":"Abogado de Lesiones de Huesos Rotos - Oresky & Associates, PLLC","description":"Conozca sobre fracturas \u00f3seas y la compensaci\u00f3n por lesiones que puede reclamar. \u00a1Llame a nuestros abogados en Oresky & Associates, PLLC para una consulta!","robots":{"index":"index","follow":"follow","max-snippet":"max-snippet:-1","max-image-preview":"max-image-preview:large","max-video-preview":"max-video-preview:-1"},"canonical":"https:\/\/oreskylaw.com\/es\/lesion\/abogados-de-lesiones-huesos-rotos\/","og_locale":"es_ES","og_type":"article","og_title":"Abogado de Lesiones de Huesos Rotos - Oresky & Associates, PLLC","og_description":"Conozca sobre fracturas \u00f3seas y la compensaci\u00f3n por lesiones que puede reclamar. \u00a1Llame a nuestros abogados en Oresky & Associates, PLLC para una consulta!","og_url":"https:\/\/oreskylaw.com\/es\/lesion\/abogados-de-lesiones-huesos-rotos\/","og_site_name":"Oresky &amp; Associates, PLLC","article_publisher":"https:\/\/www.facebook.com\/Oreskylaw\/","article_modified_time":"2026-01-31T12:23:00+00:00","og_image":[{"width":995,"height":617,"url":"https:\/\/oreskylaw.com\/wp-content\/uploads\/2026\/01\/oresky-team-careers.png","type":"image\/png"}],"twitter_card":"summary_large_image","twitter_site":"@JacobOreskyLaw","twitter_misc":{"Tiempo de lectura":"6 minutos"},"schema":{"@context":"https:\/\/schema.org","@graph":[{"@type":"WebPage","@id":"https:\/\/oreskylaw.com\/es\/lesion\/abogados-de-lesiones-huesos-rotos\/","url":"https:\/\/oreskylaw.com\/es\/lesion\/abogados-de-lesiones-huesos-rotos\/","name":"Abogado de Lesiones de Huesos Rotos - Oresky & Associates, PLLC","isPartOf":{"@id":"https:\/\/oreskylaw.com\/es\/#website"},"datePublished":"2025-12-10T06:09:27+00:00","dateModified":"2026-01-31T12:23:00+00:00","description":"Conozca sobre fracturas \u00f3seas y la compensaci\u00f3n por lesiones que puede reclamar. \u00a1Llame a nuestros abogados en Oresky & Associates, PLLC para una consulta!","breadcrumb":{"@id":"https:\/\/oreskylaw.com\/es\/lesion\/abogados-de-lesiones-huesos-rotos\/#breadcrumb"},"inLanguage":"es","potentialAction":[{"@type":"ReadAction","target":["https:\/\/oreskylaw.com\/es\/lesion\/abogados-de-lesiones-huesos-rotos\/"]}]},{"@type":"BreadcrumbList","@id":"https:\/\/oreskylaw.com\/es\/lesion\/abogados-de-lesiones-huesos-rotos\/#breadcrumb","itemListElement":[{"@type":"ListItem","position":1,"name":"Inicio","item":"https:\/\/oreskylaw.com\/es\/"},{"@type":"ListItem","position":2,"name":"Recursos","item":"https:\/\/oreskylaw.com\/es\/lesion\/"},{"@type":"ListItem","position":3,"name":"Huesos Rotos"}]},{"@type":"WebSite","@id":"https:\/\/oreskylaw.com\/es\/#website","url":"https:\/\/oreskylaw.com\/es\/","name":"Oresky & Associates PLLC","description":"","publisher":{"@id":"https:\/\/oreskylaw.com\/es\/#organization"},"potentialAction":[{"@type":"SearchAction","target":{"@type":"EntryPoint","urlTemplate":"https:\/\/oreskylaw.com\/es\/?s={search_term_string}"},"query-input":{"@type":"PropertyValueSpecification","valueRequired":true,"valueName":"search_term_string"}}],"inLanguage":"es"}]}},"_links":{"self":[{"href":"https:\/\/oreskylaw.com\/es\/wp-json\/wp\/v2\/pages\/20025","targetHints":{"allow":["GET"]}}],"collection":[{"href":"https:\/\/oreskylaw.com\/es\/wp-json\/wp\/v2\/pages"}],"about":[{"href":"https:\/\/oreskylaw.com\/es\/wp-json\/wp\/v2\/types\/page"}],"author":[{"embeddable":true,"href":"https:\/\/oreskylaw.com\/es\/wp-json\/wp\/v2\/users\/9"}],"replies":[{"embeddable":true,"href":"https:\/\/oreskylaw.com\/es\/wp-json\/wp\/v2\/comments?post=20025"}],"version-history":[{"count":0,"href":"https:\/\/oreskylaw.com\/es\/wp-json\/wp\/v2\/pages\/20025\/revisions"}],"up":[{"embeddable":true,"href":"https:\/\/oreskylaw.com\/es\/wp-json\/wp\/v2\/pages\/19949"}],"wp:attachment":[{"href":"https:\/\/oreskylaw.com\/es\/wp-json\/wp\/v2\/media?parent=20025"}],"curies":[{"name":"wp","href":"https:\/\/api.w.org\/{rel}","templated":true}]}}