{"id":20041,"date":"2025-12-10T06:29:02","date_gmt":"2025-12-10T06:29:02","guid":{"rendered":"https:\/\/oreskylaw.com\/?page_id=20041"},"modified":"2026-01-31T12:25:43","modified_gmt":"2026-01-31T12:25:43","slug":"abogados-de-lesiones-por-quemaduras","status":"publish","type":"page","link":"https:\/\/oreskylaw.com\/es\/lesion\/abogados-de-lesiones-por-quemaduras\/","title":{"rendered":"Abogado de Lesiones por Quemaduras"},"content":{"rendered":"<h2>Trabaja con un abogado experimentado en lesiones por quemaduras en New York<\/h2>\n<p>Oresky &amp; Associates, PLLC ayuda a las personas con lesiones por quemaduras graves a luchar por la compensaci\u00f3n para los que tienen derecho.<\/p>\n<h3>Nos encargamos de su caso para que pueda centrarse en la recuperaci\u00f3n de sus lesiones por quemaduras<\/h3>\n<p>Oresky &amp; Associates, PLLC ayuda a las personas con graves\u00a0lesiones por quemaduras,\u00a0lucha por la compensaci\u00f3n para los que tienen derecho. Tenemos experiencia en quemar los casos de lesiones, y hemos ayudado a las v\u00edctimas de accidentes a recuperarse de los da\u00f1os causados por quemaduras graves, incluyendo agua hirviendo en las duchas, ba\u00f1eras y lavabos. Tambi\u00e9n hemos ayudado a las v\u00edctimas de accidentes a recuperarse de las lesiones causadas por las tuber\u00edas expuestas a vapor, fuego y otros peligros relacionados. Recuperamos 6 millones de d\u00f3lares para un hombre con una discapacidad mental, porque una instituci\u00f3n responsable de su cuidado dejaba de supervisar adecuadamente dando como resultado graves quemaduras.<\/p>\n<h2>Nos podemos ayudar con su ciudad de New York lesiones por quemadura Caso<\/h2>\n<p>Desde hace m\u00e1s de 30 a\u00f1os, los\u00a0<a href=\"https:\/\/oreskylaw.com\/es\/\">abogados de accidentes<\/a>\u00a0de Oresky &amp; Associates, PLLC ha estado ayudando a v\u00edctimas de accidentes con lesiones graves, como quemaduras y cicatrices, a recuperar los asentamientos que proporcionan una compensaci\u00f3n por su atenci\u00f3n m\u00e9dica, dolor y sufrimiento, y m\u00e1s. Tienes derechos. Sea cual fuere las circunstancias de su lesi\u00f3n, Oresky &amp; Associates, PLLC pueden perseguir una compensaci\u00f3n de las partes responsables.<\/p>\n<p>Estas son algunas de las formas en las que ayudamos a nuestros clientes:<\/p>\n<ul>\n<li>Manejar todo el papeleo y la recuperaci\u00f3n de documento asociado con su caso.<\/li>\n<li>Tenemos fot\u00f3grafos profesionales a disposici\u00f3n de las lesiones por quemaduras documento.<\/li>\n<li>Tenemos expertos para ayudar a probar la responsabilidad de las partes responsables.<\/li>\n<li>Se negocia con la compa\u00f1\u00eda de seguros para llegar a un acuerdo justo.<\/li>\n<li>Se puede representarle en la corte y llevar su caso a juicio de obtener para que la justicia que se merece.<\/li>\n<li>Si ha perdido un familiar en un accidente de quemadura, que puede ayudarle a presentar una demanda por muerte injusta y luchar por la compensaci\u00f3n que su familia necesita y merece.<\/li>\n<\/ul>\n    <div class=\"cw-cta-box\">\n        <div class=\"cw-cta-box__inner \">\n            <div class=\"cw-cta-box__info\">\n                                    <div class=\"label\">\u00a1Llame ahora!<\/div>\n                            <\/div>\n                            <div class=\"contact-phone\">\n                    <a href=\"tel:7189939999\"\n                        aria-label=\"Tap to call button\">\n                        718-993-9999                    <\/a>\n                <\/div>\n                    <\/div>\n                    <a href=\"\/es\/contacto\/\"\n               class=\"cta-btn btn btn--primary btn\"\n               target=\"\">\n                Obtenga Una Consulta Gratuita            <\/a>\n            <\/div>\n    \n<h2>Recuperaci\u00f3n de los da\u00f1os en una demanda por lesiones Burn en New York<\/h2>\n<p>Si usted sufri\u00f3 una quemadura, que han sufrido no solo un da\u00f1o f\u00edsico, sino mental y emocional. Las quemaduras no solo son dolorosas y deformantes con frecuencia, pero a menudo tambi\u00e9n dan lugar a esas dolencias secundarias que pueden complicar la salud y la recuperaci\u00f3n de un paciente. Algunas v\u00edctimas de quemaduras experimentan depresi\u00f3n o ansiedad, especialmente si su da\u00f1o ha causado desfiguraci\u00f3n.<\/p>\n<p>Oresky &amp; Associates, PLLC quiere que usted sepa que usted se merece una compensaci\u00f3n si la otra parte es responsable de su lesi\u00f3n por quemadura. Un acuerdo o sentencia le permitir\u00e1 compensar sus p\u00e9rdidas, incluyendo:<\/p>\n<div class=\"row\">\n<ul class=\"col-xl-6\">\n<li>Dolor y sufrimiento pasado<\/li>\n<li>El dolor y el sufrimiento futuro<\/li>\n<li>El tratamiento m\u00e9dico, tanto actual como futuro<\/li>\n<li>Cirug\u00eda pl\u00e1stica para reparar el quemado<\/li>\n<\/ul>\n<ul class=\"col-xl-6\">\n<li>Desfiguraci\u00f3n<\/li>\n<li>Los salarios perdidos<\/li>\n<li>Reducci\u00f3n de la capacidad de ganancia<\/li>\n<li>Perdidas ventajas de la uni\u00f3n<\/li>\n<li>El dolor y el sufrimiento<\/li>\n<\/ul>\n<\/div>\n<h2>Tipos de quemaduras<\/h2>\n<p>Podemos ayudar a las personas que sufren lesiones por quemaduras graves por negligencia de una parte responsable:<\/p>\n<ul>\n<li>C\u00f3mo quemar estuches de ducha con agua<\/li>\n<li>Quemaduras escaldadura por la quema de agua caliente<\/li>\n<li>Calor o de contacto quemaduras de tuber\u00edas expuestas<\/li>\n<li>Las quemaduras el\u00e9ctricas, tales como en un sitio de construcciones<\/li>\n<\/ul>\n<h2>Clasificaci\u00f3n de las lesiones por quemadura<\/h2>\n<p>las lesiones por quemaduras se clasifican seg\u00fan su gravedad. Las personas con quemaduras de primer grado sufren s\u00edntomas y complicaciones relativamente menores, mientras que los de tercer o cuarto grado sufren graves y, en muchos casos, las complicaciones que amenazan la vida.<\/p>\n<h3>Quemaduras de primer grado<\/h3>\n<p>Una quemadura de primer grado afecta solo a la epidermis, que es la capa m\u00e1s externa de la piel. Las personas con quemaduras de primer grado experimentan dolor en el sitio de la quemadura, as\u00ed como un poco de enrojecimiento e hinchaz\u00f3n de menor importancia. Una quemadura de primer grado no causa ampollas.<\/p>\n<p>Las quemaduras de primer grado pueden ser el resultado de un breve contacto con una superficie caliente. En general, una quemadura de primer grado se puede tratar en casa y no requiere atenci\u00f3n m\u00e9dica. Algunas personas pueden tomar un analg\u00e9sico de venta sin receta para aliviar el dolor menor asociado con una quemadura de primer grado.<\/p>\n<h3>Quemaduras de segundo grado<\/h3>\n<p>Una quemadura de segundo grado afecta a la epidermis y la parte m\u00e1s alta de la siguiente capa de la piel, llamada dermis. Las personas con quemaduras de segundo grado experimentan dolor, enrojecimiento, hinchaz\u00f3n y ampollas en el lugar de la quemadura.<\/p>\n<p>Las quemaduras de segundo grado podr\u00edan ser causadas por el contacto con superficies calientes, el contacto con productos qu\u00edmicos peligrosos, el choque el\u00e9ctrico, la exposici\u00f3n a las llamas, la exposici\u00f3n a la radiaci\u00f3n, la exposici\u00f3n al agua caliente y m\u00e1s.<\/p>\n<p>Las personas con quemaduras de segundo grado a menudo requieren atenci\u00f3n m\u00e9dica, incluido el cuidado de heridas y medicamentos, como analg\u00e9sicos o antibi\u00f3ticos. Usted puede calificar para interponer una demanda legal si usted sufri\u00f3 quemaduras de segundo grado, as\u00ed que hable con un abogado de lesiones por quemaduras en la ciudad de New York en Oresky &amp; Associates, PLLC para obtener ayuda con su caso.<\/p>\n<h3>De tercer y cuarto grado Las quemaduras<\/h3>\n<p>Una quemadura de tercer grado afecta a la epidermis y la dermis enteras. Una quemadura de cuarto grado afecta a la epidermis, la dermis y el tejido subyacente. \u00c9stos son los m\u00e1s graves de lesiones por quemaduras, y que a menudo causan complicaciones graves.<\/p>\n<p>Algunos de los graves s\u00edntomas de una quemadura de tercer o cuarto grado incluyen:<\/p>\n<ul>\n<li>Piel seca, correosa<\/li>\n<li>Negro o cambio de color blanco o amarillo de la piel<\/li>\n<li>Hinchaz\u00f3n<\/li>\n<li>Permanent cicatrization<\/li>\n<\/ul>\n<p>Aquellos con una quemadura de tercer o cuarto grado pueden da\u00f1ar los nervios alrededor del sitio de la quemadura.<\/p>\n<h2>Fases de Tratamiento de Quemaduras en Lleida<\/h2>\n<p>Una quemadura de tercer o cuarto grado es una emergencia m\u00e9dica importante que requiere atenci\u00f3n inmediata. tratamiento de lesiones Burn se clasifica a menudo en tres fases:<\/p>\n<ul>\n<li>Est\u00e1 surgiendo la fase de tratamiento de reanimaci\u00f3n de la lesi\u00f3n por quemadura:. Atenci\u00f3n de emergencia inmediatamente despu\u00e9s de la lesi\u00f3n para abordar cualquier complicaci\u00f3n potencialmente fatal causada por la lesi\u00f3n<\/li>\n<li>Aguda el tratamiento de las quemaduras: cuidado de las heridas, limpieza de las lesiones, prevenci\u00f3n de infecciones y manejo de las quemaduras en los d\u00edas siguientes a una lesi\u00f3n por quemaduras.<\/li>\n<li>Fase de rehabilitaci\u00f3n: el tratamiento de las lesiones por quemaduras. Prevenci\u00f3n de cicatrices, rehabilitaci\u00f3n, reconstrucci\u00f3n est\u00e9tica, atenci\u00f3n psicol\u00f3gica y otros tratamientos a largo plazo para rehabilitar al paciente despu\u00e9s de una lesi\u00f3n.<\/li>\n<\/ul>\n<p>Si usted o un ser querido sufri\u00f3 quemaduras de tercer o cuarto grado, es posible que se enfrentan a gastos m\u00e9dicos significativos, incluyendo el transporte de emergencia, la hospitalizaci\u00f3n, los costos quir\u00fargicos, la atenci\u00f3n continua, la rehabilitaci\u00f3n y mucho m\u00e1s.<\/p>\n<p>Oresky &amp; Associates, PLLC ha estado ayudando a las v\u00edctimas de accidentes con sus casos legales durante m\u00e1s de tres d\u00e9cadas. Hemos manejado casos que involucran a millones de d\u00f3lares en p\u00e9rdidas y gastos m\u00e9dicos. Podemos ayudar a su familia a luchar por la compensaci\u00f3n que necesita para cubrir los gastos m\u00e9dicos, sustituir los salarios perdidos y compensar los efectos a largo plazo de las lesiones, incluyendo el dolor y el sufrimiento.<\/p>\n<h2>Responsabilit\u00e9 per lesions for quemades<\/h2>\n<p>La responsabilidad por accidentes con lesiones por quemadura depende de las circunstancias de cada caso. Vamos a ayudar a identificar a los responsables e iniciar un procedimiento legal. En nuestros m\u00e1s de 30 a\u00f1os de experiencia, hemos ayudado a clientes con muchos tipos de casos de accidentes. Los accidentes o conductas negligentes que pueden conducir a quemaduras pueden incluir:<\/p>\n<h3>Los accidentes de construcci\u00f3n del sitio<\/h3>\n<p>Un propietario de la propiedad o contratista puede ser responsable si sufri\u00f3 una quemadura\u00a0<a href=\"https:\/\/oreskylaw.com\/es\/nyc\/abogados-de-accidentes-de-construccion\/\">en trabajos de construcci\u00f3n<\/a>. Algunos ejemplos de accidentes que causan lesiones por quemaduras en el sector de la construcci\u00f3n incluyen:<\/p>\n<ul>\n<li>Soldadura Accidents<\/li>\n<li>Circuito de choque el\u00e9ctrico<\/li>\n<li>Las quemaduras qu\u00edmicas de sustancias peligrosas<\/li>\n<li>Calor o de contacto quemaduras de maquinaria y equipo caliente<\/li>\n<\/ul>\n<h3>Accidentes de trabajo<\/h3>\n<p>Tambi\u00e9n ayudamos a los trabajadores que sufren lesiones en otros lugares de trabajo. Los propietarios de edificios y otras terceras partes pueden ser responsables de las lesiones en el lugar de trabajo. Algunos ejemplos de los accidentes de trabajo que pueden causar lesiones por quemaduras incluyen:<\/p>\n<ul>\n<li>Productos qu\u00edmicos de limpieza<\/li>\n<li>El contacto con los cables el\u00e9ctricos expuestos<\/li>\n<li>Tuber\u00edas expuestas y otros equipos que causan quemaduras<\/li>\n<li>Accidentes por quemaduras<\/li>\n<\/ul>\n<h3>Responsabilit\u00e9 du establishment<\/h3>\n<p>Si su lesi\u00f3n por quemadura se produce debido a las condiciones inseguras en una propiedad, el propietario o administrador de esa propiedad podr\u00eda ser responsable de sus quemaduras. Los ejemplos de accidentes de propiedad que podr\u00edan causar lesiones por quemaduras incluyen:<\/p>\n<ul>\n<li>Una ducha del hotel en el que estaban gravemente escaldado<\/li>\n<li>Una quemadura el\u00e9ctrica resultante de cables expuestos<\/li>\n<li>Accidentes por quemaduras de lavabos, duchas, ba\u00f1eras y<\/li>\n<\/ul>\n<h3>Accidentes<\/h3>\n<p>En los principales accidentes de tr\u00e1fico, pueden ocurrir explosiones e incendios que causen graves lesiones a los conductores, pasajeros y pasajeros inocentes. Si usted ha sido lesionado en un accidente automovil\u00edstico y sufri\u00f3 una quemadura, la falla a los conductores y propietarios ser\u00e1n responsables de sus da\u00f1os.<\/p>\n","protected":false},"excerpt":{"rendered":"<p>Trabaja con un abogado experimentado en lesiones por quemaduras en New York Oresky &amp; Associates, PLLC ayuda a las personas con lesiones por quemaduras graves a luchar por la compensaci\u00f3n para los que tienen derecho. Nos encargamos de su caso para que pueda centrarse en la recuperaci\u00f3n de sus lesiones por quemaduras Oresky &amp; Associates, [&hellip;]<\/p>\n","protected":false},"author":9,"featured_media":0,"parent":19949,"menu_order":18,"comment_status":"closed","ping_status":"closed","template":"","meta":{"_acf_changed":false,"footnotes":""},"class_list":["post-20041","page","type-page","status-publish","hentry"],"acf":[],"yoast_head":"<!-- This site is optimized with the Yoast SEO plugin v27.3 - https:\/\/yoast.com\/product\/yoast-seo-wordpress\/ -->\n<title>Abogado de Lesiones por Quemaduras - Oresky &amp; Associates, PLLC<\/title>\n<meta name=\"description\" content=\"\u00bfSufri\u00f3 una lesi\u00f3n por quemadura en el Bronx, New York? Nuestros abogados especialistas en quemaduras de Oresky &amp; Associates, PLLC pueden ayudarle. \u00a1Ll\u00e1menos hoy!\" \/>\n<meta name=\"robots\" content=\"index, follow, max-snippet:-1, max-image-preview:large, max-video-preview:-1\" \/>\n<link rel=\"canonical\" href=\"https:\/\/oreskylaw.com\/es\/lesion\/abogados-de-lesiones-por-quemaduras\/\" \/>\n<meta property=\"og:locale\" content=\"es_ES\" \/>\n<meta property=\"og:type\" content=\"article\" \/>\n<meta property=\"og:title\" content=\"Abogado de Lesiones por Quemaduras - Oresky &amp; Associates, PLLC\" \/>\n<meta property=\"og:description\" content=\"\u00bfSufri\u00f3 una lesi\u00f3n por quemadura en el Bronx, New York? Nuestros abogados especialistas en quemaduras de Oresky &amp; Associates, PLLC pueden ayudarle. \u00a1Ll\u00e1menos hoy!\" \/>\n<meta property=\"og:url\" content=\"https:\/\/oreskylaw.com\/es\/lesion\/abogados-de-lesiones-por-quemaduras\/\" \/>\n<meta property=\"og:site_name\" content=\"Oresky &amp; Associates, PLLC\" \/>\n<meta property=\"article:publisher\" content=\"https:\/\/www.facebook.com\/Oreskylaw\/\" \/>\n<meta property=\"article:modified_time\" content=\"2026-01-31T12:25:43+00:00\" \/>\n<meta property=\"og:image\" content=\"https:\/\/oreskylaw.com\/wp-content\/uploads\/2026\/01\/oresky-team-careers.png\" \/>\n\t<meta property=\"og:image:width\" content=\"995\" \/>\n\t<meta property=\"og:image:height\" content=\"617\" \/>\n\t<meta property=\"og:image:type\" content=\"image\/png\" \/>\n<meta name=\"twitter:card\" content=\"summary_large_image\" \/>\n<meta name=\"twitter:site\" content=\"@JacobOreskyLaw\" \/>\n<meta name=\"twitter:label1\" content=\"Tiempo de lectura\" \/>\n\t<meta name=\"twitter:data1\" content=\"7 minutos\" \/>\n<!-- \/ Yoast SEO plugin. -->","yoast_head_json":{"title":"Abogado de Lesiones por Quemaduras - Oresky & Associates, PLLC","description":"\u00bfSufri\u00f3 una lesi\u00f3n por quemadura en el Bronx, New York? Nuestros abogados especialistas en quemaduras de Oresky & Associates, PLLC pueden ayudarle. \u00a1Ll\u00e1menos hoy!","robots":{"index":"index","follow":"follow","max-snippet":"max-snippet:-1","max-image-preview":"max-image-preview:large","max-video-preview":"max-video-preview:-1"},"canonical":"https:\/\/oreskylaw.com\/es\/lesion\/abogados-de-lesiones-por-quemaduras\/","og_locale":"es_ES","og_type":"article","og_title":"Abogado de Lesiones por Quemaduras - Oresky & Associates, PLLC","og_description":"\u00bfSufri\u00f3 una lesi\u00f3n por quemadura en el Bronx, New York? Nuestros abogados especialistas en quemaduras de Oresky & Associates, PLLC pueden ayudarle. \u00a1Ll\u00e1menos hoy!","og_url":"https:\/\/oreskylaw.com\/es\/lesion\/abogados-de-lesiones-por-quemaduras\/","og_site_name":"Oresky &amp; Associates, PLLC","article_publisher":"https:\/\/www.facebook.com\/Oreskylaw\/","article_modified_time":"2026-01-31T12:25:43+00:00","og_image":[{"width":995,"height":617,"url":"https:\/\/oreskylaw.com\/wp-content\/uploads\/2026\/01\/oresky-team-careers.png","type":"image\/png"}],"twitter_card":"summary_large_image","twitter_site":"@JacobOreskyLaw","twitter_misc":{"Tiempo de lectura":"7 minutos"},"schema":{"@context":"https:\/\/schema.org","@graph":[{"@type":"WebPage","@id":"https:\/\/oreskylaw.com\/es\/lesion\/abogados-de-lesiones-por-quemaduras\/","url":"https:\/\/oreskylaw.com\/es\/lesion\/abogados-de-lesiones-por-quemaduras\/","name":"Abogado de Lesiones por Quemaduras - Oresky & Associates, PLLC","isPartOf":{"@id":"https:\/\/oreskylaw.com\/es\/#website"},"datePublished":"2025-12-10T06:29:02+00:00","dateModified":"2026-01-31T12:25:43+00:00","description":"\u00bfSufri\u00f3 una lesi\u00f3n por quemadura en el Bronx, New York? Nuestros abogados especialistas en quemaduras de Oresky & Associates, PLLC pueden ayudarle. \u00a1Ll\u00e1menos hoy!","breadcrumb":{"@id":"https:\/\/oreskylaw.com\/es\/lesion\/abogados-de-lesiones-por-quemaduras\/#breadcrumb"},"inLanguage":"es","potentialAction":[{"@type":"ReadAction","target":["https:\/\/oreskylaw.com\/es\/lesion\/abogados-de-lesiones-por-quemaduras\/"]}]},{"@type":"BreadcrumbList","@id":"https:\/\/oreskylaw.com\/es\/lesion\/abogados-de-lesiones-por-quemaduras\/#breadcrumb","itemListElement":[{"@type":"ListItem","position":1,"name":"Inicio","item":"https:\/\/oreskylaw.com\/es\/"},{"@type":"ListItem","position":2,"name":"Recursos","item":"https:\/\/oreskylaw.com\/es\/lesion\/"},{"@type":"ListItem","position":3,"name":"Abogado de Lesiones por Quemaduras"}]},{"@type":"WebSite","@id":"https:\/\/oreskylaw.com\/es\/#website","url":"https:\/\/oreskylaw.com\/es\/","name":"Oresky & Associates PLLC","description":"","publisher":{"@id":"https:\/\/oreskylaw.com\/es\/#organization"},"potentialAction":[{"@type":"SearchAction","target":{"@type":"EntryPoint","urlTemplate":"https:\/\/oreskylaw.com\/es\/?s={search_term_string}"},"query-input":{"@type":"PropertyValueSpecification","valueRequired":true,"valueName":"search_term_string"}}],"inLanguage":"es"}]}},"_links":{"self":[{"href":"https:\/\/oreskylaw.com\/es\/wp-json\/wp\/v2\/pages\/20041","targetHints":{"allow":["GET"]}}],"collection":[{"href":"https:\/\/oreskylaw.com\/es\/wp-json\/wp\/v2\/pages"}],"about":[{"href":"https:\/\/oreskylaw.com\/es\/wp-json\/wp\/v2\/types\/page"}],"author":[{"embeddable":true,"href":"https:\/\/oreskylaw.com\/es\/wp-json\/wp\/v2\/users\/9"}],"replies":[{"embeddable":true,"href":"https:\/\/oreskylaw.com\/es\/wp-json\/wp\/v2\/comments?post=20041"}],"version-history":[{"count":0,"href":"https:\/\/oreskylaw.com\/es\/wp-json\/wp\/v2\/pages\/20041\/revisions"}],"up":[{"embeddable":true,"href":"https:\/\/oreskylaw.com\/es\/wp-json\/wp\/v2\/pages\/19949"}],"wp:attachment":[{"href":"https:\/\/oreskylaw.com\/es\/wp-json\/wp\/v2\/media?parent=20041"}],"curies":[{"name":"wp","href":"https:\/\/api.w.org\/{rel}","templated":true}]}}