{"id":20053,"date":"2025-12-10T06:29:32","date_gmt":"2025-12-10T06:29:32","guid":{"rendered":"https:\/\/oreskylaw.com\/?page_id=20053"},"modified":"2026-01-31T12:27:22","modified_gmt":"2026-01-31T12:27:22","slug":"abogados-de-lesiones-en-el-pecho","status":"publish","type":"page","link":"https:\/\/oreskylaw.com\/es\/lesion\/abogados-de-lesiones-en-el-pecho\/","title":{"rendered":"Lesi\u00f3n de Pecho"},"content":{"rendered":"<h2>Sus Abogados de Confianza en NYC para Lesiones de T\u00f3rax<\/h2>\n<p>Las lesiones de t\u00f3rax son comunes en muchos accidentes automovil\u00edsticos en la forma de lesiones por cintur\u00f3n de seguridad. Tambi\u00e9n pueden ocurrir en\u00a0<a href=\"https:\/\/www.britannica.com\/science\/rib-bone\" target=\"_blank\" rel=\"nofollow noopener noreferrer\">accidentes de resbalones y ca\u00eddas<\/a>\u00a0cuando el cuerpo golpea el suelo. Muchas lesiones en el t\u00f3rax sanan en pocas semanas con descanso. Pero algunas pueden tardar meses en sanar o incluso provocar da\u00f1os potencialmente mortales en el coraz\u00f3n o los pulmones.<\/p>\n<p>Sigue leyendo para aprender c\u00f3mo ocurren las lesiones de t\u00f3rax y c\u00f3mo puedes recibir compensaci\u00f3n por una lesi\u00f3n en el t\u00f3rax.<\/p>\n<h2>\u00bfCu\u00e1l es la Anatom\u00eda de tu T\u00f3rax?<\/h2>\n<p>Los m\u00e9dicos utilizan el t\u00e9rmino t\u00f3rax para referirse a la secci\u00f3n de tu cuerpo entre tu cabeza y tu abdomen. El t\u00f3rax est\u00e1 ubicado entre la parte inferior de tu cuello y tu diafragma, que separa el t\u00f3rax de tu abdomen.<\/p>\n<p>El t\u00f3rax encierra la cavidad tor\u00e1cica, que contiene \u00f3rganos y estructuras vitales, incluidos:Coraz\u00f3n<\/p>\n<ul>\n<li>Coraz\u00f3n<\/li>\n<li>Pulmones<\/li>\n<li>Aorta<\/li>\n<li>Tr\u00e1quea<\/li>\n<li>Es\u00f3fago<\/li>\n<\/ul>\n<p>Tu cavidad tor\u00e1cica tambi\u00e9n contiene los vasos sangu\u00edneos y nervios que se conectan con estas estructuras.<\/p>\n<p>Cuando los m\u00e9dicos hablan de una lesi\u00f3n de t\u00f3rax, generalmente se refieren a una lesi\u00f3n en el t\u00f3rax y no a cualquier cosa dentro de la cavidad tor\u00e1cica. En otras palabras, una lesi\u00f3n de t\u00f3rax solo implica da\u00f1o a las estructuras musculoesquel\u00e9ticas que protegen y rodean la cavidad tor\u00e1cica. Estas estructuras incluyen:<\/p>\n<h3>La Caja Tor\u00e1cica<\/h3>\n<p>Las costillas son la estructura m\u00e1s caracter\u00edstica en tu t\u00f3rax. Las costillas se extienden desde tu columna hasta tu estern\u00f3n. Se conectan a tu columna a trav\u00e9s de ligamentos, los cuales permiten flexibilidad para que puedas doblarte y torcerte.<\/p>\n<p>Tienes\u00a0<a href=\"https:\/\/www.britannica.com\/science\/rib-bone\" target=\"_blank\" rel=\"nofollow noopener noreferrer\">12 pares de costillas<\/a>. La conexi\u00f3n entre tus costillas y tu estern\u00f3n depende de la ubicaci\u00f3n de las costillas.<\/p>\n<p>Los siete primeros pares de costillas, llamados verdaderas costillas, se conectan a tu estern\u00f3n a trav\u00e9s de piezas de cart\u00edlago. Los siguientes tres pares de costillas, llamadas costillas falsas, se conectan a las verdaderas costillas a trav\u00e9s de un gran cart\u00edlago. Los dos \u00faltimos pares de costillas, llamadas costillas flotantes, se conectan a tu columna como las otras costillas pero no se conectan al estern\u00f3n o a otras costillas en el frente.<\/p>\n<h3>Los M\u00fasculos del T\u00f3rax<\/h3>\n<p>Tienes m\u00fasculos intercostales entre tus costillas. Estos m\u00fasculos expanden tu t\u00f3rax para ayudarte a respirar.<\/p>\n<p>Tambi\u00e9n tienes grandes m\u00fasculos que se sit\u00faan sobre tu caja tor\u00e1cica. Estos m\u00fasculos, como los m\u00fasculos pectorales, ayudan a soportar el peso de tu cuerpo y mover tu t\u00f3rax y brazos. Se conectan a trav\u00e9s de tendones a tus clav\u00edculas, om\u00f3platos, costillas, columna, pelvis y cr\u00e1neo<\/p>\n<h2>\u00bfQu\u00e9 Puede Causar una Lesi\u00f3n de T\u00f3rax?<\/h2>\n<p>El trauma que causa lesiones de t\u00f3rax puede venir en diferentes formas.<\/p>\n<h3>Traumatismo Penetrante<\/h3>\n<p>Tienes un traumatismo penetrante cuando un objeto perfora el t\u00f3rax y deja una herida abierta. El traumatismo penetrante puede causar sangrado severo y expone al riesgo de infecci\u00f3n. Cuando un objeto perfora tu pared tor\u00e1cica, puede entrar en la cavidad tor\u00e1cica y da\u00f1ar tus \u00f3rganos vitales.<\/p>\n<p>Cualquier accidente puede llevar a una lesi\u00f3n penetrante si caes o te empujan contra un objeto afilado. Por ejemplo, sufrir\u00edas una lesi\u00f3n penetrante si cayeras sobre una varilla de acero en un\u00a0<a href=\"https:\/\/oreskylaw.com\/es\/queens\/abogados-de-accidentes-de-construccion\/\">accidente de construcci\u00f3n<\/a>.<\/p>\n<h3>Traumatismo por Impacto<\/h3>\n<p>El traumatismo por impacto sucede cuando golpeas tu t\u00f3rax sin sufrir una herida abierta. Podr\u00edas pensar que el traumatismo por impacto solo da\u00f1a la pared tor\u00e1cica. Pero si el impacto fractura tus costillas, el extremo roto de la costilla puede empujarse dentro de la cavidad tor\u00e1cica y lesionar los \u00f3rganos internos.<\/p>\n<p>El traumatismo por impacto puede ocurrir cuando algo grande golpea tu t\u00f3rax. Un\u00a0<a href=\"https:\/\/oreskylaw.com\/es\/queens\/abogados-de-accidentes-de-peatones\/\">accidente de peat\u00f3n<\/a>\u00a0podr\u00eda causar traumatismo por impacto durante el impacto inicial del veh\u00edculo o el impacto secundario contra el suelo.<\/p>\n<h3>Hiperextensi\u00f3n<\/h3>\n<p>Tu t\u00f3rax sufre hiperextensi\u00f3n cuando se estira m\u00e1s all\u00e1 de su forma normal. En un\u00a0<a href=\"https:\/\/oreskylaw.com\/es\/queens\/abogados-de-accidentes-de-auto\/\">accidente automovil\u00edstico<\/a>, tu cintur\u00f3n de seguridad puede deformar tu t\u00f3rax, estirando los m\u00fasculos, tendones, ligamentos y cart\u00edlago.<\/p>\n    <div class=\"cw-cta-box\">\n        <div class=\"cw-cta-box__inner \">\n            <div class=\"cw-cta-box__info\">\n                                    <div class=\"label\">\u00a1Llame ahora!<\/div>\n                            <\/div>\n                            <div class=\"contact-phone\">\n                    <a href=\"tel:7189939999\"\n                        aria-label=\"Tap to call button\">\n                        718-993-9999                    <\/a>\n                <\/div>\n                    <\/div>\n                    <a href=\"\/es\/contacto\/\"\n               class=\"cta-btn btn btn--primary btn\"\n               target=\"\">\n                Obtenga Una Consulta Gratuita            <\/a>\n            <\/div>\n    \n<h2>\u00bfCu\u00e1les son Algunos Ejemplos de Lesiones de T\u00f3rax?<\/h2>\n<p>Una lesi\u00f3n de t\u00f3rax puede resultar de da\u00f1os a varias estructuras en tu t\u00f3rax. Algunos ejemplos de lesiones en el t\u00f3rax incluyen:<\/p>\n<h3>Costilla Fracturada<\/h3>\n<p>Una costilla puede fracturarse cuando tu t\u00f3rax impacta contra un objeto. Incluso cuando el impacto es breve, todav\u00eda puede estresar las costillas lo suficiente como para que se fracturen.<\/p>\n<p>Una costilla fracturada generalmente\u00a0<a href=\"https:\/\/www.mayoclinic.org\/diseases-conditions\/broken-ribs\/symptoms-causes\/syc-20350763\" target=\"_blank\" rel=\"nofollow noopener noreferrer\">sana en seis semanas<\/a>\u00a0con tratamiento en el hogar. Las costillas fracturadas normalmente no requieren un yeso o vendajes en el t\u00f3rax. Los m\u00e9dicos han descubierto que inmovilizar tu t\u00f3rax no ayuda a que tus costillas sanen. En algunas situaciones, vendar tu t\u00f3rax despu\u00e9s de fracturar una costilla puede llevar a pulmon\u00eda porque el vendaje te impide respirar profundamente.<\/p>\n<h3>Costilla Dislocada<\/h3>\n<p>Tus costillas pueden dislocarse si estiras o desgarras el cart\u00edlago en la parte frontal de tu caja tor\u00e1cica. El cart\u00edlago desgarrado tarda mucho tiempo en curarse.<\/p>\n<p>Si tu accidente estres\u00f3 las costillas lo suficiente como para que estiraron o desgarraron el cart\u00edlago, la costilla puede desplazarse de su lugar y presionar los nervios cercanos, causando:<\/p>\n<ul>\n<li>Hinchaz\u00f3n<\/li>\n<li>Una costilla suelta<\/li>\n<li>Dolor en el t\u00f3rax al inhalar<\/li>\n<li>Dolor que se irradia hacia tus brazos o piernas<\/li>\n<\/ul>\n<p>Una costilla dislocada generalmente volver\u00e1 a su lugar cuando la hinchaz\u00f3n de tu lesi\u00f3n comience a disminuir. Los m\u00e9dicos a menudo prescriben medicamentos antiinflamatorios para reducir la hinchaz\u00f3n y ayudar a que la costilla se mueva a su ubicaci\u00f3n correcta.<\/p>\n<h3>Hematoma en el T\u00f3rax<\/h3>\n<p>Puedes obtener un hematoma en el t\u00f3rax cuando golpea contra un objeto contundente. Las lesiones por cintur\u00f3n de seguridad, por ejemplo, pueden causar un hematoma en el t\u00f3rax. Los hematomas resultan del rompimiento de los vasos sangu\u00edneos debajo de la piel de tu t\u00f3rax. Los hematomas pueden causar decoloraci\u00f3n, dolor e hinchaz\u00f3n. Generalmente, los hematomas en el t\u00f3rax curan en unas pocas semanas.<\/p>\n<h3>Esguince o Distensi\u00f3n en el T\u00f3rax<\/h3>\n<p>Una distensi\u00f3n en el t\u00f3rax ocurre cuando estiras o desgarras los m\u00fasculos o tendones en tu t\u00f3rax. Los esguinces en el t\u00f3rax ocurren cuando jalas o desgarras los ligamentos que sostienen tus costillas a tu columna.<\/p>\n<p>Las\u00a0<a href=\"https:\/\/www.healthline.com\/health\/pulled-chest-muscle\" target=\"_blank\" rel=\"nofollow noopener noreferrer\">distensiones y esguinces del t\u00f3rax generalmente<\/a>\u00a0sanan en cuatro a seis semanas con descanso, hielo en la lesi\u00f3n y medicamentos antiinflamatorios.<\/p>\n<h2>\u00bfC\u00f3mo Puedes Obtener Compensaci\u00f3n por una Lesi\u00f3n de T\u00f3rax?<\/h2>\n<p>Puedes obtener compensaci\u00f3n para cubrir tus p\u00e9rdidas despu\u00e9s de una lesi\u00f3n de t\u00f3rax causada por otra parte. Esta compensaci\u00f3n puede cubrir tus p\u00e9rdidas financieras, como tus facturas m\u00e9dicas y la p\u00e9rdida de ingresos. Para recuperar esta compensaci\u00f3n, tu abogado de lesiones personales debe probar que la otra parte actu\u00f3 con negligencia al causar tu lesi\u00f3n en el t\u00f3rax.<\/p>\n<p>Una lesi\u00f3n de t\u00f3rax puede causar discapacidades temporales o permanentes. Tambi\u00e9n puede conducir a lesiones tor\u00e1cicas potencialmente mortales en tus pulmones, coraz\u00f3n o vasos sangu\u00edneos principales.<\/p>\n<p>Para discutir tu lesi\u00f3n de t\u00f3rax y la compensaci\u00f3n que puedes buscar por ella,\u00a0<a href=\"https:\/\/oreskylaw.com\/es\/contacto\/\">contacta a Oresky &amp; Associates, PLLC<\/a>\u00a0para una consulta gratuita.<\/p>\n","protected":false},"excerpt":{"rendered":"<p>Sus Abogados de Confianza en NYC para Lesiones de T\u00f3rax Las lesiones de t\u00f3rax son comunes en muchos accidentes automovil\u00edsticos en la forma de lesiones por cintur\u00f3n de seguridad. Tambi\u00e9n pueden ocurrir en\u00a0accidentes de resbalones y ca\u00eddas\u00a0cuando el cuerpo golpea el suelo. Muchas lesiones en el t\u00f3rax sanan en pocas semanas con descanso. Pero algunas [&hellip;]<\/p>\n","protected":false},"author":9,"featured_media":0,"parent":19949,"menu_order":19,"comment_status":"closed","ping_status":"closed","template":"","meta":{"_acf_changed":false,"footnotes":""},"class_list":["post-20053","page","type-page","status-publish","hentry"],"acf":[],"yoast_head":"<!-- This site is optimized with the Yoast SEO plugin v27.3 - https:\/\/yoast.com\/product\/yoast-seo-wordpress\/ -->\n<title>Abogado de Lesiones Tor\u00e1cicas - Oresky &amp; Associates, PLLC<\/title>\n<meta name=\"description\" content=\"Las lesiones tor\u00e1cicas pueden ser incapacitantes. Si la suya fue causada por la negligencia de otro, podr\u00eda tener derecho a compensaci\u00f3n. \u00a1Ll\u00e1menos hoy!\" \/>\n<meta name=\"robots\" content=\"index, follow, max-snippet:-1, max-image-preview:large, max-video-preview:-1\" \/>\n<link rel=\"canonical\" href=\"https:\/\/oreskylaw.com\/es\/lesion\/abogados-de-lesiones-en-el-pecho\/\" \/>\n<meta property=\"og:locale\" content=\"es_ES\" \/>\n<meta property=\"og:type\" content=\"article\" \/>\n<meta property=\"og:title\" content=\"Abogado de Lesiones Tor\u00e1cicas - Oresky &amp; Associates, PLLC\" \/>\n<meta property=\"og:description\" content=\"Las lesiones tor\u00e1cicas pueden ser incapacitantes. Si la suya fue causada por la negligencia de otro, podr\u00eda tener derecho a compensaci\u00f3n. \u00a1Ll\u00e1menos hoy!\" \/>\n<meta property=\"og:url\" content=\"https:\/\/oreskylaw.com\/es\/lesion\/abogados-de-lesiones-en-el-pecho\/\" \/>\n<meta property=\"og:site_name\" content=\"Oresky &amp; Associates, PLLC\" \/>\n<meta property=\"article:publisher\" content=\"https:\/\/www.facebook.com\/Oreskylaw\/\" \/>\n<meta property=\"article:modified_time\" content=\"2026-01-31T12:27:22+00:00\" \/>\n<meta property=\"og:image\" content=\"https:\/\/oreskylaw.com\/wp-content\/uploads\/2026\/01\/oresky-team-careers.png\" \/>\n\t<meta property=\"og:image:width\" content=\"995\" \/>\n\t<meta property=\"og:image:height\" content=\"617\" \/>\n\t<meta property=\"og:image:type\" content=\"image\/png\" \/>\n<meta name=\"twitter:card\" content=\"summary_large_image\" \/>\n<meta name=\"twitter:site\" content=\"@JacobOreskyLaw\" \/>\n<meta name=\"twitter:label1\" content=\"Tiempo de lectura\" \/>\n\t<meta name=\"twitter:data1\" content=\"5 minutos\" \/>\n<!-- \/ Yoast SEO plugin. -->","yoast_head_json":{"title":"Abogado de Lesiones Tor\u00e1cicas - Oresky & Associates, PLLC","description":"Las lesiones tor\u00e1cicas pueden ser incapacitantes. Si la suya fue causada por la negligencia de otro, podr\u00eda tener derecho a compensaci\u00f3n. \u00a1Ll\u00e1menos hoy!","robots":{"index":"index","follow":"follow","max-snippet":"max-snippet:-1","max-image-preview":"max-image-preview:large","max-video-preview":"max-video-preview:-1"},"canonical":"https:\/\/oreskylaw.com\/es\/lesion\/abogados-de-lesiones-en-el-pecho\/","og_locale":"es_ES","og_type":"article","og_title":"Abogado de Lesiones Tor\u00e1cicas - Oresky & Associates, PLLC","og_description":"Las lesiones tor\u00e1cicas pueden ser incapacitantes. Si la suya fue causada por la negligencia de otro, podr\u00eda tener derecho a compensaci\u00f3n. \u00a1Ll\u00e1menos hoy!","og_url":"https:\/\/oreskylaw.com\/es\/lesion\/abogados-de-lesiones-en-el-pecho\/","og_site_name":"Oresky &amp; Associates, PLLC","article_publisher":"https:\/\/www.facebook.com\/Oreskylaw\/","article_modified_time":"2026-01-31T12:27:22+00:00","og_image":[{"width":995,"height":617,"url":"https:\/\/oreskylaw.com\/wp-content\/uploads\/2026\/01\/oresky-team-careers.png","type":"image\/png"}],"twitter_card":"summary_large_image","twitter_site":"@JacobOreskyLaw","twitter_misc":{"Tiempo de lectura":"5 minutos"},"schema":{"@context":"https:\/\/schema.org","@graph":[{"@type":"WebPage","@id":"https:\/\/oreskylaw.com\/es\/lesion\/abogados-de-lesiones-en-el-pecho\/","url":"https:\/\/oreskylaw.com\/es\/lesion\/abogados-de-lesiones-en-el-pecho\/","name":"Abogado de Lesiones Tor\u00e1cicas - Oresky & Associates, PLLC","isPartOf":{"@id":"https:\/\/oreskylaw.com\/es\/#website"},"datePublished":"2025-12-10T06:29:32+00:00","dateModified":"2026-01-31T12:27:22+00:00","description":"Las lesiones tor\u00e1cicas pueden ser incapacitantes. Si la suya fue causada por la negligencia de otro, podr\u00eda tener derecho a compensaci\u00f3n. \u00a1Ll\u00e1menos hoy!","breadcrumb":{"@id":"https:\/\/oreskylaw.com\/es\/lesion\/abogados-de-lesiones-en-el-pecho\/#breadcrumb"},"inLanguage":"es","potentialAction":[{"@type":"ReadAction","target":["https:\/\/oreskylaw.com\/es\/lesion\/abogados-de-lesiones-en-el-pecho\/"]}]},{"@type":"BreadcrumbList","@id":"https:\/\/oreskylaw.com\/es\/lesion\/abogados-de-lesiones-en-el-pecho\/#breadcrumb","itemListElement":[{"@type":"ListItem","position":1,"name":"Inicio","item":"https:\/\/oreskylaw.com\/es\/"},{"@type":"ListItem","position":2,"name":"Recursos","item":"https:\/\/oreskylaw.com\/es\/lesion\/"},{"@type":"ListItem","position":3,"name":"Lesi\u00f3n de Pecho"}]},{"@type":"WebSite","@id":"https:\/\/oreskylaw.com\/es\/#website","url":"https:\/\/oreskylaw.com\/es\/","name":"Oresky & Associates PLLC","description":"","publisher":{"@id":"https:\/\/oreskylaw.com\/es\/#organization"},"potentialAction":[{"@type":"SearchAction","target":{"@type":"EntryPoint","urlTemplate":"https:\/\/oreskylaw.com\/es\/?s={search_term_string}"},"query-input":{"@type":"PropertyValueSpecification","valueRequired":true,"valueName":"search_term_string"}}],"inLanguage":"es"}]}},"_links":{"self":[{"href":"https:\/\/oreskylaw.com\/es\/wp-json\/wp\/v2\/pages\/20053","targetHints":{"allow":["GET"]}}],"collection":[{"href":"https:\/\/oreskylaw.com\/es\/wp-json\/wp\/v2\/pages"}],"about":[{"href":"https:\/\/oreskylaw.com\/es\/wp-json\/wp\/v2\/types\/page"}],"author":[{"embeddable":true,"href":"https:\/\/oreskylaw.com\/es\/wp-json\/wp\/v2\/users\/9"}],"replies":[{"embeddable":true,"href":"https:\/\/oreskylaw.com\/es\/wp-json\/wp\/v2\/comments?post=20053"}],"version-history":[{"count":0,"href":"https:\/\/oreskylaw.com\/es\/wp-json\/wp\/v2\/pages\/20053\/revisions"}],"up":[{"embeddable":true,"href":"https:\/\/oreskylaw.com\/es\/wp-json\/wp\/v2\/pages\/19949"}],"wp:attachment":[{"href":"https:\/\/oreskylaw.com\/es\/wp-json\/wp\/v2\/media?parent=20053"}],"curies":[{"name":"wp","href":"https:\/\/api.w.org\/{rel}","templated":true}]}}